{"id":3125,"date":"2016-08-06T10:00:18","date_gmt":"2016-08-06T08:00:18","guid":{"rendered":"http:\/\/2018.salve.si\/?post_type=product&#038;p=3125"},"modified":"2018-08-23T13:16:45","modified_gmt":"2018-08-23T11:16:45","slug":"moj-slovenski-testament","status":"publish","type":"product","link":"https:\/\/www.salve.si\/en\/trgovina\/knjige\/leposlovje\/moj-slovenski-testament\/","title":{"rendered":"Moj slovenski testament"},"content":{"rendered":"<p>Kdo ne pozna Jo\u017eeta in njegovih razmi\u0161ljanj o preteklosti, sedanjosti in prihodnosti Slovenije, o svetovnih in doma\u010dih pisateljih, pesnikih, skladateljih, kulturnikih in malih ljudeh, ki so ustvarili bogato zgodovino, ki je humana predvsem zato, ker je kr\u0161\u010danska, ker je sti\u010di\u0161\u010de Bo\u017ejega in \u010dlove\u0161kega, sad milosti in delo pridnih rok.<br \/>\nZa Jo\u017eetom je bogato obdobje novinarskega in duhovni\u0161kega poslanstva. Bisere svojega dela je ob svojem zlatem duhovni\u0161kem jubileju zbral v knjigi Moj slovenski testament. 50 esejev o \u017eivljenju, ki ne mine, v petih poglavjih, petih desetletjih zvestega slu\u017eenja njemu, ki je na\u0161 cilj, Bogu, na\u0161emu odre\u0161eniku. Lepo branje za vse, ki imajo radi na\u0161 narod in vidijo njegovo svetlo prihodnost.<span class=\"slv-content-keywords\"> Jo\u017ee Zadravec Leposlovje <\/span><\/p>","protected":false},"excerpt":{"rendered":"<p>Za Jo\u017eetom je bogato obdobje novinarskega in duhovni\u0161kega poslanstva. Bisere svojega dela je ob svojem zlatem duhovni\u0161kem jubileju zbral v knjigi Moj slovenski testament.<\/p>","protected":false},"featured_media":3126,"template":"","meta":{"_acf_changed":false,"footnotes":""},"product_cat":[312],"product_tag":[],"class_list":{"0":"post-3125","1":"product","2":"type-product","3":"status-publish","4":"has-post-thumbnail","6":"authors-joze-zadravec","7":"publisher-salve-d-o-o-ljubljana","8":"product_cat-leposlovje","10":"first","11":"instock","12":"shipping-taxable","13":"purchasable","14":"product-type-simple"},"acf":[],"yoast_head":"<!-- This site is optimized with the Yoast SEO plugin v23.8 - https:\/\/yoast.com\/wordpress\/plugins\/seo\/ -->\n<title>Moj slovenski testament - Salve<\/title>\n<meta name=\"robots\" content=\"index, follow, max-snippet:-1, max-image-preview:large, max-video-preview:-1\" \/>\n<link rel=\"canonical\" href=\"https:\/\/www.salve.si\/en\/trgovina\/knjige\/leposlovje\/moj-slovenski-testament\/\" \/>\n<meta property=\"og:locale\" content=\"en_US\" \/>\n<meta property=\"og:type\" content=\"article\" \/>\n<meta property=\"og:title\" content=\"Moj slovenski testament - Salve\" \/>\n<meta property=\"og:description\" content=\"Za Jo\u017eetom je bogato obdobje novinarskega in duhovni\u0161kega poslanstva. Bisere svojega dela je ob svojem zlatem duhovni\u0161kem jubileju zbral v knjigi Moj slovenski testament.\" \/>\n<meta property=\"og:url\" content=\"https:\/\/www.salve.si\/en\/trgovina\/knjige\/leposlovje\/moj-slovenski-testament\/\" \/>\n<meta property=\"og:site_name\" content=\"Salve\" \/>\n<meta property=\"article:publisher\" content=\"https:\/\/www.facebook.com\/salve.si\" \/>\n<meta property=\"article:modified_time\" content=\"2018-08-23T11:16:45+00:00\" \/>\n<meta property=\"og:image\" content=\"https:\/\/www.salve.si\/wp-content\/uploads\/2018\/03\/moj_slovenski_testament_naslovnica2.jpg\" \/>\n\t<meta property=\"og:image:width\" content=\"990\" \/>\n\t<meta property=\"og:image:height\" content=\"1380\" \/>\n\t<meta property=\"og:image:type\" content=\"image\/jpeg\" \/>\n<meta name=\"twitter:card\" content=\"summary_large_image\" \/>\n<meta name=\"twitter:label1\" content=\"Est. reading time\" \/>\n\t<meta name=\"twitter:data1\" content=\"1 minute\" \/>\n<script type=\"application\/ld+json\" class=\"yoast-schema-graph\">{\"@context\":\"https:\/\/schema.org\",\"@graph\":[{\"@type\":\"WebPage\",\"@id\":\"https:\/\/www.salve.si\/trgovina\/knjige\/leposlovje\/moj-slovenski-testament\/\",\"url\":\"https:\/\/www.salve.si\/trgovina\/knjige\/leposlovje\/moj-slovenski-testament\/\",\"name\":\"Moj slovenski testament - Salve\",\"isPartOf\":{\"@id\":\"https:\/\/www.salve.si\/#website\"},\"primaryImageOfPage\":{\"@id\":\"https:\/\/www.salve.si\/trgovina\/knjige\/leposlovje\/moj-slovenski-testament\/#primaryimage\"},\"image\":{\"@id\":\"https:\/\/www.salve.si\/trgovina\/knjige\/leposlovje\/moj-slovenski-testament\/#primaryimage\"},\"thumbnailUrl\":\"https:\/\/www.salve.si\/wp-content\/uploads\/2018\/03\/moj_slovenski_testament_naslovnica2.jpg\",\"datePublished\":\"2016-08-06T08:00:18+00:00\",\"dateModified\":\"2018-08-23T11:16:45+00:00\",\"breadcrumb\":{\"@id\":\"https:\/\/www.salve.si\/trgovina\/knjige\/leposlovje\/moj-slovenski-testament\/#breadcrumb\"},\"inLanguage\":\"en-US\",\"potentialAction\":[{\"@type\":\"ReadAction\",\"target\":[\"https:\/\/www.salve.si\/trgovina\/knjige\/leposlovje\/moj-slovenski-testament\/\"]}]},{\"@type\":\"ImageObject\",\"inLanguage\":\"en-US\",\"@id\":\"https:\/\/www.salve.si\/trgovina\/knjige\/leposlovje\/moj-slovenski-testament\/#primaryimage\",\"url\":\"https:\/\/www.salve.si\/wp-content\/uploads\/2018\/03\/moj_slovenski_testament_naslovnica2.jpg\",\"contentUrl\":\"https:\/\/www.salve.si\/wp-content\/uploads\/2018\/03\/moj_slovenski_testament_naslovnica2.jpg\",\"width\":990,\"height\":1380},{\"@type\":\"BreadcrumbList\",\"@id\":\"https:\/\/www.salve.si\/trgovina\/knjige\/leposlovje\/moj-slovenski-testament\/#breadcrumb\",\"itemListElement\":[{\"@type\":\"ListItem\",\"position\":1,\"name\":\"Home\",\"item\":\"https:\/\/www.salve.si\/\"},{\"@type\":\"ListItem\",\"position\":2,\"name\":\"Trgovina\",\"item\":\"https:\/\/www.salve.si\/trgovina\/\"},{\"@type\":\"ListItem\",\"position\":3,\"name\":\"Moj slovenski testament\"}]},{\"@type\":\"WebSite\",\"@id\":\"https:\/\/www.salve.si\/#website\",\"url\":\"https:\/\/www.salve.si\/\",\"name\":\"Salve\",\"description\":\"Salezijanska zalo\u017eba\",\"publisher\":{\"@id\":\"https:\/\/www.salve.si\/#organization\"},\"potentialAction\":[{\"@type\":\"SearchAction\",\"target\":{\"@type\":\"EntryPoint\",\"urlTemplate\":\"https:\/\/www.salve.si\/?s={search_term_string}\"},\"query-input\":{\"@type\":\"PropertyValueSpecification\",\"valueRequired\":true,\"valueName\":\"search_term_string\"}}],\"inLanguage\":\"en-US\"},{\"@type\":\"Organization\",\"@id\":\"https:\/\/www.salve.si\/#organization\",\"name\":\"Salve d.o.o.\",\"url\":\"https:\/\/www.salve.si\/\",\"logo\":{\"@type\":\"ImageObject\",\"inLanguage\":\"en-US\",\"@id\":\"https:\/\/www.salve.si\/#\/schema\/logo\/image\/\",\"url\":\"https:\/\/www.salve.si\/wp-content\/uploads\/2021\/01\/Salve_logo_modri_nov_web.png\",\"contentUrl\":\"https:\/\/www.salve.si\/wp-content\/uploads\/2021\/01\/Salve_logo_modri_nov_web.png\",\"width\":279,\"height\":90,\"caption\":\"Salve d.o.o.\"},\"image\":{\"@id\":\"https:\/\/www.salve.si\/#\/schema\/logo\/image\/\"},\"sameAs\":[\"https:\/\/www.facebook.com\/salve.si\",\"https:\/\/www.instagram.com\/zalozbasalve\/\",\"https:\/\/www.linkedin.com\/company\/zalozba-salve\/\"]}]}<\/script>\n<!-- \/ Yoast SEO plugin. -->","yoast_head_json":{"title":"Moj slovenski testament - Salve","robots":{"index":"index","follow":"follow","max-snippet":"max-snippet:-1","max-image-preview":"max-image-preview:large","max-video-preview":"max-video-preview:-1"},"canonical":"https:\/\/www.salve.si\/en\/trgovina\/knjige\/leposlovje\/moj-slovenski-testament\/","og_locale":"en_US","og_type":"article","og_title":"Moj slovenski testament - Salve","og_description":"Za Jo\u017eetom je bogato obdobje novinarskega in duhovni\u0161kega poslanstva. Bisere svojega dela je ob svojem zlatem duhovni\u0161kem jubileju zbral v knjigi Moj slovenski testament.","og_url":"https:\/\/www.salve.si\/en\/trgovina\/knjige\/leposlovje\/moj-slovenski-testament\/","og_site_name":"Salve","article_publisher":"https:\/\/www.facebook.com\/salve.si","article_modified_time":"2018-08-23T11:16:45+00:00","og_image":[{"width":990,"height":1380,"url":"https:\/\/www.salve.si\/wp-content\/uploads\/2018\/03\/moj_slovenski_testament_naslovnica2.jpg","type":"image\/jpeg"}],"twitter_card":"summary_large_image","twitter_misc":{"Est. reading time":"1 minute"},"schema":{"@context":"https:\/\/schema.org","@graph":[{"@type":"WebPage","@id":"https:\/\/www.salve.si\/trgovina\/knjige\/leposlovje\/moj-slovenski-testament\/","url":"https:\/\/www.salve.si\/trgovina\/knjige\/leposlovje\/moj-slovenski-testament\/","name":"Moj slovenski testament - Salve","isPartOf":{"@id":"https:\/\/www.salve.si\/#website"},"primaryImageOfPage":{"@id":"https:\/\/www.salve.si\/trgovina\/knjige\/leposlovje\/moj-slovenski-testament\/#primaryimage"},"image":{"@id":"https:\/\/www.salve.si\/trgovina\/knjige\/leposlovje\/moj-slovenski-testament\/#primaryimage"},"thumbnailUrl":"https:\/\/www.salve.si\/wp-content\/uploads\/2018\/03\/moj_slovenski_testament_naslovnica2.jpg","datePublished":"2016-08-06T08:00:18+00:00","dateModified":"2018-08-23T11:16:45+00:00","breadcrumb":{"@id":"https:\/\/www.salve.si\/trgovina\/knjige\/leposlovje\/moj-slovenski-testament\/#breadcrumb"},"inLanguage":"en-US","potentialAction":[{"@type":"ReadAction","target":["https:\/\/www.salve.si\/trgovina\/knjige\/leposlovje\/moj-slovenski-testament\/"]}]},{"@type":"ImageObject","inLanguage":"en-US","@id":"https:\/\/www.salve.si\/trgovina\/knjige\/leposlovje\/moj-slovenski-testament\/#primaryimage","url":"https:\/\/www.salve.si\/wp-content\/uploads\/2018\/03\/moj_slovenski_testament_naslovnica2.jpg","contentUrl":"https:\/\/www.salve.si\/wp-content\/uploads\/2018\/03\/moj_slovenski_testament_naslovnica2.jpg","width":990,"height":1380},{"@type":"BreadcrumbList","@id":"https:\/\/www.salve.si\/trgovina\/knjige\/leposlovje\/moj-slovenski-testament\/#breadcrumb","itemListElement":[{"@type":"ListItem","position":1,"name":"Home","item":"https:\/\/www.salve.si\/"},{"@type":"ListItem","position":2,"name":"Trgovina","item":"https:\/\/www.salve.si\/trgovina\/"},{"@type":"ListItem","position":3,"name":"Moj slovenski testament"}]},{"@type":"WebSite","@id":"https:\/\/www.salve.si\/#website","url":"https:\/\/www.salve.si\/","name":"Salve","description":"Salezijanska zalo\u017eba","publisher":{"@id":"https:\/\/www.salve.si\/#organization"},"potentialAction":[{"@type":"SearchAction","target":{"@type":"EntryPoint","urlTemplate":"https:\/\/www.salve.si\/?s={search_term_string}"},"query-input":{"@type":"PropertyValueSpecification","valueRequired":true,"valueName":"search_term_string"}}],"inLanguage":"en-US"},{"@type":"Organization","@id":"https:\/\/www.salve.si\/#organization","name":"Salve d.o.o.","url":"https:\/\/www.salve.si\/","logo":{"@type":"ImageObject","inLanguage":"en-US","@id":"https:\/\/www.salve.si\/#\/schema\/logo\/image\/","url":"https:\/\/www.salve.si\/wp-content\/uploads\/2021\/01\/Salve_logo_modri_nov_web.png","contentUrl":"https:\/\/www.salve.si\/wp-content\/uploads\/2021\/01\/Salve_logo_modri_nov_web.png","width":279,"height":90,"caption":"Salve d.o.o."},"image":{"@id":"https:\/\/www.salve.si\/#\/schema\/logo\/image\/"},"sameAs":["https:\/\/www.facebook.com\/salve.si","https:\/\/www.instagram.com\/zalozbasalve\/","https:\/\/www.linkedin.com\/company\/zalozba-salve\/"]}]}},"_links":{"self":[{"href":"https:\/\/www.salve.si\/en\/wp-json\/wp\/v2\/product\/3125","targetHints":{"allow":["GET"]}}],"collection":[{"href":"https:\/\/www.salve.si\/en\/wp-json\/wp\/v2\/product"}],"about":[{"href":"https:\/\/www.salve.si\/en\/wp-json\/wp\/v2\/types\/product"}],"version-history":[{"count":0,"href":"https:\/\/www.salve.si\/en\/wp-json\/wp\/v2\/product\/3125\/revisions"}],"wp:featuredmedia":[{"embeddable":true,"href":"https:\/\/www.salve.si\/en\/wp-json\/wp\/v2\/media\/3126"}],"wp:attachment":[{"href":"https:\/\/www.salve.si\/en\/wp-json\/wp\/v2\/media?parent=3125"}],"wp:term":[{"taxonomy":"product_cat","embeddable":true,"href":"https:\/\/www.salve.si\/en\/wp-json\/wp\/v2\/product_cat?post=3125"},{"taxonomy":"product_tag","embeddable":true,"href":"https:\/\/www.salve.si\/en\/wp-json\/wp\/v2\/product_tag?post=3125"}],"curies":[{"name":"wp","href":"https:\/\/api.w.org\/{rel}","templated":true}]}}