{"id":3121,"date":"2015-08-06T10:00:31","date_gmt":"2015-08-06T08:00:31","guid":{"rendered":"http:\/\/2018.salve.si\/?post_type=product&#038;p=3121"},"modified":"2024-01-01T23:00:41","modified_gmt":"2024-01-01T22:00:41","slug":"kristus-bo-zmagal-po-mariji","status":"publish","type":"product","link":"https:\/\/www.salve.si\/en\/trgovina\/knjige\/teologija-in-duhovnost\/kristus-bo-zmagal-po-mariji\/","title":{"rendered":"Kristus bo zmagal po Mariji"},"content":{"rendered":"<p>Knji\u017eice v zbirki Sto let Fatime so v prvi vrsti pripomo\u010dek za dobro duhovno pripravo na prihod fatimske Marije romarice v letu 2016 in obhajanje stoletnice fatimskih dogodkov leta 2016\/17. Osnova zanje so angelova in Marijina sporo\u010dila ter ravnanje fatimskih pastir\u010dkov.<br \/>\nV prvi knji\u017eici, ki ima naslov Kristus bo zmagal po Mariji, so jedrnato prikazani bistveni fatimski dogodki in njihov odmev v \u017eivljenju Cerkve od leta 1916 do danes. To vsebino naj bi poznal vsak slovenski kristjan, \u010de ho\u010de dejavno in z razumevanjem sodelovati ob obisku fatimske Marije romarice in biti dele\u017een obilnej\u0161ih milosti.<span class=\"slv-content-keywords\"> Teologija in duhovnost Anton Nadrah Sto let Fatime Fatima Jezus Kristus Marija zmaga <\/span><\/p>","protected":false},"excerpt":{"rendered":"<p>Prva knji\u017eica v zbirki Sto let Fatime.<\/p>","protected":false},"featured_media":12596,"template":"","meta":{"_acf_changed":false,"footnotes":""},"product_cat":[314],"product_tag":[931,750,991,337,992],"class_list":{"0":"post-3121","1":"product","2":"type-product","3":"status-publish","4":"has-post-thumbnail","6":"zbirke-sto-let-fatime","7":"authors-anton-nadrah","8":"publisher-salve-d-o-o-ljubljana","9":"product_cat-teologija-in-duhovnost","10":"product_tag-fatima","11":"product_tag-jezus","12":"product_tag-kristus","13":"product_tag-marija","14":"product_tag-zmaga","16":"first","17":"instock","18":"shipping-taxable","19":"purchasable","20":"product-type-simple"},"acf":[],"yoast_head":"<!-- This site is optimized with the Yoast SEO plugin v23.8 - https:\/\/yoast.com\/wordpress\/plugins\/seo\/ -->\n<title>Kristus bo zmagal po Mariji - Salve<\/title>\n<meta name=\"robots\" content=\"index, follow, max-snippet:-1, max-image-preview:large, max-video-preview:-1\" \/>\n<link rel=\"canonical\" href=\"https:\/\/www.salve.si\/en\/trgovina\/knjige\/teologija-in-duhovnost\/kristus-bo-zmagal-po-mariji\/\" \/>\n<meta property=\"og:locale\" content=\"en_US\" \/>\n<meta property=\"og:type\" content=\"article\" \/>\n<meta property=\"og:title\" content=\"Kristus bo zmagal po Mariji - Salve\" \/>\n<meta property=\"og:description\" content=\"Prva knji\u017eica v zbirki Sto let Fatime.\" \/>\n<meta property=\"og:url\" content=\"https:\/\/www.salve.si\/en\/trgovina\/knjige\/teologija-in-duhovnost\/kristus-bo-zmagal-po-mariji\/\" \/>\n<meta property=\"og:site_name\" content=\"Salve\" \/>\n<meta property=\"article:publisher\" content=\"https:\/\/www.facebook.com\/salve.si\" \/>\n<meta property=\"article:modified_time\" content=\"2024-01-01T22:00:41+00:00\" \/>\n<meta property=\"og:image\" content=\"https:\/\/www.salve.si\/wp-content\/uploads\/2015\/08\/Kristus-bo-zmagal-po-Mariji.jpg\" \/>\n\t<meta property=\"og:image:width\" content=\"400\" \/>\n\t<meta property=\"og:image:height\" content=\"563\" \/>\n\t<meta property=\"og:image:type\" content=\"image\/jpeg\" \/>\n<meta name=\"twitter:card\" content=\"summary_large_image\" \/>\n<meta name=\"twitter:label1\" content=\"Est. reading time\" \/>\n\t<meta name=\"twitter:data1\" content=\"1 minute\" \/>\n<script type=\"application\/ld+json\" class=\"yoast-schema-graph\">{\"@context\":\"https:\/\/schema.org\",\"@graph\":[{\"@type\":\"WebPage\",\"@id\":\"https:\/\/www.salve.si\/trgovina\/knjige\/teologija-in-duhovnost\/kristus-bo-zmagal-po-mariji\/\",\"url\":\"https:\/\/www.salve.si\/trgovina\/knjige\/teologija-in-duhovnost\/kristus-bo-zmagal-po-mariji\/\",\"name\":\"Kristus bo zmagal po Mariji - Salve\",\"isPartOf\":{\"@id\":\"https:\/\/www.salve.si\/#website\"},\"primaryImageOfPage\":{\"@id\":\"https:\/\/www.salve.si\/trgovina\/knjige\/teologija-in-duhovnost\/kristus-bo-zmagal-po-mariji\/#primaryimage\"},\"image\":{\"@id\":\"https:\/\/www.salve.si\/trgovina\/knjige\/teologija-in-duhovnost\/kristus-bo-zmagal-po-mariji\/#primaryimage\"},\"thumbnailUrl\":\"https:\/\/www.salve.si\/wp-content\/uploads\/2015\/08\/Kristus-bo-zmagal-po-Mariji.jpg\",\"datePublished\":\"2015-08-06T08:00:31+00:00\",\"dateModified\":\"2024-01-01T22:00:41+00:00\",\"breadcrumb\":{\"@id\":\"https:\/\/www.salve.si\/trgovina\/knjige\/teologija-in-duhovnost\/kristus-bo-zmagal-po-mariji\/#breadcrumb\"},\"inLanguage\":\"en-US\",\"potentialAction\":[{\"@type\":\"ReadAction\",\"target\":[\"https:\/\/www.salve.si\/trgovina\/knjige\/teologija-in-duhovnost\/kristus-bo-zmagal-po-mariji\/\"]}]},{\"@type\":\"ImageObject\",\"inLanguage\":\"en-US\",\"@id\":\"https:\/\/www.salve.si\/trgovina\/knjige\/teologija-in-duhovnost\/kristus-bo-zmagal-po-mariji\/#primaryimage\",\"url\":\"https:\/\/www.salve.si\/wp-content\/uploads\/2015\/08\/Kristus-bo-zmagal-po-Mariji.jpg\",\"contentUrl\":\"https:\/\/www.salve.si\/wp-content\/uploads\/2015\/08\/Kristus-bo-zmagal-po-Mariji.jpg\",\"width\":400,\"height\":563},{\"@type\":\"BreadcrumbList\",\"@id\":\"https:\/\/www.salve.si\/trgovina\/knjige\/teologija-in-duhovnost\/kristus-bo-zmagal-po-mariji\/#breadcrumb\",\"itemListElement\":[{\"@type\":\"ListItem\",\"position\":1,\"name\":\"Home\",\"item\":\"https:\/\/www.salve.si\/\"},{\"@type\":\"ListItem\",\"position\":2,\"name\":\"Trgovina\",\"item\":\"https:\/\/www.salve.si\/trgovina\/\"},{\"@type\":\"ListItem\",\"position\":3,\"name\":\"Kristus bo zmagal po Mariji\"}]},{\"@type\":\"WebSite\",\"@id\":\"https:\/\/www.salve.si\/#website\",\"url\":\"https:\/\/www.salve.si\/\",\"name\":\"Salve\",\"description\":\"Salezijanska zalo\u017eba\",\"publisher\":{\"@id\":\"https:\/\/www.salve.si\/#organization\"},\"potentialAction\":[{\"@type\":\"SearchAction\",\"target\":{\"@type\":\"EntryPoint\",\"urlTemplate\":\"https:\/\/www.salve.si\/?s={search_term_string}\"},\"query-input\":{\"@type\":\"PropertyValueSpecification\",\"valueRequired\":true,\"valueName\":\"search_term_string\"}}],\"inLanguage\":\"en-US\"},{\"@type\":\"Organization\",\"@id\":\"https:\/\/www.salve.si\/#organization\",\"name\":\"Salve d.o.o.\",\"url\":\"https:\/\/www.salve.si\/\",\"logo\":{\"@type\":\"ImageObject\",\"inLanguage\":\"en-US\",\"@id\":\"https:\/\/www.salve.si\/#\/schema\/logo\/image\/\",\"url\":\"https:\/\/www.salve.si\/wp-content\/uploads\/2021\/01\/Salve_logo_modri_nov_web.png\",\"contentUrl\":\"https:\/\/www.salve.si\/wp-content\/uploads\/2021\/01\/Salve_logo_modri_nov_web.png\",\"width\":279,\"height\":90,\"caption\":\"Salve d.o.o.\"},\"image\":{\"@id\":\"https:\/\/www.salve.si\/#\/schema\/logo\/image\/\"},\"sameAs\":[\"https:\/\/www.facebook.com\/salve.si\",\"https:\/\/www.instagram.com\/zalozbasalve\/\",\"https:\/\/www.linkedin.com\/company\/zalozba-salve\/\"]}]}<\/script>\n<!-- \/ Yoast SEO plugin. -->","yoast_head_json":{"title":"Kristus bo zmagal po Mariji - Salve","robots":{"index":"index","follow":"follow","max-snippet":"max-snippet:-1","max-image-preview":"max-image-preview:large","max-video-preview":"max-video-preview:-1"},"canonical":"https:\/\/www.salve.si\/en\/trgovina\/knjige\/teologija-in-duhovnost\/kristus-bo-zmagal-po-mariji\/","og_locale":"en_US","og_type":"article","og_title":"Kristus bo zmagal po Mariji - Salve","og_description":"Prva knji\u017eica v zbirki Sto let Fatime.","og_url":"https:\/\/www.salve.si\/en\/trgovina\/knjige\/teologija-in-duhovnost\/kristus-bo-zmagal-po-mariji\/","og_site_name":"Salve","article_publisher":"https:\/\/www.facebook.com\/salve.si","article_modified_time":"2024-01-01T22:00:41+00:00","og_image":[{"width":400,"height":563,"url":"https:\/\/www.salve.si\/wp-content\/uploads\/2015\/08\/Kristus-bo-zmagal-po-Mariji.jpg","type":"image\/jpeg"}],"twitter_card":"summary_large_image","twitter_misc":{"Est. reading time":"1 minute"},"schema":{"@context":"https:\/\/schema.org","@graph":[{"@type":"WebPage","@id":"https:\/\/www.salve.si\/trgovina\/knjige\/teologija-in-duhovnost\/kristus-bo-zmagal-po-mariji\/","url":"https:\/\/www.salve.si\/trgovina\/knjige\/teologija-in-duhovnost\/kristus-bo-zmagal-po-mariji\/","name":"Kristus bo zmagal po Mariji - Salve","isPartOf":{"@id":"https:\/\/www.salve.si\/#website"},"primaryImageOfPage":{"@id":"https:\/\/www.salve.si\/trgovina\/knjige\/teologija-in-duhovnost\/kristus-bo-zmagal-po-mariji\/#primaryimage"},"image":{"@id":"https:\/\/www.salve.si\/trgovina\/knjige\/teologija-in-duhovnost\/kristus-bo-zmagal-po-mariji\/#primaryimage"},"thumbnailUrl":"https:\/\/www.salve.si\/wp-content\/uploads\/2015\/08\/Kristus-bo-zmagal-po-Mariji.jpg","datePublished":"2015-08-06T08:00:31+00:00","dateModified":"2024-01-01T22:00:41+00:00","breadcrumb":{"@id":"https:\/\/www.salve.si\/trgovina\/knjige\/teologija-in-duhovnost\/kristus-bo-zmagal-po-mariji\/#breadcrumb"},"inLanguage":"en-US","potentialAction":[{"@type":"ReadAction","target":["https:\/\/www.salve.si\/trgovina\/knjige\/teologija-in-duhovnost\/kristus-bo-zmagal-po-mariji\/"]}]},{"@type":"ImageObject","inLanguage":"en-US","@id":"https:\/\/www.salve.si\/trgovina\/knjige\/teologija-in-duhovnost\/kristus-bo-zmagal-po-mariji\/#primaryimage","url":"https:\/\/www.salve.si\/wp-content\/uploads\/2015\/08\/Kristus-bo-zmagal-po-Mariji.jpg","contentUrl":"https:\/\/www.salve.si\/wp-content\/uploads\/2015\/08\/Kristus-bo-zmagal-po-Mariji.jpg","width":400,"height":563},{"@type":"BreadcrumbList","@id":"https:\/\/www.salve.si\/trgovina\/knjige\/teologija-in-duhovnost\/kristus-bo-zmagal-po-mariji\/#breadcrumb","itemListElement":[{"@type":"ListItem","position":1,"name":"Home","item":"https:\/\/www.salve.si\/"},{"@type":"ListItem","position":2,"name":"Trgovina","item":"https:\/\/www.salve.si\/trgovina\/"},{"@type":"ListItem","position":3,"name":"Kristus bo zmagal po Mariji"}]},{"@type":"WebSite","@id":"https:\/\/www.salve.si\/#website","url":"https:\/\/www.salve.si\/","name":"Salve","description":"Salezijanska zalo\u017eba","publisher":{"@id":"https:\/\/www.salve.si\/#organization"},"potentialAction":[{"@type":"SearchAction","target":{"@type":"EntryPoint","urlTemplate":"https:\/\/www.salve.si\/?s={search_term_string}"},"query-input":{"@type":"PropertyValueSpecification","valueRequired":true,"valueName":"search_term_string"}}],"inLanguage":"en-US"},{"@type":"Organization","@id":"https:\/\/www.salve.si\/#organization","name":"Salve d.o.o.","url":"https:\/\/www.salve.si\/","logo":{"@type":"ImageObject","inLanguage":"en-US","@id":"https:\/\/www.salve.si\/#\/schema\/logo\/image\/","url":"https:\/\/www.salve.si\/wp-content\/uploads\/2021\/01\/Salve_logo_modri_nov_web.png","contentUrl":"https:\/\/www.salve.si\/wp-content\/uploads\/2021\/01\/Salve_logo_modri_nov_web.png","width":279,"height":90,"caption":"Salve d.o.o."},"image":{"@id":"https:\/\/www.salve.si\/#\/schema\/logo\/image\/"},"sameAs":["https:\/\/www.facebook.com\/salve.si","https:\/\/www.instagram.com\/zalozbasalve\/","https:\/\/www.linkedin.com\/company\/zalozba-salve\/"]}]}},"_links":{"self":[{"href":"https:\/\/www.salve.si\/en\/wp-json\/wp\/v2\/product\/3121","targetHints":{"allow":["GET"]}}],"collection":[{"href":"https:\/\/www.salve.si\/en\/wp-json\/wp\/v2\/product"}],"about":[{"href":"https:\/\/www.salve.si\/en\/wp-json\/wp\/v2\/types\/product"}],"version-history":[{"count":2,"href":"https:\/\/www.salve.si\/en\/wp-json\/wp\/v2\/product\/3121\/revisions"}],"predecessor-version":[{"id":16384,"href":"https:\/\/www.salve.si\/en\/wp-json\/wp\/v2\/product\/3121\/revisions\/16384"}],"wp:featuredmedia":[{"embeddable":true,"href":"https:\/\/www.salve.si\/en\/wp-json\/wp\/v2\/media\/12596"}],"wp:attachment":[{"href":"https:\/\/www.salve.si\/en\/wp-json\/wp\/v2\/media?parent=3121"}],"wp:term":[{"taxonomy":"product_cat","embeddable":true,"href":"https:\/\/www.salve.si\/en\/wp-json\/wp\/v2\/product_cat?post=3121"},{"taxonomy":"product_tag","embeddable":true,"href":"https:\/\/www.salve.si\/en\/wp-json\/wp\/v2\/product_tag?post=3121"}],"curies":[{"name":"wp","href":"https:\/\/api.w.org\/{rel}","templated":true}]}}