{"id":3117,"date":"2016-08-03T10:00:44","date_gmt":"2016-08-03T08:00:44","guid":{"rendered":"http:\/\/2018.salve.si\/?post_type=product&#038;p=3117"},"modified":"2020-11-11T16:40:27","modified_gmt":"2020-11-11T15:40:27","slug":"zdaj-gre-zares","status":"publish","type":"product","link":"https:\/\/www.salve.si\/en\/trgovina\/knjige\/oratorij\/zdaj-gre-zares\/","title":{"rendered":"Zdaj gre zares!"},"content":{"rendered":"<p>Otroci se v \u010dasu odra\u0161\u010danja sre\u010dujejo z razli\u010dnimi sku\u0161njavami, ki nam jih zgodba o Ostr\u017eku odli\u010dno predstavi. Le s trdno voljo, vsakodnevnimi pravimi odlo\u010ditvami in s pomo\u010djo na\u0161ih sopotnikov Ostr\u017eek in vsak posameznik lahko postane odgovorna oseba. Poleg simbolov dneva v tokratnem priro\u010dniku najdete tudi antisimbole, ki nam lahko pomagajo \u0161e bolj osvetliti vrednoto dneva.<\/p>\n<p>Ves teden nas bodo spremljali na\u0161i nebe\u0161ki zavetniki, kot so sv. Ludvik in Zelija, bl. Anton M. Slom\u0161ek, sv. Damijan, sv. Avgu\u0161tin in bl. Mati Terezija. Zgledi svetnikov so mo\u010dni svetilniki, ki nam pomagajo na poti \u010dlove\u0161ke rasti.<br \/>\nVzgoja otrok je v prvi vrsti zaupana star\u0161em. Da bi skupaj odkrivali pomen vzgoje in dru\u017einskega \u017eivljenja, smo pripravili katehezo, ki jo izvedemo skupaj s star\u0161i in otroki.<span class=\"slv-content-keywords\"> Animator Animatorji H\u010dere Marije Pomo\u010dnice Salezijanci Oratorij Priro\u010dnik za oblikovanje otrok in dora\u0161\u010dajo\u010dih <\/span><\/p>","protected":false},"excerpt":{"rendered":"<p>Zgodba o Ostr\u017eku je stara \u017ee ve\u010d kot stoletje, vendar \u0161e vedno zelo aktualna. Pomaga nam razumeti, da postati de\u010dek \u2013 odrasti \u2013 ni tako preprosto.<\/p>","protected":false},"featured_media":12574,"template":"","meta":{"_acf_changed":false,"footnotes":""},"product_cat":[265],"product_tag":[],"class_list":{"0":"post-3117","1":"product","2":"type-product","3":"status-publish","4":"has-post-thumbnail","6":"zbirke-animator","7":"authors-animatorji","8":"authors-hcere-marije-pomocnice","9":"authors-salezijanci","10":"publisher-salve-d-o-o-ljubljana","11":"product_cat-oratorij","13":"first","14":"instock","15":"shipping-taxable","16":"purchasable","17":"product-type-simple"},"acf":[],"yoast_head":"<!-- This site is optimized with the Yoast SEO plugin v23.8 - https:\/\/yoast.com\/wordpress\/plugins\/seo\/ -->\n<title>Zdaj gre zares! - Salve<\/title>\n<meta name=\"robots\" content=\"index, follow, max-snippet:-1, max-image-preview:large, max-video-preview:-1\" \/>\n<link rel=\"canonical\" href=\"https:\/\/www.salve.si\/en\/trgovina\/knjige\/oratorij\/zdaj-gre-zares\/\" \/>\n<meta property=\"og:locale\" content=\"en_US\" \/>\n<meta property=\"og:type\" content=\"article\" \/>\n<meta property=\"og:title\" content=\"Zdaj gre zares! - Salve\" \/>\n<meta property=\"og:description\" content=\"Zgodba o Ostr\u017eku je stara \u017ee ve\u010d kot stoletje, vendar \u0161e vedno zelo aktualna. Pomaga nam razumeti, da postati de\u010dek \u2013 odrasti \u2013 ni tako preprosto.\" \/>\n<meta property=\"og:url\" content=\"https:\/\/www.salve.si\/en\/trgovina\/knjige\/oratorij\/zdaj-gre-zares\/\" \/>\n<meta property=\"og:site_name\" content=\"Salve\" \/>\n<meta property=\"article:publisher\" content=\"https:\/\/www.facebook.com\/salve.si\" \/>\n<meta property=\"article:modified_time\" content=\"2020-11-11T15:40:27+00:00\" \/>\n<meta property=\"og:image\" content=\"https:\/\/www.salve.si\/wp-content\/uploads\/2016\/08\/Zdaj-gre-zares.jpg\" \/>\n\t<meta property=\"og:image:width\" content=\"474\" \/>\n\t<meta property=\"og:image:height\" content=\"690\" \/>\n\t<meta property=\"og:image:type\" content=\"image\/jpeg\" \/>\n<meta name=\"twitter:card\" content=\"summary_large_image\" \/>\n<meta name=\"twitter:label1\" content=\"Est. reading time\" \/>\n\t<meta name=\"twitter:data1\" content=\"1 minute\" \/>\n<script type=\"application\/ld+json\" class=\"yoast-schema-graph\">{\"@context\":\"https:\/\/schema.org\",\"@graph\":[{\"@type\":\"WebPage\",\"@id\":\"https:\/\/www.salve.si\/trgovina\/knjige\/oratorij\/zdaj-gre-zares\/\",\"url\":\"https:\/\/www.salve.si\/trgovina\/knjige\/oratorij\/zdaj-gre-zares\/\",\"name\":\"Zdaj gre zares! - Salve\",\"isPartOf\":{\"@id\":\"https:\/\/www.salve.si\/#website\"},\"primaryImageOfPage\":{\"@id\":\"https:\/\/www.salve.si\/trgovina\/knjige\/oratorij\/zdaj-gre-zares\/#primaryimage\"},\"image\":{\"@id\":\"https:\/\/www.salve.si\/trgovina\/knjige\/oratorij\/zdaj-gre-zares\/#primaryimage\"},\"thumbnailUrl\":\"https:\/\/www.salve.si\/wp-content\/uploads\/2016\/08\/Zdaj-gre-zares.jpg\",\"datePublished\":\"2016-08-03T08:00:44+00:00\",\"dateModified\":\"2020-11-11T15:40:27+00:00\",\"breadcrumb\":{\"@id\":\"https:\/\/www.salve.si\/trgovina\/knjige\/oratorij\/zdaj-gre-zares\/#breadcrumb\"},\"inLanguage\":\"en-US\",\"potentialAction\":[{\"@type\":\"ReadAction\",\"target\":[\"https:\/\/www.salve.si\/trgovina\/knjige\/oratorij\/zdaj-gre-zares\/\"]}]},{\"@type\":\"ImageObject\",\"inLanguage\":\"en-US\",\"@id\":\"https:\/\/www.salve.si\/trgovina\/knjige\/oratorij\/zdaj-gre-zares\/#primaryimage\",\"url\":\"https:\/\/www.salve.si\/wp-content\/uploads\/2016\/08\/Zdaj-gre-zares.jpg\",\"contentUrl\":\"https:\/\/www.salve.si\/wp-content\/uploads\/2016\/08\/Zdaj-gre-zares.jpg\",\"width\":474,\"height\":690},{\"@type\":\"BreadcrumbList\",\"@id\":\"https:\/\/www.salve.si\/trgovina\/knjige\/oratorij\/zdaj-gre-zares\/#breadcrumb\",\"itemListElement\":[{\"@type\":\"ListItem\",\"position\":1,\"name\":\"Home\",\"item\":\"https:\/\/www.salve.si\/\"},{\"@type\":\"ListItem\",\"position\":2,\"name\":\"Trgovina\",\"item\":\"https:\/\/www.salve.si\/trgovina\/\"},{\"@type\":\"ListItem\",\"position\":3,\"name\":\"Zdaj gre zares!\"}]},{\"@type\":\"WebSite\",\"@id\":\"https:\/\/www.salve.si\/#website\",\"url\":\"https:\/\/www.salve.si\/\",\"name\":\"Salve\",\"description\":\"Salezijanska zalo\u017eba\",\"publisher\":{\"@id\":\"https:\/\/www.salve.si\/#organization\"},\"potentialAction\":[{\"@type\":\"SearchAction\",\"target\":{\"@type\":\"EntryPoint\",\"urlTemplate\":\"https:\/\/www.salve.si\/?s={search_term_string}\"},\"query-input\":{\"@type\":\"PropertyValueSpecification\",\"valueRequired\":true,\"valueName\":\"search_term_string\"}}],\"inLanguage\":\"en-US\"},{\"@type\":\"Organization\",\"@id\":\"https:\/\/www.salve.si\/#organization\",\"name\":\"Salve d.o.o.\",\"url\":\"https:\/\/www.salve.si\/\",\"logo\":{\"@type\":\"ImageObject\",\"inLanguage\":\"en-US\",\"@id\":\"https:\/\/www.salve.si\/#\/schema\/logo\/image\/\",\"url\":\"https:\/\/www.salve.si\/wp-content\/uploads\/2021\/01\/Salve_logo_modri_nov_web.png\",\"contentUrl\":\"https:\/\/www.salve.si\/wp-content\/uploads\/2021\/01\/Salve_logo_modri_nov_web.png\",\"width\":279,\"height\":90,\"caption\":\"Salve d.o.o.\"},\"image\":{\"@id\":\"https:\/\/www.salve.si\/#\/schema\/logo\/image\/\"},\"sameAs\":[\"https:\/\/www.facebook.com\/salve.si\",\"https:\/\/www.instagram.com\/zalozbasalve\/\",\"https:\/\/www.linkedin.com\/company\/zalozba-salve\/\"]}]}<\/script>\n<!-- \/ Yoast SEO plugin. -->","yoast_head_json":{"title":"Zdaj gre zares! - Salve","robots":{"index":"index","follow":"follow","max-snippet":"max-snippet:-1","max-image-preview":"max-image-preview:large","max-video-preview":"max-video-preview:-1"},"canonical":"https:\/\/www.salve.si\/en\/trgovina\/knjige\/oratorij\/zdaj-gre-zares\/","og_locale":"en_US","og_type":"article","og_title":"Zdaj gre zares! - Salve","og_description":"Zgodba o Ostr\u017eku je stara \u017ee ve\u010d kot stoletje, vendar \u0161e vedno zelo aktualna. Pomaga nam razumeti, da postati de\u010dek \u2013 odrasti \u2013 ni tako preprosto.","og_url":"https:\/\/www.salve.si\/en\/trgovina\/knjige\/oratorij\/zdaj-gre-zares\/","og_site_name":"Salve","article_publisher":"https:\/\/www.facebook.com\/salve.si","article_modified_time":"2020-11-11T15:40:27+00:00","og_image":[{"width":474,"height":690,"url":"https:\/\/www.salve.si\/wp-content\/uploads\/2016\/08\/Zdaj-gre-zares.jpg","type":"image\/jpeg"}],"twitter_card":"summary_large_image","twitter_misc":{"Est. reading time":"1 minute"},"schema":{"@context":"https:\/\/schema.org","@graph":[{"@type":"WebPage","@id":"https:\/\/www.salve.si\/trgovina\/knjige\/oratorij\/zdaj-gre-zares\/","url":"https:\/\/www.salve.si\/trgovina\/knjige\/oratorij\/zdaj-gre-zares\/","name":"Zdaj gre zares! - Salve","isPartOf":{"@id":"https:\/\/www.salve.si\/#website"},"primaryImageOfPage":{"@id":"https:\/\/www.salve.si\/trgovina\/knjige\/oratorij\/zdaj-gre-zares\/#primaryimage"},"image":{"@id":"https:\/\/www.salve.si\/trgovina\/knjige\/oratorij\/zdaj-gre-zares\/#primaryimage"},"thumbnailUrl":"https:\/\/www.salve.si\/wp-content\/uploads\/2016\/08\/Zdaj-gre-zares.jpg","datePublished":"2016-08-03T08:00:44+00:00","dateModified":"2020-11-11T15:40:27+00:00","breadcrumb":{"@id":"https:\/\/www.salve.si\/trgovina\/knjige\/oratorij\/zdaj-gre-zares\/#breadcrumb"},"inLanguage":"en-US","potentialAction":[{"@type":"ReadAction","target":["https:\/\/www.salve.si\/trgovina\/knjige\/oratorij\/zdaj-gre-zares\/"]}]},{"@type":"ImageObject","inLanguage":"en-US","@id":"https:\/\/www.salve.si\/trgovina\/knjige\/oratorij\/zdaj-gre-zares\/#primaryimage","url":"https:\/\/www.salve.si\/wp-content\/uploads\/2016\/08\/Zdaj-gre-zares.jpg","contentUrl":"https:\/\/www.salve.si\/wp-content\/uploads\/2016\/08\/Zdaj-gre-zares.jpg","width":474,"height":690},{"@type":"BreadcrumbList","@id":"https:\/\/www.salve.si\/trgovina\/knjige\/oratorij\/zdaj-gre-zares\/#breadcrumb","itemListElement":[{"@type":"ListItem","position":1,"name":"Home","item":"https:\/\/www.salve.si\/"},{"@type":"ListItem","position":2,"name":"Trgovina","item":"https:\/\/www.salve.si\/trgovina\/"},{"@type":"ListItem","position":3,"name":"Zdaj gre zares!"}]},{"@type":"WebSite","@id":"https:\/\/www.salve.si\/#website","url":"https:\/\/www.salve.si\/","name":"Salve","description":"Salezijanska zalo\u017eba","publisher":{"@id":"https:\/\/www.salve.si\/#organization"},"potentialAction":[{"@type":"SearchAction","target":{"@type":"EntryPoint","urlTemplate":"https:\/\/www.salve.si\/?s={search_term_string}"},"query-input":{"@type":"PropertyValueSpecification","valueRequired":true,"valueName":"search_term_string"}}],"inLanguage":"en-US"},{"@type":"Organization","@id":"https:\/\/www.salve.si\/#organization","name":"Salve d.o.o.","url":"https:\/\/www.salve.si\/","logo":{"@type":"ImageObject","inLanguage":"en-US","@id":"https:\/\/www.salve.si\/#\/schema\/logo\/image\/","url":"https:\/\/www.salve.si\/wp-content\/uploads\/2021\/01\/Salve_logo_modri_nov_web.png","contentUrl":"https:\/\/www.salve.si\/wp-content\/uploads\/2021\/01\/Salve_logo_modri_nov_web.png","width":279,"height":90,"caption":"Salve d.o.o."},"image":{"@id":"https:\/\/www.salve.si\/#\/schema\/logo\/image\/"},"sameAs":["https:\/\/www.facebook.com\/salve.si","https:\/\/www.instagram.com\/zalozbasalve\/","https:\/\/www.linkedin.com\/company\/zalozba-salve\/"]}]}},"_links":{"self":[{"href":"https:\/\/www.salve.si\/en\/wp-json\/wp\/v2\/product\/3117","targetHints":{"allow":["GET"]}}],"collection":[{"href":"https:\/\/www.salve.si\/en\/wp-json\/wp\/v2\/product"}],"about":[{"href":"https:\/\/www.salve.si\/en\/wp-json\/wp\/v2\/types\/product"}],"version-history":[{"count":1,"href":"https:\/\/www.salve.si\/en\/wp-json\/wp\/v2\/product\/3117\/revisions"}],"predecessor-version":[{"id":12575,"href":"https:\/\/www.salve.si\/en\/wp-json\/wp\/v2\/product\/3117\/revisions\/12575"}],"wp:featuredmedia":[{"embeddable":true,"href":"https:\/\/www.salve.si\/en\/wp-json\/wp\/v2\/media\/12574"}],"wp:attachment":[{"href":"https:\/\/www.salve.si\/en\/wp-json\/wp\/v2\/media?parent=3117"}],"wp:term":[{"taxonomy":"product_cat","embeddable":true,"href":"https:\/\/www.salve.si\/en\/wp-json\/wp\/v2\/product_cat?post=3117"},{"taxonomy":"product_tag","embeddable":true,"href":"https:\/\/www.salve.si\/en\/wp-json\/wp\/v2\/product_tag?post=3117"}],"curies":[{"name":"wp","href":"https:\/\/api.w.org\/{rel}","templated":true}]}}