{"id":3093,"date":"2016-01-05T10:00:22","date_gmt":"2016-01-05T09:00:22","guid":{"rendered":"http:\/\/2018.salve.si\/?post_type=product&#038;p=3093"},"modified":"2022-12-07T14:59:23","modified_gmt":"2022-12-07T13:59:23","slug":"jakobova-pot","status":"publish","type":"product","link":"https:\/\/www.salve.si\/en\/trgovina\/knjige\/prirocniki\/jakobova-pot\/","title":{"rendered":"Bom grmovje posekal, travice po\u017eel &#8230;"},"content":{"rendered":"<p>Spra\u0161ujejo nas: \u00bbKako zmorete? Kdo vas navdu\u0161uje za toliko prostovoljnih ur iskanja, ozna\u010devanja, vzdr\u017eevanja in priprave ter vodenja romanj po poteh svetega Jakoba?\u00ab Odgovor je samo eden. Sam sveti Jakob! Skupaj z apostolom poi\u0161cemo pomo\u010d pri Bo\u017eji Materi Mariji in re\u010demo: \u00bbZmoremo!\u00ab Skupaj delujemo, kot je zapisal apostol Pavel v pismu Korin\u010danom: \u00bbTako pa je veliko delov, telo pa je eno. Ne more oko re\u010di roki, ne potrebujem te, tudi glava ne nogam.\u00ab<\/p>\n<p>Tudi \u010dlani Dru\u0161tva prijateljev poti sv. Jakoba se trudimo tako delovati. V\u010dasih bolj, drugi\u010d manj uspe\u0161no, eni manj, drugi ve\u010d. \u010clanom ob gorenjski veji, ki so iskali in ozna\u010dili ter zdaj vzdr\u017eujejo in vodijo po gorenjski veji Jakobove poti, se iz srca zahvaljujeva, vsem po vrsti! Bog lonaj!<span class=\"slv-content-keywords\"> Marjeta in Metodij Rigler Priro\u010dniki Jakobova pot pohodni\u0161tvo Vodnik po gorenjski veji Jakobove poti  <\/span><\/p>","protected":false},"excerpt":{"rendered":"<p>Vodnik po gorenjski veji Jakobove poti.<\/p>\n<p>Prijatelji poti sv. Jakoba spolnjujemo obljubo, da bomo \u0161e iskali stezice. Med iskanjem smo si peli: \u00bbBom grmovje posekal, travice po\u017eel\u00ab in pred vami je vodnik po gorenjski veji Jakobove poti. \u010cez Korensko sedlo proti Avstriji ali preko romarskega sveti\u0161\u010da Svete Vi\u0161arje in po Kanalski dolini proti morju; vse do apostolovega groba v Komposteli.<\/p>","protected":false},"featured_media":3094,"template":"","meta":{"_acf_changed":false,"footnotes":""},"product_cat":[316],"product_tag":[786,783],"class_list":{"0":"post-3093","1":"product","2":"type-product","3":"status-publish","4":"has-post-thumbnail","6":"authors-marjeta-in-metodij-rigler","7":"publisher-samozalozba","8":"product_cat-prirocniki","9":"product_tag-jakobova-pot","10":"product_tag-pohodnistvo","12":"first","13":"outofstock","14":"shipping-taxable","15":"purchasable","16":"product-type-simple"},"acf":[],"yoast_head":"<!-- This site is optimized with the Yoast SEO plugin v23.8 - https:\/\/yoast.com\/wordpress\/plugins\/seo\/ -->\n<title>Bom grmovje posekal, travice po\u017eel ... - Salve<\/title>\n<meta name=\"robots\" content=\"index, follow, max-snippet:-1, max-image-preview:large, max-video-preview:-1\" \/>\n<link rel=\"canonical\" href=\"https:\/\/www.salve.si\/en\/trgovina\/knjige\/prirocniki\/jakobova-pot\/\" \/>\n<meta property=\"og:locale\" content=\"en_US\" \/>\n<meta property=\"og:type\" content=\"article\" \/>\n<meta property=\"og:title\" content=\"Bom grmovje posekal, travice po\u017eel ... - Salve\" \/>\n<meta property=\"og:description\" content=\"Vodnik po gorenjski veji Jakobove poti.  Prijatelji poti sv. Jakoba spolnjujemo obljubo, da bomo \u0161e iskali stezice. Med iskanjem smo si peli: \u00bbBom grmovje posekal, travice po\u017eel\u00ab in pred vami je vodnik po gorenjski veji Jakobove poti. \u010cez Korensko sedlo proti Avstriji ali preko romarskega sveti\u0161\u010da Svete Vi\u0161arje in po Kanalski dolini proti morju; vse do apostolovega groba v Komposteli.\" \/>\n<meta property=\"og:url\" content=\"https:\/\/www.salve.si\/en\/trgovina\/knjige\/prirocniki\/jakobova-pot\/\" \/>\n<meta property=\"og:site_name\" content=\"Salve\" \/>\n<meta property=\"article:publisher\" content=\"https:\/\/www.facebook.com\/salve.si\" \/>\n<meta property=\"article:modified_time\" content=\"2022-12-07T13:59:23+00:00\" \/>\n<meta property=\"og:image\" content=\"https:\/\/www.salve.si\/wp-content\/uploads\/2018\/03\/jakobova_pot2.jpg\" \/>\n\t<meta property=\"og:image:width\" content=\"671\" \/>\n\t<meta property=\"og:image:height\" content=\"1242\" \/>\n\t<meta property=\"og:image:type\" content=\"image\/jpeg\" \/>\n<meta name=\"twitter:card\" content=\"summary_large_image\" \/>\n<meta name=\"twitter:label1\" content=\"Est. reading time\" \/>\n\t<meta name=\"twitter:data1\" content=\"1 minute\" \/>\n<script type=\"application\/ld+json\" class=\"yoast-schema-graph\">{\"@context\":\"https:\/\/schema.org\",\"@graph\":[{\"@type\":\"WebPage\",\"@id\":\"https:\/\/www.salve.si\/trgovina\/knjige\/prirocniki\/jakobova-pot\/\",\"url\":\"https:\/\/www.salve.si\/trgovina\/knjige\/prirocniki\/jakobova-pot\/\",\"name\":\"Bom grmovje posekal, travice po\u017eel ... - Salve\",\"isPartOf\":{\"@id\":\"https:\/\/www.salve.si\/#website\"},\"primaryImageOfPage\":{\"@id\":\"https:\/\/www.salve.si\/trgovina\/knjige\/prirocniki\/jakobova-pot\/#primaryimage\"},\"image\":{\"@id\":\"https:\/\/www.salve.si\/trgovina\/knjige\/prirocniki\/jakobova-pot\/#primaryimage\"},\"thumbnailUrl\":\"https:\/\/www.salve.si\/wp-content\/uploads\/2018\/03\/jakobova_pot2.jpg\",\"datePublished\":\"2016-01-05T09:00:22+00:00\",\"dateModified\":\"2022-12-07T13:59:23+00:00\",\"breadcrumb\":{\"@id\":\"https:\/\/www.salve.si\/trgovina\/knjige\/prirocniki\/jakobova-pot\/#breadcrumb\"},\"inLanguage\":\"en-US\",\"potentialAction\":[{\"@type\":\"ReadAction\",\"target\":[\"https:\/\/www.salve.si\/trgovina\/knjige\/prirocniki\/jakobova-pot\/\"]}]},{\"@type\":\"ImageObject\",\"inLanguage\":\"en-US\",\"@id\":\"https:\/\/www.salve.si\/trgovina\/knjige\/prirocniki\/jakobova-pot\/#primaryimage\",\"url\":\"https:\/\/www.salve.si\/wp-content\/uploads\/2018\/03\/jakobova_pot2.jpg\",\"contentUrl\":\"https:\/\/www.salve.si\/wp-content\/uploads\/2018\/03\/jakobova_pot2.jpg\",\"width\":671,\"height\":1242},{\"@type\":\"BreadcrumbList\",\"@id\":\"https:\/\/www.salve.si\/trgovina\/knjige\/prirocniki\/jakobova-pot\/#breadcrumb\",\"itemListElement\":[{\"@type\":\"ListItem\",\"position\":1,\"name\":\"Home\",\"item\":\"https:\/\/www.salve.si\/\"},{\"@type\":\"ListItem\",\"position\":2,\"name\":\"Trgovina\",\"item\":\"https:\/\/www.salve.si\/trgovina\/\"},{\"@type\":\"ListItem\",\"position\":3,\"name\":\"Bom grmovje posekal, travice po\u017eel &#8230;\"}]},{\"@type\":\"WebSite\",\"@id\":\"https:\/\/www.salve.si\/#website\",\"url\":\"https:\/\/www.salve.si\/\",\"name\":\"Salve\",\"description\":\"Salezijanska zalo\u017eba\",\"publisher\":{\"@id\":\"https:\/\/www.salve.si\/#organization\"},\"potentialAction\":[{\"@type\":\"SearchAction\",\"target\":{\"@type\":\"EntryPoint\",\"urlTemplate\":\"https:\/\/www.salve.si\/?s={search_term_string}\"},\"query-input\":{\"@type\":\"PropertyValueSpecification\",\"valueRequired\":true,\"valueName\":\"search_term_string\"}}],\"inLanguage\":\"en-US\"},{\"@type\":\"Organization\",\"@id\":\"https:\/\/www.salve.si\/#organization\",\"name\":\"Salve d.o.o.\",\"url\":\"https:\/\/www.salve.si\/\",\"logo\":{\"@type\":\"ImageObject\",\"inLanguage\":\"en-US\",\"@id\":\"https:\/\/www.salve.si\/#\/schema\/logo\/image\/\",\"url\":\"https:\/\/www.salve.si\/wp-content\/uploads\/2021\/01\/Salve_logo_modri_nov_web.png\",\"contentUrl\":\"https:\/\/www.salve.si\/wp-content\/uploads\/2021\/01\/Salve_logo_modri_nov_web.png\",\"width\":279,\"height\":90,\"caption\":\"Salve d.o.o.\"},\"image\":{\"@id\":\"https:\/\/www.salve.si\/#\/schema\/logo\/image\/\"},\"sameAs\":[\"https:\/\/www.facebook.com\/salve.si\",\"https:\/\/www.instagram.com\/zalozbasalve\/\",\"https:\/\/www.linkedin.com\/company\/zalozba-salve\/\"]}]}<\/script>\n<!-- \/ Yoast SEO plugin. -->","yoast_head_json":{"title":"Bom grmovje posekal, travice po\u017eel ... - Salve","robots":{"index":"index","follow":"follow","max-snippet":"max-snippet:-1","max-image-preview":"max-image-preview:large","max-video-preview":"max-video-preview:-1"},"canonical":"https:\/\/www.salve.si\/en\/trgovina\/knjige\/prirocniki\/jakobova-pot\/","og_locale":"en_US","og_type":"article","og_title":"Bom grmovje posekal, travice po\u017eel ... - Salve","og_description":"Vodnik po gorenjski veji Jakobove poti.  Prijatelji poti sv. Jakoba spolnjujemo obljubo, da bomo \u0161e iskali stezice. Med iskanjem smo si peli: \u00bbBom grmovje posekal, travice po\u017eel\u00ab in pred vami je vodnik po gorenjski veji Jakobove poti. \u010cez Korensko sedlo proti Avstriji ali preko romarskega sveti\u0161\u010da Svete Vi\u0161arje in po Kanalski dolini proti morju; vse do apostolovega groba v Komposteli.","og_url":"https:\/\/www.salve.si\/en\/trgovina\/knjige\/prirocniki\/jakobova-pot\/","og_site_name":"Salve","article_publisher":"https:\/\/www.facebook.com\/salve.si","article_modified_time":"2022-12-07T13:59:23+00:00","og_image":[{"width":671,"height":1242,"url":"https:\/\/www.salve.si\/wp-content\/uploads\/2018\/03\/jakobova_pot2.jpg","type":"image\/jpeg"}],"twitter_card":"summary_large_image","twitter_misc":{"Est. reading time":"1 minute"},"schema":{"@context":"https:\/\/schema.org","@graph":[{"@type":"WebPage","@id":"https:\/\/www.salve.si\/trgovina\/knjige\/prirocniki\/jakobova-pot\/","url":"https:\/\/www.salve.si\/trgovina\/knjige\/prirocniki\/jakobova-pot\/","name":"Bom grmovje posekal, travice po\u017eel ... - Salve","isPartOf":{"@id":"https:\/\/www.salve.si\/#website"},"primaryImageOfPage":{"@id":"https:\/\/www.salve.si\/trgovina\/knjige\/prirocniki\/jakobova-pot\/#primaryimage"},"image":{"@id":"https:\/\/www.salve.si\/trgovina\/knjige\/prirocniki\/jakobova-pot\/#primaryimage"},"thumbnailUrl":"https:\/\/www.salve.si\/wp-content\/uploads\/2018\/03\/jakobova_pot2.jpg","datePublished":"2016-01-05T09:00:22+00:00","dateModified":"2022-12-07T13:59:23+00:00","breadcrumb":{"@id":"https:\/\/www.salve.si\/trgovina\/knjige\/prirocniki\/jakobova-pot\/#breadcrumb"},"inLanguage":"en-US","potentialAction":[{"@type":"ReadAction","target":["https:\/\/www.salve.si\/trgovina\/knjige\/prirocniki\/jakobova-pot\/"]}]},{"@type":"ImageObject","inLanguage":"en-US","@id":"https:\/\/www.salve.si\/trgovina\/knjige\/prirocniki\/jakobova-pot\/#primaryimage","url":"https:\/\/www.salve.si\/wp-content\/uploads\/2018\/03\/jakobova_pot2.jpg","contentUrl":"https:\/\/www.salve.si\/wp-content\/uploads\/2018\/03\/jakobova_pot2.jpg","width":671,"height":1242},{"@type":"BreadcrumbList","@id":"https:\/\/www.salve.si\/trgovina\/knjige\/prirocniki\/jakobova-pot\/#breadcrumb","itemListElement":[{"@type":"ListItem","position":1,"name":"Home","item":"https:\/\/www.salve.si\/"},{"@type":"ListItem","position":2,"name":"Trgovina","item":"https:\/\/www.salve.si\/trgovina\/"},{"@type":"ListItem","position":3,"name":"Bom grmovje posekal, travice po\u017eel &#8230;"}]},{"@type":"WebSite","@id":"https:\/\/www.salve.si\/#website","url":"https:\/\/www.salve.si\/","name":"Salve","description":"Salezijanska zalo\u017eba","publisher":{"@id":"https:\/\/www.salve.si\/#organization"},"potentialAction":[{"@type":"SearchAction","target":{"@type":"EntryPoint","urlTemplate":"https:\/\/www.salve.si\/?s={search_term_string}"},"query-input":{"@type":"PropertyValueSpecification","valueRequired":true,"valueName":"search_term_string"}}],"inLanguage":"en-US"},{"@type":"Organization","@id":"https:\/\/www.salve.si\/#organization","name":"Salve d.o.o.","url":"https:\/\/www.salve.si\/","logo":{"@type":"ImageObject","inLanguage":"en-US","@id":"https:\/\/www.salve.si\/#\/schema\/logo\/image\/","url":"https:\/\/www.salve.si\/wp-content\/uploads\/2021\/01\/Salve_logo_modri_nov_web.png","contentUrl":"https:\/\/www.salve.si\/wp-content\/uploads\/2021\/01\/Salve_logo_modri_nov_web.png","width":279,"height":90,"caption":"Salve d.o.o."},"image":{"@id":"https:\/\/www.salve.si\/#\/schema\/logo\/image\/"},"sameAs":["https:\/\/www.facebook.com\/salve.si","https:\/\/www.instagram.com\/zalozbasalve\/","https:\/\/www.linkedin.com\/company\/zalozba-salve\/"]}]}},"_links":{"self":[{"href":"https:\/\/www.salve.si\/en\/wp-json\/wp\/v2\/product\/3093","targetHints":{"allow":["GET"]}}],"collection":[{"href":"https:\/\/www.salve.si\/en\/wp-json\/wp\/v2\/product"}],"about":[{"href":"https:\/\/www.salve.si\/en\/wp-json\/wp\/v2\/types\/product"}],"version-history":[{"count":1,"href":"https:\/\/www.salve.si\/en\/wp-json\/wp\/v2\/product\/3093\/revisions"}],"predecessor-version":[{"id":5971,"href":"https:\/\/www.salve.si\/en\/wp-json\/wp\/v2\/product\/3093\/revisions\/5971"}],"wp:featuredmedia":[{"embeddable":true,"href":"https:\/\/www.salve.si\/en\/wp-json\/wp\/v2\/media\/3094"}],"wp:attachment":[{"href":"https:\/\/www.salve.si\/en\/wp-json\/wp\/v2\/media?parent=3093"}],"wp:term":[{"taxonomy":"product_cat","embeddable":true,"href":"https:\/\/www.salve.si\/en\/wp-json\/wp\/v2\/product_cat?post=3093"},{"taxonomy":"product_tag","embeddable":true,"href":"https:\/\/www.salve.si\/en\/wp-json\/wp\/v2\/product_tag?post=3093"}],"curies":[{"name":"wp","href":"https:\/\/api.w.org\/{rel}","templated":true}]}}