{"id":3052,"date":"2015-02-16T10:00:28","date_gmt":"2015-02-16T09:00:28","guid":{"rendered":"http:\/\/2018.salve.si\/?post_type=product&#038;p=3052"},"modified":"2023-11-03T12:59:30","modified_gmt":"2023-11-03T11:59:30","slug":"oljsko-goro-tiha-noc-pokriva","status":"publish","type":"product","link":"https:\/\/www.salve.si\/en\/trgovina\/knjige\/mladinske\/oljsko-goro-tiha-noc-pokriva\/","title":{"rendered":"Oljsko goro tiha no\u010d pokriva"},"content":{"rendered":"<p>Od postaje do postaje skupaj z njim do\u017eivljajo bole\u010dino in zapu\u0161\u010denost, ki pa ne vodita v obup, saj jih Jezus pripelje do radosti vstajenja. Tako jih pritegne v svoje odre\u0161ilno trpljenje, njihove stiske in te\u017eave, s katerimi se soo\u010dajo v \u017eivljenju, pa vzame na svoje rame. Da jim \u010dutiti kako jim je vedno najbli\u017eji prijatelj, ki jih vodi, dviguje po padcih in kon\u010dno odre\u0161i za ve\u010dno sre\u010do skupaj z njim v nebesih. Dodane so pesmi z akordi iz pesmarice Jubilate II in nekaj ljudskih.<\/p>\n<p>Molitvena ura pred Najsvetej\u0161im.<br \/>\nDa bi se mladi z Jezusom \u0161e bolj zbli\u017eali, so povabljeni, naj ga obi\u0161\u010dejo, ko jih \u010daka v tabernaklju. \u017deli jim biti vedno blizu v vseh trenutkih njihovega \u017eivljenja, \u0161e posebno v najsvetej\u0161em Zakramentu, da bi jim bil opora, tola\u017eba, mo\u010d in izvir ljubezni.\u00a0 Jezus \u017eeli sprejeti mlade v svoje Srce take, kakr\u0161ni so, in jih opogumiti, da bi se odzvali njegovemu klicu ter zvesto hodili za njim.<span class=\"slv-content-keywords\"> Mladinska zbirka Andrej Kranjec Aneta Stoilovski Mladinske Molitveniki Kri\u017eev pot <\/span><\/p>","protected":false},"excerpt":{"rendered":"<p>Kri\u017eev pot za mlade je napisan tako, da jih Jezus sam vodi po poti, ki jo je prehodil od Pilatove pala\u010de do vrha Golgote.<\/p>\n<p>Molitvena ura za mlade<br \/>\nKratka razmi\u0161ljanja, prepletena in obogatena s pesmimi, pomagajo mladim spoznavati Jezusa kot so\u010dutnega in usmiljenega Odre\u0161enika, ki jih spodbuja, naj se ga ne bojijo, temve\u010d se mu iskreno in brez zadr\u017ekov zaupajo.<\/p>","protected":false},"featured_media":3053,"template":"","meta":{"_acf_changed":false,"footnotes":""},"product_cat":[266,636],"product_tag":[633],"class_list":{"0":"post-3052","1":"product","2":"type-product","3":"status-publish","4":"has-post-thumbnail","6":"zbirke-mladinska-zbirka","7":"authors-andrej-kranjec","8":"authors-aneta-stoilovski","9":"publisher-salve-d-o-o-ljubljana","10":"product_cat-mladinske","11":"product_cat-molitveniki","12":"product_tag-krizev-pot","14":"first","15":"instock","16":"shipping-taxable","17":"purchasable","18":"product-type-simple"},"acf":[],"yoast_head":"<!-- This site is optimized with the Yoast SEO plugin v23.8 - https:\/\/yoast.com\/wordpress\/plugins\/seo\/ -->\n<title>Oljsko goro tiha no\u010d pokriva - Salve<\/title>\n<meta name=\"robots\" content=\"index, follow, max-snippet:-1, max-image-preview:large, max-video-preview:-1\" \/>\n<link rel=\"canonical\" href=\"https:\/\/www.salve.si\/en\/trgovina\/knjige\/mladinske\/oljsko-goro-tiha-noc-pokriva\/\" \/>\n<meta property=\"og:locale\" content=\"en_US\" \/>\n<meta property=\"og:type\" content=\"article\" \/>\n<meta property=\"og:title\" content=\"Oljsko goro tiha no\u010d pokriva - Salve\" \/>\n<meta property=\"og:description\" content=\"Kri\u017eev pot za mlade je napisan tako, da jih Jezus sam vodi po poti, ki jo je prehodil od Pilatove pala\u010de do vrha Golgote.  Molitvena ura za mlade Kratka razmi\u0161ljanja, prepletena in obogatena s pesmimi, pomagajo mladim spoznavati Jezusa kot so\u010dutnega in usmiljenega Odre\u0161enika, ki jih spodbuja, naj se ga ne bojijo, temve\u010d se mu iskreno in brez zadr\u017ekov zaupajo.\" \/>\n<meta property=\"og:url\" content=\"https:\/\/www.salve.si\/en\/trgovina\/knjige\/mladinske\/oljsko-goro-tiha-noc-pokriva\/\" \/>\n<meta property=\"og:site_name\" content=\"Salve\" \/>\n<meta property=\"article:publisher\" content=\"https:\/\/www.facebook.com\/salve.si\" \/>\n<meta property=\"article:modified_time\" content=\"2023-11-03T11:59:30+00:00\" \/>\n<meta property=\"og:image\" content=\"https:\/\/www.salve.si\/wp-content\/uploads\/2018\/03\/oljsko-goro-tiha-noc-pokriva_krizev-pot-in-molitvena-ura.jpg\" \/>\n\t<meta property=\"og:image:width\" content=\"1750\" \/>\n\t<meta property=\"og:image:height\" content=\"2482\" \/>\n\t<meta property=\"og:image:type\" content=\"image\/jpeg\" \/>\n<meta name=\"twitter:card\" content=\"summary_large_image\" \/>\n<meta name=\"twitter:label1\" content=\"Est. reading time\" \/>\n\t<meta name=\"twitter:data1\" content=\"1 minute\" \/>\n<script type=\"application\/ld+json\" class=\"yoast-schema-graph\">{\"@context\":\"https:\/\/schema.org\",\"@graph\":[{\"@type\":\"WebPage\",\"@id\":\"https:\/\/www.salve.si\/trgovina\/knjige\/mladinske\/oljsko-goro-tiha-noc-pokriva\/\",\"url\":\"https:\/\/www.salve.si\/trgovina\/knjige\/mladinske\/oljsko-goro-tiha-noc-pokriva\/\",\"name\":\"Oljsko goro tiha no\u010d pokriva - Salve\",\"isPartOf\":{\"@id\":\"https:\/\/www.salve.si\/#website\"},\"primaryImageOfPage\":{\"@id\":\"https:\/\/www.salve.si\/trgovina\/knjige\/mladinske\/oljsko-goro-tiha-noc-pokriva\/#primaryimage\"},\"image\":{\"@id\":\"https:\/\/www.salve.si\/trgovina\/knjige\/mladinske\/oljsko-goro-tiha-noc-pokriva\/#primaryimage\"},\"thumbnailUrl\":\"https:\/\/www.salve.si\/wp-content\/uploads\/2018\/03\/oljsko-goro-tiha-noc-pokriva_krizev-pot-in-molitvena-ura.jpg\",\"datePublished\":\"2015-02-16T09:00:28+00:00\",\"dateModified\":\"2023-11-03T11:59:30+00:00\",\"breadcrumb\":{\"@id\":\"https:\/\/www.salve.si\/trgovina\/knjige\/mladinske\/oljsko-goro-tiha-noc-pokriva\/#breadcrumb\"},\"inLanguage\":\"en-US\",\"potentialAction\":[{\"@type\":\"ReadAction\",\"target\":[\"https:\/\/www.salve.si\/trgovina\/knjige\/mladinske\/oljsko-goro-tiha-noc-pokriva\/\"]}]},{\"@type\":\"ImageObject\",\"inLanguage\":\"en-US\",\"@id\":\"https:\/\/www.salve.si\/trgovina\/knjige\/mladinske\/oljsko-goro-tiha-noc-pokriva\/#primaryimage\",\"url\":\"https:\/\/www.salve.si\/wp-content\/uploads\/2018\/03\/oljsko-goro-tiha-noc-pokriva_krizev-pot-in-molitvena-ura.jpg\",\"contentUrl\":\"https:\/\/www.salve.si\/wp-content\/uploads\/2018\/03\/oljsko-goro-tiha-noc-pokriva_krizev-pot-in-molitvena-ura.jpg\",\"width\":1750,\"height\":2482},{\"@type\":\"BreadcrumbList\",\"@id\":\"https:\/\/www.salve.si\/trgovina\/knjige\/mladinske\/oljsko-goro-tiha-noc-pokriva\/#breadcrumb\",\"itemListElement\":[{\"@type\":\"ListItem\",\"position\":1,\"name\":\"Home\",\"item\":\"https:\/\/www.salve.si\/\"},{\"@type\":\"ListItem\",\"position\":2,\"name\":\"Trgovina\",\"item\":\"https:\/\/www.salve.si\/trgovina\/\"},{\"@type\":\"ListItem\",\"position\":3,\"name\":\"Oljsko goro tiha no\u010d pokriva\"}]},{\"@type\":\"WebSite\",\"@id\":\"https:\/\/www.salve.si\/#website\",\"url\":\"https:\/\/www.salve.si\/\",\"name\":\"Salve\",\"description\":\"Salezijanska zalo\u017eba\",\"publisher\":{\"@id\":\"https:\/\/www.salve.si\/#organization\"},\"potentialAction\":[{\"@type\":\"SearchAction\",\"target\":{\"@type\":\"EntryPoint\",\"urlTemplate\":\"https:\/\/www.salve.si\/?s={search_term_string}\"},\"query-input\":{\"@type\":\"PropertyValueSpecification\",\"valueRequired\":true,\"valueName\":\"search_term_string\"}}],\"inLanguage\":\"en-US\"},{\"@type\":\"Organization\",\"@id\":\"https:\/\/www.salve.si\/#organization\",\"name\":\"Salve d.o.o.\",\"url\":\"https:\/\/www.salve.si\/\",\"logo\":{\"@type\":\"ImageObject\",\"inLanguage\":\"en-US\",\"@id\":\"https:\/\/www.salve.si\/#\/schema\/logo\/image\/\",\"url\":\"https:\/\/www.salve.si\/wp-content\/uploads\/2021\/01\/Salve_logo_modri_nov_web.png\",\"contentUrl\":\"https:\/\/www.salve.si\/wp-content\/uploads\/2021\/01\/Salve_logo_modri_nov_web.png\",\"width\":279,\"height\":90,\"caption\":\"Salve d.o.o.\"},\"image\":{\"@id\":\"https:\/\/www.salve.si\/#\/schema\/logo\/image\/\"},\"sameAs\":[\"https:\/\/www.facebook.com\/salve.si\",\"https:\/\/www.instagram.com\/zalozbasalve\/\",\"https:\/\/www.linkedin.com\/company\/zalozba-salve\/\"]}]}<\/script>\n<!-- \/ Yoast SEO plugin. -->","yoast_head_json":{"title":"Oljsko goro tiha no\u010d pokriva - Salve","robots":{"index":"index","follow":"follow","max-snippet":"max-snippet:-1","max-image-preview":"max-image-preview:large","max-video-preview":"max-video-preview:-1"},"canonical":"https:\/\/www.salve.si\/en\/trgovina\/knjige\/mladinske\/oljsko-goro-tiha-noc-pokriva\/","og_locale":"en_US","og_type":"article","og_title":"Oljsko goro tiha no\u010d pokriva - Salve","og_description":"Kri\u017eev pot za mlade je napisan tako, da jih Jezus sam vodi po poti, ki jo je prehodil od Pilatove pala\u010de do vrha Golgote.  Molitvena ura za mlade Kratka razmi\u0161ljanja, prepletena in obogatena s pesmimi, pomagajo mladim spoznavati Jezusa kot so\u010dutnega in usmiljenega Odre\u0161enika, ki jih spodbuja, naj se ga ne bojijo, temve\u010d se mu iskreno in brez zadr\u017ekov zaupajo.","og_url":"https:\/\/www.salve.si\/en\/trgovina\/knjige\/mladinske\/oljsko-goro-tiha-noc-pokriva\/","og_site_name":"Salve","article_publisher":"https:\/\/www.facebook.com\/salve.si","article_modified_time":"2023-11-03T11:59:30+00:00","og_image":[{"width":1750,"height":2482,"url":"https:\/\/www.salve.si\/wp-content\/uploads\/2018\/03\/oljsko-goro-tiha-noc-pokriva_krizev-pot-in-molitvena-ura.jpg","type":"image\/jpeg"}],"twitter_card":"summary_large_image","twitter_misc":{"Est. reading time":"1 minute"},"schema":{"@context":"https:\/\/schema.org","@graph":[{"@type":"WebPage","@id":"https:\/\/www.salve.si\/trgovina\/knjige\/mladinske\/oljsko-goro-tiha-noc-pokriva\/","url":"https:\/\/www.salve.si\/trgovina\/knjige\/mladinske\/oljsko-goro-tiha-noc-pokriva\/","name":"Oljsko goro tiha no\u010d pokriva - Salve","isPartOf":{"@id":"https:\/\/www.salve.si\/#website"},"primaryImageOfPage":{"@id":"https:\/\/www.salve.si\/trgovina\/knjige\/mladinske\/oljsko-goro-tiha-noc-pokriva\/#primaryimage"},"image":{"@id":"https:\/\/www.salve.si\/trgovina\/knjige\/mladinske\/oljsko-goro-tiha-noc-pokriva\/#primaryimage"},"thumbnailUrl":"https:\/\/www.salve.si\/wp-content\/uploads\/2018\/03\/oljsko-goro-tiha-noc-pokriva_krizev-pot-in-molitvena-ura.jpg","datePublished":"2015-02-16T09:00:28+00:00","dateModified":"2023-11-03T11:59:30+00:00","breadcrumb":{"@id":"https:\/\/www.salve.si\/trgovina\/knjige\/mladinske\/oljsko-goro-tiha-noc-pokriva\/#breadcrumb"},"inLanguage":"en-US","potentialAction":[{"@type":"ReadAction","target":["https:\/\/www.salve.si\/trgovina\/knjige\/mladinske\/oljsko-goro-tiha-noc-pokriva\/"]}]},{"@type":"ImageObject","inLanguage":"en-US","@id":"https:\/\/www.salve.si\/trgovina\/knjige\/mladinske\/oljsko-goro-tiha-noc-pokriva\/#primaryimage","url":"https:\/\/www.salve.si\/wp-content\/uploads\/2018\/03\/oljsko-goro-tiha-noc-pokriva_krizev-pot-in-molitvena-ura.jpg","contentUrl":"https:\/\/www.salve.si\/wp-content\/uploads\/2018\/03\/oljsko-goro-tiha-noc-pokriva_krizev-pot-in-molitvena-ura.jpg","width":1750,"height":2482},{"@type":"BreadcrumbList","@id":"https:\/\/www.salve.si\/trgovina\/knjige\/mladinske\/oljsko-goro-tiha-noc-pokriva\/#breadcrumb","itemListElement":[{"@type":"ListItem","position":1,"name":"Home","item":"https:\/\/www.salve.si\/"},{"@type":"ListItem","position":2,"name":"Trgovina","item":"https:\/\/www.salve.si\/trgovina\/"},{"@type":"ListItem","position":3,"name":"Oljsko goro tiha no\u010d pokriva"}]},{"@type":"WebSite","@id":"https:\/\/www.salve.si\/#website","url":"https:\/\/www.salve.si\/","name":"Salve","description":"Salezijanska zalo\u017eba","publisher":{"@id":"https:\/\/www.salve.si\/#organization"},"potentialAction":[{"@type":"SearchAction","target":{"@type":"EntryPoint","urlTemplate":"https:\/\/www.salve.si\/?s={search_term_string}"},"query-input":{"@type":"PropertyValueSpecification","valueRequired":true,"valueName":"search_term_string"}}],"inLanguage":"en-US"},{"@type":"Organization","@id":"https:\/\/www.salve.si\/#organization","name":"Salve d.o.o.","url":"https:\/\/www.salve.si\/","logo":{"@type":"ImageObject","inLanguage":"en-US","@id":"https:\/\/www.salve.si\/#\/schema\/logo\/image\/","url":"https:\/\/www.salve.si\/wp-content\/uploads\/2021\/01\/Salve_logo_modri_nov_web.png","contentUrl":"https:\/\/www.salve.si\/wp-content\/uploads\/2021\/01\/Salve_logo_modri_nov_web.png","width":279,"height":90,"caption":"Salve d.o.o."},"image":{"@id":"https:\/\/www.salve.si\/#\/schema\/logo\/image\/"},"sameAs":["https:\/\/www.facebook.com\/salve.si","https:\/\/www.instagram.com\/zalozbasalve\/","https:\/\/www.linkedin.com\/company\/zalozba-salve\/"]}]}},"_links":{"self":[{"href":"https:\/\/www.salve.si\/en\/wp-json\/wp\/v2\/product\/3052","targetHints":{"allow":["GET"]}}],"collection":[{"href":"https:\/\/www.salve.si\/en\/wp-json\/wp\/v2\/product"}],"about":[{"href":"https:\/\/www.salve.si\/en\/wp-json\/wp\/v2\/types\/product"}],"version-history":[{"count":1,"href":"https:\/\/www.salve.si\/en\/wp-json\/wp\/v2\/product\/3052\/revisions"}],"predecessor-version":[{"id":17823,"href":"https:\/\/www.salve.si\/en\/wp-json\/wp\/v2\/product\/3052\/revisions\/17823"}],"wp:featuredmedia":[{"embeddable":true,"href":"https:\/\/www.salve.si\/en\/wp-json\/wp\/v2\/media\/3053"}],"wp:attachment":[{"href":"https:\/\/www.salve.si\/en\/wp-json\/wp\/v2\/media?parent=3052"}],"wp:term":[{"taxonomy":"product_cat","embeddable":true,"href":"https:\/\/www.salve.si\/en\/wp-json\/wp\/v2\/product_cat?post=3052"},{"taxonomy":"product_tag","embeddable":true,"href":"https:\/\/www.salve.si\/en\/wp-json\/wp\/v2\/product_tag?post=3052"}],"curies":[{"name":"wp","href":"https:\/\/api.w.org\/{rel}","templated":true}]}}