{"id":3037,"date":"2015-02-12T10:00:10","date_gmt":"2015-02-12T09:00:10","guid":{"rendered":"http:\/\/2018.salve.si\/?post_type=product&#038;p=3037"},"modified":"2022-07-08T09:55:50","modified_gmt":"2022-07-08T07:55:50","slug":"misel-za-vsak-dan-2015","status":"publish","type":"product","link":"https:\/\/www.salve.si\/en\/trgovina\/knjige\/misli\/misel-za-vsak-dan-2015\/","title":{"rendered":"Misel za vsak dan 2015"},"content":{"rendered":"<p>Blok za iztrgavanje z mislimi za vsak dan v letu je marsikomu \u017ee poznan. Letos, ker je 200 letnica spomina na rojstvo sv. Janez Boska, smo pripravili njegove citate in kratko razlago. Zaradi jubilejnega leta pa smo letos naredili knji\u017eico, da je bolj sve\u010dano in da misli ostanejo skupaj in jih boste lahko \u0161e ve\u010dkrat vzeli v roke in prebirali ter premi\u0161ljevali.<span class=\"slv-content-keywords\"> Branko Bala\u017eic Misli Misli svetega Janeza Boska s kratko razlago za leto 2015 <\/span><\/p>","protected":false},"excerpt":{"rendered":"<p>Misli svetega Janeza Boska s kratko razlago za leto 2015<\/p>","protected":false},"featured_media":3038,"template":"","meta":{"_acf_changed":false,"footnotes":""},"product_cat":[658],"product_tag":[],"class_list":{"0":"post-3037","1":"product","2":"type-product","3":"status-publish","4":"has-post-thumbnail","6":"authors-branko-balazic","7":"publisher-salve-d-o-o-ljubljana","8":"product_cat-misli","10":"first","11":"outofstock","12":"shipping-taxable","13":"purchasable","14":"product-type-simple"},"acf":[],"yoast_head":"<!-- This site is optimized with the Yoast SEO plugin v23.8 - https:\/\/yoast.com\/wordpress\/plugins\/seo\/ -->\n<title>Misel za vsak dan 2015 - Salve<\/title>\n<meta name=\"robots\" content=\"index, follow, max-snippet:-1, max-image-preview:large, max-video-preview:-1\" \/>\n<link rel=\"canonical\" href=\"https:\/\/www.salve.si\/en\/trgovina\/knjige\/misli\/misel-za-vsak-dan-2015\/\" \/>\n<meta property=\"og:locale\" content=\"en_US\" \/>\n<meta property=\"og:type\" content=\"article\" \/>\n<meta property=\"og:title\" content=\"Misel za vsak dan 2015 - Salve\" \/>\n<meta property=\"og:description\" content=\"Misli svetega Janeza Boska s kratko razlago za leto 2015\" \/>\n<meta property=\"og:url\" content=\"https:\/\/www.salve.si\/en\/trgovina\/knjige\/misli\/misel-za-vsak-dan-2015\/\" \/>\n<meta property=\"og:site_name\" content=\"Salve\" \/>\n<meta property=\"article:publisher\" content=\"https:\/\/www.facebook.com\/salve.si\" \/>\n<meta property=\"article:modified_time\" content=\"2022-07-08T07:55:50+00:00\" \/>\n<meta property=\"og:image\" content=\"https:\/\/www.salve.si\/wp-content\/uploads\/2018\/03\/misli-za-vsak-dan-2015_naslovnica.jpg\" \/>\n\t<meta property=\"og:image:width\" content=\"1252\" \/>\n\t<meta property=\"og:image:height\" content=\"1956\" \/>\n\t<meta property=\"og:image:type\" content=\"image\/jpeg\" \/>\n<meta name=\"twitter:card\" content=\"summary_large_image\" \/>\n<script type=\"application\/ld+json\" class=\"yoast-schema-graph\">{\"@context\":\"https:\/\/schema.org\",\"@graph\":[{\"@type\":\"WebPage\",\"@id\":\"https:\/\/www.salve.si\/trgovina\/knjige\/misli\/misel-za-vsak-dan-2015\/\",\"url\":\"https:\/\/www.salve.si\/trgovina\/knjige\/misli\/misel-za-vsak-dan-2015\/\",\"name\":\"Misel za vsak dan 2015 - Salve\",\"isPartOf\":{\"@id\":\"https:\/\/www.salve.si\/#website\"},\"primaryImageOfPage\":{\"@id\":\"https:\/\/www.salve.si\/trgovina\/knjige\/misli\/misel-za-vsak-dan-2015\/#primaryimage\"},\"image\":{\"@id\":\"https:\/\/www.salve.si\/trgovina\/knjige\/misli\/misel-za-vsak-dan-2015\/#primaryimage\"},\"thumbnailUrl\":\"https:\/\/www.salve.si\/wp-content\/uploads\/2018\/03\/misli-za-vsak-dan-2015_naslovnica.jpg\",\"datePublished\":\"2015-02-12T09:00:10+00:00\",\"dateModified\":\"2022-07-08T07:55:50+00:00\",\"breadcrumb\":{\"@id\":\"https:\/\/www.salve.si\/trgovina\/knjige\/misli\/misel-za-vsak-dan-2015\/#breadcrumb\"},\"inLanguage\":\"en-US\",\"potentialAction\":[{\"@type\":\"ReadAction\",\"target\":[\"https:\/\/www.salve.si\/trgovina\/knjige\/misli\/misel-za-vsak-dan-2015\/\"]}]},{\"@type\":\"ImageObject\",\"inLanguage\":\"en-US\",\"@id\":\"https:\/\/www.salve.si\/trgovina\/knjige\/misli\/misel-za-vsak-dan-2015\/#primaryimage\",\"url\":\"https:\/\/www.salve.si\/wp-content\/uploads\/2018\/03\/misli-za-vsak-dan-2015_naslovnica.jpg\",\"contentUrl\":\"https:\/\/www.salve.si\/wp-content\/uploads\/2018\/03\/misli-za-vsak-dan-2015_naslovnica.jpg\",\"width\":1252,\"height\":1956},{\"@type\":\"BreadcrumbList\",\"@id\":\"https:\/\/www.salve.si\/trgovina\/knjige\/misli\/misel-za-vsak-dan-2015\/#breadcrumb\",\"itemListElement\":[{\"@type\":\"ListItem\",\"position\":1,\"name\":\"Home\",\"item\":\"https:\/\/www.salve.si\/\"},{\"@type\":\"ListItem\",\"position\":2,\"name\":\"Trgovina\",\"item\":\"https:\/\/www.salve.si\/trgovina\/\"},{\"@type\":\"ListItem\",\"position\":3,\"name\":\"Misel za vsak dan 2015\"}]},{\"@type\":\"WebSite\",\"@id\":\"https:\/\/www.salve.si\/#website\",\"url\":\"https:\/\/www.salve.si\/\",\"name\":\"Salve\",\"description\":\"Salezijanska zalo\u017eba\",\"publisher\":{\"@id\":\"https:\/\/www.salve.si\/#organization\"},\"potentialAction\":[{\"@type\":\"SearchAction\",\"target\":{\"@type\":\"EntryPoint\",\"urlTemplate\":\"https:\/\/www.salve.si\/?s={search_term_string}\"},\"query-input\":{\"@type\":\"PropertyValueSpecification\",\"valueRequired\":true,\"valueName\":\"search_term_string\"}}],\"inLanguage\":\"en-US\"},{\"@type\":\"Organization\",\"@id\":\"https:\/\/www.salve.si\/#organization\",\"name\":\"Salve d.o.o.\",\"url\":\"https:\/\/www.salve.si\/\",\"logo\":{\"@type\":\"ImageObject\",\"inLanguage\":\"en-US\",\"@id\":\"https:\/\/www.salve.si\/#\/schema\/logo\/image\/\",\"url\":\"https:\/\/www.salve.si\/wp-content\/uploads\/2021\/01\/Salve_logo_modri_nov_web.png\",\"contentUrl\":\"https:\/\/www.salve.si\/wp-content\/uploads\/2021\/01\/Salve_logo_modri_nov_web.png\",\"width\":279,\"height\":90,\"caption\":\"Salve d.o.o.\"},\"image\":{\"@id\":\"https:\/\/www.salve.si\/#\/schema\/logo\/image\/\"},\"sameAs\":[\"https:\/\/www.facebook.com\/salve.si\",\"https:\/\/www.instagram.com\/zalozbasalve\/\",\"https:\/\/www.linkedin.com\/company\/zalozba-salve\/\"]}]}<\/script>\n<!-- \/ Yoast SEO plugin. -->","yoast_head_json":{"title":"Misel za vsak dan 2015 - Salve","robots":{"index":"index","follow":"follow","max-snippet":"max-snippet:-1","max-image-preview":"max-image-preview:large","max-video-preview":"max-video-preview:-1"},"canonical":"https:\/\/www.salve.si\/en\/trgovina\/knjige\/misli\/misel-za-vsak-dan-2015\/","og_locale":"en_US","og_type":"article","og_title":"Misel za vsak dan 2015 - Salve","og_description":"Misli svetega Janeza Boska s kratko razlago za leto 2015","og_url":"https:\/\/www.salve.si\/en\/trgovina\/knjige\/misli\/misel-za-vsak-dan-2015\/","og_site_name":"Salve","article_publisher":"https:\/\/www.facebook.com\/salve.si","article_modified_time":"2022-07-08T07:55:50+00:00","og_image":[{"width":1252,"height":1956,"url":"https:\/\/www.salve.si\/wp-content\/uploads\/2018\/03\/misli-za-vsak-dan-2015_naslovnica.jpg","type":"image\/jpeg"}],"twitter_card":"summary_large_image","schema":{"@context":"https:\/\/schema.org","@graph":[{"@type":"WebPage","@id":"https:\/\/www.salve.si\/trgovina\/knjige\/misli\/misel-za-vsak-dan-2015\/","url":"https:\/\/www.salve.si\/trgovina\/knjige\/misli\/misel-za-vsak-dan-2015\/","name":"Misel za vsak dan 2015 - Salve","isPartOf":{"@id":"https:\/\/www.salve.si\/#website"},"primaryImageOfPage":{"@id":"https:\/\/www.salve.si\/trgovina\/knjige\/misli\/misel-za-vsak-dan-2015\/#primaryimage"},"image":{"@id":"https:\/\/www.salve.si\/trgovina\/knjige\/misli\/misel-za-vsak-dan-2015\/#primaryimage"},"thumbnailUrl":"https:\/\/www.salve.si\/wp-content\/uploads\/2018\/03\/misli-za-vsak-dan-2015_naslovnica.jpg","datePublished":"2015-02-12T09:00:10+00:00","dateModified":"2022-07-08T07:55:50+00:00","breadcrumb":{"@id":"https:\/\/www.salve.si\/trgovina\/knjige\/misli\/misel-za-vsak-dan-2015\/#breadcrumb"},"inLanguage":"en-US","potentialAction":[{"@type":"ReadAction","target":["https:\/\/www.salve.si\/trgovina\/knjige\/misli\/misel-za-vsak-dan-2015\/"]}]},{"@type":"ImageObject","inLanguage":"en-US","@id":"https:\/\/www.salve.si\/trgovina\/knjige\/misli\/misel-za-vsak-dan-2015\/#primaryimage","url":"https:\/\/www.salve.si\/wp-content\/uploads\/2018\/03\/misli-za-vsak-dan-2015_naslovnica.jpg","contentUrl":"https:\/\/www.salve.si\/wp-content\/uploads\/2018\/03\/misli-za-vsak-dan-2015_naslovnica.jpg","width":1252,"height":1956},{"@type":"BreadcrumbList","@id":"https:\/\/www.salve.si\/trgovina\/knjige\/misli\/misel-za-vsak-dan-2015\/#breadcrumb","itemListElement":[{"@type":"ListItem","position":1,"name":"Home","item":"https:\/\/www.salve.si\/"},{"@type":"ListItem","position":2,"name":"Trgovina","item":"https:\/\/www.salve.si\/trgovina\/"},{"@type":"ListItem","position":3,"name":"Misel za vsak dan 2015"}]},{"@type":"WebSite","@id":"https:\/\/www.salve.si\/#website","url":"https:\/\/www.salve.si\/","name":"Salve","description":"Salezijanska zalo\u017eba","publisher":{"@id":"https:\/\/www.salve.si\/#organization"},"potentialAction":[{"@type":"SearchAction","target":{"@type":"EntryPoint","urlTemplate":"https:\/\/www.salve.si\/?s={search_term_string}"},"query-input":{"@type":"PropertyValueSpecification","valueRequired":true,"valueName":"search_term_string"}}],"inLanguage":"en-US"},{"@type":"Organization","@id":"https:\/\/www.salve.si\/#organization","name":"Salve d.o.o.","url":"https:\/\/www.salve.si\/","logo":{"@type":"ImageObject","inLanguage":"en-US","@id":"https:\/\/www.salve.si\/#\/schema\/logo\/image\/","url":"https:\/\/www.salve.si\/wp-content\/uploads\/2021\/01\/Salve_logo_modri_nov_web.png","contentUrl":"https:\/\/www.salve.si\/wp-content\/uploads\/2021\/01\/Salve_logo_modri_nov_web.png","width":279,"height":90,"caption":"Salve d.o.o."},"image":{"@id":"https:\/\/www.salve.si\/#\/schema\/logo\/image\/"},"sameAs":["https:\/\/www.facebook.com\/salve.si","https:\/\/www.instagram.com\/zalozbasalve\/","https:\/\/www.linkedin.com\/company\/zalozba-salve\/"]}]}},"_links":{"self":[{"href":"https:\/\/www.salve.si\/en\/wp-json\/wp\/v2\/product\/3037","targetHints":{"allow":["GET"]}}],"collection":[{"href":"https:\/\/www.salve.si\/en\/wp-json\/wp\/v2\/product"}],"about":[{"href":"https:\/\/www.salve.si\/en\/wp-json\/wp\/v2\/types\/product"}],"version-history":[{"count":1,"href":"https:\/\/www.salve.si\/en\/wp-json\/wp\/v2\/product\/3037\/revisions"}],"predecessor-version":[{"id":15870,"href":"https:\/\/www.salve.si\/en\/wp-json\/wp\/v2\/product\/3037\/revisions\/15870"}],"wp:featuredmedia":[{"embeddable":true,"href":"https:\/\/www.salve.si\/en\/wp-json\/wp\/v2\/media\/3038"}],"wp:attachment":[{"href":"https:\/\/www.salve.si\/en\/wp-json\/wp\/v2\/media?parent=3037"}],"wp:term":[{"taxonomy":"product_cat","embeddable":true,"href":"https:\/\/www.salve.si\/en\/wp-json\/wp\/v2\/product_cat?post=3037"},{"taxonomy":"product_tag","embeddable":true,"href":"https:\/\/www.salve.si\/en\/wp-json\/wp\/v2\/product_tag?post=3037"}],"curies":[{"name":"wp","href":"https:\/\/api.w.org\/{rel}","templated":true}]}}