{"id":3022,"date":"2014-12-27T10:00:06","date_gmt":"2014-12-27T09:00:06","guid":{"rendered":"http:\/\/2018.salve.si\/?post_type=product&#038;p=3022"},"modified":"2024-01-01T23:00:39","modified_gmt":"2024-01-01T22:00:39","slug":"zmigajmo-ministrante-2","status":"publish","type":"product","link":"https:\/\/www.salve.si\/en\/trgovina\/knjige\/ministranti\/zmigajmo-ministrante-2\/","title":{"rendered":"Zmigajmo ministrante! 2"},"content":{"rendered":"<p>Mnogi izmed vas ste \u017ee izkusili, da so ministranti od 11. do 14. leta starosti zelo te\u017eavna skupina. Po eni strani se jim zdi, da \u017ee vse vedo (kar ni res), po drugi strani pa imajo na voljo celo kopico drugih interesnih dejavnosti, tako da mnogi bojkotirajo ali pa celo zapustijo ministrantsko skupino.<\/p>\n<p>Spla\u010da se vztrajati in delati naprej!<br \/>\nVerjamemo, da se z ministranti spla\u010da delati tudi naprej. Ta knjiga naj bi nam pri tem pomagala. Prina\u0161a veliko novih idej in spodbud. Nana\u0161a se na to, kar so se ministranti do sedaj \u017ee nau\u010dili (1. zvezek), in nas vodi naprej.<\/p>\n<p>\u0160tevilne ideje, zbrane v tej knjigi, zadostujejo ve\u010d kakor samo za eno leto. Veliko idej lahko spremenimo in jih prilagodimo glede na razmere. Poleg tega so tako konkretne, da jih lahko na hitro izvedemo.<\/p>\n<p>Prevedel in priredil:\u00a0 Bo\u0161tjan Jamnik<span class=\"slv-content-keywords\"> Posebna ponudba Ministranti Priro\u010dniki Andreas Sch\u00f6llmann Patrik C. H\u00f6rnig Thomas Arzner Mladinska zbirka  Gradivo za pripravo ministrantskih sre\u010danj <\/span><\/p>","protected":false},"excerpt":{"rendered":"<p>Knjigo z naslovom ZMIGAJMO MINISTRANTE 1 verjeto \u017ee poznate.<br \/>\nTu je nov priro\u010dnik oziroma nadaljevanje prvega za voditelje ministrantskih skupin, da priprava rednega tedenskega sre\u010danja z ministranti ne bo neobvladljiva naloga.<\/p>","protected":false},"featured_media":3023,"template":"","meta":{"_acf_changed":false,"footnotes":""},"product_cat":[709,142,316],"product_tag":[],"class_list":{"0":"post-3022","1":"product","2":"type-product","3":"status-publish","4":"has-post-thumbnail","6":"zbirke-mladinska-zbirka","7":"authors-andreas-schollmann","8":"authors-patrik-c-hornig","9":"authors-thomas-arzner","10":"publisher-salve-d-o-o-ljubljana","11":"product_cat-posebna-ponudba","12":"product_cat-ministranti","13":"product_cat-prirocniki","15":"first","16":"instock","17":"shipping-taxable","18":"purchasable","19":"product-type-simple"},"acf":[],"yoast_head":"<!-- This site is optimized with the Yoast SEO plugin v23.8 - https:\/\/yoast.com\/wordpress\/plugins\/seo\/ -->\n<title>Zmigajmo ministrante! 2 - Salve<\/title>\n<meta name=\"robots\" content=\"index, follow, max-snippet:-1, max-image-preview:large, max-video-preview:-1\" \/>\n<link rel=\"canonical\" href=\"https:\/\/www.salve.si\/en\/trgovina\/knjige\/ministranti\/zmigajmo-ministrante-2\/\" \/>\n<meta property=\"og:locale\" content=\"en_US\" \/>\n<meta property=\"og:type\" content=\"article\" \/>\n<meta property=\"og:title\" content=\"Zmigajmo ministrante! 2 - Salve\" \/>\n<meta property=\"og:description\" content=\"Knjigo z naslovom ZMIGAJMO MINISTRANTE 1 verjeto \u017ee poznate. Tu je nov priro\u010dnik oziroma nadaljevanje prvega za voditelje ministrantskih skupin, da priprava rednega tedenskega sre\u010danja z ministranti ne bo neobvladljiva naloga.\" \/>\n<meta property=\"og:url\" content=\"https:\/\/www.salve.si\/en\/trgovina\/knjige\/ministranti\/zmigajmo-ministrante-2\/\" \/>\n<meta property=\"og:site_name\" content=\"Salve\" \/>\n<meta property=\"article:publisher\" content=\"https:\/\/www.facebook.com\/salve.si\" \/>\n<meta property=\"article:modified_time\" content=\"2024-01-01T22:00:39+00:00\" \/>\n<meta property=\"og:image\" content=\"https:\/\/www.salve.si\/wp-content\/uploads\/2018\/03\/zmigajmo-ministrante-2_2014.jpg\" \/>\n\t<meta property=\"og:image:width\" content=\"1748\" \/>\n\t<meta property=\"og:image:height\" content=\"2487\" \/>\n\t<meta property=\"og:image:type\" content=\"image\/jpeg\" \/>\n<meta name=\"twitter:card\" content=\"summary_large_image\" \/>\n<meta name=\"twitter:label1\" content=\"Est. reading time\" \/>\n\t<meta name=\"twitter:data1\" content=\"1 minute\" \/>\n<script type=\"application\/ld+json\" class=\"yoast-schema-graph\">{\"@context\":\"https:\/\/schema.org\",\"@graph\":[{\"@type\":\"WebPage\",\"@id\":\"https:\/\/www.salve.si\/trgovina\/knjige\/ministranti\/zmigajmo-ministrante-2\/\",\"url\":\"https:\/\/www.salve.si\/trgovina\/knjige\/ministranti\/zmigajmo-ministrante-2\/\",\"name\":\"Zmigajmo ministrante! 2 - Salve\",\"isPartOf\":{\"@id\":\"https:\/\/www.salve.si\/#website\"},\"primaryImageOfPage\":{\"@id\":\"https:\/\/www.salve.si\/trgovina\/knjige\/ministranti\/zmigajmo-ministrante-2\/#primaryimage\"},\"image\":{\"@id\":\"https:\/\/www.salve.si\/trgovina\/knjige\/ministranti\/zmigajmo-ministrante-2\/#primaryimage\"},\"thumbnailUrl\":\"https:\/\/www.salve.si\/wp-content\/uploads\/2018\/03\/zmigajmo-ministrante-2_2014.jpg\",\"datePublished\":\"2014-12-27T09:00:06+00:00\",\"dateModified\":\"2024-01-01T22:00:39+00:00\",\"breadcrumb\":{\"@id\":\"https:\/\/www.salve.si\/trgovina\/knjige\/ministranti\/zmigajmo-ministrante-2\/#breadcrumb\"},\"inLanguage\":\"en-US\",\"potentialAction\":[{\"@type\":\"ReadAction\",\"target\":[\"https:\/\/www.salve.si\/trgovina\/knjige\/ministranti\/zmigajmo-ministrante-2\/\"]}]},{\"@type\":\"ImageObject\",\"inLanguage\":\"en-US\",\"@id\":\"https:\/\/www.salve.si\/trgovina\/knjige\/ministranti\/zmigajmo-ministrante-2\/#primaryimage\",\"url\":\"https:\/\/www.salve.si\/wp-content\/uploads\/2018\/03\/zmigajmo-ministrante-2_2014.jpg\",\"contentUrl\":\"https:\/\/www.salve.si\/wp-content\/uploads\/2018\/03\/zmigajmo-ministrante-2_2014.jpg\",\"width\":1748,\"height\":2487},{\"@type\":\"BreadcrumbList\",\"@id\":\"https:\/\/www.salve.si\/trgovina\/knjige\/ministranti\/zmigajmo-ministrante-2\/#breadcrumb\",\"itemListElement\":[{\"@type\":\"ListItem\",\"position\":1,\"name\":\"Home\",\"item\":\"https:\/\/www.salve.si\/\"},{\"@type\":\"ListItem\",\"position\":2,\"name\":\"Trgovina\",\"item\":\"https:\/\/www.salve.si\/trgovina\/\"},{\"@type\":\"ListItem\",\"position\":3,\"name\":\"Zmigajmo ministrante! 2\"}]},{\"@type\":\"WebSite\",\"@id\":\"https:\/\/www.salve.si\/#website\",\"url\":\"https:\/\/www.salve.si\/\",\"name\":\"Salve\",\"description\":\"Salezijanska zalo\u017eba\",\"publisher\":{\"@id\":\"https:\/\/www.salve.si\/#organization\"},\"potentialAction\":[{\"@type\":\"SearchAction\",\"target\":{\"@type\":\"EntryPoint\",\"urlTemplate\":\"https:\/\/www.salve.si\/?s={search_term_string}\"},\"query-input\":{\"@type\":\"PropertyValueSpecification\",\"valueRequired\":true,\"valueName\":\"search_term_string\"}}],\"inLanguage\":\"en-US\"},{\"@type\":\"Organization\",\"@id\":\"https:\/\/www.salve.si\/#organization\",\"name\":\"Salve d.o.o.\",\"url\":\"https:\/\/www.salve.si\/\",\"logo\":{\"@type\":\"ImageObject\",\"inLanguage\":\"en-US\",\"@id\":\"https:\/\/www.salve.si\/#\/schema\/logo\/image\/\",\"url\":\"https:\/\/www.salve.si\/wp-content\/uploads\/2021\/01\/Salve_logo_modri_nov_web.png\",\"contentUrl\":\"https:\/\/www.salve.si\/wp-content\/uploads\/2021\/01\/Salve_logo_modri_nov_web.png\",\"width\":279,\"height\":90,\"caption\":\"Salve d.o.o.\"},\"image\":{\"@id\":\"https:\/\/www.salve.si\/#\/schema\/logo\/image\/\"},\"sameAs\":[\"https:\/\/www.facebook.com\/salve.si\",\"https:\/\/www.instagram.com\/zalozbasalve\/\",\"https:\/\/www.linkedin.com\/company\/zalozba-salve\/\"]}]}<\/script>\n<!-- \/ Yoast SEO plugin. -->","yoast_head_json":{"title":"Zmigajmo ministrante! 2 - Salve","robots":{"index":"index","follow":"follow","max-snippet":"max-snippet:-1","max-image-preview":"max-image-preview:large","max-video-preview":"max-video-preview:-1"},"canonical":"https:\/\/www.salve.si\/en\/trgovina\/knjige\/ministranti\/zmigajmo-ministrante-2\/","og_locale":"en_US","og_type":"article","og_title":"Zmigajmo ministrante! 2 - Salve","og_description":"Knjigo z naslovom ZMIGAJMO MINISTRANTE 1 verjeto \u017ee poznate. Tu je nov priro\u010dnik oziroma nadaljevanje prvega za voditelje ministrantskih skupin, da priprava rednega tedenskega sre\u010danja z ministranti ne bo neobvladljiva naloga.","og_url":"https:\/\/www.salve.si\/en\/trgovina\/knjige\/ministranti\/zmigajmo-ministrante-2\/","og_site_name":"Salve","article_publisher":"https:\/\/www.facebook.com\/salve.si","article_modified_time":"2024-01-01T22:00:39+00:00","og_image":[{"width":1748,"height":2487,"url":"https:\/\/www.salve.si\/wp-content\/uploads\/2018\/03\/zmigajmo-ministrante-2_2014.jpg","type":"image\/jpeg"}],"twitter_card":"summary_large_image","twitter_misc":{"Est. reading time":"1 minute"},"schema":{"@context":"https:\/\/schema.org","@graph":[{"@type":"WebPage","@id":"https:\/\/www.salve.si\/trgovina\/knjige\/ministranti\/zmigajmo-ministrante-2\/","url":"https:\/\/www.salve.si\/trgovina\/knjige\/ministranti\/zmigajmo-ministrante-2\/","name":"Zmigajmo ministrante! 2 - Salve","isPartOf":{"@id":"https:\/\/www.salve.si\/#website"},"primaryImageOfPage":{"@id":"https:\/\/www.salve.si\/trgovina\/knjige\/ministranti\/zmigajmo-ministrante-2\/#primaryimage"},"image":{"@id":"https:\/\/www.salve.si\/trgovina\/knjige\/ministranti\/zmigajmo-ministrante-2\/#primaryimage"},"thumbnailUrl":"https:\/\/www.salve.si\/wp-content\/uploads\/2018\/03\/zmigajmo-ministrante-2_2014.jpg","datePublished":"2014-12-27T09:00:06+00:00","dateModified":"2024-01-01T22:00:39+00:00","breadcrumb":{"@id":"https:\/\/www.salve.si\/trgovina\/knjige\/ministranti\/zmigajmo-ministrante-2\/#breadcrumb"},"inLanguage":"en-US","potentialAction":[{"@type":"ReadAction","target":["https:\/\/www.salve.si\/trgovina\/knjige\/ministranti\/zmigajmo-ministrante-2\/"]}]},{"@type":"ImageObject","inLanguage":"en-US","@id":"https:\/\/www.salve.si\/trgovina\/knjige\/ministranti\/zmigajmo-ministrante-2\/#primaryimage","url":"https:\/\/www.salve.si\/wp-content\/uploads\/2018\/03\/zmigajmo-ministrante-2_2014.jpg","contentUrl":"https:\/\/www.salve.si\/wp-content\/uploads\/2018\/03\/zmigajmo-ministrante-2_2014.jpg","width":1748,"height":2487},{"@type":"BreadcrumbList","@id":"https:\/\/www.salve.si\/trgovina\/knjige\/ministranti\/zmigajmo-ministrante-2\/#breadcrumb","itemListElement":[{"@type":"ListItem","position":1,"name":"Home","item":"https:\/\/www.salve.si\/"},{"@type":"ListItem","position":2,"name":"Trgovina","item":"https:\/\/www.salve.si\/trgovina\/"},{"@type":"ListItem","position":3,"name":"Zmigajmo ministrante! 2"}]},{"@type":"WebSite","@id":"https:\/\/www.salve.si\/#website","url":"https:\/\/www.salve.si\/","name":"Salve","description":"Salezijanska zalo\u017eba","publisher":{"@id":"https:\/\/www.salve.si\/#organization"},"potentialAction":[{"@type":"SearchAction","target":{"@type":"EntryPoint","urlTemplate":"https:\/\/www.salve.si\/?s={search_term_string}"},"query-input":{"@type":"PropertyValueSpecification","valueRequired":true,"valueName":"search_term_string"}}],"inLanguage":"en-US"},{"@type":"Organization","@id":"https:\/\/www.salve.si\/#organization","name":"Salve d.o.o.","url":"https:\/\/www.salve.si\/","logo":{"@type":"ImageObject","inLanguage":"en-US","@id":"https:\/\/www.salve.si\/#\/schema\/logo\/image\/","url":"https:\/\/www.salve.si\/wp-content\/uploads\/2021\/01\/Salve_logo_modri_nov_web.png","contentUrl":"https:\/\/www.salve.si\/wp-content\/uploads\/2021\/01\/Salve_logo_modri_nov_web.png","width":279,"height":90,"caption":"Salve d.o.o."},"image":{"@id":"https:\/\/www.salve.si\/#\/schema\/logo\/image\/"},"sameAs":["https:\/\/www.facebook.com\/salve.si","https:\/\/www.instagram.com\/zalozbasalve\/","https:\/\/www.linkedin.com\/company\/zalozba-salve\/"]}]}},"_links":{"self":[{"href":"https:\/\/www.salve.si\/en\/wp-json\/wp\/v2\/product\/3022","targetHints":{"allow":["GET"]}}],"collection":[{"href":"https:\/\/www.salve.si\/en\/wp-json\/wp\/v2\/product"}],"about":[{"href":"https:\/\/www.salve.si\/en\/wp-json\/wp\/v2\/types\/product"}],"version-history":[{"count":1,"href":"https:\/\/www.salve.si\/en\/wp-json\/wp\/v2\/product\/3022\/revisions"}],"predecessor-version":[{"id":12926,"href":"https:\/\/www.salve.si\/en\/wp-json\/wp\/v2\/product\/3022\/revisions\/12926"}],"wp:featuredmedia":[{"embeddable":true,"href":"https:\/\/www.salve.si\/en\/wp-json\/wp\/v2\/media\/3023"}],"wp:attachment":[{"href":"https:\/\/www.salve.si\/en\/wp-json\/wp\/v2\/media?parent=3022"}],"wp:term":[{"taxonomy":"product_cat","embeddable":true,"href":"https:\/\/www.salve.si\/en\/wp-json\/wp\/v2\/product_cat?post=3022"},{"taxonomy":"product_tag","embeddable":true,"href":"https:\/\/www.salve.si\/en\/wp-json\/wp\/v2\/product_tag?post=3022"}],"curies":[{"name":"wp","href":"https:\/\/api.w.org\/{rel}","templated":true}]}}