{"id":3013,"date":"2014-12-27T10:00:30","date_gmt":"2014-12-27T09:00:30","guid":{"rendered":"http:\/\/2018.salve.si\/?post_type=product&#038;p=3013"},"modified":"2024-01-01T23:00:41","modified_gmt":"2024-01-01T22:00:41","slug":"pridi-z-menoj-sin-moj","status":"publish","type":"product","link":"https:\/\/www.salve.si\/en\/trgovina\/knjige\/leposlovje\/pridi-z-menoj-sin-moj\/","title":{"rendered":"Pridi z menoj, sin moj"},"content":{"rendered":"<p>&#8220;&#8230; Kot sem ti dejal, noben alkoholik ni brez\u010duten, egoisti\u010den stvor. Gre za bolezen, ki se je ne da primerjati z nobeno drugo. Ta bolezen \u010dloveku odvzame svobodno voljo. \u010clovek postane su\u017eenj, alkohol pa postane su\u017enjelastnik. To je bolezen, ki je neozdravljiva. Alkoholik se lahko le zazdravi, nikoli pa ne pozdravi. Tudi ni bolezen, ki se je ne bi dalo nadzirati. Vsak bolnik, ki to ho\u010de, jo lahko brez te\u017eav nadzira in z njo \u017eivi.&#8221;<span class=\"slv-content-keywords\"> Izpovedi Leposlovje Aco Jerant Pogovor treznega pijanca s sinom <\/span><\/p>","protected":false},"excerpt":{"rendered":"<p><strong>Pogovor treznega pijanca s sinom<\/strong><\/p>\n<p>Morda poznate koga, ki bi mu izpoved &#8220;treznega pijanca&#8221; pomagala na njegovi poti, ali pa bi tudi sami \u017eeleli spoznati to pot zaradi pomo\u010di potrebnih.<\/p>\n<p>&#8220;Sin, \u017eelim se ti zahvaliti, da si to pot prehodil z menoj. Da si jo sploh hotel prehoditi. Kot \u010dloveka me pe\u010de vest, ker vem, da bi lahko v \u017eivljenju dosegel veliko ve\u010d, pa je vse odplaknil alkohol. Kot o\u010deta me pe\u010de vest, ker ti nisem bil o\u010de v pravem pomenu besede &#8230;&#8221;<\/p>","protected":false},"featured_media":3014,"template":"","meta":{"_acf_changed":false,"footnotes":""},"product_cat":[659,312],"product_tag":[],"class_list":{"0":"post-3013","1":"product","2":"type-product","3":"status-publish","4":"has-post-thumbnail","6":"authors-aco-jerant","7":"publisher-salve-d-o-o-ljubljana","8":"product_cat-izpovedi","9":"product_cat-leposlovje","11":"first","12":"instock","13":"shipping-taxable","14":"purchasable","15":"product-type-simple"},"acf":[],"yoast_head":"<!-- This site is optimized with the Yoast SEO plugin v23.8 - https:\/\/yoast.com\/wordpress\/plugins\/seo\/ -->\n<title>Pridi z menoj, sin moj - Salve<\/title>\n<meta name=\"robots\" content=\"index, follow, max-snippet:-1, max-image-preview:large, max-video-preview:-1\" \/>\n<link rel=\"canonical\" href=\"https:\/\/www.salve.si\/en\/trgovina\/knjige\/leposlovje\/pridi-z-menoj-sin-moj\/\" \/>\n<meta property=\"og:locale\" content=\"en_US\" \/>\n<meta property=\"og:type\" content=\"article\" \/>\n<meta property=\"og:title\" content=\"Pridi z menoj, sin moj - Salve\" \/>\n<meta property=\"og:description\" content=\"Pogovor treznega pijanca s sinom  Morda poznate koga, ki bi mu izpoved &quot;treznega pijanca&quot; pomagala na njegovi poti, ali pa bi tudi sami \u017eeleli spoznati to pot zaradi pomo\u010di potrebnih.  &quot;Sin, \u017eelim se ti zahvaliti, da si to pot prehodil z menoj. Da si jo sploh hotel prehoditi. Kot \u010dloveka me pe\u010de vest, ker vem, da bi lahko v \u017eivljenju dosegel veliko ve\u010d, pa je vse odplaknil alkohol. Kot o\u010deta me pe\u010de vest, ker ti nisem bil o\u010de v pravem pomenu besede ...&quot;\" \/>\n<meta property=\"og:url\" content=\"https:\/\/www.salve.si\/en\/trgovina\/knjige\/leposlovje\/pridi-z-menoj-sin-moj\/\" \/>\n<meta property=\"og:site_name\" content=\"Salve\" \/>\n<meta property=\"article:publisher\" content=\"https:\/\/www.facebook.com\/salve.si\" \/>\n<meta property=\"article:modified_time\" content=\"2024-01-01T22:00:41+00:00\" \/>\n<meta property=\"og:image\" content=\"https:\/\/www.salve.si\/wp-content\/uploads\/2018\/03\/pridi-z-menoj-sin-moj_aco-jerant_naslovnica.jpg\" \/>\n\t<meta property=\"og:image:width\" content=\"1524\" \/>\n\t<meta property=\"og:image:height\" content=\"2484\" \/>\n\t<meta property=\"og:image:type\" content=\"image\/jpeg\" \/>\n<meta name=\"twitter:card\" content=\"summary_large_image\" \/>\n<script type=\"application\/ld+json\" class=\"yoast-schema-graph\">{\"@context\":\"https:\/\/schema.org\",\"@graph\":[{\"@type\":\"WebPage\",\"@id\":\"https:\/\/www.salve.si\/trgovina\/knjige\/leposlovje\/pridi-z-menoj-sin-moj\/\",\"url\":\"https:\/\/www.salve.si\/trgovina\/knjige\/leposlovje\/pridi-z-menoj-sin-moj\/\",\"name\":\"Pridi z menoj, sin moj - Salve\",\"isPartOf\":{\"@id\":\"https:\/\/www.salve.si\/#website\"},\"primaryImageOfPage\":{\"@id\":\"https:\/\/www.salve.si\/trgovina\/knjige\/leposlovje\/pridi-z-menoj-sin-moj\/#primaryimage\"},\"image\":{\"@id\":\"https:\/\/www.salve.si\/trgovina\/knjige\/leposlovje\/pridi-z-menoj-sin-moj\/#primaryimage\"},\"thumbnailUrl\":\"https:\/\/www.salve.si\/wp-content\/uploads\/2018\/03\/pridi-z-menoj-sin-moj_aco-jerant_naslovnica.jpg\",\"datePublished\":\"2014-12-27T09:00:30+00:00\",\"dateModified\":\"2024-01-01T22:00:41+00:00\",\"breadcrumb\":{\"@id\":\"https:\/\/www.salve.si\/trgovina\/knjige\/leposlovje\/pridi-z-menoj-sin-moj\/#breadcrumb\"},\"inLanguage\":\"en-US\",\"potentialAction\":[{\"@type\":\"ReadAction\",\"target\":[\"https:\/\/www.salve.si\/trgovina\/knjige\/leposlovje\/pridi-z-menoj-sin-moj\/\"]}]},{\"@type\":\"ImageObject\",\"inLanguage\":\"en-US\",\"@id\":\"https:\/\/www.salve.si\/trgovina\/knjige\/leposlovje\/pridi-z-menoj-sin-moj\/#primaryimage\",\"url\":\"https:\/\/www.salve.si\/wp-content\/uploads\/2018\/03\/pridi-z-menoj-sin-moj_aco-jerant_naslovnica.jpg\",\"contentUrl\":\"https:\/\/www.salve.si\/wp-content\/uploads\/2018\/03\/pridi-z-menoj-sin-moj_aco-jerant_naslovnica.jpg\",\"width\":1524,\"height\":2484},{\"@type\":\"BreadcrumbList\",\"@id\":\"https:\/\/www.salve.si\/trgovina\/knjige\/leposlovje\/pridi-z-menoj-sin-moj\/#breadcrumb\",\"itemListElement\":[{\"@type\":\"ListItem\",\"position\":1,\"name\":\"Home\",\"item\":\"https:\/\/www.salve.si\/\"},{\"@type\":\"ListItem\",\"position\":2,\"name\":\"Trgovina\",\"item\":\"https:\/\/www.salve.si\/trgovina\/\"},{\"@type\":\"ListItem\",\"position\":3,\"name\":\"Pridi z menoj, sin moj\"}]},{\"@type\":\"WebSite\",\"@id\":\"https:\/\/www.salve.si\/#website\",\"url\":\"https:\/\/www.salve.si\/\",\"name\":\"Salve\",\"description\":\"Salezijanska zalo\u017eba\",\"publisher\":{\"@id\":\"https:\/\/www.salve.si\/#organization\"},\"potentialAction\":[{\"@type\":\"SearchAction\",\"target\":{\"@type\":\"EntryPoint\",\"urlTemplate\":\"https:\/\/www.salve.si\/?s={search_term_string}\"},\"query-input\":{\"@type\":\"PropertyValueSpecification\",\"valueRequired\":true,\"valueName\":\"search_term_string\"}}],\"inLanguage\":\"en-US\"},{\"@type\":\"Organization\",\"@id\":\"https:\/\/www.salve.si\/#organization\",\"name\":\"Salve d.o.o.\",\"url\":\"https:\/\/www.salve.si\/\",\"logo\":{\"@type\":\"ImageObject\",\"inLanguage\":\"en-US\",\"@id\":\"https:\/\/www.salve.si\/#\/schema\/logo\/image\/\",\"url\":\"https:\/\/www.salve.si\/wp-content\/uploads\/2021\/01\/Salve_logo_modri_nov_web.png\",\"contentUrl\":\"https:\/\/www.salve.si\/wp-content\/uploads\/2021\/01\/Salve_logo_modri_nov_web.png\",\"width\":279,\"height\":90,\"caption\":\"Salve d.o.o.\"},\"image\":{\"@id\":\"https:\/\/www.salve.si\/#\/schema\/logo\/image\/\"},\"sameAs\":[\"https:\/\/www.facebook.com\/salve.si\",\"https:\/\/www.instagram.com\/zalozbasalve\/\",\"https:\/\/www.linkedin.com\/company\/zalozba-salve\/\"]}]}<\/script>\n<!-- \/ Yoast SEO plugin. -->","yoast_head_json":{"title":"Pridi z menoj, sin moj - Salve","robots":{"index":"index","follow":"follow","max-snippet":"max-snippet:-1","max-image-preview":"max-image-preview:large","max-video-preview":"max-video-preview:-1"},"canonical":"https:\/\/www.salve.si\/en\/trgovina\/knjige\/leposlovje\/pridi-z-menoj-sin-moj\/","og_locale":"en_US","og_type":"article","og_title":"Pridi z menoj, sin moj - Salve","og_description":"Pogovor treznega pijanca s sinom  Morda poznate koga, ki bi mu izpoved \"treznega pijanca\" pomagala na njegovi poti, ali pa bi tudi sami \u017eeleli spoznati to pot zaradi pomo\u010di potrebnih.  \"Sin, \u017eelim se ti zahvaliti, da si to pot prehodil z menoj. Da si jo sploh hotel prehoditi. Kot \u010dloveka me pe\u010de vest, ker vem, da bi lahko v \u017eivljenju dosegel veliko ve\u010d, pa je vse odplaknil alkohol. Kot o\u010deta me pe\u010de vest, ker ti nisem bil o\u010de v pravem pomenu besede ...\"","og_url":"https:\/\/www.salve.si\/en\/trgovina\/knjige\/leposlovje\/pridi-z-menoj-sin-moj\/","og_site_name":"Salve","article_publisher":"https:\/\/www.facebook.com\/salve.si","article_modified_time":"2024-01-01T22:00:41+00:00","og_image":[{"width":1524,"height":2484,"url":"https:\/\/www.salve.si\/wp-content\/uploads\/2018\/03\/pridi-z-menoj-sin-moj_aco-jerant_naslovnica.jpg","type":"image\/jpeg"}],"twitter_card":"summary_large_image","schema":{"@context":"https:\/\/schema.org","@graph":[{"@type":"WebPage","@id":"https:\/\/www.salve.si\/trgovina\/knjige\/leposlovje\/pridi-z-menoj-sin-moj\/","url":"https:\/\/www.salve.si\/trgovina\/knjige\/leposlovje\/pridi-z-menoj-sin-moj\/","name":"Pridi z menoj, sin moj - Salve","isPartOf":{"@id":"https:\/\/www.salve.si\/#website"},"primaryImageOfPage":{"@id":"https:\/\/www.salve.si\/trgovina\/knjige\/leposlovje\/pridi-z-menoj-sin-moj\/#primaryimage"},"image":{"@id":"https:\/\/www.salve.si\/trgovina\/knjige\/leposlovje\/pridi-z-menoj-sin-moj\/#primaryimage"},"thumbnailUrl":"https:\/\/www.salve.si\/wp-content\/uploads\/2018\/03\/pridi-z-menoj-sin-moj_aco-jerant_naslovnica.jpg","datePublished":"2014-12-27T09:00:30+00:00","dateModified":"2024-01-01T22:00:41+00:00","breadcrumb":{"@id":"https:\/\/www.salve.si\/trgovina\/knjige\/leposlovje\/pridi-z-menoj-sin-moj\/#breadcrumb"},"inLanguage":"en-US","potentialAction":[{"@type":"ReadAction","target":["https:\/\/www.salve.si\/trgovina\/knjige\/leposlovje\/pridi-z-menoj-sin-moj\/"]}]},{"@type":"ImageObject","inLanguage":"en-US","@id":"https:\/\/www.salve.si\/trgovina\/knjige\/leposlovje\/pridi-z-menoj-sin-moj\/#primaryimage","url":"https:\/\/www.salve.si\/wp-content\/uploads\/2018\/03\/pridi-z-menoj-sin-moj_aco-jerant_naslovnica.jpg","contentUrl":"https:\/\/www.salve.si\/wp-content\/uploads\/2018\/03\/pridi-z-menoj-sin-moj_aco-jerant_naslovnica.jpg","width":1524,"height":2484},{"@type":"BreadcrumbList","@id":"https:\/\/www.salve.si\/trgovina\/knjige\/leposlovje\/pridi-z-menoj-sin-moj\/#breadcrumb","itemListElement":[{"@type":"ListItem","position":1,"name":"Home","item":"https:\/\/www.salve.si\/"},{"@type":"ListItem","position":2,"name":"Trgovina","item":"https:\/\/www.salve.si\/trgovina\/"},{"@type":"ListItem","position":3,"name":"Pridi z menoj, sin moj"}]},{"@type":"WebSite","@id":"https:\/\/www.salve.si\/#website","url":"https:\/\/www.salve.si\/","name":"Salve","description":"Salezijanska zalo\u017eba","publisher":{"@id":"https:\/\/www.salve.si\/#organization"},"potentialAction":[{"@type":"SearchAction","target":{"@type":"EntryPoint","urlTemplate":"https:\/\/www.salve.si\/?s={search_term_string}"},"query-input":{"@type":"PropertyValueSpecification","valueRequired":true,"valueName":"search_term_string"}}],"inLanguage":"en-US"},{"@type":"Organization","@id":"https:\/\/www.salve.si\/#organization","name":"Salve d.o.o.","url":"https:\/\/www.salve.si\/","logo":{"@type":"ImageObject","inLanguage":"en-US","@id":"https:\/\/www.salve.si\/#\/schema\/logo\/image\/","url":"https:\/\/www.salve.si\/wp-content\/uploads\/2021\/01\/Salve_logo_modri_nov_web.png","contentUrl":"https:\/\/www.salve.si\/wp-content\/uploads\/2021\/01\/Salve_logo_modri_nov_web.png","width":279,"height":90,"caption":"Salve d.o.o."},"image":{"@id":"https:\/\/www.salve.si\/#\/schema\/logo\/image\/"},"sameAs":["https:\/\/www.facebook.com\/salve.si","https:\/\/www.instagram.com\/zalozbasalve\/","https:\/\/www.linkedin.com\/company\/zalozba-salve\/"]}]}},"_links":{"self":[{"href":"https:\/\/www.salve.si\/en\/wp-json\/wp\/v2\/product\/3013","targetHints":{"allow":["GET"]}}],"collection":[{"href":"https:\/\/www.salve.si\/en\/wp-json\/wp\/v2\/product"}],"about":[{"href":"https:\/\/www.salve.si\/en\/wp-json\/wp\/v2\/types\/product"}],"version-history":[{"count":1,"href":"https:\/\/www.salve.si\/en\/wp-json\/wp\/v2\/product\/3013\/revisions"}],"predecessor-version":[{"id":16413,"href":"https:\/\/www.salve.si\/en\/wp-json\/wp\/v2\/product\/3013\/revisions\/16413"}],"wp:featuredmedia":[{"embeddable":true,"href":"https:\/\/www.salve.si\/en\/wp-json\/wp\/v2\/media\/3014"}],"wp:attachment":[{"href":"https:\/\/www.salve.si\/en\/wp-json\/wp\/v2\/media?parent=3013"}],"wp:term":[{"taxonomy":"product_cat","embeddable":true,"href":"https:\/\/www.salve.si\/en\/wp-json\/wp\/v2\/product_cat?post=3013"},{"taxonomy":"product_tag","embeddable":true,"href":"https:\/\/www.salve.si\/en\/wp-json\/wp\/v2\/product_tag?post=3013"}],"curies":[{"name":"wp","href":"https:\/\/api.w.org\/{rel}","templated":true}]}}