{"id":3008,"date":"2014-12-27T10:00:54","date_gmt":"2014-12-27T09:00:54","guid":{"rendered":"http:\/\/2018.salve.si\/?post_type=product&#038;p=3008"},"modified":"2018-06-18T15:10:04","modified_gmt":"2018-06-18T13:10:04","slug":"na-tvojo-besedo","status":"publish","type":"product","link":"https:\/\/www.salve.si\/en\/trgovina\/knjige\/oratorij\/na-tvojo-besedo\/","title":{"rendered":"Na tvojo besedo"},"content":{"rendered":"<p>Geslo, ki nas spremlja tekom Oratorija 2014, je Petrova beseda &#8220;Na tvojo besedo&#8221;.<br \/>\nNaslov se nana\u0161a na dogodek na za\u010detku Jezusovega oznanjevanja, ko je po celono\u010dnem lovu izku\u0161enim ribi\u010dem s Petrom na \u010delu zapovedal, naj \u0161e enkrat odrinejo na globoko in vr\u017eejo mre\u017ee. \u010ceprav je bil to nesmiseln ukaz z vidika vsega, kar je Peter vedel o ribolovu, je Jezusu odvrnil: &#8220;U\u010denik, vso no\u010d smo se trudili, pa nismo ni\u010d ujeli, a na tvojo besedo bom vrgel mre\u017ee&#8221; (Lk 5,5). In zajeli so toliko rib, da so se mre\u017ee za\u010dele kar trgati &#8230;<br \/>\nPetrove besede torej izra\u017eajo njegovo vero v Jezusa in tudi nas vabijo k njej, hkrati pa ozna\u010dujejo Petrovo poslanstvo &#8220;ribi\u010da ljudi&#8221;.<span class=\"slv-content-keywords\"> H\u010dere Marije Pomo\u010dnice Salezijanci Zdru\u017eenje animatorjev Oratorija Oratorij Animator Priro\u010dnik za oblikovanje otrok in dora\u0161\u010dajo\u010dih Fani Pe\u010dar <\/span><\/p>","protected":false},"excerpt":{"rendered":"<p>Oratorij 2014<\/p>\n<p>Glavni junak Oratorija je\u00a0 apostol Peter, ribi\u010d, ki je na Jezusovo osebno vabilo postal eden izmed dvanajsterih apostolov, po Jezusovi smrti in vstajenju pa prvi pape\u017e. V svojem \u017eivljenju se je spopadal s svojo vihravostjo in bojazljivostjo, a ga je odnos s Kristusom v mo\u010di Svetega Duha kon\u010dno docela spremenil. Svojo ljubezen in zvestobo Bogu je na koncu izpri\u010dal s pogumnim darovanjem \u017eivljenja za vero.<\/p>","protected":false},"featured_media":3009,"template":"","meta":{"_acf_changed":false,"footnotes":""},"product_cat":[265],"product_tag":[],"class_list":{"0":"post-3008","1":"product","2":"type-product","3":"status-publish","4":"has-post-thumbnail","6":"zbirke-animator","7":"authors-hcere-marije-pomocnice","8":"authors-salezijanci","9":"authors-zdruzenje-animatorjev-oratorija","10":"publisher-salve-d-o-o-ljubljana","11":"product_cat-oratorij","13":"first","14":"instock","15":"shipping-taxable","16":"purchasable","17":"product-type-simple"},"acf":[],"yoast_head":"<!-- This site is optimized with the Yoast SEO plugin v23.8 - https:\/\/yoast.com\/wordpress\/plugins\/seo\/ -->\n<title>Na tvojo besedo - Salve<\/title>\n<meta name=\"robots\" content=\"index, follow, max-snippet:-1, max-image-preview:large, max-video-preview:-1\" \/>\n<link rel=\"canonical\" href=\"https:\/\/www.salve.si\/en\/trgovina\/knjige\/oratorij\/na-tvojo-besedo\/\" \/>\n<meta property=\"og:locale\" content=\"en_US\" \/>\n<meta property=\"og:type\" content=\"article\" \/>\n<meta property=\"og:title\" content=\"Na tvojo besedo - Salve\" \/>\n<meta property=\"og:description\" content=\"Oratorij 2014  Glavni junak Oratorija je\u00a0 apostol Peter, ribi\u010d, ki je na Jezusovo osebno vabilo postal eden izmed dvanajsterih apostolov, po Jezusovi smrti in vstajenju pa prvi pape\u017e. V svojem \u017eivljenju se je spopadal s svojo vihravostjo in bojazljivostjo, a ga je odnos s Kristusom v mo\u010di Svetega Duha kon\u010dno docela spremenil. Svojo ljubezen in zvestobo Bogu je na koncu izpri\u010dal s pogumnim darovanjem \u017eivljenja za vero.\" \/>\n<meta property=\"og:url\" content=\"https:\/\/www.salve.si\/en\/trgovina\/knjige\/oratorij\/na-tvojo-besedo\/\" \/>\n<meta property=\"og:site_name\" content=\"Salve\" \/>\n<meta property=\"article:publisher\" content=\"https:\/\/www.facebook.com\/salve.si\" \/>\n<meta property=\"article:modified_time\" content=\"2018-06-18T13:10:04+00:00\" \/>\n<meta property=\"og:image\" content=\"https:\/\/www.salve.si\/wp-content\/uploads\/2018\/03\/na-tvojo-besedo_oratorij-2014_knjiga.jpg\" \/>\n\t<meta property=\"og:image:width\" content=\"1926\" \/>\n\t<meta property=\"og:image:height\" content=\"2770\" \/>\n\t<meta property=\"og:image:type\" content=\"image\/jpeg\" \/>\n<meta name=\"twitter:card\" content=\"summary_large_image\" \/>\n<meta name=\"twitter:label1\" content=\"Est. reading time\" \/>\n\t<meta name=\"twitter:data1\" content=\"1 minute\" \/>\n<script type=\"application\/ld+json\" class=\"yoast-schema-graph\">{\"@context\":\"https:\/\/schema.org\",\"@graph\":[{\"@type\":\"WebPage\",\"@id\":\"https:\/\/www.salve.si\/trgovina\/knjige\/oratorij\/na-tvojo-besedo\/\",\"url\":\"https:\/\/www.salve.si\/trgovina\/knjige\/oratorij\/na-tvojo-besedo\/\",\"name\":\"Na tvojo besedo - Salve\",\"isPartOf\":{\"@id\":\"https:\/\/www.salve.si\/#website\"},\"primaryImageOfPage\":{\"@id\":\"https:\/\/www.salve.si\/trgovina\/knjige\/oratorij\/na-tvojo-besedo\/#primaryimage\"},\"image\":{\"@id\":\"https:\/\/www.salve.si\/trgovina\/knjige\/oratorij\/na-tvojo-besedo\/#primaryimage\"},\"thumbnailUrl\":\"https:\/\/www.salve.si\/wp-content\/uploads\/2018\/03\/na-tvojo-besedo_oratorij-2014_knjiga.jpg\",\"datePublished\":\"2014-12-27T09:00:54+00:00\",\"dateModified\":\"2018-06-18T13:10:04+00:00\",\"breadcrumb\":{\"@id\":\"https:\/\/www.salve.si\/trgovina\/knjige\/oratorij\/na-tvojo-besedo\/#breadcrumb\"},\"inLanguage\":\"en-US\",\"potentialAction\":[{\"@type\":\"ReadAction\",\"target\":[\"https:\/\/www.salve.si\/trgovina\/knjige\/oratorij\/na-tvojo-besedo\/\"]}]},{\"@type\":\"ImageObject\",\"inLanguage\":\"en-US\",\"@id\":\"https:\/\/www.salve.si\/trgovina\/knjige\/oratorij\/na-tvojo-besedo\/#primaryimage\",\"url\":\"https:\/\/www.salve.si\/wp-content\/uploads\/2018\/03\/na-tvojo-besedo_oratorij-2014_knjiga.jpg\",\"contentUrl\":\"https:\/\/www.salve.si\/wp-content\/uploads\/2018\/03\/na-tvojo-besedo_oratorij-2014_knjiga.jpg\",\"width\":1926,\"height\":2770},{\"@type\":\"BreadcrumbList\",\"@id\":\"https:\/\/www.salve.si\/trgovina\/knjige\/oratorij\/na-tvojo-besedo\/#breadcrumb\",\"itemListElement\":[{\"@type\":\"ListItem\",\"position\":1,\"name\":\"Home\",\"item\":\"https:\/\/www.salve.si\/\"},{\"@type\":\"ListItem\",\"position\":2,\"name\":\"Trgovina\",\"item\":\"https:\/\/www.salve.si\/trgovina\/\"},{\"@type\":\"ListItem\",\"position\":3,\"name\":\"Na tvojo besedo\"}]},{\"@type\":\"WebSite\",\"@id\":\"https:\/\/www.salve.si\/#website\",\"url\":\"https:\/\/www.salve.si\/\",\"name\":\"Salve\",\"description\":\"Salezijanska zalo\u017eba\",\"publisher\":{\"@id\":\"https:\/\/www.salve.si\/#organization\"},\"potentialAction\":[{\"@type\":\"SearchAction\",\"target\":{\"@type\":\"EntryPoint\",\"urlTemplate\":\"https:\/\/www.salve.si\/?s={search_term_string}\"},\"query-input\":{\"@type\":\"PropertyValueSpecification\",\"valueRequired\":true,\"valueName\":\"search_term_string\"}}],\"inLanguage\":\"en-US\"},{\"@type\":\"Organization\",\"@id\":\"https:\/\/www.salve.si\/#organization\",\"name\":\"Salve d.o.o.\",\"url\":\"https:\/\/www.salve.si\/\",\"logo\":{\"@type\":\"ImageObject\",\"inLanguage\":\"en-US\",\"@id\":\"https:\/\/www.salve.si\/#\/schema\/logo\/image\/\",\"url\":\"https:\/\/www.salve.si\/wp-content\/uploads\/2021\/01\/Salve_logo_modri_nov_web.png\",\"contentUrl\":\"https:\/\/www.salve.si\/wp-content\/uploads\/2021\/01\/Salve_logo_modri_nov_web.png\",\"width\":279,\"height\":90,\"caption\":\"Salve d.o.o.\"},\"image\":{\"@id\":\"https:\/\/www.salve.si\/#\/schema\/logo\/image\/\"},\"sameAs\":[\"https:\/\/www.facebook.com\/salve.si\",\"https:\/\/www.instagram.com\/zalozbasalve\/\",\"https:\/\/www.linkedin.com\/company\/zalozba-salve\/\"]}]}<\/script>\n<!-- \/ Yoast SEO plugin. -->","yoast_head_json":{"title":"Na tvojo besedo - Salve","robots":{"index":"index","follow":"follow","max-snippet":"max-snippet:-1","max-image-preview":"max-image-preview:large","max-video-preview":"max-video-preview:-1"},"canonical":"https:\/\/www.salve.si\/en\/trgovina\/knjige\/oratorij\/na-tvojo-besedo\/","og_locale":"en_US","og_type":"article","og_title":"Na tvojo besedo - Salve","og_description":"Oratorij 2014  Glavni junak Oratorija je\u00a0 apostol Peter, ribi\u010d, ki je na Jezusovo osebno vabilo postal eden izmed dvanajsterih apostolov, po Jezusovi smrti in vstajenju pa prvi pape\u017e. V svojem \u017eivljenju se je spopadal s svojo vihravostjo in bojazljivostjo, a ga je odnos s Kristusom v mo\u010di Svetega Duha kon\u010dno docela spremenil. Svojo ljubezen in zvestobo Bogu je na koncu izpri\u010dal s pogumnim darovanjem \u017eivljenja za vero.","og_url":"https:\/\/www.salve.si\/en\/trgovina\/knjige\/oratorij\/na-tvojo-besedo\/","og_site_name":"Salve","article_publisher":"https:\/\/www.facebook.com\/salve.si","article_modified_time":"2018-06-18T13:10:04+00:00","og_image":[{"width":1926,"height":2770,"url":"https:\/\/www.salve.si\/wp-content\/uploads\/2018\/03\/na-tvojo-besedo_oratorij-2014_knjiga.jpg","type":"image\/jpeg"}],"twitter_card":"summary_large_image","twitter_misc":{"Est. reading time":"1 minute"},"schema":{"@context":"https:\/\/schema.org","@graph":[{"@type":"WebPage","@id":"https:\/\/www.salve.si\/trgovina\/knjige\/oratorij\/na-tvojo-besedo\/","url":"https:\/\/www.salve.si\/trgovina\/knjige\/oratorij\/na-tvojo-besedo\/","name":"Na tvojo besedo - Salve","isPartOf":{"@id":"https:\/\/www.salve.si\/#website"},"primaryImageOfPage":{"@id":"https:\/\/www.salve.si\/trgovina\/knjige\/oratorij\/na-tvojo-besedo\/#primaryimage"},"image":{"@id":"https:\/\/www.salve.si\/trgovina\/knjige\/oratorij\/na-tvojo-besedo\/#primaryimage"},"thumbnailUrl":"https:\/\/www.salve.si\/wp-content\/uploads\/2018\/03\/na-tvojo-besedo_oratorij-2014_knjiga.jpg","datePublished":"2014-12-27T09:00:54+00:00","dateModified":"2018-06-18T13:10:04+00:00","breadcrumb":{"@id":"https:\/\/www.salve.si\/trgovina\/knjige\/oratorij\/na-tvojo-besedo\/#breadcrumb"},"inLanguage":"en-US","potentialAction":[{"@type":"ReadAction","target":["https:\/\/www.salve.si\/trgovina\/knjige\/oratorij\/na-tvojo-besedo\/"]}]},{"@type":"ImageObject","inLanguage":"en-US","@id":"https:\/\/www.salve.si\/trgovina\/knjige\/oratorij\/na-tvojo-besedo\/#primaryimage","url":"https:\/\/www.salve.si\/wp-content\/uploads\/2018\/03\/na-tvojo-besedo_oratorij-2014_knjiga.jpg","contentUrl":"https:\/\/www.salve.si\/wp-content\/uploads\/2018\/03\/na-tvojo-besedo_oratorij-2014_knjiga.jpg","width":1926,"height":2770},{"@type":"BreadcrumbList","@id":"https:\/\/www.salve.si\/trgovina\/knjige\/oratorij\/na-tvojo-besedo\/#breadcrumb","itemListElement":[{"@type":"ListItem","position":1,"name":"Home","item":"https:\/\/www.salve.si\/"},{"@type":"ListItem","position":2,"name":"Trgovina","item":"https:\/\/www.salve.si\/trgovina\/"},{"@type":"ListItem","position":3,"name":"Na tvojo besedo"}]},{"@type":"WebSite","@id":"https:\/\/www.salve.si\/#website","url":"https:\/\/www.salve.si\/","name":"Salve","description":"Salezijanska zalo\u017eba","publisher":{"@id":"https:\/\/www.salve.si\/#organization"},"potentialAction":[{"@type":"SearchAction","target":{"@type":"EntryPoint","urlTemplate":"https:\/\/www.salve.si\/?s={search_term_string}"},"query-input":{"@type":"PropertyValueSpecification","valueRequired":true,"valueName":"search_term_string"}}],"inLanguage":"en-US"},{"@type":"Organization","@id":"https:\/\/www.salve.si\/#organization","name":"Salve d.o.o.","url":"https:\/\/www.salve.si\/","logo":{"@type":"ImageObject","inLanguage":"en-US","@id":"https:\/\/www.salve.si\/#\/schema\/logo\/image\/","url":"https:\/\/www.salve.si\/wp-content\/uploads\/2021\/01\/Salve_logo_modri_nov_web.png","contentUrl":"https:\/\/www.salve.si\/wp-content\/uploads\/2021\/01\/Salve_logo_modri_nov_web.png","width":279,"height":90,"caption":"Salve d.o.o."},"image":{"@id":"https:\/\/www.salve.si\/#\/schema\/logo\/image\/"},"sameAs":["https:\/\/www.facebook.com\/salve.si","https:\/\/www.instagram.com\/zalozbasalve\/","https:\/\/www.linkedin.com\/company\/zalozba-salve\/"]}]}},"_links":{"self":[{"href":"https:\/\/www.salve.si\/en\/wp-json\/wp\/v2\/product\/3008","targetHints":{"allow":["GET"]}}],"collection":[{"href":"https:\/\/www.salve.si\/en\/wp-json\/wp\/v2\/product"}],"about":[{"href":"https:\/\/www.salve.si\/en\/wp-json\/wp\/v2\/types\/product"}],"version-history":[{"count":0,"href":"https:\/\/www.salve.si\/en\/wp-json\/wp\/v2\/product\/3008\/revisions"}],"wp:featuredmedia":[{"embeddable":true,"href":"https:\/\/www.salve.si\/en\/wp-json\/wp\/v2\/media\/3009"}],"wp:attachment":[{"href":"https:\/\/www.salve.si\/en\/wp-json\/wp\/v2\/media?parent=3008"}],"wp:term":[{"taxonomy":"product_cat","embeddable":true,"href":"https:\/\/www.salve.si\/en\/wp-json\/wp\/v2\/product_cat?post=3008"},{"taxonomy":"product_tag","embeddable":true,"href":"https:\/\/www.salve.si\/en\/wp-json\/wp\/v2\/product_tag?post=3008"}],"curies":[{"name":"wp","href":"https:\/\/api.w.org\/{rel}","templated":true}]}}