{"id":2997,"date":"2014-11-21T10:00:48","date_gmt":"2014-11-21T09:00:48","guid":{"rendered":"http:\/\/2018.salve.si\/?post_type=product&#038;p=2997"},"modified":"2020-11-12T15:30:48","modified_gmt":"2020-11-12T14:30:48","slug":"zogaj-se-z-mano","status":"publish","type":"product","link":"https:\/\/www.salve.si\/en\/trgovina\/knjige\/mladinske\/zogaj-se-z-mano\/","title":{"rendered":"\u017dogaj se z mano!"},"content":{"rendered":"<p>&#8230; Igri\u0161\u010da niso izginila, so se pa modernizirala, pove\u010dala po \u0161tevilu in obsegu, dobila razsvetljavo, klopi in so obdelana z novimi, bolj\u0161imi in trpe\u017enej\u0161imi materiali. Diametralno nasprotno pa je drasti\u010dno upadlo \u0161tevilo uporabnikov teh igri\u0161\u010d, otrok in mladih, pa tudi star\u0161ev in dru\u017ein.<br \/>\nStari in mladi, \u010das je, da spet vzamemo v roke \u017eogo, se odpravimo na igri\u0161\u010da in tam skupaj ustvarjajmo okolje pristnih medosebnih odnosov.<span class=\"slv-content-keywords\"> Mladinska zbirka Alenka \u0160. Butt Ga\u0161per M. Otrin Sanja O. Brodnjak Mladinske Priro\u010dniki Igrajmo se 123 iger za lep\u0161i dan <\/span><\/p>","protected":false},"excerpt":{"rendered":"<p>Kam so izginila mestna igri\u0161\u010da?<br \/>\nKje so otroci in mladi, ki so se nekdaj po cele dneve podili za \u017eogo, se dru\u017eili s prijatelji na igri\u0161\u010du?<br \/>\nOdgovor na prvo vpra\u0161anje je preprost &#8230;<\/p>","protected":false},"featured_media":12611,"template":"","meta":{"_acf_changed":false,"footnotes":""},"product_cat":[266,316],"product_tag":[661],"class_list":{"0":"post-2997","1":"product","2":"type-product","3":"status-publish","4":"has-post-thumbnail","6":"zbirke-mladinska-zbirka","7":"authors-alenka-s-butt","8":"authors-gasper-otrin","9":"authors-sanja-o-brodnjak","10":"publisher-salve-d-o-o-ljubljana","11":"product_cat-mladinske","12":"product_cat-prirocniki","13":"product_tag-igre","15":"first","16":"instock","17":"shipping-taxable","18":"purchasable","19":"product-type-simple"},"acf":[],"yoast_head":"<!-- This site is optimized with the Yoast SEO plugin v23.8 - https:\/\/yoast.com\/wordpress\/plugins\/seo\/ -->\n<title>\u017dogaj se z mano! - Salve<\/title>\n<meta name=\"robots\" content=\"index, follow, max-snippet:-1, max-image-preview:large, max-video-preview:-1\" \/>\n<link rel=\"canonical\" href=\"https:\/\/www.salve.si\/en\/trgovina\/knjige\/mladinske\/zogaj-se-z-mano\/\" \/>\n<meta property=\"og:locale\" content=\"en_US\" \/>\n<meta property=\"og:type\" content=\"article\" \/>\n<meta property=\"og:title\" content=\"\u017dogaj se z mano! - Salve\" \/>\n<meta property=\"og:description\" content=\"Kam so izginila mestna igri\u0161\u010da? Kje so otroci in mladi, ki so se nekdaj po cele dneve podili za \u017eogo, se dru\u017eili s prijatelji na igri\u0161\u010du? Odgovor na prvo vpra\u0161anje je preprost ...\" \/>\n<meta property=\"og:url\" content=\"https:\/\/www.salve.si\/en\/trgovina\/knjige\/mladinske\/zogaj-se-z-mano\/\" \/>\n<meta property=\"og:site_name\" content=\"Salve\" \/>\n<meta property=\"article:publisher\" content=\"https:\/\/www.facebook.com\/salve.si\" \/>\n<meta property=\"article:modified_time\" content=\"2020-11-12T14:30:48+00:00\" \/>\n<meta property=\"og:image\" content=\"https:\/\/www.salve.si\/wp-content\/uploads\/2014\/11\/Salve_Zogaj-se-z-mano-Gasper-Otrin_2014-11-10_NASLOVNICA-scaled.jpg\" \/>\n\t<meta property=\"og:image:width\" content=\"2458\" \/>\n\t<meta property=\"og:image:height\" content=\"2560\" \/>\n\t<meta property=\"og:image:type\" content=\"image\/jpeg\" \/>\n<meta name=\"twitter:card\" content=\"summary_large_image\" \/>\n<script type=\"application\/ld+json\" class=\"yoast-schema-graph\">{\"@context\":\"https:\/\/schema.org\",\"@graph\":[{\"@type\":\"WebPage\",\"@id\":\"https:\/\/www.salve.si\/trgovina\/knjige\/mladinske\/zogaj-se-z-mano\/\",\"url\":\"https:\/\/www.salve.si\/trgovina\/knjige\/mladinske\/zogaj-se-z-mano\/\",\"name\":\"\u017dogaj se z mano! - Salve\",\"isPartOf\":{\"@id\":\"https:\/\/www.salve.si\/#website\"},\"primaryImageOfPage\":{\"@id\":\"https:\/\/www.salve.si\/trgovina\/knjige\/mladinske\/zogaj-se-z-mano\/#primaryimage\"},\"image\":{\"@id\":\"https:\/\/www.salve.si\/trgovina\/knjige\/mladinske\/zogaj-se-z-mano\/#primaryimage\"},\"thumbnailUrl\":\"https:\/\/www.salve.si\/wp-content\/uploads\/2014\/11\/Salve_Zogaj-se-z-mano-Gasper-Otrin_2014-11-10_NASLOVNICA-scaled.jpg\",\"datePublished\":\"2014-11-21T09:00:48+00:00\",\"dateModified\":\"2020-11-12T14:30:48+00:00\",\"breadcrumb\":{\"@id\":\"https:\/\/www.salve.si\/trgovina\/knjige\/mladinske\/zogaj-se-z-mano\/#breadcrumb\"},\"inLanguage\":\"en-US\",\"potentialAction\":[{\"@type\":\"ReadAction\",\"target\":[\"https:\/\/www.salve.si\/trgovina\/knjige\/mladinske\/zogaj-se-z-mano\/\"]}]},{\"@type\":\"ImageObject\",\"inLanguage\":\"en-US\",\"@id\":\"https:\/\/www.salve.si\/trgovina\/knjige\/mladinske\/zogaj-se-z-mano\/#primaryimage\",\"url\":\"https:\/\/www.salve.si\/wp-content\/uploads\/2014\/11\/Salve_Zogaj-se-z-mano-Gasper-Otrin_2014-11-10_NASLOVNICA-scaled.jpg\",\"contentUrl\":\"https:\/\/www.salve.si\/wp-content\/uploads\/2014\/11\/Salve_Zogaj-se-z-mano-Gasper-Otrin_2014-11-10_NASLOVNICA-scaled.jpg\",\"width\":2458,\"height\":2560},{\"@type\":\"BreadcrumbList\",\"@id\":\"https:\/\/www.salve.si\/trgovina\/knjige\/mladinske\/zogaj-se-z-mano\/#breadcrumb\",\"itemListElement\":[{\"@type\":\"ListItem\",\"position\":1,\"name\":\"Home\",\"item\":\"https:\/\/www.salve.si\/\"},{\"@type\":\"ListItem\",\"position\":2,\"name\":\"Trgovina\",\"item\":\"https:\/\/www.salve.si\/trgovina\/\"},{\"@type\":\"ListItem\",\"position\":3,\"name\":\"\u017dogaj se z mano!\"}]},{\"@type\":\"WebSite\",\"@id\":\"https:\/\/www.salve.si\/#website\",\"url\":\"https:\/\/www.salve.si\/\",\"name\":\"Salve\",\"description\":\"Salezijanska zalo\u017eba\",\"publisher\":{\"@id\":\"https:\/\/www.salve.si\/#organization\"},\"potentialAction\":[{\"@type\":\"SearchAction\",\"target\":{\"@type\":\"EntryPoint\",\"urlTemplate\":\"https:\/\/www.salve.si\/?s={search_term_string}\"},\"query-input\":{\"@type\":\"PropertyValueSpecification\",\"valueRequired\":true,\"valueName\":\"search_term_string\"}}],\"inLanguage\":\"en-US\"},{\"@type\":\"Organization\",\"@id\":\"https:\/\/www.salve.si\/#organization\",\"name\":\"Salve d.o.o.\",\"url\":\"https:\/\/www.salve.si\/\",\"logo\":{\"@type\":\"ImageObject\",\"inLanguage\":\"en-US\",\"@id\":\"https:\/\/www.salve.si\/#\/schema\/logo\/image\/\",\"url\":\"https:\/\/www.salve.si\/wp-content\/uploads\/2021\/01\/Salve_logo_modri_nov_web.png\",\"contentUrl\":\"https:\/\/www.salve.si\/wp-content\/uploads\/2021\/01\/Salve_logo_modri_nov_web.png\",\"width\":279,\"height\":90,\"caption\":\"Salve d.o.o.\"},\"image\":{\"@id\":\"https:\/\/www.salve.si\/#\/schema\/logo\/image\/\"},\"sameAs\":[\"https:\/\/www.facebook.com\/salve.si\",\"https:\/\/www.instagram.com\/zalozbasalve\/\",\"https:\/\/www.linkedin.com\/company\/zalozba-salve\/\"]}]}<\/script>\n<!-- \/ Yoast SEO plugin. -->","yoast_head_json":{"title":"\u017dogaj se z mano! - Salve","robots":{"index":"index","follow":"follow","max-snippet":"max-snippet:-1","max-image-preview":"max-image-preview:large","max-video-preview":"max-video-preview:-1"},"canonical":"https:\/\/www.salve.si\/en\/trgovina\/knjige\/mladinske\/zogaj-se-z-mano\/","og_locale":"en_US","og_type":"article","og_title":"\u017dogaj se z mano! - Salve","og_description":"Kam so izginila mestna igri\u0161\u010da? Kje so otroci in mladi, ki so se nekdaj po cele dneve podili za \u017eogo, se dru\u017eili s prijatelji na igri\u0161\u010du? Odgovor na prvo vpra\u0161anje je preprost ...","og_url":"https:\/\/www.salve.si\/en\/trgovina\/knjige\/mladinske\/zogaj-se-z-mano\/","og_site_name":"Salve","article_publisher":"https:\/\/www.facebook.com\/salve.si","article_modified_time":"2020-11-12T14:30:48+00:00","og_image":[{"width":2458,"height":2560,"url":"https:\/\/www.salve.si\/wp-content\/uploads\/2014\/11\/Salve_Zogaj-se-z-mano-Gasper-Otrin_2014-11-10_NASLOVNICA-scaled.jpg","type":"image\/jpeg"}],"twitter_card":"summary_large_image","schema":{"@context":"https:\/\/schema.org","@graph":[{"@type":"WebPage","@id":"https:\/\/www.salve.si\/trgovina\/knjige\/mladinske\/zogaj-se-z-mano\/","url":"https:\/\/www.salve.si\/trgovina\/knjige\/mladinske\/zogaj-se-z-mano\/","name":"\u017dogaj se z mano! - Salve","isPartOf":{"@id":"https:\/\/www.salve.si\/#website"},"primaryImageOfPage":{"@id":"https:\/\/www.salve.si\/trgovina\/knjige\/mladinske\/zogaj-se-z-mano\/#primaryimage"},"image":{"@id":"https:\/\/www.salve.si\/trgovina\/knjige\/mladinske\/zogaj-se-z-mano\/#primaryimage"},"thumbnailUrl":"https:\/\/www.salve.si\/wp-content\/uploads\/2014\/11\/Salve_Zogaj-se-z-mano-Gasper-Otrin_2014-11-10_NASLOVNICA-scaled.jpg","datePublished":"2014-11-21T09:00:48+00:00","dateModified":"2020-11-12T14:30:48+00:00","breadcrumb":{"@id":"https:\/\/www.salve.si\/trgovina\/knjige\/mladinske\/zogaj-se-z-mano\/#breadcrumb"},"inLanguage":"en-US","potentialAction":[{"@type":"ReadAction","target":["https:\/\/www.salve.si\/trgovina\/knjige\/mladinske\/zogaj-se-z-mano\/"]}]},{"@type":"ImageObject","inLanguage":"en-US","@id":"https:\/\/www.salve.si\/trgovina\/knjige\/mladinske\/zogaj-se-z-mano\/#primaryimage","url":"https:\/\/www.salve.si\/wp-content\/uploads\/2014\/11\/Salve_Zogaj-se-z-mano-Gasper-Otrin_2014-11-10_NASLOVNICA-scaled.jpg","contentUrl":"https:\/\/www.salve.si\/wp-content\/uploads\/2014\/11\/Salve_Zogaj-se-z-mano-Gasper-Otrin_2014-11-10_NASLOVNICA-scaled.jpg","width":2458,"height":2560},{"@type":"BreadcrumbList","@id":"https:\/\/www.salve.si\/trgovina\/knjige\/mladinske\/zogaj-se-z-mano\/#breadcrumb","itemListElement":[{"@type":"ListItem","position":1,"name":"Home","item":"https:\/\/www.salve.si\/"},{"@type":"ListItem","position":2,"name":"Trgovina","item":"https:\/\/www.salve.si\/trgovina\/"},{"@type":"ListItem","position":3,"name":"\u017dogaj se z mano!"}]},{"@type":"WebSite","@id":"https:\/\/www.salve.si\/#website","url":"https:\/\/www.salve.si\/","name":"Salve","description":"Salezijanska zalo\u017eba","publisher":{"@id":"https:\/\/www.salve.si\/#organization"},"potentialAction":[{"@type":"SearchAction","target":{"@type":"EntryPoint","urlTemplate":"https:\/\/www.salve.si\/?s={search_term_string}"},"query-input":{"@type":"PropertyValueSpecification","valueRequired":true,"valueName":"search_term_string"}}],"inLanguage":"en-US"},{"@type":"Organization","@id":"https:\/\/www.salve.si\/#organization","name":"Salve d.o.o.","url":"https:\/\/www.salve.si\/","logo":{"@type":"ImageObject","inLanguage":"en-US","@id":"https:\/\/www.salve.si\/#\/schema\/logo\/image\/","url":"https:\/\/www.salve.si\/wp-content\/uploads\/2021\/01\/Salve_logo_modri_nov_web.png","contentUrl":"https:\/\/www.salve.si\/wp-content\/uploads\/2021\/01\/Salve_logo_modri_nov_web.png","width":279,"height":90,"caption":"Salve d.o.o."},"image":{"@id":"https:\/\/www.salve.si\/#\/schema\/logo\/image\/"},"sameAs":["https:\/\/www.facebook.com\/salve.si","https:\/\/www.instagram.com\/zalozbasalve\/","https:\/\/www.linkedin.com\/company\/zalozba-salve\/"]}]}},"_links":{"self":[{"href":"https:\/\/www.salve.si\/en\/wp-json\/wp\/v2\/product\/2997","targetHints":{"allow":["GET"]}}],"collection":[{"href":"https:\/\/www.salve.si\/en\/wp-json\/wp\/v2\/product"}],"about":[{"href":"https:\/\/www.salve.si\/en\/wp-json\/wp\/v2\/types\/product"}],"version-history":[{"count":2,"href":"https:\/\/www.salve.si\/en\/wp-json\/wp\/v2\/product\/2997\/revisions"}],"predecessor-version":[{"id":12612,"href":"https:\/\/www.salve.si\/en\/wp-json\/wp\/v2\/product\/2997\/revisions\/12612"}],"wp:featuredmedia":[{"embeddable":true,"href":"https:\/\/www.salve.si\/en\/wp-json\/wp\/v2\/media\/12611"}],"wp:attachment":[{"href":"https:\/\/www.salve.si\/en\/wp-json\/wp\/v2\/media?parent=2997"}],"wp:term":[{"taxonomy":"product_cat","embeddable":true,"href":"https:\/\/www.salve.si\/en\/wp-json\/wp\/v2\/product_cat?post=2997"},{"taxonomy":"product_tag","embeddable":true,"href":"https:\/\/www.salve.si\/en\/wp-json\/wp\/v2\/product_tag?post=2997"}],"curies":[{"name":"wp","href":"https:\/\/api.w.org\/{rel}","templated":true}]}}