{"id":2993,"date":"2014-11-21T10:00:41","date_gmt":"2014-11-21T09:00:41","guid":{"rendered":"http:\/\/2018.salve.si\/?post_type=product&#038;p=2993"},"modified":"2026-01-01T00:00:08","modified_gmt":"2025-12-31T23:00:08","slug":"don-bosko-svetnik-mladih","status":"publish","type":"product","link":"https:\/\/www.salve.si\/en\/trgovina\/knjige\/mladinske\/don-bosko-svetnik-mladih\/","title":{"rendered":"Don Bosko, svetnik mladih"},"content":{"rendered":"<p>Ob &#8220;pravlji\u010dnih&#8221; poudarkih (sanje, prikazni, \u010dude\u017ei) marsikdo zamahne z roko, \u010de\u0161 to je le strip za otroke, vendar prav v odrasle bralce zavrta z ve\u010dnim vpra\u0161anjem o Bo\u017ejem posegu v \u010dlovekovo \u017eivljenje. Zato nas slovenska izdaja tega dela ob praznovanju dvestoletnice rojstva svetega Janeza Boska (1815-2015) nagovarja, da bi, tako kot don Bosko, sprejeli vsak Bo\u017eji dotik in ga darovali tudi drugim &#8230;<span class=\"slv-content-keywords\"> Posebna ponudba Mladinske Svetniki Pietro Gamba Mladinska zbirka don Bosko Strip Pietro Gamba <\/span><\/p>","protected":false},"excerpt":{"rendered":"<p style=\"text-align: left;\">Don Bosko, svetnik mladih, je prvi strip v pravem pomenu besede, ki na svoj na\u010din predstavi \u017eivljenje velikega vzgojitelja.<br \/>\nDelo sicer prihaja iz zlate dobe ustvarjanja v stripu. \u010casovna oddaljenost je v njem pustila sled takratnega pogleda na sicer ve\u010dini \u017ee poznano \u017eivljenje in delovanje turinskega duhovnika, ki nas danes ponovno nagovarja.<\/p>","protected":false},"featured_media":12615,"template":"","meta":{"_acf_changed":false,"footnotes":""},"product_cat":[709,266,634],"product_tag":[843,647],"class_list":{"0":"post-2993","1":"product","2":"type-product","3":"status-publish","4":"has-post-thumbnail","6":"zbirke-mladinska-zbirka","7":"authors-pietro-gamba","8":"publisher-salve-d-o-o-ljubljana","9":"product_cat-posebna-ponudba","10":"product_cat-mladinske","11":"product_cat-svetniki","12":"product_tag-don-bosko","13":"product_tag-strip","15":"first","16":"instock","17":"shipping-taxable","18":"purchasable","19":"product-type-simple"},"acf":[],"yoast_head":"<!-- This site is optimized with the Yoast SEO plugin v23.8 - https:\/\/yoast.com\/wordpress\/plugins\/seo\/ -->\n<title>Don Bosko, svetnik mladih - Salve<\/title>\n<meta name=\"robots\" content=\"index, follow, max-snippet:-1, max-image-preview:large, max-video-preview:-1\" \/>\n<link rel=\"canonical\" href=\"https:\/\/www.salve.si\/en\/trgovina\/knjige\/mladinske\/don-bosko-svetnik-mladih\/\" \/>\n<meta property=\"og:locale\" content=\"en_US\" \/>\n<meta property=\"og:type\" content=\"article\" \/>\n<meta property=\"og:title\" content=\"Don Bosko, svetnik mladih - Salve\" \/>\n<meta property=\"og:description\" content=\"Don Bosko, svetnik mladih, je prvi strip v pravem pomenu besede, ki na svoj na\u010din predstavi \u017eivljenje velikega vzgojitelja. Delo sicer prihaja iz zlate dobe ustvarjanja v stripu. \u010casovna oddaljenost je v njem pustila sled takratnega pogleda na sicer ve\u010dini \u017ee poznano \u017eivljenje in delovanje turinskega duhovnika, ki nas danes ponovno nagovarja.\" \/>\n<meta property=\"og:url\" content=\"https:\/\/www.salve.si\/en\/trgovina\/knjige\/mladinske\/don-bosko-svetnik-mladih\/\" \/>\n<meta property=\"og:site_name\" content=\"Salve\" \/>\n<meta property=\"article:publisher\" content=\"https:\/\/www.facebook.com\/salve.si\" \/>\n<meta property=\"article:modified_time\" content=\"2025-12-31T23:00:08+00:00\" \/>\n<meta property=\"og:image\" content=\"https:\/\/www.salve.si\/wp-content\/uploads\/2014\/11\/Don-Bosko-svetnik-mladih.jpg\" \/>\n\t<meta property=\"og:image:width\" content=\"474\" \/>\n\t<meta property=\"og:image:height\" content=\"666\" \/>\n\t<meta property=\"og:image:type\" content=\"image\/jpeg\" \/>\n<meta name=\"twitter:card\" content=\"summary_large_image\" \/>\n<script type=\"application\/ld+json\" class=\"yoast-schema-graph\">{\"@context\":\"https:\/\/schema.org\",\"@graph\":[{\"@type\":\"WebPage\",\"@id\":\"https:\/\/www.salve.si\/trgovina\/knjige\/mladinske\/don-bosko-svetnik-mladih\/\",\"url\":\"https:\/\/www.salve.si\/trgovina\/knjige\/mladinske\/don-bosko-svetnik-mladih\/\",\"name\":\"Don Bosko, svetnik mladih - Salve\",\"isPartOf\":{\"@id\":\"https:\/\/www.salve.si\/#website\"},\"primaryImageOfPage\":{\"@id\":\"https:\/\/www.salve.si\/trgovina\/knjige\/mladinske\/don-bosko-svetnik-mladih\/#primaryimage\"},\"image\":{\"@id\":\"https:\/\/www.salve.si\/trgovina\/knjige\/mladinske\/don-bosko-svetnik-mladih\/#primaryimage\"},\"thumbnailUrl\":\"https:\/\/www.salve.si\/wp-content\/uploads\/2014\/11\/Don-Bosko-svetnik-mladih.jpg\",\"datePublished\":\"2014-11-21T09:00:41+00:00\",\"dateModified\":\"2025-12-31T23:00:08+00:00\",\"breadcrumb\":{\"@id\":\"https:\/\/www.salve.si\/trgovina\/knjige\/mladinske\/don-bosko-svetnik-mladih\/#breadcrumb\"},\"inLanguage\":\"en-US\",\"potentialAction\":[{\"@type\":\"ReadAction\",\"target\":[\"https:\/\/www.salve.si\/trgovina\/knjige\/mladinske\/don-bosko-svetnik-mladih\/\"]}]},{\"@type\":\"ImageObject\",\"inLanguage\":\"en-US\",\"@id\":\"https:\/\/www.salve.si\/trgovina\/knjige\/mladinske\/don-bosko-svetnik-mladih\/#primaryimage\",\"url\":\"https:\/\/www.salve.si\/wp-content\/uploads\/2014\/11\/Don-Bosko-svetnik-mladih.jpg\",\"contentUrl\":\"https:\/\/www.salve.si\/wp-content\/uploads\/2014\/11\/Don-Bosko-svetnik-mladih.jpg\",\"width\":474,\"height\":666},{\"@type\":\"BreadcrumbList\",\"@id\":\"https:\/\/www.salve.si\/trgovina\/knjige\/mladinske\/don-bosko-svetnik-mladih\/#breadcrumb\",\"itemListElement\":[{\"@type\":\"ListItem\",\"position\":1,\"name\":\"Home\",\"item\":\"https:\/\/www.salve.si\/\"},{\"@type\":\"ListItem\",\"position\":2,\"name\":\"Trgovina\",\"item\":\"https:\/\/www.salve.si\/trgovina\/\"},{\"@type\":\"ListItem\",\"position\":3,\"name\":\"Don Bosko, svetnik mladih\"}]},{\"@type\":\"WebSite\",\"@id\":\"https:\/\/www.salve.si\/#website\",\"url\":\"https:\/\/www.salve.si\/\",\"name\":\"Salve\",\"description\":\"Salezijanska zalo\u017eba\",\"publisher\":{\"@id\":\"https:\/\/www.salve.si\/#organization\"},\"potentialAction\":[{\"@type\":\"SearchAction\",\"target\":{\"@type\":\"EntryPoint\",\"urlTemplate\":\"https:\/\/www.salve.si\/?s={search_term_string}\"},\"query-input\":{\"@type\":\"PropertyValueSpecification\",\"valueRequired\":true,\"valueName\":\"search_term_string\"}}],\"inLanguage\":\"en-US\"},{\"@type\":\"Organization\",\"@id\":\"https:\/\/www.salve.si\/#organization\",\"name\":\"Salve d.o.o.\",\"url\":\"https:\/\/www.salve.si\/\",\"logo\":{\"@type\":\"ImageObject\",\"inLanguage\":\"en-US\",\"@id\":\"https:\/\/www.salve.si\/#\/schema\/logo\/image\/\",\"url\":\"https:\/\/www.salve.si\/wp-content\/uploads\/2021\/01\/Salve_logo_modri_nov_web.png\",\"contentUrl\":\"https:\/\/www.salve.si\/wp-content\/uploads\/2021\/01\/Salve_logo_modri_nov_web.png\",\"width\":279,\"height\":90,\"caption\":\"Salve d.o.o.\"},\"image\":{\"@id\":\"https:\/\/www.salve.si\/#\/schema\/logo\/image\/\"},\"sameAs\":[\"https:\/\/www.facebook.com\/salve.si\",\"https:\/\/www.instagram.com\/zalozbasalve\/\",\"https:\/\/www.linkedin.com\/company\/zalozba-salve\/\"]}]}<\/script>\n<!-- \/ Yoast SEO plugin. -->","yoast_head_json":{"title":"Don Bosko, svetnik mladih - Salve","robots":{"index":"index","follow":"follow","max-snippet":"max-snippet:-1","max-image-preview":"max-image-preview:large","max-video-preview":"max-video-preview:-1"},"canonical":"https:\/\/www.salve.si\/en\/trgovina\/knjige\/mladinske\/don-bosko-svetnik-mladih\/","og_locale":"en_US","og_type":"article","og_title":"Don Bosko, svetnik mladih - Salve","og_description":"Don Bosko, svetnik mladih, je prvi strip v pravem pomenu besede, ki na svoj na\u010din predstavi \u017eivljenje velikega vzgojitelja. Delo sicer prihaja iz zlate dobe ustvarjanja v stripu. \u010casovna oddaljenost je v njem pustila sled takratnega pogleda na sicer ve\u010dini \u017ee poznano \u017eivljenje in delovanje turinskega duhovnika, ki nas danes ponovno nagovarja.","og_url":"https:\/\/www.salve.si\/en\/trgovina\/knjige\/mladinske\/don-bosko-svetnik-mladih\/","og_site_name":"Salve","article_publisher":"https:\/\/www.facebook.com\/salve.si","article_modified_time":"2025-12-31T23:00:08+00:00","og_image":[{"width":474,"height":666,"url":"https:\/\/www.salve.si\/wp-content\/uploads\/2014\/11\/Don-Bosko-svetnik-mladih.jpg","type":"image\/jpeg"}],"twitter_card":"summary_large_image","schema":{"@context":"https:\/\/schema.org","@graph":[{"@type":"WebPage","@id":"https:\/\/www.salve.si\/trgovina\/knjige\/mladinske\/don-bosko-svetnik-mladih\/","url":"https:\/\/www.salve.si\/trgovina\/knjige\/mladinske\/don-bosko-svetnik-mladih\/","name":"Don Bosko, svetnik mladih - Salve","isPartOf":{"@id":"https:\/\/www.salve.si\/#website"},"primaryImageOfPage":{"@id":"https:\/\/www.salve.si\/trgovina\/knjige\/mladinske\/don-bosko-svetnik-mladih\/#primaryimage"},"image":{"@id":"https:\/\/www.salve.si\/trgovina\/knjige\/mladinske\/don-bosko-svetnik-mladih\/#primaryimage"},"thumbnailUrl":"https:\/\/www.salve.si\/wp-content\/uploads\/2014\/11\/Don-Bosko-svetnik-mladih.jpg","datePublished":"2014-11-21T09:00:41+00:00","dateModified":"2025-12-31T23:00:08+00:00","breadcrumb":{"@id":"https:\/\/www.salve.si\/trgovina\/knjige\/mladinske\/don-bosko-svetnik-mladih\/#breadcrumb"},"inLanguage":"en-US","potentialAction":[{"@type":"ReadAction","target":["https:\/\/www.salve.si\/trgovina\/knjige\/mladinske\/don-bosko-svetnik-mladih\/"]}]},{"@type":"ImageObject","inLanguage":"en-US","@id":"https:\/\/www.salve.si\/trgovina\/knjige\/mladinske\/don-bosko-svetnik-mladih\/#primaryimage","url":"https:\/\/www.salve.si\/wp-content\/uploads\/2014\/11\/Don-Bosko-svetnik-mladih.jpg","contentUrl":"https:\/\/www.salve.si\/wp-content\/uploads\/2014\/11\/Don-Bosko-svetnik-mladih.jpg","width":474,"height":666},{"@type":"BreadcrumbList","@id":"https:\/\/www.salve.si\/trgovina\/knjige\/mladinske\/don-bosko-svetnik-mladih\/#breadcrumb","itemListElement":[{"@type":"ListItem","position":1,"name":"Home","item":"https:\/\/www.salve.si\/"},{"@type":"ListItem","position":2,"name":"Trgovina","item":"https:\/\/www.salve.si\/trgovina\/"},{"@type":"ListItem","position":3,"name":"Don Bosko, svetnik mladih"}]},{"@type":"WebSite","@id":"https:\/\/www.salve.si\/#website","url":"https:\/\/www.salve.si\/","name":"Salve","description":"Salezijanska zalo\u017eba","publisher":{"@id":"https:\/\/www.salve.si\/#organization"},"potentialAction":[{"@type":"SearchAction","target":{"@type":"EntryPoint","urlTemplate":"https:\/\/www.salve.si\/?s={search_term_string}"},"query-input":{"@type":"PropertyValueSpecification","valueRequired":true,"valueName":"search_term_string"}}],"inLanguage":"en-US"},{"@type":"Organization","@id":"https:\/\/www.salve.si\/#organization","name":"Salve d.o.o.","url":"https:\/\/www.salve.si\/","logo":{"@type":"ImageObject","inLanguage":"en-US","@id":"https:\/\/www.salve.si\/#\/schema\/logo\/image\/","url":"https:\/\/www.salve.si\/wp-content\/uploads\/2021\/01\/Salve_logo_modri_nov_web.png","contentUrl":"https:\/\/www.salve.si\/wp-content\/uploads\/2021\/01\/Salve_logo_modri_nov_web.png","width":279,"height":90,"caption":"Salve d.o.o."},"image":{"@id":"https:\/\/www.salve.si\/#\/schema\/logo\/image\/"},"sameAs":["https:\/\/www.facebook.com\/salve.si","https:\/\/www.instagram.com\/zalozbasalve\/","https:\/\/www.linkedin.com\/company\/zalozba-salve\/"]}]}},"_links":{"self":[{"href":"https:\/\/www.salve.si\/en\/wp-json\/wp\/v2\/product\/2993","targetHints":{"allow":["GET"]}}],"collection":[{"href":"https:\/\/www.salve.si\/en\/wp-json\/wp\/v2\/product"}],"about":[{"href":"https:\/\/www.salve.si\/en\/wp-json\/wp\/v2\/types\/product"}],"version-history":[{"count":3,"href":"https:\/\/www.salve.si\/en\/wp-json\/wp\/v2\/product\/2993\/revisions"}],"predecessor-version":[{"id":14985,"href":"https:\/\/www.salve.si\/en\/wp-json\/wp\/v2\/product\/2993\/revisions\/14985"}],"wp:featuredmedia":[{"embeddable":true,"href":"https:\/\/www.salve.si\/en\/wp-json\/wp\/v2\/media\/12615"}],"wp:attachment":[{"href":"https:\/\/www.salve.si\/en\/wp-json\/wp\/v2\/media?parent=2993"}],"wp:term":[{"taxonomy":"product_cat","embeddable":true,"href":"https:\/\/www.salve.si\/en\/wp-json\/wp\/v2\/product_cat?post=2993"},{"taxonomy":"product_tag","embeddable":true,"href":"https:\/\/www.salve.si\/en\/wp-json\/wp\/v2\/product_tag?post=2993"}],"curies":[{"name":"wp","href":"https:\/\/api.w.org\/{rel}","templated":true}]}}