{"id":2979,"date":"2014-09-03T10:00:23","date_gmt":"2014-09-03T08:00:23","guid":{"rendered":"http:\/\/2018.salve.si\/?post_type=product&#038;p=2979"},"modified":"2020-11-12T15:45:02","modified_gmt":"2020-11-12T14:45:02","slug":"duhovnost-vzgaja","status":"publish","type":"product","link":"https:\/\/www.salve.si\/en\/trgovina\/knjige\/teologija-in-duhovnost\/duhovnost-vzgaja\/","title":{"rendered":"Duhovnost vzgaja"},"content":{"rendered":"<p>&#8230; Morda \u0161e v ve\u010dji meri in bolj jasno kot je v nas. V njih je bogastvo \u017eivljenja, modrosti in milosti. Pustimo jim zadihati svobodo Bo\u017ejih otrok in postanimo njihov sopotnik. V lastni notranjosti morajo sprejeti odlo\u010ditev, da je lahko njihovo \u017eivljenje \u0161e lep\u0161e in bolj\u0161e. Ko mlad \u010dlovek \u017eeli narediti nekaj sam iz sebe, \u0161ele potem mu lahko tudi mi pomagamo kot \u00bbprijatelji njegove du\u0161e\u00ab. To pa pomeni, da ne moremo njim govoriti eno, sami pa delati drugo in druga\u010de. Mladi in odrasli, vsi smo subjekt Bo\u017ejega na\u010drta odre\u0161enja.<span class=\"slv-content-keywords\"> Knji\u017eice Franc Mar\u0161i\u010d Priro\u010dniki Teologija in duhovnost vzgoja duhovnost Janez Bosko don Bosko \u017divljenjska izku\u0161nja sv. Janeza Boska Erna Kova\u010d <\/span><\/p>","protected":false},"excerpt":{"rendered":"<p><strong>\u017divljenjska izku\u0161nja sv. Janeza Boska<\/strong><\/p>\n<p>Otroke in mladostnike bi tako radi v kako stvar prepri\u010dali, jih navdu\u0161ili in motivirali. Z ene strani posku\u0161amo z gro\u017enjo in kaznijo, z druge strani bolj zaupamo v nagrajevanje, popu\u0161\u010danje in navdu\u0161evanje \u2026 Pa se nam zopet zdi, da ne dose\u017eemo kaj dosti. V mlade bi radi vnesli na\u0161e vrednote in predstave o sre\u010di. Vendar je v mladih vse to \u017ee navzo\u010de &#8230;<\/p>","protected":false},"featured_media":12622,"template":"","meta":{"_acf_changed":false,"footnotes":""},"product_cat":[316,314],"product_tag":[843,999,1000,725],"class_list":{"0":"post-2979","1":"product","2":"type-product","3":"status-publish","4":"has-post-thumbnail","6":"zbirke-knjizice","7":"authors-franc-marsic","8":"publisher-salve-d-o-o-ljubljana","9":"product_cat-prirocniki","10":"product_cat-teologija-in-duhovnost","11":"product_tag-don-bosko","12":"product_tag-duhovnost","13":"product_tag-janez-bosko","14":"product_tag-vzgoja","16":"first","17":"instock","18":"shipping-taxable","19":"purchasable","20":"product-type-simple"},"acf":[],"yoast_head":"<!-- This site is optimized with the Yoast SEO plugin v23.8 - https:\/\/yoast.com\/wordpress\/plugins\/seo\/ -->\n<title>Duhovnost vzgaja - Salve<\/title>\n<meta name=\"robots\" content=\"index, follow, max-snippet:-1, max-image-preview:large, max-video-preview:-1\" \/>\n<link rel=\"canonical\" href=\"https:\/\/www.salve.si\/en\/trgovina\/knjige\/teologija-in-duhovnost\/duhovnost-vzgaja\/\" \/>\n<meta property=\"og:locale\" content=\"en_US\" \/>\n<meta property=\"og:type\" content=\"article\" \/>\n<meta property=\"og:title\" content=\"Duhovnost vzgaja - Salve\" \/>\n<meta property=\"og:description\" content=\"\u017divljenjska izku\u0161nja sv. Janeza Boska  Otroke in mladostnike bi tako radi v kako stvar prepri\u010dali, jih navdu\u0161ili in motivirali. Z ene strani posku\u0161amo z gro\u017enjo in kaznijo, z druge strani bolj zaupamo v nagrajevanje, popu\u0161\u010danje in navdu\u0161evanje \u2026 Pa se nam zopet zdi, da ne dose\u017eemo kaj dosti. V mlade bi radi vnesli na\u0161e vrednote in predstave o sre\u010di. Vendar je v mladih vse to \u017ee navzo\u010de ...\" \/>\n<meta property=\"og:url\" content=\"https:\/\/www.salve.si\/en\/trgovina\/knjige\/teologija-in-duhovnost\/duhovnost-vzgaja\/\" \/>\n<meta property=\"og:site_name\" content=\"Salve\" \/>\n<meta property=\"article:publisher\" content=\"https:\/\/www.facebook.com\/salve.si\" \/>\n<meta property=\"article:modified_time\" content=\"2020-11-12T14:45:02+00:00\" \/>\n<meta property=\"og:image\" content=\"https:\/\/www.salve.si\/wp-content\/uploads\/2014\/09\/Duhovnost-vzgaja.jpg\" \/>\n\t<meta property=\"og:image:width\" content=\"474\" \/>\n\t<meta property=\"og:image:height\" content=\"795\" \/>\n\t<meta property=\"og:image:type\" content=\"image\/jpeg\" \/>\n<meta name=\"twitter:card\" content=\"summary_large_image\" \/>\n<meta name=\"twitter:label1\" content=\"Est. reading time\" \/>\n\t<meta name=\"twitter:data1\" content=\"1 minute\" \/>\n<script type=\"application\/ld+json\" class=\"yoast-schema-graph\">{\"@context\":\"https:\/\/schema.org\",\"@graph\":[{\"@type\":\"WebPage\",\"@id\":\"https:\/\/www.salve.si\/trgovina\/knjige\/teologija-in-duhovnost\/duhovnost-vzgaja\/\",\"url\":\"https:\/\/www.salve.si\/trgovina\/knjige\/teologija-in-duhovnost\/duhovnost-vzgaja\/\",\"name\":\"Duhovnost vzgaja - Salve\",\"isPartOf\":{\"@id\":\"https:\/\/www.salve.si\/#website\"},\"primaryImageOfPage\":{\"@id\":\"https:\/\/www.salve.si\/trgovina\/knjige\/teologija-in-duhovnost\/duhovnost-vzgaja\/#primaryimage\"},\"image\":{\"@id\":\"https:\/\/www.salve.si\/trgovina\/knjige\/teologija-in-duhovnost\/duhovnost-vzgaja\/#primaryimage\"},\"thumbnailUrl\":\"https:\/\/www.salve.si\/wp-content\/uploads\/2014\/09\/Duhovnost-vzgaja.jpg\",\"datePublished\":\"2014-09-03T08:00:23+00:00\",\"dateModified\":\"2020-11-12T14:45:02+00:00\",\"breadcrumb\":{\"@id\":\"https:\/\/www.salve.si\/trgovina\/knjige\/teologija-in-duhovnost\/duhovnost-vzgaja\/#breadcrumb\"},\"inLanguage\":\"en-US\",\"potentialAction\":[{\"@type\":\"ReadAction\",\"target\":[\"https:\/\/www.salve.si\/trgovina\/knjige\/teologija-in-duhovnost\/duhovnost-vzgaja\/\"]}]},{\"@type\":\"ImageObject\",\"inLanguage\":\"en-US\",\"@id\":\"https:\/\/www.salve.si\/trgovina\/knjige\/teologija-in-duhovnost\/duhovnost-vzgaja\/#primaryimage\",\"url\":\"https:\/\/www.salve.si\/wp-content\/uploads\/2014\/09\/Duhovnost-vzgaja.jpg\",\"contentUrl\":\"https:\/\/www.salve.si\/wp-content\/uploads\/2014\/09\/Duhovnost-vzgaja.jpg\",\"width\":474,\"height\":795},{\"@type\":\"BreadcrumbList\",\"@id\":\"https:\/\/www.salve.si\/trgovina\/knjige\/teologija-in-duhovnost\/duhovnost-vzgaja\/#breadcrumb\",\"itemListElement\":[{\"@type\":\"ListItem\",\"position\":1,\"name\":\"Home\",\"item\":\"https:\/\/www.salve.si\/\"},{\"@type\":\"ListItem\",\"position\":2,\"name\":\"Trgovina\",\"item\":\"https:\/\/www.salve.si\/trgovina\/\"},{\"@type\":\"ListItem\",\"position\":3,\"name\":\"Duhovnost vzgaja\"}]},{\"@type\":\"WebSite\",\"@id\":\"https:\/\/www.salve.si\/#website\",\"url\":\"https:\/\/www.salve.si\/\",\"name\":\"Salve\",\"description\":\"Salezijanska zalo\u017eba\",\"publisher\":{\"@id\":\"https:\/\/www.salve.si\/#organization\"},\"potentialAction\":[{\"@type\":\"SearchAction\",\"target\":{\"@type\":\"EntryPoint\",\"urlTemplate\":\"https:\/\/www.salve.si\/?s={search_term_string}\"},\"query-input\":{\"@type\":\"PropertyValueSpecification\",\"valueRequired\":true,\"valueName\":\"search_term_string\"}}],\"inLanguage\":\"en-US\"},{\"@type\":\"Organization\",\"@id\":\"https:\/\/www.salve.si\/#organization\",\"name\":\"Salve d.o.o.\",\"url\":\"https:\/\/www.salve.si\/\",\"logo\":{\"@type\":\"ImageObject\",\"inLanguage\":\"en-US\",\"@id\":\"https:\/\/www.salve.si\/#\/schema\/logo\/image\/\",\"url\":\"https:\/\/www.salve.si\/wp-content\/uploads\/2021\/01\/Salve_logo_modri_nov_web.png\",\"contentUrl\":\"https:\/\/www.salve.si\/wp-content\/uploads\/2021\/01\/Salve_logo_modri_nov_web.png\",\"width\":279,\"height\":90,\"caption\":\"Salve d.o.o.\"},\"image\":{\"@id\":\"https:\/\/www.salve.si\/#\/schema\/logo\/image\/\"},\"sameAs\":[\"https:\/\/www.facebook.com\/salve.si\",\"https:\/\/www.instagram.com\/zalozbasalve\/\",\"https:\/\/www.linkedin.com\/company\/zalozba-salve\/\"]}]}<\/script>\n<!-- \/ Yoast SEO plugin. -->","yoast_head_json":{"title":"Duhovnost vzgaja - Salve","robots":{"index":"index","follow":"follow","max-snippet":"max-snippet:-1","max-image-preview":"max-image-preview:large","max-video-preview":"max-video-preview:-1"},"canonical":"https:\/\/www.salve.si\/en\/trgovina\/knjige\/teologija-in-duhovnost\/duhovnost-vzgaja\/","og_locale":"en_US","og_type":"article","og_title":"Duhovnost vzgaja - Salve","og_description":"\u017divljenjska izku\u0161nja sv. Janeza Boska  Otroke in mladostnike bi tako radi v kako stvar prepri\u010dali, jih navdu\u0161ili in motivirali. Z ene strani posku\u0161amo z gro\u017enjo in kaznijo, z druge strani bolj zaupamo v nagrajevanje, popu\u0161\u010danje in navdu\u0161evanje \u2026 Pa se nam zopet zdi, da ne dose\u017eemo kaj dosti. V mlade bi radi vnesli na\u0161e vrednote in predstave o sre\u010di. Vendar je v mladih vse to \u017ee navzo\u010de ...","og_url":"https:\/\/www.salve.si\/en\/trgovina\/knjige\/teologija-in-duhovnost\/duhovnost-vzgaja\/","og_site_name":"Salve","article_publisher":"https:\/\/www.facebook.com\/salve.si","article_modified_time":"2020-11-12T14:45:02+00:00","og_image":[{"width":474,"height":795,"url":"https:\/\/www.salve.si\/wp-content\/uploads\/2014\/09\/Duhovnost-vzgaja.jpg","type":"image\/jpeg"}],"twitter_card":"summary_large_image","twitter_misc":{"Est. reading time":"1 minute"},"schema":{"@context":"https:\/\/schema.org","@graph":[{"@type":"WebPage","@id":"https:\/\/www.salve.si\/trgovina\/knjige\/teologija-in-duhovnost\/duhovnost-vzgaja\/","url":"https:\/\/www.salve.si\/trgovina\/knjige\/teologija-in-duhovnost\/duhovnost-vzgaja\/","name":"Duhovnost vzgaja - Salve","isPartOf":{"@id":"https:\/\/www.salve.si\/#website"},"primaryImageOfPage":{"@id":"https:\/\/www.salve.si\/trgovina\/knjige\/teologija-in-duhovnost\/duhovnost-vzgaja\/#primaryimage"},"image":{"@id":"https:\/\/www.salve.si\/trgovina\/knjige\/teologija-in-duhovnost\/duhovnost-vzgaja\/#primaryimage"},"thumbnailUrl":"https:\/\/www.salve.si\/wp-content\/uploads\/2014\/09\/Duhovnost-vzgaja.jpg","datePublished":"2014-09-03T08:00:23+00:00","dateModified":"2020-11-12T14:45:02+00:00","breadcrumb":{"@id":"https:\/\/www.salve.si\/trgovina\/knjige\/teologija-in-duhovnost\/duhovnost-vzgaja\/#breadcrumb"},"inLanguage":"en-US","potentialAction":[{"@type":"ReadAction","target":["https:\/\/www.salve.si\/trgovina\/knjige\/teologija-in-duhovnost\/duhovnost-vzgaja\/"]}]},{"@type":"ImageObject","inLanguage":"en-US","@id":"https:\/\/www.salve.si\/trgovina\/knjige\/teologija-in-duhovnost\/duhovnost-vzgaja\/#primaryimage","url":"https:\/\/www.salve.si\/wp-content\/uploads\/2014\/09\/Duhovnost-vzgaja.jpg","contentUrl":"https:\/\/www.salve.si\/wp-content\/uploads\/2014\/09\/Duhovnost-vzgaja.jpg","width":474,"height":795},{"@type":"BreadcrumbList","@id":"https:\/\/www.salve.si\/trgovina\/knjige\/teologija-in-duhovnost\/duhovnost-vzgaja\/#breadcrumb","itemListElement":[{"@type":"ListItem","position":1,"name":"Home","item":"https:\/\/www.salve.si\/"},{"@type":"ListItem","position":2,"name":"Trgovina","item":"https:\/\/www.salve.si\/trgovina\/"},{"@type":"ListItem","position":3,"name":"Duhovnost vzgaja"}]},{"@type":"WebSite","@id":"https:\/\/www.salve.si\/#website","url":"https:\/\/www.salve.si\/","name":"Salve","description":"Salezijanska zalo\u017eba","publisher":{"@id":"https:\/\/www.salve.si\/#organization"},"potentialAction":[{"@type":"SearchAction","target":{"@type":"EntryPoint","urlTemplate":"https:\/\/www.salve.si\/?s={search_term_string}"},"query-input":{"@type":"PropertyValueSpecification","valueRequired":true,"valueName":"search_term_string"}}],"inLanguage":"en-US"},{"@type":"Organization","@id":"https:\/\/www.salve.si\/#organization","name":"Salve d.o.o.","url":"https:\/\/www.salve.si\/","logo":{"@type":"ImageObject","inLanguage":"en-US","@id":"https:\/\/www.salve.si\/#\/schema\/logo\/image\/","url":"https:\/\/www.salve.si\/wp-content\/uploads\/2021\/01\/Salve_logo_modri_nov_web.png","contentUrl":"https:\/\/www.salve.si\/wp-content\/uploads\/2021\/01\/Salve_logo_modri_nov_web.png","width":279,"height":90,"caption":"Salve d.o.o."},"image":{"@id":"https:\/\/www.salve.si\/#\/schema\/logo\/image\/"},"sameAs":["https:\/\/www.facebook.com\/salve.si","https:\/\/www.instagram.com\/zalozbasalve\/","https:\/\/www.linkedin.com\/company\/zalozba-salve\/"]}]}},"_links":{"self":[{"href":"https:\/\/www.salve.si\/en\/wp-json\/wp\/v2\/product\/2979","targetHints":{"allow":["GET"]}}],"collection":[{"href":"https:\/\/www.salve.si\/en\/wp-json\/wp\/v2\/product"}],"about":[{"href":"https:\/\/www.salve.si\/en\/wp-json\/wp\/v2\/types\/product"}],"version-history":[{"count":1,"href":"https:\/\/www.salve.si\/en\/wp-json\/wp\/v2\/product\/2979\/revisions"}],"predecessor-version":[{"id":12623,"href":"https:\/\/www.salve.si\/en\/wp-json\/wp\/v2\/product\/2979\/revisions\/12623"}],"wp:featuredmedia":[{"embeddable":true,"href":"https:\/\/www.salve.si\/en\/wp-json\/wp\/v2\/media\/12622"}],"wp:attachment":[{"href":"https:\/\/www.salve.si\/en\/wp-json\/wp\/v2\/media?parent=2979"}],"wp:term":[{"taxonomy":"product_cat","embeddable":true,"href":"https:\/\/www.salve.si\/en\/wp-json\/wp\/v2\/product_cat?post=2979"},{"taxonomy":"product_tag","embeddable":true,"href":"https:\/\/www.salve.si\/en\/wp-json\/wp\/v2\/product_tag?post=2979"}],"curies":[{"name":"wp","href":"https:\/\/api.w.org\/{rel}","templated":true}]}}