{"id":2946,"date":"2014-07-15T10:00:14","date_gmt":"2014-07-15T08:00:14","guid":{"rendered":"http:\/\/2018.salve.si\/?post_type=product&#038;p=2946"},"modified":"2024-03-26T15:21:29","modified_gmt":"2024-03-26T14:21:29","slug":"evharisticni-dnevi-za-otroke-in-mlade","status":"publish","type":"product","link":"https:\/\/www.salve.si\/en\/trgovina\/knjige\/oratorij\/evharisticni-dnevi-za-otroke-in-mlade\/","title":{"rendered":"Evharisti\u010dni dnevi za otroke in mlade"},"content":{"rendered":"<p>Je prvi tovrstni priro\u010dnik v sloven\u0161\u010dini. Njegov namen je zbli\u017eati otroke in mlade z Jezusom v evharisti\u010dni skrivnosti.<\/p>\n<p>Evharisti\u010dni dnevi vsebujejo evangeljske odlomke, molitve, skupne kateheze, premi\u0161ljevanja, dejavnosti.<br \/>\nPo trije dnevi se zdru\u017eujejo v sedem vsebinskih poudarkov: gore\u010di grm, tvoje obli\u010dje i\u0161\u010dem, Gospod; kakor son\u010dnice; na Jezusovem magnetnem polju; vinska trta in mladike; neustra\u0161no \u017eivljenje; napolni mre\u017ee z Jezusom.<\/p>\n<p>Uporabljajo se lahko za tridnevnice, za oratorijske dneve, kot samostojni (ve\u010d)tedenski oratorij o evharistiji, kot pripravo na prvo sveto obhajilo, za adoracije za otroke, za skavtska taborjenja, za vikend duhovne vaje &#8230;<span class=\"slv-content-keywords\"> Molitveniki Oratorij Priro\u010dniki Animator Ustvarjalna duhovna sre\u010danja za graditev prijateljskega odnosa z Jezusom v evharistiji Giovanni Gherardi <\/span><\/p>","protected":false},"excerpt":{"rendered":"<p>Evharisti\u010dni dnevi za otroke in mlade je priro\u010dnik z 21 animiranimi duhovnimi sre\u010danji, katerih sredi\u0161\u010de je \u010da\u0161\u010denje Najsvetej\u0161ega zakramenta.<\/p>","protected":false},"featured_media":18502,"template":"","meta":{"_acf_changed":false,"footnotes":""},"product_cat":[636,265,316],"product_tag":[],"class_list":{"0":"post-2946","1":"product","2":"type-product","3":"status-publish","4":"has-post-thumbnail","6":"zbirke-animator","7":"publisher-salve-d-o-o-ljubljana","8":"product_cat-molitveniki","9":"product_cat-oratorij","10":"product_cat-prirocniki","12":"first","13":"instock","14":"shipping-taxable","15":"purchasable","16":"product-type-simple"},"acf":[],"yoast_head":"<!-- This site is optimized with the Yoast SEO plugin v23.8 - https:\/\/yoast.com\/wordpress\/plugins\/seo\/ -->\n<title>Evharisti\u010dni dnevi za otroke in mlade - Salve<\/title>\n<meta name=\"robots\" content=\"index, follow, max-snippet:-1, max-image-preview:large, max-video-preview:-1\" \/>\n<link rel=\"canonical\" href=\"https:\/\/www.salve.si\/en\/trgovina\/knjige\/oratorij\/evharisticni-dnevi-za-otroke-in-mlade\/\" \/>\n<meta property=\"og:locale\" content=\"en_US\" \/>\n<meta property=\"og:type\" content=\"article\" \/>\n<meta property=\"og:title\" content=\"Evharisti\u010dni dnevi za otroke in mlade - Salve\" \/>\n<meta property=\"og:description\" content=\"Evharisti\u010dni dnevi za otroke in mlade je priro\u010dnik z 21 animiranimi duhovnimi sre\u010danji, katerih sredi\u0161\u010de je \u010da\u0161\u010denje Najsvetej\u0161ega zakramenta.\" \/>\n<meta property=\"og:url\" content=\"https:\/\/www.salve.si\/en\/trgovina\/knjige\/oratorij\/evharisticni-dnevi-za-otroke-in-mlade\/\" \/>\n<meta property=\"og:site_name\" content=\"Salve\" \/>\n<meta property=\"article:publisher\" content=\"https:\/\/www.facebook.com\/salve.si\" \/>\n<meta property=\"article:modified_time\" content=\"2024-03-26T14:21:29+00:00\" \/>\n<meta property=\"og:image\" content=\"https:\/\/www.salve.si\/wp-content\/uploads\/2014\/07\/evharisticni-dnevi-za-otroke-in-mlade_naslovnica.png\" \/>\n\t<meta property=\"og:image:width\" content=\"600\" \/>\n\t<meta property=\"og:image:height\" content=\"849\" \/>\n\t<meta property=\"og:image:type\" content=\"image\/png\" \/>\n<meta name=\"twitter:card\" content=\"summary_large_image\" \/>\n<meta name=\"twitter:label1\" content=\"Est. reading time\" \/>\n\t<meta name=\"twitter:data1\" content=\"1 minute\" \/>\n<script type=\"application\/ld+json\" class=\"yoast-schema-graph\">{\"@context\":\"https:\/\/schema.org\",\"@graph\":[{\"@type\":\"WebPage\",\"@id\":\"https:\/\/www.salve.si\/trgovina\/knjige\/oratorij\/evharisticni-dnevi-za-otroke-in-mlade\/\",\"url\":\"https:\/\/www.salve.si\/trgovina\/knjige\/oratorij\/evharisticni-dnevi-za-otroke-in-mlade\/\",\"name\":\"Evharisti\u010dni dnevi za otroke in mlade - Salve\",\"isPartOf\":{\"@id\":\"https:\/\/www.salve.si\/#website\"},\"primaryImageOfPage\":{\"@id\":\"https:\/\/www.salve.si\/trgovina\/knjige\/oratorij\/evharisticni-dnevi-za-otroke-in-mlade\/#primaryimage\"},\"image\":{\"@id\":\"https:\/\/www.salve.si\/trgovina\/knjige\/oratorij\/evharisticni-dnevi-za-otroke-in-mlade\/#primaryimage\"},\"thumbnailUrl\":\"https:\/\/www.salve.si\/wp-content\/uploads\/2014\/07\/evharisticni-dnevi-za-otroke-in-mlade_naslovnica.png\",\"datePublished\":\"2014-07-15T08:00:14+00:00\",\"dateModified\":\"2024-03-26T14:21:29+00:00\",\"breadcrumb\":{\"@id\":\"https:\/\/www.salve.si\/trgovina\/knjige\/oratorij\/evharisticni-dnevi-za-otroke-in-mlade\/#breadcrumb\"},\"inLanguage\":\"en-US\",\"potentialAction\":[{\"@type\":\"ReadAction\",\"target\":[\"https:\/\/www.salve.si\/trgovina\/knjige\/oratorij\/evharisticni-dnevi-za-otroke-in-mlade\/\"]}]},{\"@type\":\"ImageObject\",\"inLanguage\":\"en-US\",\"@id\":\"https:\/\/www.salve.si\/trgovina\/knjige\/oratorij\/evharisticni-dnevi-za-otroke-in-mlade\/#primaryimage\",\"url\":\"https:\/\/www.salve.si\/wp-content\/uploads\/2014\/07\/evharisticni-dnevi-za-otroke-in-mlade_naslovnica.png\",\"contentUrl\":\"https:\/\/www.salve.si\/wp-content\/uploads\/2014\/07\/evharisticni-dnevi-za-otroke-in-mlade_naslovnica.png\",\"width\":600,\"height\":849},{\"@type\":\"BreadcrumbList\",\"@id\":\"https:\/\/www.salve.si\/trgovina\/knjige\/oratorij\/evharisticni-dnevi-za-otroke-in-mlade\/#breadcrumb\",\"itemListElement\":[{\"@type\":\"ListItem\",\"position\":1,\"name\":\"Home\",\"item\":\"https:\/\/www.salve.si\/\"},{\"@type\":\"ListItem\",\"position\":2,\"name\":\"Trgovina\",\"item\":\"https:\/\/www.salve.si\/trgovina\/\"},{\"@type\":\"ListItem\",\"position\":3,\"name\":\"Evharisti\u010dni dnevi za otroke in mlade\"}]},{\"@type\":\"WebSite\",\"@id\":\"https:\/\/www.salve.si\/#website\",\"url\":\"https:\/\/www.salve.si\/\",\"name\":\"Salve\",\"description\":\"Salezijanska zalo\u017eba\",\"publisher\":{\"@id\":\"https:\/\/www.salve.si\/#organization\"},\"potentialAction\":[{\"@type\":\"SearchAction\",\"target\":{\"@type\":\"EntryPoint\",\"urlTemplate\":\"https:\/\/www.salve.si\/?s={search_term_string}\"},\"query-input\":{\"@type\":\"PropertyValueSpecification\",\"valueRequired\":true,\"valueName\":\"search_term_string\"}}],\"inLanguage\":\"en-US\"},{\"@type\":\"Organization\",\"@id\":\"https:\/\/www.salve.si\/#organization\",\"name\":\"Salve d.o.o.\",\"url\":\"https:\/\/www.salve.si\/\",\"logo\":{\"@type\":\"ImageObject\",\"inLanguage\":\"en-US\",\"@id\":\"https:\/\/www.salve.si\/#\/schema\/logo\/image\/\",\"url\":\"https:\/\/www.salve.si\/wp-content\/uploads\/2021\/01\/Salve_logo_modri_nov_web.png\",\"contentUrl\":\"https:\/\/www.salve.si\/wp-content\/uploads\/2021\/01\/Salve_logo_modri_nov_web.png\",\"width\":279,\"height\":90,\"caption\":\"Salve d.o.o.\"},\"image\":{\"@id\":\"https:\/\/www.salve.si\/#\/schema\/logo\/image\/\"},\"sameAs\":[\"https:\/\/www.facebook.com\/salve.si\",\"https:\/\/www.instagram.com\/zalozbasalve\/\",\"https:\/\/www.linkedin.com\/company\/zalozba-salve\/\"]}]}<\/script>\n<!-- \/ Yoast SEO plugin. -->","yoast_head_json":{"title":"Evharisti\u010dni dnevi za otroke in mlade - Salve","robots":{"index":"index","follow":"follow","max-snippet":"max-snippet:-1","max-image-preview":"max-image-preview:large","max-video-preview":"max-video-preview:-1"},"canonical":"https:\/\/www.salve.si\/en\/trgovina\/knjige\/oratorij\/evharisticni-dnevi-za-otroke-in-mlade\/","og_locale":"en_US","og_type":"article","og_title":"Evharisti\u010dni dnevi za otroke in mlade - Salve","og_description":"Evharisti\u010dni dnevi za otroke in mlade je priro\u010dnik z 21 animiranimi duhovnimi sre\u010danji, katerih sredi\u0161\u010de je \u010da\u0161\u010denje Najsvetej\u0161ega zakramenta.","og_url":"https:\/\/www.salve.si\/en\/trgovina\/knjige\/oratorij\/evharisticni-dnevi-za-otroke-in-mlade\/","og_site_name":"Salve","article_publisher":"https:\/\/www.facebook.com\/salve.si","article_modified_time":"2024-03-26T14:21:29+00:00","og_image":[{"width":600,"height":849,"url":"https:\/\/www.salve.si\/wp-content\/uploads\/2014\/07\/evharisticni-dnevi-za-otroke-in-mlade_naslovnica.png","type":"image\/png"}],"twitter_card":"summary_large_image","twitter_misc":{"Est. reading time":"1 minute"},"schema":{"@context":"https:\/\/schema.org","@graph":[{"@type":"WebPage","@id":"https:\/\/www.salve.si\/trgovina\/knjige\/oratorij\/evharisticni-dnevi-za-otroke-in-mlade\/","url":"https:\/\/www.salve.si\/trgovina\/knjige\/oratorij\/evharisticni-dnevi-za-otroke-in-mlade\/","name":"Evharisti\u010dni dnevi za otroke in mlade - Salve","isPartOf":{"@id":"https:\/\/www.salve.si\/#website"},"primaryImageOfPage":{"@id":"https:\/\/www.salve.si\/trgovina\/knjige\/oratorij\/evharisticni-dnevi-za-otroke-in-mlade\/#primaryimage"},"image":{"@id":"https:\/\/www.salve.si\/trgovina\/knjige\/oratorij\/evharisticni-dnevi-za-otroke-in-mlade\/#primaryimage"},"thumbnailUrl":"https:\/\/www.salve.si\/wp-content\/uploads\/2014\/07\/evharisticni-dnevi-za-otroke-in-mlade_naslovnica.png","datePublished":"2014-07-15T08:00:14+00:00","dateModified":"2024-03-26T14:21:29+00:00","breadcrumb":{"@id":"https:\/\/www.salve.si\/trgovina\/knjige\/oratorij\/evharisticni-dnevi-za-otroke-in-mlade\/#breadcrumb"},"inLanguage":"en-US","potentialAction":[{"@type":"ReadAction","target":["https:\/\/www.salve.si\/trgovina\/knjige\/oratorij\/evharisticni-dnevi-za-otroke-in-mlade\/"]}]},{"@type":"ImageObject","inLanguage":"en-US","@id":"https:\/\/www.salve.si\/trgovina\/knjige\/oratorij\/evharisticni-dnevi-za-otroke-in-mlade\/#primaryimage","url":"https:\/\/www.salve.si\/wp-content\/uploads\/2014\/07\/evharisticni-dnevi-za-otroke-in-mlade_naslovnica.png","contentUrl":"https:\/\/www.salve.si\/wp-content\/uploads\/2014\/07\/evharisticni-dnevi-za-otroke-in-mlade_naslovnica.png","width":600,"height":849},{"@type":"BreadcrumbList","@id":"https:\/\/www.salve.si\/trgovina\/knjige\/oratorij\/evharisticni-dnevi-za-otroke-in-mlade\/#breadcrumb","itemListElement":[{"@type":"ListItem","position":1,"name":"Home","item":"https:\/\/www.salve.si\/"},{"@type":"ListItem","position":2,"name":"Trgovina","item":"https:\/\/www.salve.si\/trgovina\/"},{"@type":"ListItem","position":3,"name":"Evharisti\u010dni dnevi za otroke in mlade"}]},{"@type":"WebSite","@id":"https:\/\/www.salve.si\/#website","url":"https:\/\/www.salve.si\/","name":"Salve","description":"Salezijanska zalo\u017eba","publisher":{"@id":"https:\/\/www.salve.si\/#organization"},"potentialAction":[{"@type":"SearchAction","target":{"@type":"EntryPoint","urlTemplate":"https:\/\/www.salve.si\/?s={search_term_string}"},"query-input":{"@type":"PropertyValueSpecification","valueRequired":true,"valueName":"search_term_string"}}],"inLanguage":"en-US"},{"@type":"Organization","@id":"https:\/\/www.salve.si\/#organization","name":"Salve d.o.o.","url":"https:\/\/www.salve.si\/","logo":{"@type":"ImageObject","inLanguage":"en-US","@id":"https:\/\/www.salve.si\/#\/schema\/logo\/image\/","url":"https:\/\/www.salve.si\/wp-content\/uploads\/2021\/01\/Salve_logo_modri_nov_web.png","contentUrl":"https:\/\/www.salve.si\/wp-content\/uploads\/2021\/01\/Salve_logo_modri_nov_web.png","width":279,"height":90,"caption":"Salve d.o.o."},"image":{"@id":"https:\/\/www.salve.si\/#\/schema\/logo\/image\/"},"sameAs":["https:\/\/www.facebook.com\/salve.si","https:\/\/www.instagram.com\/zalozbasalve\/","https:\/\/www.linkedin.com\/company\/zalozba-salve\/"]}]}},"_links":{"self":[{"href":"https:\/\/www.salve.si\/en\/wp-json\/wp\/v2\/product\/2946","targetHints":{"allow":["GET"]}}],"collection":[{"href":"https:\/\/www.salve.si\/en\/wp-json\/wp\/v2\/product"}],"about":[{"href":"https:\/\/www.salve.si\/en\/wp-json\/wp\/v2\/types\/product"}],"version-history":[{"count":4,"href":"https:\/\/www.salve.si\/en\/wp-json\/wp\/v2\/product\/2946\/revisions"}],"predecessor-version":[{"id":18503,"href":"https:\/\/www.salve.si\/en\/wp-json\/wp\/v2\/product\/2946\/revisions\/18503"}],"wp:featuredmedia":[{"embeddable":true,"href":"https:\/\/www.salve.si\/en\/wp-json\/wp\/v2\/media\/18502"}],"wp:attachment":[{"href":"https:\/\/www.salve.si\/en\/wp-json\/wp\/v2\/media?parent=2946"}],"wp:term":[{"taxonomy":"product_cat","embeddable":true,"href":"https:\/\/www.salve.si\/en\/wp-json\/wp\/v2\/product_cat?post=2946"},{"taxonomy":"product_tag","embeddable":true,"href":"https:\/\/www.salve.si\/en\/wp-json\/wp\/v2\/product_tag?post=2946"}],"curies":[{"name":"wp","href":"https:\/\/api.w.org\/{rel}","templated":true}]}}