{"id":2937,"date":"2014-06-30T10:00:05","date_gmt":"2014-06-30T08:00:05","guid":{"rendered":"http:\/\/2018.salve.si\/?post_type=product&#038;p=2937"},"modified":"2025-01-01T00:00:32","modified_gmt":"2024-12-31T23:00:32","slug":"dih-upanja-za-svet-ki-se-dusi","status":"publish","type":"product","link":"https:\/\/www.salve.si\/en\/trgovina\/knjige\/mladinske\/dih-upanja-za-svet-ki-se-dusi\/","title":{"rendered":"Dih upanja za svet, ki se du\u0161i"},"content":{"rendered":"<p>Pote\u0161ile bodo \u017eejo in ti omogo\u010dile nadaljevati pot sre\u010danja z Bogom \u017divljenja v rekah mestnih ulic. Upanje, slu\u017eenje, poni\u017enost, molitev, konec koncev Jezus Kristus kot sredi\u0161\u010de \u017eivljenja samega in kot tisti, ki nas kli\u010de, da hodimo za njim v slu\u017eenju drugim, je sredi\u0161\u010de \u017eivljenja \u010dloveka, ki je bil do nedavnega kardinal Bergoglio in je danes pape\u017e Fran\u010di\u0161ek.<\/p>\n<p><span class=\"slv-content-keywords\"> Posebna ponudba Misli Mladinske Isaac G\u00f3mez Le\u00f3n Mladinska zbirka Misli pape\u017ea Fran\u010di\u0161ka <\/span><\/p>","protected":false},"excerpt":{"rendered":"<p>Drobne nitke, ki izvirajo iz skritosti \u2013 ker izvirajo iz globo\u010dine \u2013 studenca pape\u017eevih misli. To delo ti ponuja kapljico za kapljico, dan za dnem majhne po\u017eirke, da jih po\u010dasi u\u017eiva\u0161 in oku\u0161a\u0161.<\/p>","protected":false},"featured_media":2938,"template":"","meta":{"_acf_changed":false,"footnotes":""},"product_cat":[709,658,266],"product_tag":[],"class_list":{"0":"post-2937","1":"product","2":"type-product","3":"status-publish","4":"has-post-thumbnail","6":"zbirke-mladinska-zbirka","7":"authors-isaac-gomez-leon","8":"publisher-salve-d-o-o-ljubljana","9":"product_cat-posebna-ponudba","10":"product_cat-misli","11":"product_cat-mladinske","13":"first","14":"instock","15":"shipping-taxable","16":"purchasable","17":"product-type-simple"},"acf":[],"yoast_head":"<!-- This site is optimized with the Yoast SEO plugin v23.8 - https:\/\/yoast.com\/wordpress\/plugins\/seo\/ -->\n<title>Dih upanja za svet, ki se du\u0161i - Salve<\/title>\n<meta name=\"robots\" content=\"index, follow, max-snippet:-1, max-image-preview:large, max-video-preview:-1\" \/>\n<link rel=\"canonical\" href=\"https:\/\/www.salve.si\/en\/trgovina\/knjige\/mladinske\/dih-upanja-za-svet-ki-se-dusi\/\" \/>\n<meta property=\"og:locale\" content=\"en_US\" \/>\n<meta property=\"og:type\" content=\"article\" \/>\n<meta property=\"og:title\" content=\"Dih upanja za svet, ki se du\u0161i - Salve\" \/>\n<meta property=\"og:description\" content=\"Drobne nitke, ki izvirajo iz skritosti \u2013 ker izvirajo iz globo\u010dine \u2013 studenca pape\u017eevih misli. To delo ti ponuja kapljico za kapljico, dan za dnem majhne po\u017eirke, da jih po\u010dasi u\u017eiva\u0161 in oku\u0161a\u0161.\" \/>\n<meta property=\"og:url\" content=\"https:\/\/www.salve.si\/en\/trgovina\/knjige\/mladinske\/dih-upanja-za-svet-ki-se-dusi\/\" \/>\n<meta property=\"og:site_name\" content=\"Salve\" \/>\n<meta property=\"article:publisher\" content=\"https:\/\/www.facebook.com\/salve.si\" \/>\n<meta property=\"article:modified_time\" content=\"2024-12-31T23:00:32+00:00\" \/>\n<meta property=\"og:image\" content=\"https:\/\/www.salve.si\/wp-content\/uploads\/2018\/03\/dih-upanja-za-svet-ki-se-dusi_misli-papeza-franciska.jpg\" \/>\n\t<meta property=\"og:image:width\" content=\"349\" \/>\n\t<meta property=\"og:image:height\" content=\"558\" \/>\n\t<meta property=\"og:image:type\" content=\"image\/jpeg\" \/>\n<meta name=\"twitter:card\" content=\"summary_large_image\" \/>\n<script type=\"application\/ld+json\" class=\"yoast-schema-graph\">{\"@context\":\"https:\/\/schema.org\",\"@graph\":[{\"@type\":\"WebPage\",\"@id\":\"https:\/\/www.salve.si\/trgovina\/knjige\/mladinske\/dih-upanja-za-svet-ki-se-dusi\/\",\"url\":\"https:\/\/www.salve.si\/trgovina\/knjige\/mladinske\/dih-upanja-za-svet-ki-se-dusi\/\",\"name\":\"Dih upanja za svet, ki se du\u0161i - Salve\",\"isPartOf\":{\"@id\":\"https:\/\/www.salve.si\/#website\"},\"primaryImageOfPage\":{\"@id\":\"https:\/\/www.salve.si\/trgovina\/knjige\/mladinske\/dih-upanja-za-svet-ki-se-dusi\/#primaryimage\"},\"image\":{\"@id\":\"https:\/\/www.salve.si\/trgovina\/knjige\/mladinske\/dih-upanja-za-svet-ki-se-dusi\/#primaryimage\"},\"thumbnailUrl\":\"https:\/\/www.salve.si\/wp-content\/uploads\/2018\/03\/dih-upanja-za-svet-ki-se-dusi_misli-papeza-franciska.jpg\",\"datePublished\":\"2014-06-30T08:00:05+00:00\",\"dateModified\":\"2024-12-31T23:00:32+00:00\",\"breadcrumb\":{\"@id\":\"https:\/\/www.salve.si\/trgovina\/knjige\/mladinske\/dih-upanja-za-svet-ki-se-dusi\/#breadcrumb\"},\"inLanguage\":\"en-US\",\"potentialAction\":[{\"@type\":\"ReadAction\",\"target\":[\"https:\/\/www.salve.si\/trgovina\/knjige\/mladinske\/dih-upanja-za-svet-ki-se-dusi\/\"]}]},{\"@type\":\"ImageObject\",\"inLanguage\":\"en-US\",\"@id\":\"https:\/\/www.salve.si\/trgovina\/knjige\/mladinske\/dih-upanja-za-svet-ki-se-dusi\/#primaryimage\",\"url\":\"https:\/\/www.salve.si\/wp-content\/uploads\/2018\/03\/dih-upanja-za-svet-ki-se-dusi_misli-papeza-franciska.jpg\",\"contentUrl\":\"https:\/\/www.salve.si\/wp-content\/uploads\/2018\/03\/dih-upanja-za-svet-ki-se-dusi_misli-papeza-franciska.jpg\",\"width\":349,\"height\":558},{\"@type\":\"BreadcrumbList\",\"@id\":\"https:\/\/www.salve.si\/trgovina\/knjige\/mladinske\/dih-upanja-za-svet-ki-se-dusi\/#breadcrumb\",\"itemListElement\":[{\"@type\":\"ListItem\",\"position\":1,\"name\":\"Home\",\"item\":\"https:\/\/www.salve.si\/\"},{\"@type\":\"ListItem\",\"position\":2,\"name\":\"Trgovina\",\"item\":\"https:\/\/www.salve.si\/trgovina\/\"},{\"@type\":\"ListItem\",\"position\":3,\"name\":\"Dih upanja za svet, ki se du\u0161i\"}]},{\"@type\":\"WebSite\",\"@id\":\"https:\/\/www.salve.si\/#website\",\"url\":\"https:\/\/www.salve.si\/\",\"name\":\"Salve\",\"description\":\"Salezijanska zalo\u017eba\",\"publisher\":{\"@id\":\"https:\/\/www.salve.si\/#organization\"},\"potentialAction\":[{\"@type\":\"SearchAction\",\"target\":{\"@type\":\"EntryPoint\",\"urlTemplate\":\"https:\/\/www.salve.si\/?s={search_term_string}\"},\"query-input\":{\"@type\":\"PropertyValueSpecification\",\"valueRequired\":true,\"valueName\":\"search_term_string\"}}],\"inLanguage\":\"en-US\"},{\"@type\":\"Organization\",\"@id\":\"https:\/\/www.salve.si\/#organization\",\"name\":\"Salve d.o.o.\",\"url\":\"https:\/\/www.salve.si\/\",\"logo\":{\"@type\":\"ImageObject\",\"inLanguage\":\"en-US\",\"@id\":\"https:\/\/www.salve.si\/#\/schema\/logo\/image\/\",\"url\":\"https:\/\/www.salve.si\/wp-content\/uploads\/2021\/01\/Salve_logo_modri_nov_web.png\",\"contentUrl\":\"https:\/\/www.salve.si\/wp-content\/uploads\/2021\/01\/Salve_logo_modri_nov_web.png\",\"width\":279,\"height\":90,\"caption\":\"Salve d.o.o.\"},\"image\":{\"@id\":\"https:\/\/www.salve.si\/#\/schema\/logo\/image\/\"},\"sameAs\":[\"https:\/\/www.facebook.com\/salve.si\",\"https:\/\/www.instagram.com\/zalozbasalve\/\",\"https:\/\/www.linkedin.com\/company\/zalozba-salve\/\"]}]}<\/script>\n<!-- \/ Yoast SEO plugin. -->","yoast_head_json":{"title":"Dih upanja za svet, ki se du\u0161i - Salve","robots":{"index":"index","follow":"follow","max-snippet":"max-snippet:-1","max-image-preview":"max-image-preview:large","max-video-preview":"max-video-preview:-1"},"canonical":"https:\/\/www.salve.si\/en\/trgovina\/knjige\/mladinske\/dih-upanja-za-svet-ki-se-dusi\/","og_locale":"en_US","og_type":"article","og_title":"Dih upanja za svet, ki se du\u0161i - Salve","og_description":"Drobne nitke, ki izvirajo iz skritosti \u2013 ker izvirajo iz globo\u010dine \u2013 studenca pape\u017eevih misli. To delo ti ponuja kapljico za kapljico, dan za dnem majhne po\u017eirke, da jih po\u010dasi u\u017eiva\u0161 in oku\u0161a\u0161.","og_url":"https:\/\/www.salve.si\/en\/trgovina\/knjige\/mladinske\/dih-upanja-za-svet-ki-se-dusi\/","og_site_name":"Salve","article_publisher":"https:\/\/www.facebook.com\/salve.si","article_modified_time":"2024-12-31T23:00:32+00:00","og_image":[{"width":349,"height":558,"url":"https:\/\/www.salve.si\/wp-content\/uploads\/2018\/03\/dih-upanja-za-svet-ki-se-dusi_misli-papeza-franciska.jpg","type":"image\/jpeg"}],"twitter_card":"summary_large_image","schema":{"@context":"https:\/\/schema.org","@graph":[{"@type":"WebPage","@id":"https:\/\/www.salve.si\/trgovina\/knjige\/mladinske\/dih-upanja-za-svet-ki-se-dusi\/","url":"https:\/\/www.salve.si\/trgovina\/knjige\/mladinske\/dih-upanja-za-svet-ki-se-dusi\/","name":"Dih upanja za svet, ki se du\u0161i - Salve","isPartOf":{"@id":"https:\/\/www.salve.si\/#website"},"primaryImageOfPage":{"@id":"https:\/\/www.salve.si\/trgovina\/knjige\/mladinske\/dih-upanja-za-svet-ki-se-dusi\/#primaryimage"},"image":{"@id":"https:\/\/www.salve.si\/trgovina\/knjige\/mladinske\/dih-upanja-za-svet-ki-se-dusi\/#primaryimage"},"thumbnailUrl":"https:\/\/www.salve.si\/wp-content\/uploads\/2018\/03\/dih-upanja-za-svet-ki-se-dusi_misli-papeza-franciska.jpg","datePublished":"2014-06-30T08:00:05+00:00","dateModified":"2024-12-31T23:00:32+00:00","breadcrumb":{"@id":"https:\/\/www.salve.si\/trgovina\/knjige\/mladinske\/dih-upanja-za-svet-ki-se-dusi\/#breadcrumb"},"inLanguage":"en-US","potentialAction":[{"@type":"ReadAction","target":["https:\/\/www.salve.si\/trgovina\/knjige\/mladinske\/dih-upanja-za-svet-ki-se-dusi\/"]}]},{"@type":"ImageObject","inLanguage":"en-US","@id":"https:\/\/www.salve.si\/trgovina\/knjige\/mladinske\/dih-upanja-za-svet-ki-se-dusi\/#primaryimage","url":"https:\/\/www.salve.si\/wp-content\/uploads\/2018\/03\/dih-upanja-za-svet-ki-se-dusi_misli-papeza-franciska.jpg","contentUrl":"https:\/\/www.salve.si\/wp-content\/uploads\/2018\/03\/dih-upanja-za-svet-ki-se-dusi_misli-papeza-franciska.jpg","width":349,"height":558},{"@type":"BreadcrumbList","@id":"https:\/\/www.salve.si\/trgovina\/knjige\/mladinske\/dih-upanja-za-svet-ki-se-dusi\/#breadcrumb","itemListElement":[{"@type":"ListItem","position":1,"name":"Home","item":"https:\/\/www.salve.si\/"},{"@type":"ListItem","position":2,"name":"Trgovina","item":"https:\/\/www.salve.si\/trgovina\/"},{"@type":"ListItem","position":3,"name":"Dih upanja za svet, ki se du\u0161i"}]},{"@type":"WebSite","@id":"https:\/\/www.salve.si\/#website","url":"https:\/\/www.salve.si\/","name":"Salve","description":"Salezijanska zalo\u017eba","publisher":{"@id":"https:\/\/www.salve.si\/#organization"},"potentialAction":[{"@type":"SearchAction","target":{"@type":"EntryPoint","urlTemplate":"https:\/\/www.salve.si\/?s={search_term_string}"},"query-input":{"@type":"PropertyValueSpecification","valueRequired":true,"valueName":"search_term_string"}}],"inLanguage":"en-US"},{"@type":"Organization","@id":"https:\/\/www.salve.si\/#organization","name":"Salve d.o.o.","url":"https:\/\/www.salve.si\/","logo":{"@type":"ImageObject","inLanguage":"en-US","@id":"https:\/\/www.salve.si\/#\/schema\/logo\/image\/","url":"https:\/\/www.salve.si\/wp-content\/uploads\/2021\/01\/Salve_logo_modri_nov_web.png","contentUrl":"https:\/\/www.salve.si\/wp-content\/uploads\/2021\/01\/Salve_logo_modri_nov_web.png","width":279,"height":90,"caption":"Salve d.o.o."},"image":{"@id":"https:\/\/www.salve.si\/#\/schema\/logo\/image\/"},"sameAs":["https:\/\/www.facebook.com\/salve.si","https:\/\/www.instagram.com\/zalozbasalve\/","https:\/\/www.linkedin.com\/company\/zalozba-salve\/"]}]}},"_links":{"self":[{"href":"https:\/\/www.salve.si\/en\/wp-json\/wp\/v2\/product\/2937","targetHints":{"allow":["GET"]}}],"collection":[{"href":"https:\/\/www.salve.si\/en\/wp-json\/wp\/v2\/product"}],"about":[{"href":"https:\/\/www.salve.si\/en\/wp-json\/wp\/v2\/types\/product"}],"version-history":[{"count":2,"href":"https:\/\/www.salve.si\/en\/wp-json\/wp\/v2\/product\/2937\/revisions"}],"predecessor-version":[{"id":12918,"href":"https:\/\/www.salve.si\/en\/wp-json\/wp\/v2\/product\/2937\/revisions\/12918"}],"wp:featuredmedia":[{"embeddable":true,"href":"https:\/\/www.salve.si\/en\/wp-json\/wp\/v2\/media\/2938"}],"wp:attachment":[{"href":"https:\/\/www.salve.si\/en\/wp-json\/wp\/v2\/media?parent=2937"}],"wp:term":[{"taxonomy":"product_cat","embeddable":true,"href":"https:\/\/www.salve.si\/en\/wp-json\/wp\/v2\/product_cat?post=2937"},{"taxonomy":"product_tag","embeddable":true,"href":"https:\/\/www.salve.si\/en\/wp-json\/wp\/v2\/product_tag?post=2937"}],"curies":[{"name":"wp","href":"https:\/\/api.w.org\/{rel}","templated":true}]}}