{"id":2931,"date":"2014-05-23T10:00:37","date_gmt":"2014-05-23T08:00:37","guid":{"rendered":"http:\/\/2018.salve.si\/?post_type=product&#038;p=2931"},"modified":"2018-08-23T13:23:32","modified_gmt":"2018-08-23T11:23:32","slug":"klic-po-ljubezni","status":"publish","type":"product","link":"https:\/\/www.salve.si\/en\/trgovina\/knjige\/poezija\/klic-po-ljubezni\/","title":{"rendered":"Klic po Ljubezni"},"content":{"rendered":"<p>Krik v bole\u010dini, upanje v molitvi, odre\u0161enje v Bo\u017eji ljubezni. To je mo\u010dan vtis ob prebiranju pesmi Klare Jasne. Avtorica se v njih vsa podarja s preprosto govorico srca in du\u0161e, s toplo naklonjenostjo do ljudi, narave, do \u010dloveka, ki mu daruje svoje hrepenenje \u2026 To hrepenenje se znova in znova preliva v vero, zaupanje Bogu Stvarniku in Odre\u0161eniku. Z vero pesnica Klara Jasna osmi\u0161lja svoje \u017eivljenje, se odpira Svetlobi, Milosti \u2026 Tako njena bole\u010dina, njeno veselje, hrepenenje, pa tudi njen kri\u017e postajajo vrednote oz. resnica, da ni\u010d ni zaman, da je vse DAR, ki ima smisel v iskanju, zaupanju in odre\u0161enju.<br \/>\n(Marjetka Smrekar)<span class=\"slv-content-keywords\"> Klara Jasna Poezija <\/span><\/p>","protected":false},"excerpt":{"rendered":"<p>Pesni\u0161ka zbirka Klare Jasne je njen prvenec. Naj ogreje bralce, jih notranje bogati in da slutnjo Bo\u017eje ljubezni \u2026<\/p>","protected":false},"featured_media":2932,"template":"","meta":{"_acf_changed":false,"footnotes":""},"product_cat":[313],"product_tag":[],"class_list":{"0":"post-2931","1":"product","2":"type-product","3":"status-publish","4":"has-post-thumbnail","6":"authors-klara-jasna","7":"publisher-salve-d-o-o-ljubljana","8":"product_cat-poezija","10":"first","11":"instock","12":"shipping-taxable","13":"purchasable","14":"product-type-simple"},"acf":[],"yoast_head":"<!-- This site is optimized with the Yoast SEO plugin v23.8 - https:\/\/yoast.com\/wordpress\/plugins\/seo\/ -->\n<title>Klic po Ljubezni - Salve<\/title>\n<meta name=\"robots\" content=\"index, follow, max-snippet:-1, max-image-preview:large, max-video-preview:-1\" \/>\n<link rel=\"canonical\" href=\"https:\/\/www.salve.si\/en\/trgovina\/knjige\/poezija\/klic-po-ljubezni\/\" \/>\n<meta property=\"og:locale\" content=\"en_US\" \/>\n<meta property=\"og:type\" content=\"article\" \/>\n<meta property=\"og:title\" content=\"Klic po Ljubezni - Salve\" \/>\n<meta property=\"og:description\" content=\"Pesni\u0161ka zbirka Klare Jasne je njen prvenec. Naj ogreje bralce, jih notranje bogati in da slutnjo Bo\u017eje ljubezni \u2026\" \/>\n<meta property=\"og:url\" content=\"https:\/\/www.salve.si\/en\/trgovina\/knjige\/poezija\/klic-po-ljubezni\/\" \/>\n<meta property=\"og:site_name\" content=\"Salve\" \/>\n<meta property=\"article:publisher\" content=\"https:\/\/www.facebook.com\/salve.si\" \/>\n<meta property=\"article:modified_time\" content=\"2018-08-23T11:23:32+00:00\" \/>\n<meta property=\"og:image\" content=\"https:\/\/www.salve.si\/wp-content\/uploads\/2018\/03\/klic-po-ljubezni_klara-jasna.jpg\" \/>\n\t<meta property=\"og:image:width\" content=\"1437\" \/>\n\t<meta property=\"og:image:height\" content=\"2457\" \/>\n\t<meta property=\"og:image:type\" content=\"image\/jpeg\" \/>\n<meta name=\"twitter:card\" content=\"summary_large_image\" \/>\n<meta name=\"twitter:label1\" content=\"Est. reading time\" \/>\n\t<meta name=\"twitter:data1\" content=\"1 minute\" \/>\n<script type=\"application\/ld+json\" class=\"yoast-schema-graph\">{\"@context\":\"https:\/\/schema.org\",\"@graph\":[{\"@type\":\"WebPage\",\"@id\":\"https:\/\/www.salve.si\/trgovina\/knjige\/poezija\/klic-po-ljubezni\/\",\"url\":\"https:\/\/www.salve.si\/trgovina\/knjige\/poezija\/klic-po-ljubezni\/\",\"name\":\"Klic po Ljubezni - Salve\",\"isPartOf\":{\"@id\":\"https:\/\/www.salve.si\/#website\"},\"primaryImageOfPage\":{\"@id\":\"https:\/\/www.salve.si\/trgovina\/knjige\/poezija\/klic-po-ljubezni\/#primaryimage\"},\"image\":{\"@id\":\"https:\/\/www.salve.si\/trgovina\/knjige\/poezija\/klic-po-ljubezni\/#primaryimage\"},\"thumbnailUrl\":\"https:\/\/www.salve.si\/wp-content\/uploads\/2018\/03\/klic-po-ljubezni_klara-jasna.jpg\",\"datePublished\":\"2014-05-23T08:00:37+00:00\",\"dateModified\":\"2018-08-23T11:23:32+00:00\",\"breadcrumb\":{\"@id\":\"https:\/\/www.salve.si\/trgovina\/knjige\/poezija\/klic-po-ljubezni\/#breadcrumb\"},\"inLanguage\":\"en-US\",\"potentialAction\":[{\"@type\":\"ReadAction\",\"target\":[\"https:\/\/www.salve.si\/trgovina\/knjige\/poezija\/klic-po-ljubezni\/\"]}]},{\"@type\":\"ImageObject\",\"inLanguage\":\"en-US\",\"@id\":\"https:\/\/www.salve.si\/trgovina\/knjige\/poezija\/klic-po-ljubezni\/#primaryimage\",\"url\":\"https:\/\/www.salve.si\/wp-content\/uploads\/2018\/03\/klic-po-ljubezni_klara-jasna.jpg\",\"contentUrl\":\"https:\/\/www.salve.si\/wp-content\/uploads\/2018\/03\/klic-po-ljubezni_klara-jasna.jpg\",\"width\":1437,\"height\":2457},{\"@type\":\"BreadcrumbList\",\"@id\":\"https:\/\/www.salve.si\/trgovina\/knjige\/poezija\/klic-po-ljubezni\/#breadcrumb\",\"itemListElement\":[{\"@type\":\"ListItem\",\"position\":1,\"name\":\"Home\",\"item\":\"https:\/\/www.salve.si\/\"},{\"@type\":\"ListItem\",\"position\":2,\"name\":\"Trgovina\",\"item\":\"https:\/\/www.salve.si\/trgovina\/\"},{\"@type\":\"ListItem\",\"position\":3,\"name\":\"Klic po Ljubezni\"}]},{\"@type\":\"WebSite\",\"@id\":\"https:\/\/www.salve.si\/#website\",\"url\":\"https:\/\/www.salve.si\/\",\"name\":\"Salve\",\"description\":\"Salezijanska zalo\u017eba\",\"publisher\":{\"@id\":\"https:\/\/www.salve.si\/#organization\"},\"potentialAction\":[{\"@type\":\"SearchAction\",\"target\":{\"@type\":\"EntryPoint\",\"urlTemplate\":\"https:\/\/www.salve.si\/?s={search_term_string}\"},\"query-input\":{\"@type\":\"PropertyValueSpecification\",\"valueRequired\":true,\"valueName\":\"search_term_string\"}}],\"inLanguage\":\"en-US\"},{\"@type\":\"Organization\",\"@id\":\"https:\/\/www.salve.si\/#organization\",\"name\":\"Salve d.o.o.\",\"url\":\"https:\/\/www.salve.si\/\",\"logo\":{\"@type\":\"ImageObject\",\"inLanguage\":\"en-US\",\"@id\":\"https:\/\/www.salve.si\/#\/schema\/logo\/image\/\",\"url\":\"https:\/\/www.salve.si\/wp-content\/uploads\/2021\/01\/Salve_logo_modri_nov_web.png\",\"contentUrl\":\"https:\/\/www.salve.si\/wp-content\/uploads\/2021\/01\/Salve_logo_modri_nov_web.png\",\"width\":279,\"height\":90,\"caption\":\"Salve d.o.o.\"},\"image\":{\"@id\":\"https:\/\/www.salve.si\/#\/schema\/logo\/image\/\"},\"sameAs\":[\"https:\/\/www.facebook.com\/salve.si\",\"https:\/\/www.instagram.com\/zalozbasalve\/\",\"https:\/\/www.linkedin.com\/company\/zalozba-salve\/\"]}]}<\/script>\n<!-- \/ Yoast SEO plugin. -->","yoast_head_json":{"title":"Klic po Ljubezni - Salve","robots":{"index":"index","follow":"follow","max-snippet":"max-snippet:-1","max-image-preview":"max-image-preview:large","max-video-preview":"max-video-preview:-1"},"canonical":"https:\/\/www.salve.si\/en\/trgovina\/knjige\/poezija\/klic-po-ljubezni\/","og_locale":"en_US","og_type":"article","og_title":"Klic po Ljubezni - Salve","og_description":"Pesni\u0161ka zbirka Klare Jasne je njen prvenec. Naj ogreje bralce, jih notranje bogati in da slutnjo Bo\u017eje ljubezni \u2026","og_url":"https:\/\/www.salve.si\/en\/trgovina\/knjige\/poezija\/klic-po-ljubezni\/","og_site_name":"Salve","article_publisher":"https:\/\/www.facebook.com\/salve.si","article_modified_time":"2018-08-23T11:23:32+00:00","og_image":[{"width":1437,"height":2457,"url":"https:\/\/www.salve.si\/wp-content\/uploads\/2018\/03\/klic-po-ljubezni_klara-jasna.jpg","type":"image\/jpeg"}],"twitter_card":"summary_large_image","twitter_misc":{"Est. reading time":"1 minute"},"schema":{"@context":"https:\/\/schema.org","@graph":[{"@type":"WebPage","@id":"https:\/\/www.salve.si\/trgovina\/knjige\/poezija\/klic-po-ljubezni\/","url":"https:\/\/www.salve.si\/trgovina\/knjige\/poezija\/klic-po-ljubezni\/","name":"Klic po Ljubezni - Salve","isPartOf":{"@id":"https:\/\/www.salve.si\/#website"},"primaryImageOfPage":{"@id":"https:\/\/www.salve.si\/trgovina\/knjige\/poezija\/klic-po-ljubezni\/#primaryimage"},"image":{"@id":"https:\/\/www.salve.si\/trgovina\/knjige\/poezija\/klic-po-ljubezni\/#primaryimage"},"thumbnailUrl":"https:\/\/www.salve.si\/wp-content\/uploads\/2018\/03\/klic-po-ljubezni_klara-jasna.jpg","datePublished":"2014-05-23T08:00:37+00:00","dateModified":"2018-08-23T11:23:32+00:00","breadcrumb":{"@id":"https:\/\/www.salve.si\/trgovina\/knjige\/poezija\/klic-po-ljubezni\/#breadcrumb"},"inLanguage":"en-US","potentialAction":[{"@type":"ReadAction","target":["https:\/\/www.salve.si\/trgovina\/knjige\/poezija\/klic-po-ljubezni\/"]}]},{"@type":"ImageObject","inLanguage":"en-US","@id":"https:\/\/www.salve.si\/trgovina\/knjige\/poezija\/klic-po-ljubezni\/#primaryimage","url":"https:\/\/www.salve.si\/wp-content\/uploads\/2018\/03\/klic-po-ljubezni_klara-jasna.jpg","contentUrl":"https:\/\/www.salve.si\/wp-content\/uploads\/2018\/03\/klic-po-ljubezni_klara-jasna.jpg","width":1437,"height":2457},{"@type":"BreadcrumbList","@id":"https:\/\/www.salve.si\/trgovina\/knjige\/poezija\/klic-po-ljubezni\/#breadcrumb","itemListElement":[{"@type":"ListItem","position":1,"name":"Home","item":"https:\/\/www.salve.si\/"},{"@type":"ListItem","position":2,"name":"Trgovina","item":"https:\/\/www.salve.si\/trgovina\/"},{"@type":"ListItem","position":3,"name":"Klic po Ljubezni"}]},{"@type":"WebSite","@id":"https:\/\/www.salve.si\/#website","url":"https:\/\/www.salve.si\/","name":"Salve","description":"Salezijanska zalo\u017eba","publisher":{"@id":"https:\/\/www.salve.si\/#organization"},"potentialAction":[{"@type":"SearchAction","target":{"@type":"EntryPoint","urlTemplate":"https:\/\/www.salve.si\/?s={search_term_string}"},"query-input":{"@type":"PropertyValueSpecification","valueRequired":true,"valueName":"search_term_string"}}],"inLanguage":"en-US"},{"@type":"Organization","@id":"https:\/\/www.salve.si\/#organization","name":"Salve d.o.o.","url":"https:\/\/www.salve.si\/","logo":{"@type":"ImageObject","inLanguage":"en-US","@id":"https:\/\/www.salve.si\/#\/schema\/logo\/image\/","url":"https:\/\/www.salve.si\/wp-content\/uploads\/2021\/01\/Salve_logo_modri_nov_web.png","contentUrl":"https:\/\/www.salve.si\/wp-content\/uploads\/2021\/01\/Salve_logo_modri_nov_web.png","width":279,"height":90,"caption":"Salve d.o.o."},"image":{"@id":"https:\/\/www.salve.si\/#\/schema\/logo\/image\/"},"sameAs":["https:\/\/www.facebook.com\/salve.si","https:\/\/www.instagram.com\/zalozbasalve\/","https:\/\/www.linkedin.com\/company\/zalozba-salve\/"]}]}},"_links":{"self":[{"href":"https:\/\/www.salve.si\/en\/wp-json\/wp\/v2\/product\/2931","targetHints":{"allow":["GET"]}}],"collection":[{"href":"https:\/\/www.salve.si\/en\/wp-json\/wp\/v2\/product"}],"about":[{"href":"https:\/\/www.salve.si\/en\/wp-json\/wp\/v2\/types\/product"}],"version-history":[{"count":0,"href":"https:\/\/www.salve.si\/en\/wp-json\/wp\/v2\/product\/2931\/revisions"}],"wp:featuredmedia":[{"embeddable":true,"href":"https:\/\/www.salve.si\/en\/wp-json\/wp\/v2\/media\/2932"}],"wp:attachment":[{"href":"https:\/\/www.salve.si\/en\/wp-json\/wp\/v2\/media?parent=2931"}],"wp:term":[{"taxonomy":"product_cat","embeddable":true,"href":"https:\/\/www.salve.si\/en\/wp-json\/wp\/v2\/product_cat?post=2931"},{"taxonomy":"product_tag","embeddable":true,"href":"https:\/\/www.salve.si\/en\/wp-json\/wp\/v2\/product_tag?post=2931"}],"curies":[{"name":"wp","href":"https:\/\/api.w.org\/{rel}","templated":true}]}}