{"id":2921,"date":"2014-03-31T10:00:49","date_gmt":"2014-03-31T08:00:49","guid":{"rendered":"http:\/\/2018.salve.si\/?post_type=product&#038;p=2921"},"modified":"2024-01-01T23:00:40","modified_gmt":"2024-01-01T22:00:40","slug":"igra-je-zakon","status":"publish","type":"product","link":"https:\/\/www.salve.si\/en\/trgovina\/knjige\/prirocniki\/igra-je-zakon\/","title":{"rendered":"Igra je zakon!"},"content":{"rendered":"<p>Komu se niso vtisnile v spomin brezskrbne urice igranja na igri\u0161\u010du s prijatelji, z brati in s sestrami, s so\u0161olci &#8230; Kdo ni bil opraskan ali ni dobil kak\u0161ne bu\u0161ke pri skakanju po travniku, v gozdu ali na igri\u0161\u010du. Pa vendar je \u017eelja in potreba otroka po igri mo\u010dnej\u0161a od zunanjih dejavnikov. Otrok ima potrebo po igri in pri tem po gibanju ter dru\u017eenju s sovrstniki, kjer je lahko resni\u010dno spontan, ustvarjalen in svoboden.<\/p>\n<p>Igre so preproste in ne zahtevajo veliko pripomo\u010dkov ali \u010dasa za pripravo. V ospredju je igra in ne tehnika.<\/p>\n<p>Naj bo igra zakon, ki dru\u017ei mlade in stare, kjer se vsi po\u010dutimo dobro in smo med seboj prijatelji.<br \/>\n(Ga\u0161per M. Otrin)<\/p>\n<p><span class=\"slv-content-keywords\"> Priro\u010dniki Animator Igrajmo se 226 iger za otroke, mlade in skupine C\u00e9sar Lo Monaco in arhiv salezijanskih programov <\/span><\/p>","protected":false},"excerpt":{"rendered":"<p>Knjiga Igra je zakon! je namenjena voditeljem, u\u010diteljem, star\u0161em, animatorjem in drugim, ki se \u017eelijo preko igre pribli\u017eati svetu otrok in mladih, jih spoznati v njihovi spro\u0161\u010denosti in nravnosti ter se igrati z njimi. Na\u0161li boste razvedrilne in tekmovalne, zunanje in notranje igre, igre za pare, za ve\u010dje in manj\u0161e skupine.<\/p>","protected":false},"featured_media":2922,"template":"","meta":{"_acf_changed":false,"footnotes":""},"product_cat":[316],"product_tag":[661],"class_list":{"0":"post-2921","1":"product","2":"type-product","3":"status-publish","4":"has-post-thumbnail","6":"zbirke-animator","7":"publisher-salve-d-o-o-ljubljana","8":"product_cat-prirocniki","9":"product_tag-igre","11":"first","12":"instock","13":"shipping-taxable","14":"purchasable","15":"product-type-simple"},"acf":[],"yoast_head":"<!-- This site is optimized with the Yoast SEO plugin v23.8 - https:\/\/yoast.com\/wordpress\/plugins\/seo\/ -->\n<title>Igra je zakon! - Salve<\/title>\n<meta name=\"robots\" content=\"index, follow, max-snippet:-1, max-image-preview:large, max-video-preview:-1\" \/>\n<link rel=\"canonical\" href=\"https:\/\/www.salve.si\/en\/trgovina\/knjige\/prirocniki\/igra-je-zakon\/\" \/>\n<meta property=\"og:locale\" content=\"en_US\" \/>\n<meta property=\"og:type\" content=\"article\" \/>\n<meta property=\"og:title\" content=\"Igra je zakon! - Salve\" \/>\n<meta property=\"og:description\" content=\"Knjiga Igra je zakon! je namenjena voditeljem, u\u010diteljem, star\u0161em, animatorjem in drugim, ki se \u017eelijo preko igre pribli\u017eati svetu otrok in mladih, jih spoznati v njihovi spro\u0161\u010denosti in nravnosti ter se igrati z njimi. Na\u0161li boste razvedrilne in tekmovalne, zunanje in notranje igre, igre za pare, za ve\u010dje in manj\u0161e skupine.\" \/>\n<meta property=\"og:url\" content=\"https:\/\/www.salve.si\/en\/trgovina\/knjige\/prirocniki\/igra-je-zakon\/\" \/>\n<meta property=\"og:site_name\" content=\"Salve\" \/>\n<meta property=\"article:publisher\" content=\"https:\/\/www.facebook.com\/salve.si\" \/>\n<meta property=\"article:modified_time\" content=\"2024-01-01T22:00:40+00:00\" \/>\n<meta property=\"og:image\" content=\"https:\/\/www.salve.si\/wp-content\/uploads\/2018\/03\/igra-je-zakon.jpg\" \/>\n\t<meta property=\"og:image:width\" content=\"800\" \/>\n\t<meta property=\"og:image:height\" content=\"1360\" \/>\n\t<meta property=\"og:image:type\" content=\"image\/jpeg\" \/>\n<meta name=\"twitter:card\" content=\"summary_large_image\" \/>\n<meta name=\"twitter:label1\" content=\"Est. reading time\" \/>\n\t<meta name=\"twitter:data1\" content=\"1 minute\" \/>\n<script type=\"application\/ld+json\" class=\"yoast-schema-graph\">{\"@context\":\"https:\/\/schema.org\",\"@graph\":[{\"@type\":\"WebPage\",\"@id\":\"https:\/\/www.salve.si\/trgovina\/knjige\/prirocniki\/igra-je-zakon\/\",\"url\":\"https:\/\/www.salve.si\/trgovina\/knjige\/prirocniki\/igra-je-zakon\/\",\"name\":\"Igra je zakon! - Salve\",\"isPartOf\":{\"@id\":\"https:\/\/www.salve.si\/#website\"},\"primaryImageOfPage\":{\"@id\":\"https:\/\/www.salve.si\/trgovina\/knjige\/prirocniki\/igra-je-zakon\/#primaryimage\"},\"image\":{\"@id\":\"https:\/\/www.salve.si\/trgovina\/knjige\/prirocniki\/igra-je-zakon\/#primaryimage\"},\"thumbnailUrl\":\"https:\/\/www.salve.si\/wp-content\/uploads\/2018\/03\/igra-je-zakon.jpg\",\"datePublished\":\"2014-03-31T08:00:49+00:00\",\"dateModified\":\"2024-01-01T22:00:40+00:00\",\"breadcrumb\":{\"@id\":\"https:\/\/www.salve.si\/trgovina\/knjige\/prirocniki\/igra-je-zakon\/#breadcrumb\"},\"inLanguage\":\"en-US\",\"potentialAction\":[{\"@type\":\"ReadAction\",\"target\":[\"https:\/\/www.salve.si\/trgovina\/knjige\/prirocniki\/igra-je-zakon\/\"]}]},{\"@type\":\"ImageObject\",\"inLanguage\":\"en-US\",\"@id\":\"https:\/\/www.salve.si\/trgovina\/knjige\/prirocniki\/igra-je-zakon\/#primaryimage\",\"url\":\"https:\/\/www.salve.si\/wp-content\/uploads\/2018\/03\/igra-je-zakon.jpg\",\"contentUrl\":\"https:\/\/www.salve.si\/wp-content\/uploads\/2018\/03\/igra-je-zakon.jpg\",\"width\":800,\"height\":1360},{\"@type\":\"BreadcrumbList\",\"@id\":\"https:\/\/www.salve.si\/trgovina\/knjige\/prirocniki\/igra-je-zakon\/#breadcrumb\",\"itemListElement\":[{\"@type\":\"ListItem\",\"position\":1,\"name\":\"Home\",\"item\":\"https:\/\/www.salve.si\/\"},{\"@type\":\"ListItem\",\"position\":2,\"name\":\"Trgovina\",\"item\":\"https:\/\/www.salve.si\/trgovina\/\"},{\"@type\":\"ListItem\",\"position\":3,\"name\":\"Igra je zakon!\"}]},{\"@type\":\"WebSite\",\"@id\":\"https:\/\/www.salve.si\/#website\",\"url\":\"https:\/\/www.salve.si\/\",\"name\":\"Salve\",\"description\":\"Salezijanska zalo\u017eba\",\"publisher\":{\"@id\":\"https:\/\/www.salve.si\/#organization\"},\"potentialAction\":[{\"@type\":\"SearchAction\",\"target\":{\"@type\":\"EntryPoint\",\"urlTemplate\":\"https:\/\/www.salve.si\/?s={search_term_string}\"},\"query-input\":{\"@type\":\"PropertyValueSpecification\",\"valueRequired\":true,\"valueName\":\"search_term_string\"}}],\"inLanguage\":\"en-US\"},{\"@type\":\"Organization\",\"@id\":\"https:\/\/www.salve.si\/#organization\",\"name\":\"Salve d.o.o.\",\"url\":\"https:\/\/www.salve.si\/\",\"logo\":{\"@type\":\"ImageObject\",\"inLanguage\":\"en-US\",\"@id\":\"https:\/\/www.salve.si\/#\/schema\/logo\/image\/\",\"url\":\"https:\/\/www.salve.si\/wp-content\/uploads\/2021\/01\/Salve_logo_modri_nov_web.png\",\"contentUrl\":\"https:\/\/www.salve.si\/wp-content\/uploads\/2021\/01\/Salve_logo_modri_nov_web.png\",\"width\":279,\"height\":90,\"caption\":\"Salve d.o.o.\"},\"image\":{\"@id\":\"https:\/\/www.salve.si\/#\/schema\/logo\/image\/\"},\"sameAs\":[\"https:\/\/www.facebook.com\/salve.si\",\"https:\/\/www.instagram.com\/zalozbasalve\/\",\"https:\/\/www.linkedin.com\/company\/zalozba-salve\/\"]}]}<\/script>\n<!-- \/ Yoast SEO plugin. -->","yoast_head_json":{"title":"Igra je zakon! - Salve","robots":{"index":"index","follow":"follow","max-snippet":"max-snippet:-1","max-image-preview":"max-image-preview:large","max-video-preview":"max-video-preview:-1"},"canonical":"https:\/\/www.salve.si\/en\/trgovina\/knjige\/prirocniki\/igra-je-zakon\/","og_locale":"en_US","og_type":"article","og_title":"Igra je zakon! - Salve","og_description":"Knjiga Igra je zakon! je namenjena voditeljem, u\u010diteljem, star\u0161em, animatorjem in drugim, ki se \u017eelijo preko igre pribli\u017eati svetu otrok in mladih, jih spoznati v njihovi spro\u0161\u010denosti in nravnosti ter se igrati z njimi. Na\u0161li boste razvedrilne in tekmovalne, zunanje in notranje igre, igre za pare, za ve\u010dje in manj\u0161e skupine.","og_url":"https:\/\/www.salve.si\/en\/trgovina\/knjige\/prirocniki\/igra-je-zakon\/","og_site_name":"Salve","article_publisher":"https:\/\/www.facebook.com\/salve.si","article_modified_time":"2024-01-01T22:00:40+00:00","og_image":[{"width":800,"height":1360,"url":"https:\/\/www.salve.si\/wp-content\/uploads\/2018\/03\/igra-je-zakon.jpg","type":"image\/jpeg"}],"twitter_card":"summary_large_image","twitter_misc":{"Est. reading time":"1 minute"},"schema":{"@context":"https:\/\/schema.org","@graph":[{"@type":"WebPage","@id":"https:\/\/www.salve.si\/trgovina\/knjige\/prirocniki\/igra-je-zakon\/","url":"https:\/\/www.salve.si\/trgovina\/knjige\/prirocniki\/igra-je-zakon\/","name":"Igra je zakon! - Salve","isPartOf":{"@id":"https:\/\/www.salve.si\/#website"},"primaryImageOfPage":{"@id":"https:\/\/www.salve.si\/trgovina\/knjige\/prirocniki\/igra-je-zakon\/#primaryimage"},"image":{"@id":"https:\/\/www.salve.si\/trgovina\/knjige\/prirocniki\/igra-je-zakon\/#primaryimage"},"thumbnailUrl":"https:\/\/www.salve.si\/wp-content\/uploads\/2018\/03\/igra-je-zakon.jpg","datePublished":"2014-03-31T08:00:49+00:00","dateModified":"2024-01-01T22:00:40+00:00","breadcrumb":{"@id":"https:\/\/www.salve.si\/trgovina\/knjige\/prirocniki\/igra-je-zakon\/#breadcrumb"},"inLanguage":"en-US","potentialAction":[{"@type":"ReadAction","target":["https:\/\/www.salve.si\/trgovina\/knjige\/prirocniki\/igra-je-zakon\/"]}]},{"@type":"ImageObject","inLanguage":"en-US","@id":"https:\/\/www.salve.si\/trgovina\/knjige\/prirocniki\/igra-je-zakon\/#primaryimage","url":"https:\/\/www.salve.si\/wp-content\/uploads\/2018\/03\/igra-je-zakon.jpg","contentUrl":"https:\/\/www.salve.si\/wp-content\/uploads\/2018\/03\/igra-je-zakon.jpg","width":800,"height":1360},{"@type":"BreadcrumbList","@id":"https:\/\/www.salve.si\/trgovina\/knjige\/prirocniki\/igra-je-zakon\/#breadcrumb","itemListElement":[{"@type":"ListItem","position":1,"name":"Home","item":"https:\/\/www.salve.si\/"},{"@type":"ListItem","position":2,"name":"Trgovina","item":"https:\/\/www.salve.si\/trgovina\/"},{"@type":"ListItem","position":3,"name":"Igra je zakon!"}]},{"@type":"WebSite","@id":"https:\/\/www.salve.si\/#website","url":"https:\/\/www.salve.si\/","name":"Salve","description":"Salezijanska zalo\u017eba","publisher":{"@id":"https:\/\/www.salve.si\/#organization"},"potentialAction":[{"@type":"SearchAction","target":{"@type":"EntryPoint","urlTemplate":"https:\/\/www.salve.si\/?s={search_term_string}"},"query-input":{"@type":"PropertyValueSpecification","valueRequired":true,"valueName":"search_term_string"}}],"inLanguage":"en-US"},{"@type":"Organization","@id":"https:\/\/www.salve.si\/#organization","name":"Salve d.o.o.","url":"https:\/\/www.salve.si\/","logo":{"@type":"ImageObject","inLanguage":"en-US","@id":"https:\/\/www.salve.si\/#\/schema\/logo\/image\/","url":"https:\/\/www.salve.si\/wp-content\/uploads\/2021\/01\/Salve_logo_modri_nov_web.png","contentUrl":"https:\/\/www.salve.si\/wp-content\/uploads\/2021\/01\/Salve_logo_modri_nov_web.png","width":279,"height":90,"caption":"Salve d.o.o."},"image":{"@id":"https:\/\/www.salve.si\/#\/schema\/logo\/image\/"},"sameAs":["https:\/\/www.facebook.com\/salve.si","https:\/\/www.instagram.com\/zalozbasalve\/","https:\/\/www.linkedin.com\/company\/zalozba-salve\/"]}]}},"_links":{"self":[{"href":"https:\/\/www.salve.si\/en\/wp-json\/wp\/v2\/product\/2921","targetHints":{"allow":["GET"]}}],"collection":[{"href":"https:\/\/www.salve.si\/en\/wp-json\/wp\/v2\/product"}],"about":[{"href":"https:\/\/www.salve.si\/en\/wp-json\/wp\/v2\/types\/product"}],"version-history":[{"count":1,"href":"https:\/\/www.salve.si\/en\/wp-json\/wp\/v2\/product\/2921\/revisions"}],"predecessor-version":[{"id":5659,"href":"https:\/\/www.salve.si\/en\/wp-json\/wp\/v2\/product\/2921\/revisions\/5659"}],"wp:featuredmedia":[{"embeddable":true,"href":"https:\/\/www.salve.si\/en\/wp-json\/wp\/v2\/media\/2922"}],"wp:attachment":[{"href":"https:\/\/www.salve.si\/en\/wp-json\/wp\/v2\/media?parent=2921"}],"wp:term":[{"taxonomy":"product_cat","embeddable":true,"href":"https:\/\/www.salve.si\/en\/wp-json\/wp\/v2\/product_cat?post=2921"},{"taxonomy":"product_tag","embeddable":true,"href":"https:\/\/www.salve.si\/en\/wp-json\/wp\/v2\/product_tag?post=2921"}],"curies":[{"name":"wp","href":"https:\/\/api.w.org\/{rel}","templated":true}]}}