{"id":2916,"date":"2014-03-19T10:00:29","date_gmt":"2014-03-19T09:00:29","guid":{"rendered":"http:\/\/2018.salve.si\/?post_type=product&#038;p=2916"},"modified":"2018-08-23T13:25:05","modified_gmt":"2018-08-23T11:25:05","slug":"z-marijinim-srcem-na-krizevem-potu","status":"publish","type":"product","link":"https:\/\/www.salve.si\/en\/trgovina\/knjige\/molitveniki\/z-marijinim-srcem-na-krizevem-potu\/","title":{"rendered":"Z Marijinim Srcem na kri\u017eevem potu"},"content":{"rendered":"<p>Pri molitvi kri\u017eevega pota podo\u017eivljamo Kristusovo (v zvezi z njim pa tudi Marijino) trpljenje od Pilatove smrtne obsodbe pa do smrti na kri\u017eu in polo\u017eitve v grob &#8230;<\/p>\n<p>Premi\u0161ljevanje in podo\u017eivljanje Jezusovega trpljenja nam zelo pomaga na poti do svetosti. To je poljski svetnici Favstini Kowalski nazorno razodel Jezus sam: &#8220;Ena ura premi\u0161ljevanja o mojem bridkem trpljenju je ve\u010dje zaslu\u017eenje kakor pa celo leto bi\u010danja do krvi&#8221; (Dnevnik, \u0161t. 369). Ko molimo kri\u017eev pot, se poglabljamo v Gospodovo neizmerno ljubezen do nas in smo te ljubezni tudi dele\u017eni v obilni meri.<br \/>\n(Anton Nadrah)<span class=\"slv-content-keywords\"> Anton Nadrah Molitveniki Kri\u017eev pot <\/span><\/p>","protected":false},"excerpt":{"rendered":"<p>Kri\u017eev pot lahko molimo tudi z Materjo Marijo.<\/p>\n<p>V knji\u017eici je odobreno besedilo p. Anotna Nadraha, ki ga dodatno bogatijo \u010cema\u017earjeve upodobitve iz Marijine cerkve na Pragerskem.<\/p>","protected":false},"featured_media":2917,"template":"","meta":{"_acf_changed":false,"footnotes":""},"product_cat":[636],"product_tag":[633],"class_list":{"0":"post-2916","1":"product","2":"type-product","3":"status-publish","4":"has-post-thumbnail","6":"authors-anton-nadrah","7":"publisher-salve-d-o-o-ljubljana","8":"product_cat-molitveniki","9":"product_tag-krizev-pot","11":"first","12":"instock","13":"shipping-taxable","14":"purchasable","15":"product-type-simple"},"acf":[],"yoast_head":"<!-- This site is optimized with the Yoast SEO plugin v23.8 - https:\/\/yoast.com\/wordpress\/plugins\/seo\/ -->\n<title>Z Marijinim Srcem na kri\u017eevem potu - Salve<\/title>\n<meta name=\"robots\" content=\"index, follow, max-snippet:-1, max-image-preview:large, max-video-preview:-1\" \/>\n<link rel=\"canonical\" href=\"https:\/\/www.salve.si\/en\/trgovina\/knjige\/molitveniki\/z-marijinim-srcem-na-krizevem-potu\/\" \/>\n<meta property=\"og:locale\" content=\"en_US\" \/>\n<meta property=\"og:type\" content=\"article\" \/>\n<meta property=\"og:title\" content=\"Z Marijinim Srcem na kri\u017eevem potu - Salve\" \/>\n<meta property=\"og:description\" content=\"Kri\u017eev pot lahko molimo tudi z Materjo Marijo.  V knji\u017eici je odobreno besedilo p. Anotna Nadraha, ki ga dodatno bogatijo \u010cema\u017earjeve upodobitve iz Marijine cerkve na Pragerskem.\" \/>\n<meta property=\"og:url\" content=\"https:\/\/www.salve.si\/en\/trgovina\/knjige\/molitveniki\/z-marijinim-srcem-na-krizevem-potu\/\" \/>\n<meta property=\"og:site_name\" content=\"Salve\" \/>\n<meta property=\"article:publisher\" content=\"https:\/\/www.facebook.com\/salve.si\" \/>\n<meta property=\"article:modified_time\" content=\"2018-08-23T11:25:05+00:00\" \/>\n<meta property=\"og:image\" content=\"https:\/\/www.salve.si\/wp-content\/uploads\/2018\/03\/z-marijinim-srcem-na-krizevem-potu_a-nadrah.jpg\" \/>\n\t<meta property=\"og:image:width\" content=\"1341\" \/>\n\t<meta property=\"og:image:height\" content=\"1895\" \/>\n\t<meta property=\"og:image:type\" content=\"image\/jpeg\" \/>\n<meta name=\"twitter:card\" content=\"summary_large_image\" \/>\n<meta name=\"twitter:label1\" content=\"Est. reading time\" \/>\n\t<meta name=\"twitter:data1\" content=\"1 minute\" \/>\n<script type=\"application\/ld+json\" class=\"yoast-schema-graph\">{\"@context\":\"https:\/\/schema.org\",\"@graph\":[{\"@type\":\"WebPage\",\"@id\":\"https:\/\/www.salve.si\/trgovina\/knjige\/molitveniki\/z-marijinim-srcem-na-krizevem-potu\/\",\"url\":\"https:\/\/www.salve.si\/trgovina\/knjige\/molitveniki\/z-marijinim-srcem-na-krizevem-potu\/\",\"name\":\"Z Marijinim Srcem na kri\u017eevem potu - Salve\",\"isPartOf\":{\"@id\":\"https:\/\/www.salve.si\/#website\"},\"primaryImageOfPage\":{\"@id\":\"https:\/\/www.salve.si\/trgovina\/knjige\/molitveniki\/z-marijinim-srcem-na-krizevem-potu\/#primaryimage\"},\"image\":{\"@id\":\"https:\/\/www.salve.si\/trgovina\/knjige\/molitveniki\/z-marijinim-srcem-na-krizevem-potu\/#primaryimage\"},\"thumbnailUrl\":\"https:\/\/www.salve.si\/wp-content\/uploads\/2018\/03\/z-marijinim-srcem-na-krizevem-potu_a-nadrah.jpg\",\"datePublished\":\"2014-03-19T09:00:29+00:00\",\"dateModified\":\"2018-08-23T11:25:05+00:00\",\"breadcrumb\":{\"@id\":\"https:\/\/www.salve.si\/trgovina\/knjige\/molitveniki\/z-marijinim-srcem-na-krizevem-potu\/#breadcrumb\"},\"inLanguage\":\"en-US\",\"potentialAction\":[{\"@type\":\"ReadAction\",\"target\":[\"https:\/\/www.salve.si\/trgovina\/knjige\/molitveniki\/z-marijinim-srcem-na-krizevem-potu\/\"]}]},{\"@type\":\"ImageObject\",\"inLanguage\":\"en-US\",\"@id\":\"https:\/\/www.salve.si\/trgovina\/knjige\/molitveniki\/z-marijinim-srcem-na-krizevem-potu\/#primaryimage\",\"url\":\"https:\/\/www.salve.si\/wp-content\/uploads\/2018\/03\/z-marijinim-srcem-na-krizevem-potu_a-nadrah.jpg\",\"contentUrl\":\"https:\/\/www.salve.si\/wp-content\/uploads\/2018\/03\/z-marijinim-srcem-na-krizevem-potu_a-nadrah.jpg\",\"width\":1341,\"height\":1895},{\"@type\":\"BreadcrumbList\",\"@id\":\"https:\/\/www.salve.si\/trgovina\/knjige\/molitveniki\/z-marijinim-srcem-na-krizevem-potu\/#breadcrumb\",\"itemListElement\":[{\"@type\":\"ListItem\",\"position\":1,\"name\":\"Home\",\"item\":\"https:\/\/www.salve.si\/\"},{\"@type\":\"ListItem\",\"position\":2,\"name\":\"Trgovina\",\"item\":\"https:\/\/www.salve.si\/trgovina\/\"},{\"@type\":\"ListItem\",\"position\":3,\"name\":\"Z Marijinim Srcem na kri\u017eevem potu\"}]},{\"@type\":\"WebSite\",\"@id\":\"https:\/\/www.salve.si\/#website\",\"url\":\"https:\/\/www.salve.si\/\",\"name\":\"Salve\",\"description\":\"Salezijanska zalo\u017eba\",\"publisher\":{\"@id\":\"https:\/\/www.salve.si\/#organization\"},\"potentialAction\":[{\"@type\":\"SearchAction\",\"target\":{\"@type\":\"EntryPoint\",\"urlTemplate\":\"https:\/\/www.salve.si\/?s={search_term_string}\"},\"query-input\":{\"@type\":\"PropertyValueSpecification\",\"valueRequired\":true,\"valueName\":\"search_term_string\"}}],\"inLanguage\":\"en-US\"},{\"@type\":\"Organization\",\"@id\":\"https:\/\/www.salve.si\/#organization\",\"name\":\"Salve d.o.o.\",\"url\":\"https:\/\/www.salve.si\/\",\"logo\":{\"@type\":\"ImageObject\",\"inLanguage\":\"en-US\",\"@id\":\"https:\/\/www.salve.si\/#\/schema\/logo\/image\/\",\"url\":\"https:\/\/www.salve.si\/wp-content\/uploads\/2021\/01\/Salve_logo_modri_nov_web.png\",\"contentUrl\":\"https:\/\/www.salve.si\/wp-content\/uploads\/2021\/01\/Salve_logo_modri_nov_web.png\",\"width\":279,\"height\":90,\"caption\":\"Salve d.o.o.\"},\"image\":{\"@id\":\"https:\/\/www.salve.si\/#\/schema\/logo\/image\/\"},\"sameAs\":[\"https:\/\/www.facebook.com\/salve.si\",\"https:\/\/www.instagram.com\/zalozbasalve\/\",\"https:\/\/www.linkedin.com\/company\/zalozba-salve\/\"]}]}<\/script>\n<!-- \/ Yoast SEO plugin. -->","yoast_head_json":{"title":"Z Marijinim Srcem na kri\u017eevem potu - Salve","robots":{"index":"index","follow":"follow","max-snippet":"max-snippet:-1","max-image-preview":"max-image-preview:large","max-video-preview":"max-video-preview:-1"},"canonical":"https:\/\/www.salve.si\/en\/trgovina\/knjige\/molitveniki\/z-marijinim-srcem-na-krizevem-potu\/","og_locale":"en_US","og_type":"article","og_title":"Z Marijinim Srcem na kri\u017eevem potu - Salve","og_description":"Kri\u017eev pot lahko molimo tudi z Materjo Marijo.  V knji\u017eici je odobreno besedilo p. Anotna Nadraha, ki ga dodatno bogatijo \u010cema\u017earjeve upodobitve iz Marijine cerkve na Pragerskem.","og_url":"https:\/\/www.salve.si\/en\/trgovina\/knjige\/molitveniki\/z-marijinim-srcem-na-krizevem-potu\/","og_site_name":"Salve","article_publisher":"https:\/\/www.facebook.com\/salve.si","article_modified_time":"2018-08-23T11:25:05+00:00","og_image":[{"width":1341,"height":1895,"url":"https:\/\/www.salve.si\/wp-content\/uploads\/2018\/03\/z-marijinim-srcem-na-krizevem-potu_a-nadrah.jpg","type":"image\/jpeg"}],"twitter_card":"summary_large_image","twitter_misc":{"Est. reading time":"1 minute"},"schema":{"@context":"https:\/\/schema.org","@graph":[{"@type":"WebPage","@id":"https:\/\/www.salve.si\/trgovina\/knjige\/molitveniki\/z-marijinim-srcem-na-krizevem-potu\/","url":"https:\/\/www.salve.si\/trgovina\/knjige\/molitveniki\/z-marijinim-srcem-na-krizevem-potu\/","name":"Z Marijinim Srcem na kri\u017eevem potu - Salve","isPartOf":{"@id":"https:\/\/www.salve.si\/#website"},"primaryImageOfPage":{"@id":"https:\/\/www.salve.si\/trgovina\/knjige\/molitveniki\/z-marijinim-srcem-na-krizevem-potu\/#primaryimage"},"image":{"@id":"https:\/\/www.salve.si\/trgovina\/knjige\/molitveniki\/z-marijinim-srcem-na-krizevem-potu\/#primaryimage"},"thumbnailUrl":"https:\/\/www.salve.si\/wp-content\/uploads\/2018\/03\/z-marijinim-srcem-na-krizevem-potu_a-nadrah.jpg","datePublished":"2014-03-19T09:00:29+00:00","dateModified":"2018-08-23T11:25:05+00:00","breadcrumb":{"@id":"https:\/\/www.salve.si\/trgovina\/knjige\/molitveniki\/z-marijinim-srcem-na-krizevem-potu\/#breadcrumb"},"inLanguage":"en-US","potentialAction":[{"@type":"ReadAction","target":["https:\/\/www.salve.si\/trgovina\/knjige\/molitveniki\/z-marijinim-srcem-na-krizevem-potu\/"]}]},{"@type":"ImageObject","inLanguage":"en-US","@id":"https:\/\/www.salve.si\/trgovina\/knjige\/molitveniki\/z-marijinim-srcem-na-krizevem-potu\/#primaryimage","url":"https:\/\/www.salve.si\/wp-content\/uploads\/2018\/03\/z-marijinim-srcem-na-krizevem-potu_a-nadrah.jpg","contentUrl":"https:\/\/www.salve.si\/wp-content\/uploads\/2018\/03\/z-marijinim-srcem-na-krizevem-potu_a-nadrah.jpg","width":1341,"height":1895},{"@type":"BreadcrumbList","@id":"https:\/\/www.salve.si\/trgovina\/knjige\/molitveniki\/z-marijinim-srcem-na-krizevem-potu\/#breadcrumb","itemListElement":[{"@type":"ListItem","position":1,"name":"Home","item":"https:\/\/www.salve.si\/"},{"@type":"ListItem","position":2,"name":"Trgovina","item":"https:\/\/www.salve.si\/trgovina\/"},{"@type":"ListItem","position":3,"name":"Z Marijinim Srcem na kri\u017eevem potu"}]},{"@type":"WebSite","@id":"https:\/\/www.salve.si\/#website","url":"https:\/\/www.salve.si\/","name":"Salve","description":"Salezijanska zalo\u017eba","publisher":{"@id":"https:\/\/www.salve.si\/#organization"},"potentialAction":[{"@type":"SearchAction","target":{"@type":"EntryPoint","urlTemplate":"https:\/\/www.salve.si\/?s={search_term_string}"},"query-input":{"@type":"PropertyValueSpecification","valueRequired":true,"valueName":"search_term_string"}}],"inLanguage":"en-US"},{"@type":"Organization","@id":"https:\/\/www.salve.si\/#organization","name":"Salve d.o.o.","url":"https:\/\/www.salve.si\/","logo":{"@type":"ImageObject","inLanguage":"en-US","@id":"https:\/\/www.salve.si\/#\/schema\/logo\/image\/","url":"https:\/\/www.salve.si\/wp-content\/uploads\/2021\/01\/Salve_logo_modri_nov_web.png","contentUrl":"https:\/\/www.salve.si\/wp-content\/uploads\/2021\/01\/Salve_logo_modri_nov_web.png","width":279,"height":90,"caption":"Salve d.o.o."},"image":{"@id":"https:\/\/www.salve.si\/#\/schema\/logo\/image\/"},"sameAs":["https:\/\/www.facebook.com\/salve.si","https:\/\/www.instagram.com\/zalozbasalve\/","https:\/\/www.linkedin.com\/company\/zalozba-salve\/"]}]}},"_links":{"self":[{"href":"https:\/\/www.salve.si\/en\/wp-json\/wp\/v2\/product\/2916","targetHints":{"allow":["GET"]}}],"collection":[{"href":"https:\/\/www.salve.si\/en\/wp-json\/wp\/v2\/product"}],"about":[{"href":"https:\/\/www.salve.si\/en\/wp-json\/wp\/v2\/types\/product"}],"version-history":[{"count":0,"href":"https:\/\/www.salve.si\/en\/wp-json\/wp\/v2\/product\/2916\/revisions"}],"wp:featuredmedia":[{"embeddable":true,"href":"https:\/\/www.salve.si\/en\/wp-json\/wp\/v2\/media\/2917"}],"wp:attachment":[{"href":"https:\/\/www.salve.si\/en\/wp-json\/wp\/v2\/media?parent=2916"}],"wp:term":[{"taxonomy":"product_cat","embeddable":true,"href":"https:\/\/www.salve.si\/en\/wp-json\/wp\/v2\/product_cat?post=2916"},{"taxonomy":"product_tag","embeddable":true,"href":"https:\/\/www.salve.si\/en\/wp-json\/wp\/v2\/product_tag?post=2916"}],"curies":[{"name":"wp","href":"https:\/\/api.w.org\/{rel}","templated":true}]}}