{"id":2906,"date":"2014-01-27T10:00:54","date_gmt":"2014-01-27T09:00:54","guid":{"rendered":"http:\/\/2018.salve.si\/?post_type=product&#038;p=2906"},"modified":"2022-10-01T01:01:57","modified_gmt":"2022-09-30T23:01:57","slug":"fant-iz-oratorija-je-postal-papez-francisek","status":"publish","type":"product","link":"https:\/\/www.salve.si\/en\/trgovina\/knjige\/mladinske\/fant-iz-oratorija-je-postal-papez-francisek\/","title":{"rendered":"Fant iz oratorija je postal pape\u017e Fran\u010di\u0161ek"},"content":{"rendered":"<p>Pape\u017e Fran\u010di\u0161ek, po doma\u010de Jorge (italijansko Giorgio, slovensko Jurij \u2013 op. prev.) Mario Bergoglio, je od 13. marca 2013 rimski \u0161kof in pape\u017e katoli\u0161ke Cerkve. Je 266. na seznamu pape\u017eev; 8. vladar vatikanske mestne dr\u017eave; prvi pape\u017e, ki izvira iz Amerike (\u00bbskoraj s konca sveta\u00ab); prvi iz reda jezuitov; prvi pape\u017e kemijski tehnik \u2026 In prvi v mnogih drugih stvareh.<br \/>\nA predvsem je Jorge Mario Bergoglio pape\u017e, ki je takoj ob izvolitvi znal osvojiti misli in srca tudi neverujo\u010dih. Pape\u017e, ki je bil sprejet z naklonjenostjo in kot prijatelj.<br \/>\nPape\u017e, ki ga je lepo spoznati do dna.<span class=\"slv-content-keywords\"> Mladinska zbirka Enzo Bianco Avtobiografije, \u017eivljenjepisi Mladinske <\/span><\/p>","protected":false},"excerpt":{"rendered":"<p>\u017divljenje pape\u017ea Fran\u010di\u0161ka bi radi spoznali vsi. A preden bodo strokovnjaki dopolnili dolge in strokovne biografije sedanjega pape\u017ea, se v tej knji\u017eici nahaja njegov preprost in kratek \u017eivljenjepis.\u00a0 Sin italijanskega izseljenca, \u017eivahen fant iz oratorija, je odrasel v dru\u017eini, bogati v veri. Tu se je oblikovala njegova o\u010darljiva \u017eivljenjska dr\u017ea, ki osvaja svet.<\/p>","protected":false},"featured_media":2907,"template":"","meta":{"_acf_changed":false,"footnotes":""},"product_cat":[315,266],"product_tag":[],"class_list":{"0":"post-2906","1":"product","2":"type-product","3":"status-publish","4":"has-post-thumbnail","6":"zbirke-mladinska-zbirka","7":"authors-enzo-bianco","8":"publisher-salve-d-o-o-ljubljana","9":"product_cat-svetniki-in-zivljenjepisi","10":"product_cat-mladinske","12":"first","13":"outofstock","14":"shipping-taxable","15":"purchasable","16":"product-type-simple"},"acf":[],"yoast_head":"<!-- This site is optimized with the Yoast SEO plugin v23.8 - https:\/\/yoast.com\/wordpress\/plugins\/seo\/ -->\n<title>Fant iz oratorija je postal pape\u017e Fran\u010di\u0161ek - Salve<\/title>\n<meta name=\"robots\" content=\"index, follow, max-snippet:-1, max-image-preview:large, max-video-preview:-1\" \/>\n<link rel=\"canonical\" href=\"https:\/\/www.salve.si\/en\/trgovina\/knjige\/mladinske\/fant-iz-oratorija-je-postal-papez-francisek\/\" \/>\n<meta property=\"og:locale\" content=\"en_US\" \/>\n<meta property=\"og:type\" content=\"article\" \/>\n<meta property=\"og:title\" content=\"Fant iz oratorija je postal pape\u017e Fran\u010di\u0161ek - Salve\" \/>\n<meta property=\"og:description\" content=\"\u017divljenje pape\u017ea Fran\u010di\u0161ka bi radi spoznali vsi. A preden bodo strokovnjaki dopolnili dolge in strokovne biografije sedanjega pape\u017ea, se v tej knji\u017eici nahaja njegov preprost in kratek \u017eivljenjepis.\u00a0 Sin italijanskega izseljenca, \u017eivahen fant iz oratorija, je odrasel v dru\u017eini, bogati v veri. Tu se je oblikovala njegova o\u010darljiva \u017eivljenjska dr\u017ea, ki osvaja svet.\" \/>\n<meta property=\"og:url\" content=\"https:\/\/www.salve.si\/en\/trgovina\/knjige\/mladinske\/fant-iz-oratorija-je-postal-papez-francisek\/\" \/>\n<meta property=\"og:site_name\" content=\"Salve\" \/>\n<meta property=\"article:publisher\" content=\"https:\/\/www.facebook.com\/salve.si\" \/>\n<meta property=\"article:modified_time\" content=\"2022-09-30T23:01:57+00:00\" \/>\n<meta property=\"og:image\" content=\"https:\/\/www.salve.si\/wp-content\/uploads\/2018\/03\/fant-iz-oratorja-je-postal-papez-francisek.jpg\" \/>\n\t<meta property=\"og:image:width\" content=\"800\" \/>\n\t<meta property=\"og:image:height\" content=\"1439\" \/>\n\t<meta property=\"og:image:type\" content=\"image\/jpeg\" \/>\n<meta name=\"twitter:card\" content=\"summary_large_image\" \/>\n<meta name=\"twitter:label1\" content=\"Est. reading time\" \/>\n\t<meta name=\"twitter:data1\" content=\"1 minute\" \/>\n<script type=\"application\/ld+json\" class=\"yoast-schema-graph\">{\"@context\":\"https:\/\/schema.org\",\"@graph\":[{\"@type\":\"WebPage\",\"@id\":\"https:\/\/www.salve.si\/trgovina\/knjige\/mladinske\/fant-iz-oratorija-je-postal-papez-francisek\/\",\"url\":\"https:\/\/www.salve.si\/trgovina\/knjige\/mladinske\/fant-iz-oratorija-je-postal-papez-francisek\/\",\"name\":\"Fant iz oratorija je postal pape\u017e Fran\u010di\u0161ek - Salve\",\"isPartOf\":{\"@id\":\"https:\/\/www.salve.si\/#website\"},\"primaryImageOfPage\":{\"@id\":\"https:\/\/www.salve.si\/trgovina\/knjige\/mladinske\/fant-iz-oratorija-je-postal-papez-francisek\/#primaryimage\"},\"image\":{\"@id\":\"https:\/\/www.salve.si\/trgovina\/knjige\/mladinske\/fant-iz-oratorija-je-postal-papez-francisek\/#primaryimage\"},\"thumbnailUrl\":\"https:\/\/www.salve.si\/wp-content\/uploads\/2018\/03\/fant-iz-oratorja-je-postal-papez-francisek.jpg\",\"datePublished\":\"2014-01-27T09:00:54+00:00\",\"dateModified\":\"2022-09-30T23:01:57+00:00\",\"breadcrumb\":{\"@id\":\"https:\/\/www.salve.si\/trgovina\/knjige\/mladinske\/fant-iz-oratorija-je-postal-papez-francisek\/#breadcrumb\"},\"inLanguage\":\"en-US\",\"potentialAction\":[{\"@type\":\"ReadAction\",\"target\":[\"https:\/\/www.salve.si\/trgovina\/knjige\/mladinske\/fant-iz-oratorija-je-postal-papez-francisek\/\"]}]},{\"@type\":\"ImageObject\",\"inLanguage\":\"en-US\",\"@id\":\"https:\/\/www.salve.si\/trgovina\/knjige\/mladinske\/fant-iz-oratorija-je-postal-papez-francisek\/#primaryimage\",\"url\":\"https:\/\/www.salve.si\/wp-content\/uploads\/2018\/03\/fant-iz-oratorja-je-postal-papez-francisek.jpg\",\"contentUrl\":\"https:\/\/www.salve.si\/wp-content\/uploads\/2018\/03\/fant-iz-oratorja-je-postal-papez-francisek.jpg\",\"width\":800,\"height\":1439},{\"@type\":\"BreadcrumbList\",\"@id\":\"https:\/\/www.salve.si\/trgovina\/knjige\/mladinske\/fant-iz-oratorija-je-postal-papez-francisek\/#breadcrumb\",\"itemListElement\":[{\"@type\":\"ListItem\",\"position\":1,\"name\":\"Home\",\"item\":\"https:\/\/www.salve.si\/\"},{\"@type\":\"ListItem\",\"position\":2,\"name\":\"Trgovina\",\"item\":\"https:\/\/www.salve.si\/trgovina\/\"},{\"@type\":\"ListItem\",\"position\":3,\"name\":\"Fant iz oratorija je postal pape\u017e Fran\u010di\u0161ek\"}]},{\"@type\":\"WebSite\",\"@id\":\"https:\/\/www.salve.si\/#website\",\"url\":\"https:\/\/www.salve.si\/\",\"name\":\"Salve\",\"description\":\"Salezijanska zalo\u017eba\",\"publisher\":{\"@id\":\"https:\/\/www.salve.si\/#organization\"},\"potentialAction\":[{\"@type\":\"SearchAction\",\"target\":{\"@type\":\"EntryPoint\",\"urlTemplate\":\"https:\/\/www.salve.si\/?s={search_term_string}\"},\"query-input\":{\"@type\":\"PropertyValueSpecification\",\"valueRequired\":true,\"valueName\":\"search_term_string\"}}],\"inLanguage\":\"en-US\"},{\"@type\":\"Organization\",\"@id\":\"https:\/\/www.salve.si\/#organization\",\"name\":\"Salve d.o.o.\",\"url\":\"https:\/\/www.salve.si\/\",\"logo\":{\"@type\":\"ImageObject\",\"inLanguage\":\"en-US\",\"@id\":\"https:\/\/www.salve.si\/#\/schema\/logo\/image\/\",\"url\":\"https:\/\/www.salve.si\/wp-content\/uploads\/2021\/01\/Salve_logo_modri_nov_web.png\",\"contentUrl\":\"https:\/\/www.salve.si\/wp-content\/uploads\/2021\/01\/Salve_logo_modri_nov_web.png\",\"width\":279,\"height\":90,\"caption\":\"Salve d.o.o.\"},\"image\":{\"@id\":\"https:\/\/www.salve.si\/#\/schema\/logo\/image\/\"},\"sameAs\":[\"https:\/\/www.facebook.com\/salve.si\",\"https:\/\/www.instagram.com\/zalozbasalve\/\",\"https:\/\/www.linkedin.com\/company\/zalozba-salve\/\"]}]}<\/script>\n<!-- \/ Yoast SEO plugin. -->","yoast_head_json":{"title":"Fant iz oratorija je postal pape\u017e Fran\u010di\u0161ek - Salve","robots":{"index":"index","follow":"follow","max-snippet":"max-snippet:-1","max-image-preview":"max-image-preview:large","max-video-preview":"max-video-preview:-1"},"canonical":"https:\/\/www.salve.si\/en\/trgovina\/knjige\/mladinske\/fant-iz-oratorija-je-postal-papez-francisek\/","og_locale":"en_US","og_type":"article","og_title":"Fant iz oratorija je postal pape\u017e Fran\u010di\u0161ek - Salve","og_description":"\u017divljenje pape\u017ea Fran\u010di\u0161ka bi radi spoznali vsi. A preden bodo strokovnjaki dopolnili dolge in strokovne biografije sedanjega pape\u017ea, se v tej knji\u017eici nahaja njegov preprost in kratek \u017eivljenjepis.\u00a0 Sin italijanskega izseljenca, \u017eivahen fant iz oratorija, je odrasel v dru\u017eini, bogati v veri. Tu se je oblikovala njegova o\u010darljiva \u017eivljenjska dr\u017ea, ki osvaja svet.","og_url":"https:\/\/www.salve.si\/en\/trgovina\/knjige\/mladinske\/fant-iz-oratorija-je-postal-papez-francisek\/","og_site_name":"Salve","article_publisher":"https:\/\/www.facebook.com\/salve.si","article_modified_time":"2022-09-30T23:01:57+00:00","og_image":[{"width":800,"height":1439,"url":"https:\/\/www.salve.si\/wp-content\/uploads\/2018\/03\/fant-iz-oratorja-je-postal-papez-francisek.jpg","type":"image\/jpeg"}],"twitter_card":"summary_large_image","twitter_misc":{"Est. reading time":"1 minute"},"schema":{"@context":"https:\/\/schema.org","@graph":[{"@type":"WebPage","@id":"https:\/\/www.salve.si\/trgovina\/knjige\/mladinske\/fant-iz-oratorija-je-postal-papez-francisek\/","url":"https:\/\/www.salve.si\/trgovina\/knjige\/mladinske\/fant-iz-oratorija-je-postal-papez-francisek\/","name":"Fant iz oratorija je postal pape\u017e Fran\u010di\u0161ek - Salve","isPartOf":{"@id":"https:\/\/www.salve.si\/#website"},"primaryImageOfPage":{"@id":"https:\/\/www.salve.si\/trgovina\/knjige\/mladinske\/fant-iz-oratorija-je-postal-papez-francisek\/#primaryimage"},"image":{"@id":"https:\/\/www.salve.si\/trgovina\/knjige\/mladinske\/fant-iz-oratorija-je-postal-papez-francisek\/#primaryimage"},"thumbnailUrl":"https:\/\/www.salve.si\/wp-content\/uploads\/2018\/03\/fant-iz-oratorja-je-postal-papez-francisek.jpg","datePublished":"2014-01-27T09:00:54+00:00","dateModified":"2022-09-30T23:01:57+00:00","breadcrumb":{"@id":"https:\/\/www.salve.si\/trgovina\/knjige\/mladinske\/fant-iz-oratorija-je-postal-papez-francisek\/#breadcrumb"},"inLanguage":"en-US","potentialAction":[{"@type":"ReadAction","target":["https:\/\/www.salve.si\/trgovina\/knjige\/mladinske\/fant-iz-oratorija-je-postal-papez-francisek\/"]}]},{"@type":"ImageObject","inLanguage":"en-US","@id":"https:\/\/www.salve.si\/trgovina\/knjige\/mladinske\/fant-iz-oratorija-je-postal-papez-francisek\/#primaryimage","url":"https:\/\/www.salve.si\/wp-content\/uploads\/2018\/03\/fant-iz-oratorja-je-postal-papez-francisek.jpg","contentUrl":"https:\/\/www.salve.si\/wp-content\/uploads\/2018\/03\/fant-iz-oratorja-je-postal-papez-francisek.jpg","width":800,"height":1439},{"@type":"BreadcrumbList","@id":"https:\/\/www.salve.si\/trgovina\/knjige\/mladinske\/fant-iz-oratorija-je-postal-papez-francisek\/#breadcrumb","itemListElement":[{"@type":"ListItem","position":1,"name":"Home","item":"https:\/\/www.salve.si\/"},{"@type":"ListItem","position":2,"name":"Trgovina","item":"https:\/\/www.salve.si\/trgovina\/"},{"@type":"ListItem","position":3,"name":"Fant iz oratorija je postal pape\u017e Fran\u010di\u0161ek"}]},{"@type":"WebSite","@id":"https:\/\/www.salve.si\/#website","url":"https:\/\/www.salve.si\/","name":"Salve","description":"Salezijanska zalo\u017eba","publisher":{"@id":"https:\/\/www.salve.si\/#organization"},"potentialAction":[{"@type":"SearchAction","target":{"@type":"EntryPoint","urlTemplate":"https:\/\/www.salve.si\/?s={search_term_string}"},"query-input":{"@type":"PropertyValueSpecification","valueRequired":true,"valueName":"search_term_string"}}],"inLanguage":"en-US"},{"@type":"Organization","@id":"https:\/\/www.salve.si\/#organization","name":"Salve d.o.o.","url":"https:\/\/www.salve.si\/","logo":{"@type":"ImageObject","inLanguage":"en-US","@id":"https:\/\/www.salve.si\/#\/schema\/logo\/image\/","url":"https:\/\/www.salve.si\/wp-content\/uploads\/2021\/01\/Salve_logo_modri_nov_web.png","contentUrl":"https:\/\/www.salve.si\/wp-content\/uploads\/2021\/01\/Salve_logo_modri_nov_web.png","width":279,"height":90,"caption":"Salve d.o.o."},"image":{"@id":"https:\/\/www.salve.si\/#\/schema\/logo\/image\/"},"sameAs":["https:\/\/www.facebook.com\/salve.si","https:\/\/www.instagram.com\/zalozbasalve\/","https:\/\/www.linkedin.com\/company\/zalozba-salve\/"]}]}},"_links":{"self":[{"href":"https:\/\/www.salve.si\/en\/wp-json\/wp\/v2\/product\/2906","targetHints":{"allow":["GET"]}}],"collection":[{"href":"https:\/\/www.salve.si\/en\/wp-json\/wp\/v2\/product"}],"about":[{"href":"https:\/\/www.salve.si\/en\/wp-json\/wp\/v2\/types\/product"}],"version-history":[{"count":1,"href":"https:\/\/www.salve.si\/en\/wp-json\/wp\/v2\/product\/2906\/revisions"}],"predecessor-version":[{"id":16001,"href":"https:\/\/www.salve.si\/en\/wp-json\/wp\/v2\/product\/2906\/revisions\/16001"}],"wp:featuredmedia":[{"embeddable":true,"href":"https:\/\/www.salve.si\/en\/wp-json\/wp\/v2\/media\/2907"}],"wp:attachment":[{"href":"https:\/\/www.salve.si\/en\/wp-json\/wp\/v2\/media?parent=2906"}],"wp:term":[{"taxonomy":"product_cat","embeddable":true,"href":"https:\/\/www.salve.si\/en\/wp-json\/wp\/v2\/product_cat?post=2906"},{"taxonomy":"product_tag","embeddable":true,"href":"https:\/\/www.salve.si\/en\/wp-json\/wp\/v2\/product_tag?post=2906"}],"curies":[{"name":"wp","href":"https:\/\/api.w.org\/{rel}","templated":true}]}}