{"id":2900,"date":"2013-12-30T10:00:53","date_gmt":"2013-12-30T09:00:53","guid":{"rendered":"http:\/\/2018.salve.si\/?post_type=product&#038;p=2900"},"modified":"2024-01-01T23:00:41","modified_gmt":"2024-01-01T22:00:41","slug":"zmagoslavje-srca","status":"publish","type":"product","link":"https:\/\/www.salve.si\/en\/trgovina\/knjige\/izpovedi\/zmagoslavje-srca\/","title":{"rendered":"Zmagoslavje srca"},"content":{"rendered":"<p>Tu najdejo ozdravitev du\u0161e in telesa ter izgubljeno ali omajano \u2013 vsakemu \u010dloveku tako potrebno \u2013 upanje. Na straneh te knjige je razlito skoraj desetletje navdu\u0161enega poslu\u0161anja zgodb, navdihnjenih ob \u010dude\u017enem prikazovanju G\u00f3spe. Sestra Emmanuel je zabele\u017eila pre\u010dudovite izpovedi, kar 85 jih je, ki zrcalijo Marijino neverjetno materinsko ljubezen in dobroto. Ta knjiga me izpolnjuje z veseljem, kajti tudi sam sem trpe\u010d zagovornik in promotor Medjugorja. Sestro Emmanuel dobro poznam in prepri\u010dan sem v njeno izjemno koristno poslanstvo pri\u010devalke o Medjugorju: ima zelo jasno karizmo oznanjevanja sporo\u010dil in dogodkov tega milostnega kraja.<br \/>\nNaj Bog blagoslovi vsako objavo te knjige v slavo Matere Bo\u017eje, G\u00f3spe iz Med\u017eugorja.<br \/>\n(Monsinjor Frane Frani\u010d, upokojeni splitski nad\u0161kof)<span class=\"slv-content-keywords\"> Izpovedi Sestra Emmanuel Marija Medjugorje v devetdesetih letih <\/span><\/p>","protected":false},"excerpt":{"rendered":"<p>Knjiga je verodostojno pri\u010devanje o \u010dude\u017eu v Med\u017eugorju, kajti vse, kar se tam \u017ee toliko let dogaja, je pravi \u010dude\u017e, ki z magi\u010dno mo\u010djo privla\u010di mno\u017eico romarjev iz vseh krajev zemeljske oble. Tiho, nevsiljivo in nadvse prepri\u010dljivo nas sestra Emmanuel vodi v intimo vidcev, prebivalcev Med\u017eugorja in romarjev, ki prihajajo v to \u010dude\u017eno vas.<\/p>","protected":false},"featured_media":12647,"template":"","meta":{"_acf_changed":false,"footnotes":""},"product_cat":[659],"product_tag":[337],"class_list":{"0":"post-2900","1":"product","2":"type-product","3":"status-publish","4":"has-post-thumbnail","6":"authors-sestra-emmanuel","7":"publisher-salve-d-o-o-ljubljana","8":"product_cat-izpovedi","9":"product_tag-marija","11":"first","12":"instock","13":"shipping-taxable","14":"purchasable","15":"product-type-simple"},"acf":[],"yoast_head":"<!-- This site is optimized with the Yoast SEO plugin v23.8 - https:\/\/yoast.com\/wordpress\/plugins\/seo\/ -->\n<title>Zmagoslavje srca - Salve<\/title>\n<meta name=\"robots\" content=\"index, follow, max-snippet:-1, max-image-preview:large, max-video-preview:-1\" \/>\n<link rel=\"canonical\" href=\"https:\/\/www.salve.si\/en\/trgovina\/knjige\/izpovedi\/zmagoslavje-srca\/\" \/>\n<meta property=\"og:locale\" content=\"en_US\" \/>\n<meta property=\"og:type\" content=\"article\" \/>\n<meta property=\"og:title\" content=\"Zmagoslavje srca - Salve\" \/>\n<meta property=\"og:description\" content=\"Knjiga je verodostojno pri\u010devanje o \u010dude\u017eu v Med\u017eugorju, kajti vse, kar se tam \u017ee toliko let dogaja, je pravi \u010dude\u017e, ki z magi\u010dno mo\u010djo privla\u010di mno\u017eico romarjev iz vseh krajev zemeljske oble. Tiho, nevsiljivo in nadvse prepri\u010dljivo nas sestra Emmanuel vodi v intimo vidcev, prebivalcev Med\u017eugorja in romarjev, ki prihajajo v to \u010dude\u017eno vas.\" \/>\n<meta property=\"og:url\" content=\"https:\/\/www.salve.si\/en\/trgovina\/knjige\/izpovedi\/zmagoslavje-srca\/\" \/>\n<meta property=\"og:site_name\" content=\"Salve\" \/>\n<meta property=\"article:publisher\" content=\"https:\/\/www.facebook.com\/salve.si\" \/>\n<meta property=\"article:modified_time\" content=\"2024-01-01T22:00:41+00:00\" \/>\n<meta property=\"og:image\" content=\"https:\/\/www.salve.si\/wp-content\/uploads\/2013\/12\/ZMAGOSLAVJE-SRCA-Medjugorje-v-devetdese.jpg\" \/>\n\t<meta property=\"og:image:width\" content=\"1200\" \/>\n\t<meta property=\"og:image:height\" content=\"1600\" \/>\n\t<meta property=\"og:image:type\" content=\"image\/jpeg\" \/>\n<meta name=\"twitter:card\" content=\"summary_large_image\" \/>\n<meta name=\"twitter:label1\" content=\"Est. reading time\" \/>\n\t<meta name=\"twitter:data1\" content=\"1 minute\" \/>\n<script type=\"application\/ld+json\" class=\"yoast-schema-graph\">{\"@context\":\"https:\/\/schema.org\",\"@graph\":[{\"@type\":\"WebPage\",\"@id\":\"https:\/\/www.salve.si\/trgovina\/knjige\/izpovedi\/zmagoslavje-srca\/\",\"url\":\"https:\/\/www.salve.si\/trgovina\/knjige\/izpovedi\/zmagoslavje-srca\/\",\"name\":\"Zmagoslavje srca - Salve\",\"isPartOf\":{\"@id\":\"https:\/\/www.salve.si\/#website\"},\"primaryImageOfPage\":{\"@id\":\"https:\/\/www.salve.si\/trgovina\/knjige\/izpovedi\/zmagoslavje-srca\/#primaryimage\"},\"image\":{\"@id\":\"https:\/\/www.salve.si\/trgovina\/knjige\/izpovedi\/zmagoslavje-srca\/#primaryimage\"},\"thumbnailUrl\":\"https:\/\/www.salve.si\/wp-content\/uploads\/2013\/12\/ZMAGOSLAVJE-SRCA-Medjugorje-v-devetdese.jpg\",\"datePublished\":\"2013-12-30T09:00:53+00:00\",\"dateModified\":\"2024-01-01T22:00:41+00:00\",\"breadcrumb\":{\"@id\":\"https:\/\/www.salve.si\/trgovina\/knjige\/izpovedi\/zmagoslavje-srca\/#breadcrumb\"},\"inLanguage\":\"en-US\",\"potentialAction\":[{\"@type\":\"ReadAction\",\"target\":[\"https:\/\/www.salve.si\/trgovina\/knjige\/izpovedi\/zmagoslavje-srca\/\"]}]},{\"@type\":\"ImageObject\",\"inLanguage\":\"en-US\",\"@id\":\"https:\/\/www.salve.si\/trgovina\/knjige\/izpovedi\/zmagoslavje-srca\/#primaryimage\",\"url\":\"https:\/\/www.salve.si\/wp-content\/uploads\/2013\/12\/ZMAGOSLAVJE-SRCA-Medjugorje-v-devetdese.jpg\",\"contentUrl\":\"https:\/\/www.salve.si\/wp-content\/uploads\/2013\/12\/ZMAGOSLAVJE-SRCA-Medjugorje-v-devetdese.jpg\",\"width\":1200,\"height\":1600},{\"@type\":\"BreadcrumbList\",\"@id\":\"https:\/\/www.salve.si\/trgovina\/knjige\/izpovedi\/zmagoslavje-srca\/#breadcrumb\",\"itemListElement\":[{\"@type\":\"ListItem\",\"position\":1,\"name\":\"Home\",\"item\":\"https:\/\/www.salve.si\/\"},{\"@type\":\"ListItem\",\"position\":2,\"name\":\"Trgovina\",\"item\":\"https:\/\/www.salve.si\/trgovina\/\"},{\"@type\":\"ListItem\",\"position\":3,\"name\":\"Zmagoslavje srca\"}]},{\"@type\":\"WebSite\",\"@id\":\"https:\/\/www.salve.si\/#website\",\"url\":\"https:\/\/www.salve.si\/\",\"name\":\"Salve\",\"description\":\"Salezijanska zalo\u017eba\",\"publisher\":{\"@id\":\"https:\/\/www.salve.si\/#organization\"},\"potentialAction\":[{\"@type\":\"SearchAction\",\"target\":{\"@type\":\"EntryPoint\",\"urlTemplate\":\"https:\/\/www.salve.si\/?s={search_term_string}\"},\"query-input\":{\"@type\":\"PropertyValueSpecification\",\"valueRequired\":true,\"valueName\":\"search_term_string\"}}],\"inLanguage\":\"en-US\"},{\"@type\":\"Organization\",\"@id\":\"https:\/\/www.salve.si\/#organization\",\"name\":\"Salve d.o.o.\",\"url\":\"https:\/\/www.salve.si\/\",\"logo\":{\"@type\":\"ImageObject\",\"inLanguage\":\"en-US\",\"@id\":\"https:\/\/www.salve.si\/#\/schema\/logo\/image\/\",\"url\":\"https:\/\/www.salve.si\/wp-content\/uploads\/2021\/01\/Salve_logo_modri_nov_web.png\",\"contentUrl\":\"https:\/\/www.salve.si\/wp-content\/uploads\/2021\/01\/Salve_logo_modri_nov_web.png\",\"width\":279,\"height\":90,\"caption\":\"Salve d.o.o.\"},\"image\":{\"@id\":\"https:\/\/www.salve.si\/#\/schema\/logo\/image\/\"},\"sameAs\":[\"https:\/\/www.facebook.com\/salve.si\",\"https:\/\/www.instagram.com\/zalozbasalve\/\",\"https:\/\/www.linkedin.com\/company\/zalozba-salve\/\"]}]}<\/script>\n<!-- \/ Yoast SEO plugin. -->","yoast_head_json":{"title":"Zmagoslavje srca - Salve","robots":{"index":"index","follow":"follow","max-snippet":"max-snippet:-1","max-image-preview":"max-image-preview:large","max-video-preview":"max-video-preview:-1"},"canonical":"https:\/\/www.salve.si\/en\/trgovina\/knjige\/izpovedi\/zmagoslavje-srca\/","og_locale":"en_US","og_type":"article","og_title":"Zmagoslavje srca - Salve","og_description":"Knjiga je verodostojno pri\u010devanje o \u010dude\u017eu v Med\u017eugorju, kajti vse, kar se tam \u017ee toliko let dogaja, je pravi \u010dude\u017e, ki z magi\u010dno mo\u010djo privla\u010di mno\u017eico romarjev iz vseh krajev zemeljske oble. Tiho, nevsiljivo in nadvse prepri\u010dljivo nas sestra Emmanuel vodi v intimo vidcev, prebivalcev Med\u017eugorja in romarjev, ki prihajajo v to \u010dude\u017eno vas.","og_url":"https:\/\/www.salve.si\/en\/trgovina\/knjige\/izpovedi\/zmagoslavje-srca\/","og_site_name":"Salve","article_publisher":"https:\/\/www.facebook.com\/salve.si","article_modified_time":"2024-01-01T22:00:41+00:00","og_image":[{"width":1200,"height":1600,"url":"https:\/\/www.salve.si\/wp-content\/uploads\/2013\/12\/ZMAGOSLAVJE-SRCA-Medjugorje-v-devetdese.jpg","type":"image\/jpeg"}],"twitter_card":"summary_large_image","twitter_misc":{"Est. reading time":"1 minute"},"schema":{"@context":"https:\/\/schema.org","@graph":[{"@type":"WebPage","@id":"https:\/\/www.salve.si\/trgovina\/knjige\/izpovedi\/zmagoslavje-srca\/","url":"https:\/\/www.salve.si\/trgovina\/knjige\/izpovedi\/zmagoslavje-srca\/","name":"Zmagoslavje srca - Salve","isPartOf":{"@id":"https:\/\/www.salve.si\/#website"},"primaryImageOfPage":{"@id":"https:\/\/www.salve.si\/trgovina\/knjige\/izpovedi\/zmagoslavje-srca\/#primaryimage"},"image":{"@id":"https:\/\/www.salve.si\/trgovina\/knjige\/izpovedi\/zmagoslavje-srca\/#primaryimage"},"thumbnailUrl":"https:\/\/www.salve.si\/wp-content\/uploads\/2013\/12\/ZMAGOSLAVJE-SRCA-Medjugorje-v-devetdese.jpg","datePublished":"2013-12-30T09:00:53+00:00","dateModified":"2024-01-01T22:00:41+00:00","breadcrumb":{"@id":"https:\/\/www.salve.si\/trgovina\/knjige\/izpovedi\/zmagoslavje-srca\/#breadcrumb"},"inLanguage":"en-US","potentialAction":[{"@type":"ReadAction","target":["https:\/\/www.salve.si\/trgovina\/knjige\/izpovedi\/zmagoslavje-srca\/"]}]},{"@type":"ImageObject","inLanguage":"en-US","@id":"https:\/\/www.salve.si\/trgovina\/knjige\/izpovedi\/zmagoslavje-srca\/#primaryimage","url":"https:\/\/www.salve.si\/wp-content\/uploads\/2013\/12\/ZMAGOSLAVJE-SRCA-Medjugorje-v-devetdese.jpg","contentUrl":"https:\/\/www.salve.si\/wp-content\/uploads\/2013\/12\/ZMAGOSLAVJE-SRCA-Medjugorje-v-devetdese.jpg","width":1200,"height":1600},{"@type":"BreadcrumbList","@id":"https:\/\/www.salve.si\/trgovina\/knjige\/izpovedi\/zmagoslavje-srca\/#breadcrumb","itemListElement":[{"@type":"ListItem","position":1,"name":"Home","item":"https:\/\/www.salve.si\/"},{"@type":"ListItem","position":2,"name":"Trgovina","item":"https:\/\/www.salve.si\/trgovina\/"},{"@type":"ListItem","position":3,"name":"Zmagoslavje srca"}]},{"@type":"WebSite","@id":"https:\/\/www.salve.si\/#website","url":"https:\/\/www.salve.si\/","name":"Salve","description":"Salezijanska zalo\u017eba","publisher":{"@id":"https:\/\/www.salve.si\/#organization"},"potentialAction":[{"@type":"SearchAction","target":{"@type":"EntryPoint","urlTemplate":"https:\/\/www.salve.si\/?s={search_term_string}"},"query-input":{"@type":"PropertyValueSpecification","valueRequired":true,"valueName":"search_term_string"}}],"inLanguage":"en-US"},{"@type":"Organization","@id":"https:\/\/www.salve.si\/#organization","name":"Salve d.o.o.","url":"https:\/\/www.salve.si\/","logo":{"@type":"ImageObject","inLanguage":"en-US","@id":"https:\/\/www.salve.si\/#\/schema\/logo\/image\/","url":"https:\/\/www.salve.si\/wp-content\/uploads\/2021\/01\/Salve_logo_modri_nov_web.png","contentUrl":"https:\/\/www.salve.si\/wp-content\/uploads\/2021\/01\/Salve_logo_modri_nov_web.png","width":279,"height":90,"caption":"Salve d.o.o."},"image":{"@id":"https:\/\/www.salve.si\/#\/schema\/logo\/image\/"},"sameAs":["https:\/\/www.facebook.com\/salve.si","https:\/\/www.instagram.com\/zalozbasalve\/","https:\/\/www.linkedin.com\/company\/zalozba-salve\/"]}]}},"_links":{"self":[{"href":"https:\/\/www.salve.si\/en\/wp-json\/wp\/v2\/product\/2900","targetHints":{"allow":["GET"]}}],"collection":[{"href":"https:\/\/www.salve.si\/en\/wp-json\/wp\/v2\/product"}],"about":[{"href":"https:\/\/www.salve.si\/en\/wp-json\/wp\/v2\/types\/product"}],"version-history":[{"count":3,"href":"https:\/\/www.salve.si\/en\/wp-json\/wp\/v2\/product\/2900\/revisions"}],"predecessor-version":[{"id":16433,"href":"https:\/\/www.salve.si\/en\/wp-json\/wp\/v2\/product\/2900\/revisions\/16433"}],"wp:featuredmedia":[{"embeddable":true,"href":"https:\/\/www.salve.si\/en\/wp-json\/wp\/v2\/media\/12647"}],"wp:attachment":[{"href":"https:\/\/www.salve.si\/en\/wp-json\/wp\/v2\/media?parent=2900"}],"wp:term":[{"taxonomy":"product_cat","embeddable":true,"href":"https:\/\/www.salve.si\/en\/wp-json\/wp\/v2\/product_cat?post=2900"},{"taxonomy":"product_tag","embeddable":true,"href":"https:\/\/www.salve.si\/en\/wp-json\/wp\/v2\/product_tag?post=2900"}],"curies":[{"name":"wp","href":"https:\/\/api.w.org\/{rel}","templated":true}]}}