{"id":2897,"date":"2013-12-30T10:00:25","date_gmt":"2013-12-30T09:00:25","guid":{"rendered":"http:\/\/2018.salve.si\/?post_type=product&#038;p=2897"},"modified":"2025-11-20T00:00:41","modified_gmt":"2025-11-19T23:00:41","slug":"don-bosko-zivi-svoje-sanje","status":"publish","type":"product","link":"https:\/\/www.salve.si\/en\/trgovina\/knjige\/mladinske\/don-bosko-zivi-svoje-sanje\/","title":{"rendered":"Don Bosko \u017eiv\u00ed svoje sanje"},"content":{"rendered":"<p>Kako lepo je imeti pravega prijatelja. Prijatelji so med seboj zelo povezani, radi se dru\u017eijo in skupaj praznujejo. Pravi prijatelj je tisti, ki je z nami v lepih in tudi v te\u017ekih trenutkih. Je tisti, ki nam pomaga, da bi bili sre\u010dni ne le za kratek \u010das ampak za vedno.<br \/>\nNa\u0161 najbolj\u0161i prijatelj pa je Jezus. V svojo dru\u0161\u010dino prijateljev je poklical \u0161tevilne zelo znane in zanimive ljudi, ki so vsak v svojem \u010dasu in okolju gradili prijateljstvo z Bogom in z ljudmi. Eden izmed njih je tudi duhovnik sv. Janez Bosko. Zelo mlad je za\u010del spoznavati, da mora po Bo\u017ejem naro\u010dilu postati prijatelj otrok in mladih. S svojimi \u0161tevilnimi talenti si je prizadeval, da bi mladim pomagal k sre\u010dnemu \u017eivljenju tu na zemlji in v ve\u010dnosti. O tem je sanjal, za to je molil in trpel, za to je \u0161tudiral in delal, za to je daroval vse svoje \u017eivljenje.<\/p>\n<p>Zahvaliti se mu moramo, da nam je pokazal, kako najti na\u010din, da bomo sre\u010dni v svoji mladosti in da bomo neko\u010d pri Jezusu v nebesih u\u017eivali ve\u010dno veselje.<span class=\"slv-content-keywords\"> Posebna ponudba Mladinske Svetniki Mladinska zbirka don Bosko Strip <\/span><\/p>","protected":false},"excerpt":{"rendered":"<p>V zgodbi tega stripa bomo spoznali njegovo \u010dudovito osebnost. Rodil se je v severni Italiji pred 200 leti. Vse svoje talente in mo\u010di je \u017ertvoval za to, da bi njegovi mladi prijatelji odra\u0161\u010dali v po\u0161tene ljudi in dobre kristjane.<br \/>\nPreberimo zgodbo tega zanimivega duhovnika in spoznali bomo, da je don Bosko zelo blizu tudi nam ter otrokom in mladim vsega sveta.<\/p>","protected":false},"featured_media":12652,"template":"","meta":{"_acf_changed":false,"footnotes":""},"product_cat":[709,266,634],"product_tag":[843,647],"class_list":{"0":"post-2897","1":"product","2":"type-product","3":"status-publish","4":"has-post-thumbnail","6":"zbirke-mladinska-zbirka","7":"publisher-salve-d-o-o-ljubljana","8":"product_cat-posebna-ponudba","9":"product_cat-mladinske","10":"product_cat-svetniki","11":"product_tag-don-bosko","12":"product_tag-strip","14":"first","15":"instock","16":"shipping-taxable","17":"purchasable","18":"product-type-simple"},"acf":[],"yoast_head":"<!-- This site is optimized with the Yoast SEO plugin v23.8 - https:\/\/yoast.com\/wordpress\/plugins\/seo\/ -->\n<title>Don Bosko \u017eiv\u00ed svoje sanje - Salve<\/title>\n<meta name=\"robots\" content=\"index, follow, max-snippet:-1, max-image-preview:large, max-video-preview:-1\" \/>\n<link rel=\"canonical\" href=\"https:\/\/www.salve.si\/en\/trgovina\/knjige\/mladinske\/don-bosko-zivi-svoje-sanje\/\" \/>\n<meta property=\"og:locale\" content=\"en_US\" \/>\n<meta property=\"og:type\" content=\"article\" \/>\n<meta property=\"og:title\" content=\"Don Bosko \u017eiv\u00ed svoje sanje - Salve\" \/>\n<meta property=\"og:description\" content=\"V zgodbi tega stripa bomo spoznali njegovo \u010dudovito osebnost. Rodil se je v severni Italiji pred 200 leti. Vse svoje talente in mo\u010di je \u017ertvoval za to, da bi njegovi mladi prijatelji odra\u0161\u010dali v po\u0161tene ljudi in dobre kristjane. Preberimo zgodbo tega zanimivega duhovnika in spoznali bomo, da je don Bosko zelo blizu tudi nam ter otrokom in mladim vsega sveta.\" \/>\n<meta property=\"og:url\" content=\"https:\/\/www.salve.si\/en\/trgovina\/knjige\/mladinske\/don-bosko-zivi-svoje-sanje\/\" \/>\n<meta property=\"og:site_name\" content=\"Salve\" \/>\n<meta property=\"article:publisher\" content=\"https:\/\/www.facebook.com\/salve.si\" \/>\n<meta property=\"article:modified_time\" content=\"2025-11-19T23:00:41+00:00\" \/>\n<meta property=\"og:image\" content=\"https:\/\/www.salve.si\/wp-content\/uploads\/2013\/12\/Don-Bosko-zivi-svoje-sanje.jpg\" \/>\n\t<meta property=\"og:image:width\" content=\"474\" \/>\n\t<meta property=\"og:image:height\" content=\"722\" \/>\n\t<meta property=\"og:image:type\" content=\"image\/jpeg\" \/>\n<meta name=\"twitter:card\" content=\"summary_large_image\" \/>\n<meta name=\"twitter:label1\" content=\"Est. reading time\" \/>\n\t<meta name=\"twitter:data1\" content=\"1 minute\" \/>\n<script type=\"application\/ld+json\" class=\"yoast-schema-graph\">{\"@context\":\"https:\/\/schema.org\",\"@graph\":[{\"@type\":\"WebPage\",\"@id\":\"https:\/\/www.salve.si\/trgovina\/knjige\/mladinske\/don-bosko-zivi-svoje-sanje\/\",\"url\":\"https:\/\/www.salve.si\/trgovina\/knjige\/mladinske\/don-bosko-zivi-svoje-sanje\/\",\"name\":\"Don Bosko \u017eiv\u00ed svoje sanje - Salve\",\"isPartOf\":{\"@id\":\"https:\/\/www.salve.si\/#website\"},\"primaryImageOfPage\":{\"@id\":\"https:\/\/www.salve.si\/trgovina\/knjige\/mladinske\/don-bosko-zivi-svoje-sanje\/#primaryimage\"},\"image\":{\"@id\":\"https:\/\/www.salve.si\/trgovina\/knjige\/mladinske\/don-bosko-zivi-svoje-sanje\/#primaryimage\"},\"thumbnailUrl\":\"https:\/\/www.salve.si\/wp-content\/uploads\/2013\/12\/Don-Bosko-zivi-svoje-sanje.jpg\",\"datePublished\":\"2013-12-30T09:00:25+00:00\",\"dateModified\":\"2025-11-19T23:00:41+00:00\",\"breadcrumb\":{\"@id\":\"https:\/\/www.salve.si\/trgovina\/knjige\/mladinske\/don-bosko-zivi-svoje-sanje\/#breadcrumb\"},\"inLanguage\":\"en-US\",\"potentialAction\":[{\"@type\":\"ReadAction\",\"target\":[\"https:\/\/www.salve.si\/trgovina\/knjige\/mladinske\/don-bosko-zivi-svoje-sanje\/\"]}]},{\"@type\":\"ImageObject\",\"inLanguage\":\"en-US\",\"@id\":\"https:\/\/www.salve.si\/trgovina\/knjige\/mladinske\/don-bosko-zivi-svoje-sanje\/#primaryimage\",\"url\":\"https:\/\/www.salve.si\/wp-content\/uploads\/2013\/12\/Don-Bosko-zivi-svoje-sanje.jpg\",\"contentUrl\":\"https:\/\/www.salve.si\/wp-content\/uploads\/2013\/12\/Don-Bosko-zivi-svoje-sanje.jpg\",\"width\":474,\"height\":722},{\"@type\":\"BreadcrumbList\",\"@id\":\"https:\/\/www.salve.si\/trgovina\/knjige\/mladinske\/don-bosko-zivi-svoje-sanje\/#breadcrumb\",\"itemListElement\":[{\"@type\":\"ListItem\",\"position\":1,\"name\":\"Home\",\"item\":\"https:\/\/www.salve.si\/\"},{\"@type\":\"ListItem\",\"position\":2,\"name\":\"Trgovina\",\"item\":\"https:\/\/www.salve.si\/trgovina\/\"},{\"@type\":\"ListItem\",\"position\":3,\"name\":\"Don Bosko \u017eiv\u00ed svoje sanje\"}]},{\"@type\":\"WebSite\",\"@id\":\"https:\/\/www.salve.si\/#website\",\"url\":\"https:\/\/www.salve.si\/\",\"name\":\"Salve\",\"description\":\"Salezijanska zalo\u017eba\",\"publisher\":{\"@id\":\"https:\/\/www.salve.si\/#organization\"},\"potentialAction\":[{\"@type\":\"SearchAction\",\"target\":{\"@type\":\"EntryPoint\",\"urlTemplate\":\"https:\/\/www.salve.si\/?s={search_term_string}\"},\"query-input\":{\"@type\":\"PropertyValueSpecification\",\"valueRequired\":true,\"valueName\":\"search_term_string\"}}],\"inLanguage\":\"en-US\"},{\"@type\":\"Organization\",\"@id\":\"https:\/\/www.salve.si\/#organization\",\"name\":\"Salve d.o.o.\",\"url\":\"https:\/\/www.salve.si\/\",\"logo\":{\"@type\":\"ImageObject\",\"inLanguage\":\"en-US\",\"@id\":\"https:\/\/www.salve.si\/#\/schema\/logo\/image\/\",\"url\":\"https:\/\/www.salve.si\/wp-content\/uploads\/2021\/01\/Salve_logo_modri_nov_web.png\",\"contentUrl\":\"https:\/\/www.salve.si\/wp-content\/uploads\/2021\/01\/Salve_logo_modri_nov_web.png\",\"width\":279,\"height\":90,\"caption\":\"Salve d.o.o.\"},\"image\":{\"@id\":\"https:\/\/www.salve.si\/#\/schema\/logo\/image\/\"},\"sameAs\":[\"https:\/\/www.facebook.com\/salve.si\",\"https:\/\/www.instagram.com\/zalozbasalve\/\",\"https:\/\/www.linkedin.com\/company\/zalozba-salve\/\"]}]}<\/script>\n<!-- \/ Yoast SEO plugin. -->","yoast_head_json":{"title":"Don Bosko \u017eiv\u00ed svoje sanje - Salve","robots":{"index":"index","follow":"follow","max-snippet":"max-snippet:-1","max-image-preview":"max-image-preview:large","max-video-preview":"max-video-preview:-1"},"canonical":"https:\/\/www.salve.si\/en\/trgovina\/knjige\/mladinske\/don-bosko-zivi-svoje-sanje\/","og_locale":"en_US","og_type":"article","og_title":"Don Bosko \u017eiv\u00ed svoje sanje - Salve","og_description":"V zgodbi tega stripa bomo spoznali njegovo \u010dudovito osebnost. Rodil se je v severni Italiji pred 200 leti. Vse svoje talente in mo\u010di je \u017ertvoval za to, da bi njegovi mladi prijatelji odra\u0161\u010dali v po\u0161tene ljudi in dobre kristjane. Preberimo zgodbo tega zanimivega duhovnika in spoznali bomo, da je don Bosko zelo blizu tudi nam ter otrokom in mladim vsega sveta.","og_url":"https:\/\/www.salve.si\/en\/trgovina\/knjige\/mladinske\/don-bosko-zivi-svoje-sanje\/","og_site_name":"Salve","article_publisher":"https:\/\/www.facebook.com\/salve.si","article_modified_time":"2025-11-19T23:00:41+00:00","og_image":[{"width":474,"height":722,"url":"https:\/\/www.salve.si\/wp-content\/uploads\/2013\/12\/Don-Bosko-zivi-svoje-sanje.jpg","type":"image\/jpeg"}],"twitter_card":"summary_large_image","twitter_misc":{"Est. reading time":"1 minute"},"schema":{"@context":"https:\/\/schema.org","@graph":[{"@type":"WebPage","@id":"https:\/\/www.salve.si\/trgovina\/knjige\/mladinske\/don-bosko-zivi-svoje-sanje\/","url":"https:\/\/www.salve.si\/trgovina\/knjige\/mladinske\/don-bosko-zivi-svoje-sanje\/","name":"Don Bosko \u017eiv\u00ed svoje sanje - Salve","isPartOf":{"@id":"https:\/\/www.salve.si\/#website"},"primaryImageOfPage":{"@id":"https:\/\/www.salve.si\/trgovina\/knjige\/mladinske\/don-bosko-zivi-svoje-sanje\/#primaryimage"},"image":{"@id":"https:\/\/www.salve.si\/trgovina\/knjige\/mladinske\/don-bosko-zivi-svoje-sanje\/#primaryimage"},"thumbnailUrl":"https:\/\/www.salve.si\/wp-content\/uploads\/2013\/12\/Don-Bosko-zivi-svoje-sanje.jpg","datePublished":"2013-12-30T09:00:25+00:00","dateModified":"2025-11-19T23:00:41+00:00","breadcrumb":{"@id":"https:\/\/www.salve.si\/trgovina\/knjige\/mladinske\/don-bosko-zivi-svoje-sanje\/#breadcrumb"},"inLanguage":"en-US","potentialAction":[{"@type":"ReadAction","target":["https:\/\/www.salve.si\/trgovina\/knjige\/mladinske\/don-bosko-zivi-svoje-sanje\/"]}]},{"@type":"ImageObject","inLanguage":"en-US","@id":"https:\/\/www.salve.si\/trgovina\/knjige\/mladinske\/don-bosko-zivi-svoje-sanje\/#primaryimage","url":"https:\/\/www.salve.si\/wp-content\/uploads\/2013\/12\/Don-Bosko-zivi-svoje-sanje.jpg","contentUrl":"https:\/\/www.salve.si\/wp-content\/uploads\/2013\/12\/Don-Bosko-zivi-svoje-sanje.jpg","width":474,"height":722},{"@type":"BreadcrumbList","@id":"https:\/\/www.salve.si\/trgovina\/knjige\/mladinske\/don-bosko-zivi-svoje-sanje\/#breadcrumb","itemListElement":[{"@type":"ListItem","position":1,"name":"Home","item":"https:\/\/www.salve.si\/"},{"@type":"ListItem","position":2,"name":"Trgovina","item":"https:\/\/www.salve.si\/trgovina\/"},{"@type":"ListItem","position":3,"name":"Don Bosko \u017eiv\u00ed svoje sanje"}]},{"@type":"WebSite","@id":"https:\/\/www.salve.si\/#website","url":"https:\/\/www.salve.si\/","name":"Salve","description":"Salezijanska zalo\u017eba","publisher":{"@id":"https:\/\/www.salve.si\/#organization"},"potentialAction":[{"@type":"SearchAction","target":{"@type":"EntryPoint","urlTemplate":"https:\/\/www.salve.si\/?s={search_term_string}"},"query-input":{"@type":"PropertyValueSpecification","valueRequired":true,"valueName":"search_term_string"}}],"inLanguage":"en-US"},{"@type":"Organization","@id":"https:\/\/www.salve.si\/#organization","name":"Salve d.o.o.","url":"https:\/\/www.salve.si\/","logo":{"@type":"ImageObject","inLanguage":"en-US","@id":"https:\/\/www.salve.si\/#\/schema\/logo\/image\/","url":"https:\/\/www.salve.si\/wp-content\/uploads\/2021\/01\/Salve_logo_modri_nov_web.png","contentUrl":"https:\/\/www.salve.si\/wp-content\/uploads\/2021\/01\/Salve_logo_modri_nov_web.png","width":279,"height":90,"caption":"Salve d.o.o."},"image":{"@id":"https:\/\/www.salve.si\/#\/schema\/logo\/image\/"},"sameAs":["https:\/\/www.facebook.com\/salve.si","https:\/\/www.instagram.com\/zalozbasalve\/","https:\/\/www.linkedin.com\/company\/zalozba-salve\/"]}]}},"_links":{"self":[{"href":"https:\/\/www.salve.si\/en\/wp-json\/wp\/v2\/product\/2897","targetHints":{"allow":["GET"]}}],"collection":[{"href":"https:\/\/www.salve.si\/en\/wp-json\/wp\/v2\/product"}],"about":[{"href":"https:\/\/www.salve.si\/en\/wp-json\/wp\/v2\/types\/product"}],"version-history":[{"count":3,"href":"https:\/\/www.salve.si\/en\/wp-json\/wp\/v2\/product\/2897\/revisions"}],"predecessor-version":[{"id":12887,"href":"https:\/\/www.salve.si\/en\/wp-json\/wp\/v2\/product\/2897\/revisions\/12887"}],"wp:featuredmedia":[{"embeddable":true,"href":"https:\/\/www.salve.si\/en\/wp-json\/wp\/v2\/media\/12652"}],"wp:attachment":[{"href":"https:\/\/www.salve.si\/en\/wp-json\/wp\/v2\/media?parent=2897"}],"wp:term":[{"taxonomy":"product_cat","embeddable":true,"href":"https:\/\/www.salve.si\/en\/wp-json\/wp\/v2\/product_cat?post=2897"},{"taxonomy":"product_tag","embeddable":true,"href":"https:\/\/www.salve.si\/en\/wp-json\/wp\/v2\/product_tag?post=2897"}],"curies":[{"name":"wp","href":"https:\/\/api.w.org\/{rel}","templated":true}]}}