{"id":2891,"date":"2013-12-30T10:00:17","date_gmt":"2013-12-30T09:00:17","guid":{"rendered":"http:\/\/2018.salve.si\/?post_type=product&#038;p=2891"},"modified":"2024-01-01T23:00:41","modified_gmt":"2024-01-01T22:00:41","slug":"misijonar-andrej-majcen","status":"publish","type":"product","link":"https:\/\/www.salve.si\/en\/trgovina\/knjige\/mladinske\/misijonar-andrej-majcen\/","title":{"rendered":"Misijonar Andrej Majcen"},"content":{"rendered":"<p>Misijonar Andrej je z don\u00a0 Boskom ponavljal mladim:\u00a0 &#8220;Za vas \u017eivim!&#8221; O\u010detovo napotilo &#8220;Andrej, bodi\u00a0 vedno z vsemi dober&#8221; je zaznamovalo vse njegovo \u017eivljenje s sr\u010dno dobroto. Tako je tudi uresni\u010dil priporo\u010dilo sv. Janeza Boska: &#8220;Potrudi se, da te bodo imeli radi.&#8221;<\/p>\n<p>Na njegovem obrazu\u00a0 smo tisti, ki smo \u017eiveli z njim, zaznavali radost Dobrega pastirja, ki se je veselil, da je lahko iskal in na\u0161el izgubljene; to so bili predvsem reve\u017ei, mladi, ki je zanje poskrbel kot ljube\u010d o\u010de, da so vstopili v \u017eivljenje kot po\u0161teni dr\u017eavljani in dobri kristjani.<\/p>\n<p>Kamorkoli je pri\u0161el, tako 44 let na Kitajskem in v Vietnamu, kakor tudi v domovini, posebno zadnjih dvajset let, so ga ljudje vzljubili, spo\u0161tovali, kajti vsi so \u010dutili, da jih ima rad, na njegovem obrazu pa so odkrivali poteze dobrega Boga. Marsikdo pri\u010duje: &#8220;Ob Majcnu sem za\u010dutil Bo\u017ejo bli\u017eino.&#8221;<\/p>\n<p>Bil je zares simpati\u010den \u010dlovek, ki so ga ljudje radi sre\u010devali, ga z zanimanjem poslu\u0161ali, saj so bili prepri\u010dani, da jim ima povedati nekaj lepega in pomenljivega, takega, kar je prav za \u017eivljenje.<\/p>\n<p>Vedno nas je usmerjal na Marijo, svojo zvesto Pomo\u010dnico, ki ga je vodila, varovala in navdihovala. Rad je ponavljal: &#8220;Brez Marije nisem ni\u010d.&#8221; Prav tako kot je delal don Bosko: &#8220;Vse je naredila Marija.&#8221;<\/p>\n<p>(iz uvodne besede, Tone Ciglar SDB)<span class=\"slv-content-keywords\"> Avtobiografije, \u017eivljenjepisi Mladinske Berta Golob Misijonska zbirka Strip Matej Kova\u010di\u010d <\/span><\/p>","protected":false},"excerpt":{"rendered":"<p>V stripu je predstavljena \u017eivljenjska zgodba salezijanskega misijonarja Andreja Majcna.<\/p>\n<p>Na Kitajskem, v Vietnamu in zadnja leta v Sloveniji je bil pri\u010da Bo\u017eje dobrote med ljudmi. Za mnoge je junak, saj je sredi vojne vihre in sredi druga\u010dnega okolja sku\u0161al \u017eiveti o\u010detovo naro\u010dilo, naj bo do vseh dober. Za druge je velik vzgojitelj, ki je z milino in ljubeznijo v daljnih krajih utelesil don Boskov lik. Predvsem pa je Bo\u017eji slu\u017eabnik, saj je ljudem prina\u0161al Jezusa Kristusa, Odre\u0161enika.<\/p>","protected":false},"featured_media":2892,"template":"","meta":{"_acf_changed":false,"footnotes":""},"product_cat":[315,266],"product_tag":[647],"class_list":{"0":"post-2891","1":"product","2":"type-product","3":"status-publish","4":"has-post-thumbnail","6":"zbirke-misijonska-zbirka","7":"authors-berta-golob","8":"publisher-salve-d-o-o-ljubljana","9":"product_cat-svetniki-in-zivljenjepisi","10":"product_cat-mladinske","11":"product_tag-strip","13":"first","14":"instock","15":"shipping-taxable","16":"purchasable","17":"product-type-simple"},"acf":[],"yoast_head":"<!-- This site is optimized with the Yoast SEO plugin v23.8 - https:\/\/yoast.com\/wordpress\/plugins\/seo\/ -->\n<title>Misijonar Andrej Majcen - Salve<\/title>\n<meta name=\"robots\" content=\"index, follow, max-snippet:-1, max-image-preview:large, max-video-preview:-1\" \/>\n<link rel=\"canonical\" href=\"https:\/\/www.salve.si\/en\/trgovina\/knjige\/mladinske\/misijonar-andrej-majcen\/\" \/>\n<meta property=\"og:locale\" content=\"en_US\" \/>\n<meta property=\"og:type\" content=\"article\" \/>\n<meta property=\"og:title\" content=\"Misijonar Andrej Majcen - Salve\" \/>\n<meta property=\"og:description\" content=\"V stripu je predstavljena \u017eivljenjska zgodba salezijanskega misijonarja Andreja Majcna.  Na Kitajskem, v Vietnamu in zadnja leta v Sloveniji je bil pri\u010da Bo\u017eje dobrote med ljudmi. Za mnoge je junak, saj je sredi vojne vihre in sredi druga\u010dnega okolja sku\u0161al \u017eiveti o\u010detovo naro\u010dilo, naj bo do vseh dober. Za druge je velik vzgojitelj, ki je z milino in ljubeznijo v daljnih krajih utelesil don Boskov lik. Predvsem pa je Bo\u017eji slu\u017eabnik, saj je ljudem prina\u0161al Jezusa Kristusa, Odre\u0161enika.\" \/>\n<meta property=\"og:url\" content=\"https:\/\/www.salve.si\/en\/trgovina\/knjige\/mladinske\/misijonar-andrej-majcen\/\" \/>\n<meta property=\"og:site_name\" content=\"Salve\" \/>\n<meta property=\"article:publisher\" content=\"https:\/\/www.facebook.com\/salve.si\" \/>\n<meta property=\"article:modified_time\" content=\"2024-01-01T22:00:41+00:00\" \/>\n<meta property=\"og:image\" content=\"https:\/\/www.salve.si\/wp-content\/uploads\/2018\/03\/misijonar-andrej-majcen.jpg\" \/>\n\t<meta property=\"og:image:width\" content=\"800\" \/>\n\t<meta property=\"og:image:height\" content=\"1215\" \/>\n\t<meta property=\"og:image:type\" content=\"image\/jpeg\" \/>\n<meta name=\"twitter:card\" content=\"summary_large_image\" \/>\n<meta name=\"twitter:label1\" content=\"Est. reading time\" \/>\n\t<meta name=\"twitter:data1\" content=\"1 minute\" \/>\n<script type=\"application\/ld+json\" class=\"yoast-schema-graph\">{\"@context\":\"https:\/\/schema.org\",\"@graph\":[{\"@type\":\"WebPage\",\"@id\":\"https:\/\/www.salve.si\/trgovina\/knjige\/mladinske\/misijonar-andrej-majcen\/\",\"url\":\"https:\/\/www.salve.si\/trgovina\/knjige\/mladinske\/misijonar-andrej-majcen\/\",\"name\":\"Misijonar Andrej Majcen - Salve\",\"isPartOf\":{\"@id\":\"https:\/\/www.salve.si\/#website\"},\"primaryImageOfPage\":{\"@id\":\"https:\/\/www.salve.si\/trgovina\/knjige\/mladinske\/misijonar-andrej-majcen\/#primaryimage\"},\"image\":{\"@id\":\"https:\/\/www.salve.si\/trgovina\/knjige\/mladinske\/misijonar-andrej-majcen\/#primaryimage\"},\"thumbnailUrl\":\"https:\/\/www.salve.si\/wp-content\/uploads\/2018\/03\/misijonar-andrej-majcen.jpg\",\"datePublished\":\"2013-12-30T09:00:17+00:00\",\"dateModified\":\"2024-01-01T22:00:41+00:00\",\"breadcrumb\":{\"@id\":\"https:\/\/www.salve.si\/trgovina\/knjige\/mladinske\/misijonar-andrej-majcen\/#breadcrumb\"},\"inLanguage\":\"en-US\",\"potentialAction\":[{\"@type\":\"ReadAction\",\"target\":[\"https:\/\/www.salve.si\/trgovina\/knjige\/mladinske\/misijonar-andrej-majcen\/\"]}]},{\"@type\":\"ImageObject\",\"inLanguage\":\"en-US\",\"@id\":\"https:\/\/www.salve.si\/trgovina\/knjige\/mladinske\/misijonar-andrej-majcen\/#primaryimage\",\"url\":\"https:\/\/www.salve.si\/wp-content\/uploads\/2018\/03\/misijonar-andrej-majcen.jpg\",\"contentUrl\":\"https:\/\/www.salve.si\/wp-content\/uploads\/2018\/03\/misijonar-andrej-majcen.jpg\",\"width\":800,\"height\":1215},{\"@type\":\"BreadcrumbList\",\"@id\":\"https:\/\/www.salve.si\/trgovina\/knjige\/mladinske\/misijonar-andrej-majcen\/#breadcrumb\",\"itemListElement\":[{\"@type\":\"ListItem\",\"position\":1,\"name\":\"Home\",\"item\":\"https:\/\/www.salve.si\/\"},{\"@type\":\"ListItem\",\"position\":2,\"name\":\"Trgovina\",\"item\":\"https:\/\/www.salve.si\/trgovina\/\"},{\"@type\":\"ListItem\",\"position\":3,\"name\":\"Misijonar Andrej Majcen\"}]},{\"@type\":\"WebSite\",\"@id\":\"https:\/\/www.salve.si\/#website\",\"url\":\"https:\/\/www.salve.si\/\",\"name\":\"Salve\",\"description\":\"Salezijanska zalo\u017eba\",\"publisher\":{\"@id\":\"https:\/\/www.salve.si\/#organization\"},\"potentialAction\":[{\"@type\":\"SearchAction\",\"target\":{\"@type\":\"EntryPoint\",\"urlTemplate\":\"https:\/\/www.salve.si\/?s={search_term_string}\"},\"query-input\":{\"@type\":\"PropertyValueSpecification\",\"valueRequired\":true,\"valueName\":\"search_term_string\"}}],\"inLanguage\":\"en-US\"},{\"@type\":\"Organization\",\"@id\":\"https:\/\/www.salve.si\/#organization\",\"name\":\"Salve d.o.o.\",\"url\":\"https:\/\/www.salve.si\/\",\"logo\":{\"@type\":\"ImageObject\",\"inLanguage\":\"en-US\",\"@id\":\"https:\/\/www.salve.si\/#\/schema\/logo\/image\/\",\"url\":\"https:\/\/www.salve.si\/wp-content\/uploads\/2021\/01\/Salve_logo_modri_nov_web.png\",\"contentUrl\":\"https:\/\/www.salve.si\/wp-content\/uploads\/2021\/01\/Salve_logo_modri_nov_web.png\",\"width\":279,\"height\":90,\"caption\":\"Salve d.o.o.\"},\"image\":{\"@id\":\"https:\/\/www.salve.si\/#\/schema\/logo\/image\/\"},\"sameAs\":[\"https:\/\/www.facebook.com\/salve.si\",\"https:\/\/www.instagram.com\/zalozbasalve\/\",\"https:\/\/www.linkedin.com\/company\/zalozba-salve\/\"]}]}<\/script>\n<!-- \/ Yoast SEO plugin. -->","yoast_head_json":{"title":"Misijonar Andrej Majcen - Salve","robots":{"index":"index","follow":"follow","max-snippet":"max-snippet:-1","max-image-preview":"max-image-preview:large","max-video-preview":"max-video-preview:-1"},"canonical":"https:\/\/www.salve.si\/en\/trgovina\/knjige\/mladinske\/misijonar-andrej-majcen\/","og_locale":"en_US","og_type":"article","og_title":"Misijonar Andrej Majcen - Salve","og_description":"V stripu je predstavljena \u017eivljenjska zgodba salezijanskega misijonarja Andreja Majcna.  Na Kitajskem, v Vietnamu in zadnja leta v Sloveniji je bil pri\u010da Bo\u017eje dobrote med ljudmi. Za mnoge je junak, saj je sredi vojne vihre in sredi druga\u010dnega okolja sku\u0161al \u017eiveti o\u010detovo naro\u010dilo, naj bo do vseh dober. Za druge je velik vzgojitelj, ki je z milino in ljubeznijo v daljnih krajih utelesil don Boskov lik. Predvsem pa je Bo\u017eji slu\u017eabnik, saj je ljudem prina\u0161al Jezusa Kristusa, Odre\u0161enika.","og_url":"https:\/\/www.salve.si\/en\/trgovina\/knjige\/mladinske\/misijonar-andrej-majcen\/","og_site_name":"Salve","article_publisher":"https:\/\/www.facebook.com\/salve.si","article_modified_time":"2024-01-01T22:00:41+00:00","og_image":[{"width":800,"height":1215,"url":"https:\/\/www.salve.si\/wp-content\/uploads\/2018\/03\/misijonar-andrej-majcen.jpg","type":"image\/jpeg"}],"twitter_card":"summary_large_image","twitter_misc":{"Est. reading time":"1 minute"},"schema":{"@context":"https:\/\/schema.org","@graph":[{"@type":"WebPage","@id":"https:\/\/www.salve.si\/trgovina\/knjige\/mladinske\/misijonar-andrej-majcen\/","url":"https:\/\/www.salve.si\/trgovina\/knjige\/mladinske\/misijonar-andrej-majcen\/","name":"Misijonar Andrej Majcen - Salve","isPartOf":{"@id":"https:\/\/www.salve.si\/#website"},"primaryImageOfPage":{"@id":"https:\/\/www.salve.si\/trgovina\/knjige\/mladinske\/misijonar-andrej-majcen\/#primaryimage"},"image":{"@id":"https:\/\/www.salve.si\/trgovina\/knjige\/mladinske\/misijonar-andrej-majcen\/#primaryimage"},"thumbnailUrl":"https:\/\/www.salve.si\/wp-content\/uploads\/2018\/03\/misijonar-andrej-majcen.jpg","datePublished":"2013-12-30T09:00:17+00:00","dateModified":"2024-01-01T22:00:41+00:00","breadcrumb":{"@id":"https:\/\/www.salve.si\/trgovina\/knjige\/mladinske\/misijonar-andrej-majcen\/#breadcrumb"},"inLanguage":"en-US","potentialAction":[{"@type":"ReadAction","target":["https:\/\/www.salve.si\/trgovina\/knjige\/mladinske\/misijonar-andrej-majcen\/"]}]},{"@type":"ImageObject","inLanguage":"en-US","@id":"https:\/\/www.salve.si\/trgovina\/knjige\/mladinske\/misijonar-andrej-majcen\/#primaryimage","url":"https:\/\/www.salve.si\/wp-content\/uploads\/2018\/03\/misijonar-andrej-majcen.jpg","contentUrl":"https:\/\/www.salve.si\/wp-content\/uploads\/2018\/03\/misijonar-andrej-majcen.jpg","width":800,"height":1215},{"@type":"BreadcrumbList","@id":"https:\/\/www.salve.si\/trgovina\/knjige\/mladinske\/misijonar-andrej-majcen\/#breadcrumb","itemListElement":[{"@type":"ListItem","position":1,"name":"Home","item":"https:\/\/www.salve.si\/"},{"@type":"ListItem","position":2,"name":"Trgovina","item":"https:\/\/www.salve.si\/trgovina\/"},{"@type":"ListItem","position":3,"name":"Misijonar Andrej Majcen"}]},{"@type":"WebSite","@id":"https:\/\/www.salve.si\/#website","url":"https:\/\/www.salve.si\/","name":"Salve","description":"Salezijanska zalo\u017eba","publisher":{"@id":"https:\/\/www.salve.si\/#organization"},"potentialAction":[{"@type":"SearchAction","target":{"@type":"EntryPoint","urlTemplate":"https:\/\/www.salve.si\/?s={search_term_string}"},"query-input":{"@type":"PropertyValueSpecification","valueRequired":true,"valueName":"search_term_string"}}],"inLanguage":"en-US"},{"@type":"Organization","@id":"https:\/\/www.salve.si\/#organization","name":"Salve d.o.o.","url":"https:\/\/www.salve.si\/","logo":{"@type":"ImageObject","inLanguage":"en-US","@id":"https:\/\/www.salve.si\/#\/schema\/logo\/image\/","url":"https:\/\/www.salve.si\/wp-content\/uploads\/2021\/01\/Salve_logo_modri_nov_web.png","contentUrl":"https:\/\/www.salve.si\/wp-content\/uploads\/2021\/01\/Salve_logo_modri_nov_web.png","width":279,"height":90,"caption":"Salve d.o.o."},"image":{"@id":"https:\/\/www.salve.si\/#\/schema\/logo\/image\/"},"sameAs":["https:\/\/www.facebook.com\/salve.si","https:\/\/www.instagram.com\/zalozbasalve\/","https:\/\/www.linkedin.com\/company\/zalozba-salve\/"]}]}},"_links":{"self":[{"href":"https:\/\/www.salve.si\/en\/wp-json\/wp\/v2\/product\/2891","targetHints":{"allow":["GET"]}}],"collection":[{"href":"https:\/\/www.salve.si\/en\/wp-json\/wp\/v2\/product"}],"about":[{"href":"https:\/\/www.salve.si\/en\/wp-json\/wp\/v2\/types\/product"}],"version-history":[{"count":2,"href":"https:\/\/www.salve.si\/en\/wp-json\/wp\/v2\/product\/2891\/revisions"}],"predecessor-version":[{"id":16388,"href":"https:\/\/www.salve.si\/en\/wp-json\/wp\/v2\/product\/2891\/revisions\/16388"}],"wp:featuredmedia":[{"embeddable":true,"href":"https:\/\/www.salve.si\/en\/wp-json\/wp\/v2\/media\/2892"}],"wp:attachment":[{"href":"https:\/\/www.salve.si\/en\/wp-json\/wp\/v2\/media?parent=2891"}],"wp:term":[{"taxonomy":"product_cat","embeddable":true,"href":"https:\/\/www.salve.si\/en\/wp-json\/wp\/v2\/product_cat?post=2891"},{"taxonomy":"product_tag","embeddable":true,"href":"https:\/\/www.salve.si\/en\/wp-json\/wp\/v2\/product_tag?post=2891"}],"curies":[{"name":"wp","href":"https:\/\/api.w.org\/{rel}","templated":true}]}}