{"id":2885,"date":"2013-11-26T10:00:32","date_gmt":"2013-11-26T09:00:32","guid":{"rendered":"http:\/\/2018.salve.si\/?post_type=product&#038;p=2885"},"modified":"2018-08-23T13:26:03","modified_gmt":"2018-08-23T11:26:03","slug":"ziveti-z-vero-je-drugace","status":"publish","type":"product","link":"https:\/\/www.salve.si\/en\/trgovina\/knjige\/smarnice\/ziveti-z-vero-je-drugace\/","title":{"rendered":"\u017diveti z vero je druga\u010de"},"content":{"rendered":"<p>Spoznali bomo dru\u017eino Praznik. Trije otroci z atijem in mamico sklenejo, da se bodo v mesecu maju vsak ve\u010der skupaj pogovorili o kak\u0161nem vidiku vere, ki jih \u017euli ali pa ga ne razumejo dobro. Njihovi pogovori se su\u010dejo okoli pomena molitve, ma\u0161e, zakramentov, greha in drugih vpra\u0161anj.<\/p>\n<p>Branje zajame tudi preprosto razlago nedeljske bo\u017eje besede in praznikov, ki jih obhajamo v mesecu maju. Praznikovi se v svojem iskanju obra\u010dajo tudi na Marijo, ki je zgled vere, v \u0161marnicah pa je \u017eivo prisotna z vzklikom, ki sledi vsakodnevnemu branju.<\/p>\n<p>\u0160marni\u010dno branje spodbuja dru\u017eine, da se o temi tistega dneva pogovorijo \u0161e sami doma. Prina\u0161ajo pa tudi posebne spodbude v obliki preprostih nalog, ki so zapisane na listi\u010dih. Ko je naloga izpolnjena, bodo otroci listi\u010d nalepili na poseben plakat ter tako sestavljali podobo Marije, ki moli z apostoli ter dvajsetih skrivnosti ro\u017enega venca.<span class=\"slv-content-keywords\"> Peter \u017dakelj Ur\u0161ka Smerkolj \u0160marnice <\/span><\/p>","protected":false},"excerpt":{"rendered":"<p>Leto\u0161nje \u0161marnice \u017eelijo predstaviti vpra\u0161anja vere, s katerimi se sre\u010duje verna dru\u017eina danes.<br \/>\nZakaj hoditi k sveti ma\u0161i, zakaj moliti, kaj pridobimo z zakramenti, kaj je greh, za kaj se je v \u017eivljenju vredno truditi, zakaj se spla\u010da \u017eiveti z vero &#8230;<br \/>\n\u0160marnice, ki so nastale v letu vere, \u017eelijo na ta in podobna vpra\u0161anja najti preproste, a jasne odgovore. Na ta na\u010din \u017eelijo biti opora otrokom pri njihovem iskanju, pa tudi spodbuda star\u0161em, ki se pri izpolnjevanju svojega poslanstva ve\u010dkrat znajdejo v zadregi.<\/p>","protected":false},"featured_media":2886,"template":"","meta":{"_acf_changed":false,"footnotes":""},"product_cat":[642],"product_tag":[],"class_list":{"0":"post-2885","1":"product","2":"type-product","3":"status-publish","4":"has-post-thumbnail","6":"authors-peter-zakelj","7":"authors-urska-smerkolj","8":"publisher-salve-d-o-o-ljubljana","9":"product_cat-smarnice","11":"first","12":"instock","13":"shipping-taxable","14":"purchasable","15":"product-type-simple"},"acf":[],"yoast_head":"<!-- This site is optimized with the Yoast SEO plugin v23.8 - https:\/\/yoast.com\/wordpress\/plugins\/seo\/ -->\n<title>\u017diveti z vero je druga\u010de - Salve<\/title>\n<meta name=\"robots\" content=\"index, follow, max-snippet:-1, max-image-preview:large, max-video-preview:-1\" \/>\n<link rel=\"canonical\" href=\"https:\/\/www.salve.si\/en\/trgovina\/knjige\/smarnice\/ziveti-z-vero-je-drugace\/\" \/>\n<meta property=\"og:locale\" content=\"en_US\" \/>\n<meta property=\"og:type\" content=\"article\" \/>\n<meta property=\"og:title\" content=\"\u017diveti z vero je druga\u010de - Salve\" \/>\n<meta property=\"og:description\" content=\"Leto\u0161nje \u0161marnice \u017eelijo predstaviti vpra\u0161anja vere, s katerimi se sre\u010duje verna dru\u017eina danes. Zakaj hoditi k sveti ma\u0161i, zakaj moliti, kaj pridobimo z zakramenti, kaj je greh, za kaj se je v \u017eivljenju vredno truditi, zakaj se spla\u010da \u017eiveti z vero ... \u0160marnice, ki so nastale v letu vere, \u017eelijo na ta in podobna vpra\u0161anja najti preproste, a jasne odgovore. Na ta na\u010din \u017eelijo biti opora otrokom pri njihovem iskanju, pa tudi spodbuda star\u0161em, ki se pri izpolnjevanju svojega poslanstva ve\u010dkrat znajdejo v zadregi.\" \/>\n<meta property=\"og:url\" content=\"https:\/\/www.salve.si\/en\/trgovina\/knjige\/smarnice\/ziveti-z-vero-je-drugace\/\" \/>\n<meta property=\"og:site_name\" content=\"Salve\" \/>\n<meta property=\"article:publisher\" content=\"https:\/\/www.facebook.com\/salve.si\" \/>\n<meta property=\"article:modified_time\" content=\"2018-08-23T11:26:03+00:00\" \/>\n<meta property=\"og:image\" content=\"https:\/\/www.salve.si\/wp-content\/uploads\/2018\/03\/ziveti-z-vero-je-drugace_smarnice_urska-smerkolj-in-peter-zakelj_2013.jpg\" \/>\n\t<meta property=\"og:image:width\" content=\"1797\" \/>\n\t<meta property=\"og:image:height\" content=\"2471\" \/>\n\t<meta property=\"og:image:type\" content=\"image\/jpeg\" \/>\n<meta name=\"twitter:card\" content=\"summary_large_image\" \/>\n<meta name=\"twitter:label1\" content=\"Est. reading time\" \/>\n\t<meta name=\"twitter:data1\" content=\"1 minute\" \/>\n<script type=\"application\/ld+json\" class=\"yoast-schema-graph\">{\"@context\":\"https:\/\/schema.org\",\"@graph\":[{\"@type\":\"WebPage\",\"@id\":\"https:\/\/www.salve.si\/trgovina\/knjige\/smarnice\/ziveti-z-vero-je-drugace\/\",\"url\":\"https:\/\/www.salve.si\/trgovina\/knjige\/smarnice\/ziveti-z-vero-je-drugace\/\",\"name\":\"\u017diveti z vero je druga\u010de - Salve\",\"isPartOf\":{\"@id\":\"https:\/\/www.salve.si\/#website\"},\"primaryImageOfPage\":{\"@id\":\"https:\/\/www.salve.si\/trgovina\/knjige\/smarnice\/ziveti-z-vero-je-drugace\/#primaryimage\"},\"image\":{\"@id\":\"https:\/\/www.salve.si\/trgovina\/knjige\/smarnice\/ziveti-z-vero-je-drugace\/#primaryimage\"},\"thumbnailUrl\":\"https:\/\/www.salve.si\/wp-content\/uploads\/2018\/03\/ziveti-z-vero-je-drugace_smarnice_urska-smerkolj-in-peter-zakelj_2013.jpg\",\"datePublished\":\"2013-11-26T09:00:32+00:00\",\"dateModified\":\"2018-08-23T11:26:03+00:00\",\"breadcrumb\":{\"@id\":\"https:\/\/www.salve.si\/trgovina\/knjige\/smarnice\/ziveti-z-vero-je-drugace\/#breadcrumb\"},\"inLanguage\":\"en-US\",\"potentialAction\":[{\"@type\":\"ReadAction\",\"target\":[\"https:\/\/www.salve.si\/trgovina\/knjige\/smarnice\/ziveti-z-vero-je-drugace\/\"]}]},{\"@type\":\"ImageObject\",\"inLanguage\":\"en-US\",\"@id\":\"https:\/\/www.salve.si\/trgovina\/knjige\/smarnice\/ziveti-z-vero-je-drugace\/#primaryimage\",\"url\":\"https:\/\/www.salve.si\/wp-content\/uploads\/2018\/03\/ziveti-z-vero-je-drugace_smarnice_urska-smerkolj-in-peter-zakelj_2013.jpg\",\"contentUrl\":\"https:\/\/www.salve.si\/wp-content\/uploads\/2018\/03\/ziveti-z-vero-je-drugace_smarnice_urska-smerkolj-in-peter-zakelj_2013.jpg\",\"width\":1797,\"height\":2471},{\"@type\":\"BreadcrumbList\",\"@id\":\"https:\/\/www.salve.si\/trgovina\/knjige\/smarnice\/ziveti-z-vero-je-drugace\/#breadcrumb\",\"itemListElement\":[{\"@type\":\"ListItem\",\"position\":1,\"name\":\"Home\",\"item\":\"https:\/\/www.salve.si\/\"},{\"@type\":\"ListItem\",\"position\":2,\"name\":\"Trgovina\",\"item\":\"https:\/\/www.salve.si\/trgovina\/\"},{\"@type\":\"ListItem\",\"position\":3,\"name\":\"\u017diveti z vero je druga\u010de\"}]},{\"@type\":\"WebSite\",\"@id\":\"https:\/\/www.salve.si\/#website\",\"url\":\"https:\/\/www.salve.si\/\",\"name\":\"Salve\",\"description\":\"Salezijanska zalo\u017eba\",\"publisher\":{\"@id\":\"https:\/\/www.salve.si\/#organization\"},\"potentialAction\":[{\"@type\":\"SearchAction\",\"target\":{\"@type\":\"EntryPoint\",\"urlTemplate\":\"https:\/\/www.salve.si\/?s={search_term_string}\"},\"query-input\":{\"@type\":\"PropertyValueSpecification\",\"valueRequired\":true,\"valueName\":\"search_term_string\"}}],\"inLanguage\":\"en-US\"},{\"@type\":\"Organization\",\"@id\":\"https:\/\/www.salve.si\/#organization\",\"name\":\"Salve d.o.o.\",\"url\":\"https:\/\/www.salve.si\/\",\"logo\":{\"@type\":\"ImageObject\",\"inLanguage\":\"en-US\",\"@id\":\"https:\/\/www.salve.si\/#\/schema\/logo\/image\/\",\"url\":\"https:\/\/www.salve.si\/wp-content\/uploads\/2021\/01\/Salve_logo_modri_nov_web.png\",\"contentUrl\":\"https:\/\/www.salve.si\/wp-content\/uploads\/2021\/01\/Salve_logo_modri_nov_web.png\",\"width\":279,\"height\":90,\"caption\":\"Salve d.o.o.\"},\"image\":{\"@id\":\"https:\/\/www.salve.si\/#\/schema\/logo\/image\/\"},\"sameAs\":[\"https:\/\/www.facebook.com\/salve.si\",\"https:\/\/www.instagram.com\/zalozbasalve\/\",\"https:\/\/www.linkedin.com\/company\/zalozba-salve\/\"]}]}<\/script>\n<!-- \/ Yoast SEO plugin. -->","yoast_head_json":{"title":"\u017diveti z vero je druga\u010de - Salve","robots":{"index":"index","follow":"follow","max-snippet":"max-snippet:-1","max-image-preview":"max-image-preview:large","max-video-preview":"max-video-preview:-1"},"canonical":"https:\/\/www.salve.si\/en\/trgovina\/knjige\/smarnice\/ziveti-z-vero-je-drugace\/","og_locale":"en_US","og_type":"article","og_title":"\u017diveti z vero je druga\u010de - Salve","og_description":"Leto\u0161nje \u0161marnice \u017eelijo predstaviti vpra\u0161anja vere, s katerimi se sre\u010duje verna dru\u017eina danes. Zakaj hoditi k sveti ma\u0161i, zakaj moliti, kaj pridobimo z zakramenti, kaj je greh, za kaj se je v \u017eivljenju vredno truditi, zakaj se spla\u010da \u017eiveti z vero ... \u0160marnice, ki so nastale v letu vere, \u017eelijo na ta in podobna vpra\u0161anja najti preproste, a jasne odgovore. Na ta na\u010din \u017eelijo biti opora otrokom pri njihovem iskanju, pa tudi spodbuda star\u0161em, ki se pri izpolnjevanju svojega poslanstva ve\u010dkrat znajdejo v zadregi.","og_url":"https:\/\/www.salve.si\/en\/trgovina\/knjige\/smarnice\/ziveti-z-vero-je-drugace\/","og_site_name":"Salve","article_publisher":"https:\/\/www.facebook.com\/salve.si","article_modified_time":"2018-08-23T11:26:03+00:00","og_image":[{"width":1797,"height":2471,"url":"https:\/\/www.salve.si\/wp-content\/uploads\/2018\/03\/ziveti-z-vero-je-drugace_smarnice_urska-smerkolj-in-peter-zakelj_2013.jpg","type":"image\/jpeg"}],"twitter_card":"summary_large_image","twitter_misc":{"Est. reading time":"1 minute"},"schema":{"@context":"https:\/\/schema.org","@graph":[{"@type":"WebPage","@id":"https:\/\/www.salve.si\/trgovina\/knjige\/smarnice\/ziveti-z-vero-je-drugace\/","url":"https:\/\/www.salve.si\/trgovina\/knjige\/smarnice\/ziveti-z-vero-je-drugace\/","name":"\u017diveti z vero je druga\u010de - Salve","isPartOf":{"@id":"https:\/\/www.salve.si\/#website"},"primaryImageOfPage":{"@id":"https:\/\/www.salve.si\/trgovina\/knjige\/smarnice\/ziveti-z-vero-je-drugace\/#primaryimage"},"image":{"@id":"https:\/\/www.salve.si\/trgovina\/knjige\/smarnice\/ziveti-z-vero-je-drugace\/#primaryimage"},"thumbnailUrl":"https:\/\/www.salve.si\/wp-content\/uploads\/2018\/03\/ziveti-z-vero-je-drugace_smarnice_urska-smerkolj-in-peter-zakelj_2013.jpg","datePublished":"2013-11-26T09:00:32+00:00","dateModified":"2018-08-23T11:26:03+00:00","breadcrumb":{"@id":"https:\/\/www.salve.si\/trgovina\/knjige\/smarnice\/ziveti-z-vero-je-drugace\/#breadcrumb"},"inLanguage":"en-US","potentialAction":[{"@type":"ReadAction","target":["https:\/\/www.salve.si\/trgovina\/knjige\/smarnice\/ziveti-z-vero-je-drugace\/"]}]},{"@type":"ImageObject","inLanguage":"en-US","@id":"https:\/\/www.salve.si\/trgovina\/knjige\/smarnice\/ziveti-z-vero-je-drugace\/#primaryimage","url":"https:\/\/www.salve.si\/wp-content\/uploads\/2018\/03\/ziveti-z-vero-je-drugace_smarnice_urska-smerkolj-in-peter-zakelj_2013.jpg","contentUrl":"https:\/\/www.salve.si\/wp-content\/uploads\/2018\/03\/ziveti-z-vero-je-drugace_smarnice_urska-smerkolj-in-peter-zakelj_2013.jpg","width":1797,"height":2471},{"@type":"BreadcrumbList","@id":"https:\/\/www.salve.si\/trgovina\/knjige\/smarnice\/ziveti-z-vero-je-drugace\/#breadcrumb","itemListElement":[{"@type":"ListItem","position":1,"name":"Home","item":"https:\/\/www.salve.si\/"},{"@type":"ListItem","position":2,"name":"Trgovina","item":"https:\/\/www.salve.si\/trgovina\/"},{"@type":"ListItem","position":3,"name":"\u017diveti z vero je druga\u010de"}]},{"@type":"WebSite","@id":"https:\/\/www.salve.si\/#website","url":"https:\/\/www.salve.si\/","name":"Salve","description":"Salezijanska zalo\u017eba","publisher":{"@id":"https:\/\/www.salve.si\/#organization"},"potentialAction":[{"@type":"SearchAction","target":{"@type":"EntryPoint","urlTemplate":"https:\/\/www.salve.si\/?s={search_term_string}"},"query-input":{"@type":"PropertyValueSpecification","valueRequired":true,"valueName":"search_term_string"}}],"inLanguage":"en-US"},{"@type":"Organization","@id":"https:\/\/www.salve.si\/#organization","name":"Salve d.o.o.","url":"https:\/\/www.salve.si\/","logo":{"@type":"ImageObject","inLanguage":"en-US","@id":"https:\/\/www.salve.si\/#\/schema\/logo\/image\/","url":"https:\/\/www.salve.si\/wp-content\/uploads\/2021\/01\/Salve_logo_modri_nov_web.png","contentUrl":"https:\/\/www.salve.si\/wp-content\/uploads\/2021\/01\/Salve_logo_modri_nov_web.png","width":279,"height":90,"caption":"Salve d.o.o."},"image":{"@id":"https:\/\/www.salve.si\/#\/schema\/logo\/image\/"},"sameAs":["https:\/\/www.facebook.com\/salve.si","https:\/\/www.instagram.com\/zalozbasalve\/","https:\/\/www.linkedin.com\/company\/zalozba-salve\/"]}]}},"_links":{"self":[{"href":"https:\/\/www.salve.si\/en\/wp-json\/wp\/v2\/product\/2885","targetHints":{"allow":["GET"]}}],"collection":[{"href":"https:\/\/www.salve.si\/en\/wp-json\/wp\/v2\/product"}],"about":[{"href":"https:\/\/www.salve.si\/en\/wp-json\/wp\/v2\/types\/product"}],"version-history":[{"count":0,"href":"https:\/\/www.salve.si\/en\/wp-json\/wp\/v2\/product\/2885\/revisions"}],"wp:featuredmedia":[{"embeddable":true,"href":"https:\/\/www.salve.si\/en\/wp-json\/wp\/v2\/media\/2886"}],"wp:attachment":[{"href":"https:\/\/www.salve.si\/en\/wp-json\/wp\/v2\/media?parent=2885"}],"wp:term":[{"taxonomy":"product_cat","embeddable":true,"href":"https:\/\/www.salve.si\/en\/wp-json\/wp\/v2\/product_cat?post=2885"},{"taxonomy":"product_tag","embeddable":true,"href":"https:\/\/www.salve.si\/en\/wp-json\/wp\/v2\/product_tag?post=2885"}],"curies":[{"name":"wp","href":"https:\/\/api.w.org\/{rel}","templated":true}]}}