{"id":2879,"date":"2013-11-26T10:00:11","date_gmt":"2013-11-26T09:00:11","guid":{"rendered":"http:\/\/2018.salve.si\/?post_type=product&#038;p=2879"},"modified":"2022-12-01T00:01:05","modified_gmt":"2022-11-30T23:01:05","slug":"vzgajajmo-z-don-boskovim-srcem","status":"publish","type":"product","link":"https:\/\/www.salve.si\/en\/trgovina\/knjige\/prirocniki\/vzgajajmo-z-don-boskovim-srcem\/","title":{"rendered":"Vzgajajmo z don Boskovim srcem"},"content":{"rendered":"<p>Po pripisu h glavnemu naslovu, v katerem je beseda \u00bbspremenjena\u00ab, lahko sklepamo, da je ta popolnej\u0161a od prej\u0161njih, bolj dore\u010dena, popravljena, bolj domi\u0161ljena. Od 216. do 348. strani so poleg raznih preglednic don Boskovi pedago\u0161ki spisi in pisma, ki razodevajo skrivnost uspe\u0161ne vzgoje mladih.<\/p>\n<p>V tem priro\u010dniku bi \u017eelel zlasti mladim ponuditi nekaj kamen\u010dkov za podobo velikega vzgojitelja mladine. Zlo\u017eili naj bi jo kot mozaik \u2013 sveto podobo v svoji du\u0161i in v svojem \u017eivljenju, da bi don Bosko za\u017eivel v njih in bi z njim dosegli sre\u010do svojih \u017eivljenjskih sanj.<br \/>\nSpis \u017eeli biti priro\u010dnik za vse, ki bi radi spoznali vzgojo Janeza Boska, najprej pa za mlade. Star\u0161em, vzgojiteljem in drugim, ki bi se radi nau\u010dili \u0161e kaj s podro\u010dja vzgoje, je ponujen na posku\u0161njo. Ko ga boste preizkusili, ga boste lahko obogatili in ga ponudili \u0161e drugim, ki bi radi pili iz bogastva don Boskovega duha.<br \/>\n(Knjigi na pot, Tone Ciglar)<\/p>\n<p><span class=\"slv-content-keywords\"> Tone Ciglar Priro\u010dniki don Bosko preventivni sistem vzgoja Preventivni vzgojni sistem sv. Janeza Boska Erna Pucihar <\/span><\/p>","protected":false},"excerpt":{"rendered":"<p>Tretja, spremenjena izdaja knjige Rad vas imam.<\/p>\n<p>Avtor te odli\u010dne knjige razgrinja pred nami stran za stranjo vzgojni sistem sv. Janeza Boska, ki je danes bolj kot kdaj koli prej cenjen kot umetnost, njegova pedagogika pa je br\u017e ko ne edina omembe vredna alternativa dana\u0161nji pedago\u0161ki praznini in prav zato nujnosti.<br \/>\n(Knjigi na pot, A. Slavko Snoj)<\/p>","protected":false},"featured_media":12665,"template":"","meta":{"_acf_changed":false,"footnotes":""},"product_cat":[316],"product_tag":[843,1008,725],"class_list":{"0":"post-2879","1":"product","2":"type-product","3":"status-publish","4":"has-post-thumbnail","6":"authors-tone-ciglar","7":"publisher-salve-d-o-o-ljubljana","8":"product_cat-prirocniki","9":"product_tag-don-bosko","10":"product_tag-preventivni-sistem","11":"product_tag-vzgoja","13":"first","14":"instock","15":"shipping-taxable","16":"purchasable","17":"product-type-simple"},"acf":[],"yoast_head":"<!-- This site is optimized with the Yoast SEO plugin v23.8 - https:\/\/yoast.com\/wordpress\/plugins\/seo\/ -->\n<title>Vzgajajmo z don Boskovim srcem - Salve<\/title>\n<meta name=\"robots\" content=\"index, follow, max-snippet:-1, max-image-preview:large, max-video-preview:-1\" \/>\n<link rel=\"canonical\" href=\"https:\/\/www.salve.si\/en\/trgovina\/knjige\/prirocniki\/vzgajajmo-z-don-boskovim-srcem\/\" \/>\n<meta property=\"og:locale\" content=\"en_US\" \/>\n<meta property=\"og:type\" content=\"article\" \/>\n<meta property=\"og:title\" content=\"Vzgajajmo z don Boskovim srcem - Salve\" \/>\n<meta property=\"og:description\" content=\"Tretja, spremenjena izdaja knjige Rad vas imam.  Avtor te odli\u010dne knjige razgrinja pred nami stran za stranjo vzgojni sistem sv. Janeza Boska, ki je danes bolj kot kdaj koli prej cenjen kot umetnost, njegova pedagogika pa je br\u017e ko ne edina omembe vredna alternativa dana\u0161nji pedago\u0161ki praznini in prav zato nujnosti. (Knjigi na pot, A. Slavko Snoj)\" \/>\n<meta property=\"og:url\" content=\"https:\/\/www.salve.si\/en\/trgovina\/knjige\/prirocniki\/vzgajajmo-z-don-boskovim-srcem\/\" \/>\n<meta property=\"og:site_name\" content=\"Salve\" \/>\n<meta property=\"article:publisher\" content=\"https:\/\/www.facebook.com\/salve.si\" \/>\n<meta property=\"article:modified_time\" content=\"2022-11-30T23:01:05+00:00\" \/>\n<meta property=\"og:image\" content=\"https:\/\/www.salve.si\/wp-content\/uploads\/2013\/11\/Vzgajajmo-z-don-Boskovim-srcem.jpg\" \/>\n\t<meta property=\"og:image:width\" content=\"474\" \/>\n\t<meta property=\"og:image:height\" content=\"743\" \/>\n\t<meta property=\"og:image:type\" content=\"image\/jpeg\" \/>\n<meta name=\"twitter:card\" content=\"summary_large_image\" \/>\n<meta name=\"twitter:label1\" content=\"Est. reading time\" \/>\n\t<meta name=\"twitter:data1\" content=\"1 minute\" \/>\n<script type=\"application\/ld+json\" class=\"yoast-schema-graph\">{\"@context\":\"https:\/\/schema.org\",\"@graph\":[{\"@type\":\"WebPage\",\"@id\":\"https:\/\/www.salve.si\/trgovina\/knjige\/prirocniki\/vzgajajmo-z-don-boskovim-srcem\/\",\"url\":\"https:\/\/www.salve.si\/trgovina\/knjige\/prirocniki\/vzgajajmo-z-don-boskovim-srcem\/\",\"name\":\"Vzgajajmo z don Boskovim srcem - Salve\",\"isPartOf\":{\"@id\":\"https:\/\/www.salve.si\/#website\"},\"primaryImageOfPage\":{\"@id\":\"https:\/\/www.salve.si\/trgovina\/knjige\/prirocniki\/vzgajajmo-z-don-boskovim-srcem\/#primaryimage\"},\"image\":{\"@id\":\"https:\/\/www.salve.si\/trgovina\/knjige\/prirocniki\/vzgajajmo-z-don-boskovim-srcem\/#primaryimage\"},\"thumbnailUrl\":\"https:\/\/www.salve.si\/wp-content\/uploads\/2013\/11\/Vzgajajmo-z-don-Boskovim-srcem.jpg\",\"datePublished\":\"2013-11-26T09:00:11+00:00\",\"dateModified\":\"2022-11-30T23:01:05+00:00\",\"breadcrumb\":{\"@id\":\"https:\/\/www.salve.si\/trgovina\/knjige\/prirocniki\/vzgajajmo-z-don-boskovim-srcem\/#breadcrumb\"},\"inLanguage\":\"en-US\",\"potentialAction\":[{\"@type\":\"ReadAction\",\"target\":[\"https:\/\/www.salve.si\/trgovina\/knjige\/prirocniki\/vzgajajmo-z-don-boskovim-srcem\/\"]}]},{\"@type\":\"ImageObject\",\"inLanguage\":\"en-US\",\"@id\":\"https:\/\/www.salve.si\/trgovina\/knjige\/prirocniki\/vzgajajmo-z-don-boskovim-srcem\/#primaryimage\",\"url\":\"https:\/\/www.salve.si\/wp-content\/uploads\/2013\/11\/Vzgajajmo-z-don-Boskovim-srcem.jpg\",\"contentUrl\":\"https:\/\/www.salve.si\/wp-content\/uploads\/2013\/11\/Vzgajajmo-z-don-Boskovim-srcem.jpg\",\"width\":474,\"height\":743},{\"@type\":\"BreadcrumbList\",\"@id\":\"https:\/\/www.salve.si\/trgovina\/knjige\/prirocniki\/vzgajajmo-z-don-boskovim-srcem\/#breadcrumb\",\"itemListElement\":[{\"@type\":\"ListItem\",\"position\":1,\"name\":\"Home\",\"item\":\"https:\/\/www.salve.si\/\"},{\"@type\":\"ListItem\",\"position\":2,\"name\":\"Trgovina\",\"item\":\"https:\/\/www.salve.si\/trgovina\/\"},{\"@type\":\"ListItem\",\"position\":3,\"name\":\"Vzgajajmo z don Boskovim srcem\"}]},{\"@type\":\"WebSite\",\"@id\":\"https:\/\/www.salve.si\/#website\",\"url\":\"https:\/\/www.salve.si\/\",\"name\":\"Salve\",\"description\":\"Salezijanska zalo\u017eba\",\"publisher\":{\"@id\":\"https:\/\/www.salve.si\/#organization\"},\"potentialAction\":[{\"@type\":\"SearchAction\",\"target\":{\"@type\":\"EntryPoint\",\"urlTemplate\":\"https:\/\/www.salve.si\/?s={search_term_string}\"},\"query-input\":{\"@type\":\"PropertyValueSpecification\",\"valueRequired\":true,\"valueName\":\"search_term_string\"}}],\"inLanguage\":\"en-US\"},{\"@type\":\"Organization\",\"@id\":\"https:\/\/www.salve.si\/#organization\",\"name\":\"Salve d.o.o.\",\"url\":\"https:\/\/www.salve.si\/\",\"logo\":{\"@type\":\"ImageObject\",\"inLanguage\":\"en-US\",\"@id\":\"https:\/\/www.salve.si\/#\/schema\/logo\/image\/\",\"url\":\"https:\/\/www.salve.si\/wp-content\/uploads\/2021\/01\/Salve_logo_modri_nov_web.png\",\"contentUrl\":\"https:\/\/www.salve.si\/wp-content\/uploads\/2021\/01\/Salve_logo_modri_nov_web.png\",\"width\":279,\"height\":90,\"caption\":\"Salve d.o.o.\"},\"image\":{\"@id\":\"https:\/\/www.salve.si\/#\/schema\/logo\/image\/\"},\"sameAs\":[\"https:\/\/www.facebook.com\/salve.si\",\"https:\/\/www.instagram.com\/zalozbasalve\/\",\"https:\/\/www.linkedin.com\/company\/zalozba-salve\/\"]}]}<\/script>\n<!-- \/ Yoast SEO plugin. -->","yoast_head_json":{"title":"Vzgajajmo z don Boskovim srcem - Salve","robots":{"index":"index","follow":"follow","max-snippet":"max-snippet:-1","max-image-preview":"max-image-preview:large","max-video-preview":"max-video-preview:-1"},"canonical":"https:\/\/www.salve.si\/en\/trgovina\/knjige\/prirocniki\/vzgajajmo-z-don-boskovim-srcem\/","og_locale":"en_US","og_type":"article","og_title":"Vzgajajmo z don Boskovim srcem - Salve","og_description":"Tretja, spremenjena izdaja knjige Rad vas imam.  Avtor te odli\u010dne knjige razgrinja pred nami stran za stranjo vzgojni sistem sv. Janeza Boska, ki je danes bolj kot kdaj koli prej cenjen kot umetnost, njegova pedagogika pa je br\u017e ko ne edina omembe vredna alternativa dana\u0161nji pedago\u0161ki praznini in prav zato nujnosti. (Knjigi na pot, A. Slavko Snoj)","og_url":"https:\/\/www.salve.si\/en\/trgovina\/knjige\/prirocniki\/vzgajajmo-z-don-boskovim-srcem\/","og_site_name":"Salve","article_publisher":"https:\/\/www.facebook.com\/salve.si","article_modified_time":"2022-11-30T23:01:05+00:00","og_image":[{"width":474,"height":743,"url":"https:\/\/www.salve.si\/wp-content\/uploads\/2013\/11\/Vzgajajmo-z-don-Boskovim-srcem.jpg","type":"image\/jpeg"}],"twitter_card":"summary_large_image","twitter_misc":{"Est. reading time":"1 minute"},"schema":{"@context":"https:\/\/schema.org","@graph":[{"@type":"WebPage","@id":"https:\/\/www.salve.si\/trgovina\/knjige\/prirocniki\/vzgajajmo-z-don-boskovim-srcem\/","url":"https:\/\/www.salve.si\/trgovina\/knjige\/prirocniki\/vzgajajmo-z-don-boskovim-srcem\/","name":"Vzgajajmo z don Boskovim srcem - Salve","isPartOf":{"@id":"https:\/\/www.salve.si\/#website"},"primaryImageOfPage":{"@id":"https:\/\/www.salve.si\/trgovina\/knjige\/prirocniki\/vzgajajmo-z-don-boskovim-srcem\/#primaryimage"},"image":{"@id":"https:\/\/www.salve.si\/trgovina\/knjige\/prirocniki\/vzgajajmo-z-don-boskovim-srcem\/#primaryimage"},"thumbnailUrl":"https:\/\/www.salve.si\/wp-content\/uploads\/2013\/11\/Vzgajajmo-z-don-Boskovim-srcem.jpg","datePublished":"2013-11-26T09:00:11+00:00","dateModified":"2022-11-30T23:01:05+00:00","breadcrumb":{"@id":"https:\/\/www.salve.si\/trgovina\/knjige\/prirocniki\/vzgajajmo-z-don-boskovim-srcem\/#breadcrumb"},"inLanguage":"en-US","potentialAction":[{"@type":"ReadAction","target":["https:\/\/www.salve.si\/trgovina\/knjige\/prirocniki\/vzgajajmo-z-don-boskovim-srcem\/"]}]},{"@type":"ImageObject","inLanguage":"en-US","@id":"https:\/\/www.salve.si\/trgovina\/knjige\/prirocniki\/vzgajajmo-z-don-boskovim-srcem\/#primaryimage","url":"https:\/\/www.salve.si\/wp-content\/uploads\/2013\/11\/Vzgajajmo-z-don-Boskovim-srcem.jpg","contentUrl":"https:\/\/www.salve.si\/wp-content\/uploads\/2013\/11\/Vzgajajmo-z-don-Boskovim-srcem.jpg","width":474,"height":743},{"@type":"BreadcrumbList","@id":"https:\/\/www.salve.si\/trgovina\/knjige\/prirocniki\/vzgajajmo-z-don-boskovim-srcem\/#breadcrumb","itemListElement":[{"@type":"ListItem","position":1,"name":"Home","item":"https:\/\/www.salve.si\/"},{"@type":"ListItem","position":2,"name":"Trgovina","item":"https:\/\/www.salve.si\/trgovina\/"},{"@type":"ListItem","position":3,"name":"Vzgajajmo z don Boskovim srcem"}]},{"@type":"WebSite","@id":"https:\/\/www.salve.si\/#website","url":"https:\/\/www.salve.si\/","name":"Salve","description":"Salezijanska zalo\u017eba","publisher":{"@id":"https:\/\/www.salve.si\/#organization"},"potentialAction":[{"@type":"SearchAction","target":{"@type":"EntryPoint","urlTemplate":"https:\/\/www.salve.si\/?s={search_term_string}"},"query-input":{"@type":"PropertyValueSpecification","valueRequired":true,"valueName":"search_term_string"}}],"inLanguage":"en-US"},{"@type":"Organization","@id":"https:\/\/www.salve.si\/#organization","name":"Salve d.o.o.","url":"https:\/\/www.salve.si\/","logo":{"@type":"ImageObject","inLanguage":"en-US","@id":"https:\/\/www.salve.si\/#\/schema\/logo\/image\/","url":"https:\/\/www.salve.si\/wp-content\/uploads\/2021\/01\/Salve_logo_modri_nov_web.png","contentUrl":"https:\/\/www.salve.si\/wp-content\/uploads\/2021\/01\/Salve_logo_modri_nov_web.png","width":279,"height":90,"caption":"Salve d.o.o."},"image":{"@id":"https:\/\/www.salve.si\/#\/schema\/logo\/image\/"},"sameAs":["https:\/\/www.facebook.com\/salve.si","https:\/\/www.instagram.com\/zalozbasalve\/","https:\/\/www.linkedin.com\/company\/zalozba-salve\/"]}]}},"_links":{"self":[{"href":"https:\/\/www.salve.si\/en\/wp-json\/wp\/v2\/product\/2879","targetHints":{"allow":["GET"]}}],"collection":[{"href":"https:\/\/www.salve.si\/en\/wp-json\/wp\/v2\/product"}],"about":[{"href":"https:\/\/www.salve.si\/en\/wp-json\/wp\/v2\/types\/product"}],"version-history":[{"count":2,"href":"https:\/\/www.salve.si\/en\/wp-json\/wp\/v2\/product\/2879\/revisions"}],"predecessor-version":[{"id":16225,"href":"https:\/\/www.salve.si\/en\/wp-json\/wp\/v2\/product\/2879\/revisions\/16225"}],"wp:featuredmedia":[{"embeddable":true,"href":"https:\/\/www.salve.si\/en\/wp-json\/wp\/v2\/media\/12665"}],"wp:attachment":[{"href":"https:\/\/www.salve.si\/en\/wp-json\/wp\/v2\/media?parent=2879"}],"wp:term":[{"taxonomy":"product_cat","embeddable":true,"href":"https:\/\/www.salve.si\/en\/wp-json\/wp\/v2\/product_cat?post=2879"},{"taxonomy":"product_tag","embeddable":true,"href":"https:\/\/www.salve.si\/en\/wp-json\/wp\/v2\/product_tag?post=2879"}],"curies":[{"name":"wp","href":"https:\/\/api.w.org\/{rel}","templated":true}]}}