{"id":2870,"date":"2013-11-26T10:00:49","date_gmt":"2013-11-26T09:00:49","guid":{"rendered":"http:\/\/2018.salve.si\/?post_type=product&#038;p=2870"},"modified":"2020-11-14T10:22:57","modified_gmt":"2020-11-14T09:22:57","slug":"ucenci-smo-vsi-enako","status":"publish","type":"product","link":"https:\/\/www.salve.si\/en\/trgovina\/knjige\/razno-knjige\/ucenci-smo-vsi-enako\/","title":{"rendered":"U\u010denci smo vsi enako"},"content":{"rendered":"<p>Bil je \u010dlovek, ki ga je Bog poslal.<\/p>\n<p>Tako je re\u010deno na za\u010detku Janezovega evangelija (1,6). Tako smemo re\u010di za za\u010detek uskovni\u0161kega gibanja tudi mi. Ime mu je Jo\u017ee. Jo\u017ee Vidic! Dosti pobud spo\u010dnejo ljudje na raznih podro\u010djih.<br \/>\nNekatere so kakor muhe enodnevnice, druge, \u010de jih navdihuje Duh, pa \u017eivijo z njegovo mo\u010djo.<\/p>\n<p>Med pri\u010devanji v tem zborniku najdem tudi naslov: Bog, ti si faca! Ta slog me zgrabi, da bi uvodniku zbornika ob 25-letnici Uskovni\u0161kih tednov dal naslov: Jo\u017ee, ti si pojem (po starem), ali Jo\u017ee je zakon! A zapisalo se je druga\u010de. Za zgodovino petindvajsetih let, ki jih je dobri Bog predvidel, mi ne. In \u0161e posebej za prihodnost vas, ki ste voditelji, predavatelji in udele\u017eenci letos, in tistih, katerih &#8220;\u017eivljenjska pot je speljana preko Uskovnice&#8221; (A. Gabrijel).<\/p>\n<p>Iskrene \u010destitke sobratu Jo\u017eetu za to njegovo \u017eivljenjsko delo, in vse priznanje salezijanski mladinski pastorali \u2013 v njenem osr\u010dju se oblikujejo Uskovni\u0161ki tedni: voditeljem, predavateljem, sodelavcem, udele\u017eenkam in udele\u017eencem, z \u017eeljo, da bi ne le na Uskovnici bile &#8220;zvezde videti druga\u010de&#8221; (S. Pozni\u010d Cvetko); tudi v vsem va\u0161em \u017eivljenju naj vam vedno svetijo kakor ne\u0161teti briljanti, ki jih dobri Bog trosi na va\u0161e \u017eivljenjske poti. Ta Bo\u017eji blagoslov kli\u010de na vas po materinski pripro\u0161nji Marije Pomo\u010dnice dr. Alojzij Slavko Snoj, salezijanski predstojnik.<br \/>\n<span class=\"slv-content-keywords\"> Razno zbornik Uskovnica mladi Zbornik ob 25. letnici Uskovni\u0161kih tednov <\/span><\/p>","protected":false},"excerpt":{"rendered":"<p><strong>Zbornik ob 25. letnici Uskovni\u0161kih tednov<\/strong><\/p>\n<p>Nastal je ob 25-letnici uskovni\u0161kih tednov, tednov za usposabljanje \u017eupnijskih sodelavcev.<\/p>","protected":false},"featured_media":12658,"template":"","meta":{"_acf_changed":false,"footnotes":""},"product_cat":[663],"product_tag":[806,1004,1003],"class_list":{"0":"post-2870","1":"product","2":"type-product","3":"status-publish","4":"has-post-thumbnail","6":"publisher-salve-d-o-o-ljubljana","7":"product_cat-razno-knjige","8":"product_tag-mladi","9":"product_tag-uskovnica","10":"product_tag-zbornik","12":"first","13":"instock","14":"shipping-taxable","15":"purchasable","16":"product-type-simple"},"acf":[],"yoast_head":"<!-- This site is optimized with the Yoast SEO plugin v23.8 - https:\/\/yoast.com\/wordpress\/plugins\/seo\/ -->\n<title>U\u010denci smo vsi enako - Salve<\/title>\n<meta name=\"robots\" content=\"index, follow, max-snippet:-1, max-image-preview:large, max-video-preview:-1\" \/>\n<link rel=\"canonical\" href=\"https:\/\/www.salve.si\/en\/trgovina\/knjige\/razno-knjige\/ucenci-smo-vsi-enako\/\" \/>\n<meta property=\"og:locale\" content=\"en_US\" \/>\n<meta property=\"og:type\" content=\"article\" \/>\n<meta property=\"og:title\" content=\"U\u010denci smo vsi enako - Salve\" \/>\n<meta property=\"og:description\" content=\"Zbornik ob 25. letnici Uskovni\u0161kih tednov  Nastal je ob 25-letnici uskovni\u0161kih tednov, tednov za usposabljanje \u017eupnijskih sodelavcev.\" \/>\n<meta property=\"og:url\" content=\"https:\/\/www.salve.si\/en\/trgovina\/knjige\/razno-knjige\/ucenci-smo-vsi-enako\/\" \/>\n<meta property=\"og:site_name\" content=\"Salve\" \/>\n<meta property=\"article:publisher\" content=\"https:\/\/www.facebook.com\/salve.si\" \/>\n<meta property=\"article:modified_time\" content=\"2020-11-14T09:22:57+00:00\" \/>\n<meta property=\"og:image\" content=\"https:\/\/www.salve.si\/wp-content\/uploads\/2013\/11\/Ucenci-smo-vsi-enako.jpg\" \/>\n\t<meta property=\"og:image:width\" content=\"474\" \/>\n\t<meta property=\"og:image:height\" content=\"625\" \/>\n\t<meta property=\"og:image:type\" content=\"image\/jpeg\" \/>\n<meta name=\"twitter:card\" content=\"summary_large_image\" \/>\n<meta name=\"twitter:label1\" content=\"Est. reading time\" \/>\n\t<meta name=\"twitter:data1\" content=\"1 minute\" \/>\n<script type=\"application\/ld+json\" class=\"yoast-schema-graph\">{\"@context\":\"https:\/\/schema.org\",\"@graph\":[{\"@type\":\"WebPage\",\"@id\":\"https:\/\/www.salve.si\/trgovina\/knjige\/razno-knjige\/ucenci-smo-vsi-enako\/\",\"url\":\"https:\/\/www.salve.si\/trgovina\/knjige\/razno-knjige\/ucenci-smo-vsi-enako\/\",\"name\":\"U\u010denci smo vsi enako - Salve\",\"isPartOf\":{\"@id\":\"https:\/\/www.salve.si\/#website\"},\"primaryImageOfPage\":{\"@id\":\"https:\/\/www.salve.si\/trgovina\/knjige\/razno-knjige\/ucenci-smo-vsi-enako\/#primaryimage\"},\"image\":{\"@id\":\"https:\/\/www.salve.si\/trgovina\/knjige\/razno-knjige\/ucenci-smo-vsi-enako\/#primaryimage\"},\"thumbnailUrl\":\"https:\/\/www.salve.si\/wp-content\/uploads\/2013\/11\/Ucenci-smo-vsi-enako.jpg\",\"datePublished\":\"2013-11-26T09:00:49+00:00\",\"dateModified\":\"2020-11-14T09:22:57+00:00\",\"breadcrumb\":{\"@id\":\"https:\/\/www.salve.si\/trgovina\/knjige\/razno-knjige\/ucenci-smo-vsi-enako\/#breadcrumb\"},\"inLanguage\":\"en-US\",\"potentialAction\":[{\"@type\":\"ReadAction\",\"target\":[\"https:\/\/www.salve.si\/trgovina\/knjige\/razno-knjige\/ucenci-smo-vsi-enako\/\"]}]},{\"@type\":\"ImageObject\",\"inLanguage\":\"en-US\",\"@id\":\"https:\/\/www.salve.si\/trgovina\/knjige\/razno-knjige\/ucenci-smo-vsi-enako\/#primaryimage\",\"url\":\"https:\/\/www.salve.si\/wp-content\/uploads\/2013\/11\/Ucenci-smo-vsi-enako.jpg\",\"contentUrl\":\"https:\/\/www.salve.si\/wp-content\/uploads\/2013\/11\/Ucenci-smo-vsi-enako.jpg\",\"width\":474,\"height\":625},{\"@type\":\"BreadcrumbList\",\"@id\":\"https:\/\/www.salve.si\/trgovina\/knjige\/razno-knjige\/ucenci-smo-vsi-enako\/#breadcrumb\",\"itemListElement\":[{\"@type\":\"ListItem\",\"position\":1,\"name\":\"Home\",\"item\":\"https:\/\/www.salve.si\/\"},{\"@type\":\"ListItem\",\"position\":2,\"name\":\"Trgovina\",\"item\":\"https:\/\/www.salve.si\/trgovina\/\"},{\"@type\":\"ListItem\",\"position\":3,\"name\":\"U\u010denci smo vsi enako\"}]},{\"@type\":\"WebSite\",\"@id\":\"https:\/\/www.salve.si\/#website\",\"url\":\"https:\/\/www.salve.si\/\",\"name\":\"Salve\",\"description\":\"Salezijanska zalo\u017eba\",\"publisher\":{\"@id\":\"https:\/\/www.salve.si\/#organization\"},\"potentialAction\":[{\"@type\":\"SearchAction\",\"target\":{\"@type\":\"EntryPoint\",\"urlTemplate\":\"https:\/\/www.salve.si\/?s={search_term_string}\"},\"query-input\":{\"@type\":\"PropertyValueSpecification\",\"valueRequired\":true,\"valueName\":\"search_term_string\"}}],\"inLanguage\":\"en-US\"},{\"@type\":\"Organization\",\"@id\":\"https:\/\/www.salve.si\/#organization\",\"name\":\"Salve d.o.o.\",\"url\":\"https:\/\/www.salve.si\/\",\"logo\":{\"@type\":\"ImageObject\",\"inLanguage\":\"en-US\",\"@id\":\"https:\/\/www.salve.si\/#\/schema\/logo\/image\/\",\"url\":\"https:\/\/www.salve.si\/wp-content\/uploads\/2021\/01\/Salve_logo_modri_nov_web.png\",\"contentUrl\":\"https:\/\/www.salve.si\/wp-content\/uploads\/2021\/01\/Salve_logo_modri_nov_web.png\",\"width\":279,\"height\":90,\"caption\":\"Salve d.o.o.\"},\"image\":{\"@id\":\"https:\/\/www.salve.si\/#\/schema\/logo\/image\/\"},\"sameAs\":[\"https:\/\/www.facebook.com\/salve.si\",\"https:\/\/www.instagram.com\/zalozbasalve\/\",\"https:\/\/www.linkedin.com\/company\/zalozba-salve\/\"]}]}<\/script>\n<!-- \/ Yoast SEO plugin. -->","yoast_head_json":{"title":"U\u010denci smo vsi enako - Salve","robots":{"index":"index","follow":"follow","max-snippet":"max-snippet:-1","max-image-preview":"max-image-preview:large","max-video-preview":"max-video-preview:-1"},"canonical":"https:\/\/www.salve.si\/en\/trgovina\/knjige\/razno-knjige\/ucenci-smo-vsi-enako\/","og_locale":"en_US","og_type":"article","og_title":"U\u010denci smo vsi enako - Salve","og_description":"Zbornik ob 25. letnici Uskovni\u0161kih tednov  Nastal je ob 25-letnici uskovni\u0161kih tednov, tednov za usposabljanje \u017eupnijskih sodelavcev.","og_url":"https:\/\/www.salve.si\/en\/trgovina\/knjige\/razno-knjige\/ucenci-smo-vsi-enako\/","og_site_name":"Salve","article_publisher":"https:\/\/www.facebook.com\/salve.si","article_modified_time":"2020-11-14T09:22:57+00:00","og_image":[{"width":474,"height":625,"url":"https:\/\/www.salve.si\/wp-content\/uploads\/2013\/11\/Ucenci-smo-vsi-enako.jpg","type":"image\/jpeg"}],"twitter_card":"summary_large_image","twitter_misc":{"Est. reading time":"1 minute"},"schema":{"@context":"https:\/\/schema.org","@graph":[{"@type":"WebPage","@id":"https:\/\/www.salve.si\/trgovina\/knjige\/razno-knjige\/ucenci-smo-vsi-enako\/","url":"https:\/\/www.salve.si\/trgovina\/knjige\/razno-knjige\/ucenci-smo-vsi-enako\/","name":"U\u010denci smo vsi enako - Salve","isPartOf":{"@id":"https:\/\/www.salve.si\/#website"},"primaryImageOfPage":{"@id":"https:\/\/www.salve.si\/trgovina\/knjige\/razno-knjige\/ucenci-smo-vsi-enako\/#primaryimage"},"image":{"@id":"https:\/\/www.salve.si\/trgovina\/knjige\/razno-knjige\/ucenci-smo-vsi-enako\/#primaryimage"},"thumbnailUrl":"https:\/\/www.salve.si\/wp-content\/uploads\/2013\/11\/Ucenci-smo-vsi-enako.jpg","datePublished":"2013-11-26T09:00:49+00:00","dateModified":"2020-11-14T09:22:57+00:00","breadcrumb":{"@id":"https:\/\/www.salve.si\/trgovina\/knjige\/razno-knjige\/ucenci-smo-vsi-enako\/#breadcrumb"},"inLanguage":"en-US","potentialAction":[{"@type":"ReadAction","target":["https:\/\/www.salve.si\/trgovina\/knjige\/razno-knjige\/ucenci-smo-vsi-enako\/"]}]},{"@type":"ImageObject","inLanguage":"en-US","@id":"https:\/\/www.salve.si\/trgovina\/knjige\/razno-knjige\/ucenci-smo-vsi-enako\/#primaryimage","url":"https:\/\/www.salve.si\/wp-content\/uploads\/2013\/11\/Ucenci-smo-vsi-enako.jpg","contentUrl":"https:\/\/www.salve.si\/wp-content\/uploads\/2013\/11\/Ucenci-smo-vsi-enako.jpg","width":474,"height":625},{"@type":"BreadcrumbList","@id":"https:\/\/www.salve.si\/trgovina\/knjige\/razno-knjige\/ucenci-smo-vsi-enako\/#breadcrumb","itemListElement":[{"@type":"ListItem","position":1,"name":"Home","item":"https:\/\/www.salve.si\/"},{"@type":"ListItem","position":2,"name":"Trgovina","item":"https:\/\/www.salve.si\/trgovina\/"},{"@type":"ListItem","position":3,"name":"U\u010denci smo vsi enako"}]},{"@type":"WebSite","@id":"https:\/\/www.salve.si\/#website","url":"https:\/\/www.salve.si\/","name":"Salve","description":"Salezijanska zalo\u017eba","publisher":{"@id":"https:\/\/www.salve.si\/#organization"},"potentialAction":[{"@type":"SearchAction","target":{"@type":"EntryPoint","urlTemplate":"https:\/\/www.salve.si\/?s={search_term_string}"},"query-input":{"@type":"PropertyValueSpecification","valueRequired":true,"valueName":"search_term_string"}}],"inLanguage":"en-US"},{"@type":"Organization","@id":"https:\/\/www.salve.si\/#organization","name":"Salve d.o.o.","url":"https:\/\/www.salve.si\/","logo":{"@type":"ImageObject","inLanguage":"en-US","@id":"https:\/\/www.salve.si\/#\/schema\/logo\/image\/","url":"https:\/\/www.salve.si\/wp-content\/uploads\/2021\/01\/Salve_logo_modri_nov_web.png","contentUrl":"https:\/\/www.salve.si\/wp-content\/uploads\/2021\/01\/Salve_logo_modri_nov_web.png","width":279,"height":90,"caption":"Salve d.o.o."},"image":{"@id":"https:\/\/www.salve.si\/#\/schema\/logo\/image\/"},"sameAs":["https:\/\/www.facebook.com\/salve.si","https:\/\/www.instagram.com\/zalozbasalve\/","https:\/\/www.linkedin.com\/company\/zalozba-salve\/"]}]}},"_links":{"self":[{"href":"https:\/\/www.salve.si\/en\/wp-json\/wp\/v2\/product\/2870","targetHints":{"allow":["GET"]}}],"collection":[{"href":"https:\/\/www.salve.si\/en\/wp-json\/wp\/v2\/product"}],"about":[{"href":"https:\/\/www.salve.si\/en\/wp-json\/wp\/v2\/types\/product"}],"version-history":[{"count":1,"href":"https:\/\/www.salve.si\/en\/wp-json\/wp\/v2\/product\/2870\/revisions"}],"predecessor-version":[{"id":12659,"href":"https:\/\/www.salve.si\/en\/wp-json\/wp\/v2\/product\/2870\/revisions\/12659"}],"wp:featuredmedia":[{"embeddable":true,"href":"https:\/\/www.salve.si\/en\/wp-json\/wp\/v2\/media\/12658"}],"wp:attachment":[{"href":"https:\/\/www.salve.si\/en\/wp-json\/wp\/v2\/media?parent=2870"}],"wp:term":[{"taxonomy":"product_cat","embeddable":true,"href":"https:\/\/www.salve.si\/en\/wp-json\/wp\/v2\/product_cat?post=2870"},{"taxonomy":"product_tag","embeddable":true,"href":"https:\/\/www.salve.si\/en\/wp-json\/wp\/v2\/product_tag?post=2870"}],"curies":[{"name":"wp","href":"https:\/\/api.w.org\/{rel}","templated":true}]}}