{"id":2867,"date":"2013-11-26T10:00:04","date_gmt":"2013-11-26T09:00:04","guid":{"rendered":"http:\/\/2018.salve.si\/?post_type=product&#038;p=2867"},"modified":"2018-08-23T13:26:44","modified_gmt":"2018-08-23T11:26:44","slug":"tu-moj-je-podpis","status":"publish","type":"product","link":"https:\/\/www.salve.si\/en\/trgovina\/knjige\/leposlovje\/tu-moj-je-podpis\/","title":{"rendered":"Tu moj je podpis"},"content":{"rendered":"<p>Vse sporo\u010dilne enote so spontano nastajale na njegovi prehojeni poti (30 let katoli\u0161ki \u010dasnikar, 35 let gimnazijski profesor, mentor \u0161tudentskih skupin in kulturnih ve\u010derov).<span class=\"slv-content-keywords\"> Jo\u017ee Zadravec Leposlovje Avtobiografije, \u017eivljenjepisi <\/span><\/p>","protected":false},"excerpt":{"rendered":"<p>Na skoraj 500 strani (osem poglavij) avtor ume\u0161\u010da veliko pripovednih enot: spoznanja, do\u017eivetja, nagovore, sre\u010danja, meditacije, \u010drtice, refleksije.<\/p>","protected":false},"featured_media":2868,"template":"","meta":{"_acf_changed":false,"footnotes":""},"product_cat":[315,312],"product_tag":[],"class_list":{"0":"post-2867","1":"product","2":"type-product","3":"status-publish","4":"has-post-thumbnail","6":"authors-joze-zadravec","7":"publisher-salve-d-o-o-ljubljana","8":"product_cat-svetniki-in-zivljenjepisi","9":"product_cat-leposlovje","11":"first","12":"instock","13":"shipping-taxable","14":"purchasable","15":"product-type-simple"},"acf":[],"yoast_head":"<!-- This site is optimized with the Yoast SEO plugin v23.8 - https:\/\/yoast.com\/wordpress\/plugins\/seo\/ -->\n<title>Tu moj je podpis - Salve<\/title>\n<meta name=\"robots\" content=\"index, follow, max-snippet:-1, max-image-preview:large, max-video-preview:-1\" \/>\n<link rel=\"canonical\" href=\"https:\/\/www.salve.si\/en\/trgovina\/knjige\/leposlovje\/tu-moj-je-podpis\/\" \/>\n<meta property=\"og:locale\" content=\"en_US\" \/>\n<meta property=\"og:type\" content=\"article\" \/>\n<meta property=\"og:title\" content=\"Tu moj je podpis - Salve\" \/>\n<meta property=\"og:description\" content=\"Na skoraj 500 strani (osem poglavij) avtor ume\u0161\u010da veliko pripovednih enot: spoznanja, do\u017eivetja, nagovore, sre\u010danja, meditacije, \u010drtice, refleksije.\" \/>\n<meta property=\"og:url\" content=\"https:\/\/www.salve.si\/en\/trgovina\/knjige\/leposlovje\/tu-moj-je-podpis\/\" \/>\n<meta property=\"og:site_name\" content=\"Salve\" \/>\n<meta property=\"article:publisher\" content=\"https:\/\/www.facebook.com\/salve.si\" \/>\n<meta property=\"article:modified_time\" content=\"2018-08-23T11:26:44+00:00\" \/>\n<meta property=\"og:image\" content=\"https:\/\/www.salve.si\/wp-content\/uploads\/2018\/03\/tu-moj-je-podpis_joze-zadravec_2008.jpg\" \/>\n\t<meta property=\"og:image:width\" content=\"1922\" \/>\n\t<meta property=\"og:image:height\" content=\"2672\" \/>\n\t<meta property=\"og:image:type\" content=\"image\/jpeg\" \/>\n<meta name=\"twitter:card\" content=\"summary_large_image\" \/>\n<script type=\"application\/ld+json\" class=\"yoast-schema-graph\">{\"@context\":\"https:\/\/schema.org\",\"@graph\":[{\"@type\":\"WebPage\",\"@id\":\"https:\/\/www.salve.si\/trgovina\/knjige\/leposlovje\/tu-moj-je-podpis\/\",\"url\":\"https:\/\/www.salve.si\/trgovina\/knjige\/leposlovje\/tu-moj-je-podpis\/\",\"name\":\"Tu moj je podpis - Salve\",\"isPartOf\":{\"@id\":\"https:\/\/www.salve.si\/#website\"},\"primaryImageOfPage\":{\"@id\":\"https:\/\/www.salve.si\/trgovina\/knjige\/leposlovje\/tu-moj-je-podpis\/#primaryimage\"},\"image\":{\"@id\":\"https:\/\/www.salve.si\/trgovina\/knjige\/leposlovje\/tu-moj-je-podpis\/#primaryimage\"},\"thumbnailUrl\":\"https:\/\/www.salve.si\/wp-content\/uploads\/2018\/03\/tu-moj-je-podpis_joze-zadravec_2008.jpg\",\"datePublished\":\"2013-11-26T09:00:04+00:00\",\"dateModified\":\"2018-08-23T11:26:44+00:00\",\"breadcrumb\":{\"@id\":\"https:\/\/www.salve.si\/trgovina\/knjige\/leposlovje\/tu-moj-je-podpis\/#breadcrumb\"},\"inLanguage\":\"en-US\",\"potentialAction\":[{\"@type\":\"ReadAction\",\"target\":[\"https:\/\/www.salve.si\/trgovina\/knjige\/leposlovje\/tu-moj-je-podpis\/\"]}]},{\"@type\":\"ImageObject\",\"inLanguage\":\"en-US\",\"@id\":\"https:\/\/www.salve.si\/trgovina\/knjige\/leposlovje\/tu-moj-je-podpis\/#primaryimage\",\"url\":\"https:\/\/www.salve.si\/wp-content\/uploads\/2018\/03\/tu-moj-je-podpis_joze-zadravec_2008.jpg\",\"contentUrl\":\"https:\/\/www.salve.si\/wp-content\/uploads\/2018\/03\/tu-moj-je-podpis_joze-zadravec_2008.jpg\",\"width\":1922,\"height\":2672},{\"@type\":\"BreadcrumbList\",\"@id\":\"https:\/\/www.salve.si\/trgovina\/knjige\/leposlovje\/tu-moj-je-podpis\/#breadcrumb\",\"itemListElement\":[{\"@type\":\"ListItem\",\"position\":1,\"name\":\"Home\",\"item\":\"https:\/\/www.salve.si\/\"},{\"@type\":\"ListItem\",\"position\":2,\"name\":\"Trgovina\",\"item\":\"https:\/\/www.salve.si\/trgovina\/\"},{\"@type\":\"ListItem\",\"position\":3,\"name\":\"Tu moj je podpis\"}]},{\"@type\":\"WebSite\",\"@id\":\"https:\/\/www.salve.si\/#website\",\"url\":\"https:\/\/www.salve.si\/\",\"name\":\"Salve\",\"description\":\"Salezijanska zalo\u017eba\",\"publisher\":{\"@id\":\"https:\/\/www.salve.si\/#organization\"},\"potentialAction\":[{\"@type\":\"SearchAction\",\"target\":{\"@type\":\"EntryPoint\",\"urlTemplate\":\"https:\/\/www.salve.si\/?s={search_term_string}\"},\"query-input\":{\"@type\":\"PropertyValueSpecification\",\"valueRequired\":true,\"valueName\":\"search_term_string\"}}],\"inLanguage\":\"en-US\"},{\"@type\":\"Organization\",\"@id\":\"https:\/\/www.salve.si\/#organization\",\"name\":\"Salve d.o.o.\",\"url\":\"https:\/\/www.salve.si\/\",\"logo\":{\"@type\":\"ImageObject\",\"inLanguage\":\"en-US\",\"@id\":\"https:\/\/www.salve.si\/#\/schema\/logo\/image\/\",\"url\":\"https:\/\/www.salve.si\/wp-content\/uploads\/2021\/01\/Salve_logo_modri_nov_web.png\",\"contentUrl\":\"https:\/\/www.salve.si\/wp-content\/uploads\/2021\/01\/Salve_logo_modri_nov_web.png\",\"width\":279,\"height\":90,\"caption\":\"Salve d.o.o.\"},\"image\":{\"@id\":\"https:\/\/www.salve.si\/#\/schema\/logo\/image\/\"},\"sameAs\":[\"https:\/\/www.facebook.com\/salve.si\",\"https:\/\/www.instagram.com\/zalozbasalve\/\",\"https:\/\/www.linkedin.com\/company\/zalozba-salve\/\"]}]}<\/script>\n<!-- \/ Yoast SEO plugin. -->","yoast_head_json":{"title":"Tu moj je podpis - Salve","robots":{"index":"index","follow":"follow","max-snippet":"max-snippet:-1","max-image-preview":"max-image-preview:large","max-video-preview":"max-video-preview:-1"},"canonical":"https:\/\/www.salve.si\/en\/trgovina\/knjige\/leposlovje\/tu-moj-je-podpis\/","og_locale":"en_US","og_type":"article","og_title":"Tu moj je podpis - Salve","og_description":"Na skoraj 500 strani (osem poglavij) avtor ume\u0161\u010da veliko pripovednih enot: spoznanja, do\u017eivetja, nagovore, sre\u010danja, meditacije, \u010drtice, refleksije.","og_url":"https:\/\/www.salve.si\/en\/trgovina\/knjige\/leposlovje\/tu-moj-je-podpis\/","og_site_name":"Salve","article_publisher":"https:\/\/www.facebook.com\/salve.si","article_modified_time":"2018-08-23T11:26:44+00:00","og_image":[{"width":1922,"height":2672,"url":"https:\/\/www.salve.si\/wp-content\/uploads\/2018\/03\/tu-moj-je-podpis_joze-zadravec_2008.jpg","type":"image\/jpeg"}],"twitter_card":"summary_large_image","schema":{"@context":"https:\/\/schema.org","@graph":[{"@type":"WebPage","@id":"https:\/\/www.salve.si\/trgovina\/knjige\/leposlovje\/tu-moj-je-podpis\/","url":"https:\/\/www.salve.si\/trgovina\/knjige\/leposlovje\/tu-moj-je-podpis\/","name":"Tu moj je podpis - Salve","isPartOf":{"@id":"https:\/\/www.salve.si\/#website"},"primaryImageOfPage":{"@id":"https:\/\/www.salve.si\/trgovina\/knjige\/leposlovje\/tu-moj-je-podpis\/#primaryimage"},"image":{"@id":"https:\/\/www.salve.si\/trgovina\/knjige\/leposlovje\/tu-moj-je-podpis\/#primaryimage"},"thumbnailUrl":"https:\/\/www.salve.si\/wp-content\/uploads\/2018\/03\/tu-moj-je-podpis_joze-zadravec_2008.jpg","datePublished":"2013-11-26T09:00:04+00:00","dateModified":"2018-08-23T11:26:44+00:00","breadcrumb":{"@id":"https:\/\/www.salve.si\/trgovina\/knjige\/leposlovje\/tu-moj-je-podpis\/#breadcrumb"},"inLanguage":"en-US","potentialAction":[{"@type":"ReadAction","target":["https:\/\/www.salve.si\/trgovina\/knjige\/leposlovje\/tu-moj-je-podpis\/"]}]},{"@type":"ImageObject","inLanguage":"en-US","@id":"https:\/\/www.salve.si\/trgovina\/knjige\/leposlovje\/tu-moj-je-podpis\/#primaryimage","url":"https:\/\/www.salve.si\/wp-content\/uploads\/2018\/03\/tu-moj-je-podpis_joze-zadravec_2008.jpg","contentUrl":"https:\/\/www.salve.si\/wp-content\/uploads\/2018\/03\/tu-moj-je-podpis_joze-zadravec_2008.jpg","width":1922,"height":2672},{"@type":"BreadcrumbList","@id":"https:\/\/www.salve.si\/trgovina\/knjige\/leposlovje\/tu-moj-je-podpis\/#breadcrumb","itemListElement":[{"@type":"ListItem","position":1,"name":"Home","item":"https:\/\/www.salve.si\/"},{"@type":"ListItem","position":2,"name":"Trgovina","item":"https:\/\/www.salve.si\/trgovina\/"},{"@type":"ListItem","position":3,"name":"Tu moj je podpis"}]},{"@type":"WebSite","@id":"https:\/\/www.salve.si\/#website","url":"https:\/\/www.salve.si\/","name":"Salve","description":"Salezijanska zalo\u017eba","publisher":{"@id":"https:\/\/www.salve.si\/#organization"},"potentialAction":[{"@type":"SearchAction","target":{"@type":"EntryPoint","urlTemplate":"https:\/\/www.salve.si\/?s={search_term_string}"},"query-input":{"@type":"PropertyValueSpecification","valueRequired":true,"valueName":"search_term_string"}}],"inLanguage":"en-US"},{"@type":"Organization","@id":"https:\/\/www.salve.si\/#organization","name":"Salve d.o.o.","url":"https:\/\/www.salve.si\/","logo":{"@type":"ImageObject","inLanguage":"en-US","@id":"https:\/\/www.salve.si\/#\/schema\/logo\/image\/","url":"https:\/\/www.salve.si\/wp-content\/uploads\/2021\/01\/Salve_logo_modri_nov_web.png","contentUrl":"https:\/\/www.salve.si\/wp-content\/uploads\/2021\/01\/Salve_logo_modri_nov_web.png","width":279,"height":90,"caption":"Salve d.o.o."},"image":{"@id":"https:\/\/www.salve.si\/#\/schema\/logo\/image\/"},"sameAs":["https:\/\/www.facebook.com\/salve.si","https:\/\/www.instagram.com\/zalozbasalve\/","https:\/\/www.linkedin.com\/company\/zalozba-salve\/"]}]}},"_links":{"self":[{"href":"https:\/\/www.salve.si\/en\/wp-json\/wp\/v2\/product\/2867","targetHints":{"allow":["GET"]}}],"collection":[{"href":"https:\/\/www.salve.si\/en\/wp-json\/wp\/v2\/product"}],"about":[{"href":"https:\/\/www.salve.si\/en\/wp-json\/wp\/v2\/types\/product"}],"version-history":[{"count":0,"href":"https:\/\/www.salve.si\/en\/wp-json\/wp\/v2\/product\/2867\/revisions"}],"wp:featuredmedia":[{"embeddable":true,"href":"https:\/\/www.salve.si\/en\/wp-json\/wp\/v2\/media\/2868"}],"wp:attachment":[{"href":"https:\/\/www.salve.si\/en\/wp-json\/wp\/v2\/media?parent=2867"}],"wp:term":[{"taxonomy":"product_cat","embeddable":true,"href":"https:\/\/www.salve.si\/en\/wp-json\/wp\/v2\/product_cat?post=2867"},{"taxonomy":"product_tag","embeddable":true,"href":"https:\/\/www.salve.si\/en\/wp-json\/wp\/v2\/product_tag?post=2867"}],"curies":[{"name":"wp","href":"https:\/\/api.w.org\/{rel}","templated":true}]}}