{"id":2835,"date":"2013-11-26T10:00:51","date_gmt":"2013-11-26T09:00:51","guid":{"rendered":"http:\/\/2018.salve.si\/?post_type=product&#038;p=2835"},"modified":"2024-01-01T23:00:37","modified_gmt":"2024-01-01T22:00:37","slug":"koledarske-uganke-za-spelco-in-mateja","status":"publish","type":"product","link":"https:\/\/www.salve.si\/en\/trgovina\/knjige\/otroske\/koledarske-uganke-za-spelco-in-mateja\/","title":{"rendered":"Koledarske uganke za \u0160pelco in Mateja"},"content":{"rendered":"<p>Otroci imajo radi uganke. Otroci imajo radi tudi zanke. Uganke razre\u0161ijo, zanke razve\u017eejo. \u010cas pa je najve\u010dja uganka. Zato si je \u010dlovek izmislil koledar. To pa vsaj zame ni vedno Bo\u017eji dar, saj je \u010dlovek po njem vedno bolj star kot tudi avtorica teh ugank. Letos praznujem \u017ee okroglo obletnico, zato me nikar ne spra\u0161ujte po matemati\u010dni mno\u017eici mojih let. Zaupala pa vam bom , da sem<br \/>\n\u017ee babica \u0161tirim vnukom, dvema deklicama in dvema de\u010dkoma. Vsi \u017ee hodijo v \u0161olo. Radi re\u0161ujejo uganke \u2013 tudi jezikovne in matemati\u010dne uganke. Ko sta srednja dva vnu\u010dka za\u010dela<br \/>\nobiskovati \u0161olo, sem jim posvetila Uganke dopolnjevanke za Naceta in Polonco.<\/p>\n<p>Zato te koledarske uganke posve\u010dam najstarej\u0161i vnu\u010dki in najmlaj\u0161emu vnu\u010dku in jih naslavljam Koledarske uganke za \u0160pelo in Mateja &#8230;<\/p>\n<p>Oba imata kar preve\u010d nalog in zadol\u017eitev. Morda bosta v teh koledarskih ugankah na\u0161la tudi kak praznik in malo pozabila na naloge in \u0161olo. Takrat bosta lahko obiskala nono in nonota na Primorskem, dedka in mene pa v Ljubljani. Ob cerkvenih praznikih pa gremo lahko skupaj k sveti ma\u0161i.<br \/>\n(iz Uvoda, Alenka Helena Bizjak)<span class=\"slv-content-keywords\"> Alenka Helena Bizjak Posebna ponudba Otro\u0161ke Miklav\u017e Anka Hribar Ko\u0161merl <\/span><\/p>","protected":false},"excerpt":{"rendered":"<p>Uganke so na tematiko pomembnej\u0161ega svetnika ali dogodka v vsakem mesecu \u010dez leto.<br \/>\nSo ilustrirane in primerne za male otroke.<\/p>","protected":false},"featured_media":12656,"template":"","meta":{"_acf_changed":false,"footnotes":""},"product_cat":[709,310],"product_tag":[646],"class_list":{"0":"post-2835","1":"product","2":"type-product","3":"status-publish","4":"has-post-thumbnail","6":"authors-alenka-helena-bizjak","7":"publisher-salve-d-o-o-ljubljana","8":"product_cat-posebna-ponudba","9":"product_cat-otroske","10":"product_tag-miklavz","12":"first","13":"instock","14":"shipping-taxable","15":"purchasable","16":"product-type-simple"},"acf":[],"yoast_head":"<!-- This site is optimized with the Yoast SEO plugin v23.8 - https:\/\/yoast.com\/wordpress\/plugins\/seo\/ -->\n<title>Koledarske uganke za \u0160pelco in Mateja - Salve<\/title>\n<meta name=\"robots\" content=\"index, follow, max-snippet:-1, max-image-preview:large, max-video-preview:-1\" \/>\n<link rel=\"canonical\" href=\"https:\/\/www.salve.si\/en\/trgovina\/knjige\/otroske\/koledarske-uganke-za-spelco-in-mateja\/\" \/>\n<meta property=\"og:locale\" content=\"en_US\" \/>\n<meta property=\"og:type\" content=\"article\" \/>\n<meta property=\"og:title\" content=\"Koledarske uganke za \u0160pelco in Mateja - Salve\" \/>\n<meta property=\"og:description\" content=\"Uganke so na tematiko pomembnej\u0161ega svetnika ali dogodka v vsakem mesecu \u010dez leto. So ilustrirane in primerne za male otroke.\" \/>\n<meta property=\"og:url\" content=\"https:\/\/www.salve.si\/en\/trgovina\/knjige\/otroske\/koledarske-uganke-za-spelco-in-mateja\/\" \/>\n<meta property=\"og:site_name\" content=\"Salve\" \/>\n<meta property=\"article:publisher\" content=\"https:\/\/www.facebook.com\/salve.si\" \/>\n<meta property=\"article:modified_time\" content=\"2024-01-01T22:00:37+00:00\" \/>\n<meta property=\"og:image\" content=\"https:\/\/www.salve.si\/wp-content\/uploads\/2013\/11\/Koledarske-uganke-za-Spelco-in-Mateja.jpg\" \/>\n\t<meta property=\"og:image:width\" content=\"474\" \/>\n\t<meta property=\"og:image:height\" content=\"520\" \/>\n\t<meta property=\"og:image:type\" content=\"image\/jpeg\" \/>\n<meta name=\"twitter:card\" content=\"summary_large_image\" \/>\n<meta name=\"twitter:label1\" content=\"Est. reading time\" \/>\n\t<meta name=\"twitter:data1\" content=\"1 minute\" \/>\n<script type=\"application\/ld+json\" class=\"yoast-schema-graph\">{\"@context\":\"https:\/\/schema.org\",\"@graph\":[{\"@type\":\"WebPage\",\"@id\":\"https:\/\/www.salve.si\/trgovina\/knjige\/otroske\/koledarske-uganke-za-spelco-in-mateja\/\",\"url\":\"https:\/\/www.salve.si\/trgovina\/knjige\/otroske\/koledarske-uganke-za-spelco-in-mateja\/\",\"name\":\"Koledarske uganke za \u0160pelco in Mateja - Salve\",\"isPartOf\":{\"@id\":\"https:\/\/www.salve.si\/#website\"},\"primaryImageOfPage\":{\"@id\":\"https:\/\/www.salve.si\/trgovina\/knjige\/otroske\/koledarske-uganke-za-spelco-in-mateja\/#primaryimage\"},\"image\":{\"@id\":\"https:\/\/www.salve.si\/trgovina\/knjige\/otroske\/koledarske-uganke-za-spelco-in-mateja\/#primaryimage\"},\"thumbnailUrl\":\"https:\/\/www.salve.si\/wp-content\/uploads\/2013\/11\/Koledarske-uganke-za-Spelco-in-Mateja.jpg\",\"datePublished\":\"2013-11-26T09:00:51+00:00\",\"dateModified\":\"2024-01-01T22:00:37+00:00\",\"breadcrumb\":{\"@id\":\"https:\/\/www.salve.si\/trgovina\/knjige\/otroske\/koledarske-uganke-za-spelco-in-mateja\/#breadcrumb\"},\"inLanguage\":\"en-US\",\"potentialAction\":[{\"@type\":\"ReadAction\",\"target\":[\"https:\/\/www.salve.si\/trgovina\/knjige\/otroske\/koledarske-uganke-za-spelco-in-mateja\/\"]}]},{\"@type\":\"ImageObject\",\"inLanguage\":\"en-US\",\"@id\":\"https:\/\/www.salve.si\/trgovina\/knjige\/otroske\/koledarske-uganke-za-spelco-in-mateja\/#primaryimage\",\"url\":\"https:\/\/www.salve.si\/wp-content\/uploads\/2013\/11\/Koledarske-uganke-za-Spelco-in-Mateja.jpg\",\"contentUrl\":\"https:\/\/www.salve.si\/wp-content\/uploads\/2013\/11\/Koledarske-uganke-za-Spelco-in-Mateja.jpg\",\"width\":474,\"height\":520},{\"@type\":\"BreadcrumbList\",\"@id\":\"https:\/\/www.salve.si\/trgovina\/knjige\/otroske\/koledarske-uganke-za-spelco-in-mateja\/#breadcrumb\",\"itemListElement\":[{\"@type\":\"ListItem\",\"position\":1,\"name\":\"Home\",\"item\":\"https:\/\/www.salve.si\/\"},{\"@type\":\"ListItem\",\"position\":2,\"name\":\"Trgovina\",\"item\":\"https:\/\/www.salve.si\/trgovina\/\"},{\"@type\":\"ListItem\",\"position\":3,\"name\":\"Koledarske uganke za \u0160pelco in Mateja\"}]},{\"@type\":\"WebSite\",\"@id\":\"https:\/\/www.salve.si\/#website\",\"url\":\"https:\/\/www.salve.si\/\",\"name\":\"Salve\",\"description\":\"Salezijanska zalo\u017eba\",\"publisher\":{\"@id\":\"https:\/\/www.salve.si\/#organization\"},\"potentialAction\":[{\"@type\":\"SearchAction\",\"target\":{\"@type\":\"EntryPoint\",\"urlTemplate\":\"https:\/\/www.salve.si\/?s={search_term_string}\"},\"query-input\":{\"@type\":\"PropertyValueSpecification\",\"valueRequired\":true,\"valueName\":\"search_term_string\"}}],\"inLanguage\":\"en-US\"},{\"@type\":\"Organization\",\"@id\":\"https:\/\/www.salve.si\/#organization\",\"name\":\"Salve d.o.o.\",\"url\":\"https:\/\/www.salve.si\/\",\"logo\":{\"@type\":\"ImageObject\",\"inLanguage\":\"en-US\",\"@id\":\"https:\/\/www.salve.si\/#\/schema\/logo\/image\/\",\"url\":\"https:\/\/www.salve.si\/wp-content\/uploads\/2021\/01\/Salve_logo_modri_nov_web.png\",\"contentUrl\":\"https:\/\/www.salve.si\/wp-content\/uploads\/2021\/01\/Salve_logo_modri_nov_web.png\",\"width\":279,\"height\":90,\"caption\":\"Salve d.o.o.\"},\"image\":{\"@id\":\"https:\/\/www.salve.si\/#\/schema\/logo\/image\/\"},\"sameAs\":[\"https:\/\/www.facebook.com\/salve.si\",\"https:\/\/www.instagram.com\/zalozbasalve\/\",\"https:\/\/www.linkedin.com\/company\/zalozba-salve\/\"]}]}<\/script>\n<!-- \/ Yoast SEO plugin. -->","yoast_head_json":{"title":"Koledarske uganke za \u0160pelco in Mateja - Salve","robots":{"index":"index","follow":"follow","max-snippet":"max-snippet:-1","max-image-preview":"max-image-preview:large","max-video-preview":"max-video-preview:-1"},"canonical":"https:\/\/www.salve.si\/en\/trgovina\/knjige\/otroske\/koledarske-uganke-za-spelco-in-mateja\/","og_locale":"en_US","og_type":"article","og_title":"Koledarske uganke za \u0160pelco in Mateja - Salve","og_description":"Uganke so na tematiko pomembnej\u0161ega svetnika ali dogodka v vsakem mesecu \u010dez leto. So ilustrirane in primerne za male otroke.","og_url":"https:\/\/www.salve.si\/en\/trgovina\/knjige\/otroske\/koledarske-uganke-za-spelco-in-mateja\/","og_site_name":"Salve","article_publisher":"https:\/\/www.facebook.com\/salve.si","article_modified_time":"2024-01-01T22:00:37+00:00","og_image":[{"width":474,"height":520,"url":"https:\/\/www.salve.si\/wp-content\/uploads\/2013\/11\/Koledarske-uganke-za-Spelco-in-Mateja.jpg","type":"image\/jpeg"}],"twitter_card":"summary_large_image","twitter_misc":{"Est. reading time":"1 minute"},"schema":{"@context":"https:\/\/schema.org","@graph":[{"@type":"WebPage","@id":"https:\/\/www.salve.si\/trgovina\/knjige\/otroske\/koledarske-uganke-za-spelco-in-mateja\/","url":"https:\/\/www.salve.si\/trgovina\/knjige\/otroske\/koledarske-uganke-za-spelco-in-mateja\/","name":"Koledarske uganke za \u0160pelco in Mateja - Salve","isPartOf":{"@id":"https:\/\/www.salve.si\/#website"},"primaryImageOfPage":{"@id":"https:\/\/www.salve.si\/trgovina\/knjige\/otroske\/koledarske-uganke-za-spelco-in-mateja\/#primaryimage"},"image":{"@id":"https:\/\/www.salve.si\/trgovina\/knjige\/otroske\/koledarske-uganke-za-spelco-in-mateja\/#primaryimage"},"thumbnailUrl":"https:\/\/www.salve.si\/wp-content\/uploads\/2013\/11\/Koledarske-uganke-za-Spelco-in-Mateja.jpg","datePublished":"2013-11-26T09:00:51+00:00","dateModified":"2024-01-01T22:00:37+00:00","breadcrumb":{"@id":"https:\/\/www.salve.si\/trgovina\/knjige\/otroske\/koledarske-uganke-za-spelco-in-mateja\/#breadcrumb"},"inLanguage":"en-US","potentialAction":[{"@type":"ReadAction","target":["https:\/\/www.salve.si\/trgovina\/knjige\/otroske\/koledarske-uganke-za-spelco-in-mateja\/"]}]},{"@type":"ImageObject","inLanguage":"en-US","@id":"https:\/\/www.salve.si\/trgovina\/knjige\/otroske\/koledarske-uganke-za-spelco-in-mateja\/#primaryimage","url":"https:\/\/www.salve.si\/wp-content\/uploads\/2013\/11\/Koledarske-uganke-za-Spelco-in-Mateja.jpg","contentUrl":"https:\/\/www.salve.si\/wp-content\/uploads\/2013\/11\/Koledarske-uganke-za-Spelco-in-Mateja.jpg","width":474,"height":520},{"@type":"BreadcrumbList","@id":"https:\/\/www.salve.si\/trgovina\/knjige\/otroske\/koledarske-uganke-za-spelco-in-mateja\/#breadcrumb","itemListElement":[{"@type":"ListItem","position":1,"name":"Home","item":"https:\/\/www.salve.si\/"},{"@type":"ListItem","position":2,"name":"Trgovina","item":"https:\/\/www.salve.si\/trgovina\/"},{"@type":"ListItem","position":3,"name":"Koledarske uganke za \u0160pelco in Mateja"}]},{"@type":"WebSite","@id":"https:\/\/www.salve.si\/#website","url":"https:\/\/www.salve.si\/","name":"Salve","description":"Salezijanska zalo\u017eba","publisher":{"@id":"https:\/\/www.salve.si\/#organization"},"potentialAction":[{"@type":"SearchAction","target":{"@type":"EntryPoint","urlTemplate":"https:\/\/www.salve.si\/?s={search_term_string}"},"query-input":{"@type":"PropertyValueSpecification","valueRequired":true,"valueName":"search_term_string"}}],"inLanguage":"en-US"},{"@type":"Organization","@id":"https:\/\/www.salve.si\/#organization","name":"Salve d.o.o.","url":"https:\/\/www.salve.si\/","logo":{"@type":"ImageObject","inLanguage":"en-US","@id":"https:\/\/www.salve.si\/#\/schema\/logo\/image\/","url":"https:\/\/www.salve.si\/wp-content\/uploads\/2021\/01\/Salve_logo_modri_nov_web.png","contentUrl":"https:\/\/www.salve.si\/wp-content\/uploads\/2021\/01\/Salve_logo_modri_nov_web.png","width":279,"height":90,"caption":"Salve d.o.o."},"image":{"@id":"https:\/\/www.salve.si\/#\/schema\/logo\/image\/"},"sameAs":["https:\/\/www.facebook.com\/salve.si","https:\/\/www.instagram.com\/zalozbasalve\/","https:\/\/www.linkedin.com\/company\/zalozba-salve\/"]}]}},"_links":{"self":[{"href":"https:\/\/www.salve.si\/en\/wp-json\/wp\/v2\/product\/2835","targetHints":{"allow":["GET"]}}],"collection":[{"href":"https:\/\/www.salve.si\/en\/wp-json\/wp\/v2\/product"}],"about":[{"href":"https:\/\/www.salve.si\/en\/wp-json\/wp\/v2\/types\/product"}],"version-history":[{"count":6,"href":"https:\/\/www.salve.si\/en\/wp-json\/wp\/v2\/product\/2835\/revisions"}],"predecessor-version":[{"id":16738,"href":"https:\/\/www.salve.si\/en\/wp-json\/wp\/v2\/product\/2835\/revisions\/16738"}],"wp:featuredmedia":[{"embeddable":true,"href":"https:\/\/www.salve.si\/en\/wp-json\/wp\/v2\/media\/12656"}],"wp:attachment":[{"href":"https:\/\/www.salve.si\/en\/wp-json\/wp\/v2\/media?parent=2835"}],"wp:term":[{"taxonomy":"product_cat","embeddable":true,"href":"https:\/\/www.salve.si\/en\/wp-json\/wp\/v2\/product_cat?post=2835"},{"taxonomy":"product_tag","embeddable":true,"href":"https:\/\/www.salve.si\/en\/wp-json\/wp\/v2\/product_tag?post=2835"}],"curies":[{"name":"wp","href":"https:\/\/api.w.org\/{rel}","templated":true}]}}