{"id":2820,"date":"2013-11-25T10:00:20","date_gmt":"2013-11-25T09:00:20","guid":{"rendered":"http:\/\/2018.salve.si\/?post_type=product&#038;p=2820"},"modified":"2018-08-23T13:27:00","modified_gmt":"2018-08-23T11:27:00","slug":"afrika-zivi-v-nasih-srcih","status":"publish","type":"product","link":"https:\/\/www.salve.si\/en\/trgovina\/knjige\/potopisi\/afrika-zivi-v-nasih-srcih\/","title":{"rendered":"Afrika \u017eivi v na\u0161ih srcih"},"content":{"rendered":"<p>Mladi so predvsem zgro\u017eeni nad razmerami, ki niso vredne \u010dloveka: smeti\u0161\u010darji, lakota, bolezni, korupcija, socialne krivice.<br \/>\nSvoja do\u017eivetja so strnili v pri\u010devanja, ki zvenijo kot klic: mladim, da bi se vklju\u010dili v podobne projekte in vsaj del svojega \u017eivljenja kot prostovoljci ali lai\u0161ki misijonarji darovali kot pomo\u010d otrokom in mladim v tretjem svetu. Odraslim pa, da bi od svojega obilja prispevali sredstva za laj\u0161anje bede v tretjem svetu.<span class=\"slv-content-keywords\"> Knji\u017eice Jo\u017ee Andol\u0161ek Izpovedi Potopisi <\/span><\/p>","protected":false},"excerpt":{"rendered":"<p>Avtor je s skupino mladih z Avstrijske Koro\u0161ke in iz Slovenije vodil \u017ee ve\u010d projektov v Afriki: Egipt, Gana, Etiopija in Angola.<\/p>","protected":false},"featured_media":2821,"template":"","meta":{"_acf_changed":false,"footnotes":""},"product_cat":[659,638],"product_tag":[],"class_list":{"0":"post-2820","1":"product","2":"type-product","3":"status-publish","4":"has-post-thumbnail","6":"zbirke-knjizice","7":"authors-joze-andolsek","8":"publisher-salve-d-o-o-ljubljana","9":"product_cat-izpovedi","10":"product_cat-potopisi","12":"first","13":"instock","14":"shipping-taxable","15":"purchasable","16":"product-type-simple"},"acf":[],"yoast_head":"<!-- This site is optimized with the Yoast SEO plugin v23.8 - https:\/\/yoast.com\/wordpress\/plugins\/seo\/ -->\n<title>Afrika \u017eivi v na\u0161ih srcih - Salve<\/title>\n<meta name=\"robots\" content=\"index, follow, max-snippet:-1, max-image-preview:large, max-video-preview:-1\" \/>\n<link rel=\"canonical\" href=\"https:\/\/www.salve.si\/en\/trgovina\/knjige\/potopisi\/afrika-zivi-v-nasih-srcih\/\" \/>\n<meta property=\"og:locale\" content=\"en_US\" \/>\n<meta property=\"og:type\" content=\"article\" \/>\n<meta property=\"og:title\" content=\"Afrika \u017eivi v na\u0161ih srcih - Salve\" \/>\n<meta property=\"og:description\" content=\"Avtor je s skupino mladih z Avstrijske Koro\u0161ke in iz Slovenije vodil \u017ee ve\u010d projektov v Afriki: Egipt, Gana, Etiopija in Angola.\" \/>\n<meta property=\"og:url\" content=\"https:\/\/www.salve.si\/en\/trgovina\/knjige\/potopisi\/afrika-zivi-v-nasih-srcih\/\" \/>\n<meta property=\"og:site_name\" content=\"Salve\" \/>\n<meta property=\"article:publisher\" content=\"https:\/\/www.facebook.com\/salve.si\" \/>\n<meta property=\"article:modified_time\" content=\"2018-08-23T11:27:00+00:00\" \/>\n<meta property=\"og:image\" content=\"https:\/\/www.salve.si\/wp-content\/uploads\/2018\/03\/afrika-zivi-v-nasih-srcih_joze-andolsek_2010.jpg\" \/>\n\t<meta property=\"og:image:width\" content=\"1301\" \/>\n\t<meta property=\"og:image:height\" content=\"2191\" \/>\n\t<meta property=\"og:image:type\" content=\"image\/jpeg\" \/>\n<meta name=\"twitter:card\" content=\"summary_large_image\" \/>\n<script type=\"application\/ld+json\" class=\"yoast-schema-graph\">{\"@context\":\"https:\/\/schema.org\",\"@graph\":[{\"@type\":\"WebPage\",\"@id\":\"https:\/\/www.salve.si\/trgovina\/knjige\/potopisi\/afrika-zivi-v-nasih-srcih\/\",\"url\":\"https:\/\/www.salve.si\/trgovina\/knjige\/potopisi\/afrika-zivi-v-nasih-srcih\/\",\"name\":\"Afrika \u017eivi v na\u0161ih srcih - Salve\",\"isPartOf\":{\"@id\":\"https:\/\/www.salve.si\/#website\"},\"primaryImageOfPage\":{\"@id\":\"https:\/\/www.salve.si\/trgovina\/knjige\/potopisi\/afrika-zivi-v-nasih-srcih\/#primaryimage\"},\"image\":{\"@id\":\"https:\/\/www.salve.si\/trgovina\/knjige\/potopisi\/afrika-zivi-v-nasih-srcih\/#primaryimage\"},\"thumbnailUrl\":\"https:\/\/www.salve.si\/wp-content\/uploads\/2018\/03\/afrika-zivi-v-nasih-srcih_joze-andolsek_2010.jpg\",\"datePublished\":\"2013-11-25T09:00:20+00:00\",\"dateModified\":\"2018-08-23T11:27:00+00:00\",\"breadcrumb\":{\"@id\":\"https:\/\/www.salve.si\/trgovina\/knjige\/potopisi\/afrika-zivi-v-nasih-srcih\/#breadcrumb\"},\"inLanguage\":\"en-US\",\"potentialAction\":[{\"@type\":\"ReadAction\",\"target\":[\"https:\/\/www.salve.si\/trgovina\/knjige\/potopisi\/afrika-zivi-v-nasih-srcih\/\"]}]},{\"@type\":\"ImageObject\",\"inLanguage\":\"en-US\",\"@id\":\"https:\/\/www.salve.si\/trgovina\/knjige\/potopisi\/afrika-zivi-v-nasih-srcih\/#primaryimage\",\"url\":\"https:\/\/www.salve.si\/wp-content\/uploads\/2018\/03\/afrika-zivi-v-nasih-srcih_joze-andolsek_2010.jpg\",\"contentUrl\":\"https:\/\/www.salve.si\/wp-content\/uploads\/2018\/03\/afrika-zivi-v-nasih-srcih_joze-andolsek_2010.jpg\",\"width\":1301,\"height\":2191},{\"@type\":\"BreadcrumbList\",\"@id\":\"https:\/\/www.salve.si\/trgovina\/knjige\/potopisi\/afrika-zivi-v-nasih-srcih\/#breadcrumb\",\"itemListElement\":[{\"@type\":\"ListItem\",\"position\":1,\"name\":\"Home\",\"item\":\"https:\/\/www.salve.si\/\"},{\"@type\":\"ListItem\",\"position\":2,\"name\":\"Trgovina\",\"item\":\"https:\/\/www.salve.si\/trgovina\/\"},{\"@type\":\"ListItem\",\"position\":3,\"name\":\"Afrika \u017eivi v na\u0161ih srcih\"}]},{\"@type\":\"WebSite\",\"@id\":\"https:\/\/www.salve.si\/#website\",\"url\":\"https:\/\/www.salve.si\/\",\"name\":\"Salve\",\"description\":\"Salezijanska zalo\u017eba\",\"publisher\":{\"@id\":\"https:\/\/www.salve.si\/#organization\"},\"potentialAction\":[{\"@type\":\"SearchAction\",\"target\":{\"@type\":\"EntryPoint\",\"urlTemplate\":\"https:\/\/www.salve.si\/?s={search_term_string}\"},\"query-input\":{\"@type\":\"PropertyValueSpecification\",\"valueRequired\":true,\"valueName\":\"search_term_string\"}}],\"inLanguage\":\"en-US\"},{\"@type\":\"Organization\",\"@id\":\"https:\/\/www.salve.si\/#organization\",\"name\":\"Salve d.o.o.\",\"url\":\"https:\/\/www.salve.si\/\",\"logo\":{\"@type\":\"ImageObject\",\"inLanguage\":\"en-US\",\"@id\":\"https:\/\/www.salve.si\/#\/schema\/logo\/image\/\",\"url\":\"https:\/\/www.salve.si\/wp-content\/uploads\/2021\/01\/Salve_logo_modri_nov_web.png\",\"contentUrl\":\"https:\/\/www.salve.si\/wp-content\/uploads\/2021\/01\/Salve_logo_modri_nov_web.png\",\"width\":279,\"height\":90,\"caption\":\"Salve d.o.o.\"},\"image\":{\"@id\":\"https:\/\/www.salve.si\/#\/schema\/logo\/image\/\"},\"sameAs\":[\"https:\/\/www.facebook.com\/salve.si\",\"https:\/\/www.instagram.com\/zalozbasalve\/\",\"https:\/\/www.linkedin.com\/company\/zalozba-salve\/\"]}]}<\/script>\n<!-- \/ Yoast SEO plugin. -->","yoast_head_json":{"title":"Afrika \u017eivi v na\u0161ih srcih - Salve","robots":{"index":"index","follow":"follow","max-snippet":"max-snippet:-1","max-image-preview":"max-image-preview:large","max-video-preview":"max-video-preview:-1"},"canonical":"https:\/\/www.salve.si\/en\/trgovina\/knjige\/potopisi\/afrika-zivi-v-nasih-srcih\/","og_locale":"en_US","og_type":"article","og_title":"Afrika \u017eivi v na\u0161ih srcih - Salve","og_description":"Avtor je s skupino mladih z Avstrijske Koro\u0161ke in iz Slovenije vodil \u017ee ve\u010d projektov v Afriki: Egipt, Gana, Etiopija in Angola.","og_url":"https:\/\/www.salve.si\/en\/trgovina\/knjige\/potopisi\/afrika-zivi-v-nasih-srcih\/","og_site_name":"Salve","article_publisher":"https:\/\/www.facebook.com\/salve.si","article_modified_time":"2018-08-23T11:27:00+00:00","og_image":[{"width":1301,"height":2191,"url":"https:\/\/www.salve.si\/wp-content\/uploads\/2018\/03\/afrika-zivi-v-nasih-srcih_joze-andolsek_2010.jpg","type":"image\/jpeg"}],"twitter_card":"summary_large_image","schema":{"@context":"https:\/\/schema.org","@graph":[{"@type":"WebPage","@id":"https:\/\/www.salve.si\/trgovina\/knjige\/potopisi\/afrika-zivi-v-nasih-srcih\/","url":"https:\/\/www.salve.si\/trgovina\/knjige\/potopisi\/afrika-zivi-v-nasih-srcih\/","name":"Afrika \u017eivi v na\u0161ih srcih - Salve","isPartOf":{"@id":"https:\/\/www.salve.si\/#website"},"primaryImageOfPage":{"@id":"https:\/\/www.salve.si\/trgovina\/knjige\/potopisi\/afrika-zivi-v-nasih-srcih\/#primaryimage"},"image":{"@id":"https:\/\/www.salve.si\/trgovina\/knjige\/potopisi\/afrika-zivi-v-nasih-srcih\/#primaryimage"},"thumbnailUrl":"https:\/\/www.salve.si\/wp-content\/uploads\/2018\/03\/afrika-zivi-v-nasih-srcih_joze-andolsek_2010.jpg","datePublished":"2013-11-25T09:00:20+00:00","dateModified":"2018-08-23T11:27:00+00:00","breadcrumb":{"@id":"https:\/\/www.salve.si\/trgovina\/knjige\/potopisi\/afrika-zivi-v-nasih-srcih\/#breadcrumb"},"inLanguage":"en-US","potentialAction":[{"@type":"ReadAction","target":["https:\/\/www.salve.si\/trgovina\/knjige\/potopisi\/afrika-zivi-v-nasih-srcih\/"]}]},{"@type":"ImageObject","inLanguage":"en-US","@id":"https:\/\/www.salve.si\/trgovina\/knjige\/potopisi\/afrika-zivi-v-nasih-srcih\/#primaryimage","url":"https:\/\/www.salve.si\/wp-content\/uploads\/2018\/03\/afrika-zivi-v-nasih-srcih_joze-andolsek_2010.jpg","contentUrl":"https:\/\/www.salve.si\/wp-content\/uploads\/2018\/03\/afrika-zivi-v-nasih-srcih_joze-andolsek_2010.jpg","width":1301,"height":2191},{"@type":"BreadcrumbList","@id":"https:\/\/www.salve.si\/trgovina\/knjige\/potopisi\/afrika-zivi-v-nasih-srcih\/#breadcrumb","itemListElement":[{"@type":"ListItem","position":1,"name":"Home","item":"https:\/\/www.salve.si\/"},{"@type":"ListItem","position":2,"name":"Trgovina","item":"https:\/\/www.salve.si\/trgovina\/"},{"@type":"ListItem","position":3,"name":"Afrika \u017eivi v na\u0161ih srcih"}]},{"@type":"WebSite","@id":"https:\/\/www.salve.si\/#website","url":"https:\/\/www.salve.si\/","name":"Salve","description":"Salezijanska zalo\u017eba","publisher":{"@id":"https:\/\/www.salve.si\/#organization"},"potentialAction":[{"@type":"SearchAction","target":{"@type":"EntryPoint","urlTemplate":"https:\/\/www.salve.si\/?s={search_term_string}"},"query-input":{"@type":"PropertyValueSpecification","valueRequired":true,"valueName":"search_term_string"}}],"inLanguage":"en-US"},{"@type":"Organization","@id":"https:\/\/www.salve.si\/#organization","name":"Salve d.o.o.","url":"https:\/\/www.salve.si\/","logo":{"@type":"ImageObject","inLanguage":"en-US","@id":"https:\/\/www.salve.si\/#\/schema\/logo\/image\/","url":"https:\/\/www.salve.si\/wp-content\/uploads\/2021\/01\/Salve_logo_modri_nov_web.png","contentUrl":"https:\/\/www.salve.si\/wp-content\/uploads\/2021\/01\/Salve_logo_modri_nov_web.png","width":279,"height":90,"caption":"Salve d.o.o."},"image":{"@id":"https:\/\/www.salve.si\/#\/schema\/logo\/image\/"},"sameAs":["https:\/\/www.facebook.com\/salve.si","https:\/\/www.instagram.com\/zalozbasalve\/","https:\/\/www.linkedin.com\/company\/zalozba-salve\/"]}]}},"_links":{"self":[{"href":"https:\/\/www.salve.si\/en\/wp-json\/wp\/v2\/product\/2820","targetHints":{"allow":["GET"]}}],"collection":[{"href":"https:\/\/www.salve.si\/en\/wp-json\/wp\/v2\/product"}],"about":[{"href":"https:\/\/www.salve.si\/en\/wp-json\/wp\/v2\/types\/product"}],"version-history":[{"count":0,"href":"https:\/\/www.salve.si\/en\/wp-json\/wp\/v2\/product\/2820\/revisions"}],"wp:featuredmedia":[{"embeddable":true,"href":"https:\/\/www.salve.si\/en\/wp-json\/wp\/v2\/media\/2821"}],"wp:attachment":[{"href":"https:\/\/www.salve.si\/en\/wp-json\/wp\/v2\/media?parent=2820"}],"wp:term":[{"taxonomy":"product_cat","embeddable":true,"href":"https:\/\/www.salve.si\/en\/wp-json\/wp\/v2\/product_cat?post=2820"},{"taxonomy":"product_tag","embeddable":true,"href":"https:\/\/www.salve.si\/en\/wp-json\/wp\/v2\/product_tag?post=2820"}],"curies":[{"name":"wp","href":"https:\/\/api.w.org\/{rel}","templated":true}]}}