{"id":2812,"date":"2013-11-20T10:00:33","date_gmt":"2013-11-20T09:00:33","guid":{"rendered":"http:\/\/2018.salve.si\/?post_type=product&#038;p=2812"},"modified":"2024-01-01T23:00:37","modified_gmt":"2024-01-01T22:00:37","slug":"narobe-svet-v-dezeli-narobe","status":"publish","type":"product","link":"https:\/\/www.salve.si\/en\/trgovina\/knjige\/otroske\/narobe-svet-v-dezeli-narobe\/","title":{"rendered":"Narobe svet v de\u017eeli narobe"},"content":{"rendered":"<p>Kdaj si za majhnega otroka zanimiv? Ko nisi strogi znanstvenik, ampak si upa\u0161 stvari obrniti na glavo, ko mladega nadebudne\u017ea izziva\u0161 s podobo sveta, ki je obrnjen na glavo. In mal\u010dek se ti smeje, se ne strinja s teboj in ti oporeka:<br \/>\n&#8220;Dedi, to pa ni res! Ti se moti\u0161!&#8221;<\/p>\n<p>Tak\u0161na je nova kratka poezija Jo\u017eeta Brojana. Narobe svet v de\u017eeli narobe je sve\u017e, izzivalen in hkrati zelo vsakdanji. V\u010dasih je treba pogledati z druge strani, da resnica za\u017eivi v novih odtenkih. Otroci se ne bodo dolgo\u010dasili, ko bodo brali Jo\u017eetove verze, ravno nasprotno, zabavali se bodo do te mere, da bo kak\u0161en vzel v roke svin\u010dnik in \u0161e sam napisal ali celo narisal kak\u0161en verz.<br \/>\n(Branko Bala\u017eic)<span class=\"slv-content-keywords\"> Jo\u017ee Brojan Posebna ponudba Otro\u0161ke Erna Kova\u010d <\/span><\/p>","protected":false},"excerpt":{"rendered":"<p>Kdo ne pozna otro\u0161kih zgodb Jo\u017eeta Brojana? Skoraj vsako leto izide kak\u0161na nova, ki je pri malih in velikih otrocih vedno dobro sprejeta. Zakaj pa ne! Saj te zgodbe ne pripoveduje mrki u\u010denjak, ampak vedno nasmejani Jo\u017ee, ki svoje otro\u0161ke du\u0161e ni pokvaril. Zato \u0161e vedno raziskuje, tuhta in i\u0161\u010de nova presene\u010denja, v zadnjem \u010dasu kot dedek s svojim vnukom Mihom.<\/p>","protected":false},"featured_media":2813,"template":"","meta":{"_acf_changed":false,"footnotes":""},"product_cat":[709,310],"product_tag":[],"class_list":{"0":"post-2812","1":"product","2":"type-product","3":"status-publish","4":"has-post-thumbnail","6":"authors-joze-brojan","7":"publisher-salve-d-o-o-ljubljana","8":"product_cat-posebna-ponudba","9":"product_cat-otroske","11":"first","12":"instock","13":"shipping-taxable","14":"purchasable","15":"product-type-simple"},"acf":[],"yoast_head":"<!-- This site is optimized with the Yoast SEO plugin v23.8 - https:\/\/yoast.com\/wordpress\/plugins\/seo\/ -->\n<title>Narobe svet v de\u017eeli narobe - Salve<\/title>\n<meta name=\"robots\" content=\"index, follow, max-snippet:-1, max-image-preview:large, max-video-preview:-1\" \/>\n<link rel=\"canonical\" href=\"https:\/\/www.salve.si\/en\/trgovina\/knjige\/otroske\/narobe-svet-v-dezeli-narobe\/\" \/>\n<meta property=\"og:locale\" content=\"en_US\" \/>\n<meta property=\"og:type\" content=\"article\" \/>\n<meta property=\"og:title\" content=\"Narobe svet v de\u017eeli narobe - Salve\" \/>\n<meta property=\"og:description\" content=\"Kdo ne pozna otro\u0161kih zgodb Jo\u017eeta Brojana? Skoraj vsako leto izide kak\u0161na nova, ki je pri malih in velikih otrocih vedno dobro sprejeta. Zakaj pa ne! Saj te zgodbe ne pripoveduje mrki u\u010denjak, ampak vedno nasmejani Jo\u017ee, ki svoje otro\u0161ke du\u0161e ni pokvaril. Zato \u0161e vedno raziskuje, tuhta in i\u0161\u010de nova presene\u010denja, v zadnjem \u010dasu kot dedek s svojim vnukom Mihom.\" \/>\n<meta property=\"og:url\" content=\"https:\/\/www.salve.si\/en\/trgovina\/knjige\/otroske\/narobe-svet-v-dezeli-narobe\/\" \/>\n<meta property=\"og:site_name\" content=\"Salve\" \/>\n<meta property=\"article:publisher\" content=\"https:\/\/www.facebook.com\/salve.si\" \/>\n<meta property=\"article:modified_time\" content=\"2024-01-01T22:00:37+00:00\" \/>\n<meta property=\"og:image\" content=\"https:\/\/www.salve.si\/wp-content\/uploads\/2018\/03\/salve_narobe-svet-v-dezeli-narobe_joze-brojan_2013.jpg\" \/>\n\t<meta property=\"og:image:width\" content=\"1884\" \/>\n\t<meta property=\"og:image:height\" content=\"2004\" \/>\n\t<meta property=\"og:image:type\" content=\"image\/jpeg\" \/>\n<meta name=\"twitter:card\" content=\"summary_large_image\" \/>\n<meta name=\"twitter:label1\" content=\"Est. reading time\" \/>\n\t<meta name=\"twitter:data1\" content=\"1 minute\" \/>\n<script type=\"application\/ld+json\" class=\"yoast-schema-graph\">{\"@context\":\"https:\/\/schema.org\",\"@graph\":[{\"@type\":\"WebPage\",\"@id\":\"https:\/\/www.salve.si\/trgovina\/knjige\/otroske\/narobe-svet-v-dezeli-narobe\/\",\"url\":\"https:\/\/www.salve.si\/trgovina\/knjige\/otroske\/narobe-svet-v-dezeli-narobe\/\",\"name\":\"Narobe svet v de\u017eeli narobe - Salve\",\"isPartOf\":{\"@id\":\"https:\/\/www.salve.si\/#website\"},\"primaryImageOfPage\":{\"@id\":\"https:\/\/www.salve.si\/trgovina\/knjige\/otroske\/narobe-svet-v-dezeli-narobe\/#primaryimage\"},\"image\":{\"@id\":\"https:\/\/www.salve.si\/trgovina\/knjige\/otroske\/narobe-svet-v-dezeli-narobe\/#primaryimage\"},\"thumbnailUrl\":\"https:\/\/www.salve.si\/wp-content\/uploads\/2018\/03\/salve_narobe-svet-v-dezeli-narobe_joze-brojan_2013.jpg\",\"datePublished\":\"2013-11-20T09:00:33+00:00\",\"dateModified\":\"2024-01-01T22:00:37+00:00\",\"breadcrumb\":{\"@id\":\"https:\/\/www.salve.si\/trgovina\/knjige\/otroske\/narobe-svet-v-dezeli-narobe\/#breadcrumb\"},\"inLanguage\":\"en-US\",\"potentialAction\":[{\"@type\":\"ReadAction\",\"target\":[\"https:\/\/www.salve.si\/trgovina\/knjige\/otroske\/narobe-svet-v-dezeli-narobe\/\"]}]},{\"@type\":\"ImageObject\",\"inLanguage\":\"en-US\",\"@id\":\"https:\/\/www.salve.si\/trgovina\/knjige\/otroske\/narobe-svet-v-dezeli-narobe\/#primaryimage\",\"url\":\"https:\/\/www.salve.si\/wp-content\/uploads\/2018\/03\/salve_narobe-svet-v-dezeli-narobe_joze-brojan_2013.jpg\",\"contentUrl\":\"https:\/\/www.salve.si\/wp-content\/uploads\/2018\/03\/salve_narobe-svet-v-dezeli-narobe_joze-brojan_2013.jpg\",\"width\":1884,\"height\":2004},{\"@type\":\"BreadcrumbList\",\"@id\":\"https:\/\/www.salve.si\/trgovina\/knjige\/otroske\/narobe-svet-v-dezeli-narobe\/#breadcrumb\",\"itemListElement\":[{\"@type\":\"ListItem\",\"position\":1,\"name\":\"Home\",\"item\":\"https:\/\/www.salve.si\/\"},{\"@type\":\"ListItem\",\"position\":2,\"name\":\"Trgovina\",\"item\":\"https:\/\/www.salve.si\/trgovina\/\"},{\"@type\":\"ListItem\",\"position\":3,\"name\":\"Narobe svet v de\u017eeli narobe\"}]},{\"@type\":\"WebSite\",\"@id\":\"https:\/\/www.salve.si\/#website\",\"url\":\"https:\/\/www.salve.si\/\",\"name\":\"Salve\",\"description\":\"Salezijanska zalo\u017eba\",\"publisher\":{\"@id\":\"https:\/\/www.salve.si\/#organization\"},\"potentialAction\":[{\"@type\":\"SearchAction\",\"target\":{\"@type\":\"EntryPoint\",\"urlTemplate\":\"https:\/\/www.salve.si\/?s={search_term_string}\"},\"query-input\":{\"@type\":\"PropertyValueSpecification\",\"valueRequired\":true,\"valueName\":\"search_term_string\"}}],\"inLanguage\":\"en-US\"},{\"@type\":\"Organization\",\"@id\":\"https:\/\/www.salve.si\/#organization\",\"name\":\"Salve d.o.o.\",\"url\":\"https:\/\/www.salve.si\/\",\"logo\":{\"@type\":\"ImageObject\",\"inLanguage\":\"en-US\",\"@id\":\"https:\/\/www.salve.si\/#\/schema\/logo\/image\/\",\"url\":\"https:\/\/www.salve.si\/wp-content\/uploads\/2021\/01\/Salve_logo_modri_nov_web.png\",\"contentUrl\":\"https:\/\/www.salve.si\/wp-content\/uploads\/2021\/01\/Salve_logo_modri_nov_web.png\",\"width\":279,\"height\":90,\"caption\":\"Salve d.o.o.\"},\"image\":{\"@id\":\"https:\/\/www.salve.si\/#\/schema\/logo\/image\/\"},\"sameAs\":[\"https:\/\/www.facebook.com\/salve.si\",\"https:\/\/www.instagram.com\/zalozbasalve\/\",\"https:\/\/www.linkedin.com\/company\/zalozba-salve\/\"]}]}<\/script>\n<!-- \/ Yoast SEO plugin. -->","yoast_head_json":{"title":"Narobe svet v de\u017eeli narobe - Salve","robots":{"index":"index","follow":"follow","max-snippet":"max-snippet:-1","max-image-preview":"max-image-preview:large","max-video-preview":"max-video-preview:-1"},"canonical":"https:\/\/www.salve.si\/en\/trgovina\/knjige\/otroske\/narobe-svet-v-dezeli-narobe\/","og_locale":"en_US","og_type":"article","og_title":"Narobe svet v de\u017eeli narobe - Salve","og_description":"Kdo ne pozna otro\u0161kih zgodb Jo\u017eeta Brojana? Skoraj vsako leto izide kak\u0161na nova, ki je pri malih in velikih otrocih vedno dobro sprejeta. Zakaj pa ne! Saj te zgodbe ne pripoveduje mrki u\u010denjak, ampak vedno nasmejani Jo\u017ee, ki svoje otro\u0161ke du\u0161e ni pokvaril. Zato \u0161e vedno raziskuje, tuhta in i\u0161\u010de nova presene\u010denja, v zadnjem \u010dasu kot dedek s svojim vnukom Mihom.","og_url":"https:\/\/www.salve.si\/en\/trgovina\/knjige\/otroske\/narobe-svet-v-dezeli-narobe\/","og_site_name":"Salve","article_publisher":"https:\/\/www.facebook.com\/salve.si","article_modified_time":"2024-01-01T22:00:37+00:00","og_image":[{"width":1884,"height":2004,"url":"https:\/\/www.salve.si\/wp-content\/uploads\/2018\/03\/salve_narobe-svet-v-dezeli-narobe_joze-brojan_2013.jpg","type":"image\/jpeg"}],"twitter_card":"summary_large_image","twitter_misc":{"Est. reading time":"1 minute"},"schema":{"@context":"https:\/\/schema.org","@graph":[{"@type":"WebPage","@id":"https:\/\/www.salve.si\/trgovina\/knjige\/otroske\/narobe-svet-v-dezeli-narobe\/","url":"https:\/\/www.salve.si\/trgovina\/knjige\/otroske\/narobe-svet-v-dezeli-narobe\/","name":"Narobe svet v de\u017eeli narobe - Salve","isPartOf":{"@id":"https:\/\/www.salve.si\/#website"},"primaryImageOfPage":{"@id":"https:\/\/www.salve.si\/trgovina\/knjige\/otroske\/narobe-svet-v-dezeli-narobe\/#primaryimage"},"image":{"@id":"https:\/\/www.salve.si\/trgovina\/knjige\/otroske\/narobe-svet-v-dezeli-narobe\/#primaryimage"},"thumbnailUrl":"https:\/\/www.salve.si\/wp-content\/uploads\/2018\/03\/salve_narobe-svet-v-dezeli-narobe_joze-brojan_2013.jpg","datePublished":"2013-11-20T09:00:33+00:00","dateModified":"2024-01-01T22:00:37+00:00","breadcrumb":{"@id":"https:\/\/www.salve.si\/trgovina\/knjige\/otroske\/narobe-svet-v-dezeli-narobe\/#breadcrumb"},"inLanguage":"en-US","potentialAction":[{"@type":"ReadAction","target":["https:\/\/www.salve.si\/trgovina\/knjige\/otroske\/narobe-svet-v-dezeli-narobe\/"]}]},{"@type":"ImageObject","inLanguage":"en-US","@id":"https:\/\/www.salve.si\/trgovina\/knjige\/otroske\/narobe-svet-v-dezeli-narobe\/#primaryimage","url":"https:\/\/www.salve.si\/wp-content\/uploads\/2018\/03\/salve_narobe-svet-v-dezeli-narobe_joze-brojan_2013.jpg","contentUrl":"https:\/\/www.salve.si\/wp-content\/uploads\/2018\/03\/salve_narobe-svet-v-dezeli-narobe_joze-brojan_2013.jpg","width":1884,"height":2004},{"@type":"BreadcrumbList","@id":"https:\/\/www.salve.si\/trgovina\/knjige\/otroske\/narobe-svet-v-dezeli-narobe\/#breadcrumb","itemListElement":[{"@type":"ListItem","position":1,"name":"Home","item":"https:\/\/www.salve.si\/"},{"@type":"ListItem","position":2,"name":"Trgovina","item":"https:\/\/www.salve.si\/trgovina\/"},{"@type":"ListItem","position":3,"name":"Narobe svet v de\u017eeli narobe"}]},{"@type":"WebSite","@id":"https:\/\/www.salve.si\/#website","url":"https:\/\/www.salve.si\/","name":"Salve","description":"Salezijanska zalo\u017eba","publisher":{"@id":"https:\/\/www.salve.si\/#organization"},"potentialAction":[{"@type":"SearchAction","target":{"@type":"EntryPoint","urlTemplate":"https:\/\/www.salve.si\/?s={search_term_string}"},"query-input":{"@type":"PropertyValueSpecification","valueRequired":true,"valueName":"search_term_string"}}],"inLanguage":"en-US"},{"@type":"Organization","@id":"https:\/\/www.salve.si\/#organization","name":"Salve d.o.o.","url":"https:\/\/www.salve.si\/","logo":{"@type":"ImageObject","inLanguage":"en-US","@id":"https:\/\/www.salve.si\/#\/schema\/logo\/image\/","url":"https:\/\/www.salve.si\/wp-content\/uploads\/2021\/01\/Salve_logo_modri_nov_web.png","contentUrl":"https:\/\/www.salve.si\/wp-content\/uploads\/2021\/01\/Salve_logo_modri_nov_web.png","width":279,"height":90,"caption":"Salve d.o.o."},"image":{"@id":"https:\/\/www.salve.si\/#\/schema\/logo\/image\/"},"sameAs":["https:\/\/www.facebook.com\/salve.si","https:\/\/www.instagram.com\/zalozbasalve\/","https:\/\/www.linkedin.com\/company\/zalozba-salve\/"]}]}},"_links":{"self":[{"href":"https:\/\/www.salve.si\/en\/wp-json\/wp\/v2\/product\/2812","targetHints":{"allow":["GET"]}}],"collection":[{"href":"https:\/\/www.salve.si\/en\/wp-json\/wp\/v2\/product"}],"about":[{"href":"https:\/\/www.salve.si\/en\/wp-json\/wp\/v2\/types\/product"}],"version-history":[{"count":4,"href":"https:\/\/www.salve.si\/en\/wp-json\/wp\/v2\/product\/2812\/revisions"}],"predecessor-version":[{"id":16857,"href":"https:\/\/www.salve.si\/en\/wp-json\/wp\/v2\/product\/2812\/revisions\/16857"}],"wp:featuredmedia":[{"embeddable":true,"href":"https:\/\/www.salve.si\/en\/wp-json\/wp\/v2\/media\/2813"}],"wp:attachment":[{"href":"https:\/\/www.salve.si\/en\/wp-json\/wp\/v2\/media?parent=2812"}],"wp:term":[{"taxonomy":"product_cat","embeddable":true,"href":"https:\/\/www.salve.si\/en\/wp-json\/wp\/v2\/product_cat?post=2812"},{"taxonomy":"product_tag","embeddable":true,"href":"https:\/\/www.salve.si\/en\/wp-json\/wp\/v2\/product_tag?post=2812"}],"curies":[{"name":"wp","href":"https:\/\/api.w.org\/{rel}","templated":true}]}}