{"id":2809,"date":"2013-11-20T10:00:45","date_gmt":"2013-11-20T09:00:45","guid":{"rendered":"http:\/\/2018.salve.si\/?post_type=product&#038;p=2809"},"modified":"2024-01-01T23:00:41","modified_gmt":"2024-01-01T22:00:41","slug":"don-boskove-stvari","status":"publish","type":"product","link":"https:\/\/www.salve.si\/en\/trgovina\/knjige\/otroske\/don-boskove-stvari\/","title":{"rendered":"Don Boskove stvari"},"content":{"rendered":"<p>Avtor bralca postavi v predmete in stvari, s katerimi se je don Bosko sre\u010deval v razli\u010dnih \u017eivljenjskih obdobjih. Ti predmeti in stvari (ko\u010dija, pogodba, kosova kletka, trobenta \u2026) opisujejo svoje sre\u010danje in ob\u010dutke ob tem svetniku. Zanimivo branje za otroke ter prebiranje najmlaj\u0161im, pa tudi starej\u0161i bodo ob prebiranju za\u010dutili otroka v sebi.<span class=\"slv-content-keywords\"> Otro\u0161ke Jos\u00e9 J. G\u00f3mez Palacios Mladinska zbirka Cesar <\/span><\/p>","protected":false},"excerpt":{"rendered":"<p>Zgodbe o don Bosku, ki jih je zapisal mehi\u0161ki salezijanec, so otro\u0161ko preproste, a pri\u010dujejo o veli\u010dini tega svetnika mladih.<\/p>","protected":false},"featured_media":2810,"template":"","meta":{"_acf_changed":false,"footnotes":""},"product_cat":[310],"product_tag":[],"class_list":{"0":"post-2809","1":"product","2":"type-product","3":"status-publish","4":"has-post-thumbnail","6":"zbirke-mladinska-zbirka","7":"authors-jose-j-gomez-palacios","8":"publisher-salve-d-o-o-ljubljana","9":"product_cat-otroske","11":"first","12":"instock","13":"shipping-taxable","14":"purchasable","15":"product-type-simple"},"acf":[],"yoast_head":"<!-- This site is optimized with the Yoast SEO plugin v23.8 - https:\/\/yoast.com\/wordpress\/plugins\/seo\/ -->\n<title>Don Boskove stvari - Salve<\/title>\n<meta name=\"robots\" content=\"index, follow, max-snippet:-1, max-image-preview:large, max-video-preview:-1\" \/>\n<link rel=\"canonical\" href=\"https:\/\/www.salve.si\/en\/trgovina\/knjige\/otroske\/don-boskove-stvari\/\" \/>\n<meta property=\"og:locale\" content=\"en_US\" \/>\n<meta property=\"og:type\" content=\"article\" \/>\n<meta property=\"og:title\" content=\"Don Boskove stvari - Salve\" \/>\n<meta property=\"og:description\" content=\"Zgodbe o don Bosku, ki jih je zapisal mehi\u0161ki salezijanec, so otro\u0161ko preproste, a pri\u010dujejo o veli\u010dini tega svetnika mladih.\" \/>\n<meta property=\"og:url\" content=\"https:\/\/www.salve.si\/en\/trgovina\/knjige\/otroske\/don-boskove-stvari\/\" \/>\n<meta property=\"og:site_name\" content=\"Salve\" \/>\n<meta property=\"article:publisher\" content=\"https:\/\/www.facebook.com\/salve.si\" \/>\n<meta property=\"article:modified_time\" content=\"2024-01-01T22:00:41+00:00\" \/>\n<meta property=\"og:image\" content=\"https:\/\/www.salve.si\/wp-content\/uploads\/2018\/03\/salve_don-boskove-stvari_jose-j-gomez-palacios_2013.jpg\" \/>\n\t<meta property=\"og:image:width\" content=\"2240\" \/>\n\t<meta property=\"og:image:height\" content=\"2998\" \/>\n\t<meta property=\"og:image:type\" content=\"image\/jpeg\" \/>\n<meta name=\"twitter:card\" content=\"summary_large_image\" \/>\n<script type=\"application\/ld+json\" class=\"yoast-schema-graph\">{\"@context\":\"https:\/\/schema.org\",\"@graph\":[{\"@type\":\"WebPage\",\"@id\":\"https:\/\/www.salve.si\/trgovina\/knjige\/otroske\/don-boskove-stvari\/\",\"url\":\"https:\/\/www.salve.si\/trgovina\/knjige\/otroske\/don-boskove-stvari\/\",\"name\":\"Don Boskove stvari - Salve\",\"isPartOf\":{\"@id\":\"https:\/\/www.salve.si\/#website\"},\"primaryImageOfPage\":{\"@id\":\"https:\/\/www.salve.si\/trgovina\/knjige\/otroske\/don-boskove-stvari\/#primaryimage\"},\"image\":{\"@id\":\"https:\/\/www.salve.si\/trgovina\/knjige\/otroske\/don-boskove-stvari\/#primaryimage\"},\"thumbnailUrl\":\"https:\/\/www.salve.si\/wp-content\/uploads\/2018\/03\/salve_don-boskove-stvari_jose-j-gomez-palacios_2013.jpg\",\"datePublished\":\"2013-11-20T09:00:45+00:00\",\"dateModified\":\"2024-01-01T22:00:41+00:00\",\"breadcrumb\":{\"@id\":\"https:\/\/www.salve.si\/trgovina\/knjige\/otroske\/don-boskove-stvari\/#breadcrumb\"},\"inLanguage\":\"en-US\",\"potentialAction\":[{\"@type\":\"ReadAction\",\"target\":[\"https:\/\/www.salve.si\/trgovina\/knjige\/otroske\/don-boskove-stvari\/\"]}]},{\"@type\":\"ImageObject\",\"inLanguage\":\"en-US\",\"@id\":\"https:\/\/www.salve.si\/trgovina\/knjige\/otroske\/don-boskove-stvari\/#primaryimage\",\"url\":\"https:\/\/www.salve.si\/wp-content\/uploads\/2018\/03\/salve_don-boskove-stvari_jose-j-gomez-palacios_2013.jpg\",\"contentUrl\":\"https:\/\/www.salve.si\/wp-content\/uploads\/2018\/03\/salve_don-boskove-stvari_jose-j-gomez-palacios_2013.jpg\",\"width\":2240,\"height\":2998},{\"@type\":\"BreadcrumbList\",\"@id\":\"https:\/\/www.salve.si\/trgovina\/knjige\/otroske\/don-boskove-stvari\/#breadcrumb\",\"itemListElement\":[{\"@type\":\"ListItem\",\"position\":1,\"name\":\"Home\",\"item\":\"https:\/\/www.salve.si\/\"},{\"@type\":\"ListItem\",\"position\":2,\"name\":\"Trgovina\",\"item\":\"https:\/\/www.salve.si\/trgovina\/\"},{\"@type\":\"ListItem\",\"position\":3,\"name\":\"Don Boskove stvari\"}]},{\"@type\":\"WebSite\",\"@id\":\"https:\/\/www.salve.si\/#website\",\"url\":\"https:\/\/www.salve.si\/\",\"name\":\"Salve\",\"description\":\"Salezijanska zalo\u017eba\",\"publisher\":{\"@id\":\"https:\/\/www.salve.si\/#organization\"},\"potentialAction\":[{\"@type\":\"SearchAction\",\"target\":{\"@type\":\"EntryPoint\",\"urlTemplate\":\"https:\/\/www.salve.si\/?s={search_term_string}\"},\"query-input\":{\"@type\":\"PropertyValueSpecification\",\"valueRequired\":true,\"valueName\":\"search_term_string\"}}],\"inLanguage\":\"en-US\"},{\"@type\":\"Organization\",\"@id\":\"https:\/\/www.salve.si\/#organization\",\"name\":\"Salve d.o.o.\",\"url\":\"https:\/\/www.salve.si\/\",\"logo\":{\"@type\":\"ImageObject\",\"inLanguage\":\"en-US\",\"@id\":\"https:\/\/www.salve.si\/#\/schema\/logo\/image\/\",\"url\":\"https:\/\/www.salve.si\/wp-content\/uploads\/2021\/01\/Salve_logo_modri_nov_web.png\",\"contentUrl\":\"https:\/\/www.salve.si\/wp-content\/uploads\/2021\/01\/Salve_logo_modri_nov_web.png\",\"width\":279,\"height\":90,\"caption\":\"Salve d.o.o.\"},\"image\":{\"@id\":\"https:\/\/www.salve.si\/#\/schema\/logo\/image\/\"},\"sameAs\":[\"https:\/\/www.facebook.com\/salve.si\",\"https:\/\/www.instagram.com\/zalozbasalve\/\",\"https:\/\/www.linkedin.com\/company\/zalozba-salve\/\"]}]}<\/script>\n<!-- \/ Yoast SEO plugin. -->","yoast_head_json":{"title":"Don Boskove stvari - Salve","robots":{"index":"index","follow":"follow","max-snippet":"max-snippet:-1","max-image-preview":"max-image-preview:large","max-video-preview":"max-video-preview:-1"},"canonical":"https:\/\/www.salve.si\/en\/trgovina\/knjige\/otroske\/don-boskove-stvari\/","og_locale":"en_US","og_type":"article","og_title":"Don Boskove stvari - Salve","og_description":"Zgodbe o don Bosku, ki jih je zapisal mehi\u0161ki salezijanec, so otro\u0161ko preproste, a pri\u010dujejo o veli\u010dini tega svetnika mladih.","og_url":"https:\/\/www.salve.si\/en\/trgovina\/knjige\/otroske\/don-boskove-stvari\/","og_site_name":"Salve","article_publisher":"https:\/\/www.facebook.com\/salve.si","article_modified_time":"2024-01-01T22:00:41+00:00","og_image":[{"width":2240,"height":2998,"url":"https:\/\/www.salve.si\/wp-content\/uploads\/2018\/03\/salve_don-boskove-stvari_jose-j-gomez-palacios_2013.jpg","type":"image\/jpeg"}],"twitter_card":"summary_large_image","schema":{"@context":"https:\/\/schema.org","@graph":[{"@type":"WebPage","@id":"https:\/\/www.salve.si\/trgovina\/knjige\/otroske\/don-boskove-stvari\/","url":"https:\/\/www.salve.si\/trgovina\/knjige\/otroske\/don-boskove-stvari\/","name":"Don Boskove stvari - Salve","isPartOf":{"@id":"https:\/\/www.salve.si\/#website"},"primaryImageOfPage":{"@id":"https:\/\/www.salve.si\/trgovina\/knjige\/otroske\/don-boskove-stvari\/#primaryimage"},"image":{"@id":"https:\/\/www.salve.si\/trgovina\/knjige\/otroske\/don-boskove-stvari\/#primaryimage"},"thumbnailUrl":"https:\/\/www.salve.si\/wp-content\/uploads\/2018\/03\/salve_don-boskove-stvari_jose-j-gomez-palacios_2013.jpg","datePublished":"2013-11-20T09:00:45+00:00","dateModified":"2024-01-01T22:00:41+00:00","breadcrumb":{"@id":"https:\/\/www.salve.si\/trgovina\/knjige\/otroske\/don-boskove-stvari\/#breadcrumb"},"inLanguage":"en-US","potentialAction":[{"@type":"ReadAction","target":["https:\/\/www.salve.si\/trgovina\/knjige\/otroske\/don-boskove-stvari\/"]}]},{"@type":"ImageObject","inLanguage":"en-US","@id":"https:\/\/www.salve.si\/trgovina\/knjige\/otroske\/don-boskove-stvari\/#primaryimage","url":"https:\/\/www.salve.si\/wp-content\/uploads\/2018\/03\/salve_don-boskove-stvari_jose-j-gomez-palacios_2013.jpg","contentUrl":"https:\/\/www.salve.si\/wp-content\/uploads\/2018\/03\/salve_don-boskove-stvari_jose-j-gomez-palacios_2013.jpg","width":2240,"height":2998},{"@type":"BreadcrumbList","@id":"https:\/\/www.salve.si\/trgovina\/knjige\/otroske\/don-boskove-stvari\/#breadcrumb","itemListElement":[{"@type":"ListItem","position":1,"name":"Home","item":"https:\/\/www.salve.si\/"},{"@type":"ListItem","position":2,"name":"Trgovina","item":"https:\/\/www.salve.si\/trgovina\/"},{"@type":"ListItem","position":3,"name":"Don Boskove stvari"}]},{"@type":"WebSite","@id":"https:\/\/www.salve.si\/#website","url":"https:\/\/www.salve.si\/","name":"Salve","description":"Salezijanska zalo\u017eba","publisher":{"@id":"https:\/\/www.salve.si\/#organization"},"potentialAction":[{"@type":"SearchAction","target":{"@type":"EntryPoint","urlTemplate":"https:\/\/www.salve.si\/?s={search_term_string}"},"query-input":{"@type":"PropertyValueSpecification","valueRequired":true,"valueName":"search_term_string"}}],"inLanguage":"en-US"},{"@type":"Organization","@id":"https:\/\/www.salve.si\/#organization","name":"Salve d.o.o.","url":"https:\/\/www.salve.si\/","logo":{"@type":"ImageObject","inLanguage":"en-US","@id":"https:\/\/www.salve.si\/#\/schema\/logo\/image\/","url":"https:\/\/www.salve.si\/wp-content\/uploads\/2021\/01\/Salve_logo_modri_nov_web.png","contentUrl":"https:\/\/www.salve.si\/wp-content\/uploads\/2021\/01\/Salve_logo_modri_nov_web.png","width":279,"height":90,"caption":"Salve d.o.o."},"image":{"@id":"https:\/\/www.salve.si\/#\/schema\/logo\/image\/"},"sameAs":["https:\/\/www.facebook.com\/salve.si","https:\/\/www.instagram.com\/zalozbasalve\/","https:\/\/www.linkedin.com\/company\/zalozba-salve\/"]}]}},"_links":{"self":[{"href":"https:\/\/www.salve.si\/en\/wp-json\/wp\/v2\/product\/2809","targetHints":{"allow":["GET"]}}],"collection":[{"href":"https:\/\/www.salve.si\/en\/wp-json\/wp\/v2\/product"}],"about":[{"href":"https:\/\/www.salve.si\/en\/wp-json\/wp\/v2\/types\/product"}],"version-history":[{"count":1,"href":"https:\/\/www.salve.si\/en\/wp-json\/wp\/v2\/product\/2809\/revisions"}],"predecessor-version":[{"id":16349,"href":"https:\/\/www.salve.si\/en\/wp-json\/wp\/v2\/product\/2809\/revisions\/16349"}],"wp:featuredmedia":[{"embeddable":true,"href":"https:\/\/www.salve.si\/en\/wp-json\/wp\/v2\/media\/2810"}],"wp:attachment":[{"href":"https:\/\/www.salve.si\/en\/wp-json\/wp\/v2\/media?parent=2809"}],"wp:term":[{"taxonomy":"product_cat","embeddable":true,"href":"https:\/\/www.salve.si\/en\/wp-json\/wp\/v2\/product_cat?post=2809"},{"taxonomy":"product_tag","embeddable":true,"href":"https:\/\/www.salve.si\/en\/wp-json\/wp\/v2\/product_tag?post=2809"}],"curies":[{"name":"wp","href":"https:\/\/api.w.org\/{rel}","templated":true}]}}