{"id":2806,"date":"2013-11-20T10:00:14","date_gmt":"2013-11-20T09:00:14","guid":{"rendered":"http:\/\/2018.salve.si\/?post_type=product&#038;p=2806"},"modified":"2024-01-01T23:00:39","modified_gmt":"2024-01-01T22:00:39","slug":"don-bosko-z-mocjo-srca","status":"publish","type":"product","link":"https:\/\/www.salve.si\/en\/trgovina\/knjige\/svetniki-in-zivljenjepisi\/don-bosko-z-mocjo-srca\/","title":{"rendered":"Don Bosko, z mo\u010djo srca"},"content":{"rendered":"<p>Veliko ljudi don Boska \u017ee pozna, bodisi Lemoynovega ali od Teresia Bosca in mu je v spominu ostal vsaj kak\u0161en dogodek iz njegovega \u017eivljenja. Novi prevod francoske avtorice pa nam prika\u017ee don Boska na nov na\u010din, z drugega zornega kota. \u010ceprav strokoven in dokumentiran, a vseeno ljudsko berljiv, nas novi \u017eivljenjepis popelje v piemontske in evropske dru\u017ebeno-cerkvene dogodke druge polovice 19. stoletja, v katerih je don Bosko z Bo\u017ejo milostjo razvil prav posebno karizmo dela za mlade in z mladimi: preventivni vzgojni sistem, ki ga salezijanci \u0161e danes prina\u0161ajo mladim po vsem svetu.<span class=\"slv-content-keywords\"> Posebna ponudba Avtobiografije, \u017eivljenjepisi Francoise Bouchard Mozaik Z mo\u010djo srca Mario Bogani (Kapela Salezijanskega zavoda v Brescii) <\/span><\/p>","protected":false},"excerpt":{"rendered":"<p>V slovenskem prostoru imamo \u017ee nekaj \u017eivljenjepisov sv. Janeza Boska, tako za mlade kot za odrasle. Med nas pa prihaja, prav ob pripravi na dvestoletnico njegovega rojstva (2015), nov \u017eivljenjepis.<\/p>","protected":false},"featured_media":2807,"template":"","meta":{"_acf_changed":false,"footnotes":""},"product_cat":[709,315],"product_tag":[],"class_list":{"0":"post-2806","1":"product","2":"type-product","3":"status-publish","4":"has-post-thumbnail","6":"zbirke-mozaik","7":"authors-francoise-bouchard","8":"publisher-salve-d-o-o-ljubljana","9":"product_cat-posebna-ponudba","10":"product_cat-svetniki-in-zivljenjepisi","12":"first","13":"instock","14":"shipping-taxable","15":"purchasable","16":"product-type-simple"},"acf":[],"yoast_head":"<!-- This site is optimized with the Yoast SEO plugin v23.8 - https:\/\/yoast.com\/wordpress\/plugins\/seo\/ -->\n<title>Don Bosko, z mo\u010djo srca - Salve<\/title>\n<meta name=\"robots\" content=\"index, follow, max-snippet:-1, max-image-preview:large, max-video-preview:-1\" \/>\n<link rel=\"canonical\" href=\"https:\/\/www.salve.si\/en\/trgovina\/knjige\/svetniki-in-zivljenjepisi\/don-bosko-z-mocjo-srca\/\" \/>\n<meta property=\"og:locale\" content=\"en_US\" \/>\n<meta property=\"og:type\" content=\"article\" \/>\n<meta property=\"og:title\" content=\"Don Bosko, z mo\u010djo srca - Salve\" \/>\n<meta property=\"og:description\" content=\"V slovenskem prostoru imamo \u017ee nekaj \u017eivljenjepisov sv. Janeza Boska, tako za mlade kot za odrasle. Med nas pa prihaja, prav ob pripravi na dvestoletnico njegovega rojstva (2015), nov \u017eivljenjepis.\" \/>\n<meta property=\"og:url\" content=\"https:\/\/www.salve.si\/en\/trgovina\/knjige\/svetniki-in-zivljenjepisi\/don-bosko-z-mocjo-srca\/\" \/>\n<meta property=\"og:site_name\" content=\"Salve\" \/>\n<meta property=\"article:publisher\" content=\"https:\/\/www.facebook.com\/salve.si\" \/>\n<meta property=\"article:modified_time\" content=\"2024-01-01T22:00:39+00:00\" \/>\n<meta property=\"og:image\" content=\"https:\/\/www.salve.si\/wp-content\/uploads\/2018\/03\/salve_don-bosko-z-mocjo-srca_francoise-bouchard_2013.jpg\" \/>\n\t<meta property=\"og:image:width\" content=\"1616\" \/>\n\t<meta property=\"og:image:height\" content=\"2193\" \/>\n\t<meta property=\"og:image:type\" content=\"image\/jpeg\" \/>\n<meta name=\"twitter:card\" content=\"summary_large_image\" \/>\n<meta name=\"twitter:label1\" content=\"Est. reading time\" \/>\n\t<meta name=\"twitter:data1\" content=\"1 minute\" \/>\n<script type=\"application\/ld+json\" class=\"yoast-schema-graph\">{\"@context\":\"https:\/\/schema.org\",\"@graph\":[{\"@type\":\"WebPage\",\"@id\":\"https:\/\/www.salve.si\/trgovina\/knjige\/svetniki-in-zivljenjepisi\/don-bosko-z-mocjo-srca\/\",\"url\":\"https:\/\/www.salve.si\/trgovina\/knjige\/svetniki-in-zivljenjepisi\/don-bosko-z-mocjo-srca\/\",\"name\":\"Don Bosko, z mo\u010djo srca - Salve\",\"isPartOf\":{\"@id\":\"https:\/\/www.salve.si\/#website\"},\"primaryImageOfPage\":{\"@id\":\"https:\/\/www.salve.si\/trgovina\/knjige\/svetniki-in-zivljenjepisi\/don-bosko-z-mocjo-srca\/#primaryimage\"},\"image\":{\"@id\":\"https:\/\/www.salve.si\/trgovina\/knjige\/svetniki-in-zivljenjepisi\/don-bosko-z-mocjo-srca\/#primaryimage\"},\"thumbnailUrl\":\"https:\/\/www.salve.si\/wp-content\/uploads\/2018\/03\/salve_don-bosko-z-mocjo-srca_francoise-bouchard_2013.jpg\",\"datePublished\":\"2013-11-20T09:00:14+00:00\",\"dateModified\":\"2024-01-01T22:00:39+00:00\",\"breadcrumb\":{\"@id\":\"https:\/\/www.salve.si\/trgovina\/knjige\/svetniki-in-zivljenjepisi\/don-bosko-z-mocjo-srca\/#breadcrumb\"},\"inLanguage\":\"en-US\",\"potentialAction\":[{\"@type\":\"ReadAction\",\"target\":[\"https:\/\/www.salve.si\/trgovina\/knjige\/svetniki-in-zivljenjepisi\/don-bosko-z-mocjo-srca\/\"]}]},{\"@type\":\"ImageObject\",\"inLanguage\":\"en-US\",\"@id\":\"https:\/\/www.salve.si\/trgovina\/knjige\/svetniki-in-zivljenjepisi\/don-bosko-z-mocjo-srca\/#primaryimage\",\"url\":\"https:\/\/www.salve.si\/wp-content\/uploads\/2018\/03\/salve_don-bosko-z-mocjo-srca_francoise-bouchard_2013.jpg\",\"contentUrl\":\"https:\/\/www.salve.si\/wp-content\/uploads\/2018\/03\/salve_don-bosko-z-mocjo-srca_francoise-bouchard_2013.jpg\",\"width\":1616,\"height\":2193},{\"@type\":\"BreadcrumbList\",\"@id\":\"https:\/\/www.salve.si\/trgovina\/knjige\/svetniki-in-zivljenjepisi\/don-bosko-z-mocjo-srca\/#breadcrumb\",\"itemListElement\":[{\"@type\":\"ListItem\",\"position\":1,\"name\":\"Home\",\"item\":\"https:\/\/www.salve.si\/\"},{\"@type\":\"ListItem\",\"position\":2,\"name\":\"Trgovina\",\"item\":\"https:\/\/www.salve.si\/trgovina\/\"},{\"@type\":\"ListItem\",\"position\":3,\"name\":\"Don Bosko, z mo\u010djo srca\"}]},{\"@type\":\"WebSite\",\"@id\":\"https:\/\/www.salve.si\/#website\",\"url\":\"https:\/\/www.salve.si\/\",\"name\":\"Salve\",\"description\":\"Salezijanska zalo\u017eba\",\"publisher\":{\"@id\":\"https:\/\/www.salve.si\/#organization\"},\"potentialAction\":[{\"@type\":\"SearchAction\",\"target\":{\"@type\":\"EntryPoint\",\"urlTemplate\":\"https:\/\/www.salve.si\/?s={search_term_string}\"},\"query-input\":{\"@type\":\"PropertyValueSpecification\",\"valueRequired\":true,\"valueName\":\"search_term_string\"}}],\"inLanguage\":\"en-US\"},{\"@type\":\"Organization\",\"@id\":\"https:\/\/www.salve.si\/#organization\",\"name\":\"Salve d.o.o.\",\"url\":\"https:\/\/www.salve.si\/\",\"logo\":{\"@type\":\"ImageObject\",\"inLanguage\":\"en-US\",\"@id\":\"https:\/\/www.salve.si\/#\/schema\/logo\/image\/\",\"url\":\"https:\/\/www.salve.si\/wp-content\/uploads\/2021\/01\/Salve_logo_modri_nov_web.png\",\"contentUrl\":\"https:\/\/www.salve.si\/wp-content\/uploads\/2021\/01\/Salve_logo_modri_nov_web.png\",\"width\":279,\"height\":90,\"caption\":\"Salve d.o.o.\"},\"image\":{\"@id\":\"https:\/\/www.salve.si\/#\/schema\/logo\/image\/\"},\"sameAs\":[\"https:\/\/www.facebook.com\/salve.si\",\"https:\/\/www.instagram.com\/zalozbasalve\/\",\"https:\/\/www.linkedin.com\/company\/zalozba-salve\/\"]}]}<\/script>\n<!-- \/ Yoast SEO plugin. -->","yoast_head_json":{"title":"Don Bosko, z mo\u010djo srca - Salve","robots":{"index":"index","follow":"follow","max-snippet":"max-snippet:-1","max-image-preview":"max-image-preview:large","max-video-preview":"max-video-preview:-1"},"canonical":"https:\/\/www.salve.si\/en\/trgovina\/knjige\/svetniki-in-zivljenjepisi\/don-bosko-z-mocjo-srca\/","og_locale":"en_US","og_type":"article","og_title":"Don Bosko, z mo\u010djo srca - Salve","og_description":"V slovenskem prostoru imamo \u017ee nekaj \u017eivljenjepisov sv. Janeza Boska, tako za mlade kot za odrasle. Med nas pa prihaja, prav ob pripravi na dvestoletnico njegovega rojstva (2015), nov \u017eivljenjepis.","og_url":"https:\/\/www.salve.si\/en\/trgovina\/knjige\/svetniki-in-zivljenjepisi\/don-bosko-z-mocjo-srca\/","og_site_name":"Salve","article_publisher":"https:\/\/www.facebook.com\/salve.si","article_modified_time":"2024-01-01T22:00:39+00:00","og_image":[{"width":1616,"height":2193,"url":"https:\/\/www.salve.si\/wp-content\/uploads\/2018\/03\/salve_don-bosko-z-mocjo-srca_francoise-bouchard_2013.jpg","type":"image\/jpeg"}],"twitter_card":"summary_large_image","twitter_misc":{"Est. reading time":"1 minute"},"schema":{"@context":"https:\/\/schema.org","@graph":[{"@type":"WebPage","@id":"https:\/\/www.salve.si\/trgovina\/knjige\/svetniki-in-zivljenjepisi\/don-bosko-z-mocjo-srca\/","url":"https:\/\/www.salve.si\/trgovina\/knjige\/svetniki-in-zivljenjepisi\/don-bosko-z-mocjo-srca\/","name":"Don Bosko, z mo\u010djo srca - Salve","isPartOf":{"@id":"https:\/\/www.salve.si\/#website"},"primaryImageOfPage":{"@id":"https:\/\/www.salve.si\/trgovina\/knjige\/svetniki-in-zivljenjepisi\/don-bosko-z-mocjo-srca\/#primaryimage"},"image":{"@id":"https:\/\/www.salve.si\/trgovina\/knjige\/svetniki-in-zivljenjepisi\/don-bosko-z-mocjo-srca\/#primaryimage"},"thumbnailUrl":"https:\/\/www.salve.si\/wp-content\/uploads\/2018\/03\/salve_don-bosko-z-mocjo-srca_francoise-bouchard_2013.jpg","datePublished":"2013-11-20T09:00:14+00:00","dateModified":"2024-01-01T22:00:39+00:00","breadcrumb":{"@id":"https:\/\/www.salve.si\/trgovina\/knjige\/svetniki-in-zivljenjepisi\/don-bosko-z-mocjo-srca\/#breadcrumb"},"inLanguage":"en-US","potentialAction":[{"@type":"ReadAction","target":["https:\/\/www.salve.si\/trgovina\/knjige\/svetniki-in-zivljenjepisi\/don-bosko-z-mocjo-srca\/"]}]},{"@type":"ImageObject","inLanguage":"en-US","@id":"https:\/\/www.salve.si\/trgovina\/knjige\/svetniki-in-zivljenjepisi\/don-bosko-z-mocjo-srca\/#primaryimage","url":"https:\/\/www.salve.si\/wp-content\/uploads\/2018\/03\/salve_don-bosko-z-mocjo-srca_francoise-bouchard_2013.jpg","contentUrl":"https:\/\/www.salve.si\/wp-content\/uploads\/2018\/03\/salve_don-bosko-z-mocjo-srca_francoise-bouchard_2013.jpg","width":1616,"height":2193},{"@type":"BreadcrumbList","@id":"https:\/\/www.salve.si\/trgovina\/knjige\/svetniki-in-zivljenjepisi\/don-bosko-z-mocjo-srca\/#breadcrumb","itemListElement":[{"@type":"ListItem","position":1,"name":"Home","item":"https:\/\/www.salve.si\/"},{"@type":"ListItem","position":2,"name":"Trgovina","item":"https:\/\/www.salve.si\/trgovina\/"},{"@type":"ListItem","position":3,"name":"Don Bosko, z mo\u010djo srca"}]},{"@type":"WebSite","@id":"https:\/\/www.salve.si\/#website","url":"https:\/\/www.salve.si\/","name":"Salve","description":"Salezijanska zalo\u017eba","publisher":{"@id":"https:\/\/www.salve.si\/#organization"},"potentialAction":[{"@type":"SearchAction","target":{"@type":"EntryPoint","urlTemplate":"https:\/\/www.salve.si\/?s={search_term_string}"},"query-input":{"@type":"PropertyValueSpecification","valueRequired":true,"valueName":"search_term_string"}}],"inLanguage":"en-US"},{"@type":"Organization","@id":"https:\/\/www.salve.si\/#organization","name":"Salve d.o.o.","url":"https:\/\/www.salve.si\/","logo":{"@type":"ImageObject","inLanguage":"en-US","@id":"https:\/\/www.salve.si\/#\/schema\/logo\/image\/","url":"https:\/\/www.salve.si\/wp-content\/uploads\/2021\/01\/Salve_logo_modri_nov_web.png","contentUrl":"https:\/\/www.salve.si\/wp-content\/uploads\/2021\/01\/Salve_logo_modri_nov_web.png","width":279,"height":90,"caption":"Salve d.o.o."},"image":{"@id":"https:\/\/www.salve.si\/#\/schema\/logo\/image\/"},"sameAs":["https:\/\/www.facebook.com\/salve.si","https:\/\/www.instagram.com\/zalozbasalve\/","https:\/\/www.linkedin.com\/company\/zalozba-salve\/"]}]}},"_links":{"self":[{"href":"https:\/\/www.salve.si\/en\/wp-json\/wp\/v2\/product\/2806","targetHints":{"allow":["GET"]}}],"collection":[{"href":"https:\/\/www.salve.si\/en\/wp-json\/wp\/v2\/product"}],"about":[{"href":"https:\/\/www.salve.si\/en\/wp-json\/wp\/v2\/types\/product"}],"version-history":[{"count":2,"href":"https:\/\/www.salve.si\/en\/wp-json\/wp\/v2\/product\/2806\/revisions"}],"predecessor-version":[{"id":12921,"href":"https:\/\/www.salve.si\/en\/wp-json\/wp\/v2\/product\/2806\/revisions\/12921"}],"wp:featuredmedia":[{"embeddable":true,"href":"https:\/\/www.salve.si\/en\/wp-json\/wp\/v2\/media\/2807"}],"wp:attachment":[{"href":"https:\/\/www.salve.si\/en\/wp-json\/wp\/v2\/media?parent=2806"}],"wp:term":[{"taxonomy":"product_cat","embeddable":true,"href":"https:\/\/www.salve.si\/en\/wp-json\/wp\/v2\/product_cat?post=2806"},{"taxonomy":"product_tag","embeddable":true,"href":"https:\/\/www.salve.si\/en\/wp-json\/wp\/v2\/product_tag?post=2806"}],"curies":[{"name":"wp","href":"https:\/\/api.w.org\/{rel}","templated":true}]}}