{"id":2800,"date":"2013-11-20T10:00:08","date_gmt":"2013-11-20T09:00:08","guid":{"rendered":"http:\/\/2018.salve.si\/?post_type=product&#038;p=2800"},"modified":"2018-08-23T13:27:35","modified_gmt":"2018-08-23T11:27:35","slug":"birma-pecat-svetega-duha","status":"publish","type":"product","link":"https:\/\/www.salve.si\/en\/trgovina\/knjige\/teologija-in-duhovnost\/birma-pecat-svetega-duha\/","title":{"rendered":"Birma \u2013 pe\u010dat Svetega Duha"},"content":{"rendered":"<p>Naslov priro\u010dnika: Birma \u2013 pe\u010dat Svetega Duha nas uvede v samo bistvo zakramenta birme. Najpomembnej\u0161i pri zakramentu birme je Sveti Duh, skriti Bog, ki po maziljenju s krizmo vtisne v du\u0161o kristjana duhovno \u2013 neizbrisno znamenje, Gospodov pe\u010dat, da smo bo\u017eji otroci, zaznamovani z njegovo ljubeznijo, saj nas &#8220;utrjuje za Kristusa in nas mazili Bog, ki nam je tudi vtisnil pe\u010dat in v na\u0161a srca polo\u017eil poro\u0161tvo Duha&#8221; (2 Kor 1,21\u201322). Povabljeni smo, da bi o tem s hvale\u017enostjo pri\u010dali.<br \/>\nSveti Duh, ki je ljubezen, posve\u010duje na\u0161e \u017eivljenje in nas napravlja dragocene. \u017de s krstom nas naredi za bo\u017eje otroke in nas usposablja, da Bogu lahko re\u010demo O\u010de, pri birmi pa krstno milost potrdi (birma \u2013 confirmatio \u2013 potrditev), izpopolni in okrepi s tem, da pove\u010da v nas svoje darove. Pod vplivom Svetega Duha notranji, duhovni \u010dlovek zori in se krepi. Mlademu \u010dloveku tako birma da mo\u017enost, da ob pomo\u010di Svetega Duha dozoreva in pot zorenja la\u017eje prehodi.<\/p>\n<p>Tudi mi, star\u0161i, botri in drugi, smo prehodili vsak svojo pot in tudi nas, ki smo bili kr\u0161\u010deni in birmani pred mnogimi leti, vedno spremlja Sveti Duh in nas tiho vabi na pot za Gospodom. Daje nam darove in omogo\u010da sre\u010danja ter medosebne odnose, da zmoremo hoditi po poti kr\u0161\u010danskega \u017eivljenja, da smo kr\u0161\u010danski star\u0161i oz. botri in kot taki zgled in opora na\u0161im otrokom \u2013 birmancem, ki se pripravljajo na zakrament svete birme \u2013 ali pa nam k temu lahko pomaga tudi \u010das priprave na sveto birmo.<br \/>\nKer imamo radi na\u0161e otroke, jim \u017eelimo v \u017eivljenju najbolj\u0161e. Najbolj\u0161e \u2013 najbolj\u0161i je Bog, Sveti Duh, ki je Ljubezen sama. In ker pri birmi prejmemo Svetega Duha in njegove darove, je podobno, kot bi sprejemali v na\u0161e dru\u017eine visokega gosta, zato je primerno, da se na ta prihod dobro pripravimo. Birma in priprava nanjo je zato velika prilo\u017enost za nas, star\u0161e oz. botre, na\u0161e otroke oz. varovance, pa tudi animatorje, duhovnike in vse \u017eupljane, zato je dobro in primerno, da ta dragoceni \u010das pre\u017eivimo v medsebojnem povezovanju in predvsem v molitvi.<br \/>\nNa\u0161i otroci pa pravzaprav niso ve\u010d otroci, so mladeni\u010di in mladenke, kar pomeni, da odra\u0161\u010dajo. Zato je na za\u010detku besedila nekaj besed namenjenih temi odra\u0161\u010danja v povezavi z mo\u017enostmi, kje kot star\u0161i in botri v tem zahtevnem obdobju lahko \u010drpamo mo\u010d in oporo; v drugem poglavju sledi nekaj misli o pripravi na birmo, s poudarkom na nosilcih in oblikah priprave; tretje poglavje pa nam predstavi temeljne misli o tem, kdo je Sveti Duh ter kaj za nas pomeni vera in zakrament svete birme.<\/p>\n<p>Priro\u010dnik temelji na besedilu disertacije o birmanski pastorali in na predavanjih za star\u0161e in botre. Povod zanj je dejstvo, da imajo birmanci, ki so glavni akterji priprave na birmo, veliko mo\u017enosti, da se prek razli\u010dnih oblik (verouka, birmanskih skupin, duhovnih vaj \u2026) na prejem zakramenta birme kar najbolj kakovostno pripravijo, medtem ko imamo star\u0161i in botri za to navadno le malo mo\u017enosti. Gre za podro\u010dje, kjer je veliko pomanjkanje gradiv, a smo kot star\u0161i ali botri kljub temu povabljeni k sodelovanju.<br \/>\nV priro\u010dniku sem sku\u0161ala, kolikor je bilo mogo\u010de, upo\u0161tevati pri\u010dakovanja in nasvete, da bi bil priro\u010dnik preprost, razumljiv, pregleden, pou\u010den \u2026 \u017delje po tem, da bi vseboval veliko primerov in \u017eivljenjskih izku\u0161enj, so zaradi dol\u017eine in osredoto\u010denosti na bistvene teolo\u0161ke poudarke, zaenkrat morda manj upo\u0161tevane, ste pa zato star\u0161i in botri lepo povabljeni, da mi posredujete svoje misli, izku\u0161nje in primere iz (Va\u0161ega) \u017eivljenja, ki pri\u010dajo o delovanju Svetega Duha in prisotnosti njegovih darov in sadov. Va\u0161e izku\u0161nje in pri\u010devanja bodo lahko dragocena obogatitev za katero od naslednjih knji\u017eic s podro\u010dja birmanske pastorale.<br \/>\n(Polona Vesel Mu\u0161i\u010d)<span class=\"slv-content-keywords\"> Birmanska pastorala Polona Vesel Mu\u0161i\u010d Teologija in duhovnost Priro\u010dniki Sveta birma <\/span><\/p>","protected":false},"excerpt":{"rendered":"<p>&#8220;Priro\u010dnik za star\u0161e birmancev in birmanske botre je novost na podro\u010dju birmanske pastorale. V njem star\u0161i, botri in vsi drugi najdemo nekaj misli za spodbudo v pripravi na zakrament svete birme. Zato je priro\u010dnik lahko koristen pripomo\u010dek v katehezi odraslih, ta pa je eden od &#8216;osnovnih itinerarijev povsod, kjer krajevne Cerkve stopajo na pot nove evangelizacije&#8217;, kot poudarja krovni dokument Slovenskega pastoralnega na\u010drta (PIP 2012, 41).&#8221;<\/p>","protected":false},"featured_media":2801,"template":"","meta":{"_acf_changed":false,"footnotes":""},"product_cat":[316,314],"product_tag":[342],"class_list":{"0":"post-2800","1":"product","2":"type-product","3":"status-publish","4":"has-post-thumbnail","6":"zbirke-birmanska-pastorala","7":"authors-polona-vesel-music","8":"publisher-salve-d-o-o-ljubljana","9":"product_cat-prirocniki","10":"product_cat-teologija-in-duhovnost","11":"product_tag-sveta-birma","13":"first","14":"instock","15":"shipping-taxable","16":"purchasable","17":"product-type-simple"},"acf":[],"yoast_head":"<!-- This site is optimized with the Yoast SEO plugin v23.8 - https:\/\/yoast.com\/wordpress\/plugins\/seo\/ -->\n<title>Birma \u2013 pe\u010dat Svetega Duha - Salve<\/title>\n<meta name=\"robots\" content=\"index, follow, max-snippet:-1, max-image-preview:large, max-video-preview:-1\" \/>\n<link rel=\"canonical\" href=\"https:\/\/www.salve.si\/en\/trgovina\/knjige\/teologija-in-duhovnost\/birma-pecat-svetega-duha\/\" \/>\n<meta property=\"og:locale\" content=\"en_US\" \/>\n<meta property=\"og:type\" content=\"article\" \/>\n<meta property=\"og:title\" content=\"Birma \u2013 pe\u010dat Svetega Duha - Salve\" \/>\n<meta property=\"og:description\" content=\"&quot;Priro\u010dnik za star\u0161e birmancev in birmanske botre je novost na podro\u010dju birmanske pastorale. V njem star\u0161i, botri in vsi drugi najdemo nekaj misli za spodbudo v pripravi na zakrament svete birme. Zato je priro\u010dnik lahko koristen pripomo\u010dek v katehezi odraslih, ta pa je eden od &#039;osnovnih itinerarijev povsod, kjer krajevne Cerkve stopajo na pot nove evangelizacije&#039;, kot poudarja krovni dokument Slovenskega pastoralnega na\u010drta (PIP 2012, 41).&quot;\" \/>\n<meta property=\"og:url\" content=\"https:\/\/www.salve.si\/en\/trgovina\/knjige\/teologija-in-duhovnost\/birma-pecat-svetega-duha\/\" \/>\n<meta property=\"og:site_name\" content=\"Salve\" \/>\n<meta property=\"article:publisher\" content=\"https:\/\/www.facebook.com\/salve.si\" \/>\n<meta property=\"article:modified_time\" content=\"2018-08-23T11:27:35+00:00\" \/>\n<meta property=\"og:image\" content=\"https:\/\/www.salve.si\/wp-content\/uploads\/2018\/03\/salve_birma-pecat-svetega-duha_polona-vesel-music_2013.jpg\" \/>\n\t<meta property=\"og:image:width\" content=\"1639\" \/>\n\t<meta property=\"og:image:height\" content=\"2487\" \/>\n\t<meta property=\"og:image:type\" content=\"image\/jpeg\" \/>\n<meta name=\"twitter:card\" content=\"summary_large_image\" \/>\n<meta name=\"twitter:label1\" content=\"Est. reading time\" \/>\n\t<meta name=\"twitter:data1\" content=\"3 minutes\" \/>\n<script type=\"application\/ld+json\" class=\"yoast-schema-graph\">{\"@context\":\"https:\/\/schema.org\",\"@graph\":[{\"@type\":\"WebPage\",\"@id\":\"https:\/\/www.salve.si\/trgovina\/knjige\/teologija-in-duhovnost\/birma-pecat-svetega-duha\/\",\"url\":\"https:\/\/www.salve.si\/trgovina\/knjige\/teologija-in-duhovnost\/birma-pecat-svetega-duha\/\",\"name\":\"Birma \u2013 pe\u010dat Svetega Duha - Salve\",\"isPartOf\":{\"@id\":\"https:\/\/www.salve.si\/#website\"},\"primaryImageOfPage\":{\"@id\":\"https:\/\/www.salve.si\/trgovina\/knjige\/teologija-in-duhovnost\/birma-pecat-svetega-duha\/#primaryimage\"},\"image\":{\"@id\":\"https:\/\/www.salve.si\/trgovina\/knjige\/teologija-in-duhovnost\/birma-pecat-svetega-duha\/#primaryimage\"},\"thumbnailUrl\":\"https:\/\/www.salve.si\/wp-content\/uploads\/2018\/03\/salve_birma-pecat-svetega-duha_polona-vesel-music_2013.jpg\",\"datePublished\":\"2013-11-20T09:00:08+00:00\",\"dateModified\":\"2018-08-23T11:27:35+00:00\",\"breadcrumb\":{\"@id\":\"https:\/\/www.salve.si\/trgovina\/knjige\/teologija-in-duhovnost\/birma-pecat-svetega-duha\/#breadcrumb\"},\"inLanguage\":\"en-US\",\"potentialAction\":[{\"@type\":\"ReadAction\",\"target\":[\"https:\/\/www.salve.si\/trgovina\/knjige\/teologija-in-duhovnost\/birma-pecat-svetega-duha\/\"]}]},{\"@type\":\"ImageObject\",\"inLanguage\":\"en-US\",\"@id\":\"https:\/\/www.salve.si\/trgovina\/knjige\/teologija-in-duhovnost\/birma-pecat-svetega-duha\/#primaryimage\",\"url\":\"https:\/\/www.salve.si\/wp-content\/uploads\/2018\/03\/salve_birma-pecat-svetega-duha_polona-vesel-music_2013.jpg\",\"contentUrl\":\"https:\/\/www.salve.si\/wp-content\/uploads\/2018\/03\/salve_birma-pecat-svetega-duha_polona-vesel-music_2013.jpg\",\"width\":1639,\"height\":2487},{\"@type\":\"BreadcrumbList\",\"@id\":\"https:\/\/www.salve.si\/trgovina\/knjige\/teologija-in-duhovnost\/birma-pecat-svetega-duha\/#breadcrumb\",\"itemListElement\":[{\"@type\":\"ListItem\",\"position\":1,\"name\":\"Home\",\"item\":\"https:\/\/www.salve.si\/\"},{\"@type\":\"ListItem\",\"position\":2,\"name\":\"Trgovina\",\"item\":\"https:\/\/www.salve.si\/trgovina\/\"},{\"@type\":\"ListItem\",\"position\":3,\"name\":\"Birma \u2013 pe\u010dat Svetega Duha\"}]},{\"@type\":\"WebSite\",\"@id\":\"https:\/\/www.salve.si\/#website\",\"url\":\"https:\/\/www.salve.si\/\",\"name\":\"Salve\",\"description\":\"Salezijanska zalo\u017eba\",\"publisher\":{\"@id\":\"https:\/\/www.salve.si\/#organization\"},\"potentialAction\":[{\"@type\":\"SearchAction\",\"target\":{\"@type\":\"EntryPoint\",\"urlTemplate\":\"https:\/\/www.salve.si\/?s={search_term_string}\"},\"query-input\":{\"@type\":\"PropertyValueSpecification\",\"valueRequired\":true,\"valueName\":\"search_term_string\"}}],\"inLanguage\":\"en-US\"},{\"@type\":\"Organization\",\"@id\":\"https:\/\/www.salve.si\/#organization\",\"name\":\"Salve d.o.o.\",\"url\":\"https:\/\/www.salve.si\/\",\"logo\":{\"@type\":\"ImageObject\",\"inLanguage\":\"en-US\",\"@id\":\"https:\/\/www.salve.si\/#\/schema\/logo\/image\/\",\"url\":\"https:\/\/www.salve.si\/wp-content\/uploads\/2021\/01\/Salve_logo_modri_nov_web.png\",\"contentUrl\":\"https:\/\/www.salve.si\/wp-content\/uploads\/2021\/01\/Salve_logo_modri_nov_web.png\",\"width\":279,\"height\":90,\"caption\":\"Salve d.o.o.\"},\"image\":{\"@id\":\"https:\/\/www.salve.si\/#\/schema\/logo\/image\/\"},\"sameAs\":[\"https:\/\/www.facebook.com\/salve.si\",\"https:\/\/www.instagram.com\/zalozbasalve\/\",\"https:\/\/www.linkedin.com\/company\/zalozba-salve\/\"]}]}<\/script>\n<!-- \/ Yoast SEO plugin. -->","yoast_head_json":{"title":"Birma \u2013 pe\u010dat Svetega Duha - Salve","robots":{"index":"index","follow":"follow","max-snippet":"max-snippet:-1","max-image-preview":"max-image-preview:large","max-video-preview":"max-video-preview:-1"},"canonical":"https:\/\/www.salve.si\/en\/trgovina\/knjige\/teologija-in-duhovnost\/birma-pecat-svetega-duha\/","og_locale":"en_US","og_type":"article","og_title":"Birma \u2013 pe\u010dat Svetega Duha - Salve","og_description":"\"Priro\u010dnik za star\u0161e birmancev in birmanske botre je novost na podro\u010dju birmanske pastorale. V njem star\u0161i, botri in vsi drugi najdemo nekaj misli za spodbudo v pripravi na zakrament svete birme. Zato je priro\u010dnik lahko koristen pripomo\u010dek v katehezi odraslih, ta pa je eden od 'osnovnih itinerarijev povsod, kjer krajevne Cerkve stopajo na pot nove evangelizacije', kot poudarja krovni dokument Slovenskega pastoralnega na\u010drta (PIP 2012, 41).\"","og_url":"https:\/\/www.salve.si\/en\/trgovina\/knjige\/teologija-in-duhovnost\/birma-pecat-svetega-duha\/","og_site_name":"Salve","article_publisher":"https:\/\/www.facebook.com\/salve.si","article_modified_time":"2018-08-23T11:27:35+00:00","og_image":[{"width":1639,"height":2487,"url":"https:\/\/www.salve.si\/wp-content\/uploads\/2018\/03\/salve_birma-pecat-svetega-duha_polona-vesel-music_2013.jpg","type":"image\/jpeg"}],"twitter_card":"summary_large_image","twitter_misc":{"Est. reading time":"3 minutes"},"schema":{"@context":"https:\/\/schema.org","@graph":[{"@type":"WebPage","@id":"https:\/\/www.salve.si\/trgovina\/knjige\/teologija-in-duhovnost\/birma-pecat-svetega-duha\/","url":"https:\/\/www.salve.si\/trgovina\/knjige\/teologija-in-duhovnost\/birma-pecat-svetega-duha\/","name":"Birma \u2013 pe\u010dat Svetega Duha - Salve","isPartOf":{"@id":"https:\/\/www.salve.si\/#website"},"primaryImageOfPage":{"@id":"https:\/\/www.salve.si\/trgovina\/knjige\/teologija-in-duhovnost\/birma-pecat-svetega-duha\/#primaryimage"},"image":{"@id":"https:\/\/www.salve.si\/trgovina\/knjige\/teologija-in-duhovnost\/birma-pecat-svetega-duha\/#primaryimage"},"thumbnailUrl":"https:\/\/www.salve.si\/wp-content\/uploads\/2018\/03\/salve_birma-pecat-svetega-duha_polona-vesel-music_2013.jpg","datePublished":"2013-11-20T09:00:08+00:00","dateModified":"2018-08-23T11:27:35+00:00","breadcrumb":{"@id":"https:\/\/www.salve.si\/trgovina\/knjige\/teologija-in-duhovnost\/birma-pecat-svetega-duha\/#breadcrumb"},"inLanguage":"en-US","potentialAction":[{"@type":"ReadAction","target":["https:\/\/www.salve.si\/trgovina\/knjige\/teologija-in-duhovnost\/birma-pecat-svetega-duha\/"]}]},{"@type":"ImageObject","inLanguage":"en-US","@id":"https:\/\/www.salve.si\/trgovina\/knjige\/teologija-in-duhovnost\/birma-pecat-svetega-duha\/#primaryimage","url":"https:\/\/www.salve.si\/wp-content\/uploads\/2018\/03\/salve_birma-pecat-svetega-duha_polona-vesel-music_2013.jpg","contentUrl":"https:\/\/www.salve.si\/wp-content\/uploads\/2018\/03\/salve_birma-pecat-svetega-duha_polona-vesel-music_2013.jpg","width":1639,"height":2487},{"@type":"BreadcrumbList","@id":"https:\/\/www.salve.si\/trgovina\/knjige\/teologija-in-duhovnost\/birma-pecat-svetega-duha\/#breadcrumb","itemListElement":[{"@type":"ListItem","position":1,"name":"Home","item":"https:\/\/www.salve.si\/"},{"@type":"ListItem","position":2,"name":"Trgovina","item":"https:\/\/www.salve.si\/trgovina\/"},{"@type":"ListItem","position":3,"name":"Birma \u2013 pe\u010dat Svetega Duha"}]},{"@type":"WebSite","@id":"https:\/\/www.salve.si\/#website","url":"https:\/\/www.salve.si\/","name":"Salve","description":"Salezijanska zalo\u017eba","publisher":{"@id":"https:\/\/www.salve.si\/#organization"},"potentialAction":[{"@type":"SearchAction","target":{"@type":"EntryPoint","urlTemplate":"https:\/\/www.salve.si\/?s={search_term_string}"},"query-input":{"@type":"PropertyValueSpecification","valueRequired":true,"valueName":"search_term_string"}}],"inLanguage":"en-US"},{"@type":"Organization","@id":"https:\/\/www.salve.si\/#organization","name":"Salve d.o.o.","url":"https:\/\/www.salve.si\/","logo":{"@type":"ImageObject","inLanguage":"en-US","@id":"https:\/\/www.salve.si\/#\/schema\/logo\/image\/","url":"https:\/\/www.salve.si\/wp-content\/uploads\/2021\/01\/Salve_logo_modri_nov_web.png","contentUrl":"https:\/\/www.salve.si\/wp-content\/uploads\/2021\/01\/Salve_logo_modri_nov_web.png","width":279,"height":90,"caption":"Salve d.o.o."},"image":{"@id":"https:\/\/www.salve.si\/#\/schema\/logo\/image\/"},"sameAs":["https:\/\/www.facebook.com\/salve.si","https:\/\/www.instagram.com\/zalozbasalve\/","https:\/\/www.linkedin.com\/company\/zalozba-salve\/"]}]}},"_links":{"self":[{"href":"https:\/\/www.salve.si\/en\/wp-json\/wp\/v2\/product\/2800","targetHints":{"allow":["GET"]}}],"collection":[{"href":"https:\/\/www.salve.si\/en\/wp-json\/wp\/v2\/product"}],"about":[{"href":"https:\/\/www.salve.si\/en\/wp-json\/wp\/v2\/types\/product"}],"version-history":[{"count":0,"href":"https:\/\/www.salve.si\/en\/wp-json\/wp\/v2\/product\/2800\/revisions"}],"wp:featuredmedia":[{"embeddable":true,"href":"https:\/\/www.salve.si\/en\/wp-json\/wp\/v2\/media\/2801"}],"wp:attachment":[{"href":"https:\/\/www.salve.si\/en\/wp-json\/wp\/v2\/media?parent=2800"}],"wp:term":[{"taxonomy":"product_cat","embeddable":true,"href":"https:\/\/www.salve.si\/en\/wp-json\/wp\/v2\/product_cat?post=2800"},{"taxonomy":"product_tag","embeddable":true,"href":"https:\/\/www.salve.si\/en\/wp-json\/wp\/v2\/product_tag?post=2800"}],"curies":[{"name":"wp","href":"https:\/\/api.w.org\/{rel}","templated":true}]}}