{"id":2796,"date":"2013-06-13T10:00:35","date_gmt":"2013-06-13T08:00:35","guid":{"rendered":"http:\/\/2018.salve.si\/?post_type=product&#038;p=2796"},"modified":"2023-01-01T00:00:10","modified_gmt":"2022-12-31T23:00:10","slug":"usmiljeni-samarijan","status":"publish","type":"product","link":"https:\/\/www.salve.si\/en\/trgovina\/knjige\/teologija-in-duhovnost\/usmiljeni-samarijan\/","title":{"rendered":"Usmiljeni Samarijan"},"content":{"rendered":"<p>Osnovna misel prilike o usmiljenem Samarijanu nas vodi skozi vsa obdobja cerkvenega leta in nas spodbuja k delu za dejavno pomo\u010d, ki je najbolj\u0161a metoda nove evangelizacije in tudi priprave na pastoralne na\u010drte, pred katerimi je na\u0161a krajevna cerkev. V uvodu boste lahko \u0161e podrobneje spoznali, kako knji\u017eico uporabljati za poglabljanje v razumevanju dejavne kr\u0161\u010danske ljubezni v svetu zdravja, bolezni in trpljenja.<br \/>\nZelo sem hvale\u017een zalo\u017ebi Salve in njenim urednikom, da je knji\u017eica prevedena in izdana tudi v slovenskem jeziku. Naj rodi bogate sadove!<br \/>\n(Jo\u017ee \u0160tupnikar, iz uvoda)<\/p>\n<p><span class=\"slv-content-keywords\"> Teologija in duhovnost Pape\u0161ki svet za zdravstvene delavce Knji\u017eice bolniki pastorala zdravja usmisljeni samarijan <\/span><\/p>","protected":false},"excerpt":{"rendered":"<p>Pred nami je knji\u017eica, ki jo je Pape\u0161ki svet za pastoralo zdravja poslal krajevnim cerkvam v prevod, da bi tako leto vere, ki ga obhajamo, dobilo \u0161e globlji in vesoljni pomen in bi se tako bolniki, njihovi bli\u017enji, pastoralni in zdravstveni delavci povezali v skupni molitvi in meditaciji.<\/p>","protected":false},"featured_media":12679,"template":"","meta":{"_acf_changed":false,"footnotes":""},"product_cat":[314],"product_tag":[1014,1015,1013],"class_list":{"0":"post-2796","1":"product","2":"type-product","3":"status-publish","4":"has-post-thumbnail","6":"zbirke-knjizice","7":"authors-papeski-svet-za-zdravstvene-delavce","8":"publisher-salve-d-o-o-ljubljana","9":"product_cat-teologija-in-duhovnost","10":"product_tag-bolniki","11":"product_tag-pastorala-zdravja","12":"product_tag-usmisljeni-samarijan","14":"first","15":"instock","16":"shipping-taxable","17":"purchasable","18":"product-type-simple"},"acf":[],"yoast_head":"<!-- This site is optimized with the Yoast SEO plugin v23.8 - https:\/\/yoast.com\/wordpress\/plugins\/seo\/ -->\n<title>Usmiljeni Samarijan - Salve<\/title>\n<meta name=\"robots\" content=\"index, follow, max-snippet:-1, max-image-preview:large, max-video-preview:-1\" \/>\n<link rel=\"canonical\" href=\"https:\/\/www.salve.si\/en\/trgovina\/knjige\/teologija-in-duhovnost\/usmiljeni-samarijan\/\" \/>\n<meta property=\"og:locale\" content=\"en_US\" \/>\n<meta property=\"og:type\" content=\"article\" \/>\n<meta property=\"og:title\" content=\"Usmiljeni Samarijan - Salve\" \/>\n<meta property=\"og:description\" content=\"Pred nami je knji\u017eica, ki jo je Pape\u0161ki svet za pastoralo zdravja poslal krajevnim cerkvam v prevod, da bi tako leto vere, ki ga obhajamo, dobilo \u0161e globlji in vesoljni pomen in bi se tako bolniki, njihovi bli\u017enji, pastoralni in zdravstveni delavci povezali v skupni molitvi in meditaciji.\" \/>\n<meta property=\"og:url\" content=\"https:\/\/www.salve.si\/en\/trgovina\/knjige\/teologija-in-duhovnost\/usmiljeni-samarijan\/\" \/>\n<meta property=\"og:site_name\" content=\"Salve\" \/>\n<meta property=\"article:publisher\" content=\"https:\/\/www.facebook.com\/salve.si\" \/>\n<meta property=\"article:modified_time\" content=\"2022-12-31T23:00:10+00:00\" \/>\n<meta property=\"og:image\" content=\"https:\/\/www.salve.si\/wp-content\/uploads\/2013\/06\/Usmiljeni-Samarijan.jpg\" \/>\n\t<meta property=\"og:image:width\" content=\"474\" \/>\n\t<meta property=\"og:image:height\" content=\"799\" \/>\n\t<meta property=\"og:image:type\" content=\"image\/jpeg\" \/>\n<meta name=\"twitter:card\" content=\"summary_large_image\" \/>\n<meta name=\"twitter:label1\" content=\"Est. reading time\" \/>\n\t<meta name=\"twitter:data1\" content=\"1 minute\" \/>\n<script type=\"application\/ld+json\" class=\"yoast-schema-graph\">{\"@context\":\"https:\/\/schema.org\",\"@graph\":[{\"@type\":\"WebPage\",\"@id\":\"https:\/\/www.salve.si\/trgovina\/knjige\/teologija-in-duhovnost\/usmiljeni-samarijan\/\",\"url\":\"https:\/\/www.salve.si\/trgovina\/knjige\/teologija-in-duhovnost\/usmiljeni-samarijan\/\",\"name\":\"Usmiljeni Samarijan - Salve\",\"isPartOf\":{\"@id\":\"https:\/\/www.salve.si\/#website\"},\"primaryImageOfPage\":{\"@id\":\"https:\/\/www.salve.si\/trgovina\/knjige\/teologija-in-duhovnost\/usmiljeni-samarijan\/#primaryimage\"},\"image\":{\"@id\":\"https:\/\/www.salve.si\/trgovina\/knjige\/teologija-in-duhovnost\/usmiljeni-samarijan\/#primaryimage\"},\"thumbnailUrl\":\"https:\/\/www.salve.si\/wp-content\/uploads\/2013\/06\/Usmiljeni-Samarijan.jpg\",\"datePublished\":\"2013-06-13T08:00:35+00:00\",\"dateModified\":\"2022-12-31T23:00:10+00:00\",\"breadcrumb\":{\"@id\":\"https:\/\/www.salve.si\/trgovina\/knjige\/teologija-in-duhovnost\/usmiljeni-samarijan\/#breadcrumb\"},\"inLanguage\":\"en-US\",\"potentialAction\":[{\"@type\":\"ReadAction\",\"target\":[\"https:\/\/www.salve.si\/trgovina\/knjige\/teologija-in-duhovnost\/usmiljeni-samarijan\/\"]}]},{\"@type\":\"ImageObject\",\"inLanguage\":\"en-US\",\"@id\":\"https:\/\/www.salve.si\/trgovina\/knjige\/teologija-in-duhovnost\/usmiljeni-samarijan\/#primaryimage\",\"url\":\"https:\/\/www.salve.si\/wp-content\/uploads\/2013\/06\/Usmiljeni-Samarijan.jpg\",\"contentUrl\":\"https:\/\/www.salve.si\/wp-content\/uploads\/2013\/06\/Usmiljeni-Samarijan.jpg\",\"width\":474,\"height\":799},{\"@type\":\"BreadcrumbList\",\"@id\":\"https:\/\/www.salve.si\/trgovina\/knjige\/teologija-in-duhovnost\/usmiljeni-samarijan\/#breadcrumb\",\"itemListElement\":[{\"@type\":\"ListItem\",\"position\":1,\"name\":\"Home\",\"item\":\"https:\/\/www.salve.si\/\"},{\"@type\":\"ListItem\",\"position\":2,\"name\":\"Trgovina\",\"item\":\"https:\/\/www.salve.si\/trgovina\/\"},{\"@type\":\"ListItem\",\"position\":3,\"name\":\"Usmiljeni Samarijan\"}]},{\"@type\":\"WebSite\",\"@id\":\"https:\/\/www.salve.si\/#website\",\"url\":\"https:\/\/www.salve.si\/\",\"name\":\"Salve\",\"description\":\"Salezijanska zalo\u017eba\",\"publisher\":{\"@id\":\"https:\/\/www.salve.si\/#organization\"},\"potentialAction\":[{\"@type\":\"SearchAction\",\"target\":{\"@type\":\"EntryPoint\",\"urlTemplate\":\"https:\/\/www.salve.si\/?s={search_term_string}\"},\"query-input\":{\"@type\":\"PropertyValueSpecification\",\"valueRequired\":true,\"valueName\":\"search_term_string\"}}],\"inLanguage\":\"en-US\"},{\"@type\":\"Organization\",\"@id\":\"https:\/\/www.salve.si\/#organization\",\"name\":\"Salve d.o.o.\",\"url\":\"https:\/\/www.salve.si\/\",\"logo\":{\"@type\":\"ImageObject\",\"inLanguage\":\"en-US\",\"@id\":\"https:\/\/www.salve.si\/#\/schema\/logo\/image\/\",\"url\":\"https:\/\/www.salve.si\/wp-content\/uploads\/2021\/01\/Salve_logo_modri_nov_web.png\",\"contentUrl\":\"https:\/\/www.salve.si\/wp-content\/uploads\/2021\/01\/Salve_logo_modri_nov_web.png\",\"width\":279,\"height\":90,\"caption\":\"Salve d.o.o.\"},\"image\":{\"@id\":\"https:\/\/www.salve.si\/#\/schema\/logo\/image\/\"},\"sameAs\":[\"https:\/\/www.facebook.com\/salve.si\",\"https:\/\/www.instagram.com\/zalozbasalve\/\",\"https:\/\/www.linkedin.com\/company\/zalozba-salve\/\"]}]}<\/script>\n<!-- \/ Yoast SEO plugin. -->","yoast_head_json":{"title":"Usmiljeni Samarijan - Salve","robots":{"index":"index","follow":"follow","max-snippet":"max-snippet:-1","max-image-preview":"max-image-preview:large","max-video-preview":"max-video-preview:-1"},"canonical":"https:\/\/www.salve.si\/en\/trgovina\/knjige\/teologija-in-duhovnost\/usmiljeni-samarijan\/","og_locale":"en_US","og_type":"article","og_title":"Usmiljeni Samarijan - Salve","og_description":"Pred nami je knji\u017eica, ki jo je Pape\u0161ki svet za pastoralo zdravja poslal krajevnim cerkvam v prevod, da bi tako leto vere, ki ga obhajamo, dobilo \u0161e globlji in vesoljni pomen in bi se tako bolniki, njihovi bli\u017enji, pastoralni in zdravstveni delavci povezali v skupni molitvi in meditaciji.","og_url":"https:\/\/www.salve.si\/en\/trgovina\/knjige\/teologija-in-duhovnost\/usmiljeni-samarijan\/","og_site_name":"Salve","article_publisher":"https:\/\/www.facebook.com\/salve.si","article_modified_time":"2022-12-31T23:00:10+00:00","og_image":[{"width":474,"height":799,"url":"https:\/\/www.salve.si\/wp-content\/uploads\/2013\/06\/Usmiljeni-Samarijan.jpg","type":"image\/jpeg"}],"twitter_card":"summary_large_image","twitter_misc":{"Est. reading time":"1 minute"},"schema":{"@context":"https:\/\/schema.org","@graph":[{"@type":"WebPage","@id":"https:\/\/www.salve.si\/trgovina\/knjige\/teologija-in-duhovnost\/usmiljeni-samarijan\/","url":"https:\/\/www.salve.si\/trgovina\/knjige\/teologija-in-duhovnost\/usmiljeni-samarijan\/","name":"Usmiljeni Samarijan - Salve","isPartOf":{"@id":"https:\/\/www.salve.si\/#website"},"primaryImageOfPage":{"@id":"https:\/\/www.salve.si\/trgovina\/knjige\/teologija-in-duhovnost\/usmiljeni-samarijan\/#primaryimage"},"image":{"@id":"https:\/\/www.salve.si\/trgovina\/knjige\/teologija-in-duhovnost\/usmiljeni-samarijan\/#primaryimage"},"thumbnailUrl":"https:\/\/www.salve.si\/wp-content\/uploads\/2013\/06\/Usmiljeni-Samarijan.jpg","datePublished":"2013-06-13T08:00:35+00:00","dateModified":"2022-12-31T23:00:10+00:00","breadcrumb":{"@id":"https:\/\/www.salve.si\/trgovina\/knjige\/teologija-in-duhovnost\/usmiljeni-samarijan\/#breadcrumb"},"inLanguage":"en-US","potentialAction":[{"@type":"ReadAction","target":["https:\/\/www.salve.si\/trgovina\/knjige\/teologija-in-duhovnost\/usmiljeni-samarijan\/"]}]},{"@type":"ImageObject","inLanguage":"en-US","@id":"https:\/\/www.salve.si\/trgovina\/knjige\/teologija-in-duhovnost\/usmiljeni-samarijan\/#primaryimage","url":"https:\/\/www.salve.si\/wp-content\/uploads\/2013\/06\/Usmiljeni-Samarijan.jpg","contentUrl":"https:\/\/www.salve.si\/wp-content\/uploads\/2013\/06\/Usmiljeni-Samarijan.jpg","width":474,"height":799},{"@type":"BreadcrumbList","@id":"https:\/\/www.salve.si\/trgovina\/knjige\/teologija-in-duhovnost\/usmiljeni-samarijan\/#breadcrumb","itemListElement":[{"@type":"ListItem","position":1,"name":"Home","item":"https:\/\/www.salve.si\/"},{"@type":"ListItem","position":2,"name":"Trgovina","item":"https:\/\/www.salve.si\/trgovina\/"},{"@type":"ListItem","position":3,"name":"Usmiljeni Samarijan"}]},{"@type":"WebSite","@id":"https:\/\/www.salve.si\/#website","url":"https:\/\/www.salve.si\/","name":"Salve","description":"Salezijanska zalo\u017eba","publisher":{"@id":"https:\/\/www.salve.si\/#organization"},"potentialAction":[{"@type":"SearchAction","target":{"@type":"EntryPoint","urlTemplate":"https:\/\/www.salve.si\/?s={search_term_string}"},"query-input":{"@type":"PropertyValueSpecification","valueRequired":true,"valueName":"search_term_string"}}],"inLanguage":"en-US"},{"@type":"Organization","@id":"https:\/\/www.salve.si\/#organization","name":"Salve d.o.o.","url":"https:\/\/www.salve.si\/","logo":{"@type":"ImageObject","inLanguage":"en-US","@id":"https:\/\/www.salve.si\/#\/schema\/logo\/image\/","url":"https:\/\/www.salve.si\/wp-content\/uploads\/2021\/01\/Salve_logo_modri_nov_web.png","contentUrl":"https:\/\/www.salve.si\/wp-content\/uploads\/2021\/01\/Salve_logo_modri_nov_web.png","width":279,"height":90,"caption":"Salve d.o.o."},"image":{"@id":"https:\/\/www.salve.si\/#\/schema\/logo\/image\/"},"sameAs":["https:\/\/www.facebook.com\/salve.si","https:\/\/www.instagram.com\/zalozbasalve\/","https:\/\/www.linkedin.com\/company\/zalozba-salve\/"]}]}},"_links":{"self":[{"href":"https:\/\/www.salve.si\/en\/wp-json\/wp\/v2\/product\/2796","targetHints":{"allow":["GET"]}}],"collection":[{"href":"https:\/\/www.salve.si\/en\/wp-json\/wp\/v2\/product"}],"about":[{"href":"https:\/\/www.salve.si\/en\/wp-json\/wp\/v2\/types\/product"}],"version-history":[{"count":3,"href":"https:\/\/www.salve.si\/en\/wp-json\/wp\/v2\/product\/2796\/revisions"}],"predecessor-version":[{"id":16427,"href":"https:\/\/www.salve.si\/en\/wp-json\/wp\/v2\/product\/2796\/revisions\/16427"}],"wp:featuredmedia":[{"embeddable":true,"href":"https:\/\/www.salve.si\/en\/wp-json\/wp\/v2\/media\/12679"}],"wp:attachment":[{"href":"https:\/\/www.salve.si\/en\/wp-json\/wp\/v2\/media?parent=2796"}],"wp:term":[{"taxonomy":"product_cat","embeddable":true,"href":"https:\/\/www.salve.si\/en\/wp-json\/wp\/v2\/product_cat?post=2796"},{"taxonomy":"product_tag","embeddable":true,"href":"https:\/\/www.salve.si\/en\/wp-json\/wp\/v2\/product_tag?post=2796"}],"curies":[{"name":"wp","href":"https:\/\/api.w.org\/{rel}","templated":true}]}}