{"id":2794,"date":"2013-06-01T10:00:35","date_gmt":"2013-06-01T08:00:35","guid":{"rendered":"http:\/\/2018.salve.si\/?post_type=product&#038;p=2794"},"modified":"2025-07-07T13:54:18","modified_gmt":"2025-07-07T11:54:18","slug":"fatima-okno-upanja","status":"publish","type":"product","link":"https:\/\/www.salve.si\/en\/trgovina\/knjige\/teologija-in-duhovnost\/fatima-okno-upanja\/","title":{"rendered":"Fatima \u2013 okno upanja"},"content":{"rendered":"<p>&#8230; V skladu z naslovom, ki je povzet po uvidu pape\u017ea Benedikta XVI., bi tudi to knjigo mogli imenovali &#8216;okno upanja&#8217; za na\u0161 \u010das, za na\u0161 slovenski trenutek. Za \u010das, v katerem se sre\u010dujemo z realnostjo razkristjanjenosti ne le na\u0161ih mest, ampak vedno bolj tudi pode\u017eelja, ko moramo nositi neslavni naslov naroda v Srednji Evropi, ki najmanj moli, ko tudi med mladimi kr\u0161\u010danskimi dru\u017einami komaj \u0161e najdemo kak\u0161no, ki je postavljena na trden temelj zakramenta svetega zakona (saj je med novokr\u0161\u010denci \u0161e komaj morda petina ali ponekod le desetina takih, ki niso iz zunajzakonskih skupnosti) \u2026 V to slovensko resni\u010dnost prihaja sedemdesetletnica posvetitve na\u0161ega naroda Mariji v letu 1943, ki je \u0161e posebej duhovno pripravljena z obhajanjem petih prvih sobot pred obnovitvijo te posvetitve na leto\u0161nji praznik Marijinega vnebovzetja; in \u010dez tri leta prihaja \u0161e stoletnica prikazovanj v Fatimi. S to knjigo bomo mogli v tem \u010dasu kakor skozi &#8216;okno&#8217; zreti v Marijino &#8216;delavnico&#8217;, iskati ob njej in vsem, kar se po njej dogaja, tola\u017ebo, pogum in predvsem pripro\u0161njo za tiste milosti, ki jih v tem trenutku na\u0161e zgodovine kot skupnost Cerkve, kot slovenski narod in samostojna dr\u017eava Slovenija najbolj potrebujemo, da bomo zmogli smele in prave premisleke, izbire in odlo\u010ditve ter tudi mo\u010d za njihovo uresni\u010devanje. Z Marijo ni svet nikoli brezupen, ker nam Ona pogled nenehno usmerja v svojega Sina Jezusa Kristusa. On pa je Pot, Resnica in \u017divljenje.&#8221;<br \/>\n(Marjan Turn\u0161ek)<span class=\"slv-content-keywords\"> Teologija in duhovnost Marija Bernardova knji\u017enica Anton Nadrah Prispevek k zmagi Marijinega brezmade\u017enega Srca <\/span><\/p>","protected":false},"excerpt":{"rendered":"<p>&#8220;Knjiga je \u010dudovit &#8216;sprehod&#8217; s pomo\u010djo nadnaravnih skrivnostnih dogajanj v Fatimi skozi skoraj stoletno zgodovino in razbiranje le-te v lu\u010di fatimskih prikazovanj in Marijinih materinskih naro\u010dil in klicev ter njenih zdravilnih posredovanj &#8230;<\/p>","protected":false},"featured_media":2795,"template":"","meta":{"_acf_changed":false,"footnotes":""},"product_cat":[314],"product_tag":[337],"class_list":{"0":"post-2794","1":"product","2":"type-product","3":"status-publish","4":"has-post-thumbnail","6":"zbirke-bernardova-knjiznica","7":"authors-anton-nadrah","8":"publisher-salve-d-o-o-ljubljana","9":"product_cat-teologija-in-duhovnost","10":"product_tag-marija","12":"first","13":"outofstock","14":"shipping-taxable","15":"purchasable","16":"product-type-simple"},"acf":[],"yoast_head":"<!-- This site is optimized with the Yoast SEO plugin v23.8 - https:\/\/yoast.com\/wordpress\/plugins\/seo\/ -->\n<title>Fatima \u2013 okno upanja - Salve<\/title>\n<meta name=\"robots\" content=\"index, follow, max-snippet:-1, max-image-preview:large, max-video-preview:-1\" \/>\n<link rel=\"canonical\" href=\"https:\/\/www.salve.si\/en\/trgovina\/knjige\/teologija-in-duhovnost\/fatima-okno-upanja\/\" \/>\n<meta property=\"og:locale\" content=\"en_US\" \/>\n<meta property=\"og:type\" content=\"article\" \/>\n<meta property=\"og:title\" content=\"Fatima \u2013 okno upanja - Salve\" \/>\n<meta property=\"og:description\" content=\"&quot;Knjiga je \u010dudovit &#039;sprehod&#039; s pomo\u010djo nadnaravnih skrivnostnih dogajanj v Fatimi skozi skoraj stoletno zgodovino in razbiranje le-te v lu\u010di fatimskih prikazovanj in Marijinih materinskih naro\u010dil in klicev ter njenih zdravilnih posredovanj ...\" \/>\n<meta property=\"og:url\" content=\"https:\/\/www.salve.si\/en\/trgovina\/knjige\/teologija-in-duhovnost\/fatima-okno-upanja\/\" \/>\n<meta property=\"og:site_name\" content=\"Salve\" \/>\n<meta property=\"article:publisher\" content=\"https:\/\/www.facebook.com\/salve.si\" \/>\n<meta property=\"article:modified_time\" content=\"2025-07-07T11:54:18+00:00\" \/>\n<meta property=\"og:image\" content=\"https:\/\/www.salve.si\/wp-content\/uploads\/2018\/03\/salve_fatima-okno-upanja_a-nadrah_2013.jpg\" \/>\n\t<meta property=\"og:image:width\" content=\"1477\" \/>\n\t<meta property=\"og:image:height\" content=\"2240\" \/>\n\t<meta property=\"og:image:type\" content=\"image\/jpeg\" \/>\n<meta name=\"twitter:card\" content=\"summary_large_image\" \/>\n<meta name=\"twitter:label1\" content=\"Est. reading time\" \/>\n\t<meta name=\"twitter:data1\" content=\"2 minutes\" \/>\n<script type=\"application\/ld+json\" class=\"yoast-schema-graph\">{\"@context\":\"https:\/\/schema.org\",\"@graph\":[{\"@type\":\"WebPage\",\"@id\":\"https:\/\/www.salve.si\/trgovina\/knjige\/teologija-in-duhovnost\/fatima-okno-upanja\/\",\"url\":\"https:\/\/www.salve.si\/trgovina\/knjige\/teologija-in-duhovnost\/fatima-okno-upanja\/\",\"name\":\"Fatima \u2013 okno upanja - Salve\",\"isPartOf\":{\"@id\":\"https:\/\/www.salve.si\/#website\"},\"primaryImageOfPage\":{\"@id\":\"https:\/\/www.salve.si\/trgovina\/knjige\/teologija-in-duhovnost\/fatima-okno-upanja\/#primaryimage\"},\"image\":{\"@id\":\"https:\/\/www.salve.si\/trgovina\/knjige\/teologija-in-duhovnost\/fatima-okno-upanja\/#primaryimage\"},\"thumbnailUrl\":\"https:\/\/www.salve.si\/wp-content\/uploads\/2018\/03\/salve_fatima-okno-upanja_a-nadrah_2013.jpg\",\"datePublished\":\"2013-06-01T08:00:35+00:00\",\"dateModified\":\"2025-07-07T11:54:18+00:00\",\"breadcrumb\":{\"@id\":\"https:\/\/www.salve.si\/trgovina\/knjige\/teologija-in-duhovnost\/fatima-okno-upanja\/#breadcrumb\"},\"inLanguage\":\"en-US\",\"potentialAction\":[{\"@type\":\"ReadAction\",\"target\":[\"https:\/\/www.salve.si\/trgovina\/knjige\/teologija-in-duhovnost\/fatima-okno-upanja\/\"]}]},{\"@type\":\"ImageObject\",\"inLanguage\":\"en-US\",\"@id\":\"https:\/\/www.salve.si\/trgovina\/knjige\/teologija-in-duhovnost\/fatima-okno-upanja\/#primaryimage\",\"url\":\"https:\/\/www.salve.si\/wp-content\/uploads\/2018\/03\/salve_fatima-okno-upanja_a-nadrah_2013.jpg\",\"contentUrl\":\"https:\/\/www.salve.si\/wp-content\/uploads\/2018\/03\/salve_fatima-okno-upanja_a-nadrah_2013.jpg\",\"width\":1477,\"height\":2240},{\"@type\":\"BreadcrumbList\",\"@id\":\"https:\/\/www.salve.si\/trgovina\/knjige\/teologija-in-duhovnost\/fatima-okno-upanja\/#breadcrumb\",\"itemListElement\":[{\"@type\":\"ListItem\",\"position\":1,\"name\":\"Home\",\"item\":\"https:\/\/www.salve.si\/\"},{\"@type\":\"ListItem\",\"position\":2,\"name\":\"Trgovina\",\"item\":\"https:\/\/www.salve.si\/trgovina\/\"},{\"@type\":\"ListItem\",\"position\":3,\"name\":\"Fatima \u2013 okno upanja\"}]},{\"@type\":\"WebSite\",\"@id\":\"https:\/\/www.salve.si\/#website\",\"url\":\"https:\/\/www.salve.si\/\",\"name\":\"Salve\",\"description\":\"Salezijanska zalo\u017eba\",\"publisher\":{\"@id\":\"https:\/\/www.salve.si\/#organization\"},\"potentialAction\":[{\"@type\":\"SearchAction\",\"target\":{\"@type\":\"EntryPoint\",\"urlTemplate\":\"https:\/\/www.salve.si\/?s={search_term_string}\"},\"query-input\":{\"@type\":\"PropertyValueSpecification\",\"valueRequired\":true,\"valueName\":\"search_term_string\"}}],\"inLanguage\":\"en-US\"},{\"@type\":\"Organization\",\"@id\":\"https:\/\/www.salve.si\/#organization\",\"name\":\"Salve d.o.o.\",\"url\":\"https:\/\/www.salve.si\/\",\"logo\":{\"@type\":\"ImageObject\",\"inLanguage\":\"en-US\",\"@id\":\"https:\/\/www.salve.si\/#\/schema\/logo\/image\/\",\"url\":\"https:\/\/www.salve.si\/wp-content\/uploads\/2021\/01\/Salve_logo_modri_nov_web.png\",\"contentUrl\":\"https:\/\/www.salve.si\/wp-content\/uploads\/2021\/01\/Salve_logo_modri_nov_web.png\",\"width\":279,\"height\":90,\"caption\":\"Salve d.o.o.\"},\"image\":{\"@id\":\"https:\/\/www.salve.si\/#\/schema\/logo\/image\/\"},\"sameAs\":[\"https:\/\/www.facebook.com\/salve.si\",\"https:\/\/www.instagram.com\/zalozbasalve\/\",\"https:\/\/www.linkedin.com\/company\/zalozba-salve\/\"]}]}<\/script>\n<!-- \/ Yoast SEO plugin. -->","yoast_head_json":{"title":"Fatima \u2013 okno upanja - Salve","robots":{"index":"index","follow":"follow","max-snippet":"max-snippet:-1","max-image-preview":"max-image-preview:large","max-video-preview":"max-video-preview:-1"},"canonical":"https:\/\/www.salve.si\/en\/trgovina\/knjige\/teologija-in-duhovnost\/fatima-okno-upanja\/","og_locale":"en_US","og_type":"article","og_title":"Fatima \u2013 okno upanja - Salve","og_description":"\"Knjiga je \u010dudovit 'sprehod' s pomo\u010djo nadnaravnih skrivnostnih dogajanj v Fatimi skozi skoraj stoletno zgodovino in razbiranje le-te v lu\u010di fatimskih prikazovanj in Marijinih materinskih naro\u010dil in klicev ter njenih zdravilnih posredovanj ...","og_url":"https:\/\/www.salve.si\/en\/trgovina\/knjige\/teologija-in-duhovnost\/fatima-okno-upanja\/","og_site_name":"Salve","article_publisher":"https:\/\/www.facebook.com\/salve.si","article_modified_time":"2025-07-07T11:54:18+00:00","og_image":[{"width":1477,"height":2240,"url":"https:\/\/www.salve.si\/wp-content\/uploads\/2018\/03\/salve_fatima-okno-upanja_a-nadrah_2013.jpg","type":"image\/jpeg"}],"twitter_card":"summary_large_image","twitter_misc":{"Est. reading time":"2 minutes"},"schema":{"@context":"https:\/\/schema.org","@graph":[{"@type":"WebPage","@id":"https:\/\/www.salve.si\/trgovina\/knjige\/teologija-in-duhovnost\/fatima-okno-upanja\/","url":"https:\/\/www.salve.si\/trgovina\/knjige\/teologija-in-duhovnost\/fatima-okno-upanja\/","name":"Fatima \u2013 okno upanja - Salve","isPartOf":{"@id":"https:\/\/www.salve.si\/#website"},"primaryImageOfPage":{"@id":"https:\/\/www.salve.si\/trgovina\/knjige\/teologija-in-duhovnost\/fatima-okno-upanja\/#primaryimage"},"image":{"@id":"https:\/\/www.salve.si\/trgovina\/knjige\/teologija-in-duhovnost\/fatima-okno-upanja\/#primaryimage"},"thumbnailUrl":"https:\/\/www.salve.si\/wp-content\/uploads\/2018\/03\/salve_fatima-okno-upanja_a-nadrah_2013.jpg","datePublished":"2013-06-01T08:00:35+00:00","dateModified":"2025-07-07T11:54:18+00:00","breadcrumb":{"@id":"https:\/\/www.salve.si\/trgovina\/knjige\/teologija-in-duhovnost\/fatima-okno-upanja\/#breadcrumb"},"inLanguage":"en-US","potentialAction":[{"@type":"ReadAction","target":["https:\/\/www.salve.si\/trgovina\/knjige\/teologija-in-duhovnost\/fatima-okno-upanja\/"]}]},{"@type":"ImageObject","inLanguage":"en-US","@id":"https:\/\/www.salve.si\/trgovina\/knjige\/teologija-in-duhovnost\/fatima-okno-upanja\/#primaryimage","url":"https:\/\/www.salve.si\/wp-content\/uploads\/2018\/03\/salve_fatima-okno-upanja_a-nadrah_2013.jpg","contentUrl":"https:\/\/www.salve.si\/wp-content\/uploads\/2018\/03\/salve_fatima-okno-upanja_a-nadrah_2013.jpg","width":1477,"height":2240},{"@type":"BreadcrumbList","@id":"https:\/\/www.salve.si\/trgovina\/knjige\/teologija-in-duhovnost\/fatima-okno-upanja\/#breadcrumb","itemListElement":[{"@type":"ListItem","position":1,"name":"Home","item":"https:\/\/www.salve.si\/"},{"@type":"ListItem","position":2,"name":"Trgovina","item":"https:\/\/www.salve.si\/trgovina\/"},{"@type":"ListItem","position":3,"name":"Fatima \u2013 okno upanja"}]},{"@type":"WebSite","@id":"https:\/\/www.salve.si\/#website","url":"https:\/\/www.salve.si\/","name":"Salve","description":"Salezijanska zalo\u017eba","publisher":{"@id":"https:\/\/www.salve.si\/#organization"},"potentialAction":[{"@type":"SearchAction","target":{"@type":"EntryPoint","urlTemplate":"https:\/\/www.salve.si\/?s={search_term_string}"},"query-input":{"@type":"PropertyValueSpecification","valueRequired":true,"valueName":"search_term_string"}}],"inLanguage":"en-US"},{"@type":"Organization","@id":"https:\/\/www.salve.si\/#organization","name":"Salve d.o.o.","url":"https:\/\/www.salve.si\/","logo":{"@type":"ImageObject","inLanguage":"en-US","@id":"https:\/\/www.salve.si\/#\/schema\/logo\/image\/","url":"https:\/\/www.salve.si\/wp-content\/uploads\/2021\/01\/Salve_logo_modri_nov_web.png","contentUrl":"https:\/\/www.salve.si\/wp-content\/uploads\/2021\/01\/Salve_logo_modri_nov_web.png","width":279,"height":90,"caption":"Salve d.o.o."},"image":{"@id":"https:\/\/www.salve.si\/#\/schema\/logo\/image\/"},"sameAs":["https:\/\/www.facebook.com\/salve.si","https:\/\/www.instagram.com\/zalozbasalve\/","https:\/\/www.linkedin.com\/company\/zalozba-salve\/"]}]}},"_links":{"self":[{"href":"https:\/\/www.salve.si\/en\/wp-json\/wp\/v2\/product\/2794","targetHints":{"allow":["GET"]}}],"collection":[{"href":"https:\/\/www.salve.si\/en\/wp-json\/wp\/v2\/product"}],"about":[{"href":"https:\/\/www.salve.si\/en\/wp-json\/wp\/v2\/types\/product"}],"version-history":[{"count":3,"href":"https:\/\/www.salve.si\/en\/wp-json\/wp\/v2\/product\/2794\/revisions"}],"predecessor-version":[{"id":20115,"href":"https:\/\/www.salve.si\/en\/wp-json\/wp\/v2\/product\/2794\/revisions\/20115"}],"wp:featuredmedia":[{"embeddable":true,"href":"https:\/\/www.salve.si\/en\/wp-json\/wp\/v2\/media\/2795"}],"wp:attachment":[{"href":"https:\/\/www.salve.si\/en\/wp-json\/wp\/v2\/media?parent=2794"}],"wp:term":[{"taxonomy":"product_cat","embeddable":true,"href":"https:\/\/www.salve.si\/en\/wp-json\/wp\/v2\/product_cat?post=2794"},{"taxonomy":"product_tag","embeddable":true,"href":"https:\/\/www.salve.si\/en\/wp-json\/wp\/v2\/product_tag?post=2794"}],"curies":[{"name":"wp","href":"https:\/\/api.w.org\/{rel}","templated":true}]}}