{"id":2780,"date":"2013-05-17T10:00:33","date_gmt":"2013-05-17T08:00:33","guid":{"rendered":"http:\/\/2018.salve.si\/?post_type=product&#038;p=2780"},"modified":"2018-08-23T13:28:17","modified_gmt":"2018-08-23T11:28:17","slug":"pridi-molit-o-kristjan","status":"publish","type":"product","link":"https:\/\/www.salve.si\/en\/trgovina\/knjige\/molitveniki\/pridi-molit-o-kristjan\/","title":{"rendered":"Pridi molit, o kristjan"},"content":{"rendered":"<p>V \u010dasu priprave na slovenski evharisti\u010dni kongres je pri zalo\u017ebi Salve iz\u0161el molitvenik z zbranimi evharisti\u010dnimi molitvenimi urami z naslovom \u010castimo Jezusa v Najsvetej\u0161em (rde\u010de-bel ovitek).<br \/>\nNovi molitvenik z naslovom Pridi molit, o kristjan je nadaljevanje omenjenega (isti format), v katerem pa so zbrane naslednje molitvene ure: V \u010dast Sveti Trojici, V \u010dast Bogu O\u010detu (ob molitvi O\u010dena\u0161), v \u010dast Jezusu Kristusu (ob evangeljskih odlomkih), v \u010dast Svetemu Duhu (ob sedmih darovih), dve v \u010dast Devici Mariji (ob molitvi Zdravamarija in ob svetopisemskih odlomkih), za duhovne poklice, za misijone in za rajne. Dodali smo \u0161e molitve za \u010detrtek pred prvim petkom, prvi petek in soboto po prvem petku z nekaterimi litanijami oz. litanijskimi vzkliki. Omenjene molitvene ure lahko molimo pred Najsvetej\u0161im zakramentom, nekatere pa so primerne tudi za devetdnevnice pred ve\u010djimi prazniki\u00a0 (Bogu O\u010detu, Svetemu Duhu, Mariji).<br \/>\nMolitvenik ima imprimatur ljubljanske nad\u0161kofije, v oceni pa je cenzor p. Anton Nadrah zapisal, \u00bbda so besedila zelo primerna in uporabna za molitvene ure in so povsem skladna z verskim in nravnim naukom Cerkve!\u00ab<\/p>\n<p>Priro\u010dna oblika, bogata vsebina, velike \u010drke \u2026 zelo primeren molitvenik za ob\u010destveno molitev pred Najsvetej\u0161im.<span class=\"slv-content-keywords\"> Molitveniki <\/span><\/p>","protected":false},"excerpt":{"rendered":"<p>Knji\u017eica \u00bbPridi molit, o kristjan\u00ab je nadaljevanje rde\u010de knji\u017eice z naslovom \u00bb\u010castimo Jezusa v Najsvetej\u0161em\u00ab.<br \/>\nNekatere molitvene ure lahko uporabimo tudi kot molitev devetdnevnice. Vse molitvene ure lahko molimo tudi pred Najsvetej\u0161im zakramentom.<br \/>\nMolitvene ure lahko molimo na ve\u010d na\u010dinov, najbolj priporo\u010damo na\u010din: voditelj &#8211; ljudstvo. Krepko tiskana besedila bere ljudstvo.<br \/>\nPri nekaterih molitvah lahko sodeluje tudi bralec.<br \/>\nNekatere molitvene ure lahko med posameznimi deli obogatimo z izbranimi pesmimi, ki so ob koncu oz. z molitvijo desetk ro\u017enega venca ipd.<\/p>\n<p>Pripravil: Janez Poto\u010dnik, sdb<\/p>","protected":false},"featured_media":2781,"template":"","meta":{"_acf_changed":false,"footnotes":""},"product_cat":[636],"product_tag":[],"class_list":{"0":"post-2780","1":"product","2":"type-product","3":"status-publish","4":"has-post-thumbnail","6":"publisher-salve-d-o-o-ljubljana","7":"product_cat-molitveniki","9":"first","10":"instock","11":"shipping-taxable","12":"purchasable","13":"product-type-simple"},"acf":[],"yoast_head":"<!-- This site is optimized with the Yoast SEO plugin v23.8 - https:\/\/yoast.com\/wordpress\/plugins\/seo\/ -->\n<title>Pridi molit, o kristjan - Salve<\/title>\n<meta name=\"robots\" content=\"index, follow, max-snippet:-1, max-image-preview:large, max-video-preview:-1\" \/>\n<link rel=\"canonical\" href=\"https:\/\/www.salve.si\/en\/trgovina\/knjige\/molitveniki\/pridi-molit-o-kristjan\/\" \/>\n<meta property=\"og:locale\" content=\"en_US\" \/>\n<meta property=\"og:type\" content=\"article\" \/>\n<meta property=\"og:title\" content=\"Pridi molit, o kristjan - Salve\" \/>\n<meta property=\"og:description\" content=\"Knji\u017eica \u00bbPridi molit, o kristjan\u00ab je nadaljevanje rde\u010de knji\u017eice z naslovom \u00bb\u010castimo Jezusa v Najsvetej\u0161em\u00ab. Nekatere molitvene ure lahko uporabimo tudi kot molitev devetdnevnice. Vse molitvene ure lahko molimo tudi pred Najsvetej\u0161im zakramentom. Molitvene ure lahko molimo na ve\u010d na\u010dinov, najbolj priporo\u010damo na\u010din: voditelj - ljudstvo. Krepko tiskana besedila bere ljudstvo. Pri nekaterih molitvah lahko sodeluje tudi bralec. Nekatere molitvene ure lahko med posameznimi deli obogatimo z izbranimi pesmimi, ki so ob koncu oz. z molitvijo desetk ro\u017enega venca ipd.  Pripravil: Janez Poto\u010dnik, sdb\" \/>\n<meta property=\"og:url\" content=\"https:\/\/www.salve.si\/en\/trgovina\/knjige\/molitveniki\/pridi-molit-o-kristjan\/\" \/>\n<meta property=\"og:site_name\" content=\"Salve\" \/>\n<meta property=\"article:publisher\" content=\"https:\/\/www.facebook.com\/salve.si\" \/>\n<meta property=\"article:modified_time\" content=\"2018-08-23T11:28:17+00:00\" \/>\n<meta property=\"og:image\" content=\"https:\/\/www.salve.si\/wp-content\/uploads\/2018\/03\/pridi-molit-o-kristjan.jpg\" \/>\n\t<meta property=\"og:image:width\" content=\"800\" \/>\n\t<meta property=\"og:image:height\" content=\"1432\" \/>\n\t<meta property=\"og:image:type\" content=\"image\/jpeg\" \/>\n<meta name=\"twitter:card\" content=\"summary_large_image\" \/>\n<meta name=\"twitter:label1\" content=\"Est. reading time\" \/>\n\t<meta name=\"twitter:data1\" content=\"1 minute\" \/>\n<script type=\"application\/ld+json\" class=\"yoast-schema-graph\">{\"@context\":\"https:\/\/schema.org\",\"@graph\":[{\"@type\":\"WebPage\",\"@id\":\"https:\/\/www.salve.si\/trgovina\/knjige\/molitveniki\/pridi-molit-o-kristjan\/\",\"url\":\"https:\/\/www.salve.si\/trgovina\/knjige\/molitveniki\/pridi-molit-o-kristjan\/\",\"name\":\"Pridi molit, o kristjan - Salve\",\"isPartOf\":{\"@id\":\"https:\/\/www.salve.si\/#website\"},\"primaryImageOfPage\":{\"@id\":\"https:\/\/www.salve.si\/trgovina\/knjige\/molitveniki\/pridi-molit-o-kristjan\/#primaryimage\"},\"image\":{\"@id\":\"https:\/\/www.salve.si\/trgovina\/knjige\/molitveniki\/pridi-molit-o-kristjan\/#primaryimage\"},\"thumbnailUrl\":\"https:\/\/www.salve.si\/wp-content\/uploads\/2018\/03\/pridi-molit-o-kristjan.jpg\",\"datePublished\":\"2013-05-17T08:00:33+00:00\",\"dateModified\":\"2018-08-23T11:28:17+00:00\",\"breadcrumb\":{\"@id\":\"https:\/\/www.salve.si\/trgovina\/knjige\/molitveniki\/pridi-molit-o-kristjan\/#breadcrumb\"},\"inLanguage\":\"en-US\",\"potentialAction\":[{\"@type\":\"ReadAction\",\"target\":[\"https:\/\/www.salve.si\/trgovina\/knjige\/molitveniki\/pridi-molit-o-kristjan\/\"]}]},{\"@type\":\"ImageObject\",\"inLanguage\":\"en-US\",\"@id\":\"https:\/\/www.salve.si\/trgovina\/knjige\/molitveniki\/pridi-molit-o-kristjan\/#primaryimage\",\"url\":\"https:\/\/www.salve.si\/wp-content\/uploads\/2018\/03\/pridi-molit-o-kristjan.jpg\",\"contentUrl\":\"https:\/\/www.salve.si\/wp-content\/uploads\/2018\/03\/pridi-molit-o-kristjan.jpg\",\"width\":800,\"height\":1432},{\"@type\":\"BreadcrumbList\",\"@id\":\"https:\/\/www.salve.si\/trgovina\/knjige\/molitveniki\/pridi-molit-o-kristjan\/#breadcrumb\",\"itemListElement\":[{\"@type\":\"ListItem\",\"position\":1,\"name\":\"Home\",\"item\":\"https:\/\/www.salve.si\/\"},{\"@type\":\"ListItem\",\"position\":2,\"name\":\"Trgovina\",\"item\":\"https:\/\/www.salve.si\/trgovina\/\"},{\"@type\":\"ListItem\",\"position\":3,\"name\":\"Pridi molit, o kristjan\"}]},{\"@type\":\"WebSite\",\"@id\":\"https:\/\/www.salve.si\/#website\",\"url\":\"https:\/\/www.salve.si\/\",\"name\":\"Salve\",\"description\":\"Salezijanska zalo\u017eba\",\"publisher\":{\"@id\":\"https:\/\/www.salve.si\/#organization\"},\"potentialAction\":[{\"@type\":\"SearchAction\",\"target\":{\"@type\":\"EntryPoint\",\"urlTemplate\":\"https:\/\/www.salve.si\/?s={search_term_string}\"},\"query-input\":{\"@type\":\"PropertyValueSpecification\",\"valueRequired\":true,\"valueName\":\"search_term_string\"}}],\"inLanguage\":\"en-US\"},{\"@type\":\"Organization\",\"@id\":\"https:\/\/www.salve.si\/#organization\",\"name\":\"Salve d.o.o.\",\"url\":\"https:\/\/www.salve.si\/\",\"logo\":{\"@type\":\"ImageObject\",\"inLanguage\":\"en-US\",\"@id\":\"https:\/\/www.salve.si\/#\/schema\/logo\/image\/\",\"url\":\"https:\/\/www.salve.si\/wp-content\/uploads\/2021\/01\/Salve_logo_modri_nov_web.png\",\"contentUrl\":\"https:\/\/www.salve.si\/wp-content\/uploads\/2021\/01\/Salve_logo_modri_nov_web.png\",\"width\":279,\"height\":90,\"caption\":\"Salve d.o.o.\"},\"image\":{\"@id\":\"https:\/\/www.salve.si\/#\/schema\/logo\/image\/\"},\"sameAs\":[\"https:\/\/www.facebook.com\/salve.si\",\"https:\/\/www.instagram.com\/zalozbasalve\/\",\"https:\/\/www.linkedin.com\/company\/zalozba-salve\/\"]}]}<\/script>\n<!-- \/ Yoast SEO plugin. -->","yoast_head_json":{"title":"Pridi molit, o kristjan - Salve","robots":{"index":"index","follow":"follow","max-snippet":"max-snippet:-1","max-image-preview":"max-image-preview:large","max-video-preview":"max-video-preview:-1"},"canonical":"https:\/\/www.salve.si\/en\/trgovina\/knjige\/molitveniki\/pridi-molit-o-kristjan\/","og_locale":"en_US","og_type":"article","og_title":"Pridi molit, o kristjan - Salve","og_description":"Knji\u017eica \u00bbPridi molit, o kristjan\u00ab je nadaljevanje rde\u010de knji\u017eice z naslovom \u00bb\u010castimo Jezusa v Najsvetej\u0161em\u00ab. Nekatere molitvene ure lahko uporabimo tudi kot molitev devetdnevnice. Vse molitvene ure lahko molimo tudi pred Najsvetej\u0161im zakramentom. Molitvene ure lahko molimo na ve\u010d na\u010dinov, najbolj priporo\u010damo na\u010din: voditelj - ljudstvo. Krepko tiskana besedila bere ljudstvo. Pri nekaterih molitvah lahko sodeluje tudi bralec. Nekatere molitvene ure lahko med posameznimi deli obogatimo z izbranimi pesmimi, ki so ob koncu oz. z molitvijo desetk ro\u017enega venca ipd.  Pripravil: Janez Poto\u010dnik, sdb","og_url":"https:\/\/www.salve.si\/en\/trgovina\/knjige\/molitveniki\/pridi-molit-o-kristjan\/","og_site_name":"Salve","article_publisher":"https:\/\/www.facebook.com\/salve.si","article_modified_time":"2018-08-23T11:28:17+00:00","og_image":[{"width":800,"height":1432,"url":"https:\/\/www.salve.si\/wp-content\/uploads\/2018\/03\/pridi-molit-o-kristjan.jpg","type":"image\/jpeg"}],"twitter_card":"summary_large_image","twitter_misc":{"Est. reading time":"1 minute"},"schema":{"@context":"https:\/\/schema.org","@graph":[{"@type":"WebPage","@id":"https:\/\/www.salve.si\/trgovina\/knjige\/molitveniki\/pridi-molit-o-kristjan\/","url":"https:\/\/www.salve.si\/trgovina\/knjige\/molitveniki\/pridi-molit-o-kristjan\/","name":"Pridi molit, o kristjan - Salve","isPartOf":{"@id":"https:\/\/www.salve.si\/#website"},"primaryImageOfPage":{"@id":"https:\/\/www.salve.si\/trgovina\/knjige\/molitveniki\/pridi-molit-o-kristjan\/#primaryimage"},"image":{"@id":"https:\/\/www.salve.si\/trgovina\/knjige\/molitveniki\/pridi-molit-o-kristjan\/#primaryimage"},"thumbnailUrl":"https:\/\/www.salve.si\/wp-content\/uploads\/2018\/03\/pridi-molit-o-kristjan.jpg","datePublished":"2013-05-17T08:00:33+00:00","dateModified":"2018-08-23T11:28:17+00:00","breadcrumb":{"@id":"https:\/\/www.salve.si\/trgovina\/knjige\/molitveniki\/pridi-molit-o-kristjan\/#breadcrumb"},"inLanguage":"en-US","potentialAction":[{"@type":"ReadAction","target":["https:\/\/www.salve.si\/trgovina\/knjige\/molitveniki\/pridi-molit-o-kristjan\/"]}]},{"@type":"ImageObject","inLanguage":"en-US","@id":"https:\/\/www.salve.si\/trgovina\/knjige\/molitveniki\/pridi-molit-o-kristjan\/#primaryimage","url":"https:\/\/www.salve.si\/wp-content\/uploads\/2018\/03\/pridi-molit-o-kristjan.jpg","contentUrl":"https:\/\/www.salve.si\/wp-content\/uploads\/2018\/03\/pridi-molit-o-kristjan.jpg","width":800,"height":1432},{"@type":"BreadcrumbList","@id":"https:\/\/www.salve.si\/trgovina\/knjige\/molitveniki\/pridi-molit-o-kristjan\/#breadcrumb","itemListElement":[{"@type":"ListItem","position":1,"name":"Home","item":"https:\/\/www.salve.si\/"},{"@type":"ListItem","position":2,"name":"Trgovina","item":"https:\/\/www.salve.si\/trgovina\/"},{"@type":"ListItem","position":3,"name":"Pridi molit, o kristjan"}]},{"@type":"WebSite","@id":"https:\/\/www.salve.si\/#website","url":"https:\/\/www.salve.si\/","name":"Salve","description":"Salezijanska zalo\u017eba","publisher":{"@id":"https:\/\/www.salve.si\/#organization"},"potentialAction":[{"@type":"SearchAction","target":{"@type":"EntryPoint","urlTemplate":"https:\/\/www.salve.si\/?s={search_term_string}"},"query-input":{"@type":"PropertyValueSpecification","valueRequired":true,"valueName":"search_term_string"}}],"inLanguage":"en-US"},{"@type":"Organization","@id":"https:\/\/www.salve.si\/#organization","name":"Salve d.o.o.","url":"https:\/\/www.salve.si\/","logo":{"@type":"ImageObject","inLanguage":"en-US","@id":"https:\/\/www.salve.si\/#\/schema\/logo\/image\/","url":"https:\/\/www.salve.si\/wp-content\/uploads\/2021\/01\/Salve_logo_modri_nov_web.png","contentUrl":"https:\/\/www.salve.si\/wp-content\/uploads\/2021\/01\/Salve_logo_modri_nov_web.png","width":279,"height":90,"caption":"Salve d.o.o."},"image":{"@id":"https:\/\/www.salve.si\/#\/schema\/logo\/image\/"},"sameAs":["https:\/\/www.facebook.com\/salve.si","https:\/\/www.instagram.com\/zalozbasalve\/","https:\/\/www.linkedin.com\/company\/zalozba-salve\/"]}]}},"_links":{"self":[{"href":"https:\/\/www.salve.si\/en\/wp-json\/wp\/v2\/product\/2780","targetHints":{"allow":["GET"]}}],"collection":[{"href":"https:\/\/www.salve.si\/en\/wp-json\/wp\/v2\/product"}],"about":[{"href":"https:\/\/www.salve.si\/en\/wp-json\/wp\/v2\/types\/product"}],"version-history":[{"count":0,"href":"https:\/\/www.salve.si\/en\/wp-json\/wp\/v2\/product\/2780\/revisions"}],"wp:featuredmedia":[{"embeddable":true,"href":"https:\/\/www.salve.si\/en\/wp-json\/wp\/v2\/media\/2781"}],"wp:attachment":[{"href":"https:\/\/www.salve.si\/en\/wp-json\/wp\/v2\/media?parent=2780"}],"wp:term":[{"taxonomy":"product_cat","embeddable":true,"href":"https:\/\/www.salve.si\/en\/wp-json\/wp\/v2\/product_cat?post=2780"},{"taxonomy":"product_tag","embeddable":true,"href":"https:\/\/www.salve.si\/en\/wp-json\/wp\/v2\/product_tag?post=2780"}],"curies":[{"name":"wp","href":"https:\/\/api.w.org\/{rel}","templated":true}]}}