{"id":2774,"date":"2013-04-02T10:00:20","date_gmt":"2013-04-02T08:00:20","guid":{"rendered":"http:\/\/2018.salve.si\/?post_type=product&#038;p=2774"},"modified":"2024-01-01T23:00:40","modified_gmt":"2024-01-01T22:00:40","slug":"abc-animatorstva-v-salezijanskem-slogu","status":"publish","type":"product","link":"https:\/\/www.salve.si\/en\/trgovina\/knjige\/prirocniki\/abc-animatorstva-v-salezijanskem-slogu\/","title":{"rendered":"ABC animatorstva v salezijanskem slogu"},"content":{"rendered":"<p>Priro\u010dnik lahko uporabimo kot gradivo za animatorska sre\u010danja, kot vsebinsko osnovo \u0161ole za animatorje ali kot gradivo za osebno animatorsko poglabljanje.<\/p>\n<p>Besedila prestavljajo zaklju\u010dene celote, kar olaj\u0161a \u010dasovno razporedite v pri osebnem ali skupinskem delu ter hkrati dovoljuje, da posebej poglobimo zlasti dolo\u010dene vidike.<\/p>\n<p>Razmi\u0161ljanja so po svoji zahtevnostni stopnji primerna za animatorje, ki \u017ee imajo nekaj animatorske izku\u0161nje: animatorje, mentorje, voditelje.<\/p>\n<p>Vsebine so primerne tudi za katehete, vzgojitelje, salezijance, \u010dlane salezijanske dru\u017eine \u2026 saj so dovolj poglobljene in dovolj \u0161iroko zastavljene, da prek njih lahko bolje spoznamo pedago\u0161ko in duhovno izku\u0161njo sv. Janeza Boska.<\/p>\n<p>V pedago\u0161ko-pastoralnem smislu so besedila aktualna in sodobna, saj jih je sestavljal tim ljudi, ki v svojem poklicu \u017eivijo don Boskovo karizmo in se dnevno sre\u010dujejo z izzivom aktualizacije don Boskovega preventivnega sistema. Naj vam bo v blagoslov.<span class=\"slv-content-keywords\"> Priro\u010dniki Animator animator don Bosko mladi salezijanski slog <\/span><\/p>","protected":false},"excerpt":{"rendered":"<p>Knjiga prina\u0161a 53 tematik, ki so pomembne za vsakega animatorja. Vsebine so zasnovane glede na vzgojno-pastoralno izku\u0161njo velikega vzgojitelja in animatorja mladih sv. Janeza Boska.<\/p>","protected":false},"featured_media":12685,"template":"","meta":{"_acf_changed":false,"footnotes":""},"product_cat":[316],"product_tag":[1016,843,806,1017],"class_list":{"0":"post-2774","1":"product","2":"type-product","3":"status-publish","4":"has-post-thumbnail","6":"zbirke-animator","7":"publisher-salve-d-o-o-ljubljana","8":"product_cat-prirocniki","9":"product_tag-animator","10":"product_tag-don-bosko","11":"product_tag-mladi","12":"product_tag-salezijanski-slog","14":"first","15":"instock","16":"shipping-taxable","17":"purchasable","18":"product-type-simple"},"acf":[],"yoast_head":"<!-- This site is optimized with the Yoast SEO plugin v23.8 - https:\/\/yoast.com\/wordpress\/plugins\/seo\/ -->\n<title>ABC animatorstva v salezijanskem slogu - Salve<\/title>\n<meta name=\"robots\" content=\"index, follow, max-snippet:-1, max-image-preview:large, max-video-preview:-1\" \/>\n<link rel=\"canonical\" href=\"https:\/\/www.salve.si\/en\/trgovina\/knjige\/prirocniki\/abc-animatorstva-v-salezijanskem-slogu\/\" \/>\n<meta property=\"og:locale\" content=\"en_US\" \/>\n<meta property=\"og:type\" content=\"article\" \/>\n<meta property=\"og:title\" content=\"ABC animatorstva v salezijanskem slogu - Salve\" \/>\n<meta property=\"og:description\" content=\"Knjiga prina\u0161a 53 tematik, ki so pomembne za vsakega animatorja. Vsebine so zasnovane glede na vzgojno-pastoralno izku\u0161njo velikega vzgojitelja in animatorja mladih sv. Janeza Boska.\" \/>\n<meta property=\"og:url\" content=\"https:\/\/www.salve.si\/en\/trgovina\/knjige\/prirocniki\/abc-animatorstva-v-salezijanskem-slogu\/\" \/>\n<meta property=\"og:site_name\" content=\"Salve\" \/>\n<meta property=\"article:publisher\" content=\"https:\/\/www.facebook.com\/salve.si\" \/>\n<meta property=\"article:modified_time\" content=\"2024-01-01T22:00:40+00:00\" \/>\n<meta property=\"og:image\" content=\"https:\/\/www.salve.si\/wp-content\/uploads\/2013\/04\/ABC-animatorstva-v-salezijanskem-slogu.jpg\" \/>\n\t<meta property=\"og:image:width\" content=\"474\" \/>\n\t<meta property=\"og:image:height\" content=\"684\" \/>\n\t<meta property=\"og:image:type\" content=\"image\/jpeg\" \/>\n<meta name=\"twitter:card\" content=\"summary_large_image\" \/>\n<meta name=\"twitter:label1\" content=\"Est. reading time\" \/>\n\t<meta name=\"twitter:data1\" content=\"1 minute\" \/>\n<script type=\"application\/ld+json\" class=\"yoast-schema-graph\">{\"@context\":\"https:\/\/schema.org\",\"@graph\":[{\"@type\":\"WebPage\",\"@id\":\"https:\/\/www.salve.si\/trgovina\/knjige\/prirocniki\/abc-animatorstva-v-salezijanskem-slogu\/\",\"url\":\"https:\/\/www.salve.si\/trgovina\/knjige\/prirocniki\/abc-animatorstva-v-salezijanskem-slogu\/\",\"name\":\"ABC animatorstva v salezijanskem slogu - Salve\",\"isPartOf\":{\"@id\":\"https:\/\/www.salve.si\/#website\"},\"primaryImageOfPage\":{\"@id\":\"https:\/\/www.salve.si\/trgovina\/knjige\/prirocniki\/abc-animatorstva-v-salezijanskem-slogu\/#primaryimage\"},\"image\":{\"@id\":\"https:\/\/www.salve.si\/trgovina\/knjige\/prirocniki\/abc-animatorstva-v-salezijanskem-slogu\/#primaryimage\"},\"thumbnailUrl\":\"https:\/\/www.salve.si\/wp-content\/uploads\/2013\/04\/ABC-animatorstva-v-salezijanskem-slogu.jpg\",\"datePublished\":\"2013-04-02T08:00:20+00:00\",\"dateModified\":\"2024-01-01T22:00:40+00:00\",\"breadcrumb\":{\"@id\":\"https:\/\/www.salve.si\/trgovina\/knjige\/prirocniki\/abc-animatorstva-v-salezijanskem-slogu\/#breadcrumb\"},\"inLanguage\":\"en-US\",\"potentialAction\":[{\"@type\":\"ReadAction\",\"target\":[\"https:\/\/www.salve.si\/trgovina\/knjige\/prirocniki\/abc-animatorstva-v-salezijanskem-slogu\/\"]}]},{\"@type\":\"ImageObject\",\"inLanguage\":\"en-US\",\"@id\":\"https:\/\/www.salve.si\/trgovina\/knjige\/prirocniki\/abc-animatorstva-v-salezijanskem-slogu\/#primaryimage\",\"url\":\"https:\/\/www.salve.si\/wp-content\/uploads\/2013\/04\/ABC-animatorstva-v-salezijanskem-slogu.jpg\",\"contentUrl\":\"https:\/\/www.salve.si\/wp-content\/uploads\/2013\/04\/ABC-animatorstva-v-salezijanskem-slogu.jpg\",\"width\":474,\"height\":684},{\"@type\":\"BreadcrumbList\",\"@id\":\"https:\/\/www.salve.si\/trgovina\/knjige\/prirocniki\/abc-animatorstva-v-salezijanskem-slogu\/#breadcrumb\",\"itemListElement\":[{\"@type\":\"ListItem\",\"position\":1,\"name\":\"Home\",\"item\":\"https:\/\/www.salve.si\/\"},{\"@type\":\"ListItem\",\"position\":2,\"name\":\"Trgovina\",\"item\":\"https:\/\/www.salve.si\/trgovina\/\"},{\"@type\":\"ListItem\",\"position\":3,\"name\":\"ABC animatorstva v salezijanskem slogu\"}]},{\"@type\":\"WebSite\",\"@id\":\"https:\/\/www.salve.si\/#website\",\"url\":\"https:\/\/www.salve.si\/\",\"name\":\"Salve\",\"description\":\"Salezijanska zalo\u017eba\",\"publisher\":{\"@id\":\"https:\/\/www.salve.si\/#organization\"},\"potentialAction\":[{\"@type\":\"SearchAction\",\"target\":{\"@type\":\"EntryPoint\",\"urlTemplate\":\"https:\/\/www.salve.si\/?s={search_term_string}\"},\"query-input\":{\"@type\":\"PropertyValueSpecification\",\"valueRequired\":true,\"valueName\":\"search_term_string\"}}],\"inLanguage\":\"en-US\"},{\"@type\":\"Organization\",\"@id\":\"https:\/\/www.salve.si\/#organization\",\"name\":\"Salve d.o.o.\",\"url\":\"https:\/\/www.salve.si\/\",\"logo\":{\"@type\":\"ImageObject\",\"inLanguage\":\"en-US\",\"@id\":\"https:\/\/www.salve.si\/#\/schema\/logo\/image\/\",\"url\":\"https:\/\/www.salve.si\/wp-content\/uploads\/2021\/01\/Salve_logo_modri_nov_web.png\",\"contentUrl\":\"https:\/\/www.salve.si\/wp-content\/uploads\/2021\/01\/Salve_logo_modri_nov_web.png\",\"width\":279,\"height\":90,\"caption\":\"Salve d.o.o.\"},\"image\":{\"@id\":\"https:\/\/www.salve.si\/#\/schema\/logo\/image\/\"},\"sameAs\":[\"https:\/\/www.facebook.com\/salve.si\",\"https:\/\/www.instagram.com\/zalozbasalve\/\",\"https:\/\/www.linkedin.com\/company\/zalozba-salve\/\"]}]}<\/script>\n<!-- \/ Yoast SEO plugin. -->","yoast_head_json":{"title":"ABC animatorstva v salezijanskem slogu - Salve","robots":{"index":"index","follow":"follow","max-snippet":"max-snippet:-1","max-image-preview":"max-image-preview:large","max-video-preview":"max-video-preview:-1"},"canonical":"https:\/\/www.salve.si\/en\/trgovina\/knjige\/prirocniki\/abc-animatorstva-v-salezijanskem-slogu\/","og_locale":"en_US","og_type":"article","og_title":"ABC animatorstva v salezijanskem slogu - Salve","og_description":"Knjiga prina\u0161a 53 tematik, ki so pomembne za vsakega animatorja. Vsebine so zasnovane glede na vzgojno-pastoralno izku\u0161njo velikega vzgojitelja in animatorja mladih sv. Janeza Boska.","og_url":"https:\/\/www.salve.si\/en\/trgovina\/knjige\/prirocniki\/abc-animatorstva-v-salezijanskem-slogu\/","og_site_name":"Salve","article_publisher":"https:\/\/www.facebook.com\/salve.si","article_modified_time":"2024-01-01T22:00:40+00:00","og_image":[{"width":474,"height":684,"url":"https:\/\/www.salve.si\/wp-content\/uploads\/2013\/04\/ABC-animatorstva-v-salezijanskem-slogu.jpg","type":"image\/jpeg"}],"twitter_card":"summary_large_image","twitter_misc":{"Est. reading time":"1 minute"},"schema":{"@context":"https:\/\/schema.org","@graph":[{"@type":"WebPage","@id":"https:\/\/www.salve.si\/trgovina\/knjige\/prirocniki\/abc-animatorstva-v-salezijanskem-slogu\/","url":"https:\/\/www.salve.si\/trgovina\/knjige\/prirocniki\/abc-animatorstva-v-salezijanskem-slogu\/","name":"ABC animatorstva v salezijanskem slogu - Salve","isPartOf":{"@id":"https:\/\/www.salve.si\/#website"},"primaryImageOfPage":{"@id":"https:\/\/www.salve.si\/trgovina\/knjige\/prirocniki\/abc-animatorstva-v-salezijanskem-slogu\/#primaryimage"},"image":{"@id":"https:\/\/www.salve.si\/trgovina\/knjige\/prirocniki\/abc-animatorstva-v-salezijanskem-slogu\/#primaryimage"},"thumbnailUrl":"https:\/\/www.salve.si\/wp-content\/uploads\/2013\/04\/ABC-animatorstva-v-salezijanskem-slogu.jpg","datePublished":"2013-04-02T08:00:20+00:00","dateModified":"2024-01-01T22:00:40+00:00","breadcrumb":{"@id":"https:\/\/www.salve.si\/trgovina\/knjige\/prirocniki\/abc-animatorstva-v-salezijanskem-slogu\/#breadcrumb"},"inLanguage":"en-US","potentialAction":[{"@type":"ReadAction","target":["https:\/\/www.salve.si\/trgovina\/knjige\/prirocniki\/abc-animatorstva-v-salezijanskem-slogu\/"]}]},{"@type":"ImageObject","inLanguage":"en-US","@id":"https:\/\/www.salve.si\/trgovina\/knjige\/prirocniki\/abc-animatorstva-v-salezijanskem-slogu\/#primaryimage","url":"https:\/\/www.salve.si\/wp-content\/uploads\/2013\/04\/ABC-animatorstva-v-salezijanskem-slogu.jpg","contentUrl":"https:\/\/www.salve.si\/wp-content\/uploads\/2013\/04\/ABC-animatorstva-v-salezijanskem-slogu.jpg","width":474,"height":684},{"@type":"BreadcrumbList","@id":"https:\/\/www.salve.si\/trgovina\/knjige\/prirocniki\/abc-animatorstva-v-salezijanskem-slogu\/#breadcrumb","itemListElement":[{"@type":"ListItem","position":1,"name":"Home","item":"https:\/\/www.salve.si\/"},{"@type":"ListItem","position":2,"name":"Trgovina","item":"https:\/\/www.salve.si\/trgovina\/"},{"@type":"ListItem","position":3,"name":"ABC animatorstva v salezijanskem slogu"}]},{"@type":"WebSite","@id":"https:\/\/www.salve.si\/#website","url":"https:\/\/www.salve.si\/","name":"Salve","description":"Salezijanska zalo\u017eba","publisher":{"@id":"https:\/\/www.salve.si\/#organization"},"potentialAction":[{"@type":"SearchAction","target":{"@type":"EntryPoint","urlTemplate":"https:\/\/www.salve.si\/?s={search_term_string}"},"query-input":{"@type":"PropertyValueSpecification","valueRequired":true,"valueName":"search_term_string"}}],"inLanguage":"en-US"},{"@type":"Organization","@id":"https:\/\/www.salve.si\/#organization","name":"Salve d.o.o.","url":"https:\/\/www.salve.si\/","logo":{"@type":"ImageObject","inLanguage":"en-US","@id":"https:\/\/www.salve.si\/#\/schema\/logo\/image\/","url":"https:\/\/www.salve.si\/wp-content\/uploads\/2021\/01\/Salve_logo_modri_nov_web.png","contentUrl":"https:\/\/www.salve.si\/wp-content\/uploads\/2021\/01\/Salve_logo_modri_nov_web.png","width":279,"height":90,"caption":"Salve d.o.o."},"image":{"@id":"https:\/\/www.salve.si\/#\/schema\/logo\/image\/"},"sameAs":["https:\/\/www.facebook.com\/salve.si","https:\/\/www.instagram.com\/zalozbasalve\/","https:\/\/www.linkedin.com\/company\/zalozba-salve\/"]}]}},"_links":{"self":[{"href":"https:\/\/www.salve.si\/en\/wp-json\/wp\/v2\/product\/2774","targetHints":{"allow":["GET"]}}],"collection":[{"href":"https:\/\/www.salve.si\/en\/wp-json\/wp\/v2\/product"}],"about":[{"href":"https:\/\/www.salve.si\/en\/wp-json\/wp\/v2\/types\/product"}],"version-history":[{"count":3,"href":"https:\/\/www.salve.si\/en\/wp-json\/wp\/v2\/product\/2774\/revisions"}],"predecessor-version":[{"id":16321,"href":"https:\/\/www.salve.si\/en\/wp-json\/wp\/v2\/product\/2774\/revisions\/16321"}],"wp:featuredmedia":[{"embeddable":true,"href":"https:\/\/www.salve.si\/en\/wp-json\/wp\/v2\/media\/12685"}],"wp:attachment":[{"href":"https:\/\/www.salve.si\/en\/wp-json\/wp\/v2\/media?parent=2774"}],"wp:term":[{"taxonomy":"product_cat","embeddable":true,"href":"https:\/\/www.salve.si\/en\/wp-json\/wp\/v2\/product_cat?post=2774"},{"taxonomy":"product_tag","embeddable":true,"href":"https:\/\/www.salve.si\/en\/wp-json\/wp\/v2\/product_tag?post=2774"}],"curies":[{"name":"wp","href":"https:\/\/api.w.org\/{rel}","templated":true}]}}