{"id":2764,"date":"2013-03-21T10:00:36","date_gmt":"2013-03-21T09:00:36","guid":{"rendered":"http:\/\/2018.salve.si\/?post_type=product&#038;p=2764"},"modified":"2020-11-14T11:47:50","modified_gmt":"2020-11-14T10:47:50","slug":"pet-prvih-sobot","status":"publish","type":"product","link":"https:\/\/www.salve.si\/en\/trgovina\/knjige\/molitveniki\/pet-prvih-sobot\/","title":{"rendered":"Pet prvih sobot"},"content":{"rendered":"<p>K poglobitvi na\u0161e vernosti lahko znatno prispeva prav obhajanje prvih sobot, kakor jih je naro\u010dila Mati Marija po sestri Luciji. Tako bo pod vodstvom ljube\u010de Matere Marije pri nas zacvetelo poglobljeno molitveno in zakramentalno \u017eivljenje, usmerjeno k slu\u017eenju Bogu in ljudem.<br \/>\nNaj nas obhajanje petih prvih sobot dobro pripravi na obnovitev izro\u010ditve Bo\u017eji Materi na njen najve\u010dji praznik, Marijino vnebovzetje. Hkrati se bomo v letu 2013 spomnili 70-letnice posvetitve Marijinemu brezmade\u017enemu Srcu, ki je bila po naro\u010dilu pape\u017ea Pija XII. pri nas izvr\u0161ena v letu 1943.<\/p>\n<p><span class=\"slv-content-keywords\"> Molitveniki Marija <\/span><\/p>","protected":false},"excerpt":{"rendered":"<p>Besedila so razdeljena na pet enot, kakor je prvosobotna pobo\u017enost sestavljena iz petih zaporednih prvih sobot v mesecu. Najbolje je, da jih preberete, preden za\u010dnete obhajati prve sobote.<\/p>\n<p>Duhovnik jih lahko uporabi za nagovore vernikom med prvosobotno pobo\u017enostjo ali pripravo nanjo; pri tem vzame tisti del, ki je za sodelujo\u010de najbolj primeren, ker je celotno besedilo preobse\u017eno.<\/p>","protected":false},"featured_media":12689,"template":"","meta":{"_acf_changed":false,"footnotes":""},"product_cat":[636],"product_tag":[337],"class_list":{"0":"post-2764","1":"product","2":"type-product","3":"status-publish","4":"has-post-thumbnail","6":"publisher-salve-d-o-o-ljubljana","7":"product_cat-molitveniki","8":"product_tag-marija","10":"first","11":"instock","12":"shipping-taxable","13":"purchasable","14":"product-type-simple"},"acf":[],"yoast_head":"<!-- This site is optimized with the Yoast SEO plugin v23.8 - https:\/\/yoast.com\/wordpress\/plugins\/seo\/ -->\n<title>Pet prvih sobot - Salve<\/title>\n<meta name=\"robots\" content=\"index, follow, max-snippet:-1, max-image-preview:large, max-video-preview:-1\" \/>\n<link rel=\"canonical\" href=\"https:\/\/www.salve.si\/en\/trgovina\/knjige\/molitveniki\/pet-prvih-sobot\/\" \/>\n<meta property=\"og:locale\" content=\"en_US\" \/>\n<meta property=\"og:type\" content=\"article\" \/>\n<meta property=\"og:title\" content=\"Pet prvih sobot - Salve\" \/>\n<meta property=\"og:description\" content=\"Besedila so razdeljena na pet enot, kakor je prvosobotna pobo\u017enost sestavljena iz petih zaporednih prvih sobot v mesecu. Najbolje je, da jih preberete, preden za\u010dnete obhajati prve sobote.  Duhovnik jih lahko uporabi za nagovore vernikom med prvosobotno pobo\u017enostjo ali pripravo nanjo; pri tem vzame tisti del, ki je za sodelujo\u010de najbolj primeren, ker je celotno besedilo preobse\u017eno.\" \/>\n<meta property=\"og:url\" content=\"https:\/\/www.salve.si\/en\/trgovina\/knjige\/molitveniki\/pet-prvih-sobot\/\" \/>\n<meta property=\"og:site_name\" content=\"Salve\" \/>\n<meta property=\"article:publisher\" content=\"https:\/\/www.facebook.com\/salve.si\" \/>\n<meta property=\"article:modified_time\" content=\"2020-11-14T10:47:50+00:00\" \/>\n<meta property=\"og:image\" content=\"https:\/\/www.salve.si\/wp-content\/uploads\/2013\/03\/pet-prvih-sobot.jpg\" \/>\n\t<meta property=\"og:image:width\" content=\"474\" \/>\n\t<meta property=\"og:image:height\" content=\"671\" \/>\n\t<meta property=\"og:image:type\" content=\"image\/jpeg\" \/>\n<meta name=\"twitter:card\" content=\"summary_large_image\" \/>\n<script type=\"application\/ld+json\" class=\"yoast-schema-graph\">{\"@context\":\"https:\/\/schema.org\",\"@graph\":[{\"@type\":\"WebPage\",\"@id\":\"https:\/\/www.salve.si\/trgovina\/knjige\/molitveniki\/pet-prvih-sobot\/\",\"url\":\"https:\/\/www.salve.si\/trgovina\/knjige\/molitveniki\/pet-prvih-sobot\/\",\"name\":\"Pet prvih sobot - Salve\",\"isPartOf\":{\"@id\":\"https:\/\/www.salve.si\/#website\"},\"primaryImageOfPage\":{\"@id\":\"https:\/\/www.salve.si\/trgovina\/knjige\/molitveniki\/pet-prvih-sobot\/#primaryimage\"},\"image\":{\"@id\":\"https:\/\/www.salve.si\/trgovina\/knjige\/molitveniki\/pet-prvih-sobot\/#primaryimage\"},\"thumbnailUrl\":\"https:\/\/www.salve.si\/wp-content\/uploads\/2013\/03\/pet-prvih-sobot.jpg\",\"datePublished\":\"2013-03-21T09:00:36+00:00\",\"dateModified\":\"2020-11-14T10:47:50+00:00\",\"breadcrumb\":{\"@id\":\"https:\/\/www.salve.si\/trgovina\/knjige\/molitveniki\/pet-prvih-sobot\/#breadcrumb\"},\"inLanguage\":\"en-US\",\"potentialAction\":[{\"@type\":\"ReadAction\",\"target\":[\"https:\/\/www.salve.si\/trgovina\/knjige\/molitveniki\/pet-prvih-sobot\/\"]}]},{\"@type\":\"ImageObject\",\"inLanguage\":\"en-US\",\"@id\":\"https:\/\/www.salve.si\/trgovina\/knjige\/molitveniki\/pet-prvih-sobot\/#primaryimage\",\"url\":\"https:\/\/www.salve.si\/wp-content\/uploads\/2013\/03\/pet-prvih-sobot.jpg\",\"contentUrl\":\"https:\/\/www.salve.si\/wp-content\/uploads\/2013\/03\/pet-prvih-sobot.jpg\",\"width\":474,\"height\":671},{\"@type\":\"BreadcrumbList\",\"@id\":\"https:\/\/www.salve.si\/trgovina\/knjige\/molitveniki\/pet-prvih-sobot\/#breadcrumb\",\"itemListElement\":[{\"@type\":\"ListItem\",\"position\":1,\"name\":\"Home\",\"item\":\"https:\/\/www.salve.si\/\"},{\"@type\":\"ListItem\",\"position\":2,\"name\":\"Trgovina\",\"item\":\"https:\/\/www.salve.si\/trgovina\/\"},{\"@type\":\"ListItem\",\"position\":3,\"name\":\"Pet prvih sobot\"}]},{\"@type\":\"WebSite\",\"@id\":\"https:\/\/www.salve.si\/#website\",\"url\":\"https:\/\/www.salve.si\/\",\"name\":\"Salve\",\"description\":\"Salezijanska zalo\u017eba\",\"publisher\":{\"@id\":\"https:\/\/www.salve.si\/#organization\"},\"potentialAction\":[{\"@type\":\"SearchAction\",\"target\":{\"@type\":\"EntryPoint\",\"urlTemplate\":\"https:\/\/www.salve.si\/?s={search_term_string}\"},\"query-input\":{\"@type\":\"PropertyValueSpecification\",\"valueRequired\":true,\"valueName\":\"search_term_string\"}}],\"inLanguage\":\"en-US\"},{\"@type\":\"Organization\",\"@id\":\"https:\/\/www.salve.si\/#organization\",\"name\":\"Salve d.o.o.\",\"url\":\"https:\/\/www.salve.si\/\",\"logo\":{\"@type\":\"ImageObject\",\"inLanguage\":\"en-US\",\"@id\":\"https:\/\/www.salve.si\/#\/schema\/logo\/image\/\",\"url\":\"https:\/\/www.salve.si\/wp-content\/uploads\/2021\/01\/Salve_logo_modri_nov_web.png\",\"contentUrl\":\"https:\/\/www.salve.si\/wp-content\/uploads\/2021\/01\/Salve_logo_modri_nov_web.png\",\"width\":279,\"height\":90,\"caption\":\"Salve d.o.o.\"},\"image\":{\"@id\":\"https:\/\/www.salve.si\/#\/schema\/logo\/image\/\"},\"sameAs\":[\"https:\/\/www.facebook.com\/salve.si\",\"https:\/\/www.instagram.com\/zalozbasalve\/\",\"https:\/\/www.linkedin.com\/company\/zalozba-salve\/\"]}]}<\/script>\n<!-- \/ Yoast SEO plugin. -->","yoast_head_json":{"title":"Pet prvih sobot - Salve","robots":{"index":"index","follow":"follow","max-snippet":"max-snippet:-1","max-image-preview":"max-image-preview:large","max-video-preview":"max-video-preview:-1"},"canonical":"https:\/\/www.salve.si\/en\/trgovina\/knjige\/molitveniki\/pet-prvih-sobot\/","og_locale":"en_US","og_type":"article","og_title":"Pet prvih sobot - Salve","og_description":"Besedila so razdeljena na pet enot, kakor je prvosobotna pobo\u017enost sestavljena iz petih zaporednih prvih sobot v mesecu. Najbolje je, da jih preberete, preden za\u010dnete obhajati prve sobote.  Duhovnik jih lahko uporabi za nagovore vernikom med prvosobotno pobo\u017enostjo ali pripravo nanjo; pri tem vzame tisti del, ki je za sodelujo\u010de najbolj primeren, ker je celotno besedilo preobse\u017eno.","og_url":"https:\/\/www.salve.si\/en\/trgovina\/knjige\/molitveniki\/pet-prvih-sobot\/","og_site_name":"Salve","article_publisher":"https:\/\/www.facebook.com\/salve.si","article_modified_time":"2020-11-14T10:47:50+00:00","og_image":[{"width":474,"height":671,"url":"https:\/\/www.salve.si\/wp-content\/uploads\/2013\/03\/pet-prvih-sobot.jpg","type":"image\/jpeg"}],"twitter_card":"summary_large_image","schema":{"@context":"https:\/\/schema.org","@graph":[{"@type":"WebPage","@id":"https:\/\/www.salve.si\/trgovina\/knjige\/molitveniki\/pet-prvih-sobot\/","url":"https:\/\/www.salve.si\/trgovina\/knjige\/molitveniki\/pet-prvih-sobot\/","name":"Pet prvih sobot - Salve","isPartOf":{"@id":"https:\/\/www.salve.si\/#website"},"primaryImageOfPage":{"@id":"https:\/\/www.salve.si\/trgovina\/knjige\/molitveniki\/pet-prvih-sobot\/#primaryimage"},"image":{"@id":"https:\/\/www.salve.si\/trgovina\/knjige\/molitveniki\/pet-prvih-sobot\/#primaryimage"},"thumbnailUrl":"https:\/\/www.salve.si\/wp-content\/uploads\/2013\/03\/pet-prvih-sobot.jpg","datePublished":"2013-03-21T09:00:36+00:00","dateModified":"2020-11-14T10:47:50+00:00","breadcrumb":{"@id":"https:\/\/www.salve.si\/trgovina\/knjige\/molitveniki\/pet-prvih-sobot\/#breadcrumb"},"inLanguage":"en-US","potentialAction":[{"@type":"ReadAction","target":["https:\/\/www.salve.si\/trgovina\/knjige\/molitveniki\/pet-prvih-sobot\/"]}]},{"@type":"ImageObject","inLanguage":"en-US","@id":"https:\/\/www.salve.si\/trgovina\/knjige\/molitveniki\/pet-prvih-sobot\/#primaryimage","url":"https:\/\/www.salve.si\/wp-content\/uploads\/2013\/03\/pet-prvih-sobot.jpg","contentUrl":"https:\/\/www.salve.si\/wp-content\/uploads\/2013\/03\/pet-prvih-sobot.jpg","width":474,"height":671},{"@type":"BreadcrumbList","@id":"https:\/\/www.salve.si\/trgovina\/knjige\/molitveniki\/pet-prvih-sobot\/#breadcrumb","itemListElement":[{"@type":"ListItem","position":1,"name":"Home","item":"https:\/\/www.salve.si\/"},{"@type":"ListItem","position":2,"name":"Trgovina","item":"https:\/\/www.salve.si\/trgovina\/"},{"@type":"ListItem","position":3,"name":"Pet prvih sobot"}]},{"@type":"WebSite","@id":"https:\/\/www.salve.si\/#website","url":"https:\/\/www.salve.si\/","name":"Salve","description":"Salezijanska zalo\u017eba","publisher":{"@id":"https:\/\/www.salve.si\/#organization"},"potentialAction":[{"@type":"SearchAction","target":{"@type":"EntryPoint","urlTemplate":"https:\/\/www.salve.si\/?s={search_term_string}"},"query-input":{"@type":"PropertyValueSpecification","valueRequired":true,"valueName":"search_term_string"}}],"inLanguage":"en-US"},{"@type":"Organization","@id":"https:\/\/www.salve.si\/#organization","name":"Salve d.o.o.","url":"https:\/\/www.salve.si\/","logo":{"@type":"ImageObject","inLanguage":"en-US","@id":"https:\/\/www.salve.si\/#\/schema\/logo\/image\/","url":"https:\/\/www.salve.si\/wp-content\/uploads\/2021\/01\/Salve_logo_modri_nov_web.png","contentUrl":"https:\/\/www.salve.si\/wp-content\/uploads\/2021\/01\/Salve_logo_modri_nov_web.png","width":279,"height":90,"caption":"Salve d.o.o."},"image":{"@id":"https:\/\/www.salve.si\/#\/schema\/logo\/image\/"},"sameAs":["https:\/\/www.facebook.com\/salve.si","https:\/\/www.instagram.com\/zalozbasalve\/","https:\/\/www.linkedin.com\/company\/zalozba-salve\/"]}]}},"_links":{"self":[{"href":"https:\/\/www.salve.si\/en\/wp-json\/wp\/v2\/product\/2764","targetHints":{"allow":["GET"]}}],"collection":[{"href":"https:\/\/www.salve.si\/en\/wp-json\/wp\/v2\/product"}],"about":[{"href":"https:\/\/www.salve.si\/en\/wp-json\/wp\/v2\/types\/product"}],"version-history":[{"count":1,"href":"https:\/\/www.salve.si\/en\/wp-json\/wp\/v2\/product\/2764\/revisions"}],"predecessor-version":[{"id":12690,"href":"https:\/\/www.salve.si\/en\/wp-json\/wp\/v2\/product\/2764\/revisions\/12690"}],"wp:featuredmedia":[{"embeddable":true,"href":"https:\/\/www.salve.si\/en\/wp-json\/wp\/v2\/media\/12689"}],"wp:attachment":[{"href":"https:\/\/www.salve.si\/en\/wp-json\/wp\/v2\/media?parent=2764"}],"wp:term":[{"taxonomy":"product_cat","embeddable":true,"href":"https:\/\/www.salve.si\/en\/wp-json\/wp\/v2\/product_cat?post=2764"},{"taxonomy":"product_tag","embeddable":true,"href":"https:\/\/www.salve.si\/en\/wp-json\/wp\/v2\/product_tag?post=2764"}],"curies":[{"name":"wp","href":"https:\/\/api.w.org\/{rel}","templated":true}]}}