{"id":2760,"date":"2013-01-28T10:00:47","date_gmt":"2013-01-28T09:00:47","guid":{"rendered":"http:\/\/2018.salve.si\/?post_type=product&#038;p=2760"},"modified":"2024-01-01T23:00:40","modified_gmt":"2024-01-01T22:00:40","slug":"roznikov-biser","status":"publish","type":"product","link":"https:\/\/www.salve.si\/en\/trgovina\/knjige\/leposlovje\/roznikov-biser\/","title":{"rendered":"Ro\u017enikov biser"},"content":{"rendered":"<p>Zberimo mo\u010d in pogum, da skozi roman pogledamo v ta pekel. Da nam srce zadrhti ob usodi ljudi, ki prestajajo nerazumljivo trpljenje. Naj nam zbudi \u017eeljo, da podamo komu roko v pomo\u010d. Da se upremo sku\u0161njavi, ki nas mami na to pot.<br \/>\nKo bomo ob branju knjige do\u017eivljali trpljenje, ne bomo mogli ob tem ostati neprizadeti in nedejavni, prekri\u017eanih rok, ko tudi nas ali na\u0161e lahko doleti. Nikar ne zamahnimo z roko: To ni moja stvar! Alkoholna zasvojenost je preve\u010d na\u0161a stvar. Samo skupaj se ji lahko u\u010dinkovito upremo. Zberimo pogum: za branje, za pomo\u010d, za u\u010dinkovit upor!<br \/>\n(Tone Ciglar)<span class=\"slv-content-keywords\"> Posebna ponudba Izpovedi Leposlovje Palmira Melihen Koren\u010dan <\/span><\/p>","protected":false},"excerpt":{"rendered":"<p>&#8220;Gora \u010dlove\u0161kega gorja, ki je v \u017eivo opisana v tej knjigi, je ve\u010dinoma smrdljiv gnoj, ki se cedi iz ran ene najhuj\u0161ih socialnih bolezni: omamljanja in zasvojenosti z alkoholom.&#8221;<br \/>\n(Jo\u017ee Ramov\u0161, iz predgovora)<\/p>\n<p>Pekel je, v njem so \u017eivi ljudje. Pred nami je roman, ki nam v \u017eivo slika dogajanje v tem peklu in to sredi med nami, ne samo tu in tam, marsikje. To je tragi\u010dnost \u017eivljenja v alkoholni omami. Pot vanjo je tako lahka, kot \u010de bi nam na ledu spodrsnilo. Pot iz nje je te\u017eka kot iz ledenega lijaka. Kako te\u017eko se je re\u0161iti okovov, samo zgrozimo se lahko ob tem.<\/p>","protected":false},"featured_media":2761,"template":"","meta":{"_acf_changed":false,"footnotes":""},"product_cat":[709,659,312],"product_tag":[],"class_list":{"0":"post-2760","1":"product","2":"type-product","3":"status-publish","4":"has-post-thumbnail","6":"authors-palmira-melihen-korencan","7":"publisher-salve-d-o-o-ljubljana","8":"product_cat-posebna-ponudba","9":"product_cat-izpovedi","10":"product_cat-leposlovje","12":"first","13":"instock","14":"shipping-taxable","15":"purchasable","16":"product-type-simple"},"acf":[],"yoast_head":"<!-- This site is optimized with the Yoast SEO plugin v23.8 - https:\/\/yoast.com\/wordpress\/plugins\/seo\/ -->\n<title>Ro\u017enikov biser - Salve<\/title>\n<meta name=\"robots\" content=\"index, follow, max-snippet:-1, max-image-preview:large, max-video-preview:-1\" \/>\n<link rel=\"canonical\" href=\"https:\/\/www.salve.si\/en\/trgovina\/knjige\/leposlovje\/roznikov-biser\/\" \/>\n<meta property=\"og:locale\" content=\"en_US\" \/>\n<meta property=\"og:type\" content=\"article\" \/>\n<meta property=\"og:title\" content=\"Ro\u017enikov biser - Salve\" \/>\n<meta property=\"og:description\" content=\"&quot;Gora \u010dlove\u0161kega gorja, ki je v \u017eivo opisana v tej knjigi, je ve\u010dinoma smrdljiv gnoj, ki se cedi iz ran ene najhuj\u0161ih socialnih bolezni: omamljanja in zasvojenosti z alkoholom.&quot; (Jo\u017ee Ramov\u0161, iz predgovora)  Pekel je, v njem so \u017eivi ljudje. Pred nami je roman, ki nam v \u017eivo slika dogajanje v tem peklu in to sredi med nami, ne samo tu in tam, marsikje. To je tragi\u010dnost \u017eivljenja v alkoholni omami. Pot vanjo je tako lahka, kot \u010de bi nam na ledu spodrsnilo. Pot iz nje je te\u017eka kot iz ledenega lijaka. Kako te\u017eko se je re\u0161iti okovov, samo zgrozimo se lahko ob tem.\" \/>\n<meta property=\"og:url\" content=\"https:\/\/www.salve.si\/en\/trgovina\/knjige\/leposlovje\/roznikov-biser\/\" \/>\n<meta property=\"og:site_name\" content=\"Salve\" \/>\n<meta property=\"article:publisher\" content=\"https:\/\/www.facebook.com\/salve.si\" \/>\n<meta property=\"article:modified_time\" content=\"2024-01-01T22:00:40+00:00\" \/>\n<meta property=\"og:image\" content=\"https:\/\/www.salve.si\/wp-content\/uploads\/2018\/03\/roznikov_biser.jpg\" \/>\n\t<meta property=\"og:image:width\" content=\"300\" \/>\n\t<meta property=\"og:image:height\" content=\"464\" \/>\n\t<meta property=\"og:image:type\" content=\"image\/jpeg\" \/>\n<meta name=\"twitter:card\" content=\"summary_large_image\" \/>\n<meta name=\"twitter:label1\" content=\"Est. reading time\" \/>\n\t<meta name=\"twitter:data1\" content=\"1 minute\" \/>\n<script type=\"application\/ld+json\" class=\"yoast-schema-graph\">{\"@context\":\"https:\/\/schema.org\",\"@graph\":[{\"@type\":\"WebPage\",\"@id\":\"https:\/\/www.salve.si\/trgovina\/knjige\/leposlovje\/roznikov-biser\/\",\"url\":\"https:\/\/www.salve.si\/trgovina\/knjige\/leposlovje\/roznikov-biser\/\",\"name\":\"Ro\u017enikov biser - Salve\",\"isPartOf\":{\"@id\":\"https:\/\/www.salve.si\/#website\"},\"primaryImageOfPage\":{\"@id\":\"https:\/\/www.salve.si\/trgovina\/knjige\/leposlovje\/roznikov-biser\/#primaryimage\"},\"image\":{\"@id\":\"https:\/\/www.salve.si\/trgovina\/knjige\/leposlovje\/roznikov-biser\/#primaryimage\"},\"thumbnailUrl\":\"https:\/\/www.salve.si\/wp-content\/uploads\/2018\/03\/roznikov_biser.jpg\",\"datePublished\":\"2013-01-28T09:00:47+00:00\",\"dateModified\":\"2024-01-01T22:00:40+00:00\",\"breadcrumb\":{\"@id\":\"https:\/\/www.salve.si\/trgovina\/knjige\/leposlovje\/roznikov-biser\/#breadcrumb\"},\"inLanguage\":\"en-US\",\"potentialAction\":[{\"@type\":\"ReadAction\",\"target\":[\"https:\/\/www.salve.si\/trgovina\/knjige\/leposlovje\/roznikov-biser\/\"]}]},{\"@type\":\"ImageObject\",\"inLanguage\":\"en-US\",\"@id\":\"https:\/\/www.salve.si\/trgovina\/knjige\/leposlovje\/roznikov-biser\/#primaryimage\",\"url\":\"https:\/\/www.salve.si\/wp-content\/uploads\/2018\/03\/roznikov_biser.jpg\",\"contentUrl\":\"https:\/\/www.salve.si\/wp-content\/uploads\/2018\/03\/roznikov_biser.jpg\",\"width\":300,\"height\":464},{\"@type\":\"BreadcrumbList\",\"@id\":\"https:\/\/www.salve.si\/trgovina\/knjige\/leposlovje\/roznikov-biser\/#breadcrumb\",\"itemListElement\":[{\"@type\":\"ListItem\",\"position\":1,\"name\":\"Home\",\"item\":\"https:\/\/www.salve.si\/\"},{\"@type\":\"ListItem\",\"position\":2,\"name\":\"Trgovina\",\"item\":\"https:\/\/www.salve.si\/trgovina\/\"},{\"@type\":\"ListItem\",\"position\":3,\"name\":\"Ro\u017enikov biser\"}]},{\"@type\":\"WebSite\",\"@id\":\"https:\/\/www.salve.si\/#website\",\"url\":\"https:\/\/www.salve.si\/\",\"name\":\"Salve\",\"description\":\"Salezijanska zalo\u017eba\",\"publisher\":{\"@id\":\"https:\/\/www.salve.si\/#organization\"},\"potentialAction\":[{\"@type\":\"SearchAction\",\"target\":{\"@type\":\"EntryPoint\",\"urlTemplate\":\"https:\/\/www.salve.si\/?s={search_term_string}\"},\"query-input\":{\"@type\":\"PropertyValueSpecification\",\"valueRequired\":true,\"valueName\":\"search_term_string\"}}],\"inLanguage\":\"en-US\"},{\"@type\":\"Organization\",\"@id\":\"https:\/\/www.salve.si\/#organization\",\"name\":\"Salve d.o.o.\",\"url\":\"https:\/\/www.salve.si\/\",\"logo\":{\"@type\":\"ImageObject\",\"inLanguage\":\"en-US\",\"@id\":\"https:\/\/www.salve.si\/#\/schema\/logo\/image\/\",\"url\":\"https:\/\/www.salve.si\/wp-content\/uploads\/2021\/01\/Salve_logo_modri_nov_web.png\",\"contentUrl\":\"https:\/\/www.salve.si\/wp-content\/uploads\/2021\/01\/Salve_logo_modri_nov_web.png\",\"width\":279,\"height\":90,\"caption\":\"Salve d.o.o.\"},\"image\":{\"@id\":\"https:\/\/www.salve.si\/#\/schema\/logo\/image\/\"},\"sameAs\":[\"https:\/\/www.facebook.com\/salve.si\",\"https:\/\/www.instagram.com\/zalozbasalve\/\",\"https:\/\/www.linkedin.com\/company\/zalozba-salve\/\"]}]}<\/script>\n<!-- \/ Yoast SEO plugin. -->","yoast_head_json":{"title":"Ro\u017enikov biser - Salve","robots":{"index":"index","follow":"follow","max-snippet":"max-snippet:-1","max-image-preview":"max-image-preview:large","max-video-preview":"max-video-preview:-1"},"canonical":"https:\/\/www.salve.si\/en\/trgovina\/knjige\/leposlovje\/roznikov-biser\/","og_locale":"en_US","og_type":"article","og_title":"Ro\u017enikov biser - Salve","og_description":"\"Gora \u010dlove\u0161kega gorja, ki je v \u017eivo opisana v tej knjigi, je ve\u010dinoma smrdljiv gnoj, ki se cedi iz ran ene najhuj\u0161ih socialnih bolezni: omamljanja in zasvojenosti z alkoholom.\" (Jo\u017ee Ramov\u0161, iz predgovora)  Pekel je, v njem so \u017eivi ljudje. Pred nami je roman, ki nam v \u017eivo slika dogajanje v tem peklu in to sredi med nami, ne samo tu in tam, marsikje. To je tragi\u010dnost \u017eivljenja v alkoholni omami. Pot vanjo je tako lahka, kot \u010de bi nam na ledu spodrsnilo. Pot iz nje je te\u017eka kot iz ledenega lijaka. Kako te\u017eko se je re\u0161iti okovov, samo zgrozimo se lahko ob tem.","og_url":"https:\/\/www.salve.si\/en\/trgovina\/knjige\/leposlovje\/roznikov-biser\/","og_site_name":"Salve","article_publisher":"https:\/\/www.facebook.com\/salve.si","article_modified_time":"2024-01-01T22:00:40+00:00","og_image":[{"width":300,"height":464,"url":"https:\/\/www.salve.si\/wp-content\/uploads\/2018\/03\/roznikov_biser.jpg","type":"image\/jpeg"}],"twitter_card":"summary_large_image","twitter_misc":{"Est. reading time":"1 minute"},"schema":{"@context":"https:\/\/schema.org","@graph":[{"@type":"WebPage","@id":"https:\/\/www.salve.si\/trgovina\/knjige\/leposlovje\/roznikov-biser\/","url":"https:\/\/www.salve.si\/trgovina\/knjige\/leposlovje\/roznikov-biser\/","name":"Ro\u017enikov biser - Salve","isPartOf":{"@id":"https:\/\/www.salve.si\/#website"},"primaryImageOfPage":{"@id":"https:\/\/www.salve.si\/trgovina\/knjige\/leposlovje\/roznikov-biser\/#primaryimage"},"image":{"@id":"https:\/\/www.salve.si\/trgovina\/knjige\/leposlovje\/roznikov-biser\/#primaryimage"},"thumbnailUrl":"https:\/\/www.salve.si\/wp-content\/uploads\/2018\/03\/roznikov_biser.jpg","datePublished":"2013-01-28T09:00:47+00:00","dateModified":"2024-01-01T22:00:40+00:00","breadcrumb":{"@id":"https:\/\/www.salve.si\/trgovina\/knjige\/leposlovje\/roznikov-biser\/#breadcrumb"},"inLanguage":"en-US","potentialAction":[{"@type":"ReadAction","target":["https:\/\/www.salve.si\/trgovina\/knjige\/leposlovje\/roznikov-biser\/"]}]},{"@type":"ImageObject","inLanguage":"en-US","@id":"https:\/\/www.salve.si\/trgovina\/knjige\/leposlovje\/roznikov-biser\/#primaryimage","url":"https:\/\/www.salve.si\/wp-content\/uploads\/2018\/03\/roznikov_biser.jpg","contentUrl":"https:\/\/www.salve.si\/wp-content\/uploads\/2018\/03\/roznikov_biser.jpg","width":300,"height":464},{"@type":"BreadcrumbList","@id":"https:\/\/www.salve.si\/trgovina\/knjige\/leposlovje\/roznikov-biser\/#breadcrumb","itemListElement":[{"@type":"ListItem","position":1,"name":"Home","item":"https:\/\/www.salve.si\/"},{"@type":"ListItem","position":2,"name":"Trgovina","item":"https:\/\/www.salve.si\/trgovina\/"},{"@type":"ListItem","position":3,"name":"Ro\u017enikov biser"}]},{"@type":"WebSite","@id":"https:\/\/www.salve.si\/#website","url":"https:\/\/www.salve.si\/","name":"Salve","description":"Salezijanska zalo\u017eba","publisher":{"@id":"https:\/\/www.salve.si\/#organization"},"potentialAction":[{"@type":"SearchAction","target":{"@type":"EntryPoint","urlTemplate":"https:\/\/www.salve.si\/?s={search_term_string}"},"query-input":{"@type":"PropertyValueSpecification","valueRequired":true,"valueName":"search_term_string"}}],"inLanguage":"en-US"},{"@type":"Organization","@id":"https:\/\/www.salve.si\/#organization","name":"Salve d.o.o.","url":"https:\/\/www.salve.si\/","logo":{"@type":"ImageObject","inLanguage":"en-US","@id":"https:\/\/www.salve.si\/#\/schema\/logo\/image\/","url":"https:\/\/www.salve.si\/wp-content\/uploads\/2021\/01\/Salve_logo_modri_nov_web.png","contentUrl":"https:\/\/www.salve.si\/wp-content\/uploads\/2021\/01\/Salve_logo_modri_nov_web.png","width":279,"height":90,"caption":"Salve d.o.o."},"image":{"@id":"https:\/\/www.salve.si\/#\/schema\/logo\/image\/"},"sameAs":["https:\/\/www.facebook.com\/salve.si","https:\/\/www.instagram.com\/zalozbasalve\/","https:\/\/www.linkedin.com\/company\/zalozba-salve\/"]}]}},"_links":{"self":[{"href":"https:\/\/www.salve.si\/en\/wp-json\/wp\/v2\/product\/2760","targetHints":{"allow":["GET"]}}],"collection":[{"href":"https:\/\/www.salve.si\/en\/wp-json\/wp\/v2\/product"}],"about":[{"href":"https:\/\/www.salve.si\/en\/wp-json\/wp\/v2\/types\/product"}],"version-history":[{"count":5,"href":"https:\/\/www.salve.si\/en\/wp-json\/wp\/v2\/product\/2760\/revisions"}],"predecessor-version":[{"id":16416,"href":"https:\/\/www.salve.si\/en\/wp-json\/wp\/v2\/product\/2760\/revisions\/16416"}],"wp:featuredmedia":[{"embeddable":true,"href":"https:\/\/www.salve.si\/en\/wp-json\/wp\/v2\/media\/2761"}],"wp:attachment":[{"href":"https:\/\/www.salve.si\/en\/wp-json\/wp\/v2\/media?parent=2760"}],"wp:term":[{"taxonomy":"product_cat","embeddable":true,"href":"https:\/\/www.salve.si\/en\/wp-json\/wp\/v2\/product_cat?post=2760"},{"taxonomy":"product_tag","embeddable":true,"href":"https:\/\/www.salve.si\/en\/wp-json\/wp\/v2\/product_tag?post=2760"}],"curies":[{"name":"wp","href":"https:\/\/api.w.org\/{rel}","templated":true}]}}