{"id":2752,"date":"2012-11-02T10:00:59","date_gmt":"2012-11-02T09:00:59","guid":{"rendered":"http:\/\/2018.salve.si\/?post_type=product&#038;p=2752"},"modified":"2018-09-24T12:49:55","modified_gmt":"2018-09-24T10:49:55","slug":"podarjam-ti-delcek-sebe","status":"publish","type":"product","link":"https:\/\/www.salve.si\/en\/trgovina\/knjige\/podarjam-ti-delcek-sebe\/","title":{"rendered":"Podarjam ti del\u010dek sebe"},"content":{"rendered":"<p>Kratke misli, ki nas potola\u017eijo, po\u017eivijo ali umirijo, so \u010dloveku zelo dobrodo\u0161le. \u017de avtori\u010dina prva knji\u017eica, Misli za lep\u0161i dan, je bila zelo lepo sprejeta (misli iz prve knjige se tudi na na\u0161i internetni strani vsak dan menjavajo &#8211; levo spodaj). Velikokrat nimamo \u010dasa, da bi brali in razmi\u0161ljali dolge razprave. Mogo\u010de nas kratek stavek ali pa dva, trije stavki zaustavijo in spodbudijo k razmi\u0161ljaju in prepri\u010dan sem, da bo tisti dan duhovno bogatej\u0161i.<\/p>\n<p>Fotografije: Patricija Belak<\/p>\n<p><span class=\"slv-content-keywords\"> Mateja Debeljak Knjige <\/span><\/p>","protected":false},"excerpt":{"rendered":"<p>Kratke misli, ki nas potola\u017eijo, po\u017eivijo ali umirijo, so \u010dloveku zelo dobrodo\u0161le. \u017de avtori\u010dina prva knji\u017eica, Misli za lep\u0161i dan, je bila zelo lepo sprejeta (misli iz prve knjige se tudi na na\u0161i internetni strani vsak dan menjavajo &#8211; levo spodaj). Velikokrat nimamo \u010dasa, da bi brali in razmi\u0161ljali dolge razprave. Mogo\u010de nas kratek stavek ali pa dva, trije stavki zaustavijo in spodbudijo k razmi\u0161ljanju in prepri\u010dan sem, da bo tisti dan duhovno bogatej\u0161i.<\/p>","protected":false},"featured_media":2753,"template":"","meta":{"_acf_changed":false,"footnotes":""},"product_cat":[141],"product_tag":[],"class_list":{"0":"post-2752","1":"product","2":"type-product","3":"status-publish","4":"has-post-thumbnail","6":"authors-mateja-debeljak","7":"publisher-salve-d-o-o-ljubljana","8":"product_cat-knjige","10":"first","11":"outofstock","12":"shipping-taxable","13":"purchasable","14":"product-type-simple"},"acf":[],"yoast_head":"<!-- This site is optimized with the Yoast SEO plugin v23.8 - https:\/\/yoast.com\/wordpress\/plugins\/seo\/ -->\n<title>Podarjam ti del\u010dek sebe - Salve<\/title>\n<meta name=\"robots\" content=\"index, follow, max-snippet:-1, max-image-preview:large, max-video-preview:-1\" \/>\n<link rel=\"canonical\" href=\"https:\/\/www.salve.si\/en\/trgovina\/knjige\/podarjam-ti-delcek-sebe\/\" \/>\n<meta property=\"og:locale\" content=\"en_US\" \/>\n<meta property=\"og:type\" content=\"article\" \/>\n<meta property=\"og:title\" content=\"Podarjam ti del\u010dek sebe - Salve\" \/>\n<meta property=\"og:description\" content=\"Kratke misli, ki nas potola\u017eijo, po\u017eivijo ali umirijo, so \u010dloveku zelo dobrodo\u0161le. \u017de avtori\u010dina prva knji\u017eica, Misli za lep\u0161i dan, je bila zelo lepo sprejeta (misli iz prve knjige se tudi na na\u0161i internetni strani vsak dan menjavajo - levo spodaj). Velikokrat nimamo \u010dasa, da bi brali in razmi\u0161ljali dolge razprave. Mogo\u010de nas kratek stavek ali pa dva, trije stavki zaustavijo in spodbudijo k razmi\u0161ljanju in prepri\u010dan sem, da bo tisti dan duhovno bogatej\u0161i.\" \/>\n<meta property=\"og:url\" content=\"https:\/\/www.salve.si\/en\/trgovina\/knjige\/podarjam-ti-delcek-sebe\/\" \/>\n<meta property=\"og:site_name\" content=\"Salve\" \/>\n<meta property=\"article:publisher\" content=\"https:\/\/www.facebook.com\/salve.si\" \/>\n<meta property=\"article:modified_time\" content=\"2018-09-24T10:49:55+00:00\" \/>\n<meta property=\"og:image\" content=\"https:\/\/www.salve.si\/wp-content\/uploads\/2018\/03\/Podarjam_ti_del__509389916863b.jpg\" \/>\n\t<meta property=\"og:image:width\" content=\"1199\" \/>\n\t<meta property=\"og:image:height\" content=\"1660\" \/>\n\t<meta property=\"og:image:type\" content=\"image\/jpeg\" \/>\n<meta name=\"twitter:card\" content=\"summary_large_image\" \/>\n<script type=\"application\/ld+json\" class=\"yoast-schema-graph\">{\"@context\":\"https:\/\/schema.org\",\"@graph\":[{\"@type\":\"WebPage\",\"@id\":\"https:\/\/www.salve.si\/trgovina\/knjige\/podarjam-ti-delcek-sebe\/\",\"url\":\"https:\/\/www.salve.si\/trgovina\/knjige\/podarjam-ti-delcek-sebe\/\",\"name\":\"Podarjam ti del\u010dek sebe - Salve\",\"isPartOf\":{\"@id\":\"https:\/\/www.salve.si\/#website\"},\"primaryImageOfPage\":{\"@id\":\"https:\/\/www.salve.si\/trgovina\/knjige\/podarjam-ti-delcek-sebe\/#primaryimage\"},\"image\":{\"@id\":\"https:\/\/www.salve.si\/trgovina\/knjige\/podarjam-ti-delcek-sebe\/#primaryimage\"},\"thumbnailUrl\":\"https:\/\/www.salve.si\/wp-content\/uploads\/2018\/03\/Podarjam_ti_del__509389916863b.jpg\",\"datePublished\":\"2012-11-02T09:00:59+00:00\",\"dateModified\":\"2018-09-24T10:49:55+00:00\",\"breadcrumb\":{\"@id\":\"https:\/\/www.salve.si\/trgovina\/knjige\/podarjam-ti-delcek-sebe\/#breadcrumb\"},\"inLanguage\":\"en-US\",\"potentialAction\":[{\"@type\":\"ReadAction\",\"target\":[\"https:\/\/www.salve.si\/trgovina\/knjige\/podarjam-ti-delcek-sebe\/\"]}]},{\"@type\":\"ImageObject\",\"inLanguage\":\"en-US\",\"@id\":\"https:\/\/www.salve.si\/trgovina\/knjige\/podarjam-ti-delcek-sebe\/#primaryimage\",\"url\":\"https:\/\/www.salve.si\/wp-content\/uploads\/2018\/03\/Podarjam_ti_del__509389916863b.jpg\",\"contentUrl\":\"https:\/\/www.salve.si\/wp-content\/uploads\/2018\/03\/Podarjam_ti_del__509389916863b.jpg\",\"width\":1199,\"height\":1660},{\"@type\":\"BreadcrumbList\",\"@id\":\"https:\/\/www.salve.si\/trgovina\/knjige\/podarjam-ti-delcek-sebe\/#breadcrumb\",\"itemListElement\":[{\"@type\":\"ListItem\",\"position\":1,\"name\":\"Home\",\"item\":\"https:\/\/www.salve.si\/\"},{\"@type\":\"ListItem\",\"position\":2,\"name\":\"Trgovina\",\"item\":\"https:\/\/www.salve.si\/trgovina\/\"},{\"@type\":\"ListItem\",\"position\":3,\"name\":\"Podarjam ti del\u010dek sebe\"}]},{\"@type\":\"WebSite\",\"@id\":\"https:\/\/www.salve.si\/#website\",\"url\":\"https:\/\/www.salve.si\/\",\"name\":\"Salve\",\"description\":\"Salezijanska zalo\u017eba\",\"publisher\":{\"@id\":\"https:\/\/www.salve.si\/#organization\"},\"potentialAction\":[{\"@type\":\"SearchAction\",\"target\":{\"@type\":\"EntryPoint\",\"urlTemplate\":\"https:\/\/www.salve.si\/?s={search_term_string}\"},\"query-input\":{\"@type\":\"PropertyValueSpecification\",\"valueRequired\":true,\"valueName\":\"search_term_string\"}}],\"inLanguage\":\"en-US\"},{\"@type\":\"Organization\",\"@id\":\"https:\/\/www.salve.si\/#organization\",\"name\":\"Salve d.o.o.\",\"url\":\"https:\/\/www.salve.si\/\",\"logo\":{\"@type\":\"ImageObject\",\"inLanguage\":\"en-US\",\"@id\":\"https:\/\/www.salve.si\/#\/schema\/logo\/image\/\",\"url\":\"https:\/\/www.salve.si\/wp-content\/uploads\/2021\/01\/Salve_logo_modri_nov_web.png\",\"contentUrl\":\"https:\/\/www.salve.si\/wp-content\/uploads\/2021\/01\/Salve_logo_modri_nov_web.png\",\"width\":279,\"height\":90,\"caption\":\"Salve d.o.o.\"},\"image\":{\"@id\":\"https:\/\/www.salve.si\/#\/schema\/logo\/image\/\"},\"sameAs\":[\"https:\/\/www.facebook.com\/salve.si\",\"https:\/\/www.instagram.com\/zalozbasalve\/\",\"https:\/\/www.linkedin.com\/company\/zalozba-salve\/\"]}]}<\/script>\n<!-- \/ Yoast SEO plugin. -->","yoast_head_json":{"title":"Podarjam ti del\u010dek sebe - Salve","robots":{"index":"index","follow":"follow","max-snippet":"max-snippet:-1","max-image-preview":"max-image-preview:large","max-video-preview":"max-video-preview:-1"},"canonical":"https:\/\/www.salve.si\/en\/trgovina\/knjige\/podarjam-ti-delcek-sebe\/","og_locale":"en_US","og_type":"article","og_title":"Podarjam ti del\u010dek sebe - Salve","og_description":"Kratke misli, ki nas potola\u017eijo, po\u017eivijo ali umirijo, so \u010dloveku zelo dobrodo\u0161le. \u017de avtori\u010dina prva knji\u017eica, Misli za lep\u0161i dan, je bila zelo lepo sprejeta (misli iz prve knjige se tudi na na\u0161i internetni strani vsak dan menjavajo - levo spodaj). Velikokrat nimamo \u010dasa, da bi brali in razmi\u0161ljali dolge razprave. Mogo\u010de nas kratek stavek ali pa dva, trije stavki zaustavijo in spodbudijo k razmi\u0161ljanju in prepri\u010dan sem, da bo tisti dan duhovno bogatej\u0161i.","og_url":"https:\/\/www.salve.si\/en\/trgovina\/knjige\/podarjam-ti-delcek-sebe\/","og_site_name":"Salve","article_publisher":"https:\/\/www.facebook.com\/salve.si","article_modified_time":"2018-09-24T10:49:55+00:00","og_image":[{"width":1199,"height":1660,"url":"https:\/\/www.salve.si\/wp-content\/uploads\/2018\/03\/Podarjam_ti_del__509389916863b.jpg","type":"image\/jpeg"}],"twitter_card":"summary_large_image","schema":{"@context":"https:\/\/schema.org","@graph":[{"@type":"WebPage","@id":"https:\/\/www.salve.si\/trgovina\/knjige\/podarjam-ti-delcek-sebe\/","url":"https:\/\/www.salve.si\/trgovina\/knjige\/podarjam-ti-delcek-sebe\/","name":"Podarjam ti del\u010dek sebe - Salve","isPartOf":{"@id":"https:\/\/www.salve.si\/#website"},"primaryImageOfPage":{"@id":"https:\/\/www.salve.si\/trgovina\/knjige\/podarjam-ti-delcek-sebe\/#primaryimage"},"image":{"@id":"https:\/\/www.salve.si\/trgovina\/knjige\/podarjam-ti-delcek-sebe\/#primaryimage"},"thumbnailUrl":"https:\/\/www.salve.si\/wp-content\/uploads\/2018\/03\/Podarjam_ti_del__509389916863b.jpg","datePublished":"2012-11-02T09:00:59+00:00","dateModified":"2018-09-24T10:49:55+00:00","breadcrumb":{"@id":"https:\/\/www.salve.si\/trgovina\/knjige\/podarjam-ti-delcek-sebe\/#breadcrumb"},"inLanguage":"en-US","potentialAction":[{"@type":"ReadAction","target":["https:\/\/www.salve.si\/trgovina\/knjige\/podarjam-ti-delcek-sebe\/"]}]},{"@type":"ImageObject","inLanguage":"en-US","@id":"https:\/\/www.salve.si\/trgovina\/knjige\/podarjam-ti-delcek-sebe\/#primaryimage","url":"https:\/\/www.salve.si\/wp-content\/uploads\/2018\/03\/Podarjam_ti_del__509389916863b.jpg","contentUrl":"https:\/\/www.salve.si\/wp-content\/uploads\/2018\/03\/Podarjam_ti_del__509389916863b.jpg","width":1199,"height":1660},{"@type":"BreadcrumbList","@id":"https:\/\/www.salve.si\/trgovina\/knjige\/podarjam-ti-delcek-sebe\/#breadcrumb","itemListElement":[{"@type":"ListItem","position":1,"name":"Home","item":"https:\/\/www.salve.si\/"},{"@type":"ListItem","position":2,"name":"Trgovina","item":"https:\/\/www.salve.si\/trgovina\/"},{"@type":"ListItem","position":3,"name":"Podarjam ti del\u010dek sebe"}]},{"@type":"WebSite","@id":"https:\/\/www.salve.si\/#website","url":"https:\/\/www.salve.si\/","name":"Salve","description":"Salezijanska zalo\u017eba","publisher":{"@id":"https:\/\/www.salve.si\/#organization"},"potentialAction":[{"@type":"SearchAction","target":{"@type":"EntryPoint","urlTemplate":"https:\/\/www.salve.si\/?s={search_term_string}"},"query-input":{"@type":"PropertyValueSpecification","valueRequired":true,"valueName":"search_term_string"}}],"inLanguage":"en-US"},{"@type":"Organization","@id":"https:\/\/www.salve.si\/#organization","name":"Salve d.o.o.","url":"https:\/\/www.salve.si\/","logo":{"@type":"ImageObject","inLanguage":"en-US","@id":"https:\/\/www.salve.si\/#\/schema\/logo\/image\/","url":"https:\/\/www.salve.si\/wp-content\/uploads\/2021\/01\/Salve_logo_modri_nov_web.png","contentUrl":"https:\/\/www.salve.si\/wp-content\/uploads\/2021\/01\/Salve_logo_modri_nov_web.png","width":279,"height":90,"caption":"Salve d.o.o."},"image":{"@id":"https:\/\/www.salve.si\/#\/schema\/logo\/image\/"},"sameAs":["https:\/\/www.facebook.com\/salve.si","https:\/\/www.instagram.com\/zalozbasalve\/","https:\/\/www.linkedin.com\/company\/zalozba-salve\/"]}]}},"_links":{"self":[{"href":"https:\/\/www.salve.si\/en\/wp-json\/wp\/v2\/product\/2752","targetHints":{"allow":["GET"]}}],"collection":[{"href":"https:\/\/www.salve.si\/en\/wp-json\/wp\/v2\/product"}],"about":[{"href":"https:\/\/www.salve.si\/en\/wp-json\/wp\/v2\/types\/product"}],"version-history":[{"count":0,"href":"https:\/\/www.salve.si\/en\/wp-json\/wp\/v2\/product\/2752\/revisions"}],"wp:featuredmedia":[{"embeddable":true,"href":"https:\/\/www.salve.si\/en\/wp-json\/wp\/v2\/media\/2753"}],"wp:attachment":[{"href":"https:\/\/www.salve.si\/en\/wp-json\/wp\/v2\/media?parent=2752"}],"wp:term":[{"taxonomy":"product_cat","embeddable":true,"href":"https:\/\/www.salve.si\/en\/wp-json\/wp\/v2\/product_cat?post=2752"},{"taxonomy":"product_tag","embeddable":true,"href":"https:\/\/www.salve.si\/en\/wp-json\/wp\/v2\/product_tag?post=2752"}],"curies":[{"name":"wp","href":"https:\/\/api.w.org\/{rel}","templated":true}]}}