{"id":2742,"date":"2012-06-26T10:00:14","date_gmt":"2012-06-26T08:00:14","guid":{"rendered":"http:\/\/2018.salve.si\/?post_type=product&#038;p=2742"},"modified":"2024-01-01T23:00:40","modified_gmt":"2024-01-01T22:00:40","slug":"znamenja-vecnosti","status":"publish","type":"product","link":"https:\/\/www.salve.si\/en\/trgovina\/knjige\/teologija-in-duhovnost\/znamenja-vecnosti\/","title":{"rendered":"Znamenja ve\u010dnosti"},"content":{"rendered":"<p>&#8220;Duhovne iveri, cepi\u010di, poganjki, ne\u017ene sadike, vsakodnevni verski drobir, vendar pa neprecenljiva pojmovna valuta! Ogenj in voda, kruh in vino, nebo in zemlja, prt in miza, oltar in patena, poklek in priklon, kri\u017e in amen, v celoti pa petdeset znamenj za razlo\u010devanje svetega od posvetnega in za razumevanje simbolnega pomena, ki ga varujejo v sebi nekatere stvari, predmeti, geste, besede, dejanja, podobe. Celo kdor zavra\u010da vse, se odeva v vidno prepoznavnost. Ta si nadene veri\u017eico s kri\u017ecem, oni staro vodovodno pipo okoli vratu. Eden nosi majico z napisom San Francisco, drugi s portretom Che Gevara. Ob tem in mimo tega pa se dogaja, da kristjan ne pozna ve\u010d vseh verskih znamenj.&#8221;<br \/>\n(Berta Golob)<\/p>\n<p>Fotografije: Tamino Petelin\u0161ek<span class=\"slv-content-keywords\"> Teologija in duhovnost Vlado Pe\u010dnik <\/span><\/p>","protected":false},"excerpt":{"rendered":"<p>7. decembra 2011 je nenadno in nepri\u010dakovano umrl duhovnik Vlado Pe\u010dnik. Knjiga Znamenja ve\u010dnosti je njegova duhovna zapu\u0161\u010dina izro\u010dena nam, da bi ob\u010dudovali njegovo pesem, cenili njegovo besedo in se veselili bli\u017ein, ki jih je ustvarjal med nami.<\/p>","protected":false},"featured_media":2743,"template":"","meta":{"_acf_changed":false,"footnotes":""},"product_cat":[314],"product_tag":[],"class_list":{"0":"post-2742","1":"product","2":"type-product","3":"status-publish","4":"has-post-thumbnail","6":"authors-vlado-pecnik","7":"publisher-salve-d-o-o-ljubljana","8":"product_cat-teologija-in-duhovnost","10":"first","11":"instock","12":"shipping-taxable","13":"purchasable","14":"product-type-simple"},"acf":[],"yoast_head":"<!-- This site is optimized with the Yoast SEO plugin v23.8 - https:\/\/yoast.com\/wordpress\/plugins\/seo\/ -->\n<title>Znamenja ve\u010dnosti - Salve<\/title>\n<meta name=\"robots\" content=\"index, follow, max-snippet:-1, max-image-preview:large, max-video-preview:-1\" \/>\n<link rel=\"canonical\" href=\"https:\/\/www.salve.si\/en\/trgovina\/knjige\/teologija-in-duhovnost\/znamenja-vecnosti\/\" \/>\n<meta property=\"og:locale\" content=\"en_US\" \/>\n<meta property=\"og:type\" content=\"article\" \/>\n<meta property=\"og:title\" content=\"Znamenja ve\u010dnosti - Salve\" \/>\n<meta property=\"og:description\" content=\"7. decembra 2011 je nenadno in nepri\u010dakovano umrl duhovnik Vlado Pe\u010dnik. Knjiga Znamenja ve\u010dnosti je njegova duhovna zapu\u0161\u010dina izro\u010dena nam, da bi ob\u010dudovali njegovo pesem, cenili njegovo besedo in se veselili bli\u017ein, ki jih je ustvarjal med nami.\" \/>\n<meta property=\"og:url\" content=\"https:\/\/www.salve.si\/en\/trgovina\/knjige\/teologija-in-duhovnost\/znamenja-vecnosti\/\" \/>\n<meta property=\"og:site_name\" content=\"Salve\" \/>\n<meta property=\"article:publisher\" content=\"https:\/\/www.facebook.com\/salve.si\" \/>\n<meta property=\"article:modified_time\" content=\"2024-01-01T22:00:40+00:00\" \/>\n<meta property=\"og:image\" content=\"https:\/\/www.salve.si\/wp-content\/uploads\/2018\/03\/Znamenje_ve__nos_4fe9b89aeb36b.jpg\" \/>\n\t<meta property=\"og:image:width\" content=\"1959\" \/>\n\t<meta property=\"og:image:height\" content=\"3456\" \/>\n\t<meta property=\"og:image:type\" content=\"image\/jpeg\" \/>\n<meta name=\"twitter:card\" content=\"summary_large_image\" \/>\n<meta name=\"twitter:label1\" content=\"Est. reading time\" \/>\n\t<meta name=\"twitter:data1\" content=\"1 minute\" \/>\n<script type=\"application\/ld+json\" class=\"yoast-schema-graph\">{\"@context\":\"https:\/\/schema.org\",\"@graph\":[{\"@type\":\"WebPage\",\"@id\":\"https:\/\/www.salve.si\/trgovina\/knjige\/teologija-in-duhovnost\/znamenja-vecnosti\/\",\"url\":\"https:\/\/www.salve.si\/trgovina\/knjige\/teologija-in-duhovnost\/znamenja-vecnosti\/\",\"name\":\"Znamenja ve\u010dnosti - Salve\",\"isPartOf\":{\"@id\":\"https:\/\/www.salve.si\/#website\"},\"primaryImageOfPage\":{\"@id\":\"https:\/\/www.salve.si\/trgovina\/knjige\/teologija-in-duhovnost\/znamenja-vecnosti\/#primaryimage\"},\"image\":{\"@id\":\"https:\/\/www.salve.si\/trgovina\/knjige\/teologija-in-duhovnost\/znamenja-vecnosti\/#primaryimage\"},\"thumbnailUrl\":\"https:\/\/www.salve.si\/wp-content\/uploads\/2018\/03\/Znamenje_ve__nos_4fe9b89aeb36b.jpg\",\"datePublished\":\"2012-06-26T08:00:14+00:00\",\"dateModified\":\"2024-01-01T22:00:40+00:00\",\"breadcrumb\":{\"@id\":\"https:\/\/www.salve.si\/trgovina\/knjige\/teologija-in-duhovnost\/znamenja-vecnosti\/#breadcrumb\"},\"inLanguage\":\"en-US\",\"potentialAction\":[{\"@type\":\"ReadAction\",\"target\":[\"https:\/\/www.salve.si\/trgovina\/knjige\/teologija-in-duhovnost\/znamenja-vecnosti\/\"]}]},{\"@type\":\"ImageObject\",\"inLanguage\":\"en-US\",\"@id\":\"https:\/\/www.salve.si\/trgovina\/knjige\/teologija-in-duhovnost\/znamenja-vecnosti\/#primaryimage\",\"url\":\"https:\/\/www.salve.si\/wp-content\/uploads\/2018\/03\/Znamenje_ve__nos_4fe9b89aeb36b.jpg\",\"contentUrl\":\"https:\/\/www.salve.si\/wp-content\/uploads\/2018\/03\/Znamenje_ve__nos_4fe9b89aeb36b.jpg\",\"width\":1959,\"height\":3456},{\"@type\":\"BreadcrumbList\",\"@id\":\"https:\/\/www.salve.si\/trgovina\/knjige\/teologija-in-duhovnost\/znamenja-vecnosti\/#breadcrumb\",\"itemListElement\":[{\"@type\":\"ListItem\",\"position\":1,\"name\":\"Home\",\"item\":\"https:\/\/www.salve.si\/\"},{\"@type\":\"ListItem\",\"position\":2,\"name\":\"Trgovina\",\"item\":\"https:\/\/www.salve.si\/trgovina\/\"},{\"@type\":\"ListItem\",\"position\":3,\"name\":\"Znamenja ve\u010dnosti\"}]},{\"@type\":\"WebSite\",\"@id\":\"https:\/\/www.salve.si\/#website\",\"url\":\"https:\/\/www.salve.si\/\",\"name\":\"Salve\",\"description\":\"Salezijanska zalo\u017eba\",\"publisher\":{\"@id\":\"https:\/\/www.salve.si\/#organization\"},\"potentialAction\":[{\"@type\":\"SearchAction\",\"target\":{\"@type\":\"EntryPoint\",\"urlTemplate\":\"https:\/\/www.salve.si\/?s={search_term_string}\"},\"query-input\":{\"@type\":\"PropertyValueSpecification\",\"valueRequired\":true,\"valueName\":\"search_term_string\"}}],\"inLanguage\":\"en-US\"},{\"@type\":\"Organization\",\"@id\":\"https:\/\/www.salve.si\/#organization\",\"name\":\"Salve d.o.o.\",\"url\":\"https:\/\/www.salve.si\/\",\"logo\":{\"@type\":\"ImageObject\",\"inLanguage\":\"en-US\",\"@id\":\"https:\/\/www.salve.si\/#\/schema\/logo\/image\/\",\"url\":\"https:\/\/www.salve.si\/wp-content\/uploads\/2021\/01\/Salve_logo_modri_nov_web.png\",\"contentUrl\":\"https:\/\/www.salve.si\/wp-content\/uploads\/2021\/01\/Salve_logo_modri_nov_web.png\",\"width\":279,\"height\":90,\"caption\":\"Salve d.o.o.\"},\"image\":{\"@id\":\"https:\/\/www.salve.si\/#\/schema\/logo\/image\/\"},\"sameAs\":[\"https:\/\/www.facebook.com\/salve.si\",\"https:\/\/www.instagram.com\/zalozbasalve\/\",\"https:\/\/www.linkedin.com\/company\/zalozba-salve\/\"]}]}<\/script>\n<!-- \/ Yoast SEO plugin. -->","yoast_head_json":{"title":"Znamenja ve\u010dnosti - Salve","robots":{"index":"index","follow":"follow","max-snippet":"max-snippet:-1","max-image-preview":"max-image-preview:large","max-video-preview":"max-video-preview:-1"},"canonical":"https:\/\/www.salve.si\/en\/trgovina\/knjige\/teologija-in-duhovnost\/znamenja-vecnosti\/","og_locale":"en_US","og_type":"article","og_title":"Znamenja ve\u010dnosti - Salve","og_description":"7. decembra 2011 je nenadno in nepri\u010dakovano umrl duhovnik Vlado Pe\u010dnik. Knjiga Znamenja ve\u010dnosti je njegova duhovna zapu\u0161\u010dina izro\u010dena nam, da bi ob\u010dudovali njegovo pesem, cenili njegovo besedo in se veselili bli\u017ein, ki jih je ustvarjal med nami.","og_url":"https:\/\/www.salve.si\/en\/trgovina\/knjige\/teologija-in-duhovnost\/znamenja-vecnosti\/","og_site_name":"Salve","article_publisher":"https:\/\/www.facebook.com\/salve.si","article_modified_time":"2024-01-01T22:00:40+00:00","og_image":[{"width":1959,"height":3456,"url":"https:\/\/www.salve.si\/wp-content\/uploads\/2018\/03\/Znamenje_ve__nos_4fe9b89aeb36b.jpg","type":"image\/jpeg"}],"twitter_card":"summary_large_image","twitter_misc":{"Est. reading time":"1 minute"},"schema":{"@context":"https:\/\/schema.org","@graph":[{"@type":"WebPage","@id":"https:\/\/www.salve.si\/trgovina\/knjige\/teologija-in-duhovnost\/znamenja-vecnosti\/","url":"https:\/\/www.salve.si\/trgovina\/knjige\/teologija-in-duhovnost\/znamenja-vecnosti\/","name":"Znamenja ve\u010dnosti - Salve","isPartOf":{"@id":"https:\/\/www.salve.si\/#website"},"primaryImageOfPage":{"@id":"https:\/\/www.salve.si\/trgovina\/knjige\/teologija-in-duhovnost\/znamenja-vecnosti\/#primaryimage"},"image":{"@id":"https:\/\/www.salve.si\/trgovina\/knjige\/teologija-in-duhovnost\/znamenja-vecnosti\/#primaryimage"},"thumbnailUrl":"https:\/\/www.salve.si\/wp-content\/uploads\/2018\/03\/Znamenje_ve__nos_4fe9b89aeb36b.jpg","datePublished":"2012-06-26T08:00:14+00:00","dateModified":"2024-01-01T22:00:40+00:00","breadcrumb":{"@id":"https:\/\/www.salve.si\/trgovina\/knjige\/teologija-in-duhovnost\/znamenja-vecnosti\/#breadcrumb"},"inLanguage":"en-US","potentialAction":[{"@type":"ReadAction","target":["https:\/\/www.salve.si\/trgovina\/knjige\/teologija-in-duhovnost\/znamenja-vecnosti\/"]}]},{"@type":"ImageObject","inLanguage":"en-US","@id":"https:\/\/www.salve.si\/trgovina\/knjige\/teologija-in-duhovnost\/znamenja-vecnosti\/#primaryimage","url":"https:\/\/www.salve.si\/wp-content\/uploads\/2018\/03\/Znamenje_ve__nos_4fe9b89aeb36b.jpg","contentUrl":"https:\/\/www.salve.si\/wp-content\/uploads\/2018\/03\/Znamenje_ve__nos_4fe9b89aeb36b.jpg","width":1959,"height":3456},{"@type":"BreadcrumbList","@id":"https:\/\/www.salve.si\/trgovina\/knjige\/teologija-in-duhovnost\/znamenja-vecnosti\/#breadcrumb","itemListElement":[{"@type":"ListItem","position":1,"name":"Home","item":"https:\/\/www.salve.si\/"},{"@type":"ListItem","position":2,"name":"Trgovina","item":"https:\/\/www.salve.si\/trgovina\/"},{"@type":"ListItem","position":3,"name":"Znamenja ve\u010dnosti"}]},{"@type":"WebSite","@id":"https:\/\/www.salve.si\/#website","url":"https:\/\/www.salve.si\/","name":"Salve","description":"Salezijanska zalo\u017eba","publisher":{"@id":"https:\/\/www.salve.si\/#organization"},"potentialAction":[{"@type":"SearchAction","target":{"@type":"EntryPoint","urlTemplate":"https:\/\/www.salve.si\/?s={search_term_string}"},"query-input":{"@type":"PropertyValueSpecification","valueRequired":true,"valueName":"search_term_string"}}],"inLanguage":"en-US"},{"@type":"Organization","@id":"https:\/\/www.salve.si\/#organization","name":"Salve d.o.o.","url":"https:\/\/www.salve.si\/","logo":{"@type":"ImageObject","inLanguage":"en-US","@id":"https:\/\/www.salve.si\/#\/schema\/logo\/image\/","url":"https:\/\/www.salve.si\/wp-content\/uploads\/2021\/01\/Salve_logo_modri_nov_web.png","contentUrl":"https:\/\/www.salve.si\/wp-content\/uploads\/2021\/01\/Salve_logo_modri_nov_web.png","width":279,"height":90,"caption":"Salve d.o.o."},"image":{"@id":"https:\/\/www.salve.si\/#\/schema\/logo\/image\/"},"sameAs":["https:\/\/www.facebook.com\/salve.si","https:\/\/www.instagram.com\/zalozbasalve\/","https:\/\/www.linkedin.com\/company\/zalozba-salve\/"]}]}},"_links":{"self":[{"href":"https:\/\/www.salve.si\/en\/wp-json\/wp\/v2\/product\/2742","targetHints":{"allow":["GET"]}}],"collection":[{"href":"https:\/\/www.salve.si\/en\/wp-json\/wp\/v2\/product"}],"about":[{"href":"https:\/\/www.salve.si\/en\/wp-json\/wp\/v2\/types\/product"}],"version-history":[{"count":3,"href":"https:\/\/www.salve.si\/en\/wp-json\/wp\/v2\/product\/2742\/revisions"}],"predecessor-version":[{"id":16435,"href":"https:\/\/www.salve.si\/en\/wp-json\/wp\/v2\/product\/2742\/revisions\/16435"}],"wp:featuredmedia":[{"embeddable":true,"href":"https:\/\/www.salve.si\/en\/wp-json\/wp\/v2\/media\/2743"}],"wp:attachment":[{"href":"https:\/\/www.salve.si\/en\/wp-json\/wp\/v2\/media?parent=2742"}],"wp:term":[{"taxonomy":"product_cat","embeddable":true,"href":"https:\/\/www.salve.si\/en\/wp-json\/wp\/v2\/product_cat?post=2742"},{"taxonomy":"product_tag","embeddable":true,"href":"https:\/\/www.salve.si\/en\/wp-json\/wp\/v2\/product_tag?post=2742"}],"curies":[{"name":"wp","href":"https:\/\/api.w.org\/{rel}","templated":true}]}}