{"id":2739,"date":"2012-06-26T10:00:06","date_gmt":"2012-06-26T08:00:06","guid":{"rendered":"http:\/\/2018.salve.si\/?post_type=product&#038;p=2739"},"modified":"2025-01-01T00:00:32","modified_gmt":"2024-12-31T23:00:32","slug":"igraj-se-z-mano","status":"publish","type":"product","link":"https:\/\/www.salve.si\/en\/trgovina\/knjige\/mladinske\/igraj-se-z-mano\/","title":{"rendered":"Igraj se z mano!"},"content":{"rendered":"<p>Otrok lahko pre\u017eivi ure in ure ob igranju s preprostim predmetom, kateremu da, preko svoje domi\u0161ljije, vse potrebne atribute in z njim vzpostavi poseben, \u00bbotro\u0161ki\u00ab, odnos. A taka igra ne traja ve\u010dno. Otrok kmalu spozna, da mora v svoj \u00bbigralni koti\u010dek\u00ab povabiti \u0161e koga, s katerim bo lahko delil svoj svet, nekoga, ki bo vanj vstopil z navdu\u0161enjem.<br \/>\n\u00bbIgraj se z mano!\u00ab je tih in hkrati glasen klic vsakega otroka, ki \u017eeli biti sprejet prav preko igre, saj ta predstavlja svet, v katerem ni prostora za strah, \u017ealost in trpljenje.<\/p>\n<p>Kdor ima v svojem poklicu opraviti z otroki ali kdor je kakor koli vpet v njihova \u017eivljenja, ve\u010dkrat ne ve, kako vstopiti v ta fantazijski svet, kako se pribli\u017eati njihovi razigranosti. Vrata v otrokov svet so nam odraslim odprta preko igre. Zato Vam je lahko, dragi odrasli otroci, ta knjiga iger v pomo\u010d pri pre\u017eivljanju kak\u0161ne zabavne urice z va\u0161imi otroki in mladimi, ki Vam bodo hvale\u017eni, ker jih boste sre\u010dali tam, kjer so najbolj doma: v idealnem svetu domi\u0161ljije!<\/p>\n<p>V knjigi najdete 375 iger razli\u010dnih kategorij, ki odgovarjajo na razli\u010dne potrebe, dolo\u010deni ciljni skupini in zahtevam okolja. Naj igra najde prostor v srcu vsakega in vsakdo bo znova na\u0161el otro\u0161ko razigranost in veselje, ki napolnjuje srce!<span class=\"slv-content-keywords\"> Mladinske Ga\u0161per M. Otrin Igre Mladinska zbirka Igrajmo se 375 iger za lep\u0161i dan <\/span><\/p>","protected":false},"excerpt":{"rendered":"<p><strong>375 iger za lep\u0161i dan<\/strong><\/p>\n<p>Otro\u0161ka igra je preprosta, je vesela in leta visoko, saj leti na krilih svobode. Njihova igra nima kak\u0161nega posebnega namena in cilja, v njej ni prisile, a hkrati zahteva osebo v celoti, v vseh njenih dimenzijah.<\/p>\n<p><em>&#8220;\u010ce vam igra ni v\u0161e\u010d, se posvetujte z va\u0161im zdravnikom ali farmacevtom.&#8221;<\/em><br \/>\nPriporo\u010dilo otrok vsega sveta<\/p>","protected":false},"featured_media":2740,"template":"","meta":{"_acf_changed":false,"footnotes":""},"product_cat":[266],"product_tag":[661],"class_list":{"0":"post-2739","1":"product","2":"type-product","3":"status-publish","4":"has-post-thumbnail","6":"zbirke-igre","7":"zbirke-mladinska-zbirka","8":"authors-gasper-otrin","9":"publisher-salve-d-o-o-ljubljana","10":"product_cat-mladinske","11":"product_tag-igre","13":"first","14":"instock","15":"shipping-taxable","16":"purchasable","17":"product-type-simple"},"acf":[],"yoast_head":"<!-- This site is optimized with the Yoast SEO plugin v23.8 - https:\/\/yoast.com\/wordpress\/plugins\/seo\/ -->\n<title>Igraj se z mano! - Salve<\/title>\n<meta name=\"robots\" content=\"index, follow, max-snippet:-1, max-image-preview:large, max-video-preview:-1\" \/>\n<link rel=\"canonical\" href=\"https:\/\/www.salve.si\/en\/trgovina\/knjige\/mladinske\/igraj-se-z-mano\/\" \/>\n<meta property=\"og:locale\" content=\"en_US\" \/>\n<meta property=\"og:type\" content=\"article\" \/>\n<meta property=\"og:title\" content=\"Igraj se z mano! - Salve\" \/>\n<meta property=\"og:description\" content=\"375 iger za lep\u0161i dan  Otro\u0161ka igra je preprosta, je vesela in leta visoko, saj leti na krilih svobode. Njihova igra nima kak\u0161nega posebnega namena in cilja, v njej ni prisile, a hkrati zahteva osebo v celoti, v vseh njenih dimenzijah.  &quot;\u010ce vam igra ni v\u0161e\u010d, se posvetujte z va\u0161im zdravnikom ali farmacevtom.&quot; Priporo\u010dilo otrok vsega sveta\" \/>\n<meta property=\"og:url\" content=\"https:\/\/www.salve.si\/en\/trgovina\/knjige\/mladinske\/igraj-se-z-mano\/\" \/>\n<meta property=\"og:site_name\" content=\"Salve\" \/>\n<meta property=\"article:publisher\" content=\"https:\/\/www.facebook.com\/salve.si\" \/>\n<meta property=\"article:modified_time\" content=\"2024-12-31T23:00:32+00:00\" \/>\n<meta property=\"og:image\" content=\"https:\/\/www.salve.si\/wp-content\/uploads\/2018\/03\/igraj_se_z_mano__4fe9b6a375480.jpg\" \/>\n\t<meta property=\"og:image:width\" content=\"1762\" \/>\n\t<meta property=\"og:image:height\" content=\"2496\" \/>\n\t<meta property=\"og:image:type\" content=\"image\/jpeg\" \/>\n<meta name=\"twitter:card\" content=\"summary_large_image\" \/>\n<meta name=\"twitter:label1\" content=\"Est. reading time\" \/>\n\t<meta name=\"twitter:data1\" content=\"1 minute\" \/>\n<script type=\"application\/ld+json\" class=\"yoast-schema-graph\">{\"@context\":\"https:\/\/schema.org\",\"@graph\":[{\"@type\":\"WebPage\",\"@id\":\"https:\/\/www.salve.si\/trgovina\/knjige\/mladinske\/igraj-se-z-mano\/\",\"url\":\"https:\/\/www.salve.si\/trgovina\/knjige\/mladinske\/igraj-se-z-mano\/\",\"name\":\"Igraj se z mano! - Salve\",\"isPartOf\":{\"@id\":\"https:\/\/www.salve.si\/#website\"},\"primaryImageOfPage\":{\"@id\":\"https:\/\/www.salve.si\/trgovina\/knjige\/mladinske\/igraj-se-z-mano\/#primaryimage\"},\"image\":{\"@id\":\"https:\/\/www.salve.si\/trgovina\/knjige\/mladinske\/igraj-se-z-mano\/#primaryimage\"},\"thumbnailUrl\":\"https:\/\/www.salve.si\/wp-content\/uploads\/2018\/03\/igraj_se_z_mano__4fe9b6a375480.jpg\",\"datePublished\":\"2012-06-26T08:00:06+00:00\",\"dateModified\":\"2024-12-31T23:00:32+00:00\",\"breadcrumb\":{\"@id\":\"https:\/\/www.salve.si\/trgovina\/knjige\/mladinske\/igraj-se-z-mano\/#breadcrumb\"},\"inLanguage\":\"en-US\",\"potentialAction\":[{\"@type\":\"ReadAction\",\"target\":[\"https:\/\/www.salve.si\/trgovina\/knjige\/mladinske\/igraj-se-z-mano\/\"]}]},{\"@type\":\"ImageObject\",\"inLanguage\":\"en-US\",\"@id\":\"https:\/\/www.salve.si\/trgovina\/knjige\/mladinske\/igraj-se-z-mano\/#primaryimage\",\"url\":\"https:\/\/www.salve.si\/wp-content\/uploads\/2018\/03\/igraj_se_z_mano__4fe9b6a375480.jpg\",\"contentUrl\":\"https:\/\/www.salve.si\/wp-content\/uploads\/2018\/03\/igraj_se_z_mano__4fe9b6a375480.jpg\",\"width\":1762,\"height\":2496},{\"@type\":\"BreadcrumbList\",\"@id\":\"https:\/\/www.salve.si\/trgovina\/knjige\/mladinske\/igraj-se-z-mano\/#breadcrumb\",\"itemListElement\":[{\"@type\":\"ListItem\",\"position\":1,\"name\":\"Home\",\"item\":\"https:\/\/www.salve.si\/\"},{\"@type\":\"ListItem\",\"position\":2,\"name\":\"Trgovina\",\"item\":\"https:\/\/www.salve.si\/trgovina\/\"},{\"@type\":\"ListItem\",\"position\":3,\"name\":\"Igraj se z mano!\"}]},{\"@type\":\"WebSite\",\"@id\":\"https:\/\/www.salve.si\/#website\",\"url\":\"https:\/\/www.salve.si\/\",\"name\":\"Salve\",\"description\":\"Salezijanska zalo\u017eba\",\"publisher\":{\"@id\":\"https:\/\/www.salve.si\/#organization\"},\"potentialAction\":[{\"@type\":\"SearchAction\",\"target\":{\"@type\":\"EntryPoint\",\"urlTemplate\":\"https:\/\/www.salve.si\/?s={search_term_string}\"},\"query-input\":{\"@type\":\"PropertyValueSpecification\",\"valueRequired\":true,\"valueName\":\"search_term_string\"}}],\"inLanguage\":\"en-US\"},{\"@type\":\"Organization\",\"@id\":\"https:\/\/www.salve.si\/#organization\",\"name\":\"Salve d.o.o.\",\"url\":\"https:\/\/www.salve.si\/\",\"logo\":{\"@type\":\"ImageObject\",\"inLanguage\":\"en-US\",\"@id\":\"https:\/\/www.salve.si\/#\/schema\/logo\/image\/\",\"url\":\"https:\/\/www.salve.si\/wp-content\/uploads\/2021\/01\/Salve_logo_modri_nov_web.png\",\"contentUrl\":\"https:\/\/www.salve.si\/wp-content\/uploads\/2021\/01\/Salve_logo_modri_nov_web.png\",\"width\":279,\"height\":90,\"caption\":\"Salve d.o.o.\"},\"image\":{\"@id\":\"https:\/\/www.salve.si\/#\/schema\/logo\/image\/\"},\"sameAs\":[\"https:\/\/www.facebook.com\/salve.si\",\"https:\/\/www.instagram.com\/zalozbasalve\/\",\"https:\/\/www.linkedin.com\/company\/zalozba-salve\/\"]}]}<\/script>\n<!-- \/ Yoast SEO plugin. -->","yoast_head_json":{"title":"Igraj se z mano! - Salve","robots":{"index":"index","follow":"follow","max-snippet":"max-snippet:-1","max-image-preview":"max-image-preview:large","max-video-preview":"max-video-preview:-1"},"canonical":"https:\/\/www.salve.si\/en\/trgovina\/knjige\/mladinske\/igraj-se-z-mano\/","og_locale":"en_US","og_type":"article","og_title":"Igraj se z mano! - Salve","og_description":"375 iger za lep\u0161i dan  Otro\u0161ka igra je preprosta, je vesela in leta visoko, saj leti na krilih svobode. Njihova igra nima kak\u0161nega posebnega namena in cilja, v njej ni prisile, a hkrati zahteva osebo v celoti, v vseh njenih dimenzijah.  \"\u010ce vam igra ni v\u0161e\u010d, se posvetujte z va\u0161im zdravnikom ali farmacevtom.\" Priporo\u010dilo otrok vsega sveta","og_url":"https:\/\/www.salve.si\/en\/trgovina\/knjige\/mladinske\/igraj-se-z-mano\/","og_site_name":"Salve","article_publisher":"https:\/\/www.facebook.com\/salve.si","article_modified_time":"2024-12-31T23:00:32+00:00","og_image":[{"width":1762,"height":2496,"url":"https:\/\/www.salve.si\/wp-content\/uploads\/2018\/03\/igraj_se_z_mano__4fe9b6a375480.jpg","type":"image\/jpeg"}],"twitter_card":"summary_large_image","twitter_misc":{"Est. reading time":"1 minute"},"schema":{"@context":"https:\/\/schema.org","@graph":[{"@type":"WebPage","@id":"https:\/\/www.salve.si\/trgovina\/knjige\/mladinske\/igraj-se-z-mano\/","url":"https:\/\/www.salve.si\/trgovina\/knjige\/mladinske\/igraj-se-z-mano\/","name":"Igraj se z mano! - Salve","isPartOf":{"@id":"https:\/\/www.salve.si\/#website"},"primaryImageOfPage":{"@id":"https:\/\/www.salve.si\/trgovina\/knjige\/mladinske\/igraj-se-z-mano\/#primaryimage"},"image":{"@id":"https:\/\/www.salve.si\/trgovina\/knjige\/mladinske\/igraj-se-z-mano\/#primaryimage"},"thumbnailUrl":"https:\/\/www.salve.si\/wp-content\/uploads\/2018\/03\/igraj_se_z_mano__4fe9b6a375480.jpg","datePublished":"2012-06-26T08:00:06+00:00","dateModified":"2024-12-31T23:00:32+00:00","breadcrumb":{"@id":"https:\/\/www.salve.si\/trgovina\/knjige\/mladinske\/igraj-se-z-mano\/#breadcrumb"},"inLanguage":"en-US","potentialAction":[{"@type":"ReadAction","target":["https:\/\/www.salve.si\/trgovina\/knjige\/mladinske\/igraj-se-z-mano\/"]}]},{"@type":"ImageObject","inLanguage":"en-US","@id":"https:\/\/www.salve.si\/trgovina\/knjige\/mladinske\/igraj-se-z-mano\/#primaryimage","url":"https:\/\/www.salve.si\/wp-content\/uploads\/2018\/03\/igraj_se_z_mano__4fe9b6a375480.jpg","contentUrl":"https:\/\/www.salve.si\/wp-content\/uploads\/2018\/03\/igraj_se_z_mano__4fe9b6a375480.jpg","width":1762,"height":2496},{"@type":"BreadcrumbList","@id":"https:\/\/www.salve.si\/trgovina\/knjige\/mladinske\/igraj-se-z-mano\/#breadcrumb","itemListElement":[{"@type":"ListItem","position":1,"name":"Home","item":"https:\/\/www.salve.si\/"},{"@type":"ListItem","position":2,"name":"Trgovina","item":"https:\/\/www.salve.si\/trgovina\/"},{"@type":"ListItem","position":3,"name":"Igraj se z mano!"}]},{"@type":"WebSite","@id":"https:\/\/www.salve.si\/#website","url":"https:\/\/www.salve.si\/","name":"Salve","description":"Salezijanska zalo\u017eba","publisher":{"@id":"https:\/\/www.salve.si\/#organization"},"potentialAction":[{"@type":"SearchAction","target":{"@type":"EntryPoint","urlTemplate":"https:\/\/www.salve.si\/?s={search_term_string}"},"query-input":{"@type":"PropertyValueSpecification","valueRequired":true,"valueName":"search_term_string"}}],"inLanguage":"en-US"},{"@type":"Organization","@id":"https:\/\/www.salve.si\/#organization","name":"Salve d.o.o.","url":"https:\/\/www.salve.si\/","logo":{"@type":"ImageObject","inLanguage":"en-US","@id":"https:\/\/www.salve.si\/#\/schema\/logo\/image\/","url":"https:\/\/www.salve.si\/wp-content\/uploads\/2021\/01\/Salve_logo_modri_nov_web.png","contentUrl":"https:\/\/www.salve.si\/wp-content\/uploads\/2021\/01\/Salve_logo_modri_nov_web.png","width":279,"height":90,"caption":"Salve d.o.o."},"image":{"@id":"https:\/\/www.salve.si\/#\/schema\/logo\/image\/"},"sameAs":["https:\/\/www.facebook.com\/salve.si","https:\/\/www.instagram.com\/zalozbasalve\/","https:\/\/www.linkedin.com\/company\/zalozba-salve\/"]}]}},"_links":{"self":[{"href":"https:\/\/www.salve.si\/en\/wp-json\/wp\/v2\/product\/2739","targetHints":{"allow":["GET"]}}],"collection":[{"href":"https:\/\/www.salve.si\/en\/wp-json\/wp\/v2\/product"}],"about":[{"href":"https:\/\/www.salve.si\/en\/wp-json\/wp\/v2\/types\/product"}],"version-history":[{"count":1,"href":"https:\/\/www.salve.si\/en\/wp-json\/wp\/v2\/product\/2739\/revisions"}],"predecessor-version":[{"id":5663,"href":"https:\/\/www.salve.si\/en\/wp-json\/wp\/v2\/product\/2739\/revisions\/5663"}],"wp:featuredmedia":[{"embeddable":true,"href":"https:\/\/www.salve.si\/en\/wp-json\/wp\/v2\/media\/2740"}],"wp:attachment":[{"href":"https:\/\/www.salve.si\/en\/wp-json\/wp\/v2\/media?parent=2739"}],"wp:term":[{"taxonomy":"product_cat","embeddable":true,"href":"https:\/\/www.salve.si\/en\/wp-json\/wp\/v2\/product_cat?post=2739"},{"taxonomy":"product_tag","embeddable":true,"href":"https:\/\/www.salve.si\/en\/wp-json\/wp\/v2\/product_tag?post=2739"}],"curies":[{"name":"wp","href":"https:\/\/api.w.org\/{rel}","templated":true}]}}