{"id":2734,"date":"2012-04-11T10:00:12","date_gmt":"2012-04-11T08:00:12","guid":{"rendered":"http:\/\/2018.salve.si\/?post_type=product&#038;p=2734"},"modified":"2020-11-14T13:54:29","modified_gmt":"2020-11-14T12:54:29","slug":"vstanite-pojdimo","status":"publish","type":"product","link":"https:\/\/www.salve.si\/en\/trgovina\/knjige\/svetniki-in-zivljenjepisi\/vstanite-pojdimo\/","title":{"rendered":"Vstanite, pojdimo!"},"content":{"rendered":"<p>&#8220;Te misli sem posku\u0161al napisati z \u017eeljo, da bi bili tudi drugi dele\u017eni pri\u010devanja Kristusove ljubezni, ki skozi stoletja kli\u010de vedno nove naslednike apostolov, da bi razlivali njegovo milost iz krhkih posod v srca drugih bratov. V spominu so me nenehno spremljale besede, ki jih je Pavel naslovil na mladega \u0161kofa Timoteja: &#8216;On nas je odre\u0161il in poklical s svetim klicem, ne zaradi na\u0161ih del, temve\u010d po svojem sklepu in milosti, ki nam jo je pred ve\u010dnimi \u010dasi podaril v Kristusu Jezusu&#8217; (2 Tim 1,9).<\/p>\n<p>Ta svoj spis dajem kot znamenje ljubezni do bratov v \u0161kofovstvu in do vsega Bo\u017ejega ljudstva. \u017delim, da bo v pomo\u010d tistim, ki \u017eelijo spoznati veli\u010dino \u0161kofovskega poslanstva, napor, ki ga le-to prina\u0161a, pa tudi veselje, ki ga spremlja pri njegovem vsakodnevnem spolnjevanju.<\/p>\n<p>Vse vabim, da zapojete z menoj Te Deum hvale in zahvale. S pogledom, uprtim v Kristusa, podprti z upanjem, ki ne razo\u010dara, hod\u00edmo skupaj po poteh novega tiso\u010dletja: &#8216;Vstanite, pojdimo!&#8217; (Mr 14,42).&#8221;<br \/>\n(Janez Pavel II.)<\/p>\n<p><span class=\"slv-content-keywords\"> Janez Pavel II. Avtobiografije, \u017eivljenjepisi Janez Pavel II. <\/span><\/p>","protected":false},"excerpt":{"rendered":"<p>&#8220;Besedilo ni le obi\u010dajna avtobiografija, ampak je &#8216;branje&#8217; lastnega \u017eivljenja z o\u010dmi vere, upanja in ljubezni; gledanje in podo\u017eivljanje lastnega \u017eivljenja, kot ga vidi Bog, s pomo\u010djo potopljenosti v molitev in kontemplacije. Knjigo sem do\u017eivel kot duhovni komentar \u017eivljenjskih dogodkov \u0161kofa in kasneje pape\u017ea sredi razgibanega zgodovinskega dogajanja in usodnih odlo\u010ditev.&#8221;<br \/>\n(Marjan Turn\u0161ek)<\/p>","protected":false},"featured_media":12698,"template":"","meta":{"_acf_changed":false,"footnotes":""},"product_cat":[315],"product_tag":[970],"class_list":{"0":"post-2734","1":"product","2":"type-product","3":"status-publish","4":"has-post-thumbnail","6":"authors-janez-pavel-ii","7":"publisher-salve-d-o-o-ljubljana","8":"product_cat-svetniki-in-zivljenjepisi","9":"product_tag-janez-pavel-ii","11":"first","12":"instock","13":"shipping-taxable","14":"purchasable","15":"product-type-simple"},"acf":[],"yoast_head":"<!-- This site is optimized with the Yoast SEO plugin v23.8 - https:\/\/yoast.com\/wordpress\/plugins\/seo\/ -->\n<title>Vstanite, pojdimo! - Salve<\/title>\n<meta name=\"robots\" content=\"index, follow, max-snippet:-1, max-image-preview:large, max-video-preview:-1\" \/>\n<link rel=\"canonical\" href=\"https:\/\/www.salve.si\/en\/trgovina\/knjige\/svetniki-in-zivljenjepisi\/vstanite-pojdimo\/\" \/>\n<meta property=\"og:locale\" content=\"en_US\" \/>\n<meta property=\"og:type\" content=\"article\" \/>\n<meta property=\"og:title\" content=\"Vstanite, pojdimo! - Salve\" \/>\n<meta property=\"og:description\" content=\"&quot;Besedilo ni le obi\u010dajna avtobiografija, ampak je &#039;branje&#039; lastnega \u017eivljenja z o\u010dmi vere, upanja in ljubezni; gledanje in podo\u017eivljanje lastnega \u017eivljenja, kot ga vidi Bog, s pomo\u010djo potopljenosti v molitev in kontemplacije. Knjigo sem do\u017eivel kot duhovni komentar \u017eivljenjskih dogodkov \u0161kofa in kasneje pape\u017ea sredi razgibanega zgodovinskega dogajanja in usodnih odlo\u010ditev.&quot; (Marjan Turn\u0161ek)\" \/>\n<meta property=\"og:url\" content=\"https:\/\/www.salve.si\/en\/trgovina\/knjige\/svetniki-in-zivljenjepisi\/vstanite-pojdimo\/\" \/>\n<meta property=\"og:site_name\" content=\"Salve\" \/>\n<meta property=\"article:publisher\" content=\"https:\/\/www.facebook.com\/salve.si\" \/>\n<meta property=\"article:modified_time\" content=\"2020-11-14T12:54:29+00:00\" \/>\n<meta property=\"og:image\" content=\"https:\/\/www.salve.si\/wp-content\/uploads\/2012\/04\/Vstanite-pojdimo.jpg\" \/>\n\t<meta property=\"og:image:width\" content=\"474\" \/>\n\t<meta property=\"og:image:height\" content=\"715\" \/>\n\t<meta property=\"og:image:type\" content=\"image\/jpeg\" \/>\n<meta name=\"twitter:card\" content=\"summary_large_image\" \/>\n<meta name=\"twitter:label1\" content=\"Est. reading time\" \/>\n\t<meta name=\"twitter:data1\" content=\"1 minute\" \/>\n<script type=\"application\/ld+json\" class=\"yoast-schema-graph\">{\"@context\":\"https:\/\/schema.org\",\"@graph\":[{\"@type\":\"WebPage\",\"@id\":\"https:\/\/www.salve.si\/trgovina\/knjige\/svetniki-in-zivljenjepisi\/vstanite-pojdimo\/\",\"url\":\"https:\/\/www.salve.si\/trgovina\/knjige\/svetniki-in-zivljenjepisi\/vstanite-pojdimo\/\",\"name\":\"Vstanite, pojdimo! - Salve\",\"isPartOf\":{\"@id\":\"https:\/\/www.salve.si\/#website\"},\"primaryImageOfPage\":{\"@id\":\"https:\/\/www.salve.si\/trgovina\/knjige\/svetniki-in-zivljenjepisi\/vstanite-pojdimo\/#primaryimage\"},\"image\":{\"@id\":\"https:\/\/www.salve.si\/trgovina\/knjige\/svetniki-in-zivljenjepisi\/vstanite-pojdimo\/#primaryimage\"},\"thumbnailUrl\":\"https:\/\/www.salve.si\/wp-content\/uploads\/2012\/04\/Vstanite-pojdimo.jpg\",\"datePublished\":\"2012-04-11T08:00:12+00:00\",\"dateModified\":\"2020-11-14T12:54:29+00:00\",\"breadcrumb\":{\"@id\":\"https:\/\/www.salve.si\/trgovina\/knjige\/svetniki-in-zivljenjepisi\/vstanite-pojdimo\/#breadcrumb\"},\"inLanguage\":\"en-US\",\"potentialAction\":[{\"@type\":\"ReadAction\",\"target\":[\"https:\/\/www.salve.si\/trgovina\/knjige\/svetniki-in-zivljenjepisi\/vstanite-pojdimo\/\"]}]},{\"@type\":\"ImageObject\",\"inLanguage\":\"en-US\",\"@id\":\"https:\/\/www.salve.si\/trgovina\/knjige\/svetniki-in-zivljenjepisi\/vstanite-pojdimo\/#primaryimage\",\"url\":\"https:\/\/www.salve.si\/wp-content\/uploads\/2012\/04\/Vstanite-pojdimo.jpg\",\"contentUrl\":\"https:\/\/www.salve.si\/wp-content\/uploads\/2012\/04\/Vstanite-pojdimo.jpg\",\"width\":474,\"height\":715},{\"@type\":\"BreadcrumbList\",\"@id\":\"https:\/\/www.salve.si\/trgovina\/knjige\/svetniki-in-zivljenjepisi\/vstanite-pojdimo\/#breadcrumb\",\"itemListElement\":[{\"@type\":\"ListItem\",\"position\":1,\"name\":\"Home\",\"item\":\"https:\/\/www.salve.si\/\"},{\"@type\":\"ListItem\",\"position\":2,\"name\":\"Trgovina\",\"item\":\"https:\/\/www.salve.si\/trgovina\/\"},{\"@type\":\"ListItem\",\"position\":3,\"name\":\"Vstanite, pojdimo!\"}]},{\"@type\":\"WebSite\",\"@id\":\"https:\/\/www.salve.si\/#website\",\"url\":\"https:\/\/www.salve.si\/\",\"name\":\"Salve\",\"description\":\"Salezijanska zalo\u017eba\",\"publisher\":{\"@id\":\"https:\/\/www.salve.si\/#organization\"},\"potentialAction\":[{\"@type\":\"SearchAction\",\"target\":{\"@type\":\"EntryPoint\",\"urlTemplate\":\"https:\/\/www.salve.si\/?s={search_term_string}\"},\"query-input\":{\"@type\":\"PropertyValueSpecification\",\"valueRequired\":true,\"valueName\":\"search_term_string\"}}],\"inLanguage\":\"en-US\"},{\"@type\":\"Organization\",\"@id\":\"https:\/\/www.salve.si\/#organization\",\"name\":\"Salve d.o.o.\",\"url\":\"https:\/\/www.salve.si\/\",\"logo\":{\"@type\":\"ImageObject\",\"inLanguage\":\"en-US\",\"@id\":\"https:\/\/www.salve.si\/#\/schema\/logo\/image\/\",\"url\":\"https:\/\/www.salve.si\/wp-content\/uploads\/2021\/01\/Salve_logo_modri_nov_web.png\",\"contentUrl\":\"https:\/\/www.salve.si\/wp-content\/uploads\/2021\/01\/Salve_logo_modri_nov_web.png\",\"width\":279,\"height\":90,\"caption\":\"Salve d.o.o.\"},\"image\":{\"@id\":\"https:\/\/www.salve.si\/#\/schema\/logo\/image\/\"},\"sameAs\":[\"https:\/\/www.facebook.com\/salve.si\",\"https:\/\/www.instagram.com\/zalozbasalve\/\",\"https:\/\/www.linkedin.com\/company\/zalozba-salve\/\"]}]}<\/script>\n<!-- \/ Yoast SEO plugin. -->","yoast_head_json":{"title":"Vstanite, pojdimo! - Salve","robots":{"index":"index","follow":"follow","max-snippet":"max-snippet:-1","max-image-preview":"max-image-preview:large","max-video-preview":"max-video-preview:-1"},"canonical":"https:\/\/www.salve.si\/en\/trgovina\/knjige\/svetniki-in-zivljenjepisi\/vstanite-pojdimo\/","og_locale":"en_US","og_type":"article","og_title":"Vstanite, pojdimo! - Salve","og_description":"\"Besedilo ni le obi\u010dajna avtobiografija, ampak je 'branje' lastnega \u017eivljenja z o\u010dmi vere, upanja in ljubezni; gledanje in podo\u017eivljanje lastnega \u017eivljenja, kot ga vidi Bog, s pomo\u010djo potopljenosti v molitev in kontemplacije. Knjigo sem do\u017eivel kot duhovni komentar \u017eivljenjskih dogodkov \u0161kofa in kasneje pape\u017ea sredi razgibanega zgodovinskega dogajanja in usodnih odlo\u010ditev.\" (Marjan Turn\u0161ek)","og_url":"https:\/\/www.salve.si\/en\/trgovina\/knjige\/svetniki-in-zivljenjepisi\/vstanite-pojdimo\/","og_site_name":"Salve","article_publisher":"https:\/\/www.facebook.com\/salve.si","article_modified_time":"2020-11-14T12:54:29+00:00","og_image":[{"width":474,"height":715,"url":"https:\/\/www.salve.si\/wp-content\/uploads\/2012\/04\/Vstanite-pojdimo.jpg","type":"image\/jpeg"}],"twitter_card":"summary_large_image","twitter_misc":{"Est. reading time":"1 minute"},"schema":{"@context":"https:\/\/schema.org","@graph":[{"@type":"WebPage","@id":"https:\/\/www.salve.si\/trgovina\/knjige\/svetniki-in-zivljenjepisi\/vstanite-pojdimo\/","url":"https:\/\/www.salve.si\/trgovina\/knjige\/svetniki-in-zivljenjepisi\/vstanite-pojdimo\/","name":"Vstanite, pojdimo! - Salve","isPartOf":{"@id":"https:\/\/www.salve.si\/#website"},"primaryImageOfPage":{"@id":"https:\/\/www.salve.si\/trgovina\/knjige\/svetniki-in-zivljenjepisi\/vstanite-pojdimo\/#primaryimage"},"image":{"@id":"https:\/\/www.salve.si\/trgovina\/knjige\/svetniki-in-zivljenjepisi\/vstanite-pojdimo\/#primaryimage"},"thumbnailUrl":"https:\/\/www.salve.si\/wp-content\/uploads\/2012\/04\/Vstanite-pojdimo.jpg","datePublished":"2012-04-11T08:00:12+00:00","dateModified":"2020-11-14T12:54:29+00:00","breadcrumb":{"@id":"https:\/\/www.salve.si\/trgovina\/knjige\/svetniki-in-zivljenjepisi\/vstanite-pojdimo\/#breadcrumb"},"inLanguage":"en-US","potentialAction":[{"@type":"ReadAction","target":["https:\/\/www.salve.si\/trgovina\/knjige\/svetniki-in-zivljenjepisi\/vstanite-pojdimo\/"]}]},{"@type":"ImageObject","inLanguage":"en-US","@id":"https:\/\/www.salve.si\/trgovina\/knjige\/svetniki-in-zivljenjepisi\/vstanite-pojdimo\/#primaryimage","url":"https:\/\/www.salve.si\/wp-content\/uploads\/2012\/04\/Vstanite-pojdimo.jpg","contentUrl":"https:\/\/www.salve.si\/wp-content\/uploads\/2012\/04\/Vstanite-pojdimo.jpg","width":474,"height":715},{"@type":"BreadcrumbList","@id":"https:\/\/www.salve.si\/trgovina\/knjige\/svetniki-in-zivljenjepisi\/vstanite-pojdimo\/#breadcrumb","itemListElement":[{"@type":"ListItem","position":1,"name":"Home","item":"https:\/\/www.salve.si\/"},{"@type":"ListItem","position":2,"name":"Trgovina","item":"https:\/\/www.salve.si\/trgovina\/"},{"@type":"ListItem","position":3,"name":"Vstanite, pojdimo!"}]},{"@type":"WebSite","@id":"https:\/\/www.salve.si\/#website","url":"https:\/\/www.salve.si\/","name":"Salve","description":"Salezijanska zalo\u017eba","publisher":{"@id":"https:\/\/www.salve.si\/#organization"},"potentialAction":[{"@type":"SearchAction","target":{"@type":"EntryPoint","urlTemplate":"https:\/\/www.salve.si\/?s={search_term_string}"},"query-input":{"@type":"PropertyValueSpecification","valueRequired":true,"valueName":"search_term_string"}}],"inLanguage":"en-US"},{"@type":"Organization","@id":"https:\/\/www.salve.si\/#organization","name":"Salve d.o.o.","url":"https:\/\/www.salve.si\/","logo":{"@type":"ImageObject","inLanguage":"en-US","@id":"https:\/\/www.salve.si\/#\/schema\/logo\/image\/","url":"https:\/\/www.salve.si\/wp-content\/uploads\/2021\/01\/Salve_logo_modri_nov_web.png","contentUrl":"https:\/\/www.salve.si\/wp-content\/uploads\/2021\/01\/Salve_logo_modri_nov_web.png","width":279,"height":90,"caption":"Salve d.o.o."},"image":{"@id":"https:\/\/www.salve.si\/#\/schema\/logo\/image\/"},"sameAs":["https:\/\/www.facebook.com\/salve.si","https:\/\/www.instagram.com\/zalozbasalve\/","https:\/\/www.linkedin.com\/company\/zalozba-salve\/"]}]}},"_links":{"self":[{"href":"https:\/\/www.salve.si\/en\/wp-json\/wp\/v2\/product\/2734","targetHints":{"allow":["GET"]}}],"collection":[{"href":"https:\/\/www.salve.si\/en\/wp-json\/wp\/v2\/product"}],"about":[{"href":"https:\/\/www.salve.si\/en\/wp-json\/wp\/v2\/types\/product"}],"version-history":[{"count":1,"href":"https:\/\/www.salve.si\/en\/wp-json\/wp\/v2\/product\/2734\/revisions"}],"predecessor-version":[{"id":12699,"href":"https:\/\/www.salve.si\/en\/wp-json\/wp\/v2\/product\/2734\/revisions\/12699"}],"wp:featuredmedia":[{"embeddable":true,"href":"https:\/\/www.salve.si\/en\/wp-json\/wp\/v2\/media\/12698"}],"wp:attachment":[{"href":"https:\/\/www.salve.si\/en\/wp-json\/wp\/v2\/media?parent=2734"}],"wp:term":[{"taxonomy":"product_cat","embeddable":true,"href":"https:\/\/www.salve.si\/en\/wp-json\/wp\/v2\/product_cat?post=2734"},{"taxonomy":"product_tag","embeddable":true,"href":"https:\/\/www.salve.si\/en\/wp-json\/wp\/v2\/product_tag?post=2734"}],"curies":[{"name":"wp","href":"https:\/\/api.w.org\/{rel}","templated":true}]}}