{"id":2715,"date":"2011-11-28T10:00:36","date_gmt":"2011-11-28T09:00:36","guid":{"rendered":"http:\/\/2018.salve.si\/?post_type=product&#038;p=2715"},"modified":"2018-08-30T13:27:30","modified_gmt":"2018-08-30T11:27:30","slug":"druga-semena-pa-so-padla-na-dobro-zemljo","status":"publish","type":"product","link":"https:\/\/www.salve.si\/en\/trgovina\/knjige\/teologija-in-duhovnost\/druga-semena-pa-so-padla-na-dobro-zemljo\/","title":{"rendered":"Druga semena pa so padla na dobro zemljo"},"content":{"rendered":"<p>&#8230; Pastoralna izku\u0161nja mu pove, da je na splo\u0161no med ljudstvom ob\u010dutno neznanje temeljnih verskih resnic, tudi med obiskovalci nedeljske ma\u0161e. Zato je oznanjevanje Bo\u017eje besede toliko bolj potrebno, saj se mora po besedah bl. pape\u017ea Janeza Pavla II. vsaka generacija na novo odlo\u010diti za Kristusa in njegov evangelij. Tako postaja nova evangelizacija\u00a0 permanentna evangelizacija.<\/p>\n<p>Pri tem poslanstvu \u017eeli avtor s homileti\u010dno dovr\u0161enostjo pomagati vsem oznanjevalcem s svojo zbirko pridig. Ker avtor povzema bogate izku\u0161nje znanih oznanjevalcev Bo\u017eje besede, predvsem z nem\u0161ko\u00a0 govore\u010dega obmo\u010dja, nam bo zbirka koristila pri pripravi na nedeljsko pridigo. \u010ceprav je v prvi vrsti namenjena duhovnikom, jo bodo lahko s pridom uporabljali tudi drugi verniki za osebno duhovno branje ali kot dru\u017einsko pripravo na nedeljsko bogoslu\u017eje.<span class=\"slv-content-keywords\"> Ludvik Po\u010divav\u0161ek Teologija in duhovnost Pridige za leto B <\/span><\/p>","protected":false},"excerpt":{"rendered":"<p>Pred seboj imamo zbirko nedeljskih in prazni\u010dnih pridig za leto B.<\/p>\n<p>Avtor, dr. Ludvik Po\u010divav\u0161ek, se kot du\u0161ni pastir dobro zaveda pomembnosti oznanjevanja in tega, da je posredovanje evangeljskega sporo\u010dila dana\u0161njemu svetu, ki je sekulariziran, zliberaliziran, izpostavljen brezbri\u017enosti in relativizmu, izredno te\u017eavno in zahtevno &#8230;<\/p>","protected":false},"featured_media":2716,"template":"","meta":{"_acf_changed":false,"footnotes":""},"product_cat":[314],"product_tag":[],"class_list":{"0":"post-2715","1":"product","2":"type-product","3":"status-publish","4":"has-post-thumbnail","6":"authors-ludvik-pocivavsek","7":"publisher-salve-d-o-o-ljubljana","8":"product_cat-teologija-in-duhovnost","10":"first","11":"instock","12":"shipping-taxable","13":"purchasable","14":"product-type-simple"},"acf":[],"yoast_head":"<!-- This site is optimized with the Yoast SEO plugin v23.8 - https:\/\/yoast.com\/wordpress\/plugins\/seo\/ -->\n<title>Druga semena pa so padla na dobro zemljo - Salve<\/title>\n<meta name=\"robots\" content=\"index, follow, max-snippet:-1, max-image-preview:large, max-video-preview:-1\" \/>\n<link rel=\"canonical\" href=\"https:\/\/www.salve.si\/en\/trgovina\/knjige\/teologija-in-duhovnost\/druga-semena-pa-so-padla-na-dobro-zemljo\/\" \/>\n<meta property=\"og:locale\" content=\"en_US\" \/>\n<meta property=\"og:type\" content=\"article\" \/>\n<meta property=\"og:title\" content=\"Druga semena pa so padla na dobro zemljo - Salve\" \/>\n<meta property=\"og:description\" content=\"Pred seboj imamo zbirko nedeljskih in prazni\u010dnih pridig za leto B.  Avtor, dr. Ludvik Po\u010divav\u0161ek, se kot du\u0161ni pastir dobro zaveda pomembnosti oznanjevanja in tega, da je posredovanje evangeljskega sporo\u010dila dana\u0161njemu svetu, ki je sekulariziran, zliberaliziran, izpostavljen brezbri\u017enosti in relativizmu, izredno te\u017eavno in zahtevno ...\" \/>\n<meta property=\"og:url\" content=\"https:\/\/www.salve.si\/en\/trgovina\/knjige\/teologija-in-duhovnost\/druga-semena-pa-so-padla-na-dobro-zemljo\/\" \/>\n<meta property=\"og:site_name\" content=\"Salve\" \/>\n<meta property=\"article:publisher\" content=\"https:\/\/www.facebook.com\/salve.si\" \/>\n<meta property=\"article:modified_time\" content=\"2018-08-30T11:27:30+00:00\" \/>\n<meta property=\"og:image\" content=\"https:\/\/www.salve.si\/wp-content\/uploads\/2018\/03\/druga-semena-so-pa-padla-na-dobro-zemljo.jpg\" \/>\n\t<meta property=\"og:image:width\" content=\"600\" \/>\n\t<meta property=\"og:image:height\" content=\"932\" \/>\n\t<meta property=\"og:image:type\" content=\"image\/jpeg\" \/>\n<meta name=\"twitter:card\" content=\"summary_large_image\" \/>\n<meta name=\"twitter:label1\" content=\"Est. reading time\" \/>\n\t<meta name=\"twitter:data1\" content=\"1 minute\" \/>\n<script type=\"application\/ld+json\" class=\"yoast-schema-graph\">{\"@context\":\"https:\/\/schema.org\",\"@graph\":[{\"@type\":\"WebPage\",\"@id\":\"https:\/\/www.salve.si\/trgovina\/knjige\/teologija-in-duhovnost\/druga-semena-pa-so-padla-na-dobro-zemljo\/\",\"url\":\"https:\/\/www.salve.si\/trgovina\/knjige\/teologija-in-duhovnost\/druga-semena-pa-so-padla-na-dobro-zemljo\/\",\"name\":\"Druga semena pa so padla na dobro zemljo - Salve\",\"isPartOf\":{\"@id\":\"https:\/\/www.salve.si\/#website\"},\"primaryImageOfPage\":{\"@id\":\"https:\/\/www.salve.si\/trgovina\/knjige\/teologija-in-duhovnost\/druga-semena-pa-so-padla-na-dobro-zemljo\/#primaryimage\"},\"image\":{\"@id\":\"https:\/\/www.salve.si\/trgovina\/knjige\/teologija-in-duhovnost\/druga-semena-pa-so-padla-na-dobro-zemljo\/#primaryimage\"},\"thumbnailUrl\":\"https:\/\/www.salve.si\/wp-content\/uploads\/2018\/03\/druga-semena-so-pa-padla-na-dobro-zemljo.jpg\",\"datePublished\":\"2011-11-28T09:00:36+00:00\",\"dateModified\":\"2018-08-30T11:27:30+00:00\",\"breadcrumb\":{\"@id\":\"https:\/\/www.salve.si\/trgovina\/knjige\/teologija-in-duhovnost\/druga-semena-pa-so-padla-na-dobro-zemljo\/#breadcrumb\"},\"inLanguage\":\"en-US\",\"potentialAction\":[{\"@type\":\"ReadAction\",\"target\":[\"https:\/\/www.salve.si\/trgovina\/knjige\/teologija-in-duhovnost\/druga-semena-pa-so-padla-na-dobro-zemljo\/\"]}]},{\"@type\":\"ImageObject\",\"inLanguage\":\"en-US\",\"@id\":\"https:\/\/www.salve.si\/trgovina\/knjige\/teologija-in-duhovnost\/druga-semena-pa-so-padla-na-dobro-zemljo\/#primaryimage\",\"url\":\"https:\/\/www.salve.si\/wp-content\/uploads\/2018\/03\/druga-semena-so-pa-padla-na-dobro-zemljo.jpg\",\"contentUrl\":\"https:\/\/www.salve.si\/wp-content\/uploads\/2018\/03\/druga-semena-so-pa-padla-na-dobro-zemljo.jpg\",\"width\":600,\"height\":932},{\"@type\":\"BreadcrumbList\",\"@id\":\"https:\/\/www.salve.si\/trgovina\/knjige\/teologija-in-duhovnost\/druga-semena-pa-so-padla-na-dobro-zemljo\/#breadcrumb\",\"itemListElement\":[{\"@type\":\"ListItem\",\"position\":1,\"name\":\"Home\",\"item\":\"https:\/\/www.salve.si\/\"},{\"@type\":\"ListItem\",\"position\":2,\"name\":\"Trgovina\",\"item\":\"https:\/\/www.salve.si\/trgovina\/\"},{\"@type\":\"ListItem\",\"position\":3,\"name\":\"Druga semena pa so padla na dobro zemljo\"}]},{\"@type\":\"WebSite\",\"@id\":\"https:\/\/www.salve.si\/#website\",\"url\":\"https:\/\/www.salve.si\/\",\"name\":\"Salve\",\"description\":\"Salezijanska zalo\u017eba\",\"publisher\":{\"@id\":\"https:\/\/www.salve.si\/#organization\"},\"potentialAction\":[{\"@type\":\"SearchAction\",\"target\":{\"@type\":\"EntryPoint\",\"urlTemplate\":\"https:\/\/www.salve.si\/?s={search_term_string}\"},\"query-input\":{\"@type\":\"PropertyValueSpecification\",\"valueRequired\":true,\"valueName\":\"search_term_string\"}}],\"inLanguage\":\"en-US\"},{\"@type\":\"Organization\",\"@id\":\"https:\/\/www.salve.si\/#organization\",\"name\":\"Salve d.o.o.\",\"url\":\"https:\/\/www.salve.si\/\",\"logo\":{\"@type\":\"ImageObject\",\"inLanguage\":\"en-US\",\"@id\":\"https:\/\/www.salve.si\/#\/schema\/logo\/image\/\",\"url\":\"https:\/\/www.salve.si\/wp-content\/uploads\/2021\/01\/Salve_logo_modri_nov_web.png\",\"contentUrl\":\"https:\/\/www.salve.si\/wp-content\/uploads\/2021\/01\/Salve_logo_modri_nov_web.png\",\"width\":279,\"height\":90,\"caption\":\"Salve d.o.o.\"},\"image\":{\"@id\":\"https:\/\/www.salve.si\/#\/schema\/logo\/image\/\"},\"sameAs\":[\"https:\/\/www.facebook.com\/salve.si\",\"https:\/\/www.instagram.com\/zalozbasalve\/\",\"https:\/\/www.linkedin.com\/company\/zalozba-salve\/\"]}]}<\/script>\n<!-- \/ Yoast SEO plugin. -->","yoast_head_json":{"title":"Druga semena pa so padla na dobro zemljo - Salve","robots":{"index":"index","follow":"follow","max-snippet":"max-snippet:-1","max-image-preview":"max-image-preview:large","max-video-preview":"max-video-preview:-1"},"canonical":"https:\/\/www.salve.si\/en\/trgovina\/knjige\/teologija-in-duhovnost\/druga-semena-pa-so-padla-na-dobro-zemljo\/","og_locale":"en_US","og_type":"article","og_title":"Druga semena pa so padla na dobro zemljo - Salve","og_description":"Pred seboj imamo zbirko nedeljskih in prazni\u010dnih pridig za leto B.  Avtor, dr. Ludvik Po\u010divav\u0161ek, se kot du\u0161ni pastir dobro zaveda pomembnosti oznanjevanja in tega, da je posredovanje evangeljskega sporo\u010dila dana\u0161njemu svetu, ki je sekulariziran, zliberaliziran, izpostavljen brezbri\u017enosti in relativizmu, izredno te\u017eavno in zahtevno ...","og_url":"https:\/\/www.salve.si\/en\/trgovina\/knjige\/teologija-in-duhovnost\/druga-semena-pa-so-padla-na-dobro-zemljo\/","og_site_name":"Salve","article_publisher":"https:\/\/www.facebook.com\/salve.si","article_modified_time":"2018-08-30T11:27:30+00:00","og_image":[{"width":600,"height":932,"url":"https:\/\/www.salve.si\/wp-content\/uploads\/2018\/03\/druga-semena-so-pa-padla-na-dobro-zemljo.jpg","type":"image\/jpeg"}],"twitter_card":"summary_large_image","twitter_misc":{"Est. reading time":"1 minute"},"schema":{"@context":"https:\/\/schema.org","@graph":[{"@type":"WebPage","@id":"https:\/\/www.salve.si\/trgovina\/knjige\/teologija-in-duhovnost\/druga-semena-pa-so-padla-na-dobro-zemljo\/","url":"https:\/\/www.salve.si\/trgovina\/knjige\/teologija-in-duhovnost\/druga-semena-pa-so-padla-na-dobro-zemljo\/","name":"Druga semena pa so padla na dobro zemljo - Salve","isPartOf":{"@id":"https:\/\/www.salve.si\/#website"},"primaryImageOfPage":{"@id":"https:\/\/www.salve.si\/trgovina\/knjige\/teologija-in-duhovnost\/druga-semena-pa-so-padla-na-dobro-zemljo\/#primaryimage"},"image":{"@id":"https:\/\/www.salve.si\/trgovina\/knjige\/teologija-in-duhovnost\/druga-semena-pa-so-padla-na-dobro-zemljo\/#primaryimage"},"thumbnailUrl":"https:\/\/www.salve.si\/wp-content\/uploads\/2018\/03\/druga-semena-so-pa-padla-na-dobro-zemljo.jpg","datePublished":"2011-11-28T09:00:36+00:00","dateModified":"2018-08-30T11:27:30+00:00","breadcrumb":{"@id":"https:\/\/www.salve.si\/trgovina\/knjige\/teologija-in-duhovnost\/druga-semena-pa-so-padla-na-dobro-zemljo\/#breadcrumb"},"inLanguage":"en-US","potentialAction":[{"@type":"ReadAction","target":["https:\/\/www.salve.si\/trgovina\/knjige\/teologija-in-duhovnost\/druga-semena-pa-so-padla-na-dobro-zemljo\/"]}]},{"@type":"ImageObject","inLanguage":"en-US","@id":"https:\/\/www.salve.si\/trgovina\/knjige\/teologija-in-duhovnost\/druga-semena-pa-so-padla-na-dobro-zemljo\/#primaryimage","url":"https:\/\/www.salve.si\/wp-content\/uploads\/2018\/03\/druga-semena-so-pa-padla-na-dobro-zemljo.jpg","contentUrl":"https:\/\/www.salve.si\/wp-content\/uploads\/2018\/03\/druga-semena-so-pa-padla-na-dobro-zemljo.jpg","width":600,"height":932},{"@type":"BreadcrumbList","@id":"https:\/\/www.salve.si\/trgovina\/knjige\/teologija-in-duhovnost\/druga-semena-pa-so-padla-na-dobro-zemljo\/#breadcrumb","itemListElement":[{"@type":"ListItem","position":1,"name":"Home","item":"https:\/\/www.salve.si\/"},{"@type":"ListItem","position":2,"name":"Trgovina","item":"https:\/\/www.salve.si\/trgovina\/"},{"@type":"ListItem","position":3,"name":"Druga semena pa so padla na dobro zemljo"}]},{"@type":"WebSite","@id":"https:\/\/www.salve.si\/#website","url":"https:\/\/www.salve.si\/","name":"Salve","description":"Salezijanska zalo\u017eba","publisher":{"@id":"https:\/\/www.salve.si\/#organization"},"potentialAction":[{"@type":"SearchAction","target":{"@type":"EntryPoint","urlTemplate":"https:\/\/www.salve.si\/?s={search_term_string}"},"query-input":{"@type":"PropertyValueSpecification","valueRequired":true,"valueName":"search_term_string"}}],"inLanguage":"en-US"},{"@type":"Organization","@id":"https:\/\/www.salve.si\/#organization","name":"Salve d.o.o.","url":"https:\/\/www.salve.si\/","logo":{"@type":"ImageObject","inLanguage":"en-US","@id":"https:\/\/www.salve.si\/#\/schema\/logo\/image\/","url":"https:\/\/www.salve.si\/wp-content\/uploads\/2021\/01\/Salve_logo_modri_nov_web.png","contentUrl":"https:\/\/www.salve.si\/wp-content\/uploads\/2021\/01\/Salve_logo_modri_nov_web.png","width":279,"height":90,"caption":"Salve d.o.o."},"image":{"@id":"https:\/\/www.salve.si\/#\/schema\/logo\/image\/"},"sameAs":["https:\/\/www.facebook.com\/salve.si","https:\/\/www.instagram.com\/zalozbasalve\/","https:\/\/www.linkedin.com\/company\/zalozba-salve\/"]}]}},"_links":{"self":[{"href":"https:\/\/www.salve.si\/en\/wp-json\/wp\/v2\/product\/2715","targetHints":{"allow":["GET"]}}],"collection":[{"href":"https:\/\/www.salve.si\/en\/wp-json\/wp\/v2\/product"}],"about":[{"href":"https:\/\/www.salve.si\/en\/wp-json\/wp\/v2\/types\/product"}],"version-history":[{"count":0,"href":"https:\/\/www.salve.si\/en\/wp-json\/wp\/v2\/product\/2715\/revisions"}],"wp:featuredmedia":[{"embeddable":true,"href":"https:\/\/www.salve.si\/en\/wp-json\/wp\/v2\/media\/2716"}],"wp:attachment":[{"href":"https:\/\/www.salve.si\/en\/wp-json\/wp\/v2\/media?parent=2715"}],"wp:term":[{"taxonomy":"product_cat","embeddable":true,"href":"https:\/\/www.salve.si\/en\/wp-json\/wp\/v2\/product_cat?post=2715"},{"taxonomy":"product_tag","embeddable":true,"href":"https:\/\/www.salve.si\/en\/wp-json\/wp\/v2\/product_tag?post=2715"}],"curies":[{"name":"wp","href":"https:\/\/api.w.org\/{rel}","templated":true}]}}