{"id":2713,"date":"2011-11-26T10:00:07","date_gmt":"2011-11-26T09:00:07","guid":{"rendered":"http:\/\/2018.salve.si\/?post_type=product&#038;p=2713"},"modified":"2020-11-14T14:12:15","modified_gmt":"2020-11-14T13:12:15","slug":"pedagoska-izkusnja-janeza-boska","status":"publish","type":"product","link":"https:\/\/www.salve.si\/en\/trgovina\/knjige\/prirocniki\/pedagoska-izkusnja-janeza-boska\/","title":{"rendered":"Pedago\u0161ka izku\u0161nja Janeza Boska"},"content":{"rendered":"<p>Pietro Braido (r. 1919 v Scomigu, Conegliano Trbi\u017e, Italija) salezijanski duhovnik \u2013 vzgojitelj in pedagog, univerzitetni profesor, avtor \u0161tevilnih del filozofije vzgoje, pedagogike in zgodovine pedagogike.<\/p>\n<p>Raziskovalno delo Pietra Braida obsega razli\u010dna podro\u010dja spoznavanja pedago\u0161kih tem in se razteza od univerzitetnega pou\u010devanja znanosti pedagogike, strokovnih komentarjev cerkvenih enciklik in dokumentov, preko doktrine o izobra\u017eevanju, vpra\u0161anja svobode \u0161ole, \u0161olskega verskega pouka, usposabljanja u\u010diteljev in vzgojiteljev, pedagogike, spolne vzgoje, do te\u017eave epistemologije pedagogike.<span class=\"slv-content-keywords\"> Pedago\u0161ka zbirka Pietro Braido Priro\u010dniki pedagogika Janez Bosko preventivni sistem vzgoja vzgojitelj <\/span><\/p>","protected":false},"excerpt":{"rendered":"<p>Avtor v knjigi prika\u017ee don Boska, kako ni \u00bbotok\u00ab v morju svojega \u010dasa. V sredi\u0161\u010du don Boskovega dela je oseba mladega \u010dloveka, katerega cilj je postati po\u0161ten dr\u017eavljan in dober kristjan. V svojem jeziku in na\u010dinu razmi\u0161ljanja predstavi temeljni cilj don Boskovega dela: osebo, ki se v polnosti uresni\u010di in je odgovorna.<br \/>\n\u017divljenje je vedno bolj kompleksno in bolj globoko kot na\u0161i vzorci.<\/p>","protected":false},"featured_media":12708,"template":"","meta":{"_acf_changed":false,"footnotes":""},"product_cat":[316],"product_tag":[1000,845,1008,725,1026],"class_list":{"0":"post-2713","1":"product","2":"type-product","3":"status-publish","4":"has-post-thumbnail","6":"zbirke-pedagoska-zbirka","7":"authors-pietro-braido","8":"publisher-salve-d-o-o-ljubljana","9":"product_cat-prirocniki","10":"product_tag-janez-bosko","11":"product_tag-pedagogika","12":"product_tag-preventivni-sistem","13":"product_tag-vzgoja","14":"product_tag-vzgojitelj","16":"first","17":"instock","18":"shipping-taxable","19":"purchasable","20":"product-type-simple"},"acf":[],"yoast_head":"<!-- This site is optimized with the Yoast SEO plugin v23.8 - https:\/\/yoast.com\/wordpress\/plugins\/seo\/ -->\n<title>Pedago\u0161ka izku\u0161nja Janeza Boska - Salve<\/title>\n<meta name=\"robots\" content=\"index, follow, max-snippet:-1, max-image-preview:large, max-video-preview:-1\" \/>\n<link rel=\"canonical\" href=\"https:\/\/www.salve.si\/en\/trgovina\/knjige\/prirocniki\/pedagoska-izkusnja-janeza-boska\/\" \/>\n<meta property=\"og:locale\" content=\"en_US\" \/>\n<meta property=\"og:type\" content=\"article\" \/>\n<meta property=\"og:title\" content=\"Pedago\u0161ka izku\u0161nja Janeza Boska - Salve\" \/>\n<meta property=\"og:description\" content=\"Avtor v knjigi prika\u017ee don Boska, kako ni \u00bbotok\u00ab v morju svojega \u010dasa. V sredi\u0161\u010du don Boskovega dela je oseba mladega \u010dloveka, katerega cilj je postati po\u0161ten dr\u017eavljan in dober kristjan. V svojem jeziku in na\u010dinu razmi\u0161ljanja predstavi temeljni cilj don Boskovega dela: osebo, ki se v polnosti uresni\u010di in je odgovorna. \u017divljenje je vedno bolj kompleksno in bolj globoko kot na\u0161i vzorci.\" \/>\n<meta property=\"og:url\" content=\"https:\/\/www.salve.si\/en\/trgovina\/knjige\/prirocniki\/pedagoska-izkusnja-janeza-boska\/\" \/>\n<meta property=\"og:site_name\" content=\"Salve\" \/>\n<meta property=\"article:publisher\" content=\"https:\/\/www.facebook.com\/salve.si\" \/>\n<meta property=\"article:modified_time\" content=\"2020-11-14T13:12:15+00:00\" \/>\n<meta property=\"og:image\" content=\"https:\/\/www.salve.si\/wp-content\/uploads\/2011\/11\/Pedagoska-izkusnja-Janeza-Boska.jpg\" \/>\n\t<meta property=\"og:image:width\" content=\"474\" \/>\n\t<meta property=\"og:image:height\" content=\"673\" \/>\n\t<meta property=\"og:image:type\" content=\"image\/jpeg\" \/>\n<meta name=\"twitter:card\" content=\"summary_large_image\" \/>\n<script type=\"application\/ld+json\" class=\"yoast-schema-graph\">{\"@context\":\"https:\/\/schema.org\",\"@graph\":[{\"@type\":\"WebPage\",\"@id\":\"https:\/\/www.salve.si\/trgovina\/knjige\/prirocniki\/pedagoska-izkusnja-janeza-boska\/\",\"url\":\"https:\/\/www.salve.si\/trgovina\/knjige\/prirocniki\/pedagoska-izkusnja-janeza-boska\/\",\"name\":\"Pedago\u0161ka izku\u0161nja Janeza Boska - Salve\",\"isPartOf\":{\"@id\":\"https:\/\/www.salve.si\/#website\"},\"primaryImageOfPage\":{\"@id\":\"https:\/\/www.salve.si\/trgovina\/knjige\/prirocniki\/pedagoska-izkusnja-janeza-boska\/#primaryimage\"},\"image\":{\"@id\":\"https:\/\/www.salve.si\/trgovina\/knjige\/prirocniki\/pedagoska-izkusnja-janeza-boska\/#primaryimage\"},\"thumbnailUrl\":\"https:\/\/www.salve.si\/wp-content\/uploads\/2011\/11\/Pedagoska-izkusnja-Janeza-Boska.jpg\",\"datePublished\":\"2011-11-26T09:00:07+00:00\",\"dateModified\":\"2020-11-14T13:12:15+00:00\",\"breadcrumb\":{\"@id\":\"https:\/\/www.salve.si\/trgovina\/knjige\/prirocniki\/pedagoska-izkusnja-janeza-boska\/#breadcrumb\"},\"inLanguage\":\"en-US\",\"potentialAction\":[{\"@type\":\"ReadAction\",\"target\":[\"https:\/\/www.salve.si\/trgovina\/knjige\/prirocniki\/pedagoska-izkusnja-janeza-boska\/\"]}]},{\"@type\":\"ImageObject\",\"inLanguage\":\"en-US\",\"@id\":\"https:\/\/www.salve.si\/trgovina\/knjige\/prirocniki\/pedagoska-izkusnja-janeza-boska\/#primaryimage\",\"url\":\"https:\/\/www.salve.si\/wp-content\/uploads\/2011\/11\/Pedagoska-izkusnja-Janeza-Boska.jpg\",\"contentUrl\":\"https:\/\/www.salve.si\/wp-content\/uploads\/2011\/11\/Pedagoska-izkusnja-Janeza-Boska.jpg\",\"width\":474,\"height\":673},{\"@type\":\"BreadcrumbList\",\"@id\":\"https:\/\/www.salve.si\/trgovina\/knjige\/prirocniki\/pedagoska-izkusnja-janeza-boska\/#breadcrumb\",\"itemListElement\":[{\"@type\":\"ListItem\",\"position\":1,\"name\":\"Home\",\"item\":\"https:\/\/www.salve.si\/\"},{\"@type\":\"ListItem\",\"position\":2,\"name\":\"Trgovina\",\"item\":\"https:\/\/www.salve.si\/trgovina\/\"},{\"@type\":\"ListItem\",\"position\":3,\"name\":\"Pedago\u0161ka izku\u0161nja Janeza Boska\"}]},{\"@type\":\"WebSite\",\"@id\":\"https:\/\/www.salve.si\/#website\",\"url\":\"https:\/\/www.salve.si\/\",\"name\":\"Salve\",\"description\":\"Salezijanska zalo\u017eba\",\"publisher\":{\"@id\":\"https:\/\/www.salve.si\/#organization\"},\"potentialAction\":[{\"@type\":\"SearchAction\",\"target\":{\"@type\":\"EntryPoint\",\"urlTemplate\":\"https:\/\/www.salve.si\/?s={search_term_string}\"},\"query-input\":{\"@type\":\"PropertyValueSpecification\",\"valueRequired\":true,\"valueName\":\"search_term_string\"}}],\"inLanguage\":\"en-US\"},{\"@type\":\"Organization\",\"@id\":\"https:\/\/www.salve.si\/#organization\",\"name\":\"Salve d.o.o.\",\"url\":\"https:\/\/www.salve.si\/\",\"logo\":{\"@type\":\"ImageObject\",\"inLanguage\":\"en-US\",\"@id\":\"https:\/\/www.salve.si\/#\/schema\/logo\/image\/\",\"url\":\"https:\/\/www.salve.si\/wp-content\/uploads\/2021\/01\/Salve_logo_modri_nov_web.png\",\"contentUrl\":\"https:\/\/www.salve.si\/wp-content\/uploads\/2021\/01\/Salve_logo_modri_nov_web.png\",\"width\":279,\"height\":90,\"caption\":\"Salve d.o.o.\"},\"image\":{\"@id\":\"https:\/\/www.salve.si\/#\/schema\/logo\/image\/\"},\"sameAs\":[\"https:\/\/www.facebook.com\/salve.si\",\"https:\/\/www.instagram.com\/zalozbasalve\/\",\"https:\/\/www.linkedin.com\/company\/zalozba-salve\/\"]}]}<\/script>\n<!-- \/ Yoast SEO plugin. -->","yoast_head_json":{"title":"Pedago\u0161ka izku\u0161nja Janeza Boska - Salve","robots":{"index":"index","follow":"follow","max-snippet":"max-snippet:-1","max-image-preview":"max-image-preview:large","max-video-preview":"max-video-preview:-1"},"canonical":"https:\/\/www.salve.si\/en\/trgovina\/knjige\/prirocniki\/pedagoska-izkusnja-janeza-boska\/","og_locale":"en_US","og_type":"article","og_title":"Pedago\u0161ka izku\u0161nja Janeza Boska - Salve","og_description":"Avtor v knjigi prika\u017ee don Boska, kako ni \u00bbotok\u00ab v morju svojega \u010dasa. V sredi\u0161\u010du don Boskovega dela je oseba mladega \u010dloveka, katerega cilj je postati po\u0161ten dr\u017eavljan in dober kristjan. V svojem jeziku in na\u010dinu razmi\u0161ljanja predstavi temeljni cilj don Boskovega dela: osebo, ki se v polnosti uresni\u010di in je odgovorna. \u017divljenje je vedno bolj kompleksno in bolj globoko kot na\u0161i vzorci.","og_url":"https:\/\/www.salve.si\/en\/trgovina\/knjige\/prirocniki\/pedagoska-izkusnja-janeza-boska\/","og_site_name":"Salve","article_publisher":"https:\/\/www.facebook.com\/salve.si","article_modified_time":"2020-11-14T13:12:15+00:00","og_image":[{"width":474,"height":673,"url":"https:\/\/www.salve.si\/wp-content\/uploads\/2011\/11\/Pedagoska-izkusnja-Janeza-Boska.jpg","type":"image\/jpeg"}],"twitter_card":"summary_large_image","schema":{"@context":"https:\/\/schema.org","@graph":[{"@type":"WebPage","@id":"https:\/\/www.salve.si\/trgovina\/knjige\/prirocniki\/pedagoska-izkusnja-janeza-boska\/","url":"https:\/\/www.salve.si\/trgovina\/knjige\/prirocniki\/pedagoska-izkusnja-janeza-boska\/","name":"Pedago\u0161ka izku\u0161nja Janeza Boska - Salve","isPartOf":{"@id":"https:\/\/www.salve.si\/#website"},"primaryImageOfPage":{"@id":"https:\/\/www.salve.si\/trgovina\/knjige\/prirocniki\/pedagoska-izkusnja-janeza-boska\/#primaryimage"},"image":{"@id":"https:\/\/www.salve.si\/trgovina\/knjige\/prirocniki\/pedagoska-izkusnja-janeza-boska\/#primaryimage"},"thumbnailUrl":"https:\/\/www.salve.si\/wp-content\/uploads\/2011\/11\/Pedagoska-izkusnja-Janeza-Boska.jpg","datePublished":"2011-11-26T09:00:07+00:00","dateModified":"2020-11-14T13:12:15+00:00","breadcrumb":{"@id":"https:\/\/www.salve.si\/trgovina\/knjige\/prirocniki\/pedagoska-izkusnja-janeza-boska\/#breadcrumb"},"inLanguage":"en-US","potentialAction":[{"@type":"ReadAction","target":["https:\/\/www.salve.si\/trgovina\/knjige\/prirocniki\/pedagoska-izkusnja-janeza-boska\/"]}]},{"@type":"ImageObject","inLanguage":"en-US","@id":"https:\/\/www.salve.si\/trgovina\/knjige\/prirocniki\/pedagoska-izkusnja-janeza-boska\/#primaryimage","url":"https:\/\/www.salve.si\/wp-content\/uploads\/2011\/11\/Pedagoska-izkusnja-Janeza-Boska.jpg","contentUrl":"https:\/\/www.salve.si\/wp-content\/uploads\/2011\/11\/Pedagoska-izkusnja-Janeza-Boska.jpg","width":474,"height":673},{"@type":"BreadcrumbList","@id":"https:\/\/www.salve.si\/trgovina\/knjige\/prirocniki\/pedagoska-izkusnja-janeza-boska\/#breadcrumb","itemListElement":[{"@type":"ListItem","position":1,"name":"Home","item":"https:\/\/www.salve.si\/"},{"@type":"ListItem","position":2,"name":"Trgovina","item":"https:\/\/www.salve.si\/trgovina\/"},{"@type":"ListItem","position":3,"name":"Pedago\u0161ka izku\u0161nja Janeza Boska"}]},{"@type":"WebSite","@id":"https:\/\/www.salve.si\/#website","url":"https:\/\/www.salve.si\/","name":"Salve","description":"Salezijanska zalo\u017eba","publisher":{"@id":"https:\/\/www.salve.si\/#organization"},"potentialAction":[{"@type":"SearchAction","target":{"@type":"EntryPoint","urlTemplate":"https:\/\/www.salve.si\/?s={search_term_string}"},"query-input":{"@type":"PropertyValueSpecification","valueRequired":true,"valueName":"search_term_string"}}],"inLanguage":"en-US"},{"@type":"Organization","@id":"https:\/\/www.salve.si\/#organization","name":"Salve d.o.o.","url":"https:\/\/www.salve.si\/","logo":{"@type":"ImageObject","inLanguage":"en-US","@id":"https:\/\/www.salve.si\/#\/schema\/logo\/image\/","url":"https:\/\/www.salve.si\/wp-content\/uploads\/2021\/01\/Salve_logo_modri_nov_web.png","contentUrl":"https:\/\/www.salve.si\/wp-content\/uploads\/2021\/01\/Salve_logo_modri_nov_web.png","width":279,"height":90,"caption":"Salve d.o.o."},"image":{"@id":"https:\/\/www.salve.si\/#\/schema\/logo\/image\/"},"sameAs":["https:\/\/www.facebook.com\/salve.si","https:\/\/www.instagram.com\/zalozbasalve\/","https:\/\/www.linkedin.com\/company\/zalozba-salve\/"]}]}},"_links":{"self":[{"href":"https:\/\/www.salve.si\/en\/wp-json\/wp\/v2\/product\/2713","targetHints":{"allow":["GET"]}}],"collection":[{"href":"https:\/\/www.salve.si\/en\/wp-json\/wp\/v2\/product"}],"about":[{"href":"https:\/\/www.salve.si\/en\/wp-json\/wp\/v2\/types\/product"}],"version-history":[{"count":1,"href":"https:\/\/www.salve.si\/en\/wp-json\/wp\/v2\/product\/2713\/revisions"}],"predecessor-version":[{"id":12709,"href":"https:\/\/www.salve.si\/en\/wp-json\/wp\/v2\/product\/2713\/revisions\/12709"}],"wp:featuredmedia":[{"embeddable":true,"href":"https:\/\/www.salve.si\/en\/wp-json\/wp\/v2\/media\/12708"}],"wp:attachment":[{"href":"https:\/\/www.salve.si\/en\/wp-json\/wp\/v2\/media?parent=2713"}],"wp:term":[{"taxonomy":"product_cat","embeddable":true,"href":"https:\/\/www.salve.si\/en\/wp-json\/wp\/v2\/product_cat?post=2713"},{"taxonomy":"product_tag","embeddable":true,"href":"https:\/\/www.salve.si\/en\/wp-json\/wp\/v2\/product_tag?post=2713"}],"curies":[{"name":"wp","href":"https:\/\/api.w.org\/{rel}","templated":true}]}}