{"id":2709,"date":"2011-11-26T10:00:59","date_gmt":"2011-11-26T09:00:59","guid":{"rendered":"http:\/\/2018.salve.si\/?post_type=product&#038;p=2709"},"modified":"2024-01-01T23:00:40","modified_gmt":"2024-01-01T22:00:40","slug":"bozicne-zgodbe","status":"publish","type":"product","link":"https:\/\/www.salve.si\/en\/trgovina\/knjige\/mladinske\/bozicne-zgodbe\/","title":{"rendered":"Bo\u017ei\u010dne zgodbe"},"content":{"rendered":"<p>Bo\u017ei\u010dne pripovedi se mno\u017eijo, odkar si kristjani pripovedujemo o Jezusovem rojstvu. V Lukovem evangeliju pi\u0161e, da so za\u010deli pastirji \u017ee v Betlehemu pripovedovati, kar jim je bilo povedano, in &#8216;vsi, ki so sli\u0161ali, so se za\u010dudili temu, kar so jim povedali pastirji&#8217; (Lk 2,18). Zgodbe so nastajale prav zato, da bi ljudje zvedeli.<\/p>\n<p>Bo\u017ei\u010dne zgodbe slavijo v jasli polo\u017eenega Otroka, poveli\u010dujejo \u010dude\u017eni dogodek ter sku\u0161ajo otrokom in vsem, ki v sebi ohranjajo vsaj kan\u010dek otro\u0161tva, sporo\u010diti neverjetno novico o rojstvu, ki je spremenilo \u017eivljenje ljudi.<\/p>\n<p>Tudi bo\u017ei\u010dne zgodbe, zbrane v tej knjigi, lahko otrokom in vsem, ki so jim podobni, oznanjajo veselje in skrivnost, ki obdajata najve\u010dji in najpomembnej\u0161i dogodek zgodovine: Jezusovo rojstvo. Razlage ne potrebujejo, pa\u010d pa zbranost in spo\u0161tovanje do skrivnosti, ki jo je prenekateri poslu\u0161alec ob\u010dutil in jo \u0161e vedno \u010duti.<br \/>\nNekatere je mogo\u010de pripovedovati s tiho glasbeno spremljavo ob praznovanju ali bedenju, druge o\u017eiviti v skromni predstavi ali majhnem gledali\u0161\u010du.<br \/>\nVse potrebujejo pripovedovalca, ki jim zna vdihniti du\u0161o in smisel ter prebuditi ljubezen do Jezusa v vseh ljudeh, ki \u017eelijo ob\u010dudovati njegovo \u010dudovito in izjemno zgodbo.<span class=\"slv-content-keywords\"> Mladinska zbirka Bruno Ferrero Mladinske Otro\u0161ke Bo\u017ei\u010d bo\u017ei\u010dna zgodba Od adventa do svetih treh kraljev <\/span><\/p>","protected":false},"excerpt":{"rendered":"<p>Kaj se zgodi, \u010de si otrok za bo\u017ei\u010d za\u017eeli o\u010dka in ga sveti Jo\u017eef usli\u0161i?<br \/>\nKdo ve, da sta de\u010dek in deklica re\u0161ila bo\u017ei\u010d pred pohlepom tr\u017enikov?<br \/>\nAli veste, da je bilo kraljev sedem, na cilj pa so pri\u0161li samo trije?<br \/>\nKje je kon\u010dalo zlato, kadilo in mira?<br \/>\nZakaj krasimo bo\u017ei\u010dno drevesce?<br \/>\nKdo je re\u0161il malega Jezu\u0161\u010dka pred krutimi Herodovimi vojaki?<br \/>\nZakaj za bo\u017ei\u010d povsod gorijo lu\u010dke?<br \/>\nKaj bi se zgodilo, \u010de bi tam okoli bo\u017ei\u010da iz vesolja na Zemljo prineslo zvezdico in bi ta potem tavala naokoli?<br \/>\nIn \u010de bi bil kdo posnel angelsko petje v sveti no\u010di?<\/p>","protected":false},"featured_media":12706,"template":"","meta":{"_acf_changed":false,"footnotes":""},"product_cat":[266,310],"product_tag":[335,751],"class_list":{"0":"post-2709","1":"product","2":"type-product","3":"status-publish","4":"has-post-thumbnail","6":"zbirke-mladinska-zbirka","7":"authors-bruno-ferrero","8":"publisher-salve-d-o-o-ljubljana","9":"product_cat-mladinske","10":"product_cat-otroske","11":"product_tag-bozic","12":"product_tag-bozicna-zgodba","14":"first","15":"instock","16":"shipping-taxable","17":"purchasable","18":"product-type-simple"},"acf":[],"yoast_head":"<!-- This site is optimized with the Yoast SEO plugin v23.8 - https:\/\/yoast.com\/wordpress\/plugins\/seo\/ -->\n<title>Bo\u017ei\u010dne zgodbe - Salve<\/title>\n<meta name=\"robots\" content=\"index, follow, max-snippet:-1, max-image-preview:large, max-video-preview:-1\" \/>\n<link rel=\"canonical\" href=\"https:\/\/www.salve.si\/en\/trgovina\/knjige\/mladinske\/bozicne-zgodbe\/\" \/>\n<meta property=\"og:locale\" content=\"en_US\" \/>\n<meta property=\"og:type\" content=\"article\" \/>\n<meta property=\"og:title\" content=\"Bo\u017ei\u010dne zgodbe - Salve\" \/>\n<meta property=\"og:description\" content=\"Kaj se zgodi, \u010de si otrok za bo\u017ei\u010d za\u017eeli o\u010dka in ga sveti Jo\u017eef usli\u0161i? Kdo ve, da sta de\u010dek in deklica re\u0161ila bo\u017ei\u010d pred pohlepom tr\u017enikov? Ali veste, da je bilo kraljev sedem, na cilj pa so pri\u0161li samo trije? Kje je kon\u010dalo zlato, kadilo in mira? Zakaj krasimo bo\u017ei\u010dno drevesce? Kdo je re\u0161il malega Jezu\u0161\u010dka pred krutimi Herodovimi vojaki? Zakaj za bo\u017ei\u010d povsod gorijo lu\u010dke? Kaj bi se zgodilo, \u010de bi tam okoli bo\u017ei\u010da iz vesolja na Zemljo prineslo zvezdico in bi ta potem tavala naokoli? In \u010de bi bil kdo posnel angelsko petje v sveti no\u010di?\" \/>\n<meta property=\"og:url\" content=\"https:\/\/www.salve.si\/en\/trgovina\/knjige\/mladinske\/bozicne-zgodbe\/\" \/>\n<meta property=\"og:site_name\" content=\"Salve\" \/>\n<meta property=\"article:publisher\" content=\"https:\/\/www.facebook.com\/salve.si\" \/>\n<meta property=\"article:modified_time\" content=\"2024-01-01T22:00:40+00:00\" \/>\n<meta property=\"og:image\" content=\"https:\/\/www.salve.si\/wp-content\/uploads\/2011\/11\/Bozicne-zgodbe.jpg\" \/>\n\t<meta property=\"og:image:width\" content=\"474\" \/>\n\t<meta property=\"og:image:height\" content=\"764\" \/>\n\t<meta property=\"og:image:type\" content=\"image\/jpeg\" \/>\n<meta name=\"twitter:card\" content=\"summary_large_image\" \/>\n<meta name=\"twitter:label1\" content=\"Est. reading time\" \/>\n\t<meta name=\"twitter:data1\" content=\"1 minute\" \/>\n<script type=\"application\/ld+json\" class=\"yoast-schema-graph\">{\"@context\":\"https:\/\/schema.org\",\"@graph\":[{\"@type\":\"WebPage\",\"@id\":\"https:\/\/www.salve.si\/trgovina\/knjige\/mladinske\/bozicne-zgodbe\/\",\"url\":\"https:\/\/www.salve.si\/trgovina\/knjige\/mladinske\/bozicne-zgodbe\/\",\"name\":\"Bo\u017ei\u010dne zgodbe - Salve\",\"isPartOf\":{\"@id\":\"https:\/\/www.salve.si\/#website\"},\"primaryImageOfPage\":{\"@id\":\"https:\/\/www.salve.si\/trgovina\/knjige\/mladinske\/bozicne-zgodbe\/#primaryimage\"},\"image\":{\"@id\":\"https:\/\/www.salve.si\/trgovina\/knjige\/mladinske\/bozicne-zgodbe\/#primaryimage\"},\"thumbnailUrl\":\"https:\/\/www.salve.si\/wp-content\/uploads\/2011\/11\/Bozicne-zgodbe.jpg\",\"datePublished\":\"2011-11-26T09:00:59+00:00\",\"dateModified\":\"2024-01-01T22:00:40+00:00\",\"breadcrumb\":{\"@id\":\"https:\/\/www.salve.si\/trgovina\/knjige\/mladinske\/bozicne-zgodbe\/#breadcrumb\"},\"inLanguage\":\"en-US\",\"potentialAction\":[{\"@type\":\"ReadAction\",\"target\":[\"https:\/\/www.salve.si\/trgovina\/knjige\/mladinske\/bozicne-zgodbe\/\"]}]},{\"@type\":\"ImageObject\",\"inLanguage\":\"en-US\",\"@id\":\"https:\/\/www.salve.si\/trgovina\/knjige\/mladinske\/bozicne-zgodbe\/#primaryimage\",\"url\":\"https:\/\/www.salve.si\/wp-content\/uploads\/2011\/11\/Bozicne-zgodbe.jpg\",\"contentUrl\":\"https:\/\/www.salve.si\/wp-content\/uploads\/2011\/11\/Bozicne-zgodbe.jpg\",\"width\":474,\"height\":764},{\"@type\":\"BreadcrumbList\",\"@id\":\"https:\/\/www.salve.si\/trgovina\/knjige\/mladinske\/bozicne-zgodbe\/#breadcrumb\",\"itemListElement\":[{\"@type\":\"ListItem\",\"position\":1,\"name\":\"Home\",\"item\":\"https:\/\/www.salve.si\/\"},{\"@type\":\"ListItem\",\"position\":2,\"name\":\"Trgovina\",\"item\":\"https:\/\/www.salve.si\/trgovina\/\"},{\"@type\":\"ListItem\",\"position\":3,\"name\":\"Bo\u017ei\u010dne zgodbe\"}]},{\"@type\":\"WebSite\",\"@id\":\"https:\/\/www.salve.si\/#website\",\"url\":\"https:\/\/www.salve.si\/\",\"name\":\"Salve\",\"description\":\"Salezijanska zalo\u017eba\",\"publisher\":{\"@id\":\"https:\/\/www.salve.si\/#organization\"},\"potentialAction\":[{\"@type\":\"SearchAction\",\"target\":{\"@type\":\"EntryPoint\",\"urlTemplate\":\"https:\/\/www.salve.si\/?s={search_term_string}\"},\"query-input\":{\"@type\":\"PropertyValueSpecification\",\"valueRequired\":true,\"valueName\":\"search_term_string\"}}],\"inLanguage\":\"en-US\"},{\"@type\":\"Organization\",\"@id\":\"https:\/\/www.salve.si\/#organization\",\"name\":\"Salve d.o.o.\",\"url\":\"https:\/\/www.salve.si\/\",\"logo\":{\"@type\":\"ImageObject\",\"inLanguage\":\"en-US\",\"@id\":\"https:\/\/www.salve.si\/#\/schema\/logo\/image\/\",\"url\":\"https:\/\/www.salve.si\/wp-content\/uploads\/2021\/01\/Salve_logo_modri_nov_web.png\",\"contentUrl\":\"https:\/\/www.salve.si\/wp-content\/uploads\/2021\/01\/Salve_logo_modri_nov_web.png\",\"width\":279,\"height\":90,\"caption\":\"Salve d.o.o.\"},\"image\":{\"@id\":\"https:\/\/www.salve.si\/#\/schema\/logo\/image\/\"},\"sameAs\":[\"https:\/\/www.facebook.com\/salve.si\",\"https:\/\/www.instagram.com\/zalozbasalve\/\",\"https:\/\/www.linkedin.com\/company\/zalozba-salve\/\"]}]}<\/script>\n<!-- \/ Yoast SEO plugin. -->","yoast_head_json":{"title":"Bo\u017ei\u010dne zgodbe - Salve","robots":{"index":"index","follow":"follow","max-snippet":"max-snippet:-1","max-image-preview":"max-image-preview:large","max-video-preview":"max-video-preview:-1"},"canonical":"https:\/\/www.salve.si\/en\/trgovina\/knjige\/mladinske\/bozicne-zgodbe\/","og_locale":"en_US","og_type":"article","og_title":"Bo\u017ei\u010dne zgodbe - Salve","og_description":"Kaj se zgodi, \u010de si otrok za bo\u017ei\u010d za\u017eeli o\u010dka in ga sveti Jo\u017eef usli\u0161i? Kdo ve, da sta de\u010dek in deklica re\u0161ila bo\u017ei\u010d pred pohlepom tr\u017enikov? Ali veste, da je bilo kraljev sedem, na cilj pa so pri\u0161li samo trije? Kje je kon\u010dalo zlato, kadilo in mira? Zakaj krasimo bo\u017ei\u010dno drevesce? Kdo je re\u0161il malega Jezu\u0161\u010dka pred krutimi Herodovimi vojaki? Zakaj za bo\u017ei\u010d povsod gorijo lu\u010dke? Kaj bi se zgodilo, \u010de bi tam okoli bo\u017ei\u010da iz vesolja na Zemljo prineslo zvezdico in bi ta potem tavala naokoli? In \u010de bi bil kdo posnel angelsko petje v sveti no\u010di?","og_url":"https:\/\/www.salve.si\/en\/trgovina\/knjige\/mladinske\/bozicne-zgodbe\/","og_site_name":"Salve","article_publisher":"https:\/\/www.facebook.com\/salve.si","article_modified_time":"2024-01-01T22:00:40+00:00","og_image":[{"width":474,"height":764,"url":"https:\/\/www.salve.si\/wp-content\/uploads\/2011\/11\/Bozicne-zgodbe.jpg","type":"image\/jpeg"}],"twitter_card":"summary_large_image","twitter_misc":{"Est. reading time":"1 minute"},"schema":{"@context":"https:\/\/schema.org","@graph":[{"@type":"WebPage","@id":"https:\/\/www.salve.si\/trgovina\/knjige\/mladinske\/bozicne-zgodbe\/","url":"https:\/\/www.salve.si\/trgovina\/knjige\/mladinske\/bozicne-zgodbe\/","name":"Bo\u017ei\u010dne zgodbe - Salve","isPartOf":{"@id":"https:\/\/www.salve.si\/#website"},"primaryImageOfPage":{"@id":"https:\/\/www.salve.si\/trgovina\/knjige\/mladinske\/bozicne-zgodbe\/#primaryimage"},"image":{"@id":"https:\/\/www.salve.si\/trgovina\/knjige\/mladinske\/bozicne-zgodbe\/#primaryimage"},"thumbnailUrl":"https:\/\/www.salve.si\/wp-content\/uploads\/2011\/11\/Bozicne-zgodbe.jpg","datePublished":"2011-11-26T09:00:59+00:00","dateModified":"2024-01-01T22:00:40+00:00","breadcrumb":{"@id":"https:\/\/www.salve.si\/trgovina\/knjige\/mladinske\/bozicne-zgodbe\/#breadcrumb"},"inLanguage":"en-US","potentialAction":[{"@type":"ReadAction","target":["https:\/\/www.salve.si\/trgovina\/knjige\/mladinske\/bozicne-zgodbe\/"]}]},{"@type":"ImageObject","inLanguage":"en-US","@id":"https:\/\/www.salve.si\/trgovina\/knjige\/mladinske\/bozicne-zgodbe\/#primaryimage","url":"https:\/\/www.salve.si\/wp-content\/uploads\/2011\/11\/Bozicne-zgodbe.jpg","contentUrl":"https:\/\/www.salve.si\/wp-content\/uploads\/2011\/11\/Bozicne-zgodbe.jpg","width":474,"height":764},{"@type":"BreadcrumbList","@id":"https:\/\/www.salve.si\/trgovina\/knjige\/mladinske\/bozicne-zgodbe\/#breadcrumb","itemListElement":[{"@type":"ListItem","position":1,"name":"Home","item":"https:\/\/www.salve.si\/"},{"@type":"ListItem","position":2,"name":"Trgovina","item":"https:\/\/www.salve.si\/trgovina\/"},{"@type":"ListItem","position":3,"name":"Bo\u017ei\u010dne zgodbe"}]},{"@type":"WebSite","@id":"https:\/\/www.salve.si\/#website","url":"https:\/\/www.salve.si\/","name":"Salve","description":"Salezijanska zalo\u017eba","publisher":{"@id":"https:\/\/www.salve.si\/#organization"},"potentialAction":[{"@type":"SearchAction","target":{"@type":"EntryPoint","urlTemplate":"https:\/\/www.salve.si\/?s={search_term_string}"},"query-input":{"@type":"PropertyValueSpecification","valueRequired":true,"valueName":"search_term_string"}}],"inLanguage":"en-US"},{"@type":"Organization","@id":"https:\/\/www.salve.si\/#organization","name":"Salve d.o.o.","url":"https:\/\/www.salve.si\/","logo":{"@type":"ImageObject","inLanguage":"en-US","@id":"https:\/\/www.salve.si\/#\/schema\/logo\/image\/","url":"https:\/\/www.salve.si\/wp-content\/uploads\/2021\/01\/Salve_logo_modri_nov_web.png","contentUrl":"https:\/\/www.salve.si\/wp-content\/uploads\/2021\/01\/Salve_logo_modri_nov_web.png","width":279,"height":90,"caption":"Salve d.o.o."},"image":{"@id":"https:\/\/www.salve.si\/#\/schema\/logo\/image\/"},"sameAs":["https:\/\/www.facebook.com\/salve.si","https:\/\/www.instagram.com\/zalozbasalve\/","https:\/\/www.linkedin.com\/company\/zalozba-salve\/"]}]}},"_links":{"self":[{"href":"https:\/\/www.salve.si\/en\/wp-json\/wp\/v2\/product\/2709","targetHints":{"allow":["GET"]}}],"collection":[{"href":"https:\/\/www.salve.si\/en\/wp-json\/wp\/v2\/product"}],"about":[{"href":"https:\/\/www.salve.si\/en\/wp-json\/wp\/v2\/types\/product"}],"version-history":[{"count":3,"href":"https:\/\/www.salve.si\/en\/wp-json\/wp\/v2\/product\/2709\/revisions"}],"predecessor-version":[{"id":16740,"href":"https:\/\/www.salve.si\/en\/wp-json\/wp\/v2\/product\/2709\/revisions\/16740"}],"wp:featuredmedia":[{"embeddable":true,"href":"https:\/\/www.salve.si\/en\/wp-json\/wp\/v2\/media\/12706"}],"wp:attachment":[{"href":"https:\/\/www.salve.si\/en\/wp-json\/wp\/v2\/media?parent=2709"}],"wp:term":[{"taxonomy":"product_cat","embeddable":true,"href":"https:\/\/www.salve.si\/en\/wp-json\/wp\/v2\/product_cat?post=2709"},{"taxonomy":"product_tag","embeddable":true,"href":"https:\/\/www.salve.si\/en\/wp-json\/wp\/v2\/product_tag?post=2709"}],"curies":[{"name":"wp","href":"https:\/\/api.w.org\/{rel}","templated":true}]}}