{"id":2707,"date":"2011-11-22T10:00:17","date_gmt":"2011-11-22T09:00:17","guid":{"rendered":"http:\/\/2018.salve.si\/?post_type=product&#038;p=2707"},"modified":"2018-09-24T12:57:34","modified_gmt":"2018-09-24T10:57:34","slug":"dvanajst-zvezd","status":"publish","type":"product","link":"https:\/\/www.salve.si\/en\/trgovina\/knjige\/dvanajst-zvezd\/","title":{"rendered":"Dvanajst zvezd"},"content":{"rendered":"<p>Knjiga je zbirka pesmi, slik in drugih umetnin na 4 izbrane teme: zrak (dru\u017einske vrednote), voda (vrednote prijateljstva), zemlja (domovinske vrednote) in ogenj (verske vrednote). Svoja dela so prispevali pesniki, slikarji in drugi.<span class=\"slv-content-keywords\"> Andreja Komo\u010dar Breda Videni\u010d Kuplenik Gregor Smukovi\u010d Janez \u017dakelj Jani Rudman Jernej Zorko Jo\u017ee \u0160piler Marjeta Gasior Matejka Pe\u010dar Nada Srp\u010di\u010d s. Hermina Pacek Sonja Podgor\u0161ek \u017dibert Toni Marin\u010dek Knjige Umetni\u0161ka zbirka trinajstih avtorjev cerkljanske fare <\/span><\/p>","protected":false},"excerpt":{"rendered":"<p>Knjiga je zbirka pesmi, slik in drugih umetnin na 4 izbrane teme: zrak (dru\u017einske vrednote), voda (vrednote prijateljstva), zemlja (domovinske vrednote) in ogenj (verske vrednote).<\/p>","protected":false},"featured_media":2708,"template":"","meta":{"_acf_changed":false,"footnotes":""},"product_cat":[141],"product_tag":[],"class_list":{"0":"post-2707","1":"product","2":"type-product","3":"status-publish","4":"has-post-thumbnail","6":"authors-andreja-komocar","7":"authors-breda-videnic-kuplenik","8":"authors-gregor-smukovic","9":"authors-janez-zakelj","10":"authors-jani-rudman","11":"authors-jernej-zorko","12":"authors-joze-spiler","13":"authors-marjeta-gasior","14":"authors-matejka-pecar","15":"authors-nada-srpcic","16":"authors-s-hermina-pacek","17":"authors-sonja-podgorsek-zibert","18":"authors-toni-marincek","19":"publisher-salve-d-o-o-ljubljana","20":"product_cat-knjige","22":"first","23":"outofstock","24":"shipping-taxable","25":"purchasable","26":"product-type-simple"},"acf":[],"yoast_head":"<!-- This site is optimized with the Yoast SEO plugin v23.8 - https:\/\/yoast.com\/wordpress\/plugins\/seo\/ -->\n<title>Dvanajst zvezd - Salve<\/title>\n<meta name=\"robots\" content=\"index, follow, max-snippet:-1, max-image-preview:large, max-video-preview:-1\" \/>\n<link rel=\"canonical\" href=\"https:\/\/www.salve.si\/en\/trgovina\/knjige\/dvanajst-zvezd\/\" \/>\n<meta property=\"og:locale\" content=\"en_US\" \/>\n<meta property=\"og:type\" content=\"article\" \/>\n<meta property=\"og:title\" content=\"Dvanajst zvezd - Salve\" \/>\n<meta property=\"og:description\" content=\"Knjiga je zbirka pesmi, slik in drugih umetnin na 4 izbrane teme: zrak (dru\u017einske vrednote), voda (vrednote prijateljstva), zemlja (domovinske vrednote) in ogenj (verske vrednote).\" \/>\n<meta property=\"og:url\" content=\"https:\/\/www.salve.si\/en\/trgovina\/knjige\/dvanajst-zvezd\/\" \/>\n<meta property=\"og:site_name\" content=\"Salve\" \/>\n<meta property=\"article:publisher\" content=\"https:\/\/www.facebook.com\/salve.si\" \/>\n<meta property=\"article:modified_time\" content=\"2018-09-24T10:57:34+00:00\" \/>\n<meta property=\"og:image\" content=\"https:\/\/www.salve.si\/wp-content\/uploads\/2018\/03\/dvanajst-zvezd.jpg\" \/>\n\t<meta property=\"og:image:width\" content=\"600\" \/>\n\t<meta property=\"og:image:height\" content=\"649\" \/>\n\t<meta property=\"og:image:type\" content=\"image\/jpeg\" \/>\n<meta name=\"twitter:card\" content=\"summary_large_image\" \/>\n<script type=\"application\/ld+json\" class=\"yoast-schema-graph\">{\"@context\":\"https:\/\/schema.org\",\"@graph\":[{\"@type\":\"WebPage\",\"@id\":\"https:\/\/www.salve.si\/trgovina\/knjige\/dvanajst-zvezd\/\",\"url\":\"https:\/\/www.salve.si\/trgovina\/knjige\/dvanajst-zvezd\/\",\"name\":\"Dvanajst zvezd - Salve\",\"isPartOf\":{\"@id\":\"https:\/\/www.salve.si\/#website\"},\"primaryImageOfPage\":{\"@id\":\"https:\/\/www.salve.si\/trgovina\/knjige\/dvanajst-zvezd\/#primaryimage\"},\"image\":{\"@id\":\"https:\/\/www.salve.si\/trgovina\/knjige\/dvanajst-zvezd\/#primaryimage\"},\"thumbnailUrl\":\"https:\/\/www.salve.si\/wp-content\/uploads\/2018\/03\/dvanajst-zvezd.jpg\",\"datePublished\":\"2011-11-22T09:00:17+00:00\",\"dateModified\":\"2018-09-24T10:57:34+00:00\",\"breadcrumb\":{\"@id\":\"https:\/\/www.salve.si\/trgovina\/knjige\/dvanajst-zvezd\/#breadcrumb\"},\"inLanguage\":\"en-US\",\"potentialAction\":[{\"@type\":\"ReadAction\",\"target\":[\"https:\/\/www.salve.si\/trgovina\/knjige\/dvanajst-zvezd\/\"]}]},{\"@type\":\"ImageObject\",\"inLanguage\":\"en-US\",\"@id\":\"https:\/\/www.salve.si\/trgovina\/knjige\/dvanajst-zvezd\/#primaryimage\",\"url\":\"https:\/\/www.salve.si\/wp-content\/uploads\/2018\/03\/dvanajst-zvezd.jpg\",\"contentUrl\":\"https:\/\/www.salve.si\/wp-content\/uploads\/2018\/03\/dvanajst-zvezd.jpg\",\"width\":600,\"height\":649},{\"@type\":\"BreadcrumbList\",\"@id\":\"https:\/\/www.salve.si\/trgovina\/knjige\/dvanajst-zvezd\/#breadcrumb\",\"itemListElement\":[{\"@type\":\"ListItem\",\"position\":1,\"name\":\"Home\",\"item\":\"https:\/\/www.salve.si\/\"},{\"@type\":\"ListItem\",\"position\":2,\"name\":\"Trgovina\",\"item\":\"https:\/\/www.salve.si\/trgovina\/\"},{\"@type\":\"ListItem\",\"position\":3,\"name\":\"Dvanajst zvezd\"}]},{\"@type\":\"WebSite\",\"@id\":\"https:\/\/www.salve.si\/#website\",\"url\":\"https:\/\/www.salve.si\/\",\"name\":\"Salve\",\"description\":\"Salezijanska zalo\u017eba\",\"publisher\":{\"@id\":\"https:\/\/www.salve.si\/#organization\"},\"potentialAction\":[{\"@type\":\"SearchAction\",\"target\":{\"@type\":\"EntryPoint\",\"urlTemplate\":\"https:\/\/www.salve.si\/?s={search_term_string}\"},\"query-input\":{\"@type\":\"PropertyValueSpecification\",\"valueRequired\":true,\"valueName\":\"search_term_string\"}}],\"inLanguage\":\"en-US\"},{\"@type\":\"Organization\",\"@id\":\"https:\/\/www.salve.si\/#organization\",\"name\":\"Salve d.o.o.\",\"url\":\"https:\/\/www.salve.si\/\",\"logo\":{\"@type\":\"ImageObject\",\"inLanguage\":\"en-US\",\"@id\":\"https:\/\/www.salve.si\/#\/schema\/logo\/image\/\",\"url\":\"https:\/\/www.salve.si\/wp-content\/uploads\/2021\/01\/Salve_logo_modri_nov_web.png\",\"contentUrl\":\"https:\/\/www.salve.si\/wp-content\/uploads\/2021\/01\/Salve_logo_modri_nov_web.png\",\"width\":279,\"height\":90,\"caption\":\"Salve d.o.o.\"},\"image\":{\"@id\":\"https:\/\/www.salve.si\/#\/schema\/logo\/image\/\"},\"sameAs\":[\"https:\/\/www.facebook.com\/salve.si\",\"https:\/\/www.instagram.com\/zalozbasalve\/\",\"https:\/\/www.linkedin.com\/company\/zalozba-salve\/\"]}]}<\/script>\n<!-- \/ Yoast SEO plugin. -->","yoast_head_json":{"title":"Dvanajst zvezd - Salve","robots":{"index":"index","follow":"follow","max-snippet":"max-snippet:-1","max-image-preview":"max-image-preview:large","max-video-preview":"max-video-preview:-1"},"canonical":"https:\/\/www.salve.si\/en\/trgovina\/knjige\/dvanajst-zvezd\/","og_locale":"en_US","og_type":"article","og_title":"Dvanajst zvezd - Salve","og_description":"Knjiga je zbirka pesmi, slik in drugih umetnin na 4 izbrane teme: zrak (dru\u017einske vrednote), voda (vrednote prijateljstva), zemlja (domovinske vrednote) in ogenj (verske vrednote).","og_url":"https:\/\/www.salve.si\/en\/trgovina\/knjige\/dvanajst-zvezd\/","og_site_name":"Salve","article_publisher":"https:\/\/www.facebook.com\/salve.si","article_modified_time":"2018-09-24T10:57:34+00:00","og_image":[{"width":600,"height":649,"url":"https:\/\/www.salve.si\/wp-content\/uploads\/2018\/03\/dvanajst-zvezd.jpg","type":"image\/jpeg"}],"twitter_card":"summary_large_image","schema":{"@context":"https:\/\/schema.org","@graph":[{"@type":"WebPage","@id":"https:\/\/www.salve.si\/trgovina\/knjige\/dvanajst-zvezd\/","url":"https:\/\/www.salve.si\/trgovina\/knjige\/dvanajst-zvezd\/","name":"Dvanajst zvezd - Salve","isPartOf":{"@id":"https:\/\/www.salve.si\/#website"},"primaryImageOfPage":{"@id":"https:\/\/www.salve.si\/trgovina\/knjige\/dvanajst-zvezd\/#primaryimage"},"image":{"@id":"https:\/\/www.salve.si\/trgovina\/knjige\/dvanajst-zvezd\/#primaryimage"},"thumbnailUrl":"https:\/\/www.salve.si\/wp-content\/uploads\/2018\/03\/dvanajst-zvezd.jpg","datePublished":"2011-11-22T09:00:17+00:00","dateModified":"2018-09-24T10:57:34+00:00","breadcrumb":{"@id":"https:\/\/www.salve.si\/trgovina\/knjige\/dvanajst-zvezd\/#breadcrumb"},"inLanguage":"en-US","potentialAction":[{"@type":"ReadAction","target":["https:\/\/www.salve.si\/trgovina\/knjige\/dvanajst-zvezd\/"]}]},{"@type":"ImageObject","inLanguage":"en-US","@id":"https:\/\/www.salve.si\/trgovina\/knjige\/dvanajst-zvezd\/#primaryimage","url":"https:\/\/www.salve.si\/wp-content\/uploads\/2018\/03\/dvanajst-zvezd.jpg","contentUrl":"https:\/\/www.salve.si\/wp-content\/uploads\/2018\/03\/dvanajst-zvezd.jpg","width":600,"height":649},{"@type":"BreadcrumbList","@id":"https:\/\/www.salve.si\/trgovina\/knjige\/dvanajst-zvezd\/#breadcrumb","itemListElement":[{"@type":"ListItem","position":1,"name":"Home","item":"https:\/\/www.salve.si\/"},{"@type":"ListItem","position":2,"name":"Trgovina","item":"https:\/\/www.salve.si\/trgovina\/"},{"@type":"ListItem","position":3,"name":"Dvanajst zvezd"}]},{"@type":"WebSite","@id":"https:\/\/www.salve.si\/#website","url":"https:\/\/www.salve.si\/","name":"Salve","description":"Salezijanska zalo\u017eba","publisher":{"@id":"https:\/\/www.salve.si\/#organization"},"potentialAction":[{"@type":"SearchAction","target":{"@type":"EntryPoint","urlTemplate":"https:\/\/www.salve.si\/?s={search_term_string}"},"query-input":{"@type":"PropertyValueSpecification","valueRequired":true,"valueName":"search_term_string"}}],"inLanguage":"en-US"},{"@type":"Organization","@id":"https:\/\/www.salve.si\/#organization","name":"Salve d.o.o.","url":"https:\/\/www.salve.si\/","logo":{"@type":"ImageObject","inLanguage":"en-US","@id":"https:\/\/www.salve.si\/#\/schema\/logo\/image\/","url":"https:\/\/www.salve.si\/wp-content\/uploads\/2021\/01\/Salve_logo_modri_nov_web.png","contentUrl":"https:\/\/www.salve.si\/wp-content\/uploads\/2021\/01\/Salve_logo_modri_nov_web.png","width":279,"height":90,"caption":"Salve d.o.o."},"image":{"@id":"https:\/\/www.salve.si\/#\/schema\/logo\/image\/"},"sameAs":["https:\/\/www.facebook.com\/salve.si","https:\/\/www.instagram.com\/zalozbasalve\/","https:\/\/www.linkedin.com\/company\/zalozba-salve\/"]}]}},"_links":{"self":[{"href":"https:\/\/www.salve.si\/en\/wp-json\/wp\/v2\/product\/2707","targetHints":{"allow":["GET"]}}],"collection":[{"href":"https:\/\/www.salve.si\/en\/wp-json\/wp\/v2\/product"}],"about":[{"href":"https:\/\/www.salve.si\/en\/wp-json\/wp\/v2\/types\/product"}],"version-history":[{"count":1,"href":"https:\/\/www.salve.si\/en\/wp-json\/wp\/v2\/product\/2707\/revisions"}],"predecessor-version":[{"id":4737,"href":"https:\/\/www.salve.si\/en\/wp-json\/wp\/v2\/product\/2707\/revisions\/4737"}],"wp:featuredmedia":[{"embeddable":true,"href":"https:\/\/www.salve.si\/en\/wp-json\/wp\/v2\/media\/2708"}],"wp:attachment":[{"href":"https:\/\/www.salve.si\/en\/wp-json\/wp\/v2\/media?parent=2707"}],"wp:term":[{"taxonomy":"product_cat","embeddable":true,"href":"https:\/\/www.salve.si\/en\/wp-json\/wp\/v2\/product_cat?post=2707"},{"taxonomy":"product_tag","embeddable":true,"href":"https:\/\/www.salve.si\/en\/wp-json\/wp\/v2\/product_tag?post=2707"}],"curies":[{"name":"wp","href":"https:\/\/api.w.org\/{rel}","templated":true}]}}