{"id":2705,"date":"2011-11-22T10:00:03","date_gmt":"2011-11-22T09:00:03","guid":{"rendered":"http:\/\/2018.salve.si\/?post_type=product&#038;p=2705"},"modified":"2026-01-01T00:00:08","modified_gmt":"2025-12-31T23:00:08","slug":"navihancek-s-crnimi-lasmi","status":"publish","type":"product","link":"https:\/\/www.salve.si\/en\/trgovina\/knjige\/otroske\/navihancek-s-crnimi-lasmi\/","title":{"rendered":"Navihan\u010dek s \u010drnimi lasmi"},"content":{"rendered":"<p>Zdi se, da v te, nekoliko odmaknjene kraje sodobne tehnologije komuniciranja \u0161e niso prodrle, zato so odnosi med ljudmi \u0161e vedno pristni, povezani s konkretno pomo\u010djo drug drugemu.\u00a0 Otroci so komunikativni in izkoristijo prosti \u010das, da so skupaj, povezani drug z drugim. Njihove zabave niso povezane s samotnim \u017edenjem pred ra\u010dunalnikom in brskanjem po internetu, ampak z zabavami zunaj, kjer ni zimskega veselja brez skupnega postavljanja sne\u017eenega mo\u017ea, hranjenja sini\u010dk v krmilnici, kepanja in valjanja po snegu, vo\u017enje s sanmi, ki jih vle\u010de pes in \u0161e bi lahko na\u0161teval zimske radosti, ki jim ni videti konca.<\/p>\n<p>Brojanov navihan\u010dek Miha ni avtorjeva prva zgodbica za otroke. Njegov vsakdanji pogled je vedno osredoto\u010den na va\u0161ka do\u017eivetja, kjer je najve\u010dja u\u010diteljica najprej narava, tak\u0161na kot jo je Stvarnik zamislil, na\u0161i stari star\u0161i pa jo \u0161e vedno ohranjajo \u010dim bolj neokrnjeno s pravim odnosom do okolja in z vzgojo, ki je razumna in posega na vsa podro\u010dja \u010dlovekovega \u017eivljenja. Zato je v tak\u0161nem okolju prostor za vse: za po\u0161tene dr\u017eavljane, dobre kristjane in tudi za sirote, ki najdejo toplino doma\u010dega ognji\u0161\u010da povsod, kjer \u017eivijo ljudje dobre volje.<\/p>\n<p>Zgodba Navihan\u010dek s \u010drnimi lasmi je sve\u017ea, polna topline in hrepenenja po lepih starih \u010dasih, kar morajo poznati tudi mlade generacije, \u010de ho\u010demo ohraniti Slovenijo tak\u0161no, kot jo imajo tuji turisti najraje: kot raj pod Triglavom!<br \/>\n(Branko Bala\u017eic)<\/p>\n<p><span class=\"slv-content-keywords\"> Posebna ponudba Otro\u0161ke Jo\u017ee Brojan Miklav\u017e Erna Kova\u010d <\/span><\/p>","protected":false},"excerpt":{"rendered":"<p>Kdo je Brojanov Navihan\u010dek s \u010drnimi lasmi? Obi\u010dajen fant iz tradicionalne hribovske vasi, ki ne sedi za ra\u010dunalnikom, da bi si iskal nove prijatelje s klikom na mi\u0161ko.<br \/>\nOtroci so komunikativni in izkoristijo prosti \u010das, da so skupaj, povezani drug z drugim.<\/p>","protected":false},"featured_media":2706,"template":"","meta":{"_acf_changed":false,"footnotes":""},"product_cat":[709,310],"product_tag":[646],"class_list":{"0":"post-2705","1":"product","2":"type-product","3":"status-publish","4":"has-post-thumbnail","6":"authors-joze-brojan","7":"publisher-salve-d-o-o-ljubljana","8":"product_cat-posebna-ponudba","9":"product_cat-otroske","10":"product_tag-miklavz","12":"first","13":"instock","14":"shipping-taxable","15":"purchasable","16":"product-type-simple"},"acf":[],"yoast_head":"<!-- This site is optimized with the Yoast SEO plugin v23.8 - https:\/\/yoast.com\/wordpress\/plugins\/seo\/ -->\n<title>Navihan\u010dek s \u010drnimi lasmi - Salve<\/title>\n<meta name=\"robots\" content=\"index, follow, max-snippet:-1, max-image-preview:large, max-video-preview:-1\" \/>\n<link rel=\"canonical\" href=\"https:\/\/www.salve.si\/en\/trgovina\/knjige\/otroske\/navihancek-s-crnimi-lasmi\/\" \/>\n<meta property=\"og:locale\" content=\"en_US\" \/>\n<meta property=\"og:type\" content=\"article\" \/>\n<meta property=\"og:title\" content=\"Navihan\u010dek s \u010drnimi lasmi - Salve\" \/>\n<meta property=\"og:description\" content=\"Kdo je Brojanov Navihan\u010dek s \u010drnimi lasmi? Obi\u010dajen fant iz tradicionalne hribovske vasi, ki ne sedi za ra\u010dunalnikom, da bi si iskal nove prijatelje s klikom na mi\u0161ko. Otroci so komunikativni in izkoristijo prosti \u010das, da so skupaj, povezani drug z drugim.\" \/>\n<meta property=\"og:url\" content=\"https:\/\/www.salve.si\/en\/trgovina\/knjige\/otroske\/navihancek-s-crnimi-lasmi\/\" \/>\n<meta property=\"og:site_name\" content=\"Salve\" \/>\n<meta property=\"article:publisher\" content=\"https:\/\/www.facebook.com\/salve.si\" \/>\n<meta property=\"article:modified_time\" content=\"2025-12-31T23:00:08+00:00\" \/>\n<meta property=\"og:image\" content=\"https:\/\/www.salve.si\/wp-content\/uploads\/2018\/03\/navihancek-s-crnimi-ocmi.jpg\" \/>\n\t<meta property=\"og:image:width\" content=\"600\" \/>\n\t<meta property=\"og:image:height\" content=\"762\" \/>\n\t<meta property=\"og:image:type\" content=\"image\/jpeg\" \/>\n<meta name=\"twitter:card\" content=\"summary_large_image\" \/>\n<meta name=\"twitter:label1\" content=\"Est. reading time\" \/>\n\t<meta name=\"twitter:data1\" content=\"1 minute\" \/>\n<script type=\"application\/ld+json\" class=\"yoast-schema-graph\">{\"@context\":\"https:\/\/schema.org\",\"@graph\":[{\"@type\":\"WebPage\",\"@id\":\"https:\/\/www.salve.si\/trgovina\/knjige\/otroske\/navihancek-s-crnimi-lasmi\/\",\"url\":\"https:\/\/www.salve.si\/trgovina\/knjige\/otroske\/navihancek-s-crnimi-lasmi\/\",\"name\":\"Navihan\u010dek s \u010drnimi lasmi - Salve\",\"isPartOf\":{\"@id\":\"https:\/\/www.salve.si\/#website\"},\"primaryImageOfPage\":{\"@id\":\"https:\/\/www.salve.si\/trgovina\/knjige\/otroske\/navihancek-s-crnimi-lasmi\/#primaryimage\"},\"image\":{\"@id\":\"https:\/\/www.salve.si\/trgovina\/knjige\/otroske\/navihancek-s-crnimi-lasmi\/#primaryimage\"},\"thumbnailUrl\":\"https:\/\/www.salve.si\/wp-content\/uploads\/2018\/03\/navihancek-s-crnimi-ocmi.jpg\",\"datePublished\":\"2011-11-22T09:00:03+00:00\",\"dateModified\":\"2025-12-31T23:00:08+00:00\",\"breadcrumb\":{\"@id\":\"https:\/\/www.salve.si\/trgovina\/knjige\/otroske\/navihancek-s-crnimi-lasmi\/#breadcrumb\"},\"inLanguage\":\"en-US\",\"potentialAction\":[{\"@type\":\"ReadAction\",\"target\":[\"https:\/\/www.salve.si\/trgovina\/knjige\/otroske\/navihancek-s-crnimi-lasmi\/\"]}]},{\"@type\":\"ImageObject\",\"inLanguage\":\"en-US\",\"@id\":\"https:\/\/www.salve.si\/trgovina\/knjige\/otroske\/navihancek-s-crnimi-lasmi\/#primaryimage\",\"url\":\"https:\/\/www.salve.si\/wp-content\/uploads\/2018\/03\/navihancek-s-crnimi-ocmi.jpg\",\"contentUrl\":\"https:\/\/www.salve.si\/wp-content\/uploads\/2018\/03\/navihancek-s-crnimi-ocmi.jpg\",\"width\":600,\"height\":762},{\"@type\":\"BreadcrumbList\",\"@id\":\"https:\/\/www.salve.si\/trgovina\/knjige\/otroske\/navihancek-s-crnimi-lasmi\/#breadcrumb\",\"itemListElement\":[{\"@type\":\"ListItem\",\"position\":1,\"name\":\"Home\",\"item\":\"https:\/\/www.salve.si\/\"},{\"@type\":\"ListItem\",\"position\":2,\"name\":\"Trgovina\",\"item\":\"https:\/\/www.salve.si\/trgovina\/\"},{\"@type\":\"ListItem\",\"position\":3,\"name\":\"Navihan\u010dek s \u010drnimi lasmi\"}]},{\"@type\":\"WebSite\",\"@id\":\"https:\/\/www.salve.si\/#website\",\"url\":\"https:\/\/www.salve.si\/\",\"name\":\"Salve\",\"description\":\"Salezijanska zalo\u017eba\",\"publisher\":{\"@id\":\"https:\/\/www.salve.si\/#organization\"},\"potentialAction\":[{\"@type\":\"SearchAction\",\"target\":{\"@type\":\"EntryPoint\",\"urlTemplate\":\"https:\/\/www.salve.si\/?s={search_term_string}\"},\"query-input\":{\"@type\":\"PropertyValueSpecification\",\"valueRequired\":true,\"valueName\":\"search_term_string\"}}],\"inLanguage\":\"en-US\"},{\"@type\":\"Organization\",\"@id\":\"https:\/\/www.salve.si\/#organization\",\"name\":\"Salve d.o.o.\",\"url\":\"https:\/\/www.salve.si\/\",\"logo\":{\"@type\":\"ImageObject\",\"inLanguage\":\"en-US\",\"@id\":\"https:\/\/www.salve.si\/#\/schema\/logo\/image\/\",\"url\":\"https:\/\/www.salve.si\/wp-content\/uploads\/2021\/01\/Salve_logo_modri_nov_web.png\",\"contentUrl\":\"https:\/\/www.salve.si\/wp-content\/uploads\/2021\/01\/Salve_logo_modri_nov_web.png\",\"width\":279,\"height\":90,\"caption\":\"Salve d.o.o.\"},\"image\":{\"@id\":\"https:\/\/www.salve.si\/#\/schema\/logo\/image\/\"},\"sameAs\":[\"https:\/\/www.facebook.com\/salve.si\",\"https:\/\/www.instagram.com\/zalozbasalve\/\",\"https:\/\/www.linkedin.com\/company\/zalozba-salve\/\"]}]}<\/script>\n<!-- \/ Yoast SEO plugin. -->","yoast_head_json":{"title":"Navihan\u010dek s \u010drnimi lasmi - Salve","robots":{"index":"index","follow":"follow","max-snippet":"max-snippet:-1","max-image-preview":"max-image-preview:large","max-video-preview":"max-video-preview:-1"},"canonical":"https:\/\/www.salve.si\/en\/trgovina\/knjige\/otroske\/navihancek-s-crnimi-lasmi\/","og_locale":"en_US","og_type":"article","og_title":"Navihan\u010dek s \u010drnimi lasmi - Salve","og_description":"Kdo je Brojanov Navihan\u010dek s \u010drnimi lasmi? Obi\u010dajen fant iz tradicionalne hribovske vasi, ki ne sedi za ra\u010dunalnikom, da bi si iskal nove prijatelje s klikom na mi\u0161ko. Otroci so komunikativni in izkoristijo prosti \u010das, da so skupaj, povezani drug z drugim.","og_url":"https:\/\/www.salve.si\/en\/trgovina\/knjige\/otroske\/navihancek-s-crnimi-lasmi\/","og_site_name":"Salve","article_publisher":"https:\/\/www.facebook.com\/salve.si","article_modified_time":"2025-12-31T23:00:08+00:00","og_image":[{"width":600,"height":762,"url":"https:\/\/www.salve.si\/wp-content\/uploads\/2018\/03\/navihancek-s-crnimi-ocmi.jpg","type":"image\/jpeg"}],"twitter_card":"summary_large_image","twitter_misc":{"Est. reading time":"1 minute"},"schema":{"@context":"https:\/\/schema.org","@graph":[{"@type":"WebPage","@id":"https:\/\/www.salve.si\/trgovina\/knjige\/otroske\/navihancek-s-crnimi-lasmi\/","url":"https:\/\/www.salve.si\/trgovina\/knjige\/otroske\/navihancek-s-crnimi-lasmi\/","name":"Navihan\u010dek s \u010drnimi lasmi - Salve","isPartOf":{"@id":"https:\/\/www.salve.si\/#website"},"primaryImageOfPage":{"@id":"https:\/\/www.salve.si\/trgovina\/knjige\/otroske\/navihancek-s-crnimi-lasmi\/#primaryimage"},"image":{"@id":"https:\/\/www.salve.si\/trgovina\/knjige\/otroske\/navihancek-s-crnimi-lasmi\/#primaryimage"},"thumbnailUrl":"https:\/\/www.salve.si\/wp-content\/uploads\/2018\/03\/navihancek-s-crnimi-ocmi.jpg","datePublished":"2011-11-22T09:00:03+00:00","dateModified":"2025-12-31T23:00:08+00:00","breadcrumb":{"@id":"https:\/\/www.salve.si\/trgovina\/knjige\/otroske\/navihancek-s-crnimi-lasmi\/#breadcrumb"},"inLanguage":"en-US","potentialAction":[{"@type":"ReadAction","target":["https:\/\/www.salve.si\/trgovina\/knjige\/otroske\/navihancek-s-crnimi-lasmi\/"]}]},{"@type":"ImageObject","inLanguage":"en-US","@id":"https:\/\/www.salve.si\/trgovina\/knjige\/otroske\/navihancek-s-crnimi-lasmi\/#primaryimage","url":"https:\/\/www.salve.si\/wp-content\/uploads\/2018\/03\/navihancek-s-crnimi-ocmi.jpg","contentUrl":"https:\/\/www.salve.si\/wp-content\/uploads\/2018\/03\/navihancek-s-crnimi-ocmi.jpg","width":600,"height":762},{"@type":"BreadcrumbList","@id":"https:\/\/www.salve.si\/trgovina\/knjige\/otroske\/navihancek-s-crnimi-lasmi\/#breadcrumb","itemListElement":[{"@type":"ListItem","position":1,"name":"Home","item":"https:\/\/www.salve.si\/"},{"@type":"ListItem","position":2,"name":"Trgovina","item":"https:\/\/www.salve.si\/trgovina\/"},{"@type":"ListItem","position":3,"name":"Navihan\u010dek s \u010drnimi lasmi"}]},{"@type":"WebSite","@id":"https:\/\/www.salve.si\/#website","url":"https:\/\/www.salve.si\/","name":"Salve","description":"Salezijanska zalo\u017eba","publisher":{"@id":"https:\/\/www.salve.si\/#organization"},"potentialAction":[{"@type":"SearchAction","target":{"@type":"EntryPoint","urlTemplate":"https:\/\/www.salve.si\/?s={search_term_string}"},"query-input":{"@type":"PropertyValueSpecification","valueRequired":true,"valueName":"search_term_string"}}],"inLanguage":"en-US"},{"@type":"Organization","@id":"https:\/\/www.salve.si\/#organization","name":"Salve d.o.o.","url":"https:\/\/www.salve.si\/","logo":{"@type":"ImageObject","inLanguage":"en-US","@id":"https:\/\/www.salve.si\/#\/schema\/logo\/image\/","url":"https:\/\/www.salve.si\/wp-content\/uploads\/2021\/01\/Salve_logo_modri_nov_web.png","contentUrl":"https:\/\/www.salve.si\/wp-content\/uploads\/2021\/01\/Salve_logo_modri_nov_web.png","width":279,"height":90,"caption":"Salve d.o.o."},"image":{"@id":"https:\/\/www.salve.si\/#\/schema\/logo\/image\/"},"sameAs":["https:\/\/www.facebook.com\/salve.si","https:\/\/www.instagram.com\/zalozbasalve\/","https:\/\/www.linkedin.com\/company\/zalozba-salve\/"]}]}},"_links":{"self":[{"href":"https:\/\/www.salve.si\/en\/wp-json\/wp\/v2\/product\/2705","targetHints":{"allow":["GET"]}}],"collection":[{"href":"https:\/\/www.salve.si\/en\/wp-json\/wp\/v2\/product"}],"about":[{"href":"https:\/\/www.salve.si\/en\/wp-json\/wp\/v2\/types\/product"}],"version-history":[{"count":3,"href":"https:\/\/www.salve.si\/en\/wp-json\/wp\/v2\/product\/2705\/revisions"}],"predecessor-version":[{"id":14979,"href":"https:\/\/www.salve.si\/en\/wp-json\/wp\/v2\/product\/2705\/revisions\/14979"}],"wp:featuredmedia":[{"embeddable":true,"href":"https:\/\/www.salve.si\/en\/wp-json\/wp\/v2\/media\/2706"}],"wp:attachment":[{"href":"https:\/\/www.salve.si\/en\/wp-json\/wp\/v2\/media?parent=2705"}],"wp:term":[{"taxonomy":"product_cat","embeddable":true,"href":"https:\/\/www.salve.si\/en\/wp-json\/wp\/v2\/product_cat?post=2705"},{"taxonomy":"product_tag","embeddable":true,"href":"https:\/\/www.salve.si\/en\/wp-json\/wp\/v2\/product_tag?post=2705"}],"curies":[{"name":"wp","href":"https:\/\/api.w.org\/{rel}","templated":true}]}}