{"id":2703,"date":"2011-09-23T10:00:36","date_gmt":"2011-09-23T08:00:36","guid":{"rendered":"http:\/\/2018.salve.si\/?post_type=product&#038;p=2703"},"modified":"2023-01-01T00:00:10","modified_gmt":"2022-12-31T23:00:10","slug":"bozji-sluzabnik-andrej-majcen","status":"publish","type":"product","link":"https:\/\/www.salve.si\/en\/trgovina\/knjige\/svetniki-in-zivljenjepisi\/bozji-sluzabnik-andrej-majcen\/","title":{"rendered":"Bo\u017eji slu\u017eabnik Andrej Majcen"},"content":{"rendered":"<p>Ob nedelji svetni\u0161kih kandidatov (18. septembra 2011) ljubljanske metropolije (Baragu, Gnidovcu, Vovku in Majcnu), je iz\u0161la knjiga o \u017eivljenju in delu misijonarja z naslovom: Bo\u017eji slu\u017eabnik ANDREJ MAJCEN, vietnamski don Bosko.<\/p>\n<p>Svetni\u0161ki kandidati so izziv na\u0161emu \u017eivljenju, da bi ob njih tudi mi posvetili svoje \u017eivljenje. Zato pa jih moramo poznati, da bi se lahko Bogu priporo\u010dali po njihovi pripro\u0161nji.<\/p>\n<p>Omenjena knjiga govori o \u010dloveku, ki je s svojim \u017eivljenjem izpisal zgodbo, ki jo je dobro poznati. V \u010detrtem delu knjige so zbrana pri\u010devanja mnogih ljudi, ki so ga poznali in z njim \u017eiveli; med njimi so tudi taki, ki so prepri\u010dani, da so bili usli\u0161ani na \u010dude\u017een na\u010din.<\/p>\n<p><span class=\"slv-content-keywords\"> Avtobiografije, \u017eivljenjepisi Tone Ciglar Misijonska zbirka Vietnamski don Bosko <\/span><\/p>","protected":false},"excerpt":{"rendered":"<p>24. septembra 2010 se je v Ljubljani za\u010del \u0161kofijski postopek za beatifikacijo Bo\u017ejega slu\u017eabnika Andreja Majcna, salezijanskega misijonarja na Kitajskem in v Vietnamu (1904\u20131999).<\/p>\n<p>Knjiga obsega 416 strani, od tega je 32 strani barvnih (fotografije in dokumenti), \u010drno-bele fotografije so med besedilom. Knjiga je natisnjena v trdi in mehki vezavi.<\/p>","protected":false},"featured_media":2704,"template":"","meta":{"_acf_changed":false,"footnotes":""},"product_cat":[315],"product_tag":[],"class_list":{"0":"post-2703","1":"product","2":"type-product","3":"status-publish","4":"has-post-thumbnail","6":"zbirke-misijonska-zbirka","7":"authors-tone-ciglar","8":"publisher-salve-d-o-o-ljubljana","9":"product_cat-svetniki-in-zivljenjepisi","11":"first","12":"instock","13":"shipping-taxable","14":"purchasable","15":"product-type-simple"},"acf":[],"yoast_head":"<!-- This site is optimized with the Yoast SEO plugin v23.8 - https:\/\/yoast.com\/wordpress\/plugins\/seo\/ -->\n<title>Bo\u017eji slu\u017eabnik Andrej Majcen - Salve<\/title>\n<meta name=\"robots\" content=\"index, follow, max-snippet:-1, max-image-preview:large, max-video-preview:-1\" \/>\n<link rel=\"canonical\" href=\"https:\/\/www.salve.si\/en\/trgovina\/knjige\/svetniki-in-zivljenjepisi\/bozji-sluzabnik-andrej-majcen\/\" \/>\n<meta property=\"og:locale\" content=\"en_US\" \/>\n<meta property=\"og:type\" content=\"article\" \/>\n<meta property=\"og:title\" content=\"Bo\u017eji slu\u017eabnik Andrej Majcen - Salve\" \/>\n<meta property=\"og:description\" content=\"24. septembra 2010 se je v Ljubljani za\u010del \u0161kofijski postopek za beatifikacijo Bo\u017ejega slu\u017eabnika Andreja Majcna, salezijanskega misijonarja na Kitajskem in v Vietnamu (1904\u20131999).  Knjiga obsega 416 strani, od tega je 32 strani barvnih (fotografije in dokumenti), \u010drno-bele fotografije so med besedilom. Knjiga je natisnjena v trdi in mehki vezavi.\" \/>\n<meta property=\"og:url\" content=\"https:\/\/www.salve.si\/en\/trgovina\/knjige\/svetniki-in-zivljenjepisi\/bozji-sluzabnik-andrej-majcen\/\" \/>\n<meta property=\"og:site_name\" content=\"Salve\" \/>\n<meta property=\"article:publisher\" content=\"https:\/\/www.facebook.com\/salve.si\" \/>\n<meta property=\"article:modified_time\" content=\"2022-12-31T23:00:10+00:00\" \/>\n<meta property=\"og:image\" content=\"https:\/\/www.salve.si\/wp-content\/uploads\/2018\/03\/bozji-sluzabnik-andrej-majcen.jpg\" \/>\n\t<meta property=\"og:image:width\" content=\"600\" \/>\n\t<meta property=\"og:image:height\" content=\"894\" \/>\n\t<meta property=\"og:image:type\" content=\"image\/jpeg\" \/>\n<meta name=\"twitter:card\" content=\"summary_large_image\" \/>\n<meta name=\"twitter:label1\" content=\"Est. reading time\" \/>\n\t<meta name=\"twitter:data1\" content=\"1 minute\" \/>\n<script type=\"application\/ld+json\" class=\"yoast-schema-graph\">{\"@context\":\"https:\/\/schema.org\",\"@graph\":[{\"@type\":\"WebPage\",\"@id\":\"https:\/\/www.salve.si\/trgovina\/knjige\/svetniki-in-zivljenjepisi\/bozji-sluzabnik-andrej-majcen\/\",\"url\":\"https:\/\/www.salve.si\/trgovina\/knjige\/svetniki-in-zivljenjepisi\/bozji-sluzabnik-andrej-majcen\/\",\"name\":\"Bo\u017eji slu\u017eabnik Andrej Majcen - Salve\",\"isPartOf\":{\"@id\":\"https:\/\/www.salve.si\/#website\"},\"primaryImageOfPage\":{\"@id\":\"https:\/\/www.salve.si\/trgovina\/knjige\/svetniki-in-zivljenjepisi\/bozji-sluzabnik-andrej-majcen\/#primaryimage\"},\"image\":{\"@id\":\"https:\/\/www.salve.si\/trgovina\/knjige\/svetniki-in-zivljenjepisi\/bozji-sluzabnik-andrej-majcen\/#primaryimage\"},\"thumbnailUrl\":\"https:\/\/www.salve.si\/wp-content\/uploads\/2018\/03\/bozji-sluzabnik-andrej-majcen.jpg\",\"datePublished\":\"2011-09-23T08:00:36+00:00\",\"dateModified\":\"2022-12-31T23:00:10+00:00\",\"breadcrumb\":{\"@id\":\"https:\/\/www.salve.si\/trgovina\/knjige\/svetniki-in-zivljenjepisi\/bozji-sluzabnik-andrej-majcen\/#breadcrumb\"},\"inLanguage\":\"en-US\",\"potentialAction\":[{\"@type\":\"ReadAction\",\"target\":[\"https:\/\/www.salve.si\/trgovina\/knjige\/svetniki-in-zivljenjepisi\/bozji-sluzabnik-andrej-majcen\/\"]}]},{\"@type\":\"ImageObject\",\"inLanguage\":\"en-US\",\"@id\":\"https:\/\/www.salve.si\/trgovina\/knjige\/svetniki-in-zivljenjepisi\/bozji-sluzabnik-andrej-majcen\/#primaryimage\",\"url\":\"https:\/\/www.salve.si\/wp-content\/uploads\/2018\/03\/bozji-sluzabnik-andrej-majcen.jpg\",\"contentUrl\":\"https:\/\/www.salve.si\/wp-content\/uploads\/2018\/03\/bozji-sluzabnik-andrej-majcen.jpg\",\"width\":600,\"height\":894},{\"@type\":\"BreadcrumbList\",\"@id\":\"https:\/\/www.salve.si\/trgovina\/knjige\/svetniki-in-zivljenjepisi\/bozji-sluzabnik-andrej-majcen\/#breadcrumb\",\"itemListElement\":[{\"@type\":\"ListItem\",\"position\":1,\"name\":\"Home\",\"item\":\"https:\/\/www.salve.si\/\"},{\"@type\":\"ListItem\",\"position\":2,\"name\":\"Trgovina\",\"item\":\"https:\/\/www.salve.si\/trgovina\/\"},{\"@type\":\"ListItem\",\"position\":3,\"name\":\"Bo\u017eji slu\u017eabnik Andrej Majcen\"}]},{\"@type\":\"WebSite\",\"@id\":\"https:\/\/www.salve.si\/#website\",\"url\":\"https:\/\/www.salve.si\/\",\"name\":\"Salve\",\"description\":\"Salezijanska zalo\u017eba\",\"publisher\":{\"@id\":\"https:\/\/www.salve.si\/#organization\"},\"potentialAction\":[{\"@type\":\"SearchAction\",\"target\":{\"@type\":\"EntryPoint\",\"urlTemplate\":\"https:\/\/www.salve.si\/?s={search_term_string}\"},\"query-input\":{\"@type\":\"PropertyValueSpecification\",\"valueRequired\":true,\"valueName\":\"search_term_string\"}}],\"inLanguage\":\"en-US\"},{\"@type\":\"Organization\",\"@id\":\"https:\/\/www.salve.si\/#organization\",\"name\":\"Salve d.o.o.\",\"url\":\"https:\/\/www.salve.si\/\",\"logo\":{\"@type\":\"ImageObject\",\"inLanguage\":\"en-US\",\"@id\":\"https:\/\/www.salve.si\/#\/schema\/logo\/image\/\",\"url\":\"https:\/\/www.salve.si\/wp-content\/uploads\/2021\/01\/Salve_logo_modri_nov_web.png\",\"contentUrl\":\"https:\/\/www.salve.si\/wp-content\/uploads\/2021\/01\/Salve_logo_modri_nov_web.png\",\"width\":279,\"height\":90,\"caption\":\"Salve d.o.o.\"},\"image\":{\"@id\":\"https:\/\/www.salve.si\/#\/schema\/logo\/image\/\"},\"sameAs\":[\"https:\/\/www.facebook.com\/salve.si\",\"https:\/\/www.instagram.com\/zalozbasalve\/\",\"https:\/\/www.linkedin.com\/company\/zalozba-salve\/\"]}]}<\/script>\n<!-- \/ Yoast SEO plugin. -->","yoast_head_json":{"title":"Bo\u017eji slu\u017eabnik Andrej Majcen - Salve","robots":{"index":"index","follow":"follow","max-snippet":"max-snippet:-1","max-image-preview":"max-image-preview:large","max-video-preview":"max-video-preview:-1"},"canonical":"https:\/\/www.salve.si\/en\/trgovina\/knjige\/svetniki-in-zivljenjepisi\/bozji-sluzabnik-andrej-majcen\/","og_locale":"en_US","og_type":"article","og_title":"Bo\u017eji slu\u017eabnik Andrej Majcen - Salve","og_description":"24. septembra 2010 se je v Ljubljani za\u010del \u0161kofijski postopek za beatifikacijo Bo\u017ejega slu\u017eabnika Andreja Majcna, salezijanskega misijonarja na Kitajskem in v Vietnamu (1904\u20131999).  Knjiga obsega 416 strani, od tega je 32 strani barvnih (fotografije in dokumenti), \u010drno-bele fotografije so med besedilom. Knjiga je natisnjena v trdi in mehki vezavi.","og_url":"https:\/\/www.salve.si\/en\/trgovina\/knjige\/svetniki-in-zivljenjepisi\/bozji-sluzabnik-andrej-majcen\/","og_site_name":"Salve","article_publisher":"https:\/\/www.facebook.com\/salve.si","article_modified_time":"2022-12-31T23:00:10+00:00","og_image":[{"width":600,"height":894,"url":"https:\/\/www.salve.si\/wp-content\/uploads\/2018\/03\/bozji-sluzabnik-andrej-majcen.jpg","type":"image\/jpeg"}],"twitter_card":"summary_large_image","twitter_misc":{"Est. reading time":"1 minute"},"schema":{"@context":"https:\/\/schema.org","@graph":[{"@type":"WebPage","@id":"https:\/\/www.salve.si\/trgovina\/knjige\/svetniki-in-zivljenjepisi\/bozji-sluzabnik-andrej-majcen\/","url":"https:\/\/www.salve.si\/trgovina\/knjige\/svetniki-in-zivljenjepisi\/bozji-sluzabnik-andrej-majcen\/","name":"Bo\u017eji slu\u017eabnik Andrej Majcen - Salve","isPartOf":{"@id":"https:\/\/www.salve.si\/#website"},"primaryImageOfPage":{"@id":"https:\/\/www.salve.si\/trgovina\/knjige\/svetniki-in-zivljenjepisi\/bozji-sluzabnik-andrej-majcen\/#primaryimage"},"image":{"@id":"https:\/\/www.salve.si\/trgovina\/knjige\/svetniki-in-zivljenjepisi\/bozji-sluzabnik-andrej-majcen\/#primaryimage"},"thumbnailUrl":"https:\/\/www.salve.si\/wp-content\/uploads\/2018\/03\/bozji-sluzabnik-andrej-majcen.jpg","datePublished":"2011-09-23T08:00:36+00:00","dateModified":"2022-12-31T23:00:10+00:00","breadcrumb":{"@id":"https:\/\/www.salve.si\/trgovina\/knjige\/svetniki-in-zivljenjepisi\/bozji-sluzabnik-andrej-majcen\/#breadcrumb"},"inLanguage":"en-US","potentialAction":[{"@type":"ReadAction","target":["https:\/\/www.salve.si\/trgovina\/knjige\/svetniki-in-zivljenjepisi\/bozji-sluzabnik-andrej-majcen\/"]}]},{"@type":"ImageObject","inLanguage":"en-US","@id":"https:\/\/www.salve.si\/trgovina\/knjige\/svetniki-in-zivljenjepisi\/bozji-sluzabnik-andrej-majcen\/#primaryimage","url":"https:\/\/www.salve.si\/wp-content\/uploads\/2018\/03\/bozji-sluzabnik-andrej-majcen.jpg","contentUrl":"https:\/\/www.salve.si\/wp-content\/uploads\/2018\/03\/bozji-sluzabnik-andrej-majcen.jpg","width":600,"height":894},{"@type":"BreadcrumbList","@id":"https:\/\/www.salve.si\/trgovina\/knjige\/svetniki-in-zivljenjepisi\/bozji-sluzabnik-andrej-majcen\/#breadcrumb","itemListElement":[{"@type":"ListItem","position":1,"name":"Home","item":"https:\/\/www.salve.si\/"},{"@type":"ListItem","position":2,"name":"Trgovina","item":"https:\/\/www.salve.si\/trgovina\/"},{"@type":"ListItem","position":3,"name":"Bo\u017eji slu\u017eabnik Andrej Majcen"}]},{"@type":"WebSite","@id":"https:\/\/www.salve.si\/#website","url":"https:\/\/www.salve.si\/","name":"Salve","description":"Salezijanska zalo\u017eba","publisher":{"@id":"https:\/\/www.salve.si\/#organization"},"potentialAction":[{"@type":"SearchAction","target":{"@type":"EntryPoint","urlTemplate":"https:\/\/www.salve.si\/?s={search_term_string}"},"query-input":{"@type":"PropertyValueSpecification","valueRequired":true,"valueName":"search_term_string"}}],"inLanguage":"en-US"},{"@type":"Organization","@id":"https:\/\/www.salve.si\/#organization","name":"Salve d.o.o.","url":"https:\/\/www.salve.si\/","logo":{"@type":"ImageObject","inLanguage":"en-US","@id":"https:\/\/www.salve.si\/#\/schema\/logo\/image\/","url":"https:\/\/www.salve.si\/wp-content\/uploads\/2021\/01\/Salve_logo_modri_nov_web.png","contentUrl":"https:\/\/www.salve.si\/wp-content\/uploads\/2021\/01\/Salve_logo_modri_nov_web.png","width":279,"height":90,"caption":"Salve d.o.o."},"image":{"@id":"https:\/\/www.salve.si\/#\/schema\/logo\/image\/"},"sameAs":["https:\/\/www.facebook.com\/salve.si","https:\/\/www.instagram.com\/zalozbasalve\/","https:\/\/www.linkedin.com\/company\/zalozba-salve\/"]}]}},"_links":{"self":[{"href":"https:\/\/www.salve.si\/en\/wp-json\/wp\/v2\/product\/2703","targetHints":{"allow":["GET"]}}],"collection":[{"href":"https:\/\/www.salve.si\/en\/wp-json\/wp\/v2\/product"}],"about":[{"href":"https:\/\/www.salve.si\/en\/wp-json\/wp\/v2\/types\/product"}],"version-history":[{"count":1,"href":"https:\/\/www.salve.si\/en\/wp-json\/wp\/v2\/product\/2703\/revisions"}],"predecessor-version":[{"id":16335,"href":"https:\/\/www.salve.si\/en\/wp-json\/wp\/v2\/product\/2703\/revisions\/16335"}],"wp:featuredmedia":[{"embeddable":true,"href":"https:\/\/www.salve.si\/en\/wp-json\/wp\/v2\/media\/2704"}],"wp:attachment":[{"href":"https:\/\/www.salve.si\/en\/wp-json\/wp\/v2\/media?parent=2703"}],"wp:term":[{"taxonomy":"product_cat","embeddable":true,"href":"https:\/\/www.salve.si\/en\/wp-json\/wp\/v2\/product_cat?post=2703"},{"taxonomy":"product_tag","embeddable":true,"href":"https:\/\/www.salve.si\/en\/wp-json\/wp\/v2\/product_tag?post=2703"}],"curies":[{"name":"wp","href":"https:\/\/api.w.org\/{rel}","templated":true}]}}