{"id":2687,"date":"2011-04-19T10:00:46","date_gmt":"2011-04-19T08:00:46","guid":{"rendered":"http:\/\/2018.salve.si\/?post_type=product&#038;p=2687"},"modified":"2018-08-23T13:35:23","modified_gmt":"2018-08-23T11:35:23","slug":"don-boskov-preventivni-sistem","status":"publish","type":"product","link":"https:\/\/www.salve.si\/en\/trgovina\/knjige\/prirocniki\/don-boskov-preventivni-sistem\/","title":{"rendered":"Don Boskov preventivni sistem"},"content":{"rendered":"<p>Carlo Nanni<br \/>\nPreventivni sistem je ustvaril in uresnicil don Bosko, kot odgovor na vzgojne potrebe, vezane na dolocene kulturne kontekste in na potrebe Italije 19. stoletja, ki se je pripravljala, da postane enoten narod. Dana\u0161nja Salezijanska dru\u017eina in vsi tisti, ki delajo kot salezijanci in s\u00a0 salezijanci, menijo, da ima don Boskov preventivni sistem \u0161e kaj povedati fantom in dekletom, ki se vpra\u0161ujejo o svoji formaciji in svoji prihodnosti. Ta knjiga predstavlja nekaj \u00bbposkusov ponovnega branja\u00ab don Boskovega preventivnega sistema v casu dana\u0161nje vzgoje in\u00a0 dru\u017ebenokulturnih razmer, v teh nelahkih zacetkih novega stoletja zgodovinskega, evropskega in svetovnega dogajanja.<br \/>\n\u010ceprav se zavedamo omejenosti te \u00bbnaloge\u00ab, upamo, da bo knjiga lahko pripomogla hkak\u0161ni dodatni ideji o vzgoji, ob poglabljanju in ponovnem vrednotenju don Boskovega preventivnega sistema in najbolj\u0161e salezijanske vzgojne tradicije.<\/p>\n<p>Carlo Nanni, salezijanec, rektor Pape\u0161ke salezijanske univerze v Rimu, predava filozofi jo vzgoje in teorijo \u0161ole na Pedago\u0161ki fakulteti na isti univerzi.<\/p>\n<p>Prevod: Stane Okorn in Kristina \u0160kibin<br \/>\nLektoriranje: Jerneja Kov\u0161ca<br \/>\nUrednik: mag. Andrej Baliga\u010d<span class=\"slv-content-keywords\"> Carlo Nanni Priro\u010dniki <\/span><\/p>","protected":false},"excerpt":{"rendered":"<p>Preventivni sistem je ustvaril in uresnicil don Bosko, kot odgovor na vzgojne potrebe, vezane na dolocene kulturne kontekste in na potrebe Italije 19. stoletja, ki se je pripravljala, da postane enoten narod.<\/p>","protected":false},"featured_media":2688,"template":"","meta":{"_acf_changed":false,"footnotes":""},"product_cat":[316],"product_tag":[],"class_list":{"0":"post-2687","1":"product","2":"type-product","3":"status-publish","4":"has-post-thumbnail","6":"authors-carlo-nanni","7":"publisher-salve-d-o-o-ljubljana","8":"product_cat-prirocniki","10":"first","11":"instock","12":"shipping-taxable","13":"purchasable","14":"product-type-simple"},"acf":[],"yoast_head":"<!-- This site is optimized with the Yoast SEO plugin v23.8 - https:\/\/yoast.com\/wordpress\/plugins\/seo\/ -->\n<title>Don Boskov preventivni sistem - Salve<\/title>\n<meta name=\"robots\" content=\"index, follow, max-snippet:-1, max-image-preview:large, max-video-preview:-1\" \/>\n<link rel=\"canonical\" href=\"https:\/\/www.salve.si\/en\/trgovina\/knjige\/prirocniki\/don-boskov-preventivni-sistem\/\" \/>\n<meta property=\"og:locale\" content=\"en_US\" \/>\n<meta property=\"og:type\" content=\"article\" \/>\n<meta property=\"og:title\" content=\"Don Boskov preventivni sistem - Salve\" \/>\n<meta property=\"og:description\" content=\"Preventivni sistem je ustvaril in uresnicil don Bosko, kot odgovor na vzgojne potrebe, vezane na dolocene kulturne kontekste in na potrebe Italije 19. stoletja, ki se je pripravljala, da postane enoten narod.\" \/>\n<meta property=\"og:url\" content=\"https:\/\/www.salve.si\/en\/trgovina\/knjige\/prirocniki\/don-boskov-preventivni-sistem\/\" \/>\n<meta property=\"og:site_name\" content=\"Salve\" \/>\n<meta property=\"article:publisher\" content=\"https:\/\/www.facebook.com\/salve.si\" \/>\n<meta property=\"article:modified_time\" content=\"2018-08-23T11:35:23+00:00\" \/>\n<meta property=\"og:image\" content=\"https:\/\/www.salve.si\/wp-content\/uploads\/2018\/03\/Don_Boskov_preve_504b376f731a5.jpg\" \/>\n\t<meta property=\"og:image:width\" content=\"300\" \/>\n\t<meta property=\"og:image:height\" content=\"469\" \/>\n\t<meta property=\"og:image:type\" content=\"image\/jpeg\" \/>\n<meta name=\"twitter:card\" content=\"summary_large_image\" \/>\n<meta name=\"twitter:label1\" content=\"Est. reading time\" \/>\n\t<meta name=\"twitter:data1\" content=\"1 minute\" \/>\n<script type=\"application\/ld+json\" class=\"yoast-schema-graph\">{\"@context\":\"https:\/\/schema.org\",\"@graph\":[{\"@type\":\"WebPage\",\"@id\":\"https:\/\/www.salve.si\/trgovina\/knjige\/prirocniki\/don-boskov-preventivni-sistem\/\",\"url\":\"https:\/\/www.salve.si\/trgovina\/knjige\/prirocniki\/don-boskov-preventivni-sistem\/\",\"name\":\"Don Boskov preventivni sistem - Salve\",\"isPartOf\":{\"@id\":\"https:\/\/www.salve.si\/#website\"},\"primaryImageOfPage\":{\"@id\":\"https:\/\/www.salve.si\/trgovina\/knjige\/prirocniki\/don-boskov-preventivni-sistem\/#primaryimage\"},\"image\":{\"@id\":\"https:\/\/www.salve.si\/trgovina\/knjige\/prirocniki\/don-boskov-preventivni-sistem\/#primaryimage\"},\"thumbnailUrl\":\"https:\/\/www.salve.si\/wp-content\/uploads\/2018\/03\/Don_Boskov_preve_504b376f731a5.jpg\",\"datePublished\":\"2011-04-19T08:00:46+00:00\",\"dateModified\":\"2018-08-23T11:35:23+00:00\",\"breadcrumb\":{\"@id\":\"https:\/\/www.salve.si\/trgovina\/knjige\/prirocniki\/don-boskov-preventivni-sistem\/#breadcrumb\"},\"inLanguage\":\"en-US\",\"potentialAction\":[{\"@type\":\"ReadAction\",\"target\":[\"https:\/\/www.salve.si\/trgovina\/knjige\/prirocniki\/don-boskov-preventivni-sistem\/\"]}]},{\"@type\":\"ImageObject\",\"inLanguage\":\"en-US\",\"@id\":\"https:\/\/www.salve.si\/trgovina\/knjige\/prirocniki\/don-boskov-preventivni-sistem\/#primaryimage\",\"url\":\"https:\/\/www.salve.si\/wp-content\/uploads\/2018\/03\/Don_Boskov_preve_504b376f731a5.jpg\",\"contentUrl\":\"https:\/\/www.salve.si\/wp-content\/uploads\/2018\/03\/Don_Boskov_preve_504b376f731a5.jpg\",\"width\":300,\"height\":469},{\"@type\":\"BreadcrumbList\",\"@id\":\"https:\/\/www.salve.si\/trgovina\/knjige\/prirocniki\/don-boskov-preventivni-sistem\/#breadcrumb\",\"itemListElement\":[{\"@type\":\"ListItem\",\"position\":1,\"name\":\"Home\",\"item\":\"https:\/\/www.salve.si\/\"},{\"@type\":\"ListItem\",\"position\":2,\"name\":\"Trgovina\",\"item\":\"https:\/\/www.salve.si\/trgovina\/\"},{\"@type\":\"ListItem\",\"position\":3,\"name\":\"Don Boskov preventivni sistem\"}]},{\"@type\":\"WebSite\",\"@id\":\"https:\/\/www.salve.si\/#website\",\"url\":\"https:\/\/www.salve.si\/\",\"name\":\"Salve\",\"description\":\"Salezijanska zalo\u017eba\",\"publisher\":{\"@id\":\"https:\/\/www.salve.si\/#organization\"},\"potentialAction\":[{\"@type\":\"SearchAction\",\"target\":{\"@type\":\"EntryPoint\",\"urlTemplate\":\"https:\/\/www.salve.si\/?s={search_term_string}\"},\"query-input\":{\"@type\":\"PropertyValueSpecification\",\"valueRequired\":true,\"valueName\":\"search_term_string\"}}],\"inLanguage\":\"en-US\"},{\"@type\":\"Organization\",\"@id\":\"https:\/\/www.salve.si\/#organization\",\"name\":\"Salve d.o.o.\",\"url\":\"https:\/\/www.salve.si\/\",\"logo\":{\"@type\":\"ImageObject\",\"inLanguage\":\"en-US\",\"@id\":\"https:\/\/www.salve.si\/#\/schema\/logo\/image\/\",\"url\":\"https:\/\/www.salve.si\/wp-content\/uploads\/2021\/01\/Salve_logo_modri_nov_web.png\",\"contentUrl\":\"https:\/\/www.salve.si\/wp-content\/uploads\/2021\/01\/Salve_logo_modri_nov_web.png\",\"width\":279,\"height\":90,\"caption\":\"Salve d.o.o.\"},\"image\":{\"@id\":\"https:\/\/www.salve.si\/#\/schema\/logo\/image\/\"},\"sameAs\":[\"https:\/\/www.facebook.com\/salve.si\",\"https:\/\/www.instagram.com\/zalozbasalve\/\",\"https:\/\/www.linkedin.com\/company\/zalozba-salve\/\"]}]}<\/script>\n<!-- \/ Yoast SEO plugin. -->","yoast_head_json":{"title":"Don Boskov preventivni sistem - Salve","robots":{"index":"index","follow":"follow","max-snippet":"max-snippet:-1","max-image-preview":"max-image-preview:large","max-video-preview":"max-video-preview:-1"},"canonical":"https:\/\/www.salve.si\/en\/trgovina\/knjige\/prirocniki\/don-boskov-preventivni-sistem\/","og_locale":"en_US","og_type":"article","og_title":"Don Boskov preventivni sistem - Salve","og_description":"Preventivni sistem je ustvaril in uresnicil don Bosko, kot odgovor na vzgojne potrebe, vezane na dolocene kulturne kontekste in na potrebe Italije 19. stoletja, ki se je pripravljala, da postane enoten narod.","og_url":"https:\/\/www.salve.si\/en\/trgovina\/knjige\/prirocniki\/don-boskov-preventivni-sistem\/","og_site_name":"Salve","article_publisher":"https:\/\/www.facebook.com\/salve.si","article_modified_time":"2018-08-23T11:35:23+00:00","og_image":[{"width":300,"height":469,"url":"https:\/\/www.salve.si\/wp-content\/uploads\/2018\/03\/Don_Boskov_preve_504b376f731a5.jpg","type":"image\/jpeg"}],"twitter_card":"summary_large_image","twitter_misc":{"Est. reading time":"1 minute"},"schema":{"@context":"https:\/\/schema.org","@graph":[{"@type":"WebPage","@id":"https:\/\/www.salve.si\/trgovina\/knjige\/prirocniki\/don-boskov-preventivni-sistem\/","url":"https:\/\/www.salve.si\/trgovina\/knjige\/prirocniki\/don-boskov-preventivni-sistem\/","name":"Don Boskov preventivni sistem - Salve","isPartOf":{"@id":"https:\/\/www.salve.si\/#website"},"primaryImageOfPage":{"@id":"https:\/\/www.salve.si\/trgovina\/knjige\/prirocniki\/don-boskov-preventivni-sistem\/#primaryimage"},"image":{"@id":"https:\/\/www.salve.si\/trgovina\/knjige\/prirocniki\/don-boskov-preventivni-sistem\/#primaryimage"},"thumbnailUrl":"https:\/\/www.salve.si\/wp-content\/uploads\/2018\/03\/Don_Boskov_preve_504b376f731a5.jpg","datePublished":"2011-04-19T08:00:46+00:00","dateModified":"2018-08-23T11:35:23+00:00","breadcrumb":{"@id":"https:\/\/www.salve.si\/trgovina\/knjige\/prirocniki\/don-boskov-preventivni-sistem\/#breadcrumb"},"inLanguage":"en-US","potentialAction":[{"@type":"ReadAction","target":["https:\/\/www.salve.si\/trgovina\/knjige\/prirocniki\/don-boskov-preventivni-sistem\/"]}]},{"@type":"ImageObject","inLanguage":"en-US","@id":"https:\/\/www.salve.si\/trgovina\/knjige\/prirocniki\/don-boskov-preventivni-sistem\/#primaryimage","url":"https:\/\/www.salve.si\/wp-content\/uploads\/2018\/03\/Don_Boskov_preve_504b376f731a5.jpg","contentUrl":"https:\/\/www.salve.si\/wp-content\/uploads\/2018\/03\/Don_Boskov_preve_504b376f731a5.jpg","width":300,"height":469},{"@type":"BreadcrumbList","@id":"https:\/\/www.salve.si\/trgovina\/knjige\/prirocniki\/don-boskov-preventivni-sistem\/#breadcrumb","itemListElement":[{"@type":"ListItem","position":1,"name":"Home","item":"https:\/\/www.salve.si\/"},{"@type":"ListItem","position":2,"name":"Trgovina","item":"https:\/\/www.salve.si\/trgovina\/"},{"@type":"ListItem","position":3,"name":"Don Boskov preventivni sistem"}]},{"@type":"WebSite","@id":"https:\/\/www.salve.si\/#website","url":"https:\/\/www.salve.si\/","name":"Salve","description":"Salezijanska zalo\u017eba","publisher":{"@id":"https:\/\/www.salve.si\/#organization"},"potentialAction":[{"@type":"SearchAction","target":{"@type":"EntryPoint","urlTemplate":"https:\/\/www.salve.si\/?s={search_term_string}"},"query-input":{"@type":"PropertyValueSpecification","valueRequired":true,"valueName":"search_term_string"}}],"inLanguage":"en-US"},{"@type":"Organization","@id":"https:\/\/www.salve.si\/#organization","name":"Salve d.o.o.","url":"https:\/\/www.salve.si\/","logo":{"@type":"ImageObject","inLanguage":"en-US","@id":"https:\/\/www.salve.si\/#\/schema\/logo\/image\/","url":"https:\/\/www.salve.si\/wp-content\/uploads\/2021\/01\/Salve_logo_modri_nov_web.png","contentUrl":"https:\/\/www.salve.si\/wp-content\/uploads\/2021\/01\/Salve_logo_modri_nov_web.png","width":279,"height":90,"caption":"Salve d.o.o."},"image":{"@id":"https:\/\/www.salve.si\/#\/schema\/logo\/image\/"},"sameAs":["https:\/\/www.facebook.com\/salve.si","https:\/\/www.instagram.com\/zalozbasalve\/","https:\/\/www.linkedin.com\/company\/zalozba-salve\/"]}]}},"_links":{"self":[{"href":"https:\/\/www.salve.si\/en\/wp-json\/wp\/v2\/product\/2687","targetHints":{"allow":["GET"]}}],"collection":[{"href":"https:\/\/www.salve.si\/en\/wp-json\/wp\/v2\/product"}],"about":[{"href":"https:\/\/www.salve.si\/en\/wp-json\/wp\/v2\/types\/product"}],"version-history":[{"count":0,"href":"https:\/\/www.salve.si\/en\/wp-json\/wp\/v2\/product\/2687\/revisions"}],"wp:featuredmedia":[{"embeddable":true,"href":"https:\/\/www.salve.si\/en\/wp-json\/wp\/v2\/media\/2688"}],"wp:attachment":[{"href":"https:\/\/www.salve.si\/en\/wp-json\/wp\/v2\/media?parent=2687"}],"wp:term":[{"taxonomy":"product_cat","embeddable":true,"href":"https:\/\/www.salve.si\/en\/wp-json\/wp\/v2\/product_cat?post=2687"},{"taxonomy":"product_tag","embeddable":true,"href":"https:\/\/www.salve.si\/en\/wp-json\/wp\/v2\/product_tag?post=2687"}],"curies":[{"name":"wp","href":"https:\/\/api.w.org\/{rel}","templated":true}]}}