{"id":2674,"date":"2010-06-14T10:00:58","date_gmt":"2010-06-14T08:00:58","guid":{"rendered":"http:\/\/2018.salve.si\/?post_type=product&#038;p=2674"},"modified":"2018-03-14T21:59:38","modified_gmt":"2018-03-14T20:59:38","slug":"miha-magone-in-resnicen-pogum","status":"publish","type":"product","link":"https:\/\/www.salve.si\/en\/trgovina\/knjige\/mladinske\/miha-magone-in-resnicen-pogum\/","title":{"rendered":"Miha Magone in resni\u010den pogum"},"content":{"rendered":"<p>Enkrat tat, zmeraj tat! je razlo\u017eila vdova. &#8220;Zlo se nahaja v teh otrocih in samo s palico se ga da izbiti iz njih.&#8221; Pritrdilno se je Peporelli zahihital in ob tem prebudil se dug glas. Ta ga ni svaril, temve\u010d ga je pod\u017eigal. Jeza do Peporellija in govori\u010denje vodve je dalo Mihi novih mo\u010di. Nikoli se ne bo vrnil v dom. Nikoli! Tudi nobenega njegovih pripadnikov ne bo doletela ta usoda.<br \/>\nThomas Brezina pripoveduje napeto zgodbo o Mihi Magonenu. Ta \u017eivi na cesti in se s svojo tolpo le za silo pre\u017eivlja. Po usodnem sre\u010danju z don Boskom zasluti, kako lahko spremeni svoj breizhoden polo\u017eaj.<span class=\"slv-content-keywords\"> Thomas Brezina Mladinska zbirka Mladinske Petra Lefin <\/span><\/p>","protected":false},"excerpt":{"rendered":"<p>Thomas Brezina pripoveduje napeto zgodbo o Mihi Magonenu. Ta \u017eivi na cesti in se s svojo tolpo le za silo pre\u017eivlja. Po usodnem sre\u010danju z don Boskom zasluti, kako lahko spremeni svoj breizhoden polo\u017eaj.<\/p>","protected":false},"featured_media":2675,"template":"","meta":{"_acf_changed":false,"footnotes":""},"product_cat":[266],"product_tag":[],"class_list":{"0":"post-2674","1":"product","2":"type-product","3":"status-publish","4":"has-post-thumbnail","6":"zbirke-mladinska-zbirka","7":"authors-thomas-brezina","8":"publisher-salve-d-o-o-ljubljana","9":"product_cat-mladinske","11":"first","12":"instock","13":"shipping-taxable","14":"purchasable","15":"product-type-simple"},"acf":[],"yoast_head":"<!-- This site is optimized with the Yoast SEO plugin v23.8 - https:\/\/yoast.com\/wordpress\/plugins\/seo\/ -->\n<title>Miha Magone in resni\u010den pogum - Salve<\/title>\n<meta name=\"robots\" content=\"index, follow, max-snippet:-1, max-image-preview:large, max-video-preview:-1\" \/>\n<link rel=\"canonical\" href=\"https:\/\/www.salve.si\/en\/trgovina\/knjige\/mladinske\/miha-magone-in-resnicen-pogum\/\" \/>\n<meta property=\"og:locale\" content=\"en_US\" \/>\n<meta property=\"og:type\" content=\"article\" \/>\n<meta property=\"og:title\" content=\"Miha Magone in resni\u010den pogum - Salve\" \/>\n<meta property=\"og:description\" content=\"Thomas Brezina pripoveduje napeto zgodbo o Mihi Magonenu. Ta \u017eivi na cesti in se s svojo tolpo le za silo pre\u017eivlja. Po usodnem sre\u010danju z don Boskom zasluti, kako lahko spremeni svoj breizhoden polo\u017eaj.\" \/>\n<meta property=\"og:url\" content=\"https:\/\/www.salve.si\/en\/trgovina\/knjige\/mladinske\/miha-magone-in-resnicen-pogum\/\" \/>\n<meta property=\"og:site_name\" content=\"Salve\" \/>\n<meta property=\"article:publisher\" content=\"https:\/\/www.facebook.com\/salve.si\" \/>\n<meta property=\"article:modified_time\" content=\"2018-03-14T20:59:38+00:00\" \/>\n<meta property=\"og:image\" content=\"https:\/\/www.salve.si\/wp-content\/uploads\/2018\/03\/miha-magone.jpg\" \/>\n\t<meta property=\"og:image:width\" content=\"600\" \/>\n\t<meta property=\"og:image:height\" content=\"556\" \/>\n\t<meta property=\"og:image:type\" content=\"image\/jpeg\" \/>\n<meta name=\"twitter:card\" content=\"summary_large_image\" \/>\n<meta name=\"twitter:label1\" content=\"Est. reading time\" \/>\n\t<meta name=\"twitter:data1\" content=\"1 minute\" \/>\n<script type=\"application\/ld+json\" class=\"yoast-schema-graph\">{\"@context\":\"https:\/\/schema.org\",\"@graph\":[{\"@type\":\"WebPage\",\"@id\":\"https:\/\/www.salve.si\/trgovina\/knjige\/mladinske\/miha-magone-in-resnicen-pogum\/\",\"url\":\"https:\/\/www.salve.si\/trgovina\/knjige\/mladinske\/miha-magone-in-resnicen-pogum\/\",\"name\":\"Miha Magone in resni\u010den pogum - Salve\",\"isPartOf\":{\"@id\":\"https:\/\/www.salve.si\/#website\"},\"primaryImageOfPage\":{\"@id\":\"https:\/\/www.salve.si\/trgovina\/knjige\/mladinske\/miha-magone-in-resnicen-pogum\/#primaryimage\"},\"image\":{\"@id\":\"https:\/\/www.salve.si\/trgovina\/knjige\/mladinske\/miha-magone-in-resnicen-pogum\/#primaryimage\"},\"thumbnailUrl\":\"https:\/\/www.salve.si\/wp-content\/uploads\/2018\/03\/miha-magone.jpg\",\"datePublished\":\"2010-06-14T08:00:58+00:00\",\"dateModified\":\"2018-03-14T20:59:38+00:00\",\"breadcrumb\":{\"@id\":\"https:\/\/www.salve.si\/trgovina\/knjige\/mladinske\/miha-magone-in-resnicen-pogum\/#breadcrumb\"},\"inLanguage\":\"en-US\",\"potentialAction\":[{\"@type\":\"ReadAction\",\"target\":[\"https:\/\/www.salve.si\/trgovina\/knjige\/mladinske\/miha-magone-in-resnicen-pogum\/\"]}]},{\"@type\":\"ImageObject\",\"inLanguage\":\"en-US\",\"@id\":\"https:\/\/www.salve.si\/trgovina\/knjige\/mladinske\/miha-magone-in-resnicen-pogum\/#primaryimage\",\"url\":\"https:\/\/www.salve.si\/wp-content\/uploads\/2018\/03\/miha-magone.jpg\",\"contentUrl\":\"https:\/\/www.salve.si\/wp-content\/uploads\/2018\/03\/miha-magone.jpg\",\"width\":600,\"height\":556},{\"@type\":\"BreadcrumbList\",\"@id\":\"https:\/\/www.salve.si\/trgovina\/knjige\/mladinske\/miha-magone-in-resnicen-pogum\/#breadcrumb\",\"itemListElement\":[{\"@type\":\"ListItem\",\"position\":1,\"name\":\"Home\",\"item\":\"https:\/\/www.salve.si\/\"},{\"@type\":\"ListItem\",\"position\":2,\"name\":\"Trgovina\",\"item\":\"https:\/\/www.salve.si\/trgovina\/\"},{\"@type\":\"ListItem\",\"position\":3,\"name\":\"Miha Magone in resni\u010den pogum\"}]},{\"@type\":\"WebSite\",\"@id\":\"https:\/\/www.salve.si\/#website\",\"url\":\"https:\/\/www.salve.si\/\",\"name\":\"Salve\",\"description\":\"Salezijanska zalo\u017eba\",\"publisher\":{\"@id\":\"https:\/\/www.salve.si\/#organization\"},\"potentialAction\":[{\"@type\":\"SearchAction\",\"target\":{\"@type\":\"EntryPoint\",\"urlTemplate\":\"https:\/\/www.salve.si\/?s={search_term_string}\"},\"query-input\":{\"@type\":\"PropertyValueSpecification\",\"valueRequired\":true,\"valueName\":\"search_term_string\"}}],\"inLanguage\":\"en-US\"},{\"@type\":\"Organization\",\"@id\":\"https:\/\/www.salve.si\/#organization\",\"name\":\"Salve d.o.o.\",\"url\":\"https:\/\/www.salve.si\/\",\"logo\":{\"@type\":\"ImageObject\",\"inLanguage\":\"en-US\",\"@id\":\"https:\/\/www.salve.si\/#\/schema\/logo\/image\/\",\"url\":\"https:\/\/www.salve.si\/wp-content\/uploads\/2021\/01\/Salve_logo_modri_nov_web.png\",\"contentUrl\":\"https:\/\/www.salve.si\/wp-content\/uploads\/2021\/01\/Salve_logo_modri_nov_web.png\",\"width\":279,\"height\":90,\"caption\":\"Salve d.o.o.\"},\"image\":{\"@id\":\"https:\/\/www.salve.si\/#\/schema\/logo\/image\/\"},\"sameAs\":[\"https:\/\/www.facebook.com\/salve.si\",\"https:\/\/www.instagram.com\/zalozbasalve\/\",\"https:\/\/www.linkedin.com\/company\/zalozba-salve\/\"]}]}<\/script>\n<!-- \/ Yoast SEO plugin. -->","yoast_head_json":{"title":"Miha Magone in resni\u010den pogum - Salve","robots":{"index":"index","follow":"follow","max-snippet":"max-snippet:-1","max-image-preview":"max-image-preview:large","max-video-preview":"max-video-preview:-1"},"canonical":"https:\/\/www.salve.si\/en\/trgovina\/knjige\/mladinske\/miha-magone-in-resnicen-pogum\/","og_locale":"en_US","og_type":"article","og_title":"Miha Magone in resni\u010den pogum - Salve","og_description":"Thomas Brezina pripoveduje napeto zgodbo o Mihi Magonenu. Ta \u017eivi na cesti in se s svojo tolpo le za silo pre\u017eivlja. Po usodnem sre\u010danju z don Boskom zasluti, kako lahko spremeni svoj breizhoden polo\u017eaj.","og_url":"https:\/\/www.salve.si\/en\/trgovina\/knjige\/mladinske\/miha-magone-in-resnicen-pogum\/","og_site_name":"Salve","article_publisher":"https:\/\/www.facebook.com\/salve.si","article_modified_time":"2018-03-14T20:59:38+00:00","og_image":[{"width":600,"height":556,"url":"https:\/\/www.salve.si\/wp-content\/uploads\/2018\/03\/miha-magone.jpg","type":"image\/jpeg"}],"twitter_card":"summary_large_image","twitter_misc":{"Est. reading time":"1 minute"},"schema":{"@context":"https:\/\/schema.org","@graph":[{"@type":"WebPage","@id":"https:\/\/www.salve.si\/trgovina\/knjige\/mladinske\/miha-magone-in-resnicen-pogum\/","url":"https:\/\/www.salve.si\/trgovina\/knjige\/mladinske\/miha-magone-in-resnicen-pogum\/","name":"Miha Magone in resni\u010den pogum - Salve","isPartOf":{"@id":"https:\/\/www.salve.si\/#website"},"primaryImageOfPage":{"@id":"https:\/\/www.salve.si\/trgovina\/knjige\/mladinske\/miha-magone-in-resnicen-pogum\/#primaryimage"},"image":{"@id":"https:\/\/www.salve.si\/trgovina\/knjige\/mladinske\/miha-magone-in-resnicen-pogum\/#primaryimage"},"thumbnailUrl":"https:\/\/www.salve.si\/wp-content\/uploads\/2018\/03\/miha-magone.jpg","datePublished":"2010-06-14T08:00:58+00:00","dateModified":"2018-03-14T20:59:38+00:00","breadcrumb":{"@id":"https:\/\/www.salve.si\/trgovina\/knjige\/mladinske\/miha-magone-in-resnicen-pogum\/#breadcrumb"},"inLanguage":"en-US","potentialAction":[{"@type":"ReadAction","target":["https:\/\/www.salve.si\/trgovina\/knjige\/mladinske\/miha-magone-in-resnicen-pogum\/"]}]},{"@type":"ImageObject","inLanguage":"en-US","@id":"https:\/\/www.salve.si\/trgovina\/knjige\/mladinske\/miha-magone-in-resnicen-pogum\/#primaryimage","url":"https:\/\/www.salve.si\/wp-content\/uploads\/2018\/03\/miha-magone.jpg","contentUrl":"https:\/\/www.salve.si\/wp-content\/uploads\/2018\/03\/miha-magone.jpg","width":600,"height":556},{"@type":"BreadcrumbList","@id":"https:\/\/www.salve.si\/trgovina\/knjige\/mladinske\/miha-magone-in-resnicen-pogum\/#breadcrumb","itemListElement":[{"@type":"ListItem","position":1,"name":"Home","item":"https:\/\/www.salve.si\/"},{"@type":"ListItem","position":2,"name":"Trgovina","item":"https:\/\/www.salve.si\/trgovina\/"},{"@type":"ListItem","position":3,"name":"Miha Magone in resni\u010den pogum"}]},{"@type":"WebSite","@id":"https:\/\/www.salve.si\/#website","url":"https:\/\/www.salve.si\/","name":"Salve","description":"Salezijanska zalo\u017eba","publisher":{"@id":"https:\/\/www.salve.si\/#organization"},"potentialAction":[{"@type":"SearchAction","target":{"@type":"EntryPoint","urlTemplate":"https:\/\/www.salve.si\/?s={search_term_string}"},"query-input":{"@type":"PropertyValueSpecification","valueRequired":true,"valueName":"search_term_string"}}],"inLanguage":"en-US"},{"@type":"Organization","@id":"https:\/\/www.salve.si\/#organization","name":"Salve d.o.o.","url":"https:\/\/www.salve.si\/","logo":{"@type":"ImageObject","inLanguage":"en-US","@id":"https:\/\/www.salve.si\/#\/schema\/logo\/image\/","url":"https:\/\/www.salve.si\/wp-content\/uploads\/2021\/01\/Salve_logo_modri_nov_web.png","contentUrl":"https:\/\/www.salve.si\/wp-content\/uploads\/2021\/01\/Salve_logo_modri_nov_web.png","width":279,"height":90,"caption":"Salve d.o.o."},"image":{"@id":"https:\/\/www.salve.si\/#\/schema\/logo\/image\/"},"sameAs":["https:\/\/www.facebook.com\/salve.si","https:\/\/www.instagram.com\/zalozbasalve\/","https:\/\/www.linkedin.com\/company\/zalozba-salve\/"]}]}},"_links":{"self":[{"href":"https:\/\/www.salve.si\/en\/wp-json\/wp\/v2\/product\/2674","targetHints":{"allow":["GET"]}}],"collection":[{"href":"https:\/\/www.salve.si\/en\/wp-json\/wp\/v2\/product"}],"about":[{"href":"https:\/\/www.salve.si\/en\/wp-json\/wp\/v2\/types\/product"}],"version-history":[{"count":0,"href":"https:\/\/www.salve.si\/en\/wp-json\/wp\/v2\/product\/2674\/revisions"}],"wp:featuredmedia":[{"embeddable":true,"href":"https:\/\/www.salve.si\/en\/wp-json\/wp\/v2\/media\/2675"}],"wp:attachment":[{"href":"https:\/\/www.salve.si\/en\/wp-json\/wp\/v2\/media?parent=2674"}],"wp:term":[{"taxonomy":"product_cat","embeddable":true,"href":"https:\/\/www.salve.si\/en\/wp-json\/wp\/v2\/product_cat?post=2674"},{"taxonomy":"product_tag","embeddable":true,"href":"https:\/\/www.salve.si\/en\/wp-json\/wp\/v2\/product_tag?post=2674"}],"curies":[{"name":"wp","href":"https:\/\/api.w.org\/{rel}","templated":true}]}}