{"id":2671,"date":"2010-06-08T10:00:21","date_gmt":"2010-06-08T08:00:21","guid":{"rendered":"http:\/\/2018.salve.si\/?post_type=product&#038;p=2671"},"modified":"2024-01-01T23:00:39","modified_gmt":"2024-01-01T22:00:39","slug":"zmigajmo-ministrante-1","status":"publish","type":"product","link":"https:\/\/www.salve.si\/en\/trgovina\/knjige\/ministranti\/zmigajmo-ministrante-1\/","title":{"rendered":"Zmigajmo ministrante! 1"},"content":{"rendered":"<p>V prvi knjigi je zbranih trinajst poglavij. Skupaj sestavljajo vsebino, ki naj bi jo ministrant poznal v za\u010detku njegove ministrantske poti.<\/p>\n<p>Sre\u010danja trajajo pribli\u017eno eno uro. Na za\u010detku je kratek opis vsebine in potek sre\u010danja. Zraven so tudi opozorila, na kaj morate pri tej vsebini biti pozorni.<br \/>\nZa vsebino sledi seznam potreb\u0161\u010din in preglednica. Na njej je lepo razviden potek sre\u010danja in izto\u010dnice, kak\u0161en material in kje ga potrebujemo, ter \u010dasovni trak. Nato sledi \u0161e opis priprave na sre\u010danje in podroben opis samega ministrantskega sre\u010danja. Na koncu vsakega poglavja je za zaklju\u010dek pripravljena skupna molitev.<span class=\"slv-content-keywords\"> Posebna ponudba Ministranti Priro\u010dniki Andreas Sch\u00f6llmann Patrik C. H\u00f6rnig Thomas Arzner Mladinska zbirka ministrant Gradivo za pripravo ministrantskih sre\u010danj <\/span><\/p>","protected":false},"excerpt":{"rendered":"<p>Knjiga z naslovom Zmigajmo ministrante! je nov priro\u010dnik za voditelje ministrantskih skupin, da priprava rednega tedenskega sre\u010danja z ministranti ne bo neobvladljiva naloga.<\/p>","protected":false},"featured_media":12716,"template":"","meta":{"_acf_changed":false,"footnotes":""},"product_cat":[709,142,316],"product_tag":[1027],"class_list":{"0":"post-2671","1":"product","2":"type-product","3":"status-publish","4":"has-post-thumbnail","6":"zbirke-mladinska-zbirka","7":"authors-andreas-schollmann","8":"authors-patrik-c-hornig","9":"authors-thomas-arzner","10":"publisher-salve-d-o-o-ljubljana","11":"product_cat-posebna-ponudba","12":"product_cat-ministranti","13":"product_cat-prirocniki","14":"product_tag-ministrant","16":"first","17":"instock","18":"shipping-taxable","19":"purchasable","20":"product-type-simple"},"acf":[],"yoast_head":"<!-- This site is optimized with the Yoast SEO plugin v23.8 - https:\/\/yoast.com\/wordpress\/plugins\/seo\/ -->\n<title>Zmigajmo ministrante! 1 - Salve<\/title>\n<meta name=\"robots\" content=\"index, follow, max-snippet:-1, max-image-preview:large, max-video-preview:-1\" \/>\n<link rel=\"canonical\" href=\"https:\/\/www.salve.si\/en\/trgovina\/knjige\/ministranti\/zmigajmo-ministrante-1\/\" \/>\n<meta property=\"og:locale\" content=\"en_US\" \/>\n<meta property=\"og:type\" content=\"article\" \/>\n<meta property=\"og:title\" content=\"Zmigajmo ministrante! 1 - Salve\" \/>\n<meta property=\"og:description\" content=\"Knjiga z naslovom Zmigajmo ministrante! je nov priro\u010dnik za voditelje ministrantskih skupin, da priprava rednega tedenskega sre\u010danja z ministranti ne bo neobvladljiva naloga.\" \/>\n<meta property=\"og:url\" content=\"https:\/\/www.salve.si\/en\/trgovina\/knjige\/ministranti\/zmigajmo-ministrante-1\/\" \/>\n<meta property=\"og:site_name\" content=\"Salve\" \/>\n<meta property=\"article:publisher\" content=\"https:\/\/www.facebook.com\/salve.si\" \/>\n<meta property=\"article:modified_time\" content=\"2024-01-01T22:00:39+00:00\" \/>\n<meta property=\"og:image\" content=\"https:\/\/www.salve.si\/wp-content\/uploads\/2010\/06\/Zmigajmo-ministrante-1.jpg\" \/>\n\t<meta property=\"og:image:width\" content=\"474\" \/>\n\t<meta property=\"og:image:height\" content=\"668\" \/>\n\t<meta property=\"og:image:type\" content=\"image\/jpeg\" \/>\n<meta name=\"twitter:card\" content=\"summary_large_image\" \/>\n<meta name=\"twitter:label1\" content=\"Est. reading time\" \/>\n\t<meta name=\"twitter:data1\" content=\"1 minute\" \/>\n<script type=\"application\/ld+json\" class=\"yoast-schema-graph\">{\"@context\":\"https:\/\/schema.org\",\"@graph\":[{\"@type\":\"WebPage\",\"@id\":\"https:\/\/www.salve.si\/trgovina\/knjige\/ministranti\/zmigajmo-ministrante-1\/\",\"url\":\"https:\/\/www.salve.si\/trgovina\/knjige\/ministranti\/zmigajmo-ministrante-1\/\",\"name\":\"Zmigajmo ministrante! 1 - Salve\",\"isPartOf\":{\"@id\":\"https:\/\/www.salve.si\/#website\"},\"primaryImageOfPage\":{\"@id\":\"https:\/\/www.salve.si\/trgovina\/knjige\/ministranti\/zmigajmo-ministrante-1\/#primaryimage\"},\"image\":{\"@id\":\"https:\/\/www.salve.si\/trgovina\/knjige\/ministranti\/zmigajmo-ministrante-1\/#primaryimage\"},\"thumbnailUrl\":\"https:\/\/www.salve.si\/wp-content\/uploads\/2010\/06\/Zmigajmo-ministrante-1.jpg\",\"datePublished\":\"2010-06-08T08:00:21+00:00\",\"dateModified\":\"2024-01-01T22:00:39+00:00\",\"breadcrumb\":{\"@id\":\"https:\/\/www.salve.si\/trgovina\/knjige\/ministranti\/zmigajmo-ministrante-1\/#breadcrumb\"},\"inLanguage\":\"en-US\",\"potentialAction\":[{\"@type\":\"ReadAction\",\"target\":[\"https:\/\/www.salve.si\/trgovina\/knjige\/ministranti\/zmigajmo-ministrante-1\/\"]}]},{\"@type\":\"ImageObject\",\"inLanguage\":\"en-US\",\"@id\":\"https:\/\/www.salve.si\/trgovina\/knjige\/ministranti\/zmigajmo-ministrante-1\/#primaryimage\",\"url\":\"https:\/\/www.salve.si\/wp-content\/uploads\/2010\/06\/Zmigajmo-ministrante-1.jpg\",\"contentUrl\":\"https:\/\/www.salve.si\/wp-content\/uploads\/2010\/06\/Zmigajmo-ministrante-1.jpg\",\"width\":474,\"height\":668},{\"@type\":\"BreadcrumbList\",\"@id\":\"https:\/\/www.salve.si\/trgovina\/knjige\/ministranti\/zmigajmo-ministrante-1\/#breadcrumb\",\"itemListElement\":[{\"@type\":\"ListItem\",\"position\":1,\"name\":\"Home\",\"item\":\"https:\/\/www.salve.si\/\"},{\"@type\":\"ListItem\",\"position\":2,\"name\":\"Trgovina\",\"item\":\"https:\/\/www.salve.si\/trgovina\/\"},{\"@type\":\"ListItem\",\"position\":3,\"name\":\"Zmigajmo ministrante! 1\"}]},{\"@type\":\"WebSite\",\"@id\":\"https:\/\/www.salve.si\/#website\",\"url\":\"https:\/\/www.salve.si\/\",\"name\":\"Salve\",\"description\":\"Salezijanska zalo\u017eba\",\"publisher\":{\"@id\":\"https:\/\/www.salve.si\/#organization\"},\"potentialAction\":[{\"@type\":\"SearchAction\",\"target\":{\"@type\":\"EntryPoint\",\"urlTemplate\":\"https:\/\/www.salve.si\/?s={search_term_string}\"},\"query-input\":{\"@type\":\"PropertyValueSpecification\",\"valueRequired\":true,\"valueName\":\"search_term_string\"}}],\"inLanguage\":\"en-US\"},{\"@type\":\"Organization\",\"@id\":\"https:\/\/www.salve.si\/#organization\",\"name\":\"Salve d.o.o.\",\"url\":\"https:\/\/www.salve.si\/\",\"logo\":{\"@type\":\"ImageObject\",\"inLanguage\":\"en-US\",\"@id\":\"https:\/\/www.salve.si\/#\/schema\/logo\/image\/\",\"url\":\"https:\/\/www.salve.si\/wp-content\/uploads\/2021\/01\/Salve_logo_modri_nov_web.png\",\"contentUrl\":\"https:\/\/www.salve.si\/wp-content\/uploads\/2021\/01\/Salve_logo_modri_nov_web.png\",\"width\":279,\"height\":90,\"caption\":\"Salve d.o.o.\"},\"image\":{\"@id\":\"https:\/\/www.salve.si\/#\/schema\/logo\/image\/\"},\"sameAs\":[\"https:\/\/www.facebook.com\/salve.si\",\"https:\/\/www.instagram.com\/zalozbasalve\/\",\"https:\/\/www.linkedin.com\/company\/zalozba-salve\/\"]}]}<\/script>\n<!-- \/ Yoast SEO plugin. -->","yoast_head_json":{"title":"Zmigajmo ministrante! 1 - Salve","robots":{"index":"index","follow":"follow","max-snippet":"max-snippet:-1","max-image-preview":"max-image-preview:large","max-video-preview":"max-video-preview:-1"},"canonical":"https:\/\/www.salve.si\/en\/trgovina\/knjige\/ministranti\/zmigajmo-ministrante-1\/","og_locale":"en_US","og_type":"article","og_title":"Zmigajmo ministrante! 1 - Salve","og_description":"Knjiga z naslovom Zmigajmo ministrante! je nov priro\u010dnik za voditelje ministrantskih skupin, da priprava rednega tedenskega sre\u010danja z ministranti ne bo neobvladljiva naloga.","og_url":"https:\/\/www.salve.si\/en\/trgovina\/knjige\/ministranti\/zmigajmo-ministrante-1\/","og_site_name":"Salve","article_publisher":"https:\/\/www.facebook.com\/salve.si","article_modified_time":"2024-01-01T22:00:39+00:00","og_image":[{"width":474,"height":668,"url":"https:\/\/www.salve.si\/wp-content\/uploads\/2010\/06\/Zmigajmo-ministrante-1.jpg","type":"image\/jpeg"}],"twitter_card":"summary_large_image","twitter_misc":{"Est. reading time":"1 minute"},"schema":{"@context":"https:\/\/schema.org","@graph":[{"@type":"WebPage","@id":"https:\/\/www.salve.si\/trgovina\/knjige\/ministranti\/zmigajmo-ministrante-1\/","url":"https:\/\/www.salve.si\/trgovina\/knjige\/ministranti\/zmigajmo-ministrante-1\/","name":"Zmigajmo ministrante! 1 - Salve","isPartOf":{"@id":"https:\/\/www.salve.si\/#website"},"primaryImageOfPage":{"@id":"https:\/\/www.salve.si\/trgovina\/knjige\/ministranti\/zmigajmo-ministrante-1\/#primaryimage"},"image":{"@id":"https:\/\/www.salve.si\/trgovina\/knjige\/ministranti\/zmigajmo-ministrante-1\/#primaryimage"},"thumbnailUrl":"https:\/\/www.salve.si\/wp-content\/uploads\/2010\/06\/Zmigajmo-ministrante-1.jpg","datePublished":"2010-06-08T08:00:21+00:00","dateModified":"2024-01-01T22:00:39+00:00","breadcrumb":{"@id":"https:\/\/www.salve.si\/trgovina\/knjige\/ministranti\/zmigajmo-ministrante-1\/#breadcrumb"},"inLanguage":"en-US","potentialAction":[{"@type":"ReadAction","target":["https:\/\/www.salve.si\/trgovina\/knjige\/ministranti\/zmigajmo-ministrante-1\/"]}]},{"@type":"ImageObject","inLanguage":"en-US","@id":"https:\/\/www.salve.si\/trgovina\/knjige\/ministranti\/zmigajmo-ministrante-1\/#primaryimage","url":"https:\/\/www.salve.si\/wp-content\/uploads\/2010\/06\/Zmigajmo-ministrante-1.jpg","contentUrl":"https:\/\/www.salve.si\/wp-content\/uploads\/2010\/06\/Zmigajmo-ministrante-1.jpg","width":474,"height":668},{"@type":"BreadcrumbList","@id":"https:\/\/www.salve.si\/trgovina\/knjige\/ministranti\/zmigajmo-ministrante-1\/#breadcrumb","itemListElement":[{"@type":"ListItem","position":1,"name":"Home","item":"https:\/\/www.salve.si\/"},{"@type":"ListItem","position":2,"name":"Trgovina","item":"https:\/\/www.salve.si\/trgovina\/"},{"@type":"ListItem","position":3,"name":"Zmigajmo ministrante! 1"}]},{"@type":"WebSite","@id":"https:\/\/www.salve.si\/#website","url":"https:\/\/www.salve.si\/","name":"Salve","description":"Salezijanska zalo\u017eba","publisher":{"@id":"https:\/\/www.salve.si\/#organization"},"potentialAction":[{"@type":"SearchAction","target":{"@type":"EntryPoint","urlTemplate":"https:\/\/www.salve.si\/?s={search_term_string}"},"query-input":{"@type":"PropertyValueSpecification","valueRequired":true,"valueName":"search_term_string"}}],"inLanguage":"en-US"},{"@type":"Organization","@id":"https:\/\/www.salve.si\/#organization","name":"Salve d.o.o.","url":"https:\/\/www.salve.si\/","logo":{"@type":"ImageObject","inLanguage":"en-US","@id":"https:\/\/www.salve.si\/#\/schema\/logo\/image\/","url":"https:\/\/www.salve.si\/wp-content\/uploads\/2021\/01\/Salve_logo_modri_nov_web.png","contentUrl":"https:\/\/www.salve.si\/wp-content\/uploads\/2021\/01\/Salve_logo_modri_nov_web.png","width":279,"height":90,"caption":"Salve d.o.o."},"image":{"@id":"https:\/\/www.salve.si\/#\/schema\/logo\/image\/"},"sameAs":["https:\/\/www.facebook.com\/salve.si","https:\/\/www.instagram.com\/zalozbasalve\/","https:\/\/www.linkedin.com\/company\/zalozba-salve\/"]}]}},"_links":{"self":[{"href":"https:\/\/www.salve.si\/en\/wp-json\/wp\/v2\/product\/2671","targetHints":{"allow":["GET"]}}],"collection":[{"href":"https:\/\/www.salve.si\/en\/wp-json\/wp\/v2\/product"}],"about":[{"href":"https:\/\/www.salve.si\/en\/wp-json\/wp\/v2\/types\/product"}],"version-history":[{"count":2,"href":"https:\/\/www.salve.si\/en\/wp-json\/wp\/v2\/product\/2671\/revisions"}],"predecessor-version":[{"id":12925,"href":"https:\/\/www.salve.si\/en\/wp-json\/wp\/v2\/product\/2671\/revisions\/12925"}],"wp:featuredmedia":[{"embeddable":true,"href":"https:\/\/www.salve.si\/en\/wp-json\/wp\/v2\/media\/12716"}],"wp:attachment":[{"href":"https:\/\/www.salve.si\/en\/wp-json\/wp\/v2\/media?parent=2671"}],"wp:term":[{"taxonomy":"product_cat","embeddable":true,"href":"https:\/\/www.salve.si\/en\/wp-json\/wp\/v2\/product_cat?post=2671"},{"taxonomy":"product_tag","embeddable":true,"href":"https:\/\/www.salve.si\/en\/wp-json\/wp\/v2\/product_tag?post=2671"}],"curies":[{"name":"wp","href":"https:\/\/api.w.org\/{rel}","templated":true}]}}